{"id":17775,"date":"2022-03-21T22:00:35","date_gmt":"2022-03-21T21:00:35","guid":{"rendered":"http:\/\/blog.lesgrossesorchadeslesamplesthalameges.fr\/?page_id=17775"},"modified":"2022-03-21T22:07:17","modified_gmt":"2022-03-21T21:07:17","slug":"plus-dhabits-russes-pour-vous","status":"publish","type":"page","link":"https:\/\/blog.lesgrossesorchadeslesamplesthalameges.fr\/index.php\/plus-dhabits-russes-pour-vous\/","title":{"rendered":"Plus d&rsquo;habits russes pour vous."},"content":{"rendered":"<p>&nbsp;<\/p>\n<p>&nbsp;<\/p>\n<p>&nbsp;<\/p>\n<p>&nbsp;<\/p>\n<p>&nbsp;<\/p>\n<p>&nbsp;<\/p>\n<p>&nbsp;<\/p>\n<p>&nbsp;<\/p>\n<p style=\"text-align: center;\"><span style=\"font-family: times new roman, times, serif; font-size: 36pt;\"><strong>Plus d\u2019habits russes pour vous !<\/strong><\/span><\/p>\n<p>&nbsp;<\/p>\n<p>&nbsp;<\/p>\n<p style=\"text-align: center;\"><span style=\"font-family: times new roman, times, serif; font-size: 18pt;\"><strong>James Howard Kunstler \u2013\u00a0<\/strong><a href=\"https:\/\/kunstler.com\/clusterfuck-nation\/no-more-russian-dressing-for-you\/\"><strong><em>kunstler.com<\/em><\/strong><\/a><strong> \u2013 4.3.2022<\/strong><\/span><\/p>\n<p>&nbsp;<\/p>\n<p style=\"text-align: center;\"><span style=\"font-family: times new roman, times, serif; font-size: 18pt;\">Publi\u00e9 par <strong>hervek \u2013 <em>Le Saker francophone<\/em> \u2013 19.3.2022<\/strong><\/span><\/p>\n<p style=\"text-align: justify;\"><span style=\"font-family: times new roman, times, serif; font-size: 14pt;\"><strong>\u00a0<\/strong><\/span><\/p>\n<p style=\"text-align: justify;\"><span style=\"font-family: times new roman, times, serif; font-size: 14pt;\"><strong>\u00a0<\/strong><\/span><\/p>\n<p>&nbsp;<\/p>\n<p style=\"text-align: center;\"><span style=\"font-family: verdana, geneva, sans-serif;\"><a href=\"http:\/\/blog.lesgrossesorchadeslesamplesthalameges.fr\/index.php\/2022\/03\/21\/en-suivant-la-feuille-de-route-6\/3-habits-russes\/\" rel=\"attachment wp-att-17759\"><img loading=\"lazy\" class=\"alignnone wp-image-17759 size-full\" src=\"http:\/\/blog.lesgrossesorchadeslesamplesthalameges.fr\/wp-content\/uploads\/2022\/03\/3.-Habits-russes.jpg\" alt=\"\" width=\"600\" height=\"900\" srcset=\"https:\/\/blog.lesgrossesorchadeslesamplesthalameges.fr\/wp-content\/uploads\/2022\/03\/3.-Habits-russes.jpg 600w, https:\/\/blog.lesgrossesorchadeslesamplesthalameges.fr\/wp-content\/uploads\/2022\/03\/3.-Habits-russes-200x300.jpg 200w\" sizes=\"(max-width: 600px) 100vw, 600px\" \/><\/a><\/span><\/p>\n<p>&nbsp;<\/p>\n<p>&nbsp;<\/p>\n<p>&nbsp;<\/p>\n<p style=\"text-align: justify;\"><span style=\"font-family: verdana, geneva, sans-serif; font-size: 14pt;\"><strong>Ceux qui se cachent derri\u00e8re <em>\u00ab\u00a0Joe Biden\u00a0\u00bb<\/em> ont fait tout ce qu\u2019ils ont pu pour faire d\u00e9railler la vie am\u00e9ricaine, et les dirigeants irresponsables de l\u2019Euroland ont \u00e9galement sembl\u00e9 d\u00e9sireux de d\u00e9truire son avenir. Il y a un mouvement qui monte, en Am\u00e9rique du moins, pour r\u00e9sister \u00e0 tout cela, pour balayer ces d\u00e9g\u00e9n\u00e9r\u00e9s du pouvoir\u2026<\/strong><\/span><\/p>\n<p>&nbsp;<\/p>\n<p style=\"text-align: justify;\"><span style=\"font-family: verdana, geneva, sans-serif; font-size: 14pt;\">On peut dire ce qu\u2019on veut de l\u2019op\u00e9ration russe de nettoyage de l\u2019all\u00e9e 4 en Ukraine. Elle a certainement chang\u00e9 les sujets de conversations, passant de la folie meurtri\u00e8re de la Covid-19 \u2013 invent\u00e9e par des th\u00e9rapeutes politiques qui ont toutes les r\u00e9ponses pour notre salut \u2013 aux dures r\u00e9alit\u00e9s de la politique du pouvoir. Et juste au bon moment, aussi, alors que de plus en plus de donn\u00e9es dures s\u2019\u00e9chappent des bastions des m\u00e9dias corporatifs captur\u00e9s pour incriminer moralement l\u2019establishment criminel de la sant\u00e9 publique et ses complices \u00e9lus dans toute la soci\u00e9t\u00e9 occidentale.<\/span><\/p>\n<p>&nbsp;<\/p>\n<p style=\"text-align: justify;\"><span style=\"font-family: verdana, geneva, sans-serif; font-size: 14pt;\">En d\u2019autres termes, toute l\u2019histoire de la Covid-19 s\u2019effondrait. Bien que le CDC et la FDA cachent et trafiquent tous leurs chiffres du mieux qu\u2019ils peuvent, les actuaires d\u2019assurance et les humbles entrepreneurs de pompes fun\u00e8bres n\u2019ont pas eu d\u2019inhibitions \u00e0 signaler une recrudescence de d\u00e9c\u00e8s \u00e9tranges. Les essais d\u2019approbation b\u00e2cl\u00e9s de Pfizer ont \u00e9t\u00e9 siffl\u00e9s. Le monde commen\u00e7ait \u00e0 comprendre \u00e0 quel point toute l\u2019affaire Covid \u00e9tait malhonn\u00eate, mortelle et sinistre \u2013 des origines artificielles et brevet\u00e9es de la maladie aux m\u00e9canismes mortels des <em>\u00ab\u00a0vaccins\u00a0\u00bb<\/em> \u2013 lorsqu\u2019il est devenu n\u00e9cessaire de d\u00e9tourner l\u2019attention du monde. De plus, le gros balourd Justin Trudeau s\u2019est lourdement inclin\u00e9 devant le basculement de l\u2019Occident dans la tyrannie\u2026 et maintenant les camionneurs am\u00e9ricains font monter en r\u00e9gime leurs convois\u2026 quelqu\u2019un, s\u2019il vous pla\u00eet, faites quelque chose ! Ramenez la Russie sur le ring central !<\/span><\/p>\n<p>&nbsp;<\/p>\n<p style=\"text-align: justify;\"><span style=\"font-family: verdana, geneva, sans-serif; font-size: 14pt;\">Et ainsi, l\u2019establishment en difficult\u00e9 a activ\u00e9 les rouages encore puissants de la formation de masse <em>[de l\u2019opinion, NdT]<\/em> pour d\u00e9clencher ce qui ressemblait au premier acte de la troisi\u00e8me guerre mondiale. Pardonnez-moi de dire ce que je veux sur l\u2019invasion de l\u2019Ukraine par la Russie. Les autorit\u00e9s am\u00e9ricaines l\u2019ont voulu. Elles l\u2019ont mise en place sans m\u00e9nagement en rejouant \u00e0 l\u2019envers la crise des missiles de Cuba, et elles ont refus\u00e9 de n\u00e9gocier de bonne foi l\u2019utilisation de l\u2019Ukraine comme base avanc\u00e9e de l\u2019OTAN \u00e0 la fronti\u00e8re de la Russie. Les Russes n\u2019auraient pas pu \u00eatre plus clairs sur leurs intentions. Cela fait plus de dix ans qu\u2019ils disent aux \u00c9tats-Unis de garder l\u2019Ukraine neutre, de ne pas \u00e9quiper l\u2019endroit pour des manigances militaires. Quelle partie de tout cela l\u2019Am\u00e9rique n\u2019a-t-elle pas comprise ? Chaque partie, apparemment \u2013 et \u00e0 dessein.<\/span><\/p>\n<p>&nbsp;<\/p>\n<p style=\"text-align: justify;\"><span style=\"font-family: verdana, geneva, sans-serif; font-size: 14pt;\">Cela soul\u00e8ve la question, bien s\u00fbr, de savoir si nous avons r\u00e9ellement un int\u00e9r\u00eat dans ce pays lointain. Je pense que la r\u00e9ponse est : pas vraiment, sauf en tant qu\u2019instrument de contr\u00f4le et d\u2019antagonisme contre la Russie. Quant au peuple ukrainien, soyons honn\u00eates : nous l\u2019avons mis en danger, puis nous avons pleur\u00e9 des larmes de crocodile sur son sort \u2013 surtout dans le rituel de plus en plus bizarre que nous appelons le message sur l\u2019\u00e9tat de l\u2019Union. Tous ces insignes de boutonni\u00e8re et ces accessoires de mode jaunes et bleus. Quelle pr\u00e9tention path\u00e9tique.<\/span><\/p>\n<p>&nbsp;<\/p>\n<p style=\"text-align: justify;\"><span style=\"font-family: verdana, geneva, sans-serif; font-size: 14pt;\">Qui, au sein du gouvernement am\u00e9ricain, depuis notre fondation en 1789 jusqu\u2019en 1991 \u2013 alors que l\u2019Ukraine faisait partie de la Russie d\u2019une mani\u00e8re ou d\u2019une autre \u2013 a eu une pens\u00e9e pour l\u2019Ukraine ? R\u00e9ponse : personne. Et puis, apr\u00e8s l\u2019effondrement de l\u2019URSS, l\u2019Ukraine \u00e9tait <em>\u00ab\u00a0en jeu\u00a0\u00bb<\/em>, avec comme point culminant la <em>\u00ab\u00a0r\u00e9volution de couleur\u00a0\u00bb<\/em> de 2014, parrain\u00e9e par la CIA, qui a \u00e9vinc\u00e9 le pr\u00e9sident de l\u2019\u00e9poque, Viktor Ianoukovitch, qui \u00e9tait enclin \u00e0 rejoindre l\u2019Union douani\u00e8re eurasienne de relations commerciales de la Russie plut\u00f4t que l\u2019OTAN ou l\u2019UE souhait\u00e9e par les \u00c9tats-Unis. Et depuis lors, les intrigues am\u00e9ricaines se succ\u00e8dent, y compris un commerce dynamique d\u2019escroquerie et de corruption par la famille Biden, le syndicat Clinton, la nouvelle g\u00e9n\u00e9ration de Kerry et d\u2019autres \u00e9lites d\u2019ici qui vendent leur influence.<\/span><\/p>\n<p>&nbsp;<\/p>\n<p style=\"text-align: justify;\"><span style=\"font-family: verdana, geneva, sans-serif; font-size: 14pt;\">Et maintenant, les sanctions \u00e9conomiques contre la Russie, qui ne manqueront pas de se retourner contre les pays qui les ont impos\u00e9es. L\u2019Europe doit pr\u00e9tendre qu\u2019elle n\u2019a pas besoin du p\u00e9trole et du gaz russes, qu\u2019elle n\u2019a pas besoin d\u2019uranium bon march\u00e9 pour faire fonctionner ses centrales nucl\u00e9aires, qu\u2019elle n\u2019a pas besoin du cosmodrome de Ba\u00efkonour pour lancer ses satellites, etc. Plus vraisemblablement, ces mesures acc\u00e9l\u00e9reront l\u2019effondrement du syst\u00e8me bancaire, des march\u00e9s boursiers et obligataires de la civilisation occidentale, et \u00e9roderont le r\u00f4le du dollar am\u00e9ricain en tant que monnaie de r\u00e9serve mondiale \u2013 un <em>\u00ab\u00a0privil\u00e8ge exorbitant\u00a0\u00bb<\/em> de longue date permettant d\u2019obtenir des biens du monde entier en \u00e9change de la promesse de payer un mardi dans un avenir lointain.<\/span><\/p>\n<p>&nbsp;<\/p>\n<p style=\"text-align: justify;\"><span style=\"font-family: verdana, geneva, sans-serif; font-size: 14pt;\">Le lecteur peut se demander pourquoi ce blog semble prendre le parti de la Russie dans le conflit actuel contre les \u00c9tats-Unis et nos suppos\u00e9s alli\u00e9s. R\u00e9ponse : Pourquoi faire confiance \u00e0 un gouvernement (le n\u00f4tre) et \u00e0 ses m\u00e9dias captifs apr\u00e8s des ann\u00e9es de mensonges flagrants et d\u2019exc\u00e8s tyranniques ? Ces partis semblent \u00eatre en guerre contre leur propre peuple, c\u2019est-\u00e0-dire contre nous \u2013 certainement plus que la Russie. Surtout en ce moment historique o\u00f9 tous nos <em>\u00ab\u00a0r\u00e9cits\u00a0\u00bb<\/em> mensongers sont expos\u00e9s comme faux ? Collusion russe ? Des mises en examen sont en cours et d\u2019autres suivront. Covid-19 ? Un m\u00e9ga-crime d\u2019homicide de masse engendr\u00e9 par une matrice de racketteurs pharmaceutiques, de fonctionnaires corrompus et d\u2019organisations de presse complices. Des \u00e9lections vol\u00e9es ? Pour l\u2019amour de Dieu, n\u2019essayez m\u00eame pas de regarder la trace visqueuse des preuves. Je ne prendrai pas la peine d\u2019\u00e9num\u00e9rer les nombreuses transgressions de la <em>Wokery<\/em> contre notre culture et notre histoire. Et tout d\u2019un coup, il semble que beaucoup de citoyens am\u00e9ricains en ont assez de se faire baiser. Je suis d\u2019accord avec eux.<\/span><\/p>\n<p>&nbsp;<\/p>\n<p style=\"text-align: justify;\"><span style=\"font-family: verdana, geneva, sans-serif; font-size: 14pt;\">Maintenant, consid\u00e9rez ceci : Et s\u2019il s\u2019av\u00e9rait que la Russie pouvait terminer son op\u00e9ration de nettoyage dans l\u2019all\u00e9e quatre relativement rapidement, avec un minimum de pertes humaines et de dommages \u00e0 l\u2019infrastructure quotidienne de l\u2019Ukraine, et arranger les choses par la suite pour que l\u2019Ukraine ne soit une menace pour personne, ni pour la Russie ni pour l\u2019Occident ? Je crois sinc\u00e8rement que telle est leur intention \u2013 tout comme je crois sinc\u00e8rement que leurs dirigeants sont r\u00e9ellement sains d\u2019esprit, alors que les n\u00f4tres ne semblent pas l\u2019\u00eatre. Peut-\u00eatre la Russie offrira-t-elle m\u00eame \u00e0 l\u2019Ukraine (ou \u00e0 ses r\u00e9gions r\u00e9organis\u00e9es) de l\u2019aider \u00e0 se remettre de la b\u00eatise \u00e0 laquelle elle a particip\u00e9, \u00e0 sa grande tristesse ? Et si la Russie n\u2019avait pas l\u2019intention de d\u00e9clencher la troisi\u00e8me guerre mondiale ? Allons-nous continuer \u00e0 essayer de la d\u00e9clencher de toute fa\u00e7on ?<\/span><\/p>\n<p>&nbsp;<\/p>\n<p style=\"text-align: justify;\"><span style=\"font-family: verdana, geneva, sans-serif; font-size: 14pt;\">Ceux qui se cachent derri\u00e8re <em>\u00ab\u00a0Joe Biden\u00a0\u00bb<\/em> ont fait tout ce qu\u2019ils ont pu pour faire d\u00e9railler la vie am\u00e9ricaine, et les dirigeants incomp\u00e9tents de l\u2019Euroland ont \u00e9galement sembl\u00e9 d\u00e9sireux de d\u00e9truire son avenir. Il y a un mouvement qui se d\u00e9veloppe, en Am\u00e9rique du moins, pour r\u00e9sister \u00e0 tout cela, pour balayer ces d\u00e9g\u00e9n\u00e9r\u00e9s du pouvoir et pour effectuer une correction de trajectoire concert\u00e9e dans le sens de la sant\u00e9, de la rectitude, de la libert\u00e9 et de la g\u00e9n\u00e9rosit\u00e9 d\u2019esprit les uns envers les autres. Les idiots qui dirigent les choses ont d\u00e9j\u00e0 mis en branle un grand nombre de probl\u00e8mes. Il y a un chemin difficile \u00e0 parcourir. Avez-vous la t\u00eate sur les \u00e9paules ? O\u00f9 vous tiendrez-vous ?<\/span><\/p>\n<p style=\"text-align: justify;\"><span style=\"font-family: times new roman, times, serif; font-size: 14pt;\">Traduit par Herv\u00e9, relu par Wayan, pour le Saker Francophone<\/span><\/p>\n<p>&nbsp;<\/p>\n<p>&nbsp;<\/p>\n<p style=\"text-align: left;\"><a href=\"http:\/\/blog.lesgrossesorchadeslesamplesthalameges.fr\/index.php\/2022\/03\/21\/en-suivant-la-feuille-de-route-6\/2-jim_w_mustache\/\" rel=\"attachment wp-att-17760\"><img loading=\"lazy\" class=\"alignnone wp-image-17760\" src=\"http:\/\/blog.lesgrossesorchadeslesamplesthalameges.fr\/wp-content\/uploads\/2022\/03\/2.-Jim_w_mustache-237x300.jpg\" alt=\"\" width=\"200\" height=\"253\" srcset=\"https:\/\/blog.lesgrossesorchadeslesamplesthalameges.fr\/wp-content\/uploads\/2022\/03\/2.-Jim_w_mustache-237x300.jpg 237w, https:\/\/blog.lesgrossesorchadeslesamplesthalameges.fr\/wp-content\/uploads\/2022\/03\/2.-Jim_w_mustache.jpg 450w\" sizes=\"(max-width: 200px) 100vw, 200px\" \/><\/a><\/p>\n<p>&nbsp;<\/p>\n<p style=\"text-align: justify;\"><span style=\"font-family: times new roman, times, serif; font-size: 14pt;\"><strong>James Howard Kunstler<\/strong> est n\u00e9 en 1948 \u00e0 New York. Il est journaliste, essayiste et romancier. Son livre <a href=\"https:\/\/www.amazon.fr\/FIN-PETROLE-JAMES-HOWARD-KUNSTLER\/dp\/225920290X\"><em>La Fin du p\u00e9trole<\/em><\/a> (<a href=\"https:\/\/www.amazon.fr\/Long-Emergency-James-Howard-Kunstler\/dp\/1843544547\">The Long Emergency<\/a>), paru en 2005, d\u00e9crit les changements auxquels la soci\u00e9t\u00e9 am\u00e9ricaine devra faire face au cours de ce si\u00e8cle, qui aura accumul\u00e9 les crises sociales \u00e0 r\u00e9p\u00e9tition et qui doit voir l&rsquo;effondrement des empires europ\u00e9ens et am\u00e9ricains. Il pr\u00e9dit la d\u00e9-mondialisation lorsque les crises seront termin\u00e9es.<\/span><\/p>\n<p style=\"text-align: justify;\"><span style=\"font-family: times new roman, times, serif; font-size: 14pt;\">Voir aussi son livre <a href=\"https:\/\/www.amazon.fr\/Too-Much-Magic-Thinking-Technology\/dp\/0802121446\"><em>Too Much Magic<\/em><\/a> (in\u00e9dit en fran\u00e7ais).<\/span><\/p>\n<p style=\"text-align: justify;\"><span style=\"font-family: times new roman, times, serif; font-size: 14pt;\"><strong>Selon le Saker francophone\u00a0<\/strong>:<\/span><\/p>\n<p style=\"text-align: justify;\"><span style=\"font-family: times new roman, times, serif; font-size: 14pt;\"><em>Pour lui, les choses sont claires, le monde actuel se termine et un nouveau arrive. Il ne d\u00e9pend que de nous de le construire ou de le subir mais il faut d\u2019abord faire notre deuil de ces pens\u00e9es magiques qui font monter les statistiques jusqu\u2019au ciel.<\/em><\/span><\/p>\n<p style=\"text-align: justify;\"><span style=\"font-family: times new roman, times, serif; font-size: 14pt;\">Source\u00a0: <a href=\"https:\/\/lesakerfrancophone.fr\/plus-dhabits-russes-pour-vous\">https:\/\/lesakerfrancophone.fr\/plus-dhabits-russes-pour-vous<\/a><\/span><\/p>\n<p style=\"text-align: left;\"><strong><span style=\"font-family: times new roman, times, serif; font-size: 14pt;\">URL de cet article : <\/span><\/strong><a href=\"http:\/\/blog.lesgrossesorchadeslesamplesthalameges.fr\/index.php\/plus-dhabits-russes-pour-vous\/\"><span style=\"font-family: times new roman, times, serif; font-size: 14pt;\">http:\/\/blog.lesgrossesorchadeslesamplesthalameges.fr\/index.php\/plus-dhabits-russes-pour-vous\/ <\/span><\/a><\/p>\n<p>&nbsp;<\/p>\n<p>&nbsp;<\/p>\n<p style=\"text-align: center;\"><a href=\"http:\/\/blog.lesgrossesorchadeslesamplesthalameges.fr\/index.php\/2022\/03\/16\/en-suivant-la-feuille-de-route-4\/000-dangerous-times-11\/\" rel=\"attachment wp-att-17606\"><img loading=\"lazy\" class=\"alignnone size-full wp-image-17606\" src=\"http:\/\/blog.lesgrossesorchadeslesamplesthalameges.fr\/wp-content\/uploads\/2022\/03\/000.-dangerous-times-1.gif\" alt=\"\" width=\"70\" height=\"63\" \/><\/a><\/p>\n<p>&nbsp;<\/p>\n<p style=\"text-align: right;\"><span style=\"font-family: comic sans ms, sans-serif; font-size: 14pt;\">Mars 2022<\/span><\/p>\n<p>&nbsp;<\/p>\n<p>&nbsp;<\/p>\n","protected":false},"excerpt":{"rendered":"<p>&nbsp; &nbsp; &nbsp; &nbsp; &nbsp; &nbsp; &nbsp; &nbsp; Plus d\u2019habits russes pour vous ! &nbsp; &nbsp; James Howard Kunstler \u2013\u00a0kunstler.com \u2013 4.3.2022 &nbsp; Publi\u00e9 par hervek \u2013 Le Saker francophone \u2013 19.3.2022 \u00a0 \u00a0 &nbsp; &nbsp; &nbsp; &nbsp; Ceux qui se cachent derri\u00e8re \u00ab\u00a0Joe Biden\u00a0\u00bb ont fait tout ce qu\u2019ils ont pu pour faire d\u00e9railler&#8230;<\/p>\n","protected":false},"author":1,"featured_media":0,"parent":0,"menu_order":0,"comment_status":"open","ping_status":"open","template":"","meta":[],"_links":{"self":[{"href":"https:\/\/blog.lesgrossesorchadeslesamplesthalameges.fr\/index.php\/wp-json\/wp\/v2\/pages\/17775"}],"collection":[{"href":"https:\/\/blog.lesgrossesorchadeslesamplesthalameges.fr\/index.php\/wp-json\/wp\/v2\/pages"}],"about":[{"href":"https:\/\/blog.lesgrossesorchadeslesamplesthalameges.fr\/index.php\/wp-json\/wp\/v2\/types\/page"}],"author":[{"embeddable":true,"href":"https:\/\/blog.lesgrossesorchadeslesamplesthalameges.fr\/index.php\/wp-json\/wp\/v2\/users\/1"}],"replies":[{"embeddable":true,"href":"https:\/\/blog.lesgrossesorchadeslesamplesthalameges.fr\/index.php\/wp-json\/wp\/v2\/comments?post=17775"}],"version-history":[{"count":10,"href":"https:\/\/blog.lesgrossesorchadeslesamplesthalameges.fr\/index.php\/wp-json\/wp\/v2\/pages\/17775\/revisions"}],"predecessor-version":[{"id":17785,"href":"https:\/\/blog.lesgrossesorchadeslesamplesthalameges.fr\/index.php\/wp-json\/wp\/v2\/pages\/17775\/revisions\/17785"}],"wp:attachment":[{"href":"https:\/\/blog.lesgrossesorchadeslesamplesthalameges.fr\/index.php\/wp-json\/wp\/v2\/media?parent=17775"}],"curies":[{"name":"wp","href":"https:\/\/api.w.org\/{rel}","templated":true}]}}