{"id":17788,"date":"2022-03-21T22:18:23","date_gmt":"2022-03-21T21:18:23","guid":{"rendered":"http:\/\/blog.lesgrossesorchadeslesamplesthalameges.fr\/?page_id=17788"},"modified":"2022-03-21T22:20:49","modified_gmt":"2022-03-21T21:20:49","slug":"comment-les-sanctions-accelerent-le-reset-et-la-debacle-occidentale","status":"publish","type":"page","link":"https:\/\/blog.lesgrossesorchadeslesamplesthalameges.fr\/index.php\/comment-les-sanctions-accelerent-le-reset-et-la-debacle-occidentale\/","title":{"rendered":"Comment les sanctions acc\u00e9l\u00e8rent le Reset et la d\u00e9b\u00e2cle occidentale"},"content":{"rendered":"<p>&nbsp;<\/p>\n<p>&nbsp;<\/p>\n<p>&nbsp;<\/p>\n<p>&nbsp;<\/p>\n<p>&nbsp;<\/p>\n<p>&nbsp;<\/p>\n<p>&nbsp;<\/p>\n<p>&nbsp;<\/p>\n<p style=\"text-align: center;\"><span style=\"font-family: times new roman, times, serif; font-size: 36pt;\"><strong>Comment les sanctions acc\u00e9l\u00e8rent le Reset et la d\u00e9b\u00e2cle occidentale<\/strong><\/span><\/p>\n<p>&nbsp;<\/p>\n<p>&nbsp;<\/p>\n<p style=\"text-align: center;\"><strong><span style=\"font-family: times new roman, times, serif; font-size: 14pt;\"><a href=\"https:\/\/nicolasbonnal.wordpress.com\/\"><span style=\"font-size: 18pt;\">Nicolas Bonnal<\/span><\/a><span style=\"font-size: 18pt;\"> \u2013 21.3.2022<\/span><\/span><\/strong><\/p>\n<p>&nbsp;<\/p>\n<p>&nbsp;<\/p>\n<p>&nbsp;<\/p>\n<p style=\"text-align: justify;\"><a href=\"http:\/\/blog.lesgrossesorchadeslesamplesthalameges.fr\/index.php\/2022\/03\/21\/en-suivant-la-feuille-de-route-6\/7-nicolas-bonnal\/\" rel=\"attachment wp-att-17767\"><img loading=\"lazy\" class=\"alignnone wp-image-17767\" src=\"http:\/\/blog.lesgrossesorchadeslesamplesthalameges.fr\/wp-content\/uploads\/2022\/03\/7.-Nicolas-Bonnal-300x300.jpeg\" alt=\"\" width=\"200\" height=\"200\" srcset=\"https:\/\/blog.lesgrossesorchadeslesamplesthalameges.fr\/wp-content\/uploads\/2022\/03\/7.-Nicolas-Bonnal.jpeg 300w, https:\/\/blog.lesgrossesorchadeslesamplesthalameges.fr\/wp-content\/uploads\/2022\/03\/7.-Nicolas-Bonnal-150x150.jpeg 150w\" sizes=\"(max-width: 200px) 100vw, 200px\" \/><\/a><\/p>\n<p>&nbsp;<\/p>\n<p style=\"text-align: justify;\"><span style=\"font-family: tahoma, arial, helvetica, sans-serif; font-size: 14pt;\"><strong>J\u2019ai demand\u00e9 r\u00e9cemment si on vivait le Grand Reset ou simplement le grand \u00e9pisode apocalyptique occidental : fin des \u00e9nergies fossiles, fin de l\u2019\u00e8re industrielle et bon \u00e9croulement de la cit\u00e9 Potemkine euro-am\u00e9ricaine b\u00e2tie sur une montagne de dettes. La guerre de Poutine acc\u00e9l\u00e8re cette formidable d\u00e9glingue que certains ont proph\u00e9tis\u00e9. Et comme il m\u2019arrive d\u2019\u00eatre optimiste, je dirais qu\u2019il semble difficile d\u2019\u00e9tablir une dictature totalitaire et num\u00e9rique dans le cadre d\u2019un effondrement \u00e9nerg\u00e9tique et syst\u00e9mique. On le peut apr\u00e8s une guerre civile mais je ne vois pas nos brillantes \u00e9lites la gagner, cette guerre.<\/strong><\/span><\/p>\n<p>&nbsp;<\/p>\n<p style=\"text-align: justify;\"><span style=\"font-family: tahoma, arial, helvetica, sans-serif; font-size: 14pt;\">Le litre d\u2019essence est \u00e0 2,13 euros, le m3 de gaz \u00e0 2500 dollars. On n\u2019est qu\u2019au d\u00e9but. Dirig\u00e9 par des Trudeau, des Macron et des Biden, l\u2019Occident est mal parti. Militairement il est nul (voyez mon texte sur Buchanan) et cela se savait en haut lieu. Cela se sait en tout lieu maintenant. M\u00eame Zelenski le dit ! Il n\u2019avait pas vu la d\u00e9faite face \u00e0 l\u2019Iran, la d\u00e9faite au Y\u00e9men, en Syrie et leur retraite de \u2018roussie\u2019 en Afghanistan ?<\/span><\/p>\n<p>&nbsp;<\/p>\n<p style=\"text-align: justify;\"><span style=\"font-family: tahoma, arial, helvetica, sans-serif; font-size: 14pt;\">Bureaucratie odieuse destin\u00e9e \u00e0 plumer le contribuable, l\u2019OTAN n\u2019est pas l\u00e0 pour se battre : tout au plus peut-il par son incomp\u00e9tence et sa <em>chutzpah<\/em> d\u00e9clencher la Fin du Monde.<\/span><\/p>\n<p>&nbsp;<\/p>\n<p style=\"text-align: justify;\"><span style=\"font-family: tahoma, arial, helvetica, sans-serif; font-size: 14pt;\">Restent la chasse aux chefs d\u2019orchestre et la guerre hybride \u2013 qui n\u2019est pas tr\u00e8s brillante intellectuellement (souvenez-vous des frites rebaptis\u00e9es <em>Freedom fries<\/em> pendant la tr\u00e8s utile et morale guerre contre l\u2019Irak). Patrick Armstrong repris par Bruno Bertez \u00e9crit \u00e0 ce sujet :<\/span><\/p>\n<p>&nbsp;<\/p>\n<p style=\"text-align: justify;\"><span style=\"font-family: tahoma, arial, helvetica, sans-serif; font-size: 14pt;\">Pour l\u2019Occident, tel qu\u2019il a \u00e9t\u00e9, c\u2019est fini. La confusion, les conneries, la vantardise, l\u2019hyst\u00e9rie, les interdictions : l\u2019Occident n\u2019a plus rien dans sa besace. Verser de la vodka russe dans les toilettes, virer un chanteur et r\u00e9alisateur, changer le nom d\u2019une boisson ou d\u2019une salade, interdire les chats ou les arbres, sanctionner un ploutocrate russe et voler son yacht, porter un t-shirt bleu et jaune. Path\u00e9tique.<\/span><\/p>\n<p>&nbsp;<\/p>\n<p style=\"text-align: justify;\"><span style=\"font-family: tahoma, arial, helvetica, sans-serif; font-size: 14pt;\">Il reste les sanctions, les goulues et jouissives sanctions, les \u00e9rotomanes sanctions ; qui vont nous faire encore plus mal qu\u2019\u00e0 la Russie. Pourquoi ? <em>\u00ab Les occidentaux ne se tirent plus de balles dans le pied mais dans la t\u00eate \u00bb<\/em> disait Charles Gave \u00e0 Bercoff. On rappellera que nous vivons dans une idiocratie et ce, dans tous les pays occidentaux. Pepe Escobar \u00e9crit, lui, sur notre pr\u00e9sent effondrement industriel\u00a0:<\/span><\/p>\n<p>&nbsp;<\/p>\n<p style=\"text-align: justify;\"><span style=\"font-family: tahoma, arial, helvetica, sans-serif; font-size: 14pt;\">\u2026L\u2019Allemagne et d\u2019autres pays n\u2019ont pas commenc\u00e9 \u00e0 ressentir la douleur de la privation de gaz, de min\u00e9raux et de nourriture. CELA va \u00eatre le vrai jeu\u2026 jusqu\u2019\u00e0 60 % des industries manufacturi\u00e8res allemandes et 70 % des industries italiennes pourraient \u00eatre contraintes de fermer d\u00e9finitivement, avec des cons\u00e9quences sociales catastrophiques. La machine europ\u00e9enne ultra-kafka\u00efenne non \u00e9lue \u00e0 Bruxelles a choisi de commettre un triple hara-kiri en se pr\u00e9sentant comme des vassaux abjects de l\u2019Empire, en d\u00e9truisant toutes les impulsions de souverainet\u00e9 fran\u00e7aise et allemande restantes et en imposant l\u2019ali\u00e9nation de la Russie et de la Chine.<\/span><\/p>\n<p>&nbsp;<\/p>\n<p style=\"text-align: justify;\"><span style=\"font-family: tahoma, arial, helvetica, sans-serif; font-size: 14pt;\">L\u2019occident anglo-saxon en est r\u00e9duit comme \u00e0 ses d\u00e9buts (cf. Keynes) \u00e0 la piraterie (on vole l\u2019or, l\u2019argent, les yachts, tout ce qui tra\u00eene).<\/span><\/p>\n<p>&nbsp;<\/p>\n<p style=\"text-align: justify;\"><span style=\"font-family: tahoma, arial, helvetica, sans-serif; font-size: 14pt;\">Mais Patrick Armstrong ajoute :<\/span><\/p>\n<p>&nbsp;<\/p>\n<p style=\"text-align: justify;\"><span style=\"font-family: tahoma, arial, helvetica, sans-serif; font-size: 14pt;\">Le judo consiste \u00e0 tromper et \u00e0 utiliser la force de l\u2019adversaire contre lui. Poutine, le judoka, a pouss\u00e9 l\u2019Occident au suicide. Il a d\u00e9voil\u00e9 ce qui n\u2019\u00e9tait pas compris : Mettez votre argent dans nos banques, nous pouvons le confisquer ; placez vos actifs sur notre territoire, nous pouvons les voler; utilisez notre argent et nous pouvons l\u2019annuler ; mettez votre yacht dans notre port, nous pouvons le pirater ; mettez votre or dans notre coffre, nous pouvons le saisir.<\/span><\/p>\n<p>&nbsp;<\/p>\n<p style=\"text-align: justify;\"><span style=\"font-family: tahoma, arial, helvetica, sans-serif; font-size: 14pt;\">Les cons\u00e9quences sont claires avec la m\u00e9fiance de tous les pays \u00e9mergents (c\u2019est le retour de <a href=\"https:\/\/fr.wikipedia.org\/wiki\/Bandung\">Bandung<\/a> ou du communisme nationaliste de d\u00e9colonisation) et la fin rapide du SWIFT\u00a0:<\/span><\/p>\n<p>&nbsp;<\/p>\n<p style=\"text-align: justify;\"><span style=\"font-family: tahoma, arial, helvetica, sans-serif; font-size: 14pt;\">C\u2019est une le\u00e7on qui retentira dans le monde entier. Une illustration nue que <em>\u00ab l\u2019ordre international fond\u00e9 sur des r\u00e8gles \u00bb<\/em> est simplement une fiction : nous \u00e9laborons les r\u00e8gles et vous ordonnons de leur ob\u00e9ir. Dans 2 ou 3 semaines, tout le monde, dans le monde qui est sur la liste des cibles potentielles de l\u2019Occident, aura d\u00e9plac\u00e9 ses actifs hors de port\u00e9e de l\u2019Occident. Xi se permettra un petit sourire.<\/span><\/p>\n<p>&nbsp;<\/p>\n<p style=\"text-align: justify;\"><span style=\"font-family: tahoma, arial, helvetica, sans-serif; font-size: 14pt;\">Et Armstrong conclut :<\/span><\/p>\n<p>&nbsp;<\/p>\n<p style=\"text-align: justify;\"><span style=\"font-family: tahoma, arial, helvetica, sans-serif; font-size: 14pt;\">Quant aux sanctions occidentales contre la Russie, je pense qu\u2019il y a une r\u00e9ponse tr\u00e8s simple \u00e0 cela : la semaine derni\u00e8re, 1 000 m\u00e8tres cubes de gaz co\u00fbtaient 1.000 $ ; aujourd\u2019hui, c\u2019est plus du double. La semaine prochaine, ce ne sera certainement pas moins cher.<\/span><\/p>\n<p>&nbsp;<\/p>\n<p style=\"text-align: justify;\"><span style=\"font-family: tahoma, arial, helvetica, sans-serif; font-size: 14pt;\">Idem pour l\u2019aluminium, la potasse, le titane, le bl\u00e9. Les compagnies a\u00e9riennes russes louent leurs avions. Maintenant quoi? Les moteurs-fus\u00e9es russes. Ce que les Occidentaux ne comprennent pas, c\u2019est que le rouble est la monnaie que les Russes utilisent \u00e0 l\u2019int\u00e9rieur du pays, mais que le prix du p\u00e9trole et du gaz est la monnaie russe \u00e0 l\u2019ext\u00e9rieur du pays. Je suis stup\u00e9fait de leur stupidit\u00e9 : ils se coupent la gorge et d\u00e9truisent leurs propres \u00e9conomies.<\/span><\/p>\n<p>&nbsp;<\/p>\n<p style=\"text-align: justify;\"><span style=\"font-family: tahoma, arial, helvetica, sans-serif; font-size: 14pt;\">Autrement dit pour nos \u00e9narques Trissotin : les sanctions ne renforcent pas les Russes, elles les enrichissent. Et Poutine finance ainsi ses op\u00e9rations. Les menaces d\u00e9mentes de Biden contre l\u2019Inde et le reste du monde ne risquent pas d\u2019accro\u00eetre la confiance dans ce syst\u00e8me am\u00e9ricain <em>qui peut \u00e0 tout moment voler sa client\u00e8le<\/em>.<\/span><\/p>\n<p>&nbsp;<\/p>\n<p style=\"text-align: justify;\"><span style=\"font-family: tahoma, arial, helvetica, sans-serif; font-size: 14pt;\">Comme on le sait, les Russes (cf. Laurence) ont des probl\u00e8mes avec leurs banques, avec Apple, avec Facebook, avec Google, les GAFAM \u00e9tant la derni\u00e8re \u00e9manation imp\u00e9riale destin\u00e9e \u00e0 nous tourmenter plus que les Russes ou les Chinois. Mais rien qui ne puisse \u00eatre r\u00e9gl\u00e9 promptement (voir l\u2019article de Karine \u00e0 ce sujet), et celui d\u2019Escobar sur la doctrine Glazyev (couper les ponts avec l\u2019Occident, et passer \u00e0 l\u2019\u00e9talon-or).<\/span><\/p>\n<p>&nbsp;<\/p>\n<p style=\"text-align: justify;\"><span style=\"font-family: tahoma, arial, helvetica, sans-serif; font-size: 14pt;\">Il reste \u00e0 ces \u00e9lites mondialistes \u00e0 se venger sur leur troupeau, ce qui semble facile vu le degr\u00e9 de soumission ou de conditionnement de ces populations accoutum\u00e9es \u00e0 \u00eatre conditionn\u00e9es et maltrait\u00e9es. On pourrait avoir la confiscation de l\u2019argent, la fin du gaz et de toute \u00e9lectricit\u00e9, la fin des usines (d\u00e9j\u00e0 arr\u00eat\u00e9es en Allemagne), bref le Grand Reset de Schwab ou le <a href=\"https:\/\/fr.wikipedia.org\/wiki\/Plan_Morgenthau\">plan Morgenthau<\/a>, le c\u00e9l\u00e8bre <a href=\"https:\/\/fr.wikipedia.org\/wiki\/Henry_Morgenthau\">banquier<\/a> de Roosevelt qui voulait r\u00e9duire de moiti\u00e9 la population allemande.<\/span><\/p>\n<p style=\"text-align: justify;\"><span style=\"font-family: times new roman, times, serif; font-size: 14pt;\">\u00a0<\/span><\/p>\n<p>&nbsp;<\/p>\n<p style=\"text-align: center;\"><a href=\"http:\/\/blog.lesgrossesorchadeslesamplesthalameges.fr\/index.php\/2022\/03\/16\/en-suivant-la-feuille-de-route-4\/000-dangerous-times-11\/\" rel=\"attachment wp-att-17606\"><img loading=\"lazy\" class=\"alignnone size-full wp-image-17606\" src=\"http:\/\/blog.lesgrossesorchadeslesamplesthalameges.fr\/wp-content\/uploads\/2022\/03\/000.-dangerous-times-1.gif\" alt=\"\" width=\"70\" height=\"63\" \/><\/a><\/p>\n<p>&nbsp;<\/p>\n<p>&nbsp;<\/p>\n<p style=\"text-align: justify;\"><span style=\"font-family: times new roman, times, serif; font-size: 18pt; color: #c00000;\"><strong><em>Il y a \u00e7a aussi qui n\u2019est pas mal\u00a0:<\/em><\/strong><\/span><\/p>\n<p style=\"text-align: justify;\"><span style=\"font-family: times new roman, times, serif; font-size: 14pt;\"><em>\u00a0<\/em><\/span><\/p>\n<p style=\"text-align: justify;\"><strong><span style=\"font-family: tahoma, arial, helvetica, sans-serif; font-size: 14pt;\">Le QI gaulois coi ? Mais non, les fronc\u00e9s vont r\u00e9\u00e9lire Macron. Et leur prix Nobel de la paix Zelinsky promeut la guerre mondiale nucl\u00e9aire. Flaubert : \u00ab\u00a089 a d\u00e9moli la royaut\u00e9 et la noblesse, 48 la bourgeoisie et 51\u00a0le peuple.\u00a0Il n\u2019y a plus\u00a0rien,\u00a0qu\u2019une tourbe canaille et imb\u00e9cile\u2026 Nous sommes tous enfonc\u00e9s au m\u00eame niveau dans une m\u00e9diocrit\u00e9 commune\u2026 L\u2019humanit\u00e9 a la rage de l\u2019abaissement moral, et je lui en veux de ce que je fais partie d\u2019elle\u2026 C\u2019est une chose curieuse comme l\u2019humanit\u00e9, \u00e0 mesure qu\u2019elle se fait autol\u00e2tre, devient stupide.\u00bb \u00a0C\u00e9line : \u00ab Une telle connerie d\u00e9passe l\u2019homme. Une h\u00e9b\u00e9tude si fantastique d\u00e9masque un instinct de mort, une pesanteur au charnier, une perversion mutilante que rien ne saurait expliquer sinon que les temps sont venus, que le Diable nous appr\u00e9hende, que le Destin s\u2019accomplit \u00bb. Les oligarques russes se r\u00e9fugient tranquilles en Isra\u00ebl ; Vaccination obligatoire apr\u00e8s les pr\u00e9sidentielles.<\/span><\/strong><\/p>\n<p>&nbsp;<\/p>\n<p style=\"text-align: justify;\"><span style=\"font-family: times new roman, times, serif; font-size: 14pt;\">Source\u00a0: <a href=\"https:\/\/nicolasbonnal.wordpress.com\/\">https:\/\/nicolasbonnal.wordpress.com\/<\/a><\/span><\/p>\n<p>&nbsp;<\/p>\n<p style=\"text-align: left;\"><span style=\"font-family: times new roman, times, serif; font-size: 14pt;\"><strong>URL de cet article :<\/strong> <a href=\"http:\/\/blog.lesgrossesorchadeslesamplesthalameges.fr\/index.php\/comment-les-sanctions-accelerent-le-reset-et-la-debacle-occidentale\/\">http:\/\/blog.lesgrossesorchadeslesamplesthalameges.fr\/index.php\/comment-les-sanctions-accelerent-le-reset-et-la-debacle-occidentale\/<\/a><strong><br \/>\n<\/strong><\/span><\/p>\n<p style=\"text-align: justify;\"><span style=\"font-family: times new roman, times, serif; font-size: 14pt;\"><strong>\u00a0<\/strong><\/span><\/p>\n<p><strong>\u00a0<\/strong><\/p>\n<p style=\"text-align: center;\"><strong>\u00a0<a href=\"http:\/\/blog.lesgrossesorchadeslesamplesthalameges.fr\/index.php\/2022\/03\/16\/en-suivant-la-feuille-de-route-4\/000-dangerous-times-11\/\" rel=\"attachment wp-att-17606\"><img loading=\"lazy\" class=\"alignnone size-full wp-image-17606\" src=\"http:\/\/blog.lesgrossesorchadeslesamplesthalameges.fr\/wp-content\/uploads\/2022\/03\/000.-dangerous-times-1.gif\" alt=\"\" width=\"70\" height=\"63\" \/><\/a><\/strong><\/p>\n<p><strong>\u00a0<\/strong><\/p>\n<p><strong>\u00a0<\/strong><\/p>\n<p style=\"text-align: right;\"><span style=\"font-family: comic sans ms, sans-serif; font-size: 14pt;\">Mars 2022<\/span><\/p>\n<p>&nbsp;<\/p>\n<p>&nbsp;<\/p>\n","protected":false},"excerpt":{"rendered":"<p>&nbsp; &nbsp; &nbsp; &nbsp; &nbsp; &nbsp; &nbsp; &nbsp; Comment les sanctions acc\u00e9l\u00e8rent le Reset et la d\u00e9b\u00e2cle occidentale &nbsp; &nbsp; Nicolas Bonnal \u2013 21.3.2022 &nbsp; &nbsp; &nbsp; &nbsp; J\u2019ai demand\u00e9 r\u00e9cemment si on vivait le Grand Reset ou simplement le grand \u00e9pisode apocalyptique occidental : fin des \u00e9nergies fossiles, fin de l\u2019\u00e8re industrielle et bon&#8230;<\/p>\n","protected":false},"author":1,"featured_media":0,"parent":0,"menu_order":0,"comment_status":"open","ping_status":"open","template":"","meta":[],"_links":{"self":[{"href":"https:\/\/blog.lesgrossesorchadeslesamplesthalameges.fr\/index.php\/wp-json\/wp\/v2\/pages\/17788"}],"collection":[{"href":"https:\/\/blog.lesgrossesorchadeslesamplesthalameges.fr\/index.php\/wp-json\/wp\/v2\/pages"}],"about":[{"href":"https:\/\/blog.lesgrossesorchadeslesamplesthalameges.fr\/index.php\/wp-json\/wp\/v2\/types\/page"}],"author":[{"embeddable":true,"href":"https:\/\/blog.lesgrossesorchadeslesamplesthalameges.fr\/index.php\/wp-json\/wp\/v2\/users\/1"}],"replies":[{"embeddable":true,"href":"https:\/\/blog.lesgrossesorchadeslesamplesthalameges.fr\/index.php\/wp-json\/wp\/v2\/comments?post=17788"}],"version-history":[{"count":8,"href":"https:\/\/blog.lesgrossesorchadeslesamplesthalameges.fr\/index.php\/wp-json\/wp\/v2\/pages\/17788\/revisions"}],"predecessor-version":[{"id":17796,"href":"https:\/\/blog.lesgrossesorchadeslesamplesthalameges.fr\/index.php\/wp-json\/wp\/v2\/pages\/17788\/revisions\/17796"}],"wp:attachment":[{"href":"https:\/\/blog.lesgrossesorchadeslesamplesthalameges.fr\/index.php\/wp-json\/wp\/v2\/media?parent=17788"}],"curies":[{"name":"wp","href":"https:\/\/api.w.org\/{rel}","templated":true}]}}