{"id":1780,"date":"2019-01-17T20:00:43","date_gmt":"2019-01-17T19:00:43","guid":{"rendered":"http:\/\/blog.lesgrossesorchadeslesamplesthalameges.fr\/?page_id=1780"},"modified":"2019-01-17T20:40:40","modified_gmt":"2019-01-17T19:40:40","slug":"modi-recherche-les-bonnes-graces-de-trump-mais-ca-ne-marchera-pas","status":"publish","type":"page","link":"https:\/\/blog.lesgrossesorchadeslesamplesthalameges.fr\/index.php\/modi-recherche-les-bonnes-graces-de-trump-mais-ca-ne-marchera-pas\/","title":{"rendered":"Modi recherche les bonnes gr\u00e2ces de Trump mais \u00e7a ne marchera pas"},"content":{"rendered":"<p>&nbsp;<\/p>\n<p>&nbsp;<\/p>\n<p>&nbsp;<\/p>\n<p>&nbsp;<\/p>\n<p style=\"text-align: center;\"><span style=\"font-family: times new roman, times, serif; font-size: 36pt;\"><strong>Modi recherche les bonnes gr\u00e2ces de Trump mais \u00e7a ne marchera pas<\/strong><\/span><\/p>\n<p>&nbsp;<\/p>\n<p style=\"text-align: center;\"><span style=\"font-family: times new roman, times, serif; font-size: 14pt;\"><a href=\"https:\/\/indianpunchline.com\/author\/inpunchline\/\"><strong>K. BHADRAKUMAR<\/strong><\/a><strong> \u2013 <em>Indian Punchline <\/em><\/strong><strong>\u2013<\/strong> 8.1.2019<\/span><\/p>\n<p style=\"text-align: center;\"><span style=\"font-family: times new roman, times, serif; font-size: 14pt;\"><strong>\u00a0<\/strong><\/span><\/p>\n<p>&nbsp;<\/p>\n<p style=\"text-align: center;\"><img loading=\"lazy\" class=\"alignnone wp-image-1737\" src=\"http:\/\/blog.lesgrossesorchadeslesamplesthalameges.fr\/wp-content\/uploads\/2019\/01\/modi-trump-300x180.jpg\" alt=\"\" width=\"600\" height=\"360\" srcset=\"https:\/\/blog.lesgrossesorchadeslesamplesthalameges.fr\/wp-content\/uploads\/2019\/01\/modi-trump-300x180.jpg 300w, https:\/\/blog.lesgrossesorchadeslesamplesthalameges.fr\/wp-content\/uploads\/2019\/01\/modi-trump-768x461.jpg 768w, https:\/\/blog.lesgrossesorchadeslesamplesthalameges.fr\/wp-content\/uploads\/2019\/01\/modi-trump.jpg 800w\" sizes=\"(max-width: 600px) 100vw, 600px\" \/><\/p>\n<p>&nbsp;<\/p>\n<p>&nbsp;<\/p>\n<p style=\"text-align: justify;\"><span style=\"font-family: times new roman, times, serif; font-size: 14pt;\">Il a fallu pr\u00e8s d\u2019un an avant que le Premier ministre Narendra Modi et le Pr\u00e9sident US aient une nouvelle conversation t\u00e9l\u00e9phonique. La derni\u00e8re fois qu\u2019ils se sont parl\u00e9 remonte \u00e0 f\u00e9vrier 2018. Lundi, Modi a pris l\u2019initiative d\u2019appeler.<\/span><\/p>\n<p style=\"text-align: justify;\"><span style=\"font-family: times new roman, times, serif; font-size: 14pt;\">Deux comptes rendus divergents de la conversation se sont fait jour. <a href=\"https:\/\/www.mea.gov.in\/press-releases.htm?dtl\/30891\/Prime_Minister_and_US_President_Donald_J_Trump_exchange_greetings_in_the_New_Year\">La version indienne<\/a> s\u2019est donn\u00e9 beaucoup de mal pour y injecter quelque brio, disant que \u00ab\u00a0les deux dirigeants ont exprim\u00e9 leur satisfaction quant aux progr\u00e8s accomplis par le partenariat strat\u00e9gique Inde-US\u00a0\u00bb, se sont \u00ab\u00a0f\u00e9licit\u00e9s de d\u00e9veloppements\u00a0\u00bb tels que le nouveau m\u00e9canisme de dialogue 2+2, ont \u00ab\u00a0pris bonne note\u00a0\u00bb de la coop\u00e9ration lat\u00e9rale, et \u00a0\u00ab\u00a0se sont d\u00e9clar\u00e9s d\u2019accord pour travailler ensemble \u00e0 renforcer\u00a0\u00bb leurs liens.<\/span><\/p>\n<p style=\"text-align: justify;\"><span style=\"font-family: times new roman, times, serif; font-size: 14pt;\">La lecture de la Maison Blanche, au contraire, a \u00e9t\u00e9 taciturne : \u00ab\u00a0Le pr\u00e9sident Trump a re\u00e7u, ce-jour, un appel du Premier ministre Narendra Modi de l\u2019Inde, \u00e0 l\u2019occasion du Nouvel An. Les dirigeants se sont mis d\u2019accord pour renforcer le partenariat strat\u00e9gique US-Inde en 2019 et ont \u00e9chang\u00e9 leurs points de vue sur la mani\u00e8re de r\u00e9duire le d\u00e9ficit des activit\u00e9s commerciales avec l\u2019Inde, de d\u00e9velopper la s\u00e9curit\u00e9 et la prosp\u00e9rit\u00e9 dans l\u2019Indo-Pacifique et d\u2019augmenter leur coop\u00e9ration en Afghanistan.\u00a0\u00bb La Maison Blanche s\u2019est dispens\u00e9e de toute \u00e9motion. La priorit\u00e9 de Trump est \u00ab\u00a0comment r\u00e9duire le d\u00e9ficit commercial des USA avec l\u2019Inde\u00a0\u00bb.<\/span><\/p>\n<p style=\"text-align: justify;\"><span style=\"font-family: times new roman, times, serif; font-size: 14pt;\">Modi a d\u00e9cid\u00e9 de fermer les yeux sur l\u2019extraordinaire comportement de Trump qui, la semaine derni\u00e8re, s\u2019est moqu\u00e9 de lui lors de sa premi\u00e8re conf\u00e9rence de cabinet de 2019 \u00e0 la Maison Blanche, Trump a fait, en effet quelques <a href=\"https:\/\/indianpunchline.com\/modi-trump-bromance-ends-on-sour-note\/\">remarques hautement d\u00e9sobligeantes<\/a> \u00e0 son \u00e9gard, r\u00e9v\u00e9lant la mauvaise opinion qu\u2019il a du Premier ministre, qu\u2019il voit comme quelqu\u2019un qui se croit malin mais qui n\u2019est pas du tout aussi malin qu\u2019il le pense. Trump r\u00e9serve g\u00e9n\u00e9ralement ce genre de r\u00e9flexions acerbes \u00e0 des gens qu\u2019il est s\u00fbr de pouvoir intimider et dominer. Cela fait partie de <a href=\"https:\/\/fr.wikipedia.org\/wiki\/Trump_par_Trump\"><em>L\u2019Art de la N\u00e9gociation<\/em><\/a> selon Trump.<\/span><\/p>\n<p style=\"text-align: justify;\"><span style=\"font-family: times new roman, times, serif; font-size: 14pt;\">Le fait est que Trump avait d\u00e9j\u00e0 snob\u00e9 Modi r\u00e9cemment en refusant d\u2019\u00eatre l\u2019invit\u00e9 d\u2019honneur lors des c\u00e9l\u00e9brations du Jour de la R\u00e9publique, le 26 janvier prochain. Bien s\u00fbr, Modi a raval\u00e9 sa fiert\u00e9. Pourquoi l\u2019a-t-il fait\u00a0? La r\u00e9ponse, c\u2019est que des nu\u00e9es d\u2019orage s\u2019amoncellent \u00e0 l\u2019horizon.<\/span><\/p>\n<p style=\"text-align: justify;\"><span style=\"font-family: times new roman, times, serif; font-size: 14pt;\">L\u2019<em>establishment<\/em> indien observe, mal \u00e0 l\u2019aise, en mati\u00e8re d\u2019Affaires \u00e9trang\u00e8res, le rapprochement US-Pakistan, qui est en train de gagner du terrain et de conduire \u00e0 une visite du Premier ministre Imran Khan \u00e0 la Maison Blanche, \u00e0 l\u2019invitation de Trump. La semaine derni\u00e8re, Trump a laiss\u00e9 entendre qu\u2019il esp\u00e9rait recevoir Imran Khan \u00ab\u00a0dans un futur pas trop \u00e9loign\u00e9\u00a0\u00bb.<\/span><\/p>\n<p style=\"text-align: justify;\"><span style=\"font-family: times new roman, times, serif; font-size: 14pt;\">L\u2019<em>establishment<\/em> indien a raison de craindre que Trump puisse ne pas adh\u00e9rer \u00e0 la politique de l\u2019\u00e8re Obama consistant \u00e0 tenir scind\u00e9es les relations avec le Pakistan et l\u2019Inde. Dans le sch\u00e9ma de n\u00e9gociations selon Trump, comme dans le brouet des sorci\u00e8res de Macbeth, il entre toutes sortes d\u2019ingr\u00e9dients\u00a0: \u00ab\u00a0les \u00e9cailles d\u2019un dragon, les dents d\u2019un loup, la chair momifi\u00e9e d\u2019une sorci\u00e8re, le gosier et l\u2019estomac d\u2019un requin affam\u00e9, une racine de cigu\u00eb d\u00e9terr\u00e9e dans le noir, le foie d\u2019un juif, la bile d\u2019un bouc, quelques brindilles d\u2019if cueillies pendant une \u00e9clipse de lune, le nez d\u2019un Turc, les l\u00e8vres d\u2019un Tartare\u00a0\u00bb et ainsi de suite.<\/span><\/p>\n<p style=\"text-align: justify;\"><span style=\"font-family: times new roman, times, serif; font-size: 14pt;\">Qu\u2019il suffise de dire que, dans le brouet que Trump est en train de touiller avec Imran Khan, la question du Cachemire deviendra forc\u00e9ment un ingr\u00e9dient \u00e0 l&rsquo;un ou &lsquo;autre moment. Imran Khan est tout dispos\u00e9 \u00e0 s\u2019adapter aux int\u00e9r\u00eats US en Afghanistan, jusques et y compris une pr\u00e9sence US permanente sous une forme ou sous une autre. Les USA, l\u2019Arabie Saoudite, l\u2019UEA, la Turquie, le Qatar et, bien plus important, la Chine, font de l\u2019\u0153il \u00e0 Imran Khan.<\/span><\/p>\n<p style=\"text-align: justify;\"><span style=\"font-family: times new roman, times, serif; font-size: 14pt;\">Qu\u2019il suffise de dire que la rencontre entre Imran Khan et Trump sera un moment-cl\u00e9 pour la s\u00e9curit\u00e9 de la r\u00e9gion. Un journal pakistanais <a href=\"https:\/\/tribune.com.pk\/story\/1883584\/1-talks-taliban-afghan-presidents-special-aide-arrive-today\/\">rapporte<\/a> aujourd\u2019hui d\u2019Islamabad\u00a0:<\/span><\/p>\n<p>&nbsp;<\/p>\n<p style=\"text-align: justify; padding-left: 90px;\"><span style=\"font-family: times new roman, times, serif; font-size: 14pt;\"><em>\u00ab\u00a0Des sources diplomatiques affirment que le Pakistan n\u2019est pas d\u2019accord pour que les troupes US se retirent d\u2019Afghanistan avant d&rsquo;avoir \u00e9tabli un syst\u00e8me policier et des institutions stables. Le Pakistan souhaite avant tout apporter la stabilit\u00e9 en Afghanistan et croit que l\u2019Afghanistan ne doit pas \u00eatre laiss\u00e9 \u00e0 l\u2019abandon, comme il l\u2019a \u00e9t\u00e9 \u00e0 l\u2019issue de la guerre froide.\u00a0\u00bb <\/em><\/span><\/p>\n<p style=\"text-align: justify; padding-left: 90px;\"><span style=\"font-family: times new roman, times, serif; font-size: 14pt;\"><em>\u00ab\u00a0Les USA d\u00e9pensent annuellement 50 milliards de dollars en Afghanistan. S\u2019ils mettent fin \u00e0 cette aide, il deviendra difficile au gouvernement afghan de se maintenir, et le pays retombera une fois de plus aux mains de factions en guerre.\u00a0\u00bb<\/em><\/span><\/p>\n<p style=\"text-align: justify;\"><span style=\"font-family: times new roman, times, serif; font-size: 14pt;\"><em>\u00a0<\/em><\/span><\/p>\n<p style=\"text-align: justify;\"><span style=\"font-family: times new roman, times, serif; font-size: 14pt;\">Pour dire simplement les choses, bien que les USA ne puissant pas gagner la guerre d\u2019Afghanistan, Trump veut d\u00e9gager ses troupes de la guerre tout en maintenant les strat\u00e9gies US dans la r\u00e9gion intactes et tourn\u00e9es vers l\u2019avenir. Trump n\u2019aurait pas pu demander plus d\u2019Imran Khan.<\/span><\/p>\n<p style=\"text-align: justify;\"><span style=\"font-family: times new roman, times, serif; font-size: 14pt;\">Or, Imran Khan s&rsquo;exprime clairement <a href=\"https:\/\/www.indiatoday.in\/india\/story\/kashmiris-must-get-to-decide-their-future-says-imran-khan-shahid-afridi-agrees-1411021-2018-12-17\">de plus en plus fr\u00e9quemment<\/a> sur la situation de crise au <a href=\"https:\/\/fr.wikipedia.org\/wiki\/Jammu-et-Cachemire\">Jammu-et-Cachemire<\/a>. Il sait que le Cachemire est le talon d\u2019Achille de Modi. Il n\u2019ignore pas que Trump est tout dispos\u00e9 \u00e0 intervenir dans la question du Cachemire. Trump l\u2019a d\u00e9clar\u00e9 publiquement. (Comme l\u2019a fait d&rsquo;ailleurs le Vice-Pr\u00e9sident Mike Pence). Selon l\u2019ex-ambassadeur US aux Nations Unies <a href=\"https:\/\/tribune.com.pk\/story\/1373860\/us-mediate-pakistan-india-kashmir-issue\/\">Nikki Haley<\/a>, Trump a \u00e9voqu\u00e9 explicitement le probl\u00e8me dans une discussion du Conseil de S\u00e9curit\u00e9 Nationale \u00e0 la Maison Blanche<\/span><\/p>\n<p style=\"text-align: justify;\"><span style=\"font-family: times new roman, times, serif; font-size: 14pt;\">En d\u2019autres temps, la diplomatie de l\u2019Inde aurait pris soin d\u2019entrer en n\u00e9gociations avec le Pakistan, de mani\u00e8re \u00e0 ce qu&rsquo;aucune m\u00e9diation ext\u00e9rieure ne puisse \u00eatre justifi\u00e9e. Mais le gouvernement Modi a jet\u00e9 par-dessus bord ce genre de comportement. Par ailleurs, son ineptie et ses erreurs de calcul politiques ont provoqu\u00e9 une situation de crise de premi\u00e8re grandeur au Jammu-et-Cachemire. Aujourd\u2019hui, les troubles au Jammu-et-Cachemire sont sous les feux de la rampe \u00e0 l&rsquo;international.<\/span><\/p>\n<p style=\"text-align: justify;\"><span style=\"font-family: times new roman, times, serif; font-size: 14pt;\">En m\u00eame temps, les relations US-Inde vont \u00e0 la d\u00e9rive. Pour Modi, seules importent l\u2019image de soi\u00a0 et la d\u00e9magogie, comme on l\u2019a vu avec sa performance th\u00e9\u00e2trale de Madison Square Garden en septembre 2014, qui a suscit\u00e9 de si folles attentes US. Les faux espoirs ont fini par dispara\u00eetre apr\u00e8s <a href=\"https:\/\/asialyst.com\/fr\/2017\/08\/28\/inde-chine-accord-desengagement-doklam-victoire-pour-new-delhi\/\">l\u2019impasse de Doklam<\/a>, lorsque tout le monde a fini par s\u2019apercevoir que l\u2019Inde, apr\u00e8s tout, vit dans sa r\u00e9gion. Le gouvernement Modi s\u2019est donn\u00e9 beaucoup de mal pour \u00ab\u00a0isoler\u00a0\u00bb le Pakistan, r\u00e9gionalement et internationalement, mais il a fini par isoler l\u2019Inde.<\/span><\/p>\n<p style=\"text-align: justify;\"><span style=\"font-family: times new roman, times, serif; font-size: 14pt;\">Modi essaie probablement de se faire bien voir de Trump, mais Trump ne prendra ses efforts que pour un signe de faiblesse et pour la preuve de l\u2019exactitude de son jugement sur le Premier ministre. En comparaison, Trump et Imran Khan ne se sont jamais parl\u00e9. Quand Imran Khan <a href=\"https:\/\/www.rtl.be\/info\/monde\/international\/imran-khan-denonce-une-nouvelle-tirade-de-trump-contre-le-pakistan-1078554.aspx\">a ripost\u00e9<\/a>, apr\u00e8s la tirade de Trump contre le Pakistan en novembre dernier, celui-ci a tr\u00e8s vite chang\u00e9 de ton et envoy\u00e9 une belle lettre demandant l\u2019aide du Pakistan dans les pourparlers de paix sur l\u2019Afghanistan. Et aux derni\u00e8res nouvelles, on apprend que Trump se r\u00e9jouit de recevoir Imran Khan. Trump respecte le cran et n\u2019a que m\u00e9pris pour les suppliants.<\/span><\/p>\n<p style=\"text-align: justify;\"><span style=\"font-family: times new roman, times, serif; font-size: 14pt;\"><a href=\"https:\/\/www.rtl.be\/info\/monde\/international\/imran-khan-denonce-une-nouvelle-tirade-de-trump-contre-le-pakistan-1078554.aspx\">https:\/\/www.rtl.be\/info\/monde\/international\/imran-khan-denonce-une-nouvelle-tirade-de-trump-contre-le-pakistan-1078554.aspx<\/a><\/span><\/p>\n<p style=\"text-align: left;\"><span style=\"font-family: times new roman, times, serif; font-size: 14pt;\">Source\u00a0 : <a href=\"https:\/\/indianpunchline.com\/modi-curries-favor-with-trump-but-it-wont-work\/\">https:\/\/indianpunchline.com\/modi-curries-favor-with-trump-but-it-wont-work\/<\/a><\/span><\/p>\n<p style=\"text-align: justify;\"><span style=\"font-family: times new roman, times, serif; font-size: 14pt;\">Source d\u2019origine\u00a0: <a href=\"https:\/\/www.newsclick.in\/modi-curries-favor-trump-it-wont-work\"><em>Newsclick<\/em><\/a><\/span><\/p>\n<p style=\"text-align: right;\"><span style=\"font-family: times new roman, times, serif; font-size: 14pt;\">Traduction\u00a0: c.l. pour Les Grosses Orchades<\/span><\/p>\n<p>&nbsp;<\/p>\n<p>&nbsp;<\/p>\n<p style=\"text-align: center;\"><img loading=\"lazy\" class=\"alignnone size-full wp-image-1762\" src=\"http:\/\/blog.lesgrossesorchadeslesamplesthalameges.fr\/wp-content\/uploads\/2019\/01\/000.-russep-x-4.gif\" alt=\"\" width=\"50\" height=\"50\" \/><\/p>\n<p>&nbsp;<\/p>\n<p style=\"text-align: right;\"><span style=\"font-family: comic sans ms, sans-serif; font-size: 14pt;\">17 janvier 2019<\/span><\/p>\n<p>&nbsp;<\/p>\n<p>&nbsp;<\/p>\n","protected":false},"excerpt":{"rendered":"<p>&nbsp; &nbsp; &nbsp; &nbsp; Modi recherche les bonnes gr\u00e2ces de Trump mais \u00e7a ne marchera pas &nbsp; K. BHADRAKUMAR \u2013 Indian Punchline \u2013 8.1.2019 \u00a0 &nbsp; &nbsp; &nbsp; Il a fallu pr\u00e8s d\u2019un an avant que le Premier ministre Narendra Modi et le Pr\u00e9sident US aient une nouvelle conversation t\u00e9l\u00e9phonique. La derni\u00e8re fois qu\u2019ils se&#8230;<\/p>\n","protected":false},"author":1,"featured_media":0,"parent":0,"menu_order":0,"comment_status":"open","ping_status":"open","template":"","meta":[],"_links":{"self":[{"href":"https:\/\/blog.lesgrossesorchadeslesamplesthalameges.fr\/index.php\/wp-json\/wp\/v2\/pages\/1780"}],"collection":[{"href":"https:\/\/blog.lesgrossesorchadeslesamplesthalameges.fr\/index.php\/wp-json\/wp\/v2\/pages"}],"about":[{"href":"https:\/\/blog.lesgrossesorchadeslesamplesthalameges.fr\/index.php\/wp-json\/wp\/v2\/types\/page"}],"author":[{"embeddable":true,"href":"https:\/\/blog.lesgrossesorchadeslesamplesthalameges.fr\/index.php\/wp-json\/wp\/v2\/users\/1"}],"replies":[{"embeddable":true,"href":"https:\/\/blog.lesgrossesorchadeslesamplesthalameges.fr\/index.php\/wp-json\/wp\/v2\/comments?post=1780"}],"version-history":[{"count":0,"href":"https:\/\/blog.lesgrossesorchadeslesamplesthalameges.fr\/index.php\/wp-json\/wp\/v2\/pages\/1780\/revisions"}],"wp:attachment":[{"href":"https:\/\/blog.lesgrossesorchadeslesamplesthalameges.fr\/index.php\/wp-json\/wp\/v2\/media?parent=1780"}],"curies":[{"name":"wp","href":"https:\/\/api.w.org\/{rel}","templated":true}]}}