{"id":17865,"date":"2022-03-22T01:31:52","date_gmt":"2022-03-22T00:31:52","guid":{"rendered":"http:\/\/blog.lesgrossesorchadeslesamplesthalameges.fr\/?page_id=17865"},"modified":"2022-03-22T03:05:23","modified_gmt":"2022-03-22T02:05:23","slug":"tout-ce-qui-brille-nest-pas-necessairement-de-lor-russe","status":"publish","type":"page","link":"https:\/\/blog.lesgrossesorchadeslesamplesthalameges.fr\/index.php\/tout-ce-qui-brille-nest-pas-necessairement-de-lor-russe\/","title":{"rendered":"Tout ce qui brille n&rsquo;est pas n\u00e9cessairement de l&rsquo;or russe"},"content":{"rendered":"<h1><\/h1>\n<h1><\/h1>\n<h1><\/h1>\n<h1><\/h1>\n<h1><\/h1>\n<h1><\/h1>\n<h1><\/h1>\n<h1><\/h1>\n<p>&nbsp;<\/p>\n<p>&nbsp;<\/p>\n<p>&nbsp;<\/p>\n<p>&nbsp;<\/p>\n<p>&nbsp;<\/p>\n<p>&nbsp;<\/p>\n<p>&nbsp;<\/p>\n<p>&nbsp;<\/p>\n<p style=\"text-align: center;\"><strong><span style=\"font-family: times new roman, times, serif; font-size: 36pt;\">Tout ce qui brille n\u2019est pas n\u00e9cessairement de l\u2019or russe<\/span><\/strong><\/p>\n<h1><\/h1>\n<h1><\/h1>\n<p>&nbsp;<\/p>\n<p>&nbsp;<\/p>\n<p style=\"text-align: center;\"><strong><span style=\"font-family: times new roman, times, serif; font-size: 18pt;\">Pepe Escobar \u2013 <em>The Unz Review<\/em> \u2013 18.3.2022<\/span><\/strong><\/p>\n<p>&nbsp;<\/p>\n<p style=\"text-align: center;\"><span style=\"font-family: times new roman, times, serif; font-size: 18pt;\">Traduction : <strong>c.l<\/strong>. pour <strong><em>L.G.O.<\/em><\/strong><\/span><\/p>\n<p>&nbsp;<\/p>\n<p>&nbsp;<\/p>\n<p style=\"text-align: center;\"><span style=\"font-family: times new roman, times, serif; font-size: 18pt;\"><em>L&rsquo;\u00ab ordre international fond\u00e9 sur des r\u00e8gles \u00bb &#8211; comme dans \u00ab subis ma loi ou tire-toi \u00bb \u2013 s&rsquo;effiloche beaucoup plus rapidement que quiconque aurait pu le pr\u00e9voir.<\/em><\/span><\/p>\n<p style=\"text-align: center;\"><span style=\"font-family: times new roman, times, serif; font-size: 18pt;\"><strong>\u00a0<\/strong><\/span><\/p>\n<p><span style=\"font-family: times new roman, times, serif; font-size: 14pt;\"><strong>\u00a0<\/strong><\/span><\/p>\n<p>&nbsp;<\/p>\n<p style=\"text-align: center;\"><a href=\"http:\/\/blog.lesgrossesorchadeslesamplesthalameges.fr\/index.php\/2022\/03\/21\/quels-que-soient-les-temps-et-les-lieux\/shrinking-dollar-gif\/\" rel=\"attachment wp-att-17825\"><img loading=\"lazy\" class=\"alignnone wp-image-17825\" src=\"http:\/\/blog.lesgrossesorchadeslesamplesthalameges.fr\/wp-content\/uploads\/2022\/03\/Shrinking-dollar-GIF.gif\" alt=\"\" width=\"500\" height=\"432\" \/><\/a><\/p>\n<p>&nbsp;<\/p>\n<p>&nbsp;<\/p>\n<p style=\"text-align: justify;\"><span style=\"font-family: times new roman, times, serif; font-size: 14pt;\">L&rsquo;Union \u00e9conomique eurasienne (UEE) et la Chine commencent \u00e0 concevoir un nouveau syst\u00e8me mon\u00e9taire et financier contournant le dollar am\u00e9ricain, supervis\u00e9 par Sergue\u00ef Glazyev et destin\u00e9 \u00e0 concurrencer le syst\u00e8me de Bretton Woods.<\/span><\/p>\n<p>&nbsp;<\/p>\n<p style=\"text-align: justify;\"><span style=\"font-family: times new roman, times, serif; font-size: 14pt;\">L&rsquo;Arabie saoudite \u2013 perp\u00e9trateur des bombardements, de la famine et du g\u00e9nocide au Y\u00e9men, sous le parrainage des \u00c9tats-Unis, du Royaume-Uni et de l&rsquo;Union europ\u00e9enne \u2013 acc\u00e9l\u00e8re l&rsquo;av\u00e8nement du petroyuan.<\/span><\/p>\n<p>&nbsp;<\/p>\n<p style=\"text-align: justify;\"><span style=\"font-family: times new roman, times, serif; font-size: 14pt;\">L&rsquo;Inde \u2013 troisi\u00e8me plus grand importateur de p\u00e9trole au monde \u2013 est sur le point de signer un m\u00e9ga-contrat d\u2019achat de p\u00e9trole \u00e0 la Russie, avec une \u00e9norme remise et en utilisant un m\u00e9canisme rouble-roupie.<\/span><\/p>\n<p>&nbsp;<\/p>\n<p style=\"text-align: justify;\"><span style=\"font-family: times new roman, times, serif; font-size: 14pt;\">Les exportations de p\u00e9trole de Riyad s&rsquo;\u00e9l\u00e8vent \u00e0 environ 170 milliards de dollars par an. La Chine en ach\u00e8te 17%, contre 21% pour le Japon, 15% pour les \u00c9tats-Unis, 12% pour l&rsquo;Inde et environ 10% pour l&rsquo;UE. Les \u00c9tats-Unis et leurs vassaux \u2013 Japon, Cor\u00e9e du Sud, UE \u2013 resteront dans la sph\u00e8re des p\u00e9trodollars. L&rsquo;Inde, tout comme la Chine, pourrait ne pas le faire.<\/span><\/p>\n<p>&nbsp;<\/p>\n<p style=\"text-align: justify;\"><span style=\"font-family: times new roman, times, serif; font-size: 14pt;\">Le retour de flamme des sanctions est \u00e0 l&rsquo;ordre du jour. M\u00eame un chouchou du march\u00e9 et du capitalisme de casino comme le strat\u00e8ge du Cr\u00e9dit Suisse Zoltan Poznar, anciennement \u00e0 la Fed de New York, au FMI et au d\u00e9partement du Tr\u00e9sor, a \u00e9t\u00e9 forc\u00e9 d&rsquo;admettre, dans une note analytique : \u00ab\u00a0Si vous pensez que l&rsquo;Occident peut \u00e9laborer des sanctions qui maximiseront la douleur pour la Russie en minimisant les risques de stabilit\u00e9 financi\u00e8re et de stabilit\u00e9 des prix pour l&rsquo;Occident, vous pouvez aussi croire aux licornes\u00a0\u00bb.<\/span><\/p>\n<p>&nbsp;<\/p>\n<p style=\"text-align: justify;\"><span style=\"font-family: times new roman, times, serif; font-size: 14pt;\">Les licornes sont une marque de fabrique de l&rsquo;appareil de propagande de l&rsquo;OTAN, abondamment illustr\u00e9 par la mise en sc\u00e8ne du \u00ab\u00a0sommet\u00a0\u00bb <a href=\"http:\/\/johnhelmer.net\/the-zelensky-summit-meeting-in-kiev-on-march-15-with-polish-czech-and-slovenian-prime-ministers-was-a-fake-devised-in-warsaw-the-meeting-was-at-przemysl-poland-zelensky-also\/\">compl\u00e8tement bidon<\/a> de Kiev entre le com\u00e9dien Ze et les Premiers ministres de Pologne, de Slov\u00e9nie et de la R\u00e9publique tch\u00e8que, compl\u00e8tement d\u00e9menti par John Helmer et des sources polonaises.<\/span><\/p>\n<p>&nbsp;<\/p>\n<p style=\"text-align: justify;\"><span style=\"font-family: times new roman, times, serif; font-size: 14pt;\">Poznar, un r\u00e9aliste, faisait en r\u00e9alit\u00e9 allusion \u00e0 l&rsquo;enterrement rituel du chapitre financier de \u00ab l&rsquo;ordre international fond\u00e9 sur des r\u00e8gles \u00bb en place depuis les premi\u00e8res ann\u00e9es de la Guerre Froide : \u00ab Apr\u00e8s la fin de cette guerre [en Ukraine], l&rsquo;\u201cargent\u201d ne sera plus jamais le m\u00eame \u00bb. Surtout lorsque l&rsquo;h\u00e9g\u00e9mon formule ses \u00ab r\u00e8gles \u00bb en puisant dans l&rsquo;argent des autres.<\/span><\/p>\n<p>&nbsp;<\/p>\n<p style=\"text-align: justify;\"><span style=\"font-family: times new roman, times, serif; font-size: 14pt;\">Et cela configure le principe central de la g\u00e9opolitique martiale du 21\u00e8me si\u00e8cle comme mon\u00e9taire\/id\u00e9ologique. Le monde, en particulier le Sud, devra d\u00e9cider si l&rsquo;\u00ab argent \u00bb est repr\u00e9sent\u00e9 par le casino virtuel et turbulent privil\u00e9gi\u00e9 par les Am\u00e9ricains, ou par des actifs r\u00e9els et tangibles tels que les sources d&rsquo;\u00e9nergie. Un monde financier bipolaire \u2013 dollar am\u00e9ricain contre yuan \u2013 est \u00e0 port\u00e9e de main.<\/span><\/p>\n<p>&nbsp;<\/p>\n<p style=\"text-align: justify;\"><span style=\"font-family: times new roman, times, serif; font-size: 14pt;\">Il n&rsquo;y a pas de preuve irr\u00e9futable \u2013 pas encore. Mais le Kremlin a sans doute jou\u00e9 le jeu en utilisant les r\u00e9serves \u00e9trang\u00e8res de la Russie comme app\u00e2t, susceptibles d&rsquo;\u00eatre gel\u00e9es par les sanctions, le r\u00e9sultat final pouvant \u00eatre l&rsquo;effondrement du p\u00e9trodollar. Apr\u00e8s tout, l&rsquo;\u00e9crasante majorit\u00e9 des pays du Sud a maintenant parfaitement compris que le dollar am\u00e9ricain, qui n&rsquo;est soutenu par rien et qui sert de \u00ab monnaie \u00bb \u2013 selon Poznar \u2013 n&rsquo;est absolument pas digne de confiance.<\/span><\/p>\n<p>&nbsp;<\/p>\n<p style=\"text-align: justify;\"><span style=\"font-family: times new roman, times, serif; font-size: 14pt;\">Si c&rsquo;est le cas, on peut parler d\u2019un <a href=\"https:\/\/fr.wikipedia.org\/wiki\/Ippon\"><em>ippon<\/em><\/a> poutinien venu de l&rsquo;enfer.<\/span><\/p>\n<p>&nbsp;<\/p>\n<p>&nbsp;<\/p>\n<p>&nbsp;<\/p>\n<p style=\"text-align: justify;\"><span style=\"font-family: times new roman, times, serif; font-size: 18pt;\"><strong>Voici venu le temps du vol de l\u2019or<\/strong><\/span><\/p>\n<p>&nbsp;<\/p>\n<p style=\"text-align: justify;\"><span style=\"font-family: times new roman, times, serif; font-size: 14pt;\">Alors que je d\u00e9crivais l&rsquo;\u00e9mergence du nouveau paradigme, du nouveau syst\u00e8me mon\u00e9taire qui sera con\u00e7u par une coop\u00e9ration entre l&rsquo;UEE et la Chine \u00e0 l&rsquo;av\u00e8nement du p\u00e9troyuan, <a href=\"https:\/\/www.entelekheia.fr\/2022\/03\/16\/dites-bonjour-a-lor-russe-et-au-petroyuan-chinois\/\">une discussion s\u00e9rieuse et inform\u00e9e<\/a> a \u00e9clat\u00e9 sur une partie cruciale du puzzle : le sort des r\u00e9serves d&rsquo;or russes.<\/span><\/p>\n<p>&nbsp;<\/p>\n<p style=\"text-align: justify;\"><span style=\"font-family: times new roman, times, serif; font-size: 14pt;\">Des doutes ont \u00e9t\u00e9 \u00e9mis quant \u00e0 la politique, sans doute suicidaire, de la Banque Centrale Russe, qui consiste \u00e0 conserver des actifs dans des titres \u00e9trangers ou dans des banques vuln\u00e9rables aux sanctions occidentales.<\/span><\/p>\n<p style=\"text-align: justify;\"><span style=\"font-family: times new roman, times, serif; font-size: 14pt;\">Bien s\u00fbr, il y a toujours la possibilit\u00e9, calcul\u00e9e par Moscou, que les nations d\u00e9tenant des r\u00e9serves russes \u2013 comme l&rsquo;Allemagne et la France \u2013 ont des actifs en Russie qui peuvent \u00eatre facilement nationalis\u00e9s. Et que la dette totale de l&rsquo;\u00c9tat et des entreprises russes d\u00e9passe m\u00eame le montant des r\u00e9serves gel\u00e9es.<\/span><\/p>\n<p>&nbsp;<\/p>\n<p style=\"text-align: justify;\"><span style=\"font-family: times new roman, times, serif; font-size: 14pt;\">Mais qu\u2019en est-il de l\u2019or ?<\/span><\/p>\n<p>&nbsp;<\/p>\n<p style=\"text-align: justify;\"><span style=\"font-family: times new roman, times, serif; font-size: 14pt;\">Au 1er f\u00e9vrier, trois semaines avant le d\u00e9but de l&rsquo;op\u00e9ration Z, la Banque centrale russe d\u00e9tenait 630,2 milliards de dollars de r\u00e9serves. Pr\u00e8s de la moiti\u00e9 \u2013<br \/>\n<\/span><\/p>\n<p>&nbsp;<\/p>\n<p style=\"text-align: justify;\"><span style=\"font-family: times new roman, times, serif; font-size: 14pt;\"><strong>311,2 milliards de dollars\u2013 ont \u00e9t\u00e9 plac\u00e9s en titres \u00e9trangers, et un quart \u2013 151,9 milliards de dollars \u2013 en d\u00e9p\u00f4ts aupr\u00e8s de banques commerciales et centrales \u00e9trang\u00e8res. Pas vraiment une strat\u00e9gie brillante. En juin de l&rsquo;ann\u00e9e derni\u00e8re, le partenaire strat\u00e9gique qu&rsquo;est la Chine d\u00e9tenait 13,8 % des r\u00e9serves de la Russie, en or et en devises.<\/strong><\/span><\/p>\n<p>&nbsp;<\/p>\n<p style=\"text-align: justify;\"><span style=\"font-family: times new roman, times, serif; font-size: 14pt;\">Pour ce qui est de l&rsquo;or physique, 132,2 milliards de dollars, soit 21 % des r\u00e9serves totales, restent dans les coffres de Moscou (deux tiers) et de Saint-P\u00e9tersbourg (un tiers).<\/span><\/p>\n<p>&nbsp;<\/p>\n<p style=\"text-align: justify;\"><span style=\"font-family: times new roman, times, serif; font-size: 14pt;\">Donc aucun or russe n&rsquo;a \u00e9t\u00e9 gel\u00e9 ? Eh bien, c&rsquo;est compliqu\u00e9.<\/span><\/p>\n<p>&nbsp;<\/p>\n<p style=\"text-align: justify;\"><span style=\"font-family: times new roman, times, serif; font-size: 14pt;\">Le principal probl\u00e8me est que plus de 75 % des r\u00e9serves de la Banque Centrale Russe sont en devises \u00e9trang\u00e8res. La moiti\u00e9 d&rsquo;entre elles sont des titres, comme les obligations d&rsquo;\u00c9tat : elles ne quittent jamais la nation qui les a \u00e9mises. Environ 25 % des r\u00e9serves sont li\u00e9es \u00e0 des banques \u00e9trang\u00e8res, principalement priv\u00e9es, ainsi qu&rsquo;\u00e0 la BRI et au FMI.<\/span><\/p>\n<p>&nbsp;<\/p>\n<p style=\"text-align: justify;\"><span style=\"font-family: times new roman, times, serif; font-size: 14pt;\">Une fois encore, il est essentiel de se souvenir de ce que dit Sergue\u00ef Glazyev dans son essai r\u00e9volutionnaire <a href=\"https:\/\/rentry.co\/sanctions-and-sovereignty\"><em>Sanctions et souverainet\u00e9<\/em><\/a> : \u00ab\u00a0Il est n\u00e9cessaire d&rsquo;achever la d\u00e9dollarisation de nos r\u00e9serves de change, en rempla\u00e7ant le dollar, l&rsquo;euro et la livre par de l&rsquo;or. Dans les conditions actuelles de croissance explosive attendue du prix de l&rsquo;or, son exportation massive \u00e0 l&rsquo;\u00e9tranger s&rsquo;apparente \u00e0 une trahison et il est grand temps que le r\u00e9gulateur y mette fin\u00a0\u00bb.<\/span><\/p>\n<p>&nbsp;<\/p>\n<p style=\"text-align: justify;\"><span style=\"font-family: times new roman, times, serif; font-size: 14pt;\">C\u2019est l\u00e0 un puissant acte d&rsquo;accusation contre la Banque Centrale Russe, qui empruntait contre de l&rsquo;or et l&rsquo;exportait. \u00c0 toutes fins utiles, la Banque Centrale pourrait \u00eatre accus\u00e9e d&rsquo;avoir perp\u00e9tr\u00e9 un d\u00e9lit d\u2019initi\u00e9. Sans compter qu\u2019ensuite, elle a \u00e9t\u00e9 prise au d\u00e9pourvu par les sanctions am\u00e9ricaines d\u00e9vastatrices.<\/span><\/p>\n<p>&nbsp;<\/p>\n<p style=\"text-align: justify;\"><span style=\"font-family: times new roman, times, serif; font-size: 14pt;\">Comme le dit un analyste moscovite, la Banque Centrale \u00ab\u00a0avait livr\u00e9 quelques volumes d&rsquo;or \u00e0 Londres en 2020-2021. Cette d\u00e9cision \u00e9tait motiv\u00e9e par un prix de l&rsquo;or \u00e9lev\u00e9 \u00e0 l&rsquo;\u00e9poque (pr\u00e8s de 2000 dollars l&rsquo;once) et pouvait difficilement r\u00e9sulter d\u2019une initiative de Poutine. Si tel est le cas, cette d\u00e9cision peut \u00eatre qualifi\u00e9e de tr\u00e8s stupide, voire avoir fait partie d&rsquo;une tactique de diversion (&#8230;) La plupart de l&rsquo;or livr\u00e9 \u00e0 Londres n&rsquo;a pas \u00e9t\u00e9 stock\u00e9 mais vendu et transf\u00e9r\u00e9 dans des r\u00e9serves en devises \u00e9trang\u00e8res (en euros ou en livres) qui ont \u00e9t\u00e9 gel\u00e9es par la suite\u00a0\u00bb.<\/span><\/p>\n<p>&nbsp;<\/p>\n<p style=\"text-align: justify;\"><span style=\"font-family: times new roman, times, serif; font-size: 14pt;\">Pas \u00e9tonnant que beaucoup de gens en Russie soient livides. Un rapide retour en arri\u00e8re s&rsquo;impose. En juin de l&rsquo;ann\u00e9e derni\u00e8re, M. Poutine <a href=\"https:\/\/www.finanz.ru\/novosti\/valyuty\/putin-razreshil-ostavlyat-na-zapade-dokhody-ot-vyvoza-zolota-metallov-i-zerna-1030559872\">a sign\u00e9 une loi<\/a> annulant les exigences relatives au rapatriement des recettes en devises provenant des exportations d&rsquo;or. Cinq mois plus tard, les propri\u00e9taires de mines d&rsquo;or russes exportaient comme des dingues. Un mois plus tard, la Douma voulait savoir pourquoi la Banque Centrale avait cess\u00e9 d&rsquo;acheter de l&rsquo;or. Il n&rsquo;est pas \u00e9tonnant que les m\u00e9dias russes aient explos\u00e9 en accusations sur un \u00ab\u00a0vol [d&rsquo;or] sans pr\u00e9c\u00e9dent\u00a0\u00bb.<\/span><\/p>\n<p>&nbsp;<\/p>\n<p style=\"text-align: justify;\"><span style=\"font-family: times new roman, times, serif; font-size: 14pt;\">Maintenant, les choses sont devenues beaucoup plus dramatiques : RIA Novosti a d\u00e9crit le gel impos\u00e9 par les Am\u00e9ricains comme ni plus ni moins qu\u2019un \u00ab\u00a0vol\u00a0\u00bb et a d\u00fbment pr\u00e9dit le chaos \u00e9conomique mondial. Quant \u00e0 la Banque Centrale, elle a repris ses activit\u00e9s d&rsquo;achat d&rsquo;or.<\/span><\/p>\n<p>&nbsp;<\/p>\n<p style=\"text-align: justify;\"><span style=\"font-family: times new roman, times, serif; font-size: 14pt;\">Rien de ce qui pr\u00e9c\u00e8de n&rsquo;explique cependant l&rsquo;existence d&rsquo;un or \u00ab\u00a0manquant\u00a0\u00bb qui, de facto, n&rsquo;est pas en possession de la Banque Centrale Russe. Et c&rsquo;est l\u00e0 qu&rsquo;intervient un personnage un peu louche comme Herman Gref.<\/span><\/p>\n<p>&nbsp;<\/p>\n<p style=\"text-align: justify;\"><span style=\"font-family: times new roman, times, serif; font-size: 14pt;\">Voyons cela avec le d\u00e9put\u00e9 de la Douma d&rsquo;\u00c9tat Mikhail Delyagin, qui a eu deux ou trois choses \u00e0 dire sur la v\u00e9ritable aubaine qu\u2019a \u00e9t\u00e9 l&rsquo;or export\u00e9 \u00e0 Londres :<\/span><\/p>\n<p>&nbsp;<\/p>\n<p style=\"text-align: justify; padding-left: 120px;\"><span style=\"font-family: times new roman, times, serif; font-size: 14pt;\">\u00ab\u00a0Ce processus se poursuit depuis l&rsquo;ann\u00e9e derni\u00e8re. Nous avons export\u00e9, selon certaines estimations, 600 tonnes. [La directrice de la Banque centrale russe, Mme Nabiullina, a d\u00e9clar\u00e9 : \u201cSi vous voulez vendre de l&rsquo;or pour obtenir des liquidit\u00e9s ou si vous extrayez de l&rsquo;or et l&rsquo;\u00e9changez, n&rsquo;oubliez pas que l&rsquo;\u00c9tat, en ma personne, ne vous ach\u00e8tera pas d&rsquo;or au prix du march\u00e9. Nous le prendrons avec une forte d\u00e9cote. Si vous voulez obtenir de l&rsquo;argent honn\u00eate pour votre or, exportez-le.\u201d Le centre mondial du commerce de l&rsquo;or est Londres. En cons\u00e9quence, tout le monde a commenc\u00e9 \u00e0 exporter et \u00e0 vendre de l&rsquo;or l\u00e0-bas. Y compris M. [Herman] Gref. Ce chef de la Sberbank, une banque officiellement publique, a vendu une \u00e9norme quantit\u00e9 de ses r\u00e9serves d&rsquo;or.\u00a0\u00bb<\/span><\/p>\n<p>&nbsp;<\/p>\n<p style=\"text-align: justify;\"><span style=\"font-family: times new roman, times, serif; font-size: 14pt;\">Voyez<strong><a href=\"https:\/\/edwardslavsquat.substack.com\/p\/why-did-russias-largest-bank-empty?s=r\"> ici<\/a> <\/strong>quelques d\u00e9tails fascinants sur les manigances du Gref de la Sberbank.<\/span><\/p>\n<p>&nbsp;<\/p>\n<p>&nbsp;<\/p>\n<p>&nbsp;<\/p>\n<p style=\"text-align: justify;\"><span style=\"font-family: times new roman, times, serif; font-size: 18pt;\"><strong>Regardez bien le rouble garanti par l\u2019or<\/strong><\/span><\/p>\n<p>&nbsp;<\/p>\n<p style=\"text-align: justify;\"><span style=\"font-family: times new roman, times, serif; font-size: 14pt;\">C&rsquo;est peut-\u00eatre trop peu et trop tard, mais au moins le Kremlin a maintenant \u00e9tabli un comit\u00e9 \u2013 qui a autorit\u00e9 sur les <em>geeks<\/em> de la Banque Centrale \u2013 pour s&rsquo;occuper des choses s\u00e9rieuses.<\/span><\/p>\n<p>&nbsp;<\/p>\n<p style=\"text-align: justify;\"><span style=\"font-family: times new roman, times, serif; font-size: 14pt;\">Il est ahurissant de constater que la Banque Centrale Russe ne soit pas assujettie \u00a0\u00e0 la Constitution russe comme l\u2019est le syst\u00e8me judiciaire, mais qu\u2019elle est, en fait, subordonn\u00e9e au FMI. On peut affirmer que ce syst\u00e8me financier con\u00e7u par un cartel &#8211; impliquant une souverainet\u00e9 nulle &#8211; ne peut tout simplement pas \u00eatre attaqu\u00e9 de front par une nation quelconque sur la plan\u00e8te, et Poutine a essay\u00e9 de le miner \u00e9tape par \u00e9tape. Cela inclut, bien s\u00fbr, le maintien d&rsquo;Elvira Nabiullina \u00e0 son poste, m\u00eame si elle persiste \u00e0 suivre le <a href=\"https:\/\/www.larousse.fr\/dictionnaires\/francais\/consensus\/18357\">consensus<\/a> de Washington \u00e0 la lettre.<\/span><\/p>\n<p>&nbsp;<\/p>\n<p style=\"text-align: justify;\"><span style=\"font-family: times new roman, times, serif; font-size: 14pt;\">Et cela nous ram\u00e8ne \u00e0 la possibilit\u00e9 que le Kremlin ait voulu, d\u00e8s le d\u00e9but, ne rien l\u00e2cher, forcer les atlantistes \u00e0 r\u00e9v\u00e9ler leur v\u00e9ritable jeu et exposer leur syst\u00e8me dans un spectacle du type \u00ab\u00a0Le roi est nu\u00a0\u00bb devant un public mondial.<\/span><\/p>\n<p>&nbsp;<\/p>\n<p style=\"text-align: justify;\"><span style=\"font-family: times new roman, times, serif; font-size: 14pt;\">Et c&rsquo;est l\u00e0 qu&rsquo;intervient le nouveau syst\u00e8me mon\u00e9taire\/financier de l&rsquo;EAEU\/Chine, sous la supervision de Glazyev. Nous pouvons certainement envisager que la Russie, la Chine et de vastes pans de l&rsquo;Eurasie se s\u00e9parent progressivement du capitalisme de casino, que le rouble soit reconverti en une monnaie adoss\u00e9e \u00e0 l&rsquo;or et que la Russie se concentre sur l&rsquo;autosuffisance, l&rsquo;investissement int\u00e9rieur productif et la connectivit\u00e9 commerciale avec la plupart des pays du Sud.<\/span><\/p>\n<p>&nbsp;<\/p>\n<p style=\"text-align: justify;\"><span style=\"font-family: times new roman, times, serif; font-size: 14pt;\">Bien au-del\u00e0 de ses r\u00e9serves \u00e9trang\u00e8res confisqu\u00e9es et de ses tonnes d&rsquo;or vendues \u00e0 Londres, ce qui compte, c&rsquo;est que la Russie reste l&rsquo;ultime puissance en mati\u00e8re de ressources naturelles. Des p\u00e9nuries ? Un peu d&rsquo;aust\u00e9rit\u00e9 pendant un petit moment y rem\u00e9diera : rien d&rsquo;aussi dramatique que l&rsquo;appauvrissement national des ann\u00e9es 1990 n\u00e9olib\u00e9rales. Et un coup de pouce suppl\u00e9mentaire viendrait de l&rsquo;exportation de ressources naturelles \u00e0 des prix tr\u00e8s r\u00e9duits vers les autres BRICS et la plupart des pays d&rsquo;Eurasie et du Sud.<\/span><\/p>\n<p>&nbsp;<\/p>\n<p style=\"text-align: justify;\"><span style=\"font-family: times new roman, times, serif; font-size: 14pt;\">L&rsquo;Occident collectif vient de fabriquer un nouveau clivage Est-Ouest de mauvais go\u00fbt. La Russie est en train de le renverser, \u00e0 son propre profit : apr\u00e8s tout, le monde multipolaire se l\u00e8ve \u00e0 l&rsquo;Est.<\/span><\/p>\n<p>&nbsp;<\/p>\n<p style=\"text-align: justify;\"><span style=\"font-family: times new roman, times, serif; font-size: 14pt;\">L&rsquo;Empire du mensonge ne reculera pas, car il n&rsquo;a pas de plan B. Le plan A consiste \u00e0 \u00ab annuler \u00bb la Russie sur tout le spectre \u2013 occidental. Et alors ? La russophobie, le racisme, les op\u00e9rations psychologiques 24 heures sur 24, 7 jours sur 7, la propagande \u00e0 outrance, les populaces qui annulent la culture en ligne, \u00e7a ne veut rien dire.<\/span><\/p>\n<p style=\"text-align: justify;\"><span style=\"font-family: times new roman, times, serif; font-size: 14pt;\">Les faits comptent : l&rsquo;Ours poss\u00e8de suffisamment de mat\u00e9riel nucl\u00e9aire\/hypersonique pour briser l&rsquo;OTAN en quelques minutes avant le petit d\u00e9jeuner et donner une le\u00e7on \u00e0 l&rsquo;Occident collectif avant l\u2019ap\u00e9ritif du d\u00eener. Il viendra un moment o\u00f9 un exceptionnaliste dot\u00e9 d&rsquo;un QI d\u00e9cent comprendra enfin la signification des mots \u00ab indivisibilit\u00e9 de la s\u00e9curit\u00e9 \u00bb.<\/span><\/p>\n<p>&nbsp;<\/p>\n<p><span style=\"font-family: times new roman, times, serif; font-size: 14pt;\">Source\u00a0: <a href=\"https:\/\/www.unz.com\/pescobar\/all-that-glitters-is-not-necessarily-russian-gold\/\">https:\/\/www.unz.com\/pescobar\/all-that-glitters-is-not-necessarily-russian-gold\/<\/a><\/span><\/p>\n<p>&nbsp;<\/p>\n<p style=\"text-align: left;\"><span style=\"font-family: times new roman, times, serif;\"><strong><span style=\"font-size: 14pt;\">URL de cet article : <\/span><\/strong><a href=\"http:\/\/blog.lesgrossesorchadeslesamplesthalameges.fr\/index.php\/tout-ce-qui-brille-nest-pas-necessairement-de-lor-russe\/\"><span style=\"font-size: 14pt;\">http:\/\/blog.lesgrossesorchadeslesamplesthalameges.fr\/index.php\/tout-ce-qui-brille-nest-pas-necessairement-de-lor-russe\/<\/span><\/a><\/span><\/p>\n<p>&nbsp;<\/p>\n<p>&nbsp;<\/p>\n<p style=\"text-align: center;\"><a href=\"http:\/\/blog.lesgrossesorchadeslesamplesthalameges.fr\/index.php\/2022\/03\/21\/quels-que-soient-les-temps-et-les-lieux\/000-washington-black-eye\/\" rel=\"attachment wp-att-17818\"><img loading=\"lazy\" class=\"alignnone size-full wp-image-17818\" src=\"http:\/\/blog.lesgrossesorchadeslesamplesthalameges.fr\/wp-content\/uploads\/2022\/03\/000.-Washington-black-eye.jpg\" alt=\"\" width=\"134\" height=\"102\" \/><\/a><\/p>\n<p>&nbsp;<\/p>\n<p>&nbsp;<\/p>\n<p style=\"text-align: right;\"><span style=\"font-family: comic sans ms, sans-serif; font-size: 14pt;\">Mars 2022<\/span><\/p>\n<p>&nbsp;<\/p>\n<p>&nbsp;<\/p>\n","protected":false},"excerpt":{"rendered":"<p>&nbsp; &nbsp; &nbsp; &nbsp; &nbsp; &nbsp; &nbsp; &nbsp; Tout ce qui brille n\u2019est pas n\u00e9cessairement de l\u2019or russe &nbsp; &nbsp; Pepe Escobar \u2013 The Unz Review \u2013 18.3.2022 &nbsp; Traduction : c.l. pour L.G.O. &nbsp; &nbsp; L&rsquo;\u00ab ordre international fond\u00e9 sur des r\u00e8gles \u00bb &#8211; comme dans \u00ab subis ma loi ou tire-toi \u00bb \u2013&#8230;<\/p>\n","protected":false},"author":1,"featured_media":0,"parent":0,"menu_order":0,"comment_status":"open","ping_status":"open","template":"","meta":[],"_links":{"self":[{"href":"https:\/\/blog.lesgrossesorchadeslesamplesthalameges.fr\/index.php\/wp-json\/wp\/v2\/pages\/17865"}],"collection":[{"href":"https:\/\/blog.lesgrossesorchadeslesamplesthalameges.fr\/index.php\/wp-json\/wp\/v2\/pages"}],"about":[{"href":"https:\/\/blog.lesgrossesorchadeslesamplesthalameges.fr\/index.php\/wp-json\/wp\/v2\/types\/page"}],"author":[{"embeddable":true,"href":"https:\/\/blog.lesgrossesorchadeslesamplesthalameges.fr\/index.php\/wp-json\/wp\/v2\/users\/1"}],"replies":[{"embeddable":true,"href":"https:\/\/blog.lesgrossesorchadeslesamplesthalameges.fr\/index.php\/wp-json\/wp\/v2\/comments?post=17865"}],"version-history":[{"count":13,"href":"https:\/\/blog.lesgrossesorchadeslesamplesthalameges.fr\/index.php\/wp-json\/wp\/v2\/pages\/17865\/revisions"}],"predecessor-version":[{"id":17880,"href":"https:\/\/blog.lesgrossesorchadeslesamplesthalameges.fr\/index.php\/wp-json\/wp\/v2\/pages\/17865\/revisions\/17880"}],"wp:attachment":[{"href":"https:\/\/blog.lesgrossesorchadeslesamplesthalameges.fr\/index.php\/wp-json\/wp\/v2\/media?parent=17865"}],"curies":[{"name":"wp","href":"https:\/\/api.w.org\/{rel}","templated":true}]}}