{"id":17938,"date":"2022-03-24T21:13:18","date_gmt":"2022-03-24T20:13:18","guid":{"rendered":"http:\/\/blog.lesgrossesorchadeslesamplesthalameges.fr\/?page_id=17938"},"modified":"2022-03-24T21:16:34","modified_gmt":"2022-03-24T20:16:34","slug":"covid-russie-la-nouvelle-normalite","status":"publish","type":"page","link":"https:\/\/blog.lesgrossesorchadeslesamplesthalameges.fr\/index.php\/covid-russie-la-nouvelle-normalite\/","title":{"rendered":"COVID Russie : la nouvelle normalit\u00e9"},"content":{"rendered":"<p>&nbsp;<\/p>\n<p>&nbsp;<\/p>\n<p>&nbsp;<\/p>\n<p>&nbsp;<\/p>\n<p>&nbsp;<\/p>\n<p>&nbsp;<\/p>\n<p>&nbsp;<\/p>\n<p>&nbsp;<\/p>\n<p style=\"text-align: center;\"><span style=\"font-family: times new roman, times, serif; font-size: 36pt;\"><strong>COVID Russie : la nouvelle normalit\u00e9<\/strong><\/span><\/p>\n<p style=\"text-align: center;\"><span style=\"font-family: times new roman, times, serif; font-size: 36pt;\"><strong>\u00a0<\/strong><\/span><\/p>\n<p style=\"text-align: center;\"><span style=\"font-family: times new roman, times, serif; font-size: 24pt;\">L&rsquo;escroquerie virale est devenue un \u00e9l\u00e9ment permanent de la \u00ab\u00a0sant\u00e9 publique\u00a0\u00bb en Russie.<\/span><\/p>\n<p style=\"text-align: center;\"><span style=\"font-family: times new roman, times, serif; font-size: 18pt;\"><strong><em>Edward Slavsquat<\/em><\/strong><strong> \u2013 20.3.2022<\/strong><\/span><\/p>\n<p style=\"text-align: center;\"><span style=\"font-family: times new roman, times, serif; font-size: 14pt;\"><strong>\u00a0<\/strong><\/span><\/p>\n<p style=\"text-align: justify;\"><span style=\"font-family: times new roman, times, serif; font-size: 14pt;\"><strong>\u00a0<\/strong><\/span><\/p>\n<p style=\"text-align: center;\"><span style=\"font-family: times new roman, times, serif; font-size: 18pt;\">Par <strong>Riley Waggaman,<\/strong> \u00e9crivain bas\u00e9 \u00e0 Moscou et ancien r\u00e9dacteur en chef de <em>RT<\/em>.<\/span><\/p>\n<p style=\"text-align: center;\"><span style=\"font-family: times new roman, times, serif; font-size: 18pt;\">Traduction\u00a0: <strong>c\u00a0l.<\/strong> pour <strong><em>L.G.O.<\/em><\/strong><\/span><\/p>\n<p>&nbsp;<\/p>\n<p>&nbsp;<\/p>\n<p>&nbsp;<\/p>\n<p style=\"text-align: center;\"><a href=\"http:\/\/blog.lesgrossesorchadeslesamplesthalameges.fr\/index.php\/covid-russie-la-nouvelle-normalite\/11-poutine-2\/\" rel=\"attachment wp-att-17939\"><img loading=\"lazy\" class=\"alignnone wp-image-17939 size-full\" src=\"http:\/\/blog.lesgrossesorchadeslesamplesthalameges.fr\/wp-content\/uploads\/2022\/03\/11.-Poutine-1.jpeg\" alt=\"\" width=\"600\" height=\"370\" srcset=\"https:\/\/blog.lesgrossesorchadeslesamplesthalameges.fr\/wp-content\/uploads\/2022\/03\/11.-Poutine-1.jpeg 600w, https:\/\/blog.lesgrossesorchadeslesamplesthalameges.fr\/wp-content\/uploads\/2022\/03\/11.-Poutine-1-300x185.jpeg 300w\" sizes=\"(max-width: 600px) 100vw, 600px\" \/><\/a><\/p>\n<p style=\"text-align: center;\"><span style=\"font-family: times new roman, times, serif; font-size: 12pt;\"><strong><em>Poutine inspectant les \u00ab mol\u00e9cules synth\u00e9tiques de petit ARN interf\u00e9rent \u00bb que la Russie va d\u00e9sormais administrer aux patients hospitalis\u00e9s dont le test PCR est positif. Le m\u00e9dicament a \u00e9t\u00e9 d\u00e9velopp\u00e9 par un bureaucrate li\u00e9 \u00e0 Bill Gates.<\/em><\/strong><\/span><\/p>\n<p style=\"text-align: justify;\"><span style=\"font-family: times new roman, times, serif; font-size: 14pt;\"><strong><em>\u00a0<\/em><\/strong><\/span><\/p>\n<p style=\"text-align: justify;\"><span style=\"font-family: times new roman, times, serif; font-size: 14pt;\"><strong><em>\u00a0<\/em><\/strong><\/span><\/p>\n<p style=\"text-align: justify;\"><span style=\"font-family: times new roman, times, serif; font-size: 14pt;\"><strong><em>\u00a0<\/em><\/strong><\/span><\/p>\n<p style=\"text-align: justify;\"><span style=\"font-family: times new roman, times, serif; font-size: 14pt;\"><strong>Moscou a laiss\u00e9 tomber ses \u00e9dits sur les masques ; les r\u00e9gions de Russie ont annul\u00e9 les d\u00e9crets de vaccination obligatoire et les r\u00e9gimes d&rsquo;auto-isolement. La Russie s&rsquo;est-elle finalement s\u00e9par\u00e9e de l&rsquo;escroquerie virale ?<\/strong><\/span><\/p>\n<p style=\"text-align: justify;\"><span style=\"font-family: times new roman, times, serif; font-size: 14pt;\">Pas du tout &#8211; c&rsquo;est juste que la couverture m\u00e9diatique 24 heures sur 24 et les rituels publics se focalisent actuellement sur l&rsquo;\u00ab\u00a0op\u00e9ration sp\u00e9ciale\u00a0\u00bb en Ukraine. Le redoutable virus est devenu un danger omnipr\u00e9sent mais normalis\u00e9, qui peut \u00eatre supprim\u00e9 \u2013 mais jamais compl\u00e8tement \u00e9radiqu\u00e9 \u2013 \u00e0 l&rsquo;aide d&rsquo;un \u00e9ventail \u00e9blouissant de m\u00e9dicaments non test\u00e9s. En fait, le gouvernement russe est en train de produire toutes sortes de nouveaux traitements pour prot\u00e9ger la population des tests PCR positifs.<\/span><\/p>\n<p>&nbsp;<\/p>\n<p>&nbsp;<\/p>\n<p style=\"text-align: justify;\"><span style=\"font-family: times new roman, times, serif; font-size: 18pt;\"><strong>Planquez vos enfants<\/strong><\/span><\/p>\n<p style=\"text-align: justify;\"><span style=\"font-family: times new roman, times, serif; font-size: 14pt;\">La Russie a pris du retard par rapport \u00e0 d&rsquo;autres pays en ce qui concerne l&rsquo;injection des enfants. Mais, bien que le COVID soit rel\u00e9gu\u00e9 au second plan en raison du conflit en Ukraine, les autorit\u00e9s sanitaires russes poursuivent leurs projets de piq\u00fbre aux plus jeunes. Alexander Gintsburg &#8211; le cerveau pr\u00e9sum\u00e9 de Sputnik V &#8211; commencera bient\u00f4t \u00e0 tester la version \u00ab\u00a0adapt\u00e9e aux enfants\u00a0\u00bb de son vaccin contre la coagulation, sur des enfants \u00e2g\u00e9s de 6 \u00e0 11 ans. Dans le m\u00eame temps, le minist\u00e8re russe de la sant\u00e9 demande aux moins de 18 ans de se faire vacciner pour se pr\u00e9munir contre l&rsquo;\u00ab\u00a0omicron furtif\u00a0\u00bb.<\/span><\/p>\n<p style=\"text-align: justify;\"><span style=\"font-family: times new roman, times, serif; font-size: 14pt;\">Il n&rsquo;est gu\u00e8re difficile d&rsquo;imaginer que, dans un avenir pas si lointain, les enfants russes devront p\u00e9riodiquement <em>prouver<\/em> qu&rsquo;ils sont \u00ab\u00a0exempts de COVID\u00a0\u00bb. En janvier, des scientifiques russes ont annonc\u00e9 qu&rsquo;ils avaient mis au point un test de \u00ab\u00a0r\u00e9action de Mantoux\u00a0\u00bb pour le coronavirus. En Russie, les tests de Mantoux sont couramment utilis\u00e9s pour d\u00e9pister la tuberculose chez les enfants. Le test de d\u00e9pistage de la tuberculose est en principe obligatoire pour inscrire votre enfant \u00e0 l&rsquo;\u00e9cole (il existe des moyens de contourner ce probl\u00e8me, mais vous devez passer par plusieurs \u00e9tapes).<\/span><\/p>\n<p>&nbsp;<\/p>\n<p>&nbsp;<\/p>\n<p>&nbsp;<\/p>\n<p style=\"text-align: center;\"><a href=\"http:\/\/blog.lesgrossesorchadeslesamplesthalameges.fr\/index.php\/covid-russie-la-nouvelle-normalite\/11-its-for-public-health-kiddos-ok\/\" rel=\"attachment wp-att-17941\"><img loading=\"lazy\" class=\"alignnone wp-image-17941\" src=\"http:\/\/blog.lesgrossesorchadeslesamplesthalameges.fr\/wp-content\/uploads\/2022\/03\/11.-Its-for-public-health-kiddos-OK.png\" alt=\"\" width=\"500\" height=\"293\" srcset=\"https:\/\/blog.lesgrossesorchadeslesamplesthalameges.fr\/wp-content\/uploads\/2022\/03\/11.-Its-for-public-health-kiddos-OK.png 600w, https:\/\/blog.lesgrossesorchadeslesamplesthalameges.fr\/wp-content\/uploads\/2022\/03\/11.-Its-for-public-health-kiddos-OK-300x176.png 300w\" sizes=\"(max-width: 500px) 100vw, 500px\" \/><\/a><\/p>\n<p>&nbsp;<\/p>\n<p>&nbsp;<\/p>\n<p>&nbsp;<\/p>\n<p style=\"text-align: justify;\"><span style=\"font-family: times new roman, times, serif; font-size: 18pt;\"><strong>\u00cates-vous pr\u00eat pour votre rappel intranasal biannuel ?<\/strong><\/span><\/p>\n<p style=\"text-align: justify;\"><span style=\"font-family: times new roman, times, serif; font-size: 14pt;\">Le l\u00e9gendaire centre russe Gamaleya, \u00ab\u00a0la plus grande institution de recherche au monde\u00a0\u00bb, enregistre actuellement son vaccin nasal Sputnik V. Ce m\u00e9dicament est commercialis\u00e9 comme une injection de rappel, qui sera probablement n\u00e9cessaire tous les six mois.<\/span><\/p>\n<p>&nbsp;<\/p>\n<p>&nbsp;<\/p>\n<p style=\"text-align: center;\"><span style=\"font-family: times new roman, times, serif; font-size: 14pt;\"><strong><em>\u00a0<a href=\"http:\/\/blog.lesgrossesorchadeslesamplesthalameges.fr\/index.php\/covid-russie-la-nouvelle-normalite\/12-acadelic-gintrsburg-2\/\" rel=\"attachment wp-att-17940\"><img loading=\"lazy\" class=\"alignnone wp-image-17940 size-full\" src=\"http:\/\/blog.lesgrossesorchadeslesamplesthalameges.fr\/wp-content\/uploads\/2022\/03\/12.-Acadelic-Gintrsburg-1.png\" alt=\"\" width=\"500\" height=\"514\" srcset=\"https:\/\/blog.lesgrossesorchadeslesamplesthalameges.fr\/wp-content\/uploads\/2022\/03\/12.-Acadelic-Gintrsburg-1.png 500w, https:\/\/blog.lesgrossesorchadeslesamplesthalameges.fr\/wp-content\/uploads\/2022\/03\/12.-Acadelic-Gintrsburg-1-292x300.png 292w\" sizes=\"(max-width: 500px) 100vw, 500px\" \/><\/a><\/em><\/strong><\/span><\/p>\n<p style=\"text-align: center;\"><span style=\"font-family: times new roman, times, serif; font-size: 12pt;\"><strong><em>D&rsquo;immunit\u00e9 ind\u00e9finie \u00e0 piq\u00fbres \u00e0 l&rsquo;infini en seulement 8 mois<\/em><\/strong><\/span><\/p>\n<p style=\"text-align: justify;\"><span style=\"font-family: times new roman, times, serif; font-size: 14pt;\"><strong><em>\u00a0<\/em><\/strong><\/span><\/p>\n<p style=\"text-align: justify;\"><span style=\"font-family: times new roman, times, serif; font-size: 14pt;\"><strong><em>\u00a0<\/em><\/strong><\/span><\/p>\n<p style=\"text-align: left;\"><span style=\"font-family: times new roman, times, serif; font-size: 14pt;\">Poutine s&rsquo;est port\u00e9 volontaire pour tester cette drogue intranasale en novembre, marquant ainsi sa quatri\u00e8me dose de Sputnik en moins d&rsquo;un an<strong><em>.<\/em><\/strong><\/span><\/p>\n<p style=\"text-align: justify;\"><span style=\"font-family: times new roman, times, serif; font-size: 14pt;\"><strong><em>\u00a0<\/em><\/strong><\/span><\/p>\n<p style=\"text-align: justify;\"><span style=\"font-family: times new roman, times, serif; font-size: 14pt;\"><strong><em>\u00a0<\/em><\/strong><\/span><\/p>\n<p style=\"text-align: center;\"><span style=\"font-family: times new roman, times, serif; font-size: 14pt;\"><strong><em>\u00a0<a href=\"http:\/\/blog.lesgrossesorchadeslesamplesthalameges.fr\/index.php\/2022\/03\/24\/en-suivant-la-feuille-de-route-7-et-autres-bricoles\/000-coronamonde-gif\/\" rel=\"attachment wp-att-17892\"><img loading=\"lazy\" class=\"alignnone wp-image-17892\" src=\"http:\/\/blog.lesgrossesorchadeslesamplesthalameges.fr\/wp-content\/uploads\/2022\/03\/000.-coronamonde-GIF.gif\" alt=\"\" width=\"80\" height=\"77\" \/><\/a><\/em><\/strong><\/span><\/p>\n<p>&nbsp;<\/p>\n<p>&nbsp;<\/p>\n<p style=\"text-align: justify;\"><span style=\"font-family: times new roman, times, serif; font-size: 14pt;\"><strong><span style=\"font-size: 18pt;\">La groupie russe de Bill Gates sauve la mise<\/span> <\/strong><\/span><\/p>\n<p>&nbsp;<\/p>\n<p style=\"text-align: justify;\"><span style=\"font-family: times new roman, times, serif; font-size: 14pt;\">Mais la poudre de nez Sputnik est-elle assez puissante pour arr\u00eater \u00ab\u00a0l&rsquo;omicron furtif\u00a0\u00bb ? Peut-\u00eatre pas. Heureusement, Veronika Skvortsova, directrice de l&rsquo;Agence f\u00e9d\u00e9rale m\u00e9dico-biologique russe (FMBA), <a href=\"https:\/\/\u0441\u0442\u043e\u043f\u043a\u043e\u0440\u043e\u043d\u0430\u0432\u0438\u0440\u0443\u0441.\u0440\u0444\/news\/20220319-1357.html\">a r\u00e9ussi \u00e0 faire enregistrer<\/a> un nouveau vaccin, le Konvasel, qui annihile toute forme d&rsquo;omicron clandestin.<\/span><\/p>\n<p style=\"text-align: justify;\"><span style=\"font-family: times new roman, times, serif; font-size: 14pt;\">Mme Skvortsova si\u00e8ge au <em>Global Preparedness Monitoring Board<\/em> (GPMB), financ\u00e9 par Bill Gates. Parmi les autres membres du conseil figurent le Dr Chris Elias, pr\u00e9sident du programme de d\u00e9veloppement mondial de Bill et Melinda Gates, et le m\u00e9decin pr\u00e9f\u00e9r\u00e9 des Am\u00e9ricains, Anthony Fauci.<\/span><\/p>\n<p style=\"text-align: justify;\"><span style=\"font-family: times new roman, times, serif; font-size: 14pt;\">Mme Skvortsova est un peu le L\u00e9onard de Vinci des concepteurs de m\u00e9dicaments du COVID. Le 15 mars, elle a rencontr\u00e9 Poutine pour discuter de l&rsquo;une de ses derni\u00e8res inventions, le MIR-19, qui signifie \u00ab\u00a0Petit ARN interf\u00e9rent\u00a0\u00bb.<\/span><\/p>\n<p>&nbsp;<\/p>\n<p>&nbsp;<\/p>\n<p>&nbsp;<\/p>\n<p style=\"text-align: center;\"><a href=\"http:\/\/blog.lesgrossesorchadeslesamplesthalameges.fr\/index.php\/covid-russie-la-nouvelle-normalite\/13-poutine-et-skvortsova-2\/\" rel=\"attachment wp-att-17942\"><img loading=\"lazy\" class=\"alignnone wp-image-17942 size-full\" src=\"http:\/\/blog.lesgrossesorchadeslesamplesthalameges.fr\/wp-content\/uploads\/2022\/03\/13.-Poutine-et-Skvortsova-1.jpg\" alt=\"\" width=\"600\" height=\"370\" srcset=\"https:\/\/blog.lesgrossesorchadeslesamplesthalameges.fr\/wp-content\/uploads\/2022\/03\/13.-Poutine-et-Skvortsova-1.jpg 600w, https:\/\/blog.lesgrossesorchadeslesamplesthalameges.fr\/wp-content\/uploads\/2022\/03\/13.-Poutine-et-Skvortsova-1-300x185.jpg 300w\" sizes=\"(max-width: 600px) 100vw, 600px\" \/><\/a><\/p>\n<p style=\"text-align: center;\"><span style=\"font-family: times new roman, times, serif; font-size: 12pt;\"><strong><em>Skvortsova en train d\u2019informer Poutine sur sa vape COVID. 15 mars 2022<\/em><\/strong> (Source)<\/span><\/p>\n<p>&nbsp;<\/p>\n<p>&nbsp;<\/p>\n<p>&nbsp;<\/p>\n<p style=\"text-align: justify;\"><span style=\"font-family: times new roman, times, serif; font-size: 14pt;\">Comme l\u2019a <a href=\"https:\/\/lenta.ru\/news\/2021\/12\/23\/mirr19\/\">expliqu\u00e9<\/a> Skvortsova\u00a0:<\/span><\/p>\n<p style=\"text-align: justify;\"><span style=\"font-family: times new roman, times, serif; font-size: 14pt;\"><strong>Les principaux composants du m\u00e9dicament sont des mol\u00e9cules synth\u00e9tiques de petit ARN interf\u00e9rent<\/strong> (siRNA), qui, \u00e0 l&rsquo;int\u00e9rieur de la cellule infect\u00e9e de l&rsquo;organisme, ciblent le g\u00e9nome de l&rsquo;agent pathog\u00e8ne et contribuent \u00e0 sa d\u00e9gradation.<\/span><\/p>\n<p style=\"text-align: justify;\"><span style=\"font-family: times new roman, times, serif; font-size: 14pt;\">Le m\u00e9dicament, qui est inhal\u00e9, est actuellement utilis\u00e9 dans les h\u00f4pitaux. Selon Mme Skvortsova, \u00ab\u00a0des \u00e9tudes sont actuellement men\u00e9es en ambulatoire pour utiliser ce m\u00e9dicament d\u00e8s la d\u00e9tection du premier test PCR positif. C&rsquo;est alors qu&rsquo;il est le plus efficace. L&rsquo;exp\u00e9rience montre que trois inhalations par jour pendant cinq jours suffisent pour obtenir un test PCR n\u00e9gatif\u00a0\u00bb.<\/span><\/p>\n<p style=\"text-align: justify;\"><span style=\"font-family: times new roman, times, serif; font-size: 14pt;\">Elle a soulign\u00e9 que MIR-19 est s\u00fbr et efficace et qu&rsquo;il ne modifiera pas le g\u00e9nome humain de quelque mani\u00e8re que ce soit. Et il n&rsquo;y a absolument aucune raison de douter de ce qu\u2019elle dit.<\/span><\/p>\n<p style=\"text-align: justify;\"><span style=\"font-family: times new roman, times, serif; font-size: 14pt;\">Durant son r\u00e8gne en tant que ministre de la sant\u00e9 (2012-2020), Mme Skvortsova a pr\u00e9sid\u00e9 \u00e0 un canular de plusieurs ann\u00e9es au cours duquel des donn\u00e9es bidon ont \u00e9t\u00e9 utilis\u00e9es pour d\u00e9clarer la victoire dans une guerre de sant\u00e9 publique contre les maladies cardiovasculaires. Elle s&rsquo;est \u00e9galement associ\u00e9e \u00e0 Gintsburg pour cr\u00e9er un vaccin g\u00e9n\u00e9tique contre Ebola, qui a ensuite connu un \u00e9chec spectaculaire. En fait, Skvortsova est sp\u00e9cialis\u00e9e dans deux choses : les purins g\u00e9n\u00e9tiques non prouv\u00e9s et les canulars de sant\u00e9 publique.<\/span><\/p>\n<p style=\"text-align: justify;\"><span style=\"font-family: times new roman, times, serif; font-size: 14pt;\">Il reste \u00e0 savoir si le MIR-19 sera aussi s\u00fbr et efficace que certains des autres m\u00e9dicaments d\u00e9j\u00e0 utilis\u00e9s pour combattre le COVID en Russie &#8211; y compris un m\u00e9dicament qui cause des \u00ab\u00a0dommages toxiques graves\u00a0\u00bb au foie (source : le ministre russe de la sant\u00e9 Mikhail Murashko).<\/span><\/p>\n<p>&nbsp;<\/p>\n<p>&nbsp;<\/p>\n<p style=\"text-align: justify;\"><span style=\"font-family: times new roman, times, serif; font-size: 18pt;\"><strong>La nouvelle normalit\u00e9<\/strong><\/span><\/p>\n<p style=\"text-align: justify;\"><span style=\"font-family: times new roman, times, serif; font-size: 14pt;\">Les mondialistes sont en plein recul. En Russie, les patients hospitalis\u00e9s dont les tests PCR sont positifs re\u00e7oivent l&rsquo;ordre d&rsquo;inhaler des vapeurs d&rsquo;ARN synth\u00e9tique.<\/span><\/p>\n<p style=\"text-align: justify;\"><span style=\"font-family: times new roman, times, serif; font-size: 14pt;\">Pendant ce temps, les retrait\u00e9s meurent myst\u00e9rieusement en quantit\u00e9s record. Le 16 mars, la RBK a indiqu\u00e9 que le nombre de retrait\u00e9s enregistr\u00e9s en Russie avait diminu\u00e9 de pr\u00e8s d&rsquo;un million au cours des 12 derniers mois &#8211; la plus forte mortalit\u00e9 depuis le d\u00e9but des ann\u00e9es 1990.<\/span><\/p>\n<p>&nbsp;<\/p>\n<p>&nbsp;<\/p>\n<p style=\"text-align: center;\"><a href=\"http:\/\/blog.lesgrossesorchadeslesamplesthalameges.fr\/index.php\/covid-russie-la-nouvelle-normalite\/19-unmillion-de-retraites-truicides\/\" rel=\"attachment wp-att-17943\"><img loading=\"lazy\" class=\"alignnone wp-image-17943 size-full\" src=\"http:\/\/blog.lesgrossesorchadeslesamplesthalameges.fr\/wp-content\/uploads\/2022\/03\/19.-Unmillion-de-retraites-truicides.png\" alt=\"\" width=\"500\" height=\"789\" srcset=\"https:\/\/blog.lesgrossesorchadeslesamplesthalameges.fr\/wp-content\/uploads\/2022\/03\/19.-Unmillion-de-retraites-truicides.png 500w, https:\/\/blog.lesgrossesorchadeslesamplesthalameges.fr\/wp-content\/uploads\/2022\/03\/19.-Unmillion-de-retraites-truicides-190x300.png 190w\" sizes=\"(max-width: 500px) 100vw, 500px\" \/><\/a><\/p>\n<p>&nbsp;<\/p>\n<p>&nbsp;<\/p>\n<p style=\"text-align: justify;\"><span style=\"font-family: times new roman, times, serif; font-size: 14pt;\">C&rsquo;est un dr\u00f4le de moment pour se trouver en Russie. Il est remarquable de constater que les m\u00eames fonctionnaires et personnalit\u00e9s publiques qui ont tant pouss\u00e9 au confinement g\u00e9n\u00e9ralis\u00e9 et aux vaccins g\u00e9n\u00e9rateurs de caillots se drapent maintenant dans le drapeau en promettant de d\u00e9busquer les redoutables \u00ab\u00a0cinqui\u00e8mes colonnes\u00a0\u00bb.<\/span><\/p>\n<p>&nbsp;<\/p>\n<p>&nbsp;<\/p>\n<p style=\"text-align: center;\"><a href=\"http:\/\/blog.lesgrossesorchadeslesamplesthalameges.fr\/index.php\/covid-russie-la-nouvelle-normalite\/20-gintzburg-et-maria-shukshina\/\" rel=\"attachment wp-att-17944\"><img loading=\"lazy\" class=\"alignnone wp-image-17944 size-full\" src=\"http:\/\/blog.lesgrossesorchadeslesamplesthalameges.fr\/wp-content\/uploads\/2022\/03\/20.-Gintzburg-et-Maria-Shukshina.png\" alt=\"\" width=\"600\" height=\"369\" srcset=\"https:\/\/blog.lesgrossesorchadeslesamplesthalameges.fr\/wp-content\/uploads\/2022\/03\/20.-Gintzburg-et-Maria-Shukshina.png 600w, https:\/\/blog.lesgrossesorchadeslesamplesthalameges.fr\/wp-content\/uploads\/2022\/03\/20.-Gintzburg-et-Maria-Shukshina-300x185.png 300w\" sizes=\"(max-width: 600px) 100vw, 600px\" \/><\/a><\/p>\n<p style=\"text-align: center;\"><span style=\"font-family: times new roman, times, serif; font-size: 14pt;\"><span style=\"font-size: 12pt;\"><strong><em>Gintsburg exhibe ses vaccins de coagulation ; Maria Shukshina n&rsquo;approuve pas<\/em><\/strong><\/span>.<\/span><\/p>\n<p>&nbsp;<\/p>\n<p>&nbsp;<\/p>\n<p>&nbsp;<\/p>\n<p style=\"text-align: justify;\"><span style=\"font-family: times new roman, times, serif; font-size: 14pt;\">L&rsquo;actrice et militante russe Maria Shukshina a tr\u00e8s joliment <a href=\"https:\/\/www.nakanune.ru\/articles\/118541\/\">r\u00e9sum\u00e9<\/a> la situation actuelle :<\/span><\/p>\n<p>&nbsp;<\/p>\n<p style=\"text-align: justify; padding-left: 80px;\"><span style=\"font-family: times new roman, times, serif; font-size: 14pt;\"><em>Les propagandistes [du COVID] \u00e9taient en faveur de la vaccination coercitive, et ceux qui \u00e9taient contre \u00e9taient trait\u00e9s d&rsquo;ennemis du peuple, ils appelaient \u00e0 tirer, \u00e0 boucler les quartiers et \u00e0 poignarder, poignarder, poignarder. Tout cela a \u00e9t\u00e9 dit sur les cha\u00eenes f\u00e9d\u00e9rales. Maintenant, un triple saut p\u00e9rilleux en l&rsquo;air &#8211; et les m\u00eames propagandistes \u00e0 plein temps qui pr\u00e9conisaient la vaccination obligatoire et participaient \u00e0 l&rsquo;agenda de Schwab et Gates pour r\u00e9initialiser le monde,<\/em> <em>sont maintenant des patriotes et soutiennent farouchement les valeurs spirituelles et morales, la nationalisation et le remplacement des importations. Ils ont d&rsquo;abord \u00e9chou\u00e9 dans le programme de vaccination, et on craint maintenant qu&rsquo;ils \u00e9chouent dans le programme patriotique&#8230; On ne peut pas faire confiance \u00e0 ces gens.<\/em><\/span><\/p>\n<p>&nbsp;<\/p>\n<p style=\"text-align: justify;\"><span style=\"font-family: times new roman, times, serif; font-size: 14pt;\">Certains ont \u00e9mis l&rsquo;hypoth\u00e8se que la non-guerre en Ukraine \u00e9tait la premi\u00e8re salve de la pr\u00e9tendue r\u00e9bellion du Kremlin contre l&rsquo;agenda de Davos, y compris la guerre mondiale contre la sant\u00e9 publique. La r\u00e9alit\u00e9 observable sugg\u00e8re le contraire.<\/span><\/p>\n<p>&nbsp;<\/p>\n<p>&nbsp;<\/p>\n<p style=\"text-align: justify;\"><span style=\"font-family: times new roman, times, serif; font-size: 14pt;\">Source : <a href=\"https:\/\/edwardslavsquat.substack.com\/p\/covid-russia-the-new-normal?s=r\">https:\/\/edwardslavsquat.substack.com\/p\/covid-russia-the-new-normal?s=r<\/a><br \/>\n<\/span><\/p>\n<p style=\"text-align: left;\"><strong>URL de cet article : <\/strong><a href=\"http:\/\/blog.lesgrossesorchadeslesamplesthalameges.fr\/index.php\/covid-russie-la-nouvelle-normalite\/\">http:\/\/blog.lesgrossesorchadeslesamplesthalameges.fr\/index.php\/covid-russie-la-nouvelle-normalite\/<\/a><strong><br \/>\n<\/strong><\/p>\n<p><strong>\u00a0<\/strong><\/p>\n<p><strong>\u00a0<\/strong><\/p>\n<p style=\"text-align: center;\"><strong>\u00a0<a href=\"http:\/\/blog.lesgrossesorchadeslesamplesthalameges.fr\/index.php\/2022\/03\/24\/en-suivant-la-feuille-de-route-7-et-autres-bricoles\/000-coronamonde-gif\/\" rel=\"attachment wp-att-17892\"><img loading=\"lazy\" class=\"alignnone wp-image-17892\" src=\"http:\/\/blog.lesgrossesorchadeslesamplesthalameges.fr\/wp-content\/uploads\/2022\/03\/000.-coronamonde-GIF.gif\" alt=\"\" width=\"80\" height=\"77\" \/><\/a><\/strong><\/p>\n<p>&nbsp;<\/p>\n<p>&nbsp;<\/p>\n<p style=\"text-align: right;\"><span style=\"font-family: comic sans ms, sans-serif; font-size: 14pt;\">Mars 2022<\/span><\/p>\n<p>&nbsp;<\/p>\n<p>&nbsp;<\/p>\n","protected":false},"excerpt":{"rendered":"<p>&nbsp; &nbsp; &nbsp; &nbsp; &nbsp; &nbsp; &nbsp; &nbsp; COVID Russie : la nouvelle normalit\u00e9 \u00a0 L&rsquo;escroquerie virale est devenue un \u00e9l\u00e9ment permanent de la \u00ab\u00a0sant\u00e9 publique\u00a0\u00bb en Russie. Edward Slavsquat \u2013 20.3.2022 \u00a0 \u00a0 Par Riley Waggaman, \u00e9crivain bas\u00e9 \u00e0 Moscou et ancien r\u00e9dacteur en chef de RT. Traduction\u00a0: c\u00a0l. pour L.G.O. &nbsp; &nbsp; &nbsp;&#8230;<\/p>\n","protected":false},"author":1,"featured_media":0,"parent":0,"menu_order":0,"comment_status":"closed","ping_status":"open","template":"","meta":[],"_links":{"self":[{"href":"https:\/\/blog.lesgrossesorchadeslesamplesthalameges.fr\/index.php\/wp-json\/wp\/v2\/pages\/17938"}],"collection":[{"href":"https:\/\/blog.lesgrossesorchadeslesamplesthalameges.fr\/index.php\/wp-json\/wp\/v2\/pages"}],"about":[{"href":"https:\/\/blog.lesgrossesorchadeslesamplesthalameges.fr\/index.php\/wp-json\/wp\/v2\/types\/page"}],"author":[{"embeddable":true,"href":"https:\/\/blog.lesgrossesorchadeslesamplesthalameges.fr\/index.php\/wp-json\/wp\/v2\/users\/1"}],"replies":[{"embeddable":true,"href":"https:\/\/blog.lesgrossesorchadeslesamplesthalameges.fr\/index.php\/wp-json\/wp\/v2\/comments?post=17938"}],"version-history":[{"count":9,"href":"https:\/\/blog.lesgrossesorchadeslesamplesthalameges.fr\/index.php\/wp-json\/wp\/v2\/pages\/17938\/revisions"}],"predecessor-version":[{"id":17953,"href":"https:\/\/blog.lesgrossesorchadeslesamplesthalameges.fr\/index.php\/wp-json\/wp\/v2\/pages\/17938\/revisions\/17953"}],"wp:attachment":[{"href":"https:\/\/blog.lesgrossesorchadeslesamplesthalameges.fr\/index.php\/wp-json\/wp\/v2\/media?parent=17938"}],"curies":[{"name":"wp","href":"https:\/\/api.w.org\/{rel}","templated":true}]}}