{"id":17955,"date":"2022-03-24T21:46:50","date_gmt":"2022-03-24T20:46:50","guid":{"rendered":"http:\/\/blog.lesgrossesorchadeslesamplesthalameges.fr\/?page_id=17955"},"modified":"2022-03-24T21:50:14","modified_gmt":"2022-03-24T20:50:14","slug":"17955-2","status":"publish","type":"page","link":"https:\/\/blog.lesgrossesorchadeslesamplesthalameges.fr\/index.php\/17955-2\/","title":{"rendered":"Un vaccin g\u00e9n\u00e9rateur de caillots rapproche la Russie de l\u2019Occident"},"content":{"rendered":"<p>&nbsp;<\/p>\n<p>&nbsp;<\/p>\n<p>&nbsp;<\/p>\n<p>&nbsp;<\/p>\n<p>&nbsp;<\/p>\n<p>&nbsp;<\/p>\n<p>&nbsp;<\/p>\n<p>&nbsp;<\/p>\n<p style=\"text-align: center;\"><strong><span style=\"font-family: times new roman, times, serif; font-size: 36pt;\">Un vaccin g\u00e9n\u00e9rateur de caillots rapproche la Russie de l\u2019Occident<\/span><\/strong><\/p>\n<h1 style=\"text-align: center;\"><\/h1>\n<p>&nbsp;<\/p>\n<p>&nbsp;<\/p>\n<p style=\"text-align: center;\"><span style=\"font-size: 18pt;\"><span style=\"font-family: times new roman, times, serif;\">Une entreprise pharmaceutique soutenue par le Kremlin fait enregistrer en Russie le vaccin g\u00e9n\u00e9rateur de caillots\u00a0\u00ab\u00a0<em>clot-shot<\/em>\u00a0\u00bb d&rsquo;AstraZeneca.<\/span><\/span><\/p>\n<h3 style=\"text-align: center;\"><\/h3>\n<p>&nbsp;<\/p>\n<p>&nbsp;<\/p>\n<p style=\"text-align: center;\"><strong><span style=\"font-size: 18pt;\"><span style=\"font-family: times new roman, times, serif;\"><em>Edward Slavsquat \u2013 15.3.2022<\/em><\/span><span style=\"font-family: times new roman, times, serif;\"><em>\u00a0<\/em><\/span><\/span><\/strong><\/p>\n<p>&nbsp;<\/p>\n<p style=\"text-align: center;\"><span style=\"font-family: times new roman, times, serif; font-size: 18pt;\">Traduction :<\/span><strong><span style=\"font-family: times new roman, times, serif; font-size: 18pt;\"> c.l. <\/span><\/strong><span style=\"font-family: times new roman, times, serif; font-size: 18pt;\">pour<\/span><strong><span style=\"font-family: times new roman, times, serif; font-size: 18pt;\"><em> L.G.O.<\/em><\/span><\/strong><\/p>\n<p style=\"text-align: justify;\"><strong><span style=\"font-family: times new roman, times, serif; font-size: 18pt;\"><em>\u00a0<\/em><\/span><\/strong><\/p>\n<p>&nbsp;<\/p>\n<p style=\"text-align: center;\"><a href=\"http:\/\/blog.lesgrossesorchadeslesamplesthalameges.fr\/index.php\/17955-2\/21-astra-kremlin\/\" rel=\"attachment wp-att-17956\"><img loading=\"lazy\" class=\"alignnone wp-image-17956 size-full\" src=\"http:\/\/blog.lesgrossesorchadeslesamplesthalameges.fr\/wp-content\/uploads\/2022\/03\/21.-Astra-Kremlin.jpg\" alt=\"\" width=\"450\" height=\"253\" srcset=\"https:\/\/blog.lesgrossesorchadeslesamplesthalameges.fr\/wp-content\/uploads\/2022\/03\/21.-Astra-Kremlin.jpg 450w, https:\/\/blog.lesgrossesorchadeslesamplesthalameges.fr\/wp-content\/uploads\/2022\/03\/21.-Astra-Kremlin-300x169.jpg 300w\" sizes=\"(max-width: 450px) 100vw, 450px\" \/><\/a><\/p>\n<p style=\"text-align: center;\"><strong><span style=\"font-family: times new roman, times, serif; font-size: 12pt;\"><em>C\u2019est ce dont le Kremlin meurt d\u2019envie ?<\/em><\/span><\/strong><\/p>\n<p style=\"text-align: justify;\"><span style=\"font-family: times new roman, times, serif; font-size: 14pt;\"><strong><em>\u00a0<\/em><\/strong><\/span><\/p>\n<p style=\"text-align: justify;\"><span style=\"font-family: times new roman, times, serif; font-size: 14pt;\"><strong><em>\u00a0<\/em><\/strong><\/span><\/p>\n<p>&nbsp;<\/p>\n<p style=\"text-align: justify;\"><span style=\"font-size: 14pt;\"><strong><span style=\"font-family: tahoma, arial, helvetica, sans-serif;\">Alors que tous les yeux sont riv\u00e9s sur la non-guerre en Ukraine, quelque chose de tout aussi d\u00e9routant <a href=\"https:\/\/www.interfax.ru\/russia\/828285\">se passe en Russie<\/a> :<\/span><\/strong><\/span><\/p>\n<p style=\"text-align: justify;\"><span style=\"font-size: 14pt;\"><strong><span style=\"font-family: tahoma, arial, helvetica, sans-serif;\">La soci\u00e9t\u00e9 R-Pharm a envoy\u00e9 une demande au minist\u00e8re de la Sant\u00e9 de la F\u00e9d\u00e9ration de Russie pour l&rsquo;enregistrement du vaccin contre le coronavirus d&rsquo;AstraZeneca en Russie.<\/span><\/strong><\/span><\/p>\n<p>&nbsp;<\/p>\n<p>&nbsp;<\/p>\n<p style=\"text-align: justify;\"><strong><span style=\"font-family: times new roman, times, serif; font-size: 14pt;\">Quelques commentaires :<\/span><\/strong><\/p>\n<p>&nbsp;<\/p>\n<p>&nbsp;<\/p>\n<p style=\"text-align: justify; padding-left: 120px;\"><span style=\"font-family: times new roman, times, serif; font-size: 14pt;\">1\/\u00a0\u00a0\u00a0\u00a0\u00a0\u00a0 Cela a toujours \u00e9t\u00e9 le plan. La Russie fait pression pour un cocktail Sputnik\/AstraZeneca depuis les premiers mois de l&rsquo;arnaque du virus. Le mois dernier, le Fonds russe d&rsquo;investissement direct &#8211; principal bailleur de fonds de Sputnik V &#8211; a r\u00e9v\u00e9l\u00e9 de nouvelles donn\u00e9es scientifiques montrant les avantages \u00e9tonnants de la combinaison de Sputnik Light et du \u00ab\u00a0clot-shot\u00a0\u00bb anglo-su\u00e9dois.<\/span><\/p>\n<p style=\"text-align: justify; padding-left: 120px;\"><span style=\"font-family: times new roman, times, serif; font-size: 14pt;\">2\/\u00a0\u00a0\u00a0\u00a0\u00a0\u00a0 R-Pharm produit d\u00e9j\u00e0 les vaccins AstraZeneca (sous la marque R-CoVI) en Russie, mais pour l&rsquo;exportation. R-Pharm fabrique \u00e9galement Sputnik V.<\/span><\/p>\n<p style=\"text-align: justify; padding-left: 120px;\"><span style=\"font-family: times new roman, times, serif; font-size: 14pt;\">3\/\u00a0\u00a0\u00a0\u00a0\u00a0\u00a0 Par co\u00efncidence, le Fonds russe d&rsquo;investissement direct est int\u00e9ress\u00e9 dans R-Pharm, ce qui signifie que le Kremlin empoche de d\u00e9licieux roubles gr\u00e2ce \u00e0 Sputnik V et R-CoVI.<\/span><\/p>\n<p style=\"text-align: justify; padding-left: 120px;\"><span style=\"font-family: times new roman, times, serif; font-size: 14pt;\">4\/\u00a0\u00a0\u00a0\u00a0\u00a0\u00a0 Pourquoi la Russie aurait-elle-m\u00eame besoin de d\u00e9ployer un coagulateur de Big Pharma ? Je pensais que la non-guerre en Ukraine avait vaincu l&rsquo;escroquerie virale pour toujours, surtout en Russie ?<\/span><\/p>\n<p>&nbsp;<\/p>\n<p>&nbsp;<\/p>\n<p style=\"text-align: justify;\"><span style=\"font-family: times new roman, times, serif; font-size: 14pt;\">Je surfais sur le Net \u00e0 la recherche d&rsquo;articles juteux sur le clot-shot d&rsquo;AstraZeneca (qui est une piq\u00fbre de mort av\u00e9r\u00e9e qui tue les gens) lorsque je suis tomb\u00e9 sur cette <a href=\"https:\/\/www.strategic-culture.org\/news\/2021\/03\/10\/nazi-healthcare-revived-across-the-five-eyes-killing-useless-eaters-and-bidens-covid-relief-bill\/\">excellente analyse<\/a> de la prestigieuse Strategic Culture Foundation :<\/span><\/p>\n<p>&nbsp;<\/p>\n<p>&nbsp;<\/p>\n<p style=\"text-align: justify; padding-left: 120px;\"><span style=\"font-family: times new roman, times, serif; font-size: 14pt;\">Le fait que les organisations qui ont favoris\u00e9 l&rsquo;essor de cette politique eug\u00e9nique dans l&rsquo;Allemagne nazie et en Am\u00e9rique du Nord comprenaient des puissances telles que la <em>Fondation Rockefeller<\/em>, le <em>Wellcome Trust<\/em> et la <em>Human Sterilization League for Human Betterment<\/em> (aujourd&rsquo;hui rebaptis\u00e9e \u00ab\u00a0<em>Engender Health<\/em>\u00a0\u00bb), qui ont toutes jou\u00e9 un r\u00f4le de premier plan au sein de l&rsquo;Organisation Mondiale de la Sant\u00e9 au cours des derni\u00e8res d\u00e9cennies, est plus qu&rsquo;inqui\u00e9tant. Le fait que ces organisations eug\u00e9nistes se soient simplement rebaptis\u00e9es apr\u00e8s la Seconde Guerre mondiale et qu&rsquo;elles soient aujourd&rsquo;hui impliqu\u00e9es dans le d\u00e9veloppement des vaccins ARN modernes, aux c\u00f4t\u00e9s du <em>Galton Institute<\/em> (anciennement <em>British Eugenics Association<\/em>), d&rsquo;AstraZeneca d&rsquo;Oxford, de Pfizer et de la Fondation Bill et Melinda Gates, devrait inciter tout penseur s\u00e9rieux \u00e0 r\u00e9fl\u00e9chir aux sch\u00e9mas historiques que nous sommes pr\u00eats \u00e0 tol\u00e9rer dans notre \u00e9poque pr\u00e9caire.<\/span><\/p>\n<p>&nbsp;<\/p>\n<p>&nbsp;<\/p>\n<p style=\"text-align: justify;\"><span style=\"font-family: times new roman, times, serif; font-size: 14pt;\">Toutes ces discussions sur les nazis me rappellent la non-guerre en Ukraine, qui a suscit\u00e9 des inqui\u00e9tudes quant aux armes biologiques et autres moyens non traditionnels d&rsquo;\u00e9liminer les gens. L&rsquo;autre jour, le minist\u00e8re russe de la D\u00e9fense a r\u00e9v\u00e9l\u00e9 que les \u00c9tats-Unis entra\u00eenaient des oiseaux pour qu&rsquo;ils puissent larguer de la bio-goo mortelle sur la Russie :<\/span><\/p>\n<p>&nbsp;<\/p>\n<p>&nbsp;<\/p>\n<p style=\"text-align: right;\"><span style=\"font-family: times new roman, times, serif; font-size: 14pt;\">\u00a0\u00a0\u00a0\u00a0\u00a0\u00a0\u00a0\u00a0\u00a0\u00a0\u00a0\u00a0\u00a0\u00a0\u00a0\u00a0\u00a0\u00a0\u00a0\u00a0\u00a0\u00a0 <strong><em><span style=\"font-size: 14pt; color: #c00000;\">Uniquement pour les curieux inv\u00e9t\u00e9r\u00e9s ! [N.d.GO]<\/span><br \/>\n<\/em><\/strong><\/span><\/p>\n<p style=\"text-align: justify; padding-left: 120px;\"><span style=\"font-family: times new roman, times, serif; font-size: 12pt;\">BIO-GOO (R\u00e9surrection de fossiles)<\/span><\/p>\n<p style=\"text-align: justify; padding-left: 120px;\"><span style=\"font-family: times new roman, times, serif; font-size: 12pt;\">RECETTE<\/span><\/p>\n<p style=\"text-align: justify; padding-left: 120px;\"><span style=\"font-family: times new roman, times, serif; font-size: 12pt;\">Pour fabriquer du Bio-Goo, il faut un \u0153uf, un seau de lait, du bl\u00e9 et de la chair pourrie. L&rsquo;\u0153uf peut \u00eatre remplac\u00e9 par des \u0153ufs de cr\u00e9atures pr\u00e9historiques, et la chair pourrie peut \u00eatre remplac\u00e9e par de la chair de Failuresaurus pour cr\u00e9er 4 Bio-Goo \u00e0 la fois.<\/span><\/p>\n<p style=\"text-align: justify; padding-left: 120px;\"><span style=\"font-family: times new roman, times, serif; font-size: 12pt;\">UTILISATION<\/span><\/p>\n<p style=\"text-align: justify; padding-left: 120px;\"><span style=\"font-family: times new roman, times, serif; font-size: 12pt;\">Bio-Goo est utilis\u00e9 dans la fente de carburant d&rsquo;une cuve de culture pour transformer de l&rsquo;ADN ou des graines fossilis\u00e9es en oeufs, embryons ou graines. Un seul suffit pour l&rsquo;ensemble du processus, \u00e0 moins que la cuve de culture ne tombe en panne.<\/span><\/p>\n<p style=\"text-align: justify; padding-left: 120px;\"><span style=\"font-family: times new roman, times, serif; font-size: 12pt;\">Lorsque le processus de renaissance est lanc\u00e9, le bio-goo est consomm\u00e9 imm\u00e9diatement. Il faut toute la dur\u00e9e de culture d&rsquo;un bio-goo pour faire revivre une graine\/spore ADN\/fossile.<\/span><\/p>\n<p style=\"text-align: justify;\"><span style=\"font-family: times new roman, times, serif; font-size: 14pt;\"><strong><em>\u00a0<\/em><\/strong><\/span><\/p>\n<p>&nbsp;<\/p>\n<p style=\"text-align: justify;\"><span style=\"font-family: times new roman, times, serif; font-size: 14pt;\">Je ne dis pas que la Russie ne devrait pas \u00eatre \u00e0 l&rsquo;aff\u00fbt d\u2019oiseaux d&rsquo;Ebola entra\u00een\u00e9s par le Pentagone. Elle devrait certainement. On ne peut pas faire confiance aux Yankees.<\/span><\/p>\n<p style=\"text-align: justify;\"><span style=\"font-family: times new roman, times, serif; font-size: 14pt;\">Mais si vous vous inqui\u00e9tez r\u00e9ellement de voir l&rsquo;Occident tenter de vous an\u00e9antir avec des armes non conventionnelles&#8230;. pourquoi envisager d&rsquo;approuver le traitement contre la coagulation d&rsquo;AstraZeneca ?<\/span><\/p>\n<p style=\"text-align: justify;\"><span style=\"font-family: times new roman, times, serif; font-size: 14pt;\">Questions, questions&#8230;.<\/span><\/p>\n<p>&nbsp;<\/p>\n<p>&nbsp;<\/p>\n<p style=\"text-align: left;\"><span style=\"font-family: times new roman, times, serif; font-size: 14pt;\">Source : <a href=\"https:\/\/edwardslavsquat.substack.com\/?utm_source=substack&amp;utm_medium=web&amp;utm_campaign=substack_profile\">https:\/\/edwardslavsquat.substack.com\/?utm_source=substack&amp;utm_medium=web&amp;utm_campaign=substack_profile<\/a><\/span><\/p>\n<p>&nbsp;<\/p>\n<p style=\"text-align: left;\"><span style=\"font-family: times new roman, times, serif; font-size: 14pt;\"><strong>URL de cet article : <\/strong><a href=\"http:\/\/blog.lesgrossesorchadeslesamplesthalameges.fr\/index.php\/17955-2\/\">http:\/\/blog.lesgrossesorchadeslesamplesthalameges.fr\/index.php\/17955-2\/<\/a><strong><br \/>\n<\/strong><\/span><\/p>\n<p style=\"text-align: justify;\"><span style=\"font-family: times new roman, times, serif; font-size: 14pt;\"><strong>\u00a0<\/strong><\/span><\/p>\n<p>&nbsp;<\/p>\n<p style=\"text-align: center;\"><span style=\"font-family: times new roman, times, serif; font-size: 14pt;\"><strong>\u00a0<a href=\"http:\/\/blog.lesgrossesorchadeslesamplesthalameges.fr\/index.php\/2022\/03\/24\/en-suivant-la-feuille-de-route-7-et-autres-bricoles\/000-coronamonde-gif\/\" rel=\"attachment wp-att-17892\"><img loading=\"lazy\" class=\"alignnone wp-image-17892\" src=\"http:\/\/blog.lesgrossesorchadeslesamplesthalameges.fr\/wp-content\/uploads\/2022\/03\/000.-coronamonde-GIF.gif\" alt=\"\" width=\"80\" height=\"77\" \/><\/a><\/strong><\/span><\/p>\n<p>&nbsp;<\/p>\n<p>&nbsp;<\/p>\n<p style=\"text-align: right;\"><span style=\"font-family: comic sans ms, sans-serif; font-size: 14pt;\">Mars 2022<\/span><\/p>\n<p>&nbsp;<\/p>\n<p>&nbsp;<\/p>\n","protected":false},"excerpt":{"rendered":"<p>&nbsp; &nbsp; &nbsp; &nbsp; &nbsp; &nbsp; &nbsp; &nbsp; Un vaccin g\u00e9n\u00e9rateur de caillots rapproche la Russie de l\u2019Occident &nbsp; &nbsp; Une entreprise pharmaceutique soutenue par le Kremlin fait enregistrer en Russie le vaccin g\u00e9n\u00e9rateur de caillots\u00a0\u00ab\u00a0clot-shot\u00a0\u00bb d&rsquo;AstraZeneca. &nbsp; &nbsp; Edward Slavsquat \u2013 15.3.2022\u00a0 &nbsp; Traduction : c.l. pour L.G.O. \u00a0 &nbsp; C\u2019est ce dont le&#8230;<\/p>\n","protected":false},"author":1,"featured_media":0,"parent":0,"menu_order":0,"comment_status":"open","ping_status":"open","template":"","meta":[],"_links":{"self":[{"href":"https:\/\/blog.lesgrossesorchadeslesamplesthalameges.fr\/index.php\/wp-json\/wp\/v2\/pages\/17955"}],"collection":[{"href":"https:\/\/blog.lesgrossesorchadeslesamplesthalameges.fr\/index.php\/wp-json\/wp\/v2\/pages"}],"about":[{"href":"https:\/\/blog.lesgrossesorchadeslesamplesthalameges.fr\/index.php\/wp-json\/wp\/v2\/types\/page"}],"author":[{"embeddable":true,"href":"https:\/\/blog.lesgrossesorchadeslesamplesthalameges.fr\/index.php\/wp-json\/wp\/v2\/users\/1"}],"replies":[{"embeddable":true,"href":"https:\/\/blog.lesgrossesorchadeslesamplesthalameges.fr\/index.php\/wp-json\/wp\/v2\/comments?post=17955"}],"version-history":[{"count":17,"href":"https:\/\/blog.lesgrossesorchadeslesamplesthalameges.fr\/index.php\/wp-json\/wp\/v2\/pages\/17955\/revisions"}],"predecessor-version":[{"id":17973,"href":"https:\/\/blog.lesgrossesorchadeslesamplesthalameges.fr\/index.php\/wp-json\/wp\/v2\/pages\/17955\/revisions\/17973"}],"wp:attachment":[{"href":"https:\/\/blog.lesgrossesorchadeslesamplesthalameges.fr\/index.php\/wp-json\/wp\/v2\/media?parent=17955"}],"curies":[{"name":"wp","href":"https:\/\/api.w.org\/{rel}","templated":true}]}}