{"id":17978,"date":"2022-03-24T22:33:10","date_gmt":"2022-03-24T21:33:10","guid":{"rendered":"http:\/\/blog.lesgrossesorchadeslesamplesthalameges.fr\/?page_id=17978"},"modified":"2022-03-24T22:34:48","modified_gmt":"2022-03-24T21:34:48","slug":"les-athletes-ne-vont-pas-bien","status":"publish","type":"page","link":"https:\/\/blog.lesgrossesorchadeslesamplesthalameges.fr\/index.php\/les-athletes-ne-vont-pas-bien\/","title":{"rendered":"Les athl\u00e8tes ne vont pas bien"},"content":{"rendered":"<p>&nbsp;<\/p>\n<p>&nbsp;<\/p>\n<p>&nbsp;<\/p>\n<p>&nbsp;<\/p>\n<p>&nbsp;<\/p>\n<p>&nbsp;<\/p>\n<p>&nbsp;<\/p>\n<p>&nbsp;<\/p>\n<p style=\"text-align: justify;\"><strong><span style=\"font-family: times new roman, times, serif; font-size: 18pt;\"><em>\u00a0<\/em><\/span><\/strong><\/p>\n<p style=\"text-align: center;\"><strong><span style=\"font-family: times new roman, times, serif; font-size: 36pt;\">Les athl\u00e8tes ne vont pas bien<br \/>\n<\/span><\/strong><\/p>\n<p>&nbsp;<\/p>\n<p style=\"text-align: center;\"><span style=\"font-family: times new roman, times, serif; font-size: 24pt;\">Ce n&rsquo;est pas normal.<\/span><\/p>\n<p>&nbsp;<\/p>\n<p>&nbsp;<\/p>\n<p style=\"text-align: center;\"><strong><span style=\"font-family: times new roman, times, serif; font-size: 18pt;\">Etana Hecht \u2013 <em>2<sup>nd<\/sup> Smartest Guy in the World<\/em> \u2013 22.3.2022<\/span><\/strong><\/p>\n<p>&nbsp;<\/p>\n<p style=\"text-align: center;\"><span style=\"font-family: times new roman, times, serif; font-size: 18pt;\">Traduction : <strong>c.l.<\/strong> pour <strong><em>L.G.O.<\/em><\/strong><\/span><\/p>\n<p>&nbsp;<\/p>\n<p>&nbsp;<\/p>\n<p>&nbsp;<\/p>\n<p style=\"text-align: center;\"><a href=\"http:\/\/blog.lesgrossesorchadeslesamplesthalameges.fr\/index.php\/2022\/03\/24\/en-suivant-la-feuille-de-route-7-et-autres-bricoles\/16-fifa\/\" rel=\"attachment wp-att-17900\"><img loading=\"lazy\" class=\"alignnone wp-image-17900 size-full\" src=\"http:\/\/blog.lesgrossesorchadeslesamplesthalameges.fr\/wp-content\/uploads\/2022\/03\/16.-FIFA.png\" alt=\"\" width=\"600\" height=\"454\" srcset=\"https:\/\/blog.lesgrossesorchadeslesamplesthalameges.fr\/wp-content\/uploads\/2022\/03\/16.-FIFA.png 600w, https:\/\/blog.lesgrossesorchadeslesamplesthalameges.fr\/wp-content\/uploads\/2022\/03\/16.-FIFA-300x227.png 300w\" sizes=\"(max-width: 600px) 100vw, 600px\" \/><\/a><\/p>\n<p>&nbsp;<\/p>\n<p>&nbsp;<\/p>\n<p>&nbsp;<\/p>\n<p style=\"text-align: justify;\"><strong><span style=\"font-family: tahoma, arial, helvetica, sans-serif; font-size: 14pt;\">Dans le comt\u00e9 d&rsquo;Orange, en Floride, il existe une toute nouvelle politique pour l&rsquo;ann\u00e9e scolaire en cours concernant les \u00e9tudiants sportifs. Depuis septembre 2021, tous les \u00e9tudiants-athl\u00e8tes doivent <a href=\"https:\/\/www.ocps.net\/cms\/one.aspx?portalId=54703&amp;pageId=1651111\">subir un \u00e9chocardiogramme<\/a> et recevoir l&rsquo;autorisation d&rsquo;un cardiologue avant de pouvoir jouer dans une \u00e9quipe sportive dans l&rsquo;une des \u00e9coles du comt\u00e9.<\/span><\/strong><\/p>\n<p>&nbsp;<\/p>\n<p>&nbsp;<\/p>\n<p>&nbsp;<\/p>\n<p style=\"text-align: center;\"><a href=\"http:\/\/blog.lesgrossesorchadeslesamplesthalameges.fr\/index.php\/les-athletes-ne-vont-pas-bien\/22-floride-athletes-school\/\" rel=\"attachment wp-att-17979\"><img loading=\"lazy\" class=\"alignnone wp-image-17979 size-full\" src=\"http:\/\/blog.lesgrossesorchadeslesamplesthalameges.fr\/wp-content\/uploads\/2022\/03\/22.-Floride-athletes-school.png\" alt=\"\" width=\"500\" height=\"544\" srcset=\"https:\/\/blog.lesgrossesorchadeslesamplesthalameges.fr\/wp-content\/uploads\/2022\/03\/22.-Floride-athletes-school.png 500w, https:\/\/blog.lesgrossesorchadeslesamplesthalameges.fr\/wp-content\/uploads\/2022\/03\/22.-Floride-athletes-school-276x300.png 276w\" sizes=\"(max-width: 500px) 100vw, 500px\" \/><\/a><\/p>\n<p>&nbsp;<\/p>\n<p>&nbsp;<\/p>\n<p>&nbsp;<\/p>\n<p style=\"text-align: justify;\"><span style=\"font-family: times new roman, times, serif; font-size: 14pt;\">J\u2019ai interrog\u00e9 par t\u00e9l\u00e9phone le directeur du d\u00e9partement des sports d&rsquo;un lyc\u00e9e du comt\u00e9 d&rsquo;Orange, il m&rsquo;a confirm\u00e9 que cette politique a \u00e9t\u00e9 mise en place par plusieurs comt\u00e9s de Floride et que la tendance s&rsquo;acc\u00e9l\u00e8re. Il m\u2019a appris que, gr\u00e2ce \u00e0 ces d\u00e9pistages, il n&rsquo;est pas rare que des \u00e9tudiants soient identifi\u00e9s comme pr\u00e9sentant un risque \u00e9lev\u00e9 d&rsquo;arr\u00eat cardiaque et de mort subite. De mai \u00e0 ao\u00fbt prochains, des ECG seront effectu\u00e9s sur le campus m\u00eame pour le confort des \u00e9tudiants.<\/span><\/p>\n<p style=\"text-align: justify;\"><span style=\"font-family: times new roman, times, serif; font-size: 14pt;\">Simultan\u00e9ment, dans le New Jersey, un cabinet de m\u00e9decine familiale a publi\u00e9 un avis officiel indiquant que, lors de la signature des formulaires de sant\u00e9 des \u00e9tudiants sportifs, si un \u00e9tudiant a \u00e9t\u00e9 vaccin\u00e9, la clinique ne peut l\u2019autoriser \u00e0 concourir que s&rsquo;il a subi un \u00e9chocardiogramme et d&rsquo;autres tests de laboratoire pour s&rsquo;assurer qu&rsquo;il ne pr\u00e9sente aucun signe de l\u00e9sions cardiaques. Les \u00e9l\u00e8ves non vaccin\u00e9s n&rsquo;ont pas \u00e0 subir ces tests suppl\u00e9mentaires. J&rsquo;ai personnellement v\u00e9rifi\u00e9 que c&rsquo;\u00e9tait bien le cas.<\/span><\/p>\n<p>&nbsp;<\/p>\n<p>&nbsp;<\/p>\n<p>&nbsp;<\/p>\n<p style=\"text-align: center;\"><a href=\"http:\/\/blog.lesgrossesorchadeslesamplesthalameges.fr\/index.php\/les-athletes-ne-vont-pas-bien\/23-student-athletes\/\" rel=\"attachment wp-att-17980\"><img loading=\"lazy\" class=\"alignnone wp-image-17980 size-full\" src=\"http:\/\/blog.lesgrossesorchadeslesamplesthalameges.fr\/wp-content\/uploads\/2022\/03\/23.-Student-Athletes.jpg\" alt=\"\" width=\"500\" height=\"402\" srcset=\"https:\/\/blog.lesgrossesorchadeslesamplesthalameges.fr\/wp-content\/uploads\/2022\/03\/23.-Student-Athletes.jpg 500w, https:\/\/blog.lesgrossesorchadeslesamplesthalameges.fr\/wp-content\/uploads\/2022\/03\/23.-Student-Athletes-300x241.jpg 300w\" sizes=\"(max-width: 500px) 100vw, 500px\" \/><\/a><\/p>\n<p style=\"text-align: center;\"><span style=\"font-family: times new roman, times, serif; font-size: 14pt;\"><a href=\"https:\/\/www.morrissussexfamilypractice.com\/general-3\"><span style=\"font-size: 12pt;\"><strong><em>Lien vers la proc\u00e9dure<\/em><\/strong><\/span><\/a><\/span><\/p>\n<p>&nbsp;<\/p>\n<p>&nbsp;<\/p>\n<p>&nbsp;<\/p>\n<p style=\"text-align: justify;\"><span style=\"font-family: times new roman, times, serif; font-size: 14pt;\"><a href=\"https:\/\/adversereactionreport.com\/vaccine-injured\/779-athlete-cardiac-arrests-serious-issues-500-dead-after-jab\/\">La liste effrayante<\/a> des athl\u00e8tes bless\u00e9s ou d\u00e9c\u00e9d\u00e9s au cours de l&rsquo;ann\u00e9e \u00e9coul\u00e9e ne cesse de s\u2019allonger. Des journalistes font constamment\u00a0 des recherches et compilent des articles pour que nous ayons acc\u00e8s \u00e0 ces informations. Malheureusement, du 3 janvier 2021 au 19 mars 2022, date de la derni\u00e8re mise \u00e0 jour du site, la liste compte 779 athl\u00e8tes. Je vous recommande vivement d\u2019aller jeter un coup d\u2019\u0153il \u00e0 ce site et de lire la description de leurs recherches.<\/span><\/p>\n<p style=\"text-align: justify;\"><span style=\"font-family: times new roman, times, serif; font-size: 14pt;\"><em>[La liste indiqu\u00e9e par l\u2019auteur (<\/em><a href=\"https:\/\/adversereactionreport.com\/vaccine-injured\/779-athlete-cardiac-arrests-serious-issues-500-dead-after-jab\/\"><em>https:\/\/adversereactionreport.com\/vaccine-injured\/779-athlete-cardiac-arrests-serious-issues-500-dead-after-jab\/<\/em><\/a><em> )n\u2019est \u00ab\u00a0pas accessible\u00a0\u00bb en fran\u00e7ais\u00a0: \u00ab\u00a0Impossible d\u2019ouvrir. Serveur ou proxy internet introuvable.\u00a0\u00bb Il l\u2019est sur le site 2ndSGW\u00a0!!!]<\/em><\/span><\/p>\n<p>&nbsp;<\/p>\n<p>&nbsp;<\/p>\n<p style=\"text-align: center;\"><a href=\"http:\/\/blog.lesgrossesorchadeslesamplesthalameges.fr\/index.php\/les-athletes-ne-vont-pas-bien\/24-athlete-noir\/\" rel=\"attachment wp-att-17982\"><img loading=\"lazy\" class=\"alignnone size-medium wp-image-17982\" src=\"http:\/\/blog.lesgrossesorchadeslesamplesthalameges.fr\/wp-content\/uploads\/2022\/03\/24.-Athlete-noir-300x199.png\" alt=\"\" width=\"300\" height=\"199\" srcset=\"https:\/\/blog.lesgrossesorchadeslesamplesthalameges.fr\/wp-content\/uploads\/2022\/03\/24.-Athlete-noir-300x199.png 300w, https:\/\/blog.lesgrossesorchadeslesamplesthalameges.fr\/wp-content\/uploads\/2022\/03\/24.-Athlete-noir.png 500w\" sizes=\"(max-width: 300px) 100vw, 300px\" \/><\/a><\/p>\n<p style=\"text-align: center;\"><span style=\"font-family: times new roman, times, serif; font-size: 14pt;\"><a href=\"https:\/\/adversereactionreport.com\/vaccine-injured\/779-athlete-cardiac-arrests-serious-issues-500-dead-after-jab\/\">Link to Site<\/a><\/span><\/p>\n<p style=\"text-align: center;\"><span style=\"font-family: times new roman, times, serif; font-size: 12pt;\">[Idem\u00a0: Impossible d\u2019ouvrir <a href=\"https:\/\/adversereactionreport.com\/vaccine-injured\/779-athlete-cardiac%20-arrests-serious-issues-500-dead-after-jab\/\">https:\/\/adversereactionreport.com\/vaccine-injured\/779-athlete-cardiac -arrests-serious-issues-500-dead-after-jab\/<\/a>. Serveur ou proxy Internet introuvable. NdT]<\/span><\/p>\n<p>&nbsp;<\/p>\n<p>&nbsp;<\/p>\n<p style=\"text-align: justify;\"><span style=\"font-family: times new roman, times, serif; font-size: 14pt;\">C&rsquo;est pourquoi la folie du Covid ne dispara\u00eet pas. C&rsquo;est pourquoi, en tant qu&rsquo;adultes et parents responsables, nous avons le devoir de demander des comptes \u00e0 qui de droit, afin qu&rsquo;aucun de nos enfants ne re\u00e7oive plus jamais de traitement m\u00e9dical impos\u00e9 par le gouvernement. Ici, en Isra\u00ebl, il y a une phrase qui est apparue :<\/span><\/p>\n<p>&nbsp;<\/p>\n<p style=\"text-align: center;\"><strong><span style=\"font-family: times new roman, times, serif; font-size: 18pt;\">\u201c\u05e4\u05d5\u05e9\u05e2\u05d9 \u05d4\u05e7\u05d5\u05e8\u05d5\u05e0\u05d4 \u05dc\u05d3\u05d9\u05df\u201d (Prononc\u00e9 : \u00ab\u00a0Posh-ay Ha-Corona La-din\u00a0\u00bb)<\/span><\/strong><\/p>\n<p>&nbsp;<\/p>\n<p style=\"text-align: justify;\"><span style=\"font-family: times new roman, times, serif; font-size: 14pt;\">C&rsquo;est un appel \u00e0 traduire les criminels du Corona en justice. Je ne suis pas une personne vengeresse ni col\u00e9rique par nature, mais je suis une m\u00e8re ourse, et rien que de penser \u00e0 la mesure dans laquelle le gouvernement s&rsquo;est ins\u00e9r\u00e9 autoritairement dans les d\u00e9cisions familiales entre parents et enfants me fait voir rouge. Je suis bien s\u00fbre que, \u00e0 moins que ceux qui ont forc\u00e9 les enfants \u00e0 \u00eatre vaccin\u00e9s avec un vaccin non \u00e9tanche et nocif ne soient traduits en justice par les personnes que leur tyrannie a endommag\u00e9es, <strong>cela se reproduira.<\/strong><\/span><\/p>\n<p style=\"text-align: justify;\"><span style=\"font-family: times new roman, times, serif; font-size: 14pt;\">Brucha Weisberger est une h\u00e9ro\u00efne de New York qui travaille jour et nuit pour prot\u00e9ger les enfants et la communaut\u00e9. Son organisation \u00e0 but non lucratif, <em>Rofim International<\/em>, vient d&rsquo;annoncer qu&rsquo;une \u00e9tape importante a \u00e9t\u00e9 franchie dans le cadre d&rsquo;une action collective potentielle contre Pfizer, au nom des victimes de vaccins. Ce proc\u00e8s sera fond\u00e9 sur la d\u00e9couverte d&rsquo;une fraude g\u00e9n\u00e9ralis\u00e9e au cours des essais cliniques de Pfizer, qui dissoudra l&rsquo;immunit\u00e9 juridique dont Pfizer a b\u00e9n\u00e9fici\u00e9 jusqu&rsquo;\u00e0 pr\u00e9sent. Partagez cette information avec toute personne susceptible de la trouver utile !<\/span><\/p>\n<p>&nbsp;<\/p>\n<p>&nbsp;<\/p>\n<p style=\"text-align: center;\"><a href=\"http:\/\/blog.lesgrossesorchadeslesamplesthalameges.fr\/index.php\/les-athletes-ne-vont-pas-bien\/25-rofim\/\" rel=\"attachment wp-att-17981\"><img loading=\"lazy\" class=\"alignnone wp-image-17981 size-full\" src=\"http:\/\/blog.lesgrossesorchadeslesamplesthalameges.fr\/wp-content\/uploads\/2022\/03\/25.-Rofim.png\" alt=\"\" width=\"500\" height=\"659\" srcset=\"https:\/\/blog.lesgrossesorchadeslesamplesthalameges.fr\/wp-content\/uploads\/2022\/03\/25.-Rofim.png 500w, https:\/\/blog.lesgrossesorchadeslesamplesthalameges.fr\/wp-content\/uploads\/2022\/03\/25.-Rofim-228x300.png 228w\" sizes=\"(max-width: 500px) 100vw, 500px\" \/><\/a><\/p>\n<p style=\"text-align: center;\"><span style=\"font-family: times new roman, times, serif; font-size: 14pt;\"><a href=\"https:\/\/rofiminternational.org\/\"><span style=\"font-size: 12pt;\">Lien vers Rofim international<\/span><\/a><\/span><\/p>\n<p>&nbsp;<\/p>\n<p>&nbsp;<\/p>\n<p style=\"text-align: justify;\"><span style=\"font-family: times new roman, times, serif; font-size: 14pt;\"><strong>Bonus :<\/strong> Voici <a href=\"https:\/\/childrenshealthdefense.org\/defender\/what-physicians-say-covid-vaccines\/\">un article fascinant<\/a>, qui donne un aper\u00e7u de la dynamique de la Covidmania dans le monde m\u00e9dical des m\u00e9dias sociaux.<\/span><\/p>\n<p>&nbsp;<\/p>\n<p>&nbsp;<\/p>\n<p style=\"text-align: center;\"><a href=\"http:\/\/blog.lesgrossesorchadeslesamplesthalameges.fr\/index.php\/les-athletes-ne-vont-pas-bien\/26-what-doctors-say\/\" rel=\"attachment wp-att-17983\"><img loading=\"lazy\" class=\"alignnone wp-image-17983 size-full\" src=\"http:\/\/blog.lesgrossesorchadeslesamplesthalameges.fr\/wp-content\/uploads\/2022\/03\/26.-What-doctors-say.png\" alt=\"\" width=\"500\" height=\"199\" srcset=\"https:\/\/blog.lesgrossesorchadeslesamplesthalameges.fr\/wp-content\/uploads\/2022\/03\/26.-What-doctors-say.png 500w, https:\/\/blog.lesgrossesorchadeslesamplesthalameges.fr\/wp-content\/uploads\/2022\/03\/26.-What-doctors-say-300x119.png 300w\" sizes=\"(max-width: 500px) 100vw, 500px\" \/><\/a><\/p>\n<p>&nbsp;<\/p>\n<p>&nbsp;<\/p>\n<p style=\"text-align: justify;\"><span style=\"font-family: times new roman, times, serif; font-size: 14pt;\">De 2ndSGW:<\/span><\/p>\n<p style=\"text-align: justify;\"><span style=\"font-family: times new roman, times, serif; font-size: 14pt;\"><strong>Bonus<\/strong> : <a href=\"https:\/\/2ndsmartestguyintheworld.substack.com\/p\/sign-at-virginia-pediatrics-office?s=w\">panneau affich\u00e9 au bureau de p\u00e9diatrie de Virginie pour les \u00e9tudiants sportifs :<\/a> \u00ab\u00a0Le vaccin COVID affecte votre c\u0153ur &#8211; si vous avez re\u00e7u des doses de n&rsquo;importe quel vaccin anti-COVID\u00a0\u00bb, nous ne vous autoriserons pas \u00e0 pratiquer \u00ab\u00a0sans analyses de laboratoire pr\u00e9alable\u00a0\u00bb.<\/span><\/p>\n<p style=\"text-align: justify;\"><span style=\"font-family: times new roman, times, serif; font-size: 14pt;\"><strong>Bonus<\/strong> : <a href=\"https:\/\/2ndsmartestguyintheworld.substack.com\/p\/covid-19-vaccine-is-to-blame-for?s=w\">Le vaccin Covid-19 est responsable de l&rsquo;augmentation de 300 % des d\u00e9c\u00e8s li\u00e9s au football en 2021, par rapport \u00e0 la moyenne annuelle.<\/a><\/span><\/p>\n<p style=\"text-align: justify;\"><span style=\"font-family: times new roman, times, serif; font-size: 14pt;\">Source : <a href=\"https:\/\/2ndsmartestguyintheworld.substack.com\/p\/the-athletes-arent-ok\">https:\/\/2ndsmartestguyintheworld.substack.com\/p\/the-athletes-arent-ok<\/a><\/span><\/p>\n<p style=\"text-align: justify;\"><span style=\"font-family: times new roman, times, serif; font-size: 14pt;\">Source\u00a0: <a href=\"https:\/\/2ndsmartestguyintheworld.substack.com\/p\/covid-19-vaccine-is-to-blame\">https:\/\/2ndsmartestguyintheworld.substack.com\/p\/covid-19-vaccine-is-to-blame<\/a><\/span><\/p>\n<p style=\"text-align: left;\"><span style=\"font-family: times new roman, times, serif; font-size: 14pt;\"><strong>URL de cet article : <\/strong><a href=\"http:\/\/blog.lesgrossesorchadeslesamplesthalameges.fr\/index.php\/les-athletes-ne-vont-pas-bien\/\">http:\/\/blog.lesgrossesorchadeslesamplesthalameges.fr\/index.php\/les-athletes-ne-vont-pas-bien\/<\/a><strong><br \/>\n<\/strong><\/span><\/p>\n<p style=\"text-align: justify;\"><span style=\"font-family: times new roman, times, serif; font-size: 14pt;\"><strong>\u00a0<\/strong><\/span><\/p>\n<p style=\"text-align: justify;\"><span style=\"font-family: times new roman, times, serif; font-size: 14pt;\"><strong>(qui ne concerne donc pas que les athl\u00e8tes de Virginie mais aussi les enfants isra\u00e9liens <\/strong><\/span><span style=\"font-family: times new roman, times, serif; font-size: 14pt;\"><strong>d\u2019Isra\u00ebl et des USA).<\/strong><\/span><\/p>\n<p style=\"text-align: justify;\"><span style=\"font-family: times new roman, times, serif; font-size: 14pt;\"><strong>\u00a0<\/strong><\/span><\/p>\n<p><strong>\u00a0<\/strong><\/p>\n<p><strong>\u00a0<\/strong><\/p>\n<p style=\"text-align: center;\"><strong>\u00a0<a href=\"http:\/\/blog.lesgrossesorchadeslesamplesthalameges.fr\/index.php\/2022\/03\/24\/en-suivant-la-feuille-de-route-7-et-autres-bricoles\/000-coronamonde-gif\/\" rel=\"attachment wp-att-17892\"><img loading=\"lazy\" class=\"alignnone wp-image-17892\" src=\"http:\/\/blog.lesgrossesorchadeslesamplesthalameges.fr\/wp-content\/uploads\/2022\/03\/000.-coronamonde-GIF.gif\" alt=\"\" width=\"80\" height=\"77\" \/><\/a><\/strong><\/p>\n<p><strong>\u00a0<\/strong><\/p>\n<p><strong>\u00a0<\/strong><\/p>\n<p style=\"text-align: right;\"><span style=\"font-family: comic sans ms, sans-serif; font-size: 14pt;\">Mars 2022<\/span><\/p>\n<p>&nbsp;<\/p>\n<p>&nbsp;<\/p>\n","protected":false},"excerpt":{"rendered":"<p>&nbsp; &nbsp; &nbsp; &nbsp; &nbsp; &nbsp; &nbsp; &nbsp; \u00a0 Les athl\u00e8tes ne vont pas bien &nbsp; Ce n&rsquo;est pas normal. &nbsp; &nbsp; Etana Hecht \u2013 2nd Smartest Guy in the World \u2013 22.3.2022 &nbsp; Traduction : c.l. pour L.G.O. &nbsp; &nbsp; &nbsp; &nbsp; &nbsp; &nbsp; Dans le comt\u00e9 d&rsquo;Orange, en Floride, il existe une toute&#8230;<\/p>\n","protected":false},"author":1,"featured_media":0,"parent":0,"menu_order":0,"comment_status":"open","ping_status":"open","template":"","meta":[],"_links":{"self":[{"href":"https:\/\/blog.lesgrossesorchadeslesamplesthalameges.fr\/index.php\/wp-json\/wp\/v2\/pages\/17978"}],"collection":[{"href":"https:\/\/blog.lesgrossesorchadeslesamplesthalameges.fr\/index.php\/wp-json\/wp\/v2\/pages"}],"about":[{"href":"https:\/\/blog.lesgrossesorchadeslesamplesthalameges.fr\/index.php\/wp-json\/wp\/v2\/types\/page"}],"author":[{"embeddable":true,"href":"https:\/\/blog.lesgrossesorchadeslesamplesthalameges.fr\/index.php\/wp-json\/wp\/v2\/users\/1"}],"replies":[{"embeddable":true,"href":"https:\/\/blog.lesgrossesorchadeslesamplesthalameges.fr\/index.php\/wp-json\/wp\/v2\/comments?post=17978"}],"version-history":[{"count":12,"href":"https:\/\/blog.lesgrossesorchadeslesamplesthalameges.fr\/index.php\/wp-json\/wp\/v2\/pages\/17978\/revisions"}],"predecessor-version":[{"id":17995,"href":"https:\/\/blog.lesgrossesorchadeslesamplesthalameges.fr\/index.php\/wp-json\/wp\/v2\/pages\/17978\/revisions\/17995"}],"wp:attachment":[{"href":"https:\/\/blog.lesgrossesorchadeslesamplesthalameges.fr\/index.php\/wp-json\/wp\/v2\/media?parent=17978"}],"curies":[{"name":"wp","href":"https:\/\/api.w.org\/{rel}","templated":true}]}}