{"id":18016,"date":"2022-03-25T00:04:38","date_gmt":"2022-03-24T23:04:38","guid":{"rendered":"http:\/\/blog.lesgrossesorchadeslesamplesthalameges.fr\/?page_id=18016"},"modified":"2022-03-25T00:05:40","modified_gmt":"2022-03-24T23:05:40","slug":"explication-des-caillots-de-sang-blanc-decouverts-par-les-embaumeurs","status":"publish","type":"page","link":"https:\/\/blog.lesgrossesorchadeslesamplesthalameges.fr\/index.php\/explication-des-caillots-de-sang-blanc-decouverts-par-les-embaumeurs\/","title":{"rendered":"Explication des caillots de sang blanc d\u00e9couverts par les embaumeurs ?"},"content":{"rendered":"<p>&nbsp;<\/p>\n<p>&nbsp;<\/p>\n<p>&nbsp;<\/p>\n<p>&nbsp;<\/p>\n<p>&nbsp;<\/p>\n<p>&nbsp;<\/p>\n<p>&nbsp;<\/p>\n<p>&nbsp;<\/p>\n<p style=\"text-align: center;\"><strong><span style=\"font-family: times new roman, times, serif; font-size: 36pt;\">Explication des caillots de sang blanc d\u00e9couverts par les embaumeurs ?<\/span><\/strong><\/p>\n<p>&nbsp;<\/p>\n<p>&nbsp;<\/p>\n<h1 style=\"text-align: justify;\"><\/h1>\n<p style=\"text-align: center;\"><span style=\"font-family: times new roman, times, serif; font-size: 24pt;\">L&rsquo;injection intraveineuse du vaccin ARNm de la maladie \u00e0 coronavirus 2019 (C19) peut induire une myop\u00e9ricardite aigu\u00eb chez les souris<\/span><\/p>\n<h1><\/h1>\n<p>&nbsp;<\/p>\n<p>&nbsp;<\/p>\n<p style=\"text-align: center;\"><strong><span style=\"font-family: times new roman, times, serif; font-size: 18pt;\"><em>2<sup>nd<\/sup> Smartest Guy in the World<\/em> \u2013 23.3.2022<\/span><\/strong><\/p>\n<p>&nbsp;<\/p>\n<p>&nbsp;<\/p>\n<p style=\"text-align: center;\"><span style=\"font-family: times new roman, times, serif; font-size: 18pt;\">Traduction : <strong>c.l.<\/strong> pour <strong><em>L.G.O.<\/em><\/strong><\/span><\/p>\n<p>&nbsp;<\/p>\n<p>&nbsp;<\/p>\n<p>&nbsp;<\/p>\n<h1 style=\"text-align: justify;\"><\/h1>\n<p style=\"text-align: justify;\"><span style=\"font-family: times new roman, times, serif; font-size: 14pt;\">Je viens juste de recevoir cet e-mail :<\/span><\/p>\n<p>&nbsp;<\/p>\n<p style=\"text-align: justify;\"><span style=\"font-family: times new roman, times, serif; font-size: 14pt;\">R\u00e9cemment, mon ami X X est tomb\u00e9 sur ce document :<\/span><\/p>\n<p>&nbsp;<\/p>\n<p style=\"text-align: center;\"><span style=\"font-family: times new roman, times, serif; font-size: 14pt;\"><strong>\u00ab\u00a0<\/strong><a href=\"https:\/\/pubmed.ncbi.nlm.nih.gov\/34406358\/\"><strong>L&rsquo;injection intraveineuse du vaccin ARNm de la maladie \u00e0 coronavirus 2019 (COVID-19) peut induire une myop\u00e9ricardite aigu\u00eb dans un mod\u00e8le de souris<\/strong>\u00a0<\/a>\u00bb .<\/span><\/p>\n<p>&nbsp;<\/p>\n<p><span style=\"font-family: times new roman, times, serif; font-size: 14pt;\">Il convient de noter que les c\u0153urs des souris du groupe inocul\u00e9 par l&rsquo;ARNm \u00e9taient significativement calcifi\u00e9s.<\/span><\/p>\n<p>&nbsp;<\/p>\n<p>&nbsp;<\/p>\n<p>&nbsp;<\/p>\n<p style=\"text-align: center;\"><a href=\"http:\/\/blog.lesgrossesorchadeslesamplesthalameges.fr\/index.php\/explication-des-caillots-de-sang-blanc-decouverts-par-les-embaumeurs\/17-souris-2\/\" rel=\"attachment wp-att-18017\"><img loading=\"lazy\" class=\"alignnone wp-image-18017 size-full\" src=\"http:\/\/blog.lesgrossesorchadeslesamplesthalameges.fr\/wp-content\/uploads\/2022\/03\/17.-Souris-1.png\" alt=\"\" width=\"600\" height=\"534\" srcset=\"https:\/\/blog.lesgrossesorchadeslesamplesthalameges.fr\/wp-content\/uploads\/2022\/03\/17.-Souris-1.png 600w, https:\/\/blog.lesgrossesorchadeslesamplesthalameges.fr\/wp-content\/uploads\/2022\/03\/17.-Souris-1-300x267.png 300w\" sizes=\"(max-width: 600px) 100vw, 600px\" \/><\/a><\/p>\n<p>&nbsp;<\/p>\n<p>&nbsp;<\/p>\n<p>&nbsp;<\/p>\n<p style=\"text-align: justify;\"><span style=\"font-family: times new roman, times, serif; font-size: 14pt;\">X X a sugg\u00e9r\u00e9 que\u00a0:<\/span><\/p>\n<p>&nbsp;<\/p>\n<p style=\"text-align: justify;\"><span style=\"font-family: times new roman, times, serif; font-size: 14pt;\"><strong>\u00ab\u00a0la s\u00e9nescence cellulaire, la diminution de l&rsquo;autophagie et surtout les VESICULES EXTRACELLULAIRES contribuent \u00e0 la calcification vasculaire dans le vieillissement. Ce sont exactement les m\u00e9canismes que la prot\u00e9ine Spike utilise et\/ou induit.<\/strong><\/span><\/p>\n<p style=\"text-align: justify;\"><span style=\"font-family: times new roman, times, serif; font-size: 14pt;\"><strong>Ce pourrait \u00eatre le m\u00e9canisme sous-jacent \u00e0 toutes les pathologies post COVID et post Spike Protein, y compris le COVID long. <em>Le syst\u00e8me vasculaire pourrait \u00eatre vieilli de cinquante ans par la prot\u00e9ine Spike\u00a0<\/em>\u00bb<em>.<\/em><\/strong><\/span><\/p>\n<p>&nbsp;<\/p>\n<p style=\"text-align: justify;\"><span style=\"font-family: times new roman, times, serif; font-size: 14pt;\">Source\u00a0: <a href=\"https:\/\/2ndsmartestguyintheworld.substack.com\/p\/fwd-explanation-for-white-blood-clots\">https:\/\/2ndsmartestguyintheworld.substack.com\/p\/fwd-explanation-for-white-blood-clots<\/a><\/span><\/p>\n<p>&nbsp;<\/p>\n<p style=\"text-align: left;\"><span style=\"font-family: times new roman, times, serif; font-size: 18pt;\"><strong>Commentaires\u00a0:<\/strong><\/span><\/p>\n<p style=\"text-align: justify;\"><span style=\"font-family: times new roman, times, serif; font-size: 14pt;\">Melanie<\/span><\/p>\n<p style=\"text-align: justify;\"><span style=\"font-family: times new roman, times, serif; font-size: 14pt;\">(Liked by 2nd Smartest Guy in the World)<\/span><\/p>\n<p style=\"text-align: justify;\"><span style=\"font-family: times new roman, times, serif; font-size: 14pt;\">Les \u00e9tudes sur les animaux ont extr\u00eamement bien montr\u00e9 \u00e0 quel point le concept de vaccin \u00e0 ARNm est horrible. On le savait longtemps \u00e0 l&rsquo;avance et on a quand m\u00eame choisi d&rsquo;aller de l&rsquo;avant. Ce seul fait constitue une intention criminelle de nuire et toutes les personnes impliqu\u00e9es doivent \u00eatre traduites en justice.<\/span><\/p>\n<p style=\"text-align: justify;\"><span style=\"font-family: times new roman, times, serif; font-size: 14pt;\">Brian Mowrey<\/span><\/p>\n<p style=\"text-align: justify;\"><span style=\"font-family: times new roman, times, serif; font-size: 14pt;\">(Liked by 2nd Smartest Guy in the World)<\/span><\/p>\n<p style=\"text-align: justify;\"><span style=\"font-family: times new roman, times, serif; font-size: 14pt;\">C\u2019est aussi ce que propose Marc Girardot &#8211; <a href=\"https:\/\/covidmythbuster.substack.com\/p\/embalmer-conundrum-aha-moment\">https:\/\/covidmythbuster.substack.com\/p\/embalmer-conundrum-aha-moment<\/a><\/span><\/p>\n<table>\n<tbody>\n<tr>\n<td><\/td>\n<\/tr>\n<\/tbody>\n<\/table>\n<p style=\"text-align: justify;\"><span style=\"font-family: times new roman, times, serif; font-size: 14pt;\"><a href=\"https:\/\/2ndsmartestguyintheworld.substack.com\/p\/fwd-explanation-for-white-blood-clots\/comments\">9 more comments\u2026<\/a><\/span><\/p>\n<p>&nbsp;<\/p>\n<p style=\"text-align: left;\"><span style=\"font-family: times new roman, times, serif; font-size: 14pt;\">Source\u00a0: <a href=\"https:\/\/2ndsmartestguyintheworld.substack.com\/p\/fwd-explanation-for-white-blood-clots?s=r\">https:\/\/2ndsmartestguyintheworld.substack.com\/p\/fwd-explanation-for-white-blood-clots?s=r<\/a><\/span><\/p>\n<p style=\"text-align: justify;\"><span style=\"font-family: times new roman, times, serif; font-size: 14pt;\">\u00a0<\/span><\/p>\n<p>&nbsp;<\/p>\n<p style=\"text-align: center;\"><a href=\"http:\/\/blog.lesgrossesorchadeslesamplesthalameges.fr\/index.php\/2022\/03\/24\/en-suivant-la-feuille-de-route-7-et-autres-bricoles\/000-coronamonde-gif\/\" rel=\"attachment wp-att-17892\"><img loading=\"lazy\" class=\"alignnone wp-image-17892\" src=\"http:\/\/blog.lesgrossesorchadeslesamplesthalameges.fr\/wp-content\/uploads\/2022\/03\/000.-coronamonde-GIF.gif\" alt=\"\" width=\"80\" height=\"77\" \/><\/a><\/p>\n<p>&nbsp;<\/p>\n<p>&nbsp;<\/p>\n<p style=\"text-align: center;\"><span style=\"font-family: times new roman, times, serif; font-size: 36pt;\"><strong>Pfizer SAVAIT que ces vaccins anti-COVID tuaient beaucoup de gens mais les a quand m\u00eame commercialis\u00e9s.<\/strong><\/span><\/p>\n<p>&nbsp;<\/p>\n<p style=\"text-align: justify;\"><span style=\"font-family: times new roman, times, serif; font-size: 14pt;\"><strong><em>\u00a0<\/em><\/strong><\/span><\/p>\n<p style=\"text-align: center;\"><span style=\"font-family: times new roman, times, serif; font-size: 14pt;\"><strong>Truckers for Freedom USA<em>\u00a0 \u2013<\/em><\/strong> <strong><em>2<sup>nd<\/sup> Smartest Guy in the World<\/em><\/strong><strong> \u2013 22.3.2022<\/strong><\/span><\/p>\n<p>&nbsp;<\/p>\n<p style=\"text-align: center;\"><span style=\"font-family: times new roman, times, serif; font-size: 18pt;\">Traduction :<\/span><strong><span style=\"font-family: times new roman, times, serif; font-size: 18pt;\"> c.l. <\/span><\/strong><span style=\"font-family: times new roman, times, serif; font-size: 18pt;\">pour<\/span><em><strong><span style=\"font-family: times new roman, times, serif; font-size: 18pt;\"> L.G.O.<\/span><\/strong><\/em><\/p>\n<p>&nbsp;<\/p>\n<p>&nbsp;<\/p>\n<p style=\"text-align: justify;\"><span style=\"font-family: times new roman, times, serif; font-size: 14pt;\">\u00a0\u00ab Pfizer SAVAIT que ces vaccins anti-COVID tuaient beaucoup de gens mais les a quand m\u00eame commercialis\u00e9s. Des crimes contre l&rsquo;humanit\u00e9. RFK parle et parle bien. Partagez cette vid\u00e9o.<\/span><\/p>\n<p style=\"text-align: justify;\"><span style=\"font-family: times new roman, times, serif; font-size: 14pt;\">Et suivez notre cha\u00eene pour lib\u00e9rer le monde et faire tomber CCP et Pfizer qui ont d\u00e9cha\u00een\u00e9 ce bordel :\u00a0<\/span><\/p>\n<p>&nbsp;<\/p>\n<p>&nbsp;<\/p>\n<p style=\"text-align: center;\"><a href=\"http:\/\/blog.lesgrossesorchadeslesamplesthalameges.fr\/index.php\/explication-des-caillots-de-sang-blanc-decouverts-par-les-embaumeurs\/17-usa-truckers\/\" rel=\"attachment wp-att-18019\"><img loading=\"lazy\" class=\"alignnone wp-image-18019 size-full\" src=\"http:\/\/blog.lesgrossesorchadeslesamplesthalameges.fr\/wp-content\/uploads\/2022\/03\/17.-USA-TRUCKERS.jpg\" alt=\"\" width=\"600\" height=\"648\" srcset=\"https:\/\/blog.lesgrossesorchadeslesamplesthalameges.fr\/wp-content\/uploads\/2022\/03\/17.-USA-TRUCKERS.jpg 600w, https:\/\/blog.lesgrossesorchadeslesamplesthalameges.fr\/wp-content\/uploads\/2022\/03\/17.-USA-TRUCKERS-278x300.jpg 278w\" sizes=\"(max-width: 600px) 100vw, 600px\" \/><\/a><\/p>\n<p>&nbsp;<\/p>\n<p style=\"text-align: center;\"><span style=\"font-family: times new roman, times, serif; font-size: 14pt;\"><a href=\"https:\/\/t.me\/TruckersForFreedomGlobal\"><strong><span style=\"font-size: 18pt;\">https:\/\/t.me\/TruckersForFreedomGlobal<\/span><\/strong><\/a><strong><br \/>\n<\/strong><\/span><\/p>\n<p style=\"text-align: center;\"><a href=\"http:\/\/blog.lesgrossesorchadeslesamplesthalameges.fr\/index.php\/explication-des-caillots-de-sang-blanc-decouverts-par-les-embaumeurs\/000-vers-le-bas-fleche-rouge-gif-copie-13\/\" rel=\"attachment wp-att-18020\"><img loading=\"lazy\" class=\"alignnone size-full wp-image-18020\" src=\"http:\/\/blog.lesgrossesorchadeslesamplesthalameges.fr\/wp-content\/uploads\/2022\/03\/000.-vers-le-bas-fleche-rouge-GIF-Copie.gif\" alt=\"\" width=\"100\" height=\"100\" \/><\/a><\/p>\n<p style=\"text-align: center;\"><span style=\"font-family: times new roman, times, serif; font-size: 14pt;\"><a href=\"https:\/\/rumble.com\/vy1zip-pfizer-knew-these-covid-shots-killed-a-lot-of-ppl-but-released-them-anyway.html\"><strong><span style=\"font-size: 18pt;\">Video<\/span><\/strong><\/a><span style=\"font-size: 18pt;\"><strong>.<\/strong><\/span><\/span><\/p>\n<p style=\"text-align: justify;\"><span style=\"font-family: times new roman, times, serif; font-size: 14pt;\"><strong>\u00a0<\/strong><\/span><\/p>\n<p>&nbsp;<\/p>\n<p style=\"text-align: justify;\"><span style=\"font-family: times new roman, times, serif; font-size: 14pt;\">Pas grand-chose \u00e0 ajouter \u00e0 cette courte pr\u00e9sentation de RFK Jr, sinon qu&rsquo;il est quelque peu regrettable qu&rsquo;il ne poss\u00e8de pas un plus grand sens de l&rsquo;urgence et de l&rsquo;alarme. Il est clair qu&rsquo;il n&rsquo;est pas compl\u00e8tement lib\u00e9r\u00e9 de la matrice (voir sa position sur le VIH causant le SIDA, etc.), car les valeurs d\u00e9mocrates dont il a h\u00e9rit\u00e9 l&#8217;emp\u00eachent de suivre le fil logique jusqu&rsquo;au d\u00e9nouement d\u00e9prav\u00e9 de la d\u00e9population par armes biologiques. Mais c&rsquo;est toujours beaucoup mieux que rien.<\/span><\/p>\n<p>&nbsp;<\/p>\n<p style=\"text-align: justify;\"><span style=\"font-size: 18pt;\"><strong><span style=\"font-family: times new roman, times, serif;\">Commentaires<\/span><\/strong><\/span><\/p>\n<p style=\"text-align: justify;\"><span style=\"font-family: times new roman, times, serif; font-size: 14pt;\">CK \u2013 23 mars<\/span><\/p>\n<p style=\"text-align: justify;\"><span style=\"font-family: times new roman, times, serif; font-size: 14pt;\">(Liked by 2nd Smartest Guy in the World)<\/span><\/p>\n<p style=\"text-align: justify;\"><span style=\"font-family: times new roman, times, serif; font-size: 14pt;\">Dans son livre <em>Le v\u00e9ritable Anthony Fauci<\/em>, RFK Jr. dit qu&rsquo;il croit que le VIH cause le SIDA, puis il pr\u00e9sente des preuves accablantes montrant que le VIH n&rsquo;a rien \u00e0 voir avec le SIDA. Il a peut-\u00eatre peur de se faire supprimer.<\/span><\/p>\n<p style=\"text-align: justify;\"><span style=\"font-family: times new roman, times, serif; font-size: 14pt;\">Skip \u2013 23 mars$<\/span><\/p>\n<p style=\"text-align: justify;\"><span style=\"font-family: times new roman, times, serif; font-size: 14pt;\">(Liked by 2<sup>nd<\/sup> Smartest Guy in the World)<\/span><\/p>\n<p style=\"text-align: justify;\"><span style=\"font-family: times new roman, times, serif; font-size: 14pt;\">J&rsquo;admets avoir du mal \u00e0 le comprendre quand il parle, mais j&rsquo;ai compris assez clairement le rapport vaccins\/placebo de 5:1 qui \u00e9tait un grand signal d&rsquo;alarme. JFK Jr. sait, comme le prouve son excellent livre, et a le courage de continuer \u00e0 dire les choses telles qu&rsquo;elles sont. Un brave homme.<\/span><\/p>\n<p style=\"text-align: justify;\"><span style=\"font-family: times new roman, times, serif; font-size: 14pt;\"><a href=\"https:\/\/2ndsmartestguyintheworld.substack.com\/p\/pfizer-knew-these-covid-shots-killed\/comments\">8 more comments\u2026<\/a><\/span><\/p>\n<p style=\"text-align: left;\"><span style=\"font-family: times new roman, times, serif; font-size: 14pt;\">Source\u00a0: <a href=\"https:\/\/2ndsmartestguyintheworld.substack.com\/p\/introducing-psyop-22-the-next-round?s=r\">https:\/\/2ndsmartestguyintheworld.substack.com\/p\/introducing-psyop-22-the-next-round?s=r<\/a><\/span><\/p>\n<p>&nbsp;<\/p>\n<p style=\"text-align: left;\"><span style=\"font-family: times new roman, times, serif; font-size: 14pt;\"><strong>URL de ces articles\u00a0: <\/strong><a href=\"http:\/\/blog.lesgrossesorchadeslesamplesthalameges.fr\/index.php\/explication-des-caillots-de-sang-blanc-decouverts-par-les-embaumeurs\/\">http:\/\/blog.lesgrossesorchadeslesamplesthalameges.fr\/index.php\/explication-des-caillots-de-sang-blanc-decouverts-par-les-embaumeurs\/<\/a><\/span><\/p>\n<p>&nbsp;<\/p>\n<p>&nbsp;<\/p>\n<p style=\"text-align: center;\"><a href=\"http:\/\/blog.lesgrossesorchadeslesamplesthalameges.fr\/index.php\/2022\/03\/24\/en-suivant-la-feuille-de-route-7-et-autres-bricoles\/000-coronamonde-gif\/\" rel=\"attachment wp-att-17892\"><img loading=\"lazy\" class=\"alignnone wp-image-17892\" src=\"http:\/\/blog.lesgrossesorchadeslesamplesthalameges.fr\/wp-content\/uploads\/2022\/03\/000.-coronamonde-GIF.gif\" alt=\"\" width=\"80\" height=\"77\" \/><\/a><\/p>\n<p>&nbsp;<\/p>\n<p style=\"text-align: right;\"><span style=\"font-family: comic sans ms, sans-serif; font-size: 14pt;\">Mars 2022<\/span><\/p>\n<p>&nbsp;<\/p>\n<p>&nbsp;<\/p>\n","protected":false},"excerpt":{"rendered":"<p>&nbsp; &nbsp; &nbsp; &nbsp; &nbsp; &nbsp; &nbsp; &nbsp; Explication des caillots de sang blanc d\u00e9couverts par les embaumeurs ? &nbsp; &nbsp; L&rsquo;injection intraveineuse du vaccin ARNm de la maladie \u00e0 coronavirus 2019 (C19) peut induire une myop\u00e9ricardite aigu\u00eb chez les souris &nbsp; &nbsp; 2nd Smartest Guy in the World \u2013 23.3.2022 &nbsp; &nbsp; Traduction :&#8230;<\/p>\n","protected":false},"author":1,"featured_media":0,"parent":0,"menu_order":0,"comment_status":"open","ping_status":"open","template":"","meta":[],"_links":{"self":[{"href":"https:\/\/blog.lesgrossesorchadeslesamplesthalameges.fr\/index.php\/wp-json\/wp\/v2\/pages\/18016"}],"collection":[{"href":"https:\/\/blog.lesgrossesorchadeslesamplesthalameges.fr\/index.php\/wp-json\/wp\/v2\/pages"}],"about":[{"href":"https:\/\/blog.lesgrossesorchadeslesamplesthalameges.fr\/index.php\/wp-json\/wp\/v2\/types\/page"}],"author":[{"embeddable":true,"href":"https:\/\/blog.lesgrossesorchadeslesamplesthalameges.fr\/index.php\/wp-json\/wp\/v2\/users\/1"}],"replies":[{"embeddable":true,"href":"https:\/\/blog.lesgrossesorchadeslesamplesthalameges.fr\/index.php\/wp-json\/wp\/v2\/comments?post=18016"}],"version-history":[{"count":12,"href":"https:\/\/blog.lesgrossesorchadeslesamplesthalameges.fr\/index.php\/wp-json\/wp\/v2\/pages\/18016\/revisions"}],"predecessor-version":[{"id":18032,"href":"https:\/\/blog.lesgrossesorchadeslesamplesthalameges.fr\/index.php\/wp-json\/wp\/v2\/pages\/18016\/revisions\/18032"}],"wp:attachment":[{"href":"https:\/\/blog.lesgrossesorchadeslesamplesthalameges.fr\/index.php\/wp-json\/wp\/v2\/media?parent=18016"}],"curies":[{"name":"wp","href":"https:\/\/api.w.org\/{rel}","templated":true}]}}