{"id":18087,"date":"2022-03-29T21:01:54","date_gmt":"2022-03-29T19:01:54","guid":{"rendered":"http:\/\/blog.lesgrossesorchadeslesamplesthalameges.fr\/?page_id=18087"},"modified":"2022-03-29T22:44:48","modified_gmt":"2022-03-29T20:44:48","slug":"elle-est-morte-bon-debarras","status":"publish","type":"page","link":"https:\/\/blog.lesgrossesorchadeslesamplesthalameges.fr\/index.php\/elle-est-morte-bon-debarras\/","title":{"rendered":"Elle est morte. Bon d\u00e9barras !"},"content":{"rendered":"<p>&nbsp;<\/p>\n<p>&nbsp;<\/p>\n<p>&nbsp;<\/p>\n<p>&nbsp;<\/p>\n<p>&nbsp;<\/p>\n<p>&nbsp;<\/p>\n<p>&nbsp;<\/p>\n<p>&nbsp;<\/p>\n<p style=\"text-align: center;\"><span style=\"font-family: times new roman, times, serif; font-size: 48pt;\"><strong>Elle est morte. Bon d\u00e9barras\u00a0!<\/strong><\/span><\/p>\n<p>&nbsp;<\/p>\n<p>&nbsp;<\/p>\n<p>&nbsp;<\/p>\n<p style=\"text-align: center;\"><span style=\"font-family: times new roman, times, serif; font-size: 16pt;\"><em>Madeleine Albright est morte \u00e0 84 ans. Pionni\u00e8re de l&rsquo;imp\u00e9rialisme, elle pr\u00f4nait avec passion un recours accru \u00e0 la violence meurtri\u00e8re, dans la poursuite d&rsquo;un ordre mondial d&rsquo;apr\u00e8s-guerre froide domin\u00e9 par les \u00c9tats-Unis &#8211; et a tu\u00e9 beaucoup, beaucoup de gens en cours de route<\/em><\/span><\/p>\n<p style=\"text-align: center;\"><span style=\"font-family: times new roman, times, serif; font-size: 12pt;\"><strong>\u00a0<\/strong><\/span><\/p>\n<p><span style=\"font-family: times new roman, times, serif; font-size: 14pt;\"><strong>\u00a0<\/strong><\/span><\/p>\n<p><span style=\"font-family: times new roman, times, serif; font-size: 14pt;\"><strong>\u00a0<\/strong><\/span><\/p>\n<p style=\"text-align: center;\"><span style=\"font-family: times new roman, times, serif; font-size: 14pt;\"><a href=\"https:\/\/www.jacobinmag.com\/author\/liza-featherstone\"><strong><span style=\"font-size: 18pt;\">Liza Featherstone <\/span><\/strong><\/a><span style=\"font-size: 18pt;\"><strong>\u00a0\u2013 <em>J<\/em><\/strong><strong><em>acobin<\/em><\/strong><strong> \u2013 28.3.2022<\/strong><\/span><\/span><\/p>\n<p>&nbsp;<\/p>\n<p style=\"text-align: center;\"><span style=\"font-family: times new roman, times, serif; font-size: 18pt;\">Traduction :<strong> c.l.<\/strong> pour <strong><em>L.G.O.<\/em><\/strong><\/span><\/p>\n<p><span style=\"font-family: times new roman, times, serif; font-size: 14pt;\"><em>.<\/em><\/span><\/p>\n<p>&nbsp;<\/p>\n<p><span style=\"font-family: times new roman, times, serif; font-size: 14pt;\"><em>\u00a0<\/em><\/span><\/p>\n<p style=\"text-align: center;\"><span style=\"font-family: times new roman, times, serif; font-size: 14pt;\"><strong>\u00a0<a href=\"http:\/\/blog.lesgrossesorchadeslesamplesthalameges.fr\/index.php\/2022\/03\/29\/en-suivant-la-feuille-de-route-8\/3-albright\/\" rel=\"attachment wp-att-18062\"><img loading=\"lazy\" class=\"alignnone wp-image-18062 size-full\" src=\"http:\/\/blog.lesgrossesorchadeslesamplesthalameges.fr\/wp-content\/uploads\/2022\/03\/3.-Albright.jpg\" alt=\"\" width=\"500\" height=\"347\" srcset=\"https:\/\/blog.lesgrossesorchadeslesamplesthalameges.fr\/wp-content\/uploads\/2022\/03\/3.-Albright.jpg 500w, https:\/\/blog.lesgrossesorchadeslesamplesthalameges.fr\/wp-content\/uploads\/2022\/03\/3.-Albright-300x208.jpg 300w\" sizes=\"(max-width: 500px) 100vw, 500px\" \/><\/a><\/strong><\/span><\/p>\n<p><span style=\"font-family: times new roman, times, serif; font-size: 14pt;\"><strong><em>De 1993 \u00e0 1997, Madeleine Albright a \u00e9t\u00e9 ambassadrice des Nations Unies. \u00c0 ce titre, elle a pr\u00e9sid\u00e9 aux sanctions brutales impos\u00e9es \u00e0 l&rsquo;Irak apr\u00e8s la guerre du Golfe.<\/em><\/strong><\/span><\/p>\n<p><span style=\"font-family: times new roman, times, serif; font-size: 14pt;\"><strong>\u00a0<\/strong><\/span><\/p>\n<p style=\"text-align: justify;\"><span style=\"font-family: times new roman, times, serif; font-size: 14pt;\"><strong>\u00a0<\/strong><\/span><\/p>\n<p style=\"text-align: justify;\"><span style=\"font-family: times new roman, times, serif; font-size: 14pt;\"><strong>\u00a0<\/strong><\/span><\/p>\n<p style=\"text-align: justify;\"><strong><span style=\"font-family: tahoma, arial, helvetica, sans-serif; font-size: 14pt;\">Madeleine Albright, qui est d\u00e9c\u00e9d\u00e9e mercredi \u00e0 l&rsquo;\u00e2ge de quatre-vingt-quatre ans, a \u00e9t\u00e9 la premi\u00e8re femme secr\u00e9taire d&rsquo;\u00c9tat des \u00c9tats-Unis. Mais les innombrables gros titres qui vantent ce fait risquent de mesurer ses \u00ab\u00a0accomplissements\u00a0\u00bb en fonction de son sexe. Ce n&rsquo;est pas juste : elle a \u00e9t\u00e9 bien autre chose qu&rsquo;une pionni\u00e8re f\u00e9minine en politique<\/span><\/strong><\/p>\n<p>&nbsp;<\/p>\n<p style=\"text-align: justify;\"><span style=\"font-family: times new roman, times, serif; font-size: 14pt;\">Albright \u00e9tait une goule imp\u00e9riale, aussi impitoyable dans sa poursuite de la domination mondiale am\u00e9ricaine que n&rsquo;importe quel homme. Elle a jou\u00e9 un r\u00f4le central dans l&rsquo;\u00e9laboration d&rsquo;une politique d&rsquo;apr\u00e8s-guerre froide qui a provoqu\u00e9 des ravages sur plusieurs continents. Sa biographie est dramatique : sa famille a fui les pers\u00e9cutions nazies lorsqu&rsquo;elle \u00e9tait enfant, et vingt-six de ses proches, dont trois grands-parents, ont p\u00e9ri pendant l&rsquo;Holocauste. C&rsquo;est une histoire traumatisante, mais rassurez-vous : elle a pr\u00e9sid\u00e9, \u00e0 son tour, \u00e0 de nombreux traumatismes et \u00e0 la mort de beaucoup d\u2019autres personnes.<\/span><\/p>\n<p style=\"text-align: justify;\"><span style=\"font-family: times new roman, times, serif; font-size: 14pt;\">De 1993 \u00e0 1997, Mme Albright a \u00e9t\u00e9 ambassadrice des Nations unies. \u00c0 ce titre, elle a pr\u00e9sid\u00e9 aux brutales sanctions impos\u00e9es \u00e0 l&rsquo;Irak apr\u00e8s la guerre du Golfe, dans le but de maximiser la mis\u00e8re des Irakiens, afin d&rsquo;encourager le renversement de Saddam Hussein. Dans une interview accord\u00e9e en 1996 \u00e0 Lesley Stahl de l&rsquo;\u00e9mission \u00ab\u00a060 Minutes\u00a0\u00bb, Mme Albright a eu tout \u00e0 fait l\u2019air de sugg\u00e9rer que la mort d&rsquo;enfants d&rsquo;autres personnes \u00e9tait simplement ce que co\u00fbtait l&#8217;empire. \u00ab\u00a0Nous avons entendu dire qu&rsquo;un demi-million d&rsquo;enfants sont morts [\u2026] c&rsquo;est plus d&rsquo;enfants qu\u2019il n\u2019en est mort \u00e0 Hiroshima\u00a0\u00bb, lui a dit Stahl. \u00ab\u00a0Et, en somme, est-ce que cela en valait la peine ?\u00a0\u00bb Albright a r\u00e9pondu : \u00ab\u00a0Je pense que c&rsquo;est un choix tr\u00e8s difficile, mais, oui, je pense que \u00a0cela en valait la peine\u00a0\u00bb.<\/span><\/p>\n<p style=\"text-align: justify;\"><span style=\"font-family: times new roman, times, serif; font-size: 14pt;\">\u00a0[\u2026] Mme Albright a clairement indiqu\u00e9 qu&rsquo;elle \u00e9tait tout \u00e0 fait pr\u00eate \u00e0 infliger la mort dans ces proportions. Il est difficile d&rsquo;imaginer la mort de plus d&rsquo;un demi-million d&rsquo;enfants, et la mis\u00e8re, pour tant de familles, contenue dans cette seule statistique. Pourtant, il s&rsquo;agissait l\u00e0 d&rsquo;un \u00ab prix \u00bb qu&rsquo;Albright estimait l\u00e9gitime d&rsquo;exiger, pour affermir son pr\u00e9cieux empire, des gens de ce pays pauvre, o\u00f9 les \u00ab sanctions \u00bb ont priv\u00e9 les Irakiens de m\u00e9dicaments essentiels, de nourriture, d&rsquo;eau potable et d&rsquo;infrastructures vitales.<\/span><\/p>\n<p style=\"text-align: justify;\"><span style=\"font-family: times new roman, times, serif; font-size: 14pt;\">En tant qu&rsquo;ambassadrice des Nations unies, Albright a chass\u00e9 du pouvoir le secr\u00e9taire g\u00e9n\u00e9ral de l&rsquo;ONU, Boutros Boutros-Ghali, apr\u00e8s une campagne acharn\u00e9e, \u00e9pisode m\u00e9prisable qui \u00e9claire sa vision de l&rsquo;ordre mondial fin de si\u00e8cle. Boutros-Ghali, dont le mandat fut soutenu par tous les pays \u00e0 l&rsquo;exception des \u00c9tats-Unis, a, plus tard, attribu\u00e9 son \u00e9viction \u00e0 la publication d&rsquo;un rapport de l&rsquo;ONU soutenant qu&rsquo;une attaque isra\u00e9lienne contre un camp de r\u00e9fugi\u00e9s au Liban, qui a fait plus de cent morts <em>[massacre de Sabra et Chatila, NdT]<\/em> avait \u00e9t\u00e9 d\u00e9lib\u00e9r\u00e9e et non une erreur, contrairement aux affirmations du gouvernement isra\u00e9lien. Les responsables am\u00e9ricains ont ni\u00e9 qu&rsquo;il s&rsquo;agissait de cette raison, invoquant plut\u00f4t des diff\u00e9rends concernant le Rwanda, la Croatie et la Bosnie, parce qu&rsquo;il avait froiss\u00e9 certaines classes dirigeantes occidentales en qualifiant la Bosnie de \u00ab guerre des riches \u00bb. De plus, Boutros-Ghali, architecte des accords de Camp David, consid\u00e9rait la campagne d&rsquo;Albright \u00e0 son encontre comme une propagande raciste ou x\u00e9nophobe en faveur des R\u00e9publicains hostiles \u00e0 l&rsquo;ONU (Bob Dole, par exemple, avait pris l&rsquo;habitude de se moquer du nom du secr\u00e9taire g\u00e9n\u00e9ral \u00e9gyptien : \u00ab Booootros Booootros\u00a0\u00bb ou \u00ab\u00a0Boo Boo \u00bb), lesquels \u00e9taient particuli\u00e8rement excit\u00e9s, apr\u00e8s la mort de quinze soldats am\u00e9ricains lors d&rsquo;un raid de maintien de la paix rat\u00e9 de l&rsquo;ONU en Somalie. Entre autres moyens de chasser le secr\u00e9taire g\u00e9n\u00e9ral du pouvoir, Albright a faussement accus\u00e9 Boutros Boutros-Ghali de corruption. \u00c9crivant dans <em>Le Monde Diplomatique<\/em> \u00e0 l&rsquo;\u00e9poque, Eric Rouleau a sugg\u00e9r\u00e9 la v\u00e9ritable raison de la vendetta d&rsquo;Albright contre son coll\u00e8gue trop populaire :<\/span><\/p>\n<p style=\"text-align: justify;\"><span style=\"font-family: times new roman, times, serif; font-size: 14pt;\">La chute du mur de Berlin avait permis aux \u00c9tats-Unis de mener la guerre du Golfe presque \u00e0 leur guise, ce qui en faisait un mod\u00e8le pour l&rsquo;avenir : l&rsquo;ONU propose, \u00e0 l&rsquo;initiative de Washington, et les \u00c9tats-Unis disposent. Mais M. Boutros-Ghali ne partageait pas cette vision de la fin de la guerre froide.<\/span><\/p>\n<p style=\"text-align: justify;\"><span style=\"font-family: times new roman, times, serif; font-size: 14pt;\">De 1997 \u00e0 2001, Albright a \u00e9t\u00e9 secr\u00e9taire d&rsquo;\u00c9tat, sous la pr\u00e9sidence de Bill Clinton. Dans ce r\u00f4le pionnier (pour une femme) tant c\u00e9l\u00e9br\u00e9, elle a continu\u00e9 \u00e0 infliger des souffrances inimaginables aux Irakiens. Le secr\u00e9taire g\u00e9n\u00e9ral adjoint des Nations unies, Denis Halliday, a d\u00e9missionn\u00e9 de son poste en 1999 pour s&rsquo;\u00e9lever contre les sanctions ; les \u00c9tats-Unis \u00ab tuent sciemment chaque mois des milliers d&rsquo;Irakiens \u00bb, a-t-il d\u00e9clar\u00e9 \u00e0 l&rsquo;\u00e9poque, une politique qu&rsquo;il qualifiait de \u00ab g\u00e9nocidaire \u00bb. Bien que de nombreux Am\u00e9ricains aient \u00e9t\u00e9 choqu\u00e9s lorsque l&rsquo;administration de George W. Bush a envahi l&rsquo;Irak, la r\u00e9alit\u00e9 est que lorsque Bush est entr\u00e9 en fonction, les \u00c9tats-Unis bombardaient d\u00e9j\u00e0 l&rsquo;Irak, en moyenne, environ trois fois par semaine. C\u2019est notre fille ! Tout aussi belliciste qu&rsquo;un homme.<\/span><\/p>\n<p style=\"text-align: justify;\"><span style=\"font-family: times new roman, times, serif; font-size: 14pt;\">Albright a \u00e9galement encourag\u00e9 l&rsquo;expansion de l&rsquo;OTAN dans les anciens pays sovi\u00e9tiques d&rsquo;Europe de l&rsquo;Est, trajectoire t\u00e9m\u00e9raire dont de nombreux diplomates de haut rang ont averti, au fil des ans, qu\u2019elle finirait immanquablement par provoquer la col\u00e8re de la Russie. Cette politique a largement contribu\u00e9 au terrifiant conflit nucl\u00e9aire potentiel auquel nous sommes maintenant confront\u00e9s, ainsi qu&rsquo;au terrible massacre de civils ukrainiens (au moins 977 \u00e0 coup s\u00fbr, \u00e0 la date d&rsquo;hier, et le haut commissaire des Nations Unies aux droits de l&rsquo;homme pense que le nombre r\u00e9el est bien plus \u00e9lev\u00e9).<\/span><\/p>\n<p style=\"text-align: justify;\"><span style=\"font-family: times new roman, times, serif; font-size: 14pt;\">Albright n&rsquo;a jamais pris sa retraite, choix que ses fans verront sans doute comme un rejet sans appel de l&rsquo;\u00e2gisme. Mais il aurait \u00e9t\u00e9 bien plus b\u00e9n\u00e9fique pour le monde qu&rsquo;elle prenne un peu de temps pour se r\u00e9jouir de ses r\u00e9alisations consid\u00e9rables. Sa soci\u00e9t\u00e9 de conseils a aid\u00e9 Pfizer \u00e0 <a href=\"https:\/\/theintercept.com\/2021\/03\/24\/covid-vaccine-stocks-biden-conflict\/\">\u00e9viter de partager<\/a> ses propri\u00e9t\u00e9s internationales, alors \u00a0qu\u2019un tel partage e\u00fbt permis de sauver des vies dans le monde entier pendant l\u2019actuelle pand\u00e9mie de COVID-19 : les brevets sur les vaccins restent une cause majeure d&rsquo;apartheid vaccinal dans le monde et de mort massive. Mais il est peu probable que cela l&rsquo;ait tracass\u00e9e sur son lit de mort : pour Albright, la mort de personnes pauvres et brunes de peau qui ne sont pas am\u00e9ricaines a toujours \u00ab valu le prix \u00bb.<\/span><\/p>\n<p style=\"text-align: justify;\"><span style=\"font-family: times new roman, times, serif; font-size: 14pt;\">Pendant la primaire pr\u00e9sidentielle de 2016, elle a d\u00e9clar\u00e9 \u00e0 propos des femmes de lettres qui (comme votre servante) ne soutenaient pas la candidature d&rsquo;Hillary Clinton : \u00ab Il y a un endroit sp\u00e9cial en enfer pour les femmes qui ne s&rsquo;entraident pas \u00bb. Elle s&rsquo;est ensuite excus\u00e9e de cette boutade dans un article du <em>New York Times<\/em>, donc, je n\u2019insisterai pas sur le sujet. Mais le peuple irakien, lui, n&rsquo;a jamais re\u00e7u d&rsquo;excuses de sa part. Consid\u00e9rant ce qui pr\u00e9c\u00e8de, on peut estimer qu\u2019il \u00e9tait singuli\u00e8rement culott\u00e9 de la part d&rsquo;Albright d&rsquo;envoyer <em>d&rsquo;autres femmes<\/em> dans ce fameux enfer.\u00a0<\/span><\/p>\n<p style=\"text-align: justify;\"><span style=\"font-family: times new roman, times, serif; font-size: 14pt;\">\u00c0 coup presque s\u00fb, il y avait une r\u00e9servation \u00e0 son nom quand elle est arriv\u00e9e dans ce gr\u00e9sillant endroit souterrain r\u00e9put\u00e9 tr\u00e8s<\/span><span style=\"font-family: times new roman, times, serif; font-size: 14pt;\"> chaud. Peut-\u00eatre est-ce l\u00e0 que justice sera enfin rendue \u00e0 son m\u00e9rite d\u2019exterminatrice exceptionnelle entre tous les bellicistes imp\u00e9rialistes meurtriers, quel que soit leur sexe.<\/span><\/p>\n<p>&nbsp;<\/p>\n<p style=\"text-align: justify;\"><span style=\"font-family: times new roman, times, serif; font-size: 14pt;\">Liza Featherstone est chroniqueuse pour <em>Jacobin<\/em>, journaliste ind\u00e9pendante et auteur de <em>Selling Women Short : The Landmark Battle for Workers&rsquo; Rights at Wal-Mart<\/em>.<\/span><\/p>\n<p>&nbsp;<\/p>\n<p><span style=\"font-family: times new roman, times, serif; font-size: 14pt;\">Source : <a href=\"https:\/\/www.jacobinmag.com\/2022\/03\/madeleine-albright-death-un-ambassador-iraq-sanctions?mc_cid=25da64610c&amp;mc_eid=19c0d4194e\">https:\/\/www.jacobinmag.com\/2022\/03\/madeleine-albright-death-un-ambassador-iraq-sanctions?mc_cid=25da64610c&amp;mc_eid=19c0d4194e<\/a><\/span><\/p>\n<p><span style=\"font-family: times new roman, times, serif; font-size: 14pt;\"><strong>\u00a0<\/strong><\/span><\/p>\n<p style=\"text-align: left;\"><span style=\"font-family: times new roman, times, serif; font-size: 14pt;\"><strong>URL de cet article : <\/strong><a href=\"http:\/\/blog.lesgrossesorchadeslesamplesthalameges.fr\/index.php\/elle-est-morte-bon-debarras\/\">http:\/\/blog.lesgrossesorchadeslesamplesthalameges.fr\/index.php\/elle-est-morte-bon-debarras\/<\/a><strong><br \/>\n<\/strong><\/span><\/p>\n<p><span style=\"font-family: times new roman, times, serif; font-size: 14pt;\"><strong>\u00a0<\/strong><\/span><\/p>\n<p><span style=\"font-family: times new roman, times, serif; font-size: 14pt;\"><strong>\u00a0<\/strong><\/span><\/p>\n<p style=\"text-align: center;\"><strong>\u00a0<a href=\"http:\/\/blog.lesgrossesorchadeslesamplesthalameges.fr\/index.php\/2022\/03\/24\/en-suivant-la-feuille-de-route-7-et-autres-bricoles\/000-dangerous-times-12\/\" rel=\"attachment wp-att-17888\"><img loading=\"lazy\" class=\"alignnone size-full wp-image-17888\" src=\"http:\/\/blog.lesgrossesorchadeslesamplesthalameges.fr\/wp-content\/uploads\/2022\/03\/000.-dangerous-times-2.gif\" alt=\"\" width=\"70\" height=\"63\" \/><\/a><\/strong><\/p>\n<p><strong>\u00a0<\/strong><\/p>\n<p style=\"text-align: right;\"><span style=\"font-family: comic sans ms, sans-serif; font-size: 14pt;\">Mars 2022<\/span><\/p>\n<p>&nbsp;<\/p>\n<p>&nbsp;<\/p>\n","protected":false},"excerpt":{"rendered":"<p>&nbsp; &nbsp; &nbsp; &nbsp; &nbsp; &nbsp; &nbsp; &nbsp; Elle est morte. Bon d\u00e9barras\u00a0! &nbsp; &nbsp; &nbsp; Madeleine Albright est morte \u00e0 84 ans. Pionni\u00e8re de l&rsquo;imp\u00e9rialisme, elle pr\u00f4nait avec passion un recours accru \u00e0 la violence meurtri\u00e8re, dans la poursuite d&rsquo;un ordre mondial d&rsquo;apr\u00e8s-guerre froide domin\u00e9 par les \u00c9tats-Unis &#8211; et a tu\u00e9 beaucoup, beaucoup&#8230;<\/p>\n","protected":false},"author":1,"featured_media":0,"parent":0,"menu_order":0,"comment_status":"open","ping_status":"open","template":"","meta":[],"_links":{"self":[{"href":"https:\/\/blog.lesgrossesorchadeslesamplesthalameges.fr\/index.php\/wp-json\/wp\/v2\/pages\/18087"}],"collection":[{"href":"https:\/\/blog.lesgrossesorchadeslesamplesthalameges.fr\/index.php\/wp-json\/wp\/v2\/pages"}],"about":[{"href":"https:\/\/blog.lesgrossesorchadeslesamplesthalameges.fr\/index.php\/wp-json\/wp\/v2\/types\/page"}],"author":[{"embeddable":true,"href":"https:\/\/blog.lesgrossesorchadeslesamplesthalameges.fr\/index.php\/wp-json\/wp\/v2\/users\/1"}],"replies":[{"embeddable":true,"href":"https:\/\/blog.lesgrossesorchadeslesamplesthalameges.fr\/index.php\/wp-json\/wp\/v2\/comments?post=18087"}],"version-history":[{"count":11,"href":"https:\/\/blog.lesgrossesorchadeslesamplesthalameges.fr\/index.php\/wp-json\/wp\/v2\/pages\/18087\/revisions"}],"predecessor-version":[{"id":18106,"href":"https:\/\/blog.lesgrossesorchadeslesamplesthalameges.fr\/index.php\/wp-json\/wp\/v2\/pages\/18087\/revisions\/18106"}],"wp:attachment":[{"href":"https:\/\/blog.lesgrossesorchadeslesamplesthalameges.fr\/index.php\/wp-json\/wp\/v2\/media?parent=18087"}],"curies":[{"name":"wp","href":"https:\/\/api.w.org\/{rel}","templated":true}]}}