{"id":18155,"date":"2022-03-31T22:05:49","date_gmt":"2022-03-31T20:05:49","guid":{"rendered":"http:\/\/blog.lesgrossesorchadeslesamplesthalameges.fr\/?page_id=18155"},"modified":"2022-03-31T22:08:03","modified_gmt":"2022-03-31T20:08:03","slug":"entretien-avec-alexandre-douguine","status":"publish","type":"page","link":"https:\/\/blog.lesgrossesorchadeslesamplesthalameges.fr\/index.php\/entretien-avec-alexandre-douguine\/","title":{"rendered":"Entretien avec Alexandre Douguine"},"content":{"rendered":"<p>&nbsp;<\/p>\n<p>&nbsp;<\/p>\n<p>&nbsp;<\/p>\n<p>&nbsp;<\/p>\n<p>&nbsp;<\/p>\n<p>&nbsp;<\/p>\n<p>&nbsp;<\/p>\n<p>&nbsp;<\/p>\n<p style=\"text-align: justify;\"><span style=\"font-family: times new roman, times, serif; font-size: 18pt; color: #c00000;\"><strong><em>Dans le canard \u00e0 Finkie\u2026<\/em><\/strong><\/span><\/p>\n<p>&nbsp;<\/p>\n<p style=\"text-align: justify;\"><span style=\"font-family: times new roman, times, serif; font-size: 14pt;\"><strong>\u00a0<\/strong><\/span><\/p>\n<p style=\"text-align: center;\"><span style=\"font-family: times new roman, times, serif; font-size: 24pt;\"><strong>Alexandre Douguine: \u00ab Ce n\u2019est pas une guerre contre l\u2019Ukraine, mais contre BHL et le globalisme \u00bb <\/strong><\/span><\/p>\n<p>&nbsp;<\/p>\n<p>&nbsp;<\/p>\n<p style=\"text-align: center;\"><span style=\"font-family: times new roman, times, serif; font-size: 36pt;\"><strong>Entretien avec Alexandre Douguine<\/strong><\/span><\/p>\n<p style=\"text-align: justify;\"><span style=\"font-family: times new roman, times, serif; font-size: 14pt;\"><strong>\u00a0<\/strong><\/span><\/p>\n<p>&nbsp;<\/p>\n<p style=\"text-align: center;\"><span style=\"font-family: times new roman, times, serif; font-size: 14pt;\"><a href=\"https:\/\/www.causeur.fr\/author\/fmagellan\"><strong><span style=\"font-size: 18pt;\">Fr\u00e9d\u00e9ric Magellan<\/span><\/strong><\/a><span style=\"font-size: 18pt;\"><strong> \u2013 <em>Causeur<\/em> \u2013 29.3.2022<\/strong><\/span><\/span><\/p>\n<p style=\"text-align: center;\"><span style=\"font-family: times new roman, times, serif; font-size: 18pt;\"><strong>\u00a0<\/strong><\/span><\/p>\n<p style=\"text-align: justify;\"><span style=\"font-family: times new roman, times, serif; font-size: 14pt;\"><strong>\u00a0<\/strong><\/span><\/p>\n<p style=\"text-align: center;\"><a href=\"http:\/\/blog.lesgrossesorchadeslesamplesthalameges.fr\/index.php\/2022\/03\/31\/on-nest-pas-sortis-de-lauberge\/11-douguine\/\" rel=\"attachment wp-att-18121\"><img loading=\"lazy\" class=\"alignnone wp-image-18121\" src=\"http:\/\/blog.lesgrossesorchadeslesamplesthalameges.fr\/wp-content\/uploads\/2022\/03\/11.-Douguine-300x182.jpg\" alt=\"\" width=\"500\" height=\"303\" srcset=\"https:\/\/blog.lesgrossesorchadeslesamplesthalameges.fr\/wp-content\/uploads\/2022\/03\/11.-Douguine-300x182.jpg 300w, https:\/\/blog.lesgrossesorchadeslesamplesthalameges.fr\/wp-content\/uploads\/2022\/03\/11.-Douguine.jpg 768w\" sizes=\"(max-width: 500px) 100vw, 500px\" \/><\/a><\/p>\n<p style=\"text-align: center;\"><span style=\"font-family: times new roman, times, serif; font-size: 14pt;\">Wikimedia Commons<\/span><\/p>\n<p style=\"text-align: justify;\"><span style=\"font-family: times new roman, times, serif; font-size: 14pt;\"><strong>\u00a0<\/strong><\/span><\/p>\n<p style=\"text-align: justify;\"><span style=\"font-family: times new roman, times, serif; font-size: 14pt;\"><strong>\u00a0<\/strong><\/span><\/p>\n<p style=\"text-align: justify;\"><span style=\"font-family: tahoma, arial, helvetica, sans-serif; font-size: 14pt;\"><strong>Pr\u00e9sent\u00e9 par les uns comme un id\u00e9ologue proche du Kremlin, par les autres comme un intellectuel \u00e9sot\u00e9rique et marginal dont on a exag\u00e9r\u00e9 l\u2019importance, Alexandre Douguine suscite l\u2019int\u00e9r\u00eat des m\u00e9dias occidentaux, plus encore depuis le d\u00e9but de la guerre d\u00e9clench\u00e9e par la Russie en Ukraine. Depuis trois d\u00e9cennies, il est le chantre de l\u2019eurasisme, doctrine comptant faire de la Russie et des anciennes R\u00e9publiques sovi\u00e9tiques un bloc continental coh\u00e9rent capable de tenir t\u00eate aux \u00c9tats-Unis et \u00e0 ses alli\u00e9s. Certains ont vu dans l\u2019agression russe l\u2019indice des progr\u00e8s de son influence aupr\u00e8s de Vladimir Poutine. Entretien exclusif.<\/strong><\/span><\/p>\n<p>&nbsp;<\/p>\n<p>&nbsp;<\/p>\n<p style=\"text-align: justify;\"><span style=\"font-family: times new roman, times, serif; font-size: 14pt;\"><strong><em>Causeur.<\/em><\/strong> Vous \u00eates assez connu ici, \u00e0 la fois dans nos m\u00e9dias conservateurs (<a href=\"https:\/\/www.causeur.fr\/alexandre-douguine-appel-eurasie-180311\">la revue <em>Conflits<\/em> s\u2019est int\u00e9ress\u00e9e \u00e0 vous dans cet article de 2020<\/a>) mais aussi chez des intellectuels \u00e9clair\u00e9s et \u00ab\u00a0raisonnables\u00a0\u00bb comme Bernard-Henri L\u00e9vy, qui vous a qualifi\u00e9 de \u00ab\u00a0fasciste sophistiqu\u00e9\u00a0\u00bb. Je ne sais pas si c\u2019est un compliment\u2026<\/span><\/p>\n<p style=\"text-align: justify;\"><span style=\"font-family: times new roman, times, serif; font-size: 14pt;\"><strong>Alexandre Douguine.<\/strong> \u00c0 propos de cette qualification, Bernard-Henri L\u00e9vy s\u2019est affich\u00e9 le 15 mars, \u00e0 Odessa, aupr\u00e8s de Maxim Marchenko, qui est nazi, porteur de la croix de fer nazie, ex-chef du bataillon d\u2019Aidar. Avec Bernard-Henri L\u00e9vy, et la presse lib\u00e9rale occidentale en g\u00e9n\u00e9ral, il y a de l\u2019hypocrisie. Si jamais l\u2019on est en d\u00e9saccord avec le lib\u00e9ralisme outrancier de Bernard-Henri L\u00e9vy, on est qualifi\u00e9 de fasciste. M\u00eame Eric Zemmour, qui est juif d\u2019Afrique du Nord, est qualifi\u00e9 de fasciste. Trump est fasciste, Poutine est fasciste, tous ceux qui ne sont pas de leur c\u00f4t\u00e9 sont fascistes. Mais en m\u00eame temps, on voit de vrais nazis, fascistes, racistes, qui portent la swastika, ou comme Maxim Marchenko, qui est reconnu n\u00e9o-nazi et qui se proclame comme tel. Or, BHL n\u2019a aucun probl\u00e8me \u00e0 se promener avec lui \u00e0 Odessa. Il y a des gens qui se d\u00e9clarent fascistes, on doit tenir compte de leur propre qualification\u00a0et les qualifier ensuite comme tels. A l\u2019inverse, si quelconque refuse d\u2019\u00eatre qualifi\u00e9 comme fasciste, on ne doit pas le qualifier de fasciste.<\/span><\/p>\n<p>&nbsp;<\/p>\n<p style=\"text-align: justify; padding-left: 160px;\"><span style=\"font-family: times new roman, times, serif; font-size: 14pt;\"><strong>[Lib\u00e9ration <a href=\"https:\/\/www.liberation.fr\/checknews\/bernard-henri-levy-sest-il-affiche-a-odessa-avec-un-militaire-neonazi-20220318_SOJ34EU6MBGKBPMLBVODDRUTZA\/\">a propos\u00e9 un portrait nuanc\u00e9 de Maxim Marchenko<\/a>, sans gommer les aspects probl\u00e9matiques de ses camarades. Concernant Alexandre Douguine, <a href=\"https:\/\/independentaustralia.net\/politics\/politics-display\/alexander-dugin-a-russian-fascist-who-helped-convinced-putin-to-invade,16145\">le m\u00e9dia australien progressiste <em>Independent Australia<\/em><\/a> rappelait un article de 1997 dans lequel l\u2019\u00e9crivain russe proposait des visions \u00e9tonnantes du fascisme et du national-socialisme, indiquant \u00ab\u00a0<em>qu\u2019en aucun cas les aspects racistes et chauvins du national-socialisme ont d\u00e9termin\u00e9 la nature de son id\u00e9ologie<\/em>\u00a0\u00bb et que \u00ab\u00a0<em>les exc\u00e8s de cette id\u00e9ologie en Allemagne (\u2026) concernent exclusivement les Allemands (\u2026) tandis que le fascisme russe est une combinaison de conservatisme national naturel avec un d\u00e9sir passionn\u00e9 de vrais changements<\/em>\u00a0\u00bb.]\u00a0<\/strong><\/span><\/p>\n<p>&nbsp;<\/p>\n<p style=\"text-align: justify;\"><span style=\"font-family: times new roman, times, serif; font-size: 14pt;\"><strong>Ici en France, tandis que les m\u00e9dias conservateurs qui voyaient Poutine plut\u00f4t comme un \u00e9l\u00e9ment stabilisateur du monde (on se souvient qu\u2019il \u00e9tait aux c\u00f4t\u00e9s de Chirac contre la guerre en Irak), les m\u00e9dias traditionnellement hostiles \u00e0 la Russie s\u2019en donnent \u00e0 c\u0153ur-joie, sur le ton du \u00ab\u00a0on vous l\u2019avait bien dit\u00a0\u00bb.<\/strong><\/span><\/p>\n<p style=\"text-align: justify;\"><span style=\"font-family: times new roman, times, serif; font-size: 14pt;\">Les mass m\u00e9dias occidentaux font \u00e9videmment bien plus de bruit que la presse assez limit\u00e9e de la Russie. Face \u00e0 cette guerre m\u00e9diatique men\u00e9e par les Occidentaux, il faut mener la guerre v\u00e9ritable. C\u2019est en quelque sorte une guerre contre l\u2019Occident. Non pas contre l\u2019Ukraine, mais contre l\u2019h\u00e9g\u00e9monie lib\u00e9rale mondialiste. C\u2019est une guerre contre Fukuyama et non pas contre l\u2019Europe<\/span><\/p>\n<p>&nbsp;<\/p>\n<p style=\"text-align: justify;\"><span style=\"font-family: times new roman, times, serif; font-size: 14pt;\"><strong>Si je vous suis bien, Poutine a d\u00e9clar\u00e9 la guerre non pas \u00e0 l\u2019Ukraine, mais \u00e0 l\u2019Occident.<\/strong><\/span><\/p>\n<p style=\"text-align: justify;\"><span style=\"font-family: times new roman, times, serif; font-size: 14pt;\">Oui. C\u2019est pourquoi l\u2019on n\u2019utilise pas le nom \u00ab\u00a0guerre\u00a0\u00bb \u00e0 l\u2019int\u00e9rieur de la Russie concernant l\u2019intervention en Ukraine\u00a0; on parle d\u2019op\u00e9ration militaire sp\u00e9ciale. Pourquoi\u00a0? Parce que ce n\u2019est pas une guerre contre l\u2019Ukraine, c\u2019est une guerre contre le globalisme, contre Bernard-Henri L\u00e9vy, contre George Soros, contre Joe Biden, contre l\u2019atlantisme. Finalement, c\u2019est Francis Fukuyama qui a vu juste, quand il a appel\u00e9 son dernier article <em>\u00ab\u00a0la guerre de Poutine contre l\u2019ordre lib\u00e9ral<\/em> \u00bb <em>[en anglais, <\/em><a href=\"https:\/\/www.ft.com\/content\/d0331b51-5d0e-4132-9f97-c3f41c7d75b3\"><em>ici<\/em><\/a><em>]. <\/em>C\u2019est tout \u00e0 fait juste\u00a0; c\u2019est la guerre de Poutine et de la Russie contre l\u2019ordre lib\u00e9ral mondial, contre la fin de l\u2019histoire et contre l\u2019Empire am\u00e9ricain. Qui souffre des expropriations faites en ce moment par l\u2019Occident\u00a0? Les pires des n\u00f4tres, les oligarques. Nous les d\u00e9testons plus encore que vous ne les d\u00e9testez<\/span><\/p>\n<p>&nbsp;<\/p>\n<p style=\"text-align: justify;\"><span style=\"font-family: times new roman, times, serif; font-size: 14pt;\"><strong>Mais alors, quelles pourraient \u00eatre les prochaines \u00e9tapes de Poutine, apr\u00e8s la guerre d\u2019Ukraine\u00a0? O\u00f9 est-ce qu\u2019il pourrait encore avancer ses pions dans sa guerre contre l\u2019Occident\u00a0?<\/strong><\/span><\/p>\n<p style=\"text-align: justify;\"><span style=\"font-family: times new roman, times, serif; font-size: 14pt;\">Je crois que pour l\u2019instant, l\u2019objectif, c\u2019est l\u2019Ukraine. Zbigniew Brzezi\u0144ski a dit dans <em>le Grand Echiquier<\/em><strong> [1]<\/strong> que sans l\u2019Ukraine, jamais la Russie ne pourra redevenir un Empire. Avec l\u2019Ukraine, la Russie redeviendrait automatiquement un Empire parmi les autres, ou plut\u00f4t un p\u00f4le ind\u00e9pendant du monde multipolaire. Il n\u2019est pas du tout question d\u2019attaquer des pays membres de l\u2019OTAN en Europe parce qu\u2019avec l\u2019\u00e9tablissement de l\u2019ind\u00e9pendance de la Russie dans un grand espace eurasiatique, le monde multipolaire sera pleinement \u00e9tabli. Selon moi, les cons\u00e9quences directes de cette r\u00e9volution g\u00e9opolitique seront r\u00e9jouissantes, parce qu\u2019avec ce bloc qui comprendrait la Russie, la Grande Russie (la Russie <em>avec<\/em> l\u2019Ukraine) et la Chine (et j\u2019esp\u00e8re avec Ta\u00efwan), l\u2019h\u00e9g\u00e9monie occidentale sera d\u00e9truite. \u00c7a sera \u00ab\u00a0la fin de la fin de l\u2019histoire\u00a0\u00bb. C\u2019est une guerre contre Fukuyama et non pas contre l\u2019Europe. Dans cette multipolarit\u00e9 assur\u00e9e, l\u2019Europe pourra choisir son camp\u00a0: ou elle continue d\u2019\u00eatre le prolongement de l\u2019atlantisme et du monde anglo-saxon, ou l\u2019Europe redevient un p\u00f4le ind\u00e9pendant et souverain. C\u2019est une chance pour l\u2019Europe, non pas de s\u2019unir \u00e0 la Russie, mais de s\u2019affirmer comme un p\u00f4le ind\u00e9pendant, autant des Etats-Unis que de la Russie. L\u2019Europe peut devenir un bloc v\u00e9ritable, capable de se d\u00e9fendre, m\u00eame contre les Russes. L\u2019Europe doit se r\u00e9affirmer comme un p\u00f4le, non pas avec nous, non pas dans une relation n\u00e9cessairement amicale avec la Russie, mais d\u2019une mani\u00e8re r\u00e9aliste.<\/span><\/p>\n<p>&nbsp;<\/p>\n<p style=\"text-align: justify;\"><span style=\"font-family: times new roman, times, serif; font-size: 14pt;\"><strong>Mais justement, les opinions publiques europ\u00e9ennes ont peur\u00a0! En France, encore, on est loin de la fronti\u00e8re russe, mais nous nous mettons \u00e0 la place des Polonais, des Su\u00e9dois. C\u2019est un rejet massif de la Russie qui a lieu en ce moment, pas seulement chez les \u00e9lites, mais aussi dans les opinions publiques <\/strong><strong>[\u2026]<\/strong><\/span><\/p>\n<p>&nbsp;<\/p>\n<p style=\"text-align: center;\"><span style=\"font-family: times new roman, times, serif; font-size: 18pt;\"><strong>Article r\u00e9serv\u00e9 aux abonn\u00e9s<\/strong><\/span><span style=\"font-family: times new roman, times, serif; font-size: 14pt;\"><strong><em>\u00a0<\/em><\/strong><\/span><\/p>\n<p style=\"text-align: center;\"><span style=\"font-family: times new roman, times, serif; font-size: 14pt;\"><strong><em>Ah, dommage\u00a0!<\/em><\/strong><\/span><\/p>\n<p>&nbsp;<\/p>\n<p>&nbsp;<\/p>\n<p style=\"text-align: left;\"><span style=\"font-family: times new roman, times, serif; font-size: 18pt; color: #c00000;\"><strong><em>Mais sans \u00eatre abonn\u00e9s, on n\u2019est pas du genre \u00e0 citer Causeur en snobant ses couvertures\u00a0:<\/em><\/strong><\/span><\/p>\n<p style=\"text-align: justify;\"><span style=\"font-family: times new roman, times, serif; font-size: 14pt;\"><strong><em>\u00a0<\/em><\/strong><\/span><\/p>\n<p style=\"text-align: center;\"><a href=\"http:\/\/blog.lesgrossesorchadeslesamplesthalameges.fr\/index.php\/entretien-avec-alexandre-douguine\/poutine-detruit\/\" rel=\"attachment wp-att-18156\"><img loading=\"lazy\" class=\"alignnone wp-image-18156 size-full\" src=\"http:\/\/blog.lesgrossesorchadeslesamplesthalameges.fr\/wp-content\/uploads\/2022\/03\/Poutine-detruit.jpg\" alt=\"\" width=\"350\" height=\"490\" srcset=\"https:\/\/blog.lesgrossesorchadeslesamplesthalameges.fr\/wp-content\/uploads\/2022\/03\/Poutine-detruit.jpg 350w, https:\/\/blog.lesgrossesorchadeslesamplesthalameges.fr\/wp-content\/uploads\/2022\/03\/Poutine-detruit-214x300.jpg 214w\" sizes=\"(max-width: 350px) 100vw, 350px\" \/><\/a><\/p>\n<p>&nbsp;<\/p>\n<p>&nbsp;<\/p>\n<p>&nbsp;<\/p>\n<p style=\"text-align: left;\"><strong><span style=\"font-family: times new roman, times, serif; font-size: 14pt;\">URL de cet article : <\/span><\/strong><a href=\"http:\/\/blog.lesgrossesorchadeslesamplesthalameges.fr\/index.php\/entretien-avec-alexandre-douguine\/\"><span style=\"font-family: times new roman, times, serif; font-size: 14pt;\">http:\/\/blog.lesgrossesorchadeslesamplesthalameges.fr\/index.php\/entretien-avec-alexandre-douguine\/ <\/span><\/a><strong><span style=\"font-family: times new roman, times, serif; font-size: 14pt;\"><br \/>\n<\/span><\/strong><\/p>\n<p>&nbsp;<\/p>\n<p>&nbsp;<\/p>\n<p style=\"text-align: center;\"><a href=\"http:\/\/blog.lesgrossesorchadeslesamplesthalameges.fr\/index.php\/2022\/03\/31\/on-nest-pas-sortis-de-lauberge\/000-donbass-militia-flag-petit\/\" rel=\"attachment wp-att-18115\"><img loading=\"lazy\" class=\"alignnone wp-image-18115\" src=\"http:\/\/blog.lesgrossesorchadeslesamplesthalameges.fr\/wp-content\/uploads\/2022\/03\/000.-DONBASS-MILITIA-FLAG-PETIT.gif\" alt=\"\" width=\"100\" height=\"72\" \/><\/a><\/p>\n<p>&nbsp;<\/p>\n<p style=\"text-align: right;\"><strong><em><br \/>\n<\/em><\/strong><span style=\"font-family: comic sans ms, sans-serif;\">Mars 2022<\/span><strong><em><br \/>\n<\/em><\/strong><\/p>\n<p>&nbsp;<\/p>\n<p>&nbsp;<\/p>\n","protected":false},"excerpt":{"rendered":"<p>&nbsp; &nbsp; &nbsp; &nbsp; &nbsp; &nbsp; &nbsp; &nbsp; Dans le canard \u00e0 Finkie\u2026 &nbsp; \u00a0 Alexandre Douguine: \u00ab Ce n\u2019est pas une guerre contre l\u2019Ukraine, mais contre BHL et le globalisme \u00bb &nbsp; &nbsp; Entretien avec Alexandre Douguine \u00a0 &nbsp; Fr\u00e9d\u00e9ric Magellan \u2013 Causeur \u2013 29.3.2022 \u00a0 \u00a0 Wikimedia Commons \u00a0 \u00a0 Pr\u00e9sent\u00e9 par les&#8230;<\/p>\n","protected":false},"author":1,"featured_media":0,"parent":0,"menu_order":0,"comment_status":"open","ping_status":"open","template":"","meta":[],"_links":{"self":[{"href":"https:\/\/blog.lesgrossesorchadeslesamplesthalameges.fr\/index.php\/wp-json\/wp\/v2\/pages\/18155"}],"collection":[{"href":"https:\/\/blog.lesgrossesorchadeslesamplesthalameges.fr\/index.php\/wp-json\/wp\/v2\/pages"}],"about":[{"href":"https:\/\/blog.lesgrossesorchadeslesamplesthalameges.fr\/index.php\/wp-json\/wp\/v2\/types\/page"}],"author":[{"embeddable":true,"href":"https:\/\/blog.lesgrossesorchadeslesamplesthalameges.fr\/index.php\/wp-json\/wp\/v2\/users\/1"}],"replies":[{"embeddable":true,"href":"https:\/\/blog.lesgrossesorchadeslesamplesthalameges.fr\/index.php\/wp-json\/wp\/v2\/comments?post=18155"}],"version-history":[{"count":9,"href":"https:\/\/blog.lesgrossesorchadeslesamplesthalameges.fr\/index.php\/wp-json\/wp\/v2\/pages\/18155\/revisions"}],"predecessor-version":[{"id":18165,"href":"https:\/\/blog.lesgrossesorchadeslesamplesthalameges.fr\/index.php\/wp-json\/wp\/v2\/pages\/18155\/revisions\/18165"}],"wp:attachment":[{"href":"https:\/\/blog.lesgrossesorchadeslesamplesthalameges.fr\/index.php\/wp-json\/wp\/v2\/media?parent=18155"}],"curies":[{"name":"wp","href":"https:\/\/api.w.org\/{rel}","templated":true}]}}