{"id":18167,"date":"2022-03-31T22:23:54","date_gmt":"2022-03-31T20:23:54","guid":{"rendered":"http:\/\/blog.lesgrossesorchadeslesamplesthalameges.fr\/?page_id=18167"},"modified":"2022-03-31T22:25:41","modified_gmt":"2022-03-31T20:25:41","slug":"les-guerres-de-civilisation-nont-pas-de-date-decheance","status":"publish","type":"page","link":"https:\/\/blog.lesgrossesorchadeslesamplesthalameges.fr\/index.php\/les-guerres-de-civilisation-nont-pas-de-date-decheance\/","title":{"rendered":"Les guerres de civilisation n&rsquo;ont pas de date d&rsquo;\u00e9ch\u00e9ance"},"content":{"rendered":"<p>&nbsp;<\/p>\n<p>&nbsp;<\/p>\n<p>&nbsp;<\/p>\n<p>&nbsp;<\/p>\n<p>&nbsp;<\/p>\n<p>&nbsp;<\/p>\n<p>&nbsp;<\/p>\n<p>&nbsp;<\/p>\n<p style=\"text-align: center;\"><span style=\"font-family: times new roman, times, serif; font-size: 36pt;\"><strong>Les guerres de civilisation n\u2019ont pas de date d\u2019\u00e9ch\u00e9ance<\/strong><\/span><\/p>\n<p>&nbsp;<\/p>\n<p>&nbsp;<\/p>\n<p style=\"text-align: center;\"><span style=\"font-family: times new roman, times, serif; font-size: 18pt;\"><strong>M. K. Bhadrakumar \u2212 <\/strong><a href=\"https:\/\/www.indianpunchline.com\/holy-wars-have-no-timeline\/\"><strong><em>Indian Punchline<\/em><\/strong><\/a><strong> \u2013 14.3.2022<\/strong><\/span><\/p>\n<p>&nbsp;<\/p>\n<p style=\"text-align: center;\"><span style=\"font-family: times new roman, times, serif; font-size: 18pt;\">Publi\u00e9 par<strong> Toma \u2013 <em>Le Saker francophone<\/em> \u2013 29.3.2022<\/strong><\/span><\/p>\n<p>&nbsp;<\/p>\n<p>&nbsp;<\/p>\n<p style=\"text-align: center;\"><a href=\"http:\/\/blog.lesgrossesorchadeslesamplesthalameges.fr\/index.php\/2022\/03\/31\/on-nest-pas-sortis-de-lauberge\/12-blesse-transporte\/\" rel=\"attachment wp-att-18122\"><img loading=\"lazy\" class=\"alignnone wp-image-18122\" src=\"http:\/\/blog.lesgrossesorchadeslesamplesthalameges.fr\/wp-content\/uploads\/2022\/03\/12.-Blesse-transporte-300x200.jpg\" alt=\"\" width=\"500\" height=\"333\" srcset=\"https:\/\/blog.lesgrossesorchadeslesamplesthalameges.fr\/wp-content\/uploads\/2022\/03\/12.-Blesse-transporte-300x200.jpg 300w, https:\/\/blog.lesgrossesorchadeslesamplesthalameges.fr\/wp-content\/uploads\/2022\/03\/12.-Blesse-transporte-768x512.jpg 768w, https:\/\/blog.lesgrossesorchadeslesamplesthalameges.fr\/wp-content\/uploads\/2022\/03\/12.-Blesse-transporte.jpg 1024w\" sizes=\"(max-width: 500px) 100vw, 500px\" \/><\/a><\/p>\n<p style=\"text-align: center;\"><span style=\"font-family: times new roman, times, serif; font-size: 12pt;\"><strong><em>\u00c9vacuation d\u2019un volontaire europ\u00e9en venu combattre en Ukraine, bless\u00e9 lors du bombardement russe sur la base tentaculaire de Yavoriv, \u00e0 25 km de la fronti\u00e8re polonaise.<\/em><\/strong><\/span><\/p>\n<p style=\"text-align: center;\"><span style=\"font-family: times new roman, times, serif; font-size: 12pt;\"><strong><em>\u00a0<\/em><\/strong><\/span><\/p>\n<p style=\"text-align: justify;\"><span style=\"font-family: times new roman, times, serif; font-size: 14pt;\"><strong><em>\u00a0<\/em><\/strong><\/span><\/p>\n<p style=\"text-align: justify;\"><span style=\"font-family: tahoma, arial, helvetica, sans-serif; font-size: 14pt;\"><strong>Une source officielle de la pr\u00e9sidence fran\u00e7aise a d\u00e9clar\u00e9 samedi que le pr\u00e9sident russe, Vladimir Poutine, <em>\u00ab n\u2019a pas montr\u00e9 de volont\u00e9 \u00bb<\/em> pour mettre un terme \u00e0 l\u2019op\u00e9ration sp\u00e9ciale en Ukraine, durant sa conversation t\u00e9l\u00e9phonique avec le Pr\u00e9sident Emmanuel Macron et le chancelier Olaf Scholz ce weekend.<\/strong><\/span><\/p>\n<p>&nbsp;<\/p>\n<p style=\"text-align: justify;\"><span style=\"font-family: times new roman, times, serif; font-size: 14pt;\">Le compte rendu russe <a href=\"http:\/\/en.kremlin.ru\/events\/president\/news\/67970\">\u00e9nonce<\/a> que Poutine a inform\u00e9 les deux dirigeants europ\u00e9ens de la <em>\u00ab situation concr\u00e8te sur le terrain \u00bb<\/em> ainsi que de l\u2019\u00e9tat des n\u00e9gociations avec les repr\u00e9sentants ukrainiens avant de passer en revue les difficult\u00e9s li\u00e9es aux n\u00e9gociations concernant les garanties de s\u00e9curit\u00e9 demand\u00e9es initialement par les russes. <em>\u00ab Mais il ne fut fait aucune mention d\u2019un cessez le feu. \u00bb<\/em><\/span><\/p>\n<p>&nbsp;<\/p>\n<p style=\"text-align: justify;\"><span style=\"font-family: times new roman, times, serif; font-size: 14pt;\">La man\u0153uvre militaire russe a sa propre dynamique et elle prendra fin lorsque la mission sera accomplie. La conception erron\u00e9e des occidentaux les m\u00e8ne \u00e0 consid\u00e9rer l\u2019op\u00e9ration comme une invasion, alors que les russes la consid\u00e8rent comme une mission sp\u00e9ciale comportant deux objectifs : garantir la s\u00e9curit\u00e9 de la F\u00e9d\u00e9ration de Russie et neutraliser les groupes nationalistes antirusses qui agissent comme un \u00e9tat dans l\u2019\u00c9tat.<\/span><\/p>\n<p>&nbsp;<\/p>\n<p style=\"text-align: justify;\"><span style=\"font-family: times new roman, times, serif; font-size: 14pt;\">Les ajustements tactiques sont imp\u00e9ratifs, peu de batailles pr\u00e9d\u00e9finies, entrecoup\u00e9es de p\u00e9riodes d\u2019accalmies et de man\u0153uvres pour encercler les poches de r\u00e9sistance, amenant des changements soudains de tactique comme si la guerre se m\u00e9tastasait. Les man\u0153uvres russes laissent les sp\u00e9cialistes militaires occidentaux dans le flou et d\u00e9sorientent les responsables politiques.<\/span><\/p>\n<p>&nbsp;<\/p>\n<p style=\"text-align: justify;\"><span style=\"font-family: times new roman, times, serif; font-size: 14pt;\">Ils ne savent toujours pas si les forces russes ont l\u2019intention de prendre Kiev, alors que des mouvements importants de troupes ont lieu en direction de la ville\u00a0! Selon la BBC, la tr\u00e8s m\u00e9diatis\u00e9e colonne arm\u00e9e de 65 km se serait dispers\u00e9e, le but \u00e9tant de positionner artillerie et lanceurs de missiles \u00e0 port\u00e9e de tir de la capitale. Une nouvelle fois, les offensives lanc\u00e9es sur les a\u00e9roports de Lutsk et d\u2019Ivano-Frankivsk, loin des points n\u00e9vralgiques du conflit, ont pris les analystes au d\u00e9pourvu.<\/span><\/p>\n<p>&nbsp;<\/p>\n<p style=\"text-align: justify;\"><span style=\"font-family: times new roman, times, serif; font-size: 14pt;\">Deux objectifs sous-jacents de l\u2019op\u00e9ration russe sont de restaurer des fronti\u00e8res des r\u00e9publiques populaires de Lougansk et de Donetsk dans la r\u00e9gion du Donbass, puis d\u2019\u00e9tablir une liaison entre la Crim\u00e9e et le Donbass et, si possible, avec la base russe en Transnistrie (Moldavie), \u00e0 l\u2019ouest.<\/span><\/p>\n<p>&nbsp;<\/p>\n<p style=\"text-align: justify;\"><span style=\"font-family: times new roman, times, serif; font-size: 14pt;\">Entretemps, l\u2019op\u00e9ration vers la ville de Dnipro dans le centre de l\u2019Ukraine est sur le point de commencer. Dnipro est la cl\u00e9 de vo\u00fbte pour le contr\u00f4le du vaste territoire, \u00e0 l\u2019ouest du fleuve Dnieper et pour le si\u00e8ge ou la prise de contr\u00f4le de Kiev.<\/span><\/p>\n<p>&nbsp;<\/p>\n<p>&nbsp;<\/p>\n<p style=\"text-align: center;\"><a href=\"http:\/\/blog.lesgrossesorchadeslesamplesthalameges.fr\/index.php\/les-guerres-de-civilisation-nont-pas-de-date-decheance\/22-les-guerres-carte-2\/\" rel=\"attachment wp-att-18168\"><img loading=\"lazy\" class=\"alignnone wp-image-18168\" src=\"http:\/\/blog.lesgrossesorchadeslesamplesthalameges.fr\/wp-content\/uploads\/2022\/03\/22.-Les-guerres-carte-2-300x265.png\" alt=\"\" width=\"600\" height=\"531\" srcset=\"https:\/\/blog.lesgrossesorchadeslesamplesthalameges.fr\/wp-content\/uploads\/2022\/03\/22.-Les-guerres-carte-2-300x265.png 300w, https:\/\/blog.lesgrossesorchadeslesamplesthalameges.fr\/wp-content\/uploads\/2022\/03\/22.-Les-guerres-carte-2-1024x906.png 1024w, https:\/\/blog.lesgrossesorchadeslesamplesthalameges.fr\/wp-content\/uploads\/2022\/03\/22.-Les-guerres-carte-2-768x679.png 768w, https:\/\/blog.lesgrossesorchadeslesamplesthalameges.fr\/wp-content\/uploads\/2022\/03\/22.-Les-guerres-carte-2.png 1039w\" sizes=\"(max-width: 600px) 100vw, 600px\" \/><\/a><\/p>\n<p>&nbsp;<\/p>\n<p>&nbsp;<\/p>\n<p style=\"text-align: justify;\"><span style=\"font-family: times new roman, times, serif; font-size: 14pt;\">Quelle est l\u2019avanc\u00e9e des troupes russes ?<\/span><\/p>\n<p>&nbsp;<\/p>\n<p style=\"text-align: justify;\"><span style=\"font-family: times new roman, times, serif; font-size: 14pt;\">Pour rappel, les objectifs militaires au sud et \u00e0 l\u2019est ne sont pas encore r\u00e9alis\u00e9s. \u00c0 l\u2019est, les troupes russes encerclent Kharkov et se d\u00e9placent vers le sud, le long de la p\u00e9riph\u00e9rie nord-est de la ville d\u2019Izumo, afin d\u2019avoir la ma\u00eetrise sur tout l\u2019est de l\u2019Ukraine. Au sud, les forces russes ont pris le contr\u00f4le de la p\u00e9riph\u00e9rie est de la ville portuaire de Marioupol.<\/span><\/p>\n<p>&nbsp;<\/p>\n<p style=\"text-align: justify;\"><span style=\"font-family: times new roman, times, serif; font-size: 14pt;\">Au lieu d\u2019un assaut brutal, la ville est soumise \u00e0 une pression terrestre, graduelle et progressive, afin de la forcer \u00e0 se rendre, si tant est qu\u2019elle puisse le faire. \u00c0 ce stade, il n\u2019est pas encore possible de d\u00e9terminer si la priorit\u00e9 de cette op\u00e9ration est Odessa. \u00c0 ce stade, on peut consid\u00e9rer que l\u2019op\u00e9ration sp\u00e9ciale est \u00e0 mi-parcours. Les Russes pr\u00e9viennent les Occidentaux que les convois d\u2019armes \u00e0 destination des Ukrainiens seront des cibles d\u2019attaque, surtout alors qu\u2019un cessez le feu n\u2019est pas d\u2019actualit\u00e9.<\/span><\/p>\n<p>&nbsp;<\/p>\n<p style=\"text-align: justify;\"><span style=\"font-family: times new roman, times, serif; font-size: 14pt;\">Dimanche, \u00e0 l\u2019aube, des avions de chasse russes venus de Saratov, au sud-ouest de la Russie, ont bombard\u00e9 une base militaire \u00e0 la fronti\u00e8re polonaise avec des missiles de croisi\u00e8re. Il s\u2019agissait d\u2019un centre d\u2019accueil et d\u2019entra\u00eenement pour les milliers de combattants \u00e9trangers venus de divers pays d\u2019Europe. Les autorit\u00e9s russes ont d\u00e9clar\u00e9 que <em>\u00ab 180 mercenaires \u00e9trangers \u00bb<\/em> avaient \u00e9t\u00e9 tu\u00e9s et qu\u2019un grand nombre d\u2019armes fournies par des puissances \u00e9trang\u00e8res avaient \u00e9t\u00e9 d\u00e9truites.<\/span><\/p>\n<p>&nbsp;<\/p>\n<p style=\"text-align: justify;\"><span style=\"font-family: times new roman, times, serif; font-size: 14pt;\">Le porte-parole du minist\u00e8re russe de la D\u00e9fense, Igor Konachenkov, a d\u00e9clar\u00e9 au cours d\u2019un briefing que la Russie continuerait ses attaques contre les mercenaires \u00e9trangers. Le vice-ministre russe des Affaires \u00e9trang\u00e8res, Sergue\u00ef Ryabkov, a d\u00e9clar\u00e9 samedi que Moscou a averti Washington qu\u2019orchestrer la livraison d\u2019armes issues de plusieurs pays en Ukraine n\u2019est pas seulement une action dangereuse \u2013 mais que cela faisait de ces convois des cibles l\u00e9gitimes. Cependant, la Russie n\u2019attaquera pas l\u2019OTAN, \u00e9vitant tout contact.<\/span><\/p>\n<p>&nbsp;<\/p>\n<p style=\"text-align: justify;\"><span style=\"font-family: times new roman, times, serif; font-size: 14pt;\">La Russie, dont l\u2019existence m\u00eame est en danger, n\u2019a pas d\u2019alternative autre qu\u2019aller de l\u2019avant, contrairement aux Europ\u00e9ens et Am\u00e9ricains, qui sont interventionnistes. Le r\u00e9cit occidental fait \u00e9tat d\u2019une guerre impopulaire, en insistant sur le manque d\u2019adh\u00e9sion du public russe aux causes du conflit. Pourtant le peuple russe <a href=\"https:\/\/euromaidanpress.com\/2022\/03\/12\/russians-view-war-in-ukraine-as-defensive-holy-struggle-of-us-against-the-world-back-putin-for-that-reason-russian-sociologist-says\/\">comprend<\/a> les enjeux religieux, raciaux et culturels des luttes actuelles, bien que l\u2019Occident souhaite les occulter.<\/span><\/p>\n<p>&nbsp;<\/p>\n<p style=\"text-align: justify;\"><span style=\"font-family: times new roman, times, serif; font-size: 14pt;\">Le fait que les Serbes des Balkans se <a href=\"https:\/\/balkaninsight.com\/2022\/03\/08\/serb-volunteers-answer-call-to-fight-in-ukraine\/\">rallient<\/a> aux Russes en dit long. Le d\u00e9membrement de la Yougoslavie, op\u00e9r\u00e9 par l\u2019OTAN en 1999, est encore un souvenir douloureux. N\u2019\u00e9tait-ce pas l\u00e0, la raison pour laquelle un certain nombre de Serbes ont pris part aux combats dans le Donbass en 2014-2015 ? L\u2019Ouest prend ses r\u00eaves pour des r\u00e9alit\u00e9s s\u2019il s\u2019imagine que Poutine op\u00e8re sans soutien politique. La politique de Poutine est toujours fond\u00e9e sur le soutien dont il b\u00e9n\u00e9ficie de la part du peuple russe. Si l\u2019on se fie \u00e0 l\u2019histoire, les Russes s\u2019adapteront \u00e0 la <em>\u00ab nouvelle normalit\u00e9 \u00bb<\/em> de leur vie quotidienne. Pour les peuples slaves, en tant qu\u2019entit\u00e9, ce qui ce qui se passe a tous les attraits d\u2019une <em>\u00ab guerre sainte \u00bb<\/em> contre l\u2019Occident. Et les guerres saintes n\u2019ont pas de date d\u2019\u00e9ch\u00e9ance. Le peuple slave est tout \u00e0 fait transparent. \u00c0 Belgrade, des milliers de personnes se sont rassembl\u00e9es pour apporter leur soutien \u00e0 la Russie, scandant <em>\u00ab Les serbes sont avec les Russes ! \u00bb<\/em> en brandissant des drapeaux de la Russie Tsariste aussi bien que serbes.<\/span><\/p>\n<p>&nbsp;<\/p>\n<p style=\"text-align: justify;\"><span style=\"font-family: times new roman, times, serif; font-size: 14pt;\">Le Pr\u00e9sident serbe, Aleksandar Vucic, a r\u00e9cemment <a href=\"https:\/\/www.euractiv.com\/section\/enlargement\/opinion\/serbias-loyalty-to-putin-threatens-renewed-conflict-in-the-heart-of-europe\/\">d\u00e9clar\u00e9<\/a> que <em>\u00ab quoi qu\u2019il puisse arriver, 85% de la population serbe apporterait son soutien \u00e0 la Russie. C\u2019est une r\u00e9alit\u00e9 que je dois prendre en consid\u00e9ration en tant que pr\u00e9sident. \u00bb<\/em><\/span><\/p>\n<p>&nbsp;<\/p>\n<p style=\"text-align: justify;\"><span style=\"font-family: times new roman, times, serif; font-size: 14pt;\">En outre, les volontaires issus des Balkans seront consid\u00e9r\u00e9s comme v\u00e9t\u00e9rans de guerre \u00e0 leur retour chez eux. Le nationalisme serbe pourrait remettre en cause l\u2019ind\u00e9pendance du Kosovo ou d\u2019autres \u00e9tats plus \u00e0 l\u2019ouest des Balkans, \u00e9ventuellement sources de nouveaux conflits sur le sol europ\u00e9en.<\/span><\/p>\n<p>&nbsp;<\/p>\n<p>&nbsp;<\/p>\n<p style=\"text-align: center;\"><a href=\"http:\/\/blog.lesgrossesorchadeslesamplesthalameges.fr\/index.php\/les-guerres-de-civilisation-nont-pas-de-date-decheance\/23-les-guerres-de-carte-3\/\" rel=\"attachment wp-att-18169\"><img loading=\"lazy\" class=\"alignnone wp-image-18169\" src=\"http:\/\/blog.lesgrossesorchadeslesamplesthalameges.fr\/wp-content\/uploads\/2022\/03\/23.-Les-guerres-de...-carte-3.jpg\" alt=\"\" width=\"500\" height=\"482\" \/><\/a><\/p>\n<p>&nbsp;<\/p>\n<p>&nbsp;<\/p>\n<p style=\"text-align: justify;\"><span style=\"font-family: times new roman, times, serif; font-size: 14pt;\">Actuellement, la Bosnie-Herz\u00e9govine fait face aux cons\u00e9quences de l\u2019absence de vision \u00e0 long terme des accords de Dayton, instituant une gouvernance tripartite entre Bosniaques serbes de confession orthodoxe, musulmans bosniaques et catholiques croates. \u00c0 cela s\u2019ajoutent des luttes pour plusieurs sph\u00e8res d\u2019influences qui se <a href=\"https:\/\/www.dailysabah.com\/opinion\/op-ed\/as-west-loses-credibility-turkey-steps-in-to-stop-2nd-bosnian-rift\">chevauchent<\/a><u>,<\/u> dans les Balkans occidentaux.<\/span><\/p>\n<p>&nbsp;<\/p>\n<p style=\"text-align: justify;\"><span style=\"font-family: times new roman, times, serif; font-size: 14pt;\">Mercredi dernier, le pr\u00e9sident Vucic, a, une nouvelle fois, alert\u00e9 sur les cons\u00e9quences dramatiques pour son pays, g\u00e9n\u00e9r\u00e9es par la guerre en Ukraine. Au c\u00f4t\u00e9 de la Bi\u00e9lorussie, la Serbie est le seul pays europ\u00e9en \u00e0 refuser d\u2019imposer les sanctions \u00e0 la Russie, alors que sa candidature \u00e0 une int\u00e9gration au sein de l\u2019Union Europ\u00e9enne l\u2019oblige \u00e0 un alignement sur la politique \u00e9trang\u00e8re de celle-ci.<\/span><\/p>\n<p>&nbsp;<\/p>\n<p style=\"text-align: left;\"><span style=\"font-family: times new roman, times, serif; font-size: 14pt;\">Traduit par Toma, relu par Herv\u00e9, pour le Saker Francophone<\/span><\/p>\n<p>&nbsp;<\/p>\n<p>&nbsp;<\/p>\n<p style=\"text-align: justify;\"><span style=\"font-family: times new roman, times, serif; font-size: 14pt;\"><strong>Pour les nouveaux lecteurs qui ne le conna\u00eetraient pas\u00a0:<\/strong><\/span><\/p>\n<p>&nbsp;<\/p>\n<p><a href=\"http:\/\/blog.lesgrossesorchadeslesamplesthalameges.fr\/index.php\/les-guerres-de-civilisation-nont-pas-de-date-decheance\/24-bhadrakumar\/\" rel=\"attachment wp-att-18170\"><img loading=\"lazy\" class=\"alignnone wp-image-18170\" src=\"http:\/\/blog.lesgrossesorchadeslesamplesthalameges.fr\/wp-content\/uploads\/2022\/03\/24.-Bhadrakumar.jpg\" alt=\"\" width=\"300\" height=\"168\" \/><\/a><\/p>\n<p style=\"text-align: justify;\"><span style=\"font-family: times new roman, times, serif; font-size: 14pt;\"><strong>L&rsquo;ambassadeur MK Bhadrakumar<\/strong> a \u00e9t\u00e9 diplomate de carri\u00e8re pendant trois d\u00e9cennies au sein du Service Ext\u00e9rieur indien, avec des affectations de plusieurs ann\u00e9es dans l&rsquo;ancienne Union sovi\u00e9tique, au Pakistan, en Iran, en Afghanistan et en Turquie. M. Bhadrakumar \u00e9crit surtout sur la g\u00e9opolitique de l&rsquo;Eurasie, de la Chine, de l&rsquo;Asie occidentale et sur les strat\u00e9gies am\u00e9ricaines. Il est chroniqueur \u00e0 <em>The Cradle<\/em> et il r\u00e9dige un blog populaire intitul\u00e9 <em>Indian Punchline<\/em>.<\/span><\/p>\n<p>&nbsp;<\/p>\n<p style=\"text-align: left;\"><span style=\"font-family: times new roman, times, serif; font-size: 14pt;\">Source\u00a0: <a href=\"https:\/\/lesakerfrancophone.fr\/les-guerres-de-civilisation-nont-pas-de-date-decheance\">https:\/\/lesakerfrancophone.fr\/les-guerres-de-civilisation-nont-pas-de-date-decheance<\/a><\/span><\/p>\n<p style=\"text-align: left;\"><span style=\"font-size: 14pt;\"><strong><span style=\"font-family: times new roman, times, serif;\">URL de cet article : <\/span><\/strong><a href=\"http:\/\/blog.lesgrossesorchadeslesamplesthalameges.fr\/index.php\/les-guerres-de-civilisation-nont-pas-de-date-decheance\/\"><span style=\"font-family: times new roman, times, serif;\">http:\/\/blog.lesgrossesorchadeslesamplesthalameges.fr\/index.php\/les-guerres-de-civilisation-nont-pas-de-date-decheance\/\u00a0<\/span><\/a><\/span><\/p>\n<p><strong>\u00a0<\/strong><\/p>\n<p>&nbsp;<\/p>\n<p style=\"text-align: center;\"><a href=\"http:\/\/blog.lesgrossesorchadeslesamplesthalameges.fr\/index.php\/2022\/03\/31\/on-nest-pas-sortis-de-lauberge\/000-donbass-militia-flag-petit\/\" rel=\"attachment wp-att-18115\"><img loading=\"lazy\" class=\"alignnone wp-image-18115\" src=\"http:\/\/blog.lesgrossesorchadeslesamplesthalameges.fr\/wp-content\/uploads\/2022\/03\/000.-DONBASS-MILITIA-FLAG-PETIT.gif\" alt=\"\" width=\"100\" height=\"72\" \/><\/a><\/p>\n<p>&nbsp;<\/p>\n<p>&nbsp;<\/p>\n<p style=\"text-align: right;\"><span style=\"font-size: 14pt; font-family: comic sans ms, sans-serif;\">Mars 2022<\/span><\/p>\n<p>&nbsp;<\/p>\n<p>&nbsp;<\/p>\n","protected":false},"excerpt":{"rendered":"<p>&nbsp; &nbsp; &nbsp; &nbsp; &nbsp; &nbsp; &nbsp; &nbsp; Les guerres de civilisation n\u2019ont pas de date d\u2019\u00e9ch\u00e9ance &nbsp; &nbsp; M. K. Bhadrakumar \u2212 Indian Punchline \u2013 14.3.2022 &nbsp; Publi\u00e9 par Toma \u2013 Le Saker francophone \u2013 29.3.2022 &nbsp; &nbsp; \u00c9vacuation d\u2019un volontaire europ\u00e9en venu combattre en Ukraine, bless\u00e9 lors du bombardement russe sur la base&#8230;<\/p>\n","protected":false},"author":1,"featured_media":0,"parent":0,"menu_order":0,"comment_status":"open","ping_status":"open","template":"","meta":[],"_links":{"self":[{"href":"https:\/\/blog.lesgrossesorchadeslesamplesthalameges.fr\/index.php\/wp-json\/wp\/v2\/pages\/18167"}],"collection":[{"href":"https:\/\/blog.lesgrossesorchadeslesamplesthalameges.fr\/index.php\/wp-json\/wp\/v2\/pages"}],"about":[{"href":"https:\/\/blog.lesgrossesorchadeslesamplesthalameges.fr\/index.php\/wp-json\/wp\/v2\/types\/page"}],"author":[{"embeddable":true,"href":"https:\/\/blog.lesgrossesorchadeslesamplesthalameges.fr\/index.php\/wp-json\/wp\/v2\/users\/1"}],"replies":[{"embeddable":true,"href":"https:\/\/blog.lesgrossesorchadeslesamplesthalameges.fr\/index.php\/wp-json\/wp\/v2\/comments?post=18167"}],"version-history":[{"count":7,"href":"https:\/\/blog.lesgrossesorchadeslesamplesthalameges.fr\/index.php\/wp-json\/wp\/v2\/pages\/18167\/revisions"}],"predecessor-version":[{"id":18177,"href":"https:\/\/blog.lesgrossesorchadeslesamplesthalameges.fr\/index.php\/wp-json\/wp\/v2\/pages\/18167\/revisions\/18177"}],"wp:attachment":[{"href":"https:\/\/blog.lesgrossesorchadeslesamplesthalameges.fr\/index.php\/wp-json\/wp\/v2\/media?parent=18167"}],"curies":[{"name":"wp","href":"https:\/\/api.w.org\/{rel}","templated":true}]}}