{"id":18223,"date":"2022-03-31T23:53:53","date_gmt":"2022-03-31T21:53:53","guid":{"rendered":"http:\/\/blog.lesgrossesorchadeslesamplesthalameges.fr\/?page_id=18223"},"modified":"2022-03-31T23:55:30","modified_gmt":"2022-03-31T21:55:30","slug":"psyop-hyperinflation-22-rencontre-psyop-crise-alimentaire-22","status":"publish","type":"page","link":"https:\/\/blog.lesgrossesorchadeslesamplesthalameges.fr\/index.php\/psyop-hyperinflation-22-rencontre-psyop-crise-alimentaire-22\/","title":{"rendered":"\u00ab PSYOP \u00bb \u2013 Hyperinflation-22 rencontre\u00a0\u00a0\u00ab PSYOP \u00bb \u2013 Crise alimentaire-22"},"content":{"rendered":"<p>&nbsp;<\/p>\n<p>&nbsp;<\/p>\n<p>&nbsp;<\/p>\n<p>&nbsp;<\/p>\n<p>&nbsp;<\/p>\n<p>&nbsp;<\/p>\n<p>&nbsp;<\/p>\n<p>&nbsp;<\/p>\n<p style=\"text-align: center;\"><span style=\"font-family: times new roman, times, serif; font-size: 36pt;\"><strong>\u00ab PSYOP \u00bb \u2013 Hyperinflation-22 rencontre \u00ab PSYOP \u00bb \u2013 Crise alimentaire-22<\/strong><\/span><\/p>\n<p>&nbsp;<\/p>\n<p>&nbsp;<\/p>\n<p style=\"text-align: center;\"><span style=\"font-family: times new roman, times, serif; font-size: 18pt;\"><strong><em>2<sup>nd<\/sup> Smartest Guy in the World \u2013 <\/em><\/strong><strong>30.3.2022<\/strong><\/span><\/p>\n<p>&nbsp;<\/p>\n<p style=\"text-align: center;\"><span style=\"font-size: 18pt; font-family: times new roman, times, serif;\">Traduction : <strong>c.l.<\/strong> pour <em><strong>L.G.O.<\/strong><\/em><\/span><\/p>\n<p>&nbsp;<\/p>\n<p>&nbsp;<\/p>\n<p style=\"text-align: justify;\"><span style=\"font-family: times new roman, times, serif; font-size: 14pt;\">AUX DERNI\u00c8RES NOUVELLES &#8211; La guerre en Ukraine aura un impact alimentaire mondial \u00ab\u00a0d\u00e9passant tout ce qu\u2019on a vu depuis la Seconde Guerre mondiale\u00a0\u00bb, d\u00e9clare le responsable de l&rsquo;alimentation de l&rsquo;ONU.<\/span><\/p>\n<p style=\"text-align: justify;\"><span style=\"font-family: times new roman, times, serif; font-size: 14pt;\">Pendant ce temps, l&rsquo;inflation en Allemagne a bondi jusqu\u2019\u00e0 7,3 % en mars, son niveau le plus \u00e9lev\u00e9 depuis 1981.<\/span><\/p>\n<p style=\"text-align: justify;\"><span style=\"font-family: times new roman, times, serif; font-size: 14pt;\">L&rsquo;Europe du Sud craint d\u2019avoir \u00e0 proc\u00e9der \u00e0 des abattages de b\u00e9tail, le conflit en Ukraine entra\u00eenant une p\u00e9nurie d&rsquo;aliments pour animaux.<\/span><\/p>\n<p style=\"text-align: justify;\"><span style=\"font-family: times new roman, times, serif; font-size: 14pt;\">Entre-temps, la p\u00e9nurie d&rsquo;aliments pour poulets au Sri Lanka entra\u00eene une baisse de 40 % de la production d&rsquo;\u0153ufs et met fin aux activit\u00e9s des petites exploitations.<\/span><\/p>\n<p style=\"text-align: justify;\"><span style=\"font-family: times new roman, times, serif; font-size: 14pt;\">Pendant ce temps, l&rsquo;Arkansas rejoint la G\u00e9orgie dans l&rsquo;urgence \u00ab\u00a0grippe aviaire\u00a0\u00bb. Les exemptions sont bas\u00e9es sur de faux tests PCR, ce qui oblige les gens \u00e0 tester leurs oiseaux, garantissant ainsi que l&rsquo;\u00ab\u00a0\u00e9pid\u00e9mie\u00a0\u00bb continuera d\u2019augmenter par le biais de faux positifs.<\/span><\/p>\n<p style=\"text-align: justify;\"><span style=\"font-family: times new roman, times, serif; font-size: 14pt;\">Pendant ce temps, le prix des engrais grimpe de 43 % pour atteindre un nouveau record alors que l&rsquo;offre se resserre ; l&rsquo;augmentation du co\u00fbt des intrants agricoles continuera de faire grimper les prix des denr\u00e9es alimentaires.<\/span><\/p>\n<p style=\"text-align: justify;\"><span style=\"font-family: times new roman, times, serif; font-size: 14pt;\">Pendant ce temps, les \u00e9leveurs de porcs chinois, qui subissent des pertes record en raison de l&rsquo;envol\u00e9e du co\u00fbt des aliments pour animaux et de la faiblesse de la demande en porcs, se tournent vers des c\u00e9r\u00e9ales de moindre qualit\u00e9 pour remplacer le soja, plus cher, et vont jusqu&rsquo;\u00e0 vendre des actifs pour tenter de survivre.<\/span><\/p>\n<p style=\"text-align: justify;\"><span style=\"font-family: times new roman, times, serif; font-size: 14pt;\">Pendant ce temps, le conflit en Ukraine pourrait d\u00e9clencher des \u00e9meutes de la faim dans les pays pauvres &#8211; OMC.<\/span><\/p>\n<p style=\"text-align: justify;\"><span style=\"font-family: times new roman, times, serif; font-size: 14pt;\">Et ainsi de suite, dans une temp\u00eate parfaite d&rsquo;op\u00e9rations psychologiques et de faux drapeaux pour inaugurer la Quatri\u00e8me R\u00e9volution Industrielle &amp; Grande R\u00e9initialisation qui n&rsquo;est rien d&rsquo;autre qu&rsquo;un enfer sur terre de D\u00e9peuplement et de Contr\u00f4le tehnofasciste par un Gouvernement Mondial Unique.<\/span><\/p>\n<p style=\"text-align: justify;\"><span style=\"font-family: times new roman, times, serif; font-size: 14pt;\">ET pendant ce temps aussi, <strong><em>les politiques draconiennes \u00e0 propos de \u00ab\u00a0changement climatique\u00a0\u00bb r\u00e9sultent du fait que les humains ne sont rien d\u2019autre que des formes de vie bas\u00e9es sur le carbone ; par cons\u00e9quent, d\u00e9carbonisation = d\u00e9peuplement.<\/em><\/strong><\/span><\/p>\n<p>&nbsp;<\/p>\n<p style=\"text-align: justify;\"><span style=\"font-family: times new roman, times, serif; font-size: 14pt;\">N\u2019ob\u00e9issez PAS\u00a0! Ne vous conformez PAS !<\/span><\/p>\n<p>&nbsp;<\/p>\n<p>&nbsp;<\/p>\n<p>&nbsp;<\/p>\n<p style=\"text-align: center;\"><a href=\"http:\/\/blog.lesgrossesorchadeslesamplesthalameges.fr\/index.php\/psyop-hyperinflation-22-rencontre-psyop-crise-alimentaire-22\/38-deathvax-pfizer\/\" rel=\"attachment wp-att-18224\"><img loading=\"lazy\" class=\"alignnone wp-image-18224\" src=\"http:\/\/blog.lesgrossesorchadeslesamplesthalameges.fr\/wp-content\/uploads\/2022\/03\/38.-DeathVax-Pfizer-300x179.jpg\" alt=\"\" width=\"600\" height=\"357\" srcset=\"https:\/\/blog.lesgrossesorchadeslesamplesthalameges.fr\/wp-content\/uploads\/2022\/03\/38.-DeathVax-Pfizer-300x179.jpg 300w, https:\/\/blog.lesgrossesorchadeslesamplesthalameges.fr\/wp-content\/uploads\/2022\/03\/38.-DeathVax-Pfizer.jpg 667w\" sizes=\"(max-width: 600px) 100vw, 600px\" \/><\/a><\/p>\n<p>&nbsp;<\/p>\n<p>&nbsp;<\/p>\n<p>Source\u00a0: <a href=\"https:\/\/2ndsmartestguyintheworld.substack.com\/p\/psyop-hyperinflation-22-meets-psyop-\">https:\/\/2ndsmartestguyintheworld.substack.com\/p\/psyop-hyperinflation-22-meets-psyop-<\/a><\/p>\n<p style=\"text-align: left;\"><span style=\"font-family: times new roman, times, serif; font-size: 14pt;\">URL de cet article : <a href=\"http:\/\/blog.lesgrossesorchadeslesamplesthalameges.fr\/index.php\/psyop-hyperinflation-22-rencontre-psyop-crise-alimentaire-22\/\">http:\/\/blog.lesgrossesorchadeslesamplesthalameges.fr\/index.php\/psyop-hyperinflation-22-rencontre-psyop-crise-alimentaire-22\/<\/a><\/span><\/p>\n<p>&nbsp;<\/p>\n<p>&nbsp;<\/p>\n<p style=\"text-align: center;\"><a href=\"http:\/\/blog.lesgrossesorchadeslesamplesthalameges.fr\/index.php\/et-maintenant-une-crise-alimentaire-mondiale\/000-donbass-militia-flag-petit-2\/\" rel=\"attachment wp-att-18217\"><img loading=\"lazy\" class=\"alignnone wp-image-18217\" src=\"http:\/\/blog.lesgrossesorchadeslesamplesthalameges.fr\/wp-content\/uploads\/2022\/03\/000.-DONBASS-MILITIA-FLAG-PETIT-1.gif\" alt=\"\" width=\"100\" height=\"72\" \/><\/a><\/p>\n<p>&nbsp;<\/p>\n<p>&nbsp;<\/p>\n<p style=\"text-align: right;\"><span style=\"font-family: comic sans ms, sans-serif; font-size: 14pt;\">Mars 2022<\/span><\/p>\n<p>&nbsp;<\/p>\n<p>&nbsp;<\/p>\n<p>&nbsp;<\/p>\n","protected":false},"excerpt":{"rendered":"<p>&nbsp; &nbsp; &nbsp; &nbsp; &nbsp; &nbsp; &nbsp; &nbsp; \u00ab PSYOP \u00bb \u2013 Hyperinflation-22 rencontre \u00ab PSYOP \u00bb \u2013 Crise alimentaire-22 &nbsp; &nbsp; 2nd Smartest Guy in the World \u2013 30.3.2022 &nbsp; Traduction : c.l. pour L.G.O. &nbsp; &nbsp; AUX DERNI\u00c8RES NOUVELLES &#8211; La guerre en Ukraine aura un impact alimentaire mondial \u00ab\u00a0d\u00e9passant tout ce qu\u2019on&#8230;<\/p>\n","protected":false},"author":1,"featured_media":0,"parent":0,"menu_order":0,"comment_status":"open","ping_status":"open","template":"","meta":[],"_links":{"self":[{"href":"https:\/\/blog.lesgrossesorchadeslesamplesthalameges.fr\/index.php\/wp-json\/wp\/v2\/pages\/18223"}],"collection":[{"href":"https:\/\/blog.lesgrossesorchadeslesamplesthalameges.fr\/index.php\/wp-json\/wp\/v2\/pages"}],"about":[{"href":"https:\/\/blog.lesgrossesorchadeslesamplesthalameges.fr\/index.php\/wp-json\/wp\/v2\/types\/page"}],"author":[{"embeddable":true,"href":"https:\/\/blog.lesgrossesorchadeslesamplesthalameges.fr\/index.php\/wp-json\/wp\/v2\/users\/1"}],"replies":[{"embeddable":true,"href":"https:\/\/blog.lesgrossesorchadeslesamplesthalameges.fr\/index.php\/wp-json\/wp\/v2\/comments?post=18223"}],"version-history":[{"count":7,"href":"https:\/\/blog.lesgrossesorchadeslesamplesthalameges.fr\/index.php\/wp-json\/wp\/v2\/pages\/18223\/revisions"}],"predecessor-version":[{"id":18231,"href":"https:\/\/blog.lesgrossesorchadeslesamplesthalameges.fr\/index.php\/wp-json\/wp\/v2\/pages\/18223\/revisions\/18231"}],"wp:attachment":[{"href":"https:\/\/blog.lesgrossesorchadeslesamplesthalameges.fr\/index.php\/wp-json\/wp\/v2\/media?parent=18223"}],"curies":[{"name":"wp","href":"https:\/\/api.w.org\/{rel}","templated":true}]}}