{"id":18306,"date":"2022-04-04T02:54:39","date_gmt":"2022-04-04T00:54:39","guid":{"rendered":"http:\/\/blog.lesgrossesorchadeslesamplesthalameges.fr\/?page_id=18306"},"modified":"2022-04-04T03:00:19","modified_gmt":"2022-04-04T01:00:19","slug":"18306-2","status":"publish","type":"page","link":"https:\/\/blog.lesgrossesorchadeslesamplesthalameges.fr\/index.php\/18306-2\/","title":{"rendered":"Depardieu chez de Benoist"},"content":{"rendered":"<p>&nbsp;<\/p>\n<p>&nbsp;<\/p>\n<p>&nbsp;<\/p>\n<p>&nbsp;<\/p>\n<p>&nbsp;<\/p>\n<p>&nbsp;<\/p>\n<p>&nbsp;<\/p>\n<p>&nbsp;<\/p>\n<p style=\"text-align: justify;\"><span style=\"font-family: times new roman, times, serif; font-size: 18pt;\"><strong><em>Depardieu chez de Benoist\u00a0\u2026 Ici, on dit WAW\u00a0 ! pas OUAHOU\u00a0!&#8230;<\/em><\/strong><\/span><\/p>\n<p style=\"text-align: justify;\"><span style=\"font-family: times new roman, times, serif; font-size: 14pt;\">Et <\/span><strong><span style=\"font-family: times new roman, times, serif; font-size: 14pt;\"><em>\u00ab\u00a0Bien s\u00fbr, il y a<\/em>Causeur \u2014 <em>indispensable\u00a0\u00bb<\/em>, <\/span><\/strong><span style=\"font-family: times new roman, times, serif; font-size: 14pt;\">M. Brighelli dixit.<\/span><\/p>\n<p>&nbsp;<\/p>\n<p style=\"text-align: justify;\"><span style=\"font-family: times new roman, times, serif; font-size: 14pt;\"><strong>\u00a0<\/strong><\/span><\/p>\n<p style=\"text-align: center;\"><span style=\"font-family: times new roman, times, serif; font-size: 36pt;\"><strong>L\u2019acteur a accord\u00e9 un long entretien \u00e0 la revue de Fran\u00e7ois Bousquet<\/strong><\/span><\/p>\n<p>&nbsp;<\/p>\n<p>&nbsp;<\/p>\n<p style=\"text-align: center;\"><span style=\"font-family: times new roman, times, serif; font-size: 18pt;\"><a href=\"https:\/\/www.causeur.fr\/author\/brighelli\"><strong>Jean-Paul Brighelli<\/strong><\/a><strong> \u2013 <em>Causeur<\/em> \u2013 2.4.2022<\/strong><\/span><\/p>\n<p>&nbsp;<\/p>\n<p>&nbsp;<\/p>\n<p>&nbsp;<\/p>\n<p style=\"text-align: center;\"><a href=\"http:\/\/blog.lesgrossesorchadeslesamplesthalameges.fr\/index.php\/2022\/04\/03\/en-suivant-la-feuille-de-route-9\/21-depardieu\/\" rel=\"attachment wp-att-18277\"><img loading=\"lazy\" class=\"alignnone wp-image-18277\" src=\"http:\/\/blog.lesgrossesorchadeslesamplesthalameges.fr\/wp-content\/uploads\/2022\/04\/21.-Depardieu-300x182.jpg\" alt=\"\" width=\"600\" height=\"364\" srcset=\"https:\/\/blog.lesgrossesorchadeslesamplesthalameges.fr\/wp-content\/uploads\/2022\/04\/21.-Depardieu-300x182.jpg 300w, https:\/\/blog.lesgrossesorchadeslesamplesthalameges.fr\/wp-content\/uploads\/2022\/04\/21.-Depardieu.jpg 768w\" sizes=\"(max-width: 600px) 100vw, 600px\" \/><\/a><\/p>\n<p>&nbsp;<\/p>\n<p>&nbsp;<\/p>\n<p>&nbsp;<\/p>\n<p style=\"text-align: justify;\"><span style=\"font-family: times new roman, times, serif; font-size: 14pt;\"><strong>G\u00e9rard Depardieu a sur le conflit ukrainien un avis tout en nuances, bien loin du jusqu\u2019au-boutisme poutinien auquel on veut trop souvent le r\u00e9duire. En fait, notre G\u00e9rard national fait preuve, quand on sait l\u2019apprivoiser, d\u2019une finesse dans le jugement qui ne surprend que ceux qui veulent tout trancher en noir et blanc. Interview\u00e9 en douceur par la revue <em>\u00c9l\u00e9ments<\/em>, il est en confiance pour exprimer son point de vue sur les affaires de ce monde.<\/strong><\/span><\/p>\n<p>&nbsp;<\/p>\n<p style=\"text-align: justify;\"><span style=\"font-family: times new roman, times, serif; font-size: 14pt;\">Bien s\u00fbr, il y a <em>Causeur<\/em> \u2014 indispensable. Mais dans un registre peut-\u00eatre plus intello, il y a <em>El\u00e9ments<\/em>, la revue patronn\u00e9e par Alain de Benoist. Et quelle id\u00e9e somptueuse, dans le dernier num\u00e9ro, que d\u2019interviewer G\u00e9rard Depardieu, qui parle entre autres de la Russie et de l\u2019Ukraine, qu\u2019il conna\u00eet bien.<\/span><\/p>\n<p>&nbsp;<\/p>\n<p style=\"text-align: justify;\"><span style=\"font-family: times new roman, times, serif; font-size: 14pt;\">Interview\u00e9 par Fran\u00e7ois Bousquet, le G\u00e9rard national dit tout ce qu\u2019il n\u2019est pas politiquement correct d\u2019avancer. Tout ce que les m\u00e9dias fran\u00e7ais, le petit doigt sur la couture du pantalon, occultent chaque jour. Il d\u00e9gomme d\u2019abord quelques t\u00eates creuses (<em>\u00ab\u00a0tous ces cons d\u2019intellectuels, tous ces BHL qui se prennent au s\u00e9rieux\u00a0\u00bb<\/em>), quelques confr\u00e8res (<em>\u00ab\u00a0Luchini joue Luchini jouant Luchini\u00a0\u00bb<\/em>), il assaisonne Mitterrand\u00a0(<em>\u00ab\u00a0Tu as lu sa correspondance avec Anne Pingeot\u00a0? Il n\u2019\u00e9crivait pas pour elle, il \u00e9crivait pour \u00eatre lu apr\u00e8s sa mort. Tout \u00e7a, c\u2019est petit, c\u2019est minable.\u00a0\u00bb<\/em>) et Camus, qui donjuanait \u00e0 la mani\u00e8re d\u2019Harpagon\u00a0: <em>\u00ab\u00a0Il a mis sous cloche Maria Casar\u00e8s\u00a0\u00bb<\/em>.<\/span><\/p>\n<p>&nbsp;<\/p>\n<p style=\"text-align: justify;\"><span style=\"font-family: times new roman, times, serif; font-size: 14pt;\">Puis il en vient \u00e0 la Russie, et rappelle quelques v\u00e9rit\u00e9s essentielles sur les montreurs de marionnettes qui tirent les ficelles du clown Zelensky\u00a0:<\/span><\/p>\n<p>&nbsp;<\/p>\n<p style=\"text-align: justify;\"><span style=\"font-family: times new roman, times, serif; font-size: 14pt;\"><em>\u00ab\u00a0La guerre est malheureuse, de part et d\u2019autre. Personne ne croit plus en personne. Il y a beaucoup d\u2019ignorance et beaucoup d\u2019intox. Les choses sont \u00e0 moiti\u00e9 dites. Il ne faut pas oublier qu\u2019il y a les cow-boys derri\u00e8re, avec cette momie, ce vieillard shakespearien qu\u2019est Joe Biden. Celui-l\u00e0, on se demande \u00e0 quel moment il va s\u2019\u00e9crouler derri\u00e8re son pupitre.\u00a0\u00bb<\/em><\/span><\/p>\n<p>&nbsp;<\/p>\n<p>&nbsp;<\/p>\n<p style=\"text-align: justify;\"><span style=\"font-family: times new roman, times, serif; font-size: 18pt;\"><strong>Russophobie terrifiante\u00a0<\/strong><\/span><\/p>\n<p>&nbsp;<\/p>\n<p style=\"text-align: justify;\"><span style=\"font-family: times new roman, times, serif; font-size: 14pt;\">Et d\u2019\u00e9voquer la \u00ab\u00a0russophobie terrifiante\u00a0\u00bb, et la balance mondiale entre toutes les arm\u00e9es priv\u00e9es\u00a0: <em>\u00ab\u00a0On dit de Poutine qu\u2019il a des mercenaires, le Groupe Wagner. J\u2019en ai crois\u00e9. Autrefois, on aurait parl\u00e9 de barbouzes. Ces milices priv\u00e9es sont anciennes, il y en a en Afrique, en Am\u00e9rique latine. Elles font le sale boulot. Aux \u00c9tats-Unis, il y a un paquet d\u2019arm\u00e9es priv\u00e9es\u00a0; il y en a aussi c\u00f4t\u00e9 ukrainien, mais celles-l\u00e0 avec des t\u00eates de mort, des signes SS et la croix gamm\u00e9e.\u00a0\u00bb<\/em> Et il rappelle que les comptes ne se sont pas ouverts ni sold\u00e9s \u00e0 Kiev il y a quinze jours\u00a0: <em>\u00ab\u00a0Regarde comment les Am\u00e9ricains ont pilonn\u00e9 Belgrade\u00a0! C\u2019est honteux. Les Am\u00e9ricains ont oubli\u00e9 la Yougoslavie, le Kosovo, l\u2019Irak. Ce n\u2019\u00e9tait pas Poutine qui a bombard\u00e9 l\u2019Irak, que je sache\u2026\u00a0\u00bb<\/em><\/span><\/p>\n<p>&nbsp;<\/p>\n<p style=\"text-align: justify;\"><span style=\"font-family: times new roman, times, serif; font-size: 14pt;\">Ajoutons, pour faire bon poids, apr\u00e8s Hiroshima et Nagasaki (on ne juge pas les crimes contre l\u2019humanit\u00e9 des vainqueurs, c\u2019est bien \u00e7a\u00a0?), la Cor\u00e9e, le Vietnam, le Chili, l\u2019Argentine, le Salvador, l\u2019Afghanistan \u2014 tout un paquet de sales guerres o\u00f9 des millions de personnes sont mortes, sous des pr\u00e9textes insens\u00e9s \u2014 rappelez-vous Colin Powell exhibant \u00e0 l\u2019ONU sa petite bouteille d\u2019eau plate, Aqua Robinetus simplex, en pr\u00e9tendant qu\u2019il s\u2019agissait de l\u2019arme chimique imaginaire de Saddam Hussein. Vous sursautez quand les Russes bombardent Kiev ou Marioupol\u00a0? Rappelez-vous les bombardements massifs, \u00e0 coups de bombes incendiaires, de Dresde ou de Hambourg \u2014 rien que des civils. Mais on ne juge pas les crimes de guerre des puissants, j\u2019ai bon\u00a0?<\/span><\/p>\n<p>&nbsp;<\/p>\n<p style=\"text-align: justify;\"><span style=\"font-family: times new roman, times, serif; font-size: 14pt;\">En 1967 Michel Sardou chantait \u00ab\u00a0Si les Ricains n\u2019\u00e9taient pas l\u00e0\u00a0\u00bb. Oui, mais si les Soviets n\u2019avaient pas \u00e9t\u00e9 l\u00e0, les Allemands auraient renvoy\u00e9 l\u2019arm\u00e9e alli\u00e9e \u00e0 la mer, en juin 1944. Ce sont les Sovi\u00e9tiques qui ont lib\u00e9r\u00e9 Auschwitz, et pris Berlin. Et lib\u00e9r\u00e9 la Crim\u00e9e.<\/span><\/p>\n<p>&nbsp;<\/p>\n<p style=\"text-align: justify;\"><span style=\"font-family: times new roman, times, serif; font-size: 14pt;\">Aucune haine particuli\u00e8re des \u00c9tats-Unis. J\u2019y suis all\u00e9, c\u2019est un pays magnifique, j\u2019ai vu de pr\u00e8s ce qu\u2019\u00e9tait la mis\u00e8re et la d\u00e9linquance \u00e0 New-York en 1976, vu de tr\u00e8s pr\u00e8s ce qu\u2019\u00e9tait le racisme au Texas et dans les \u00c9tats du Sud. Et j\u2019y ai c\u00f4toy\u00e9 dans l\u2019Ouest des Indiens, des vrais \u2014 ce qu\u2019il en reste. Si les Ricains n\u2019avaient pas \u00e9t\u00e9 pas l\u00e0\u2026<\/span><\/p>\n<p>&nbsp;<\/p>\n<p>&nbsp;<\/p>\n<p style=\"text-align: justify;\"><span style=\"font-family: times new roman, times, serif; font-size: 18pt;\"><strong>App\u00e9tits territoriaux<\/strong><\/span><\/p>\n<p>&nbsp;<\/p>\n<p style=\"text-align: justify;\"><span style=\"font-family: times new roman, times, serif; font-size: 14pt;\">C\u2019est toujours la m\u00eame guerre. Hier, les Afghans payaient \u2014 aussi bien aupr\u00e8s des Russes que des Am\u00e9ricains. Aujourd\u2019hui c\u2019est l\u2019Ukraine qui est le doigt entre l\u2019\u00e9corce et l\u2019arbre. Et l\u2019arm\u00e9e ukrainienne s\u2019abrite derri\u00e8re le rempart humain des populations civiles \u2014 ce que l\u2019on reprochait il y a peu aux troupes de Daesh. Toujours la m\u00eame guerre.<\/span><\/p>\n<p style=\"text-align: justify;\"><span style=\"font-family: times new roman, times, serif; font-size: 14pt;\">Et toujours les m\u00eames app\u00e9tits. Territoriaux, via l\u2019OTAN, qui est le jouet des Am\u00e9ricains \u2014 les autres pays qui en sont membres sont comme les petits actionnaires d\u2019une grande firme, ils ferment leur gueule. Financiers surtout, parce que le facteur \u00e9conomique est d\u00e9terminant en derni\u00e8re instance. L\u2019Allemagne, cens\u00e9e \u00eatre notre partenaire europ\u00e9en pr\u00e9f\u00e9r\u00e9, ach\u00e8te des F-35 am\u00e9ricains, pas des Rafale. C\u2019est la petite monnaie du Plan Marshall. Biden, bon ap\u00f4tre, offre du gaz am\u00e9ricain \u00e0 prix d\u2019ami \u2014 le double ou le triple de ce que nous payons le gaz russe. Et sous pr\u00e9texte de guerre, le portefeuille de la m\u00e9nag\u00e8re conna\u00eet un creux sensible. Les Ukrainiens et nous payons en fin de compte les frotti-frotta entre superpuissances. Comme d\u2019habitude.<\/span><\/p>\n<p>&nbsp;<\/p>\n<p style=\"text-align: justify;\"><span style=\"font-family: times new roman, times, serif; font-size: 14pt;\">Et pendant ce temps, Xi Jinping\u2026<\/span><\/p>\n<p>&nbsp;<\/p>\n<p style=\"text-align: justify;\"><span style=\"font-family: times new roman, times, serif; font-size: 14pt;\">\u00c0 noter, enfin, que Depardieu a chant\u00e9 Barbara hier soir et ce 2 avril au Th\u00e9\u00e2tre des Champs-\u00c9lys\u00e9es. Si\u00a0! Cet homme ose tout.<\/span><\/p>\n<p>&nbsp;<\/p>\n<p style=\"text-align: justify;\"><span style=\"font-family: times new roman, times, serif; font-size: 14pt;\">Enfin, une petite anecdote cocasse\u00a0: <em>Le Figaro-Etudiant <\/em><a href=\"https:\/\/etudiant.lefigaro.fr\/article\/ici-les-maths-c-est-beaucoup-plus-facile-qu-en-ukraine-une-jeune-refugiee-s-etonne-du-niveau-scolaire-francais_5cbb2db6-ae67-11ec-b3f0-6afbe087e5e4\/\">a interview\u00e9<\/a> une petite Ukrainienne r\u00e9fugi\u00e9e en France, qui a pris le chemin de l\u2019\u00e9cole fran\u00e7aise. Et de s\u2019exclamer\u00a0: <em>\u00ab\u00a0Ici, les maths, c\u2019est beaucoup plus facile qu\u2019en Ukraine\u00a0!\u00a0\u00bb<\/em> Je crois bien\u00a0! Nous sommes \u00e0 l\u2019avant-derni\u00e8re place, juste avant le Chili, du classement TIMMS, qui \u00e9value le niveau en sciences. Les pays de l\u2019ex-Union sovi\u00e9tique caracolent en t\u00eate, avec les dragons asiatiques. Et nous, nous fabriquons des cr\u00e9tins.<\/span><\/p>\n<p>&nbsp;<\/p>\n<p style=\"text-align: justify;\"><span style=\"font-family: times new roman, times, serif; font-size: 14pt;\">Source\u00a0: <a href=\"https:\/\/www.causeur.fr\/depardieu-elements-ukraine-russie-229435\">https:\/\/www.causeur.fr\/depardieu-elements-ukraine-russie-229435<\/a><\/span><\/p>\n<p style=\"text-align: left;\"><strong><span style=\"font-family: times new roman, times, serif; font-size: 14pt;\">URL de cet article : <\/span><\/strong><a href=\"http:\/\/blog.lesgrossesorchadeslesamplesthalameges.fr\/index.php\/18306-2\/\"><span style=\"font-family: times new roman, times, serif; font-size: 14pt;\">http:\/\/blog.lesgrossesorchadeslesamplesthalameges.fr\/index.php\/18306-2\/<\/span><\/a><\/p>\n<p>&nbsp;<\/p>\n<p>&nbsp;<\/p>\n<h1 style=\"text-align: center;\"><em>\u00a0<a href=\"http:\/\/blog.lesgrossesorchadeslesamplesthalameges.fr\/index.php\/2022\/04\/03\/en-suivant-la-feuille-de-route-9\/000-donbass-militia-flag-petit-3\/\" rel=\"attachment wp-att-18252\"><img loading=\"lazy\" class=\"alignnone size-full wp-image-18252\" src=\"http:\/\/blog.lesgrossesorchadeslesamplesthalameges.fr\/wp-content\/uploads\/2022\/04\/000.-DONBASS-MILITIA-FLAG-PETIT.gif\" alt=\"\" width=\"170\" height=\"122\" \/><\/a><\/em><\/h1>\n<p>&nbsp;<\/p>\n<p style=\"text-align: right;\"><span style=\"font-size: 14pt; font-family: comic sans ms, sans-serif;\">Avril 2022<\/span><\/p>\n<p>&nbsp;<\/p>\n<p>&nbsp;<\/p>\n","protected":false},"excerpt":{"rendered":"<p>&nbsp; &nbsp; &nbsp; &nbsp; &nbsp; &nbsp; &nbsp; &nbsp; Depardieu chez de Benoist\u00a0\u2026 Ici, on dit WAW\u00a0 ! pas OUAHOU\u00a0!&#8230; Et \u00ab\u00a0Bien s\u00fbr, il y aCauseur \u2014 indispensable\u00a0\u00bb, M. Brighelli dixit. &nbsp; \u00a0 L\u2019acteur a accord\u00e9 un long entretien \u00e0 la revue de Fran\u00e7ois Bousquet &nbsp; &nbsp; Jean-Paul Brighelli \u2013 Causeur \u2013 2.4.2022 &nbsp; &nbsp; &nbsp;&#8230;<\/p>\n","protected":false},"author":1,"featured_media":0,"parent":0,"menu_order":0,"comment_status":"open","ping_status":"open","template":"","meta":[],"_links":{"self":[{"href":"https:\/\/blog.lesgrossesorchadeslesamplesthalameges.fr\/index.php\/wp-json\/wp\/v2\/pages\/18306"}],"collection":[{"href":"https:\/\/blog.lesgrossesorchadeslesamplesthalameges.fr\/index.php\/wp-json\/wp\/v2\/pages"}],"about":[{"href":"https:\/\/blog.lesgrossesorchadeslesamplesthalameges.fr\/index.php\/wp-json\/wp\/v2\/types\/page"}],"author":[{"embeddable":true,"href":"https:\/\/blog.lesgrossesorchadeslesamplesthalameges.fr\/index.php\/wp-json\/wp\/v2\/users\/1"}],"replies":[{"embeddable":true,"href":"https:\/\/blog.lesgrossesorchadeslesamplesthalameges.fr\/index.php\/wp-json\/wp\/v2\/comments?post=18306"}],"version-history":[{"count":5,"href":"https:\/\/blog.lesgrossesorchadeslesamplesthalameges.fr\/index.php\/wp-json\/wp\/v2\/pages\/18306\/revisions"}],"predecessor-version":[{"id":18311,"href":"https:\/\/blog.lesgrossesorchadeslesamplesthalameges.fr\/index.php\/wp-json\/wp\/v2\/pages\/18306\/revisions\/18311"}],"wp:attachment":[{"href":"https:\/\/blog.lesgrossesorchadeslesamplesthalameges.fr\/index.php\/wp-json\/wp\/v2\/media?parent=18306"}],"curies":[{"name":"wp","href":"https:\/\/api.w.org\/{rel}","templated":true}]}}