{"id":18392,"date":"2022-04-05T21:51:41","date_gmt":"2022-04-05T19:51:41","guid":{"rendered":"http:\/\/blog.lesgrossesorchadeslesamplesthalameges.fr\/?page_id=18392"},"modified":"2022-04-05T21:52:56","modified_gmt":"2022-04-05T19:52:56","slug":"lukraine-perd-definitivement-tout-acces-a-la-mer-dazov","status":"publish","type":"page","link":"https:\/\/blog.lesgrossesorchadeslesamplesthalameges.fr\/index.php\/lukraine-perd-definitivement-tout-acces-a-la-mer-dazov\/","title":{"rendered":"L\u2019Ukraine perd d\u00e9finitivement tout acc\u00e8s \u00e0 la mer d\u2019Azov"},"content":{"rendered":"<p>&nbsp;<\/p>\n<p>&nbsp;<\/p>\n<p>&nbsp;<\/p>\n<p>&nbsp;<\/p>\n<p>&nbsp;<\/p>\n<p>&nbsp;<\/p>\n<p>&nbsp;<\/p>\n<p>&nbsp;<\/p>\n<p style=\"text-align: justify;\"><span style=\"font-family: times new roman, times, serif; font-size: 18pt; color: #c00000;\"><strong><em>Z\u2019ont oubli\u00e9 les Skripal\u2026<\/em><\/strong><\/span><\/p>\n<p style=\"text-align: justify;\"><span style=\"font-family: times new roman, times, serif; font-size: 14pt;\"><strong>\u00a0<\/strong><\/span><\/p>\n<p>&nbsp;<\/p>\n<p style=\"text-align: center;\"><span style=\"font-family: times new roman, times, serif; font-size: 14pt;\"><strong><span style=\"font-size: 36pt;\">L\u2019Ukraine perd d\u00e9finitivement tout acc\u00e8s \u00e0 la mer d\u2019Azov<\/span> <\/strong><\/span><\/p>\n<p>&nbsp;<\/p>\n<p style=\"text-align: center;\"><span style=\"font-family: times new roman, times, serif; font-size: 14pt;\"><a href=\"https:\/\/strategika51.org\/author\/strategika51\/\"><strong><span style=\"font-size: 18pt;\">Strategika51 <\/span><\/strong><\/a><strong><span style=\"font-size: 18pt;\">\u2013 5.4.2022<\/span><\/strong><\/span><\/p>\n<p>&nbsp;<\/p>\n<p>&nbsp;<\/p>\n<p>&nbsp;<\/p>\n<p style=\"text-align: center;\"><a href=\"http:\/\/blog.lesgrossesorchadeslesamplesthalameges.fr\/index.php\/2022\/04\/05\/en-suivant-la-feuille-de-route-10\/harris\/\" rel=\"attachment wp-att-18386\"><img loading=\"lazy\" class=\"alignnone wp-image-18386 size-full\" src=\"http:\/\/blog.lesgrossesorchadeslesamplesthalameges.fr\/wp-content\/uploads\/2022\/04\/Harris.jpg\" alt=\"\" width=\"400\" height=\"533\" srcset=\"https:\/\/blog.lesgrossesorchadeslesamplesthalameges.fr\/wp-content\/uploads\/2022\/04\/Harris.jpg 400w, https:\/\/blog.lesgrossesorchadeslesamplesthalameges.fr\/wp-content\/uploads\/2022\/04\/Harris-225x300.jpg 225w\" sizes=\"(max-width: 400px) 100vw, 400px\" \/><\/a><\/p>\n<p>&nbsp;<\/p>\n<p>&nbsp;<\/p>\n<p>&nbsp;<\/p>\n<p style=\"text-align: justify;\"><strong><span style=\"font-family: tahoma, arial, helvetica, sans-serif; font-size: 14pt;\">La ville de Marioupol est perdue \u00e0 jamais et ne sera plus jamais ukrainienne. L\u2019Ukraine a d\u00e9finitivement perdu tout acc\u00e8s \u00e0 la mer d\u2019Azov.<\/span><\/strong><\/p>\n<p>&nbsp;<\/p>\n<p style=\"text-align: justify;\"><span style=\"font-family: times new roman, times, serif; font-size: 14pt;\">Cet ach\u00e8vement strat\u00e9gique est l\u2019\u0153uvre d\u2019une unit\u00e9 sp\u00e9ciale de la police tch\u00e9tch\u00e8ne qui combat aux c\u00f4t\u00e9s des Marines russes et des miliciens de Donetsk. L\u2019exp\u00e9rience en mati\u00e8re de guerre urbaine des Tch\u00e9tch\u00e8nes a \u00e9t\u00e9 d\u00e9terminante face aux forces sp\u00e9ciales britanniques.<\/span><\/p>\n<p style=\"text-align: justify;\"><span style=\"font-family: times new roman, times, serif; font-size: 14pt;\">267 militaires ukrainiens appartenant au 503e bataillon des Marines se sont rendus aux forces tch\u00e9tch\u00e8nes. Le commandant de cette unit\u00e9 d\u2019\u00e9lite, Pavel Sbitov, un natif de Lvov et un v\u00e9t\u00e9ran de la guerre au Donbass depuis 2014, a \u00e9t\u00e9 neutralis\u00e9 le 03\/04\/2022 par les Tch\u00e9tch\u00e8nes.<\/span><\/p>\n<p>&nbsp;<\/p>\n<p>&nbsp;<\/p>\n<p>&nbsp;<\/p>\n<p style=\"text-align: center;\"><a href=\"http:\/\/blog.lesgrossesorchadeslesamplesthalameges.fr\/index.php\/lukraine-perd-definitivement-tout-acces-a-la-mer-dazov\/badge\/\" rel=\"attachment wp-att-18393\"><img loading=\"lazy\" class=\"alignnone wp-image-18393 size-full\" src=\"http:\/\/blog.lesgrossesorchadeslesamplesthalameges.fr\/wp-content\/uploads\/2022\/04\/Badge.jpg\" alt=\"\" width=\"400\" height=\"491\" srcset=\"https:\/\/blog.lesgrossesorchadeslesamplesthalameges.fr\/wp-content\/uploads\/2022\/04\/Badge.jpg 400w, https:\/\/blog.lesgrossesorchadeslesamplesthalameges.fr\/wp-content\/uploads\/2022\/04\/Badge-244x300.jpg 244w\" sizes=\"(max-width: 400px) 100vw, 400px\" \/><\/a><\/p>\n<p>&nbsp;<\/p>\n<p>&nbsp;<\/p>\n<p>&nbsp;<\/p>\n<p style=\"text-align: justify;\"><span style=\"font-family: times new roman, times, serif; font-size: 14pt;\">Les plus radicaux ont fui avec des bus remplis de civils vers une installation industrielle pour les utiliser comme des boucliers humains.<\/span><\/p>\n<p style=\"text-align: justify;\"><span style=\"font-family: times new roman, times, serif; font-size: 14pt;\">Tous les fournisseurs occidentaux d\u2019imagerie satellite ont fourni gratuitement et en temps r\u00e9el des donn\u00e9es et des informations collect\u00e9es par les satellites-espions et d\u2019observation de l\u2019ensemble des pays de l\u2019OTAN aux forces ukrainiennes \u00e0 Mariupol. Celles-ci \u00e9taient conseill\u00e9es par des forces sp\u00e9ciales dont les plus acharn\u00e9es sont celle du Royaume-Uni.<\/span><\/p>\n<p style=\"text-align: justify;\"><span style=\"font-family: times new roman, times, serif; font-size: 14pt;\">Le pr\u00e9sident turc Tayep Re\u00e7ep Erdogan a utilis\u00e9 son influence \u00e0 Moscou pour demander \u00e0 la Russie l\u2019exfiltration des \u00ab \u00e9trangers \u00bb bloqu\u00e9s \u00e0 Marioupol. En r\u00e9alit\u00e9, la Turquie a \u00e9t\u00e9 mandat\u00e9e par Washington et Londres pour agir aupr\u00e8s de Moscou, dans le but de permettre l\u2019exfiltration des agents de liaison des services sp\u00e9ciaux et des unit\u00e9s de combat constitu\u00e9s de membres des forces sp\u00e9ciales de plusieurs pays et des mercenaires (G\u00e9orgie, Maroc, Kurdistan irakien, Pologne, etc.) portant l\u2019uniforme ukrainien.<\/span><\/p>\n<p style=\"text-align: justify;\"><span style=\"font-family: times new roman, times, serif; font-size: 14pt;\">Les forces tch\u00e9tch\u00e8nes sont les seules parmi l\u2019ensemble des unit\u00e9s militaires russes qui n\u2019avaient aucune illusion sur les m\u00e9thodes barbares du SBU ukrainien et de son mentor britannique (Mi-6) qu\u2019ils d\u00e9signent sous le terme de <em>shaitans<\/em> (d\u00e9mons). Les autres militaires russes avaient fait preuve d\u2019un certain sentimentalisme et croyaient que les Ukrainiens \u00e9taient des Slaves comme eux et qu\u2019ils se plaignaient de leur r\u00e9gime impos\u00e9 par l\u2019\u00e9tranger. Ils se sont lourdement tromp\u00e9s. Les prisonniers de guerre russes qui ont eu le malheur de tomber entre les mains de l\u2019ennemi ont tous \u00e9t\u00e9 massacr\u00e9s sans aucune forme de proc\u00e8s. Les bless\u00e9s sont achev\u00e9s apr\u00e8s mutilations.<\/span><\/p>\n<p style=\"text-align: justify;\"><span style=\"font-family: times new roman, times, serif; font-size: 14pt;\">La tuerie de Bucha porte tous les signes distinctifs des op\u00e9rations clandestines de l\u2019empire et plus pr\u00e9cis\u00e9ment du Mi-6 britannique. Bucha est la suite logique du faux massacre de Timisoara en 1989 (un cimeti\u00e8re o\u00f9 on avait d\u00e9terr\u00e9s des cadavres de morts), de la fausse infirmi\u00e8re koweitienne, en r\u00e9alit\u00e9 fille de l\u2019ambassadeur du Kowe\u00eft aux \u00c9tats-Unis, t\u00e9moignant sur un pr\u00e9tendu massacre de b\u00e9b\u00e9s par les soldats irakiens en 1990, de la petite fiole remplie d\u2019un liquide douteux brandie par Colin Powell au Conseil de S\u00e9curit\u00e9 des Nations Unies en 2002, des troupes libyennes \u00ab\u00a0galvanis\u00e9s au Viagra\u00a0\u00bb en 2011, du faux g\u00e9nocide au Soudan et qui a disparu aussit\u00f4t que Khartoum a c\u00e9d\u00e9 son territoire, de la fausse r\u00e9pression des Ou\u00efghours en Chine, etc. Le modus operandi des m\u00e9dias de guerre n\u2019a pas chang\u00e9 d\u2019un iota : des cris d\u2019hyst\u00e9rie en chorus et Joe Biden qui tente de crier plus fort pour sauver son fils Hunter et son fr\u00e8re, compromis dans de tr\u00e8s graves affaires de corruption, li\u00e9es \u00e0 la dispersion de pathog\u00e8nes dans plusieurs r\u00e9gions du monde. Il faut \u00eatre totalement na\u00eff ou compl\u00e8tement amn\u00e9sique pour croire un seul mot de ce que d\u00e9bite la narration orient\u00e9e et th\u00e9matis\u00e9e de l\u2019infoguerre atlantiste, qui agit toujours en meute et selon un seul mot d\u2019ordre.<\/span><\/p>\n<p style=\"text-align: justify;\"><span style=\"font-family: times new roman, times, serif; font-size: 14pt;\">L\u2019histoire retiendra les deux poids deux mesures d\u2019un empire totalement hypocrite, amoral et profond\u00e9ment corrompu.<\/span><\/p>\n<p>&nbsp;<\/p>\n<p style=\"text-align: left;\"><span style=\"font-family: times new roman, times, serif; font-size: 14pt;\">Source\u00a0: <a href=\"https:\/\/strategika51.org\/2022\/04\/05\/lukraine-perd-definitivement-tout-acces-a-la-mer-dazov\/\">https:\/\/strategika51.org\/2022\/04\/05\/lukraine-perd-definitivement-tout-acces-a-la-mer-dazov\/<\/a><\/span><\/p>\n<p>&nbsp;<\/p>\n<p style=\"text-align: left;\"><span style=\"font-family: times new roman, times, serif; font-size: 14pt;\"><strong>URL de cet article : <\/strong><a href=\"http:\/\/blog.lesgrossesorchadeslesamplesthalameges.fr\/index.php\/lukraine-perd-definitivement-tout-acces-a-la-mer-dazov\/\">http:\/\/blog.lesgrossesorchadeslesamplesthalameges.fr\/index.php\/lukraine-perd-definitivement-tout-acces-a-la-mer-dazov\/<\/a><strong><br \/>\n<\/strong><\/span><\/p>\n<p>&nbsp;<\/p>\n<p>&nbsp;<\/p>\n<p style=\"text-align: center;\"><a href=\"http:\/\/blog.lesgrossesorchadeslesamplesthalameges.fr\/index.php\/2022\/04\/03\/en-suivant-la-feuille-de-route-9\/000-donbass-militia-flag-petit-3\/\" rel=\"attachment wp-att-18252\"><img loading=\"lazy\" class=\"alignnone size-full wp-image-18252\" src=\"http:\/\/blog.lesgrossesorchadeslesamplesthalameges.fr\/wp-content\/uploads\/2022\/04\/000.-DONBASS-MILITIA-FLAG-PETIT.gif\" alt=\"\" width=\"170\" height=\"122\" \/><\/a><\/p>\n<p>&nbsp;<\/p>\n<p style=\"text-align: right;\"><span style=\"font-family: comic sans ms, sans-serif; font-size: 14pt;\">Avril 2022<\/span><\/p>\n<p>&nbsp;<\/p>\n<p>&nbsp;<\/p>\n","protected":false},"excerpt":{"rendered":"<p>&nbsp; &nbsp; &nbsp; &nbsp; &nbsp; &nbsp; &nbsp; &nbsp; Z\u2019ont oubli\u00e9 les Skripal\u2026 \u00a0 &nbsp; L\u2019Ukraine perd d\u00e9finitivement tout acc\u00e8s \u00e0 la mer d\u2019Azov &nbsp; Strategika51 \u2013 5.4.2022 &nbsp; &nbsp; &nbsp; &nbsp; &nbsp; &nbsp; La ville de Marioupol est perdue \u00e0 jamais et ne sera plus jamais ukrainienne. L\u2019Ukraine a d\u00e9finitivement perdu tout acc\u00e8s \u00e0 la&#8230;<\/p>\n","protected":false},"author":1,"featured_media":0,"parent":0,"menu_order":0,"comment_status":"open","ping_status":"open","template":"","meta":[],"_links":{"self":[{"href":"https:\/\/blog.lesgrossesorchadeslesamplesthalameges.fr\/index.php\/wp-json\/wp\/v2\/pages\/18392"}],"collection":[{"href":"https:\/\/blog.lesgrossesorchadeslesamplesthalameges.fr\/index.php\/wp-json\/wp\/v2\/pages"}],"about":[{"href":"https:\/\/blog.lesgrossesorchadeslesamplesthalameges.fr\/index.php\/wp-json\/wp\/v2\/types\/page"}],"author":[{"embeddable":true,"href":"https:\/\/blog.lesgrossesorchadeslesamplesthalameges.fr\/index.php\/wp-json\/wp\/v2\/users\/1"}],"replies":[{"embeddable":true,"href":"https:\/\/blog.lesgrossesorchadeslesamplesthalameges.fr\/index.php\/wp-json\/wp\/v2\/comments?post=18392"}],"version-history":[{"count":8,"href":"https:\/\/blog.lesgrossesorchadeslesamplesthalameges.fr\/index.php\/wp-json\/wp\/v2\/pages\/18392\/revisions"}],"predecessor-version":[{"id":18401,"href":"https:\/\/blog.lesgrossesorchadeslesamplesthalameges.fr\/index.php\/wp-json\/wp\/v2\/pages\/18392\/revisions\/18401"}],"wp:attachment":[{"href":"https:\/\/blog.lesgrossesorchadeslesamplesthalameges.fr\/index.php\/wp-json\/wp\/v2\/media?parent=18392"}],"curies":[{"name":"wp","href":"https:\/\/api.w.org\/{rel}","templated":true}]}}