{"id":18541,"date":"2022-04-11T21:13:40","date_gmt":"2022-04-11T19:13:40","guid":{"rendered":"http:\/\/blog.lesgrossesorchadeslesamplesthalameges.fr\/?page_id=18541"},"modified":"2022-04-11T21:14:47","modified_gmt":"2022-04-11T19:14:47","slug":"confirmation-de-la-capture-dun-general-de-division-americain-par-la-russie-alors-quil-tentait-de-fuir-marioupol","status":"publish","type":"page","link":"https:\/\/blog.lesgrossesorchadeslesamplesthalameges.fr\/index.php\/confirmation-de-la-capture-dun-general-de-division-americain-par-la-russie-alors-quil-tentait-de-fuir-marioupol\/","title":{"rendered":"Confirmation de la capture d&rsquo;un g\u00e9n\u00e9ral de division am\u00e9ricain par la Russie alors qu&rsquo;il tentait de fuir Marioupol."},"content":{"rendered":"<p style=\"text-align: justify;\"><strong>\u00a0<\/strong><\/p>\n<p>&nbsp;<\/p>\n<p>&nbsp;<\/p>\n<p>&nbsp;<\/p>\n<p>&nbsp;<\/p>\n<p>&nbsp;<\/p>\n<p>&nbsp;<\/p>\n<p>&nbsp;<\/p>\n<p style=\"text-align: center;\"><span style=\"font-family: times new roman, times, serif; font-size: 36pt;\"><strong>Confirmation de la capture d&rsquo;un g\u00e9n\u00e9ral de division am\u00e9ricain par la Russie alors qu&rsquo;il tentait de fuir Marioupol.<\/strong><\/span><\/p>\n<p style=\"text-align: center;\"><span style=\"font-family: times new roman, times, serif; font-size: 36pt;\"><strong>\u00a0<\/strong><\/span><\/p>\n<p style=\"text-align: center;\"><span style=\"font-family: times new roman, times, serif; font-size: 18pt;\"><strong>Jim Stone \u2013 <em>The Truth Seeker<\/em> \u2013 6.4.2022<\/strong><\/span><\/p>\n<p>&nbsp;<\/p>\n<p style=\"text-align: center;\"><span style=\"font-family: times new roman, times, serif; font-size: 18pt;\">Traduction :<strong> c.l. <\/strong>pour<strong> <em>L.G.O.<\/em><\/strong><\/span><\/p>\n<p style=\"text-align: justify;\"><span style=\"font-family: times new roman, times, serif; font-size: 14pt;\"><strong>\u00a0<\/strong><\/span><\/p>\n<p>&nbsp;<\/p>\n<p style=\"text-align: center;\"><a href=\"http:\/\/blog.lesgrossesorchadeslesamplesthalameges.fr\/index.php\/2022\/04\/11\/en-suivant-la-feuille-de-route-12\/11-cloutier\/\" rel=\"attachment wp-att-18511\"><img loading=\"lazy\" class=\"alignnone wp-image-18511 size-full\" src=\"http:\/\/blog.lesgrossesorchadeslesamplesthalameges.fr\/wp-content\/uploads\/2022\/04\/11.-Cloutier.jpg\" alt=\"\" width=\"600\" height=\"400\" srcset=\"https:\/\/blog.lesgrossesorchadeslesamplesthalameges.fr\/wp-content\/uploads\/2022\/04\/11.-Cloutier.jpg 600w, https:\/\/blog.lesgrossesorchadeslesamplesthalameges.fr\/wp-content\/uploads\/2022\/04\/11.-Cloutier-300x200.jpg 300w\" sizes=\"(max-width: 600px) 100vw, 600px\" \/><\/a><\/p>\n<p style=\"text-align: center;\"><span style=\"font-family: times new roman, times, serif; font-size: 12pt;\"><strong><em>Le major-g\u00e9n\u00e9ral U.S. Roger L. Cloutier<\/em><\/strong><\/span><\/p>\n<p style=\"text-align: justify;\"><span style=\"font-family: times new roman, times, serif; font-size: 14pt;\"><strong><em>\u00a0<\/em><\/strong><\/span><\/p>\n<p style=\"text-align: justify;\"><span style=\"font-family: times new roman, times, serif; font-size: 14pt;\"><strong>\u00a0<\/strong><\/span><\/p>\n<p style=\"text-align: justify;\"><span style=\"font-family: times new roman, times, serif; font-size: 14pt;\"><strong>C\u2019EST MAINTENANT CONFIRM\u00c9 : Le Major G\u00e9n\u00e9ral am\u00e9ricain Roger L. Cloutier a \u00e9t\u00e9 captur\u00e9 par la Russie alors qu&rsquo;il tentait de fuir Marioupol, apr\u00e8s avoir donn\u00e9 des directives militaires aux forces ukrainiennes et mercenaires.<\/strong><\/span><\/p>\n<p>&nbsp;<\/p>\n<p style=\"text-align: justify;\"><span style=\"font-family: times new roman, times, serif; font-size: 14pt;\">J&rsquo;avais pr\u00e9c\u00e9demment post\u00e9 ceci comme une rumeur. Ce n&rsquo;est plus une rumeur. C&rsquo;est mauvais. Un acte de guerre manifeste dont les \u00c9tats-Unis esp\u00e9raient s\u2019affranchir. <strong>Voici comment il s&rsquo;est fait prendre, d&rsquo;apr\u00e8s un r\u00e9sum\u00e9 des rapports pr\u00e9c\u00e9dents post\u00e9s ici.<\/strong><\/span><\/p>\n<p>&nbsp;<\/p>\n<p style=\"text-align: justify;\"><span style=\"font-family: times new roman, times, serif; font-size: 14pt;\">Les forces russes ont coup\u00e9 toutes les voies d&rsquo;\u00e9vacuation terrestres, ce qui a \u00ab\u00a0pris au pi\u00e8ge le haut commandement des forces ukrainiennes\u00a0\u00bb, qui se sont av\u00e9r\u00e9es ne pas \u00eatre ukrainiennes du tout en fin de compte. L&rsquo;Occident a \u00e9t\u00e9 aux commandes de la guerre en Ukraine pendant la plus grande partie de celle-ci. Pour \u00e9viter de se faire prendre, les forces occidentales ont ensuite tent\u00e9 d\u2019\u00e9vacuer leurs gens par h\u00e9licopt\u00e8re. La Russie a fait du bon travail en abattant ces h\u00e9licopt\u00e8res. en renseignements par les services secrets am\u00e9ricains, se sont r\u00e9fugi\u00e9s dans une aci\u00e9rie dont ces services savaient que la Russie voulaient \u00e0 tout prix \u00e9viter de la d\u00e9truire <em>[AZOVSTAL, NdT].<\/em> L&rsquo;aci\u00e9rie \u00e9tait un excellent endroit pour combattre \u2013 avantage certain \u2013 et elle \u00e9tait aussi tr\u00e8s facile \u00e0 d\u00e9fendre.<\/span><\/p>\n<p>&nbsp;<\/p>\n<p style=\"text-align: justify;\"><span style=\"font-family: times new roman, times, serif; font-size: 14pt;\">Les forces am\u00e9ricaines et occidentales n\u2019ont cess\u00e9 d\u2019y envoyer\u00a0 des h\u00e9licopt\u00e8res, avec pour seul r\u00e9sultat de les voir \u00e0 chaque fois abattre avant d\u2019avoir atteint l&rsquo;aci\u00e9rie. <strong>Les Russes ont alors chang\u00e9 de tactique. Le changement de tactique a consist\u00e9 \u00e0 permettre aux h\u00e9licopt\u00e8res d&rsquo;atteindre l&rsquo;aci\u00e9rie et d&rsquo;atterrir dans des zones ouvertes sur le terrain qui l\u2019entoure, puis de les abattre lorsqu&rsquo;ils tentaient d\u2019en partir. Ils ont ainsi permis \u00e0 8 d&rsquo;entre eux d&rsquo;atterrir et de prendre des personnes \u00e0 l&rsquo;int\u00e9rieur de l&rsquo;aci\u00e9rie. Deux ont r\u00e9ussi \u00e0 s\u2019enfuir, mais dans l&rsquo;un des six qu&rsquo;ils ont abattus, les Russes ont trouv\u00e9 le g\u00e9n\u00e9ral Cloutier. <\/strong><\/span><\/p>\n<p>&nbsp;<\/p>\n<p style=\"text-align: justify;\"><span style=\"font-family: times new roman, times, serif; font-size: 14pt;\"><strong>C&rsquo;EST CE QUI S\u2019APPELLE UNE MAUVAISE NOUVELLE, parce qu\u2019elle prouve sans l&rsquo;ombre d&rsquo;un doute que les \u00c9tats-Unis ont r\u00e9ellement fait la guerre en Ukraine, sur le sol ukrainien. La Russie a l\u00e9gitimement le droit, maintenant, de riposter comme elle l\u2019entend. <\/strong><\/span><\/p>\n<p>&nbsp;<\/p>\n<p style=\"text-align: justify;\"><span style=\"font-family: times new roman, times, serif; font-size: 14pt;\"><strong>POUR QUE LES CHOSES SOIENT CLAIRES<\/strong> : D\u00e8s le d\u00e9but, le Pentagone a dirig\u00e9 et command\u00e9 la guerre en Ukraine. Le Pentagone a ordonn\u00e9 l&rsquo;utilisation de la population civile ukrainienne comme boucliers humains. Je doute que ce soit le Pentagone qui ait ordonn\u00e9 le meurtre de r\u00e9fugi\u00e9s en fuite, mais m\u00eame l&rsquo;utilisation de boucliers humains, surtout lorsqu&rsquo;elle est ordonn\u00e9e de l&rsquo;\u00e9tranger, n&rsquo;est qu&rsquo;\u00e0 une nuance pr\u00e8s de cela. Les \u00c9tats-Unis peuvent \u00eatre accus\u00e9s \u00e0 juste titre des atrocit\u00e9s qui se sont d\u00e9roul\u00e9es en Ukraine.<\/span><\/p>\n<p>&nbsp;<\/p>\n<p style=\"text-align: justify;\"><span style=\"font-family: times new roman, times, serif; font-size: 14pt;\"><strong>Apr\u00e8s la capture du g\u00e9n\u00e9ral am\u00e9ricain, les m\u00e9dias <em>mainstream<\/em> et les services secrets U.S. ont fait tourner l&rsquo;usine \u00e0 mensonges \u00e0 plein r\u00e9gime, et les grandes entreprises technologiques s\u2019y sont ouvertement impliqu\u00e9es en d\u00e9clarant qu&rsquo;elles \u00ab\u00a0d\u00e9mon\u00e9tiseraient\u00a0<\/strong><em>[lisez\u00a0: cesseraient de financer, NdT]<\/em><strong> tous les m\u00e9dias qui ne feraient pas avec assez d\u2019\u00e9nergie monter la mayonnaise aux mensonges sous toutes les formes possibles. Du coup, ce \u00e0 quoi nous avons maintenant droit, c&rsquo;est que les Russes ont joyeusement viol\u00e9 et assassin\u00e9 d&rsquo;innombrables civils, alors que les corps des civils morts portent encore <\/strong>[<em>pas eu le temps de les enlever, NdT<\/em><strong>] les marques ouvertement nazies qui leur avaient \u00e9t\u00e9 inflig\u00e9es pour s\u2019amuser un peu. <\/strong><span style=\"font-size: 12pt;\"><strong>ET CE, APR\u00c8S QUE LES M\u00c9DIAS OCCIDENTAUX AIENT OUVERTEMENT D\u00c9CLAR\u00c9 QUE C\u2019\u00c9TAIENT BIEN LES FORCES NAZIES UKRAINIENNES QUI FAISAIENT LA GUERRE.<\/strong><\/span><\/span><\/p>\n<p>&nbsp;<\/p>\n<p style=\"text-align: justify;\"><span style=\"font-family: times new roman, times, serif; font-size: 14pt;\">Retournement complet du r\u00e9cit au m\u00e9pris de toute vraisemblance : accuser la Russie de marquer les gens de symboles nazis, alors que les Russes ne font pas et n\u2019ont jamais fait ce genre de choses.<\/span><\/p>\n<p>&nbsp;<\/p>\n<p>&nbsp;<\/p>\n<p style=\"text-align: center;\"><a href=\"http:\/\/blog.lesgrossesorchadeslesamplesthalameges.fr\/index.php\/confirmation-de-la-capture-dun-general-de-division-americain-par-la-russie-alors-quil-tentait-de-fuir-marioupol\/19-1-mirror-1\/\" rel=\"attachment wp-att-18542\"><img loading=\"lazy\" class=\"alignnone wp-image-18542\" src=\"http:\/\/blog.lesgrossesorchadeslesamplesthalameges.fr\/wp-content\/uploads\/2022\/04\/19.1-Mirror-1-270x300.jpg\" alt=\"\" width=\"500\" height=\"555\" srcset=\"https:\/\/blog.lesgrossesorchadeslesamplesthalameges.fr\/wp-content\/uploads\/2022\/04\/19.1-Mirror-1-270x300.jpg 270w, https:\/\/blog.lesgrossesorchadeslesamplesthalameges.fr\/wp-content\/uploads\/2022\/04\/19.1-Mirror-1.jpg 600w\" sizes=\"(max-width: 500px) 100vw, 500px\" \/><\/a><\/p>\n<p>&nbsp;<\/p>\n<p>&nbsp;<\/p>\n<p style=\"text-align: justify;\"><span style=\"font-family: times new roman, times, serif; font-size: 14pt;\">L&rsquo;image ci-dessous est d\u2019une b\u00eatise insigne. Regardez comment les corps sont soigneusement dispos\u00e9s. Il est \u00e9vident que c\u2019est une mise en sc\u00e8ne.<\/span><\/p>\n<p>&nbsp;<\/p>\n<p>&nbsp;<\/p>\n<p style=\"text-align: center;\"><a href=\"http:\/\/blog.lesgrossesorchadeslesamplesthalameges.fr\/index.php\/confirmation-de-la-capture-dun-general-de-division-americain-par-la-russie-alors-quil-tentait-de-fuir-marioupol\/19-2-mirror-2\/\" rel=\"attachment wp-att-18543\"><img loading=\"lazy\" class=\"alignnone wp-image-18543\" src=\"http:\/\/blog.lesgrossesorchadeslesamplesthalameges.fr\/wp-content\/uploads\/2022\/04\/19.2-Mirror-2-269x300.png\" alt=\"\" width=\"500\" height=\"558\" srcset=\"https:\/\/blog.lesgrossesorchadeslesamplesthalameges.fr\/wp-content\/uploads\/2022\/04\/19.2-Mirror-2-269x300.png 269w, https:\/\/blog.lesgrossesorchadeslesamplesthalameges.fr\/wp-content\/uploads\/2022\/04\/19.2-Mirror-2.png 600w\" sizes=\"(max-width: 500px) 100vw, 500px\" \/><\/a><\/p>\n<p>&nbsp;<\/p>\n<p>&nbsp;<\/p>\n<p style=\"text-align: justify;\"><span style=\"font-family: times new roman, times, serif; font-size: 14pt;\">Source\u00a0: <a href=\"https:\/\/www.thetruthseeker.co.uk\/?p=251935\">https:\/\/www.thetruthseeker.co.uk\/?p=251935<\/a><\/span><\/p>\n<p>&nbsp;<\/p>\n<p style=\"text-align: justify;\"><span style=\"font-family: times new roman, times, serif; font-size: 14pt;\">Merci \u00e0 Karim Mansouri et \u00e0 Philippe Loubi\u00e8re.<\/span><\/p>\n<p style=\"text-align: justify;\"><span style=\"font-family: times new roman, times, serif; font-size: 14pt;\"><strong><em>Comme le dit le surprenant article du Mirror, c\u2019est une tactique malhonn\u00eate, qui est le propre, rappelons-le, du nazisme, qu\u2019il soit celui du IIIe Reich ou des USA (et consorts) d\u2019aujourd\u2019hui : toujours accuser l\u2019autre de ce qu\u2019on a l\u2019intention de lui faire, de ce qu\u2019on est en train de lui faire ou de ce qu\u2019on lui a d\u00e9j\u00e0 fait. C\u2019est lui le coupable. Toujours.<\/em><\/strong><\/span><\/p>\n<p>&nbsp;<\/p>\n<p>&nbsp;<\/p>\n<p style=\"text-align: center;\"><a href=\"http:\/\/blog.lesgrossesorchadeslesamplesthalameges.fr\/index.php\/confirmation-de-la-capture-dun-general-de-division-americain-par-la-russie-alors-quil-tentait-de-fuir-marioupol\/000-donbass-militia-flag-petit-6\/\" rel=\"attachment wp-att-18544\"><img loading=\"lazy\" class=\"alignnone wp-image-18544\" src=\"http:\/\/blog.lesgrossesorchadeslesamplesthalameges.fr\/wp-content\/uploads\/2022\/04\/000.-DONBASS-MILITIA-FLAG-PETIT-3.gif\" alt=\"\" width=\"130\" height=\"93\" \/><\/a><\/p>\n<p>&nbsp;<\/p>\n<p>&nbsp;<\/p>\n<p style=\"text-align: justify;\"><strong><em><span style=\"font-family: times new roman, times, serif; font-size: 18pt;\">Petit addendum\u00a0:<\/span><\/em><\/strong><\/p>\n<p>&nbsp;<\/p>\n<p style=\"text-align: center;\"><span style=\"font-family: times new roman, times, serif; font-size: 14pt;\"><strong><span style=\"font-size: 18pt;\">R\u00e9gis Le Sommier : \u00ab Les Am\u00e9ricains sont \u00e0 la man\u0153uvre en Ukraine ! \u00bb \u00a0<\/span><\/strong><span style=\"font-size: 18pt;\">02:42<\/span><\/span><\/p>\n<p style=\"text-align: center;\"><span style=\"font-family: times new roman, times, serif; font-size: 14pt;\">&#8211;<a href=\"https:\/\/www.youtube.com\/watch?v=SpdATCNx734\">https:\/\/www.youtube.com\/watch?v=SpdATCNx734<\/a><\/span><\/p>\n<p>&nbsp;<\/p>\n<p>&nbsp;<\/p>\n<p style=\"text-align: center;\"><span style=\"font-family: times new roman, times, serif; font-size: 14pt;\"><iframe loading=\"lazy\" title=\"YouTube video player\" src=\"\/\/www.youtube.com\/embed\/SpdATCNx734\" width=\"560\" height=\"315\" frameborder=\"0\" allowfullscreen=\"allowfullscreen\"><\/iframe><\/span><\/p>\n<p>&nbsp;<\/p>\n<p>&nbsp;<\/p>\n<p style=\"text-align: center;\"><a href=\"http:\/\/blog.lesgrossesorchadeslesamplesthalameges.fr\/index.php\/confirmation-de-la-capture-dun-general-de-division-americain-par-la-russie-alors-quil-tentait-de-fuir-marioupol\/000-donbass-militia-flag-petit-6\/\" rel=\"attachment wp-att-18544\"><img loading=\"lazy\" class=\"alignnone wp-image-18544\" src=\"http:\/\/blog.lesgrossesorchadeslesamplesthalameges.fr\/wp-content\/uploads\/2022\/04\/000.-DONBASS-MILITIA-FLAG-PETIT-3.gif\" alt=\"\" width=\"130\" height=\"93\" \/><\/a><\/p>\n<p>&nbsp;<\/p>\n<p>&nbsp;<\/p>\n<p style=\"text-align: left;\"><strong><span style=\"font-size: 14pt; font-family: times new roman, times, serif;\">URL de cet article : <\/span><\/strong><a href=\"http:\/\/blog.lesgrossesorchadeslesamplesthalameges.fr\/index.php\/confirmation-de-la-capture-dun-general-de-division-americain-par-la-russie-alors-quil-tentait-de-fuir-marioupol\/\"><span style=\"font-size: 14pt; font-family: times new roman, times, serif;\">http:\/\/blog.lesgrossesorchadeslesamplesthalameges.fr\/index.php\/confirmation-de-la-capture-dun-general-de-division-americain-par-la-russie-alors-quil-tentait-de-fuir-marioupol\/<\/span><\/a><strong><span style=\"font-size: 14pt; font-family: times new roman, times, serif;\"><br \/>\n<\/span><\/strong><\/p>\n<p>&nbsp;<\/p>\n<p>&nbsp;<\/p>\n<p style=\"text-align: right;\"><span style=\"font-size: 14pt; font-family: comic sans ms, sans-serif;\">Avril 2022<\/span><\/p>\n<p>&nbsp;<\/p>\n<p>&nbsp;<\/p>\n","protected":false},"excerpt":{"rendered":"<p>\u00a0 &nbsp; &nbsp; &nbsp; &nbsp; &nbsp; &nbsp; &nbsp; Confirmation de la capture d&rsquo;un g\u00e9n\u00e9ral de division am\u00e9ricain par la Russie alors qu&rsquo;il tentait de fuir Marioupol. \u00a0 Jim Stone \u2013 The Truth Seeker \u2013 6.4.2022 &nbsp; Traduction : c.l. pour L.G.O. \u00a0 &nbsp; Le major-g\u00e9n\u00e9ral U.S. Roger L. Cloutier \u00a0 \u00a0 C\u2019EST MAINTENANT CONFIRM\u00c9 :&#8230;<\/p>\n","protected":false},"author":1,"featured_media":0,"parent":0,"menu_order":0,"comment_status":"open","ping_status":"open","template":"","meta":[],"_links":{"self":[{"href":"https:\/\/blog.lesgrossesorchadeslesamplesthalameges.fr\/index.php\/wp-json\/wp\/v2\/pages\/18541"}],"collection":[{"href":"https:\/\/blog.lesgrossesorchadeslesamplesthalameges.fr\/index.php\/wp-json\/wp\/v2\/pages"}],"about":[{"href":"https:\/\/blog.lesgrossesorchadeslesamplesthalameges.fr\/index.php\/wp-json\/wp\/v2\/types\/page"}],"author":[{"embeddable":true,"href":"https:\/\/blog.lesgrossesorchadeslesamplesthalameges.fr\/index.php\/wp-json\/wp\/v2\/users\/1"}],"replies":[{"embeddable":true,"href":"https:\/\/blog.lesgrossesorchadeslesamplesthalameges.fr\/index.php\/wp-json\/wp\/v2\/comments?post=18541"}],"version-history":[{"count":9,"href":"https:\/\/blog.lesgrossesorchadeslesamplesthalameges.fr\/index.php\/wp-json\/wp\/v2\/pages\/18541\/revisions"}],"predecessor-version":[{"id":18553,"href":"https:\/\/blog.lesgrossesorchadeslesamplesthalameges.fr\/index.php\/wp-json\/wp\/v2\/pages\/18541\/revisions\/18553"}],"wp:attachment":[{"href":"https:\/\/blog.lesgrossesorchadeslesamplesthalameges.fr\/index.php\/wp-json\/wp\/v2\/media?parent=18541"}],"curies":[{"name":"wp","href":"https:\/\/api.w.org\/{rel}","templated":true}]}}