{"id":18565,"date":"2022-04-11T21:57:20","date_gmt":"2022-04-11T19:57:20","guid":{"rendered":"http:\/\/blog.lesgrossesorchadeslesamplesthalameges.fr\/?page_id=18565"},"modified":"2022-04-11T22:12:24","modified_gmt":"2022-04-11T20:12:24","slug":"18565-2","status":"publish","type":"page","link":"https:\/\/blog.lesgrossesorchadeslesamplesthalameges.fr\/index.php\/18565-2\/","title":{"rendered":"De nombreux pays soumis \u00e0 des pressions pour voter la r\u00e9solution U.S. contre la Russie  Seule la Serbie ose en parler."},"content":{"rendered":"<p style=\"text-align: justify;\"><strong><em>\u00a0<\/em><\/strong><\/p>\n<p style=\"text-align: justify;\"><span style=\"font-family: times new roman, times, serif; font-size: 14pt;\"><strong><em>\u00a0<\/em><\/strong><\/span><\/p>\n<p>&nbsp;<\/p>\n<p>&nbsp;<\/p>\n<p>&nbsp;<\/p>\n<p>&nbsp;<\/p>\n<p>&nbsp;<\/p>\n<p style=\"text-align: center;\"><a href=\"http:\/\/blog.lesgrossesorchadeslesamplesthalameges.fr\/index.php\/2022\/04\/11\/en-suivant-la-feuille-de-route-12\/8-sous-pression\/\" rel=\"attachment wp-att-18508\"><img loading=\"lazy\" class=\"alignnone wp-image-18508\" src=\"http:\/\/blog.lesgrossesorchadeslesamplesthalameges.fr\/wp-content\/uploads\/2022\/04\/8.-Sous-pression-212x300.png\" alt=\"\" width=\"350\" height=\"494\" srcset=\"https:\/\/blog.lesgrossesorchadeslesamplesthalameges.fr\/wp-content\/uploads\/2022\/04\/8.-Sous-pression-212x300.png 212w, https:\/\/blog.lesgrossesorchadeslesamplesthalameges.fr\/wp-content\/uploads\/2022\/04\/8.-Sous-pression.png 400w\" sizes=\"(max-width: 350px) 100vw, 350px\" \/><\/a><\/p>\n<p>&nbsp;<\/p>\n<p>&nbsp;<\/p>\n<p><span style=\"font-family: times new roman, times, serif; font-size: 18pt;\"><strong><em>Depuis que la presse-non-titu\u00e9e est censur\u00e9e comme aux plus beaux jours de l\u2019occupation nazie (1940-1945), il ne nous reste qu\u2019\u00e0 tenter de nous informer ailleurs\u2026<\/em><\/strong><\/span><\/p>\n<p style=\"text-align: justify;\"><span style=\"font-family: times new roman, times, serif; font-size: 14pt;\"><strong>\u00a0<\/strong><\/span><\/p>\n<p>&nbsp;<\/p>\n<p style=\"text-align: center;\"><span style=\"font-family: times new roman, times, serif; font-size: 36pt;\"><strong>De nombreux pays soumis \u00e0 des pressions pour voter la r\u00e9solution U.S. contre la Russie<\/strong><\/span><\/p>\n<p style=\"text-align: center;\"><span style=\"font-family: times new roman, times, serif; font-size: 14pt;\"><strong><span style=\"font-size: 36pt;\">Seule la Serbie ose en parler.<\/span> <\/strong><\/span><\/p>\n<p style=\"text-align: justify;\"><span style=\"font-family: times new roman, times, serif; font-size: 14pt;\"><strong>\u00a0<\/strong><\/span><\/p>\n<p>&nbsp;<\/p>\n<p style=\"text-align: center;\"><span style=\"font-family: times new roman, times, serif; font-size: 18pt;\"><strong>Ju Hao \u2013 <em>Global Times<\/em> \u2013 9.4.2022<\/strong><\/span><\/p>\n<p style=\"text-align: justify;\"><span style=\"font-family: times new roman, times, serif; font-size: 14pt;\"><strong>\u00a0<\/strong><\/span><\/p>\n<p>&nbsp;<\/p>\n<p style=\"text-align: justify;\"><span style=\"font-family: times new roman, times, serif; font-size: 14pt;\"><strong>\u00a0<\/strong><\/span><\/p>\n<p style=\"text-align: center;\"><span style=\"font-family: times new roman, times, serif; font-size: 14pt;\"><strong><em>\u00a0<a href=\"http:\/\/blog.lesgrossesorchadeslesamplesthalameges.fr\/index.php\/18565-2\/9-vucic-2\/\" rel=\"attachment wp-att-18566\"><img loading=\"lazy\" class=\"alignnone wp-image-18566 size-full\" src=\"http:\/\/blog.lesgrossesorchadeslesamplesthalameges.fr\/wp-content\/uploads\/2022\/04\/9.-Vucic-1.jpg\" alt=\"\" width=\"600\" height=\"360\" srcset=\"https:\/\/blog.lesgrossesorchadeslesamplesthalameges.fr\/wp-content\/uploads\/2022\/04\/9.-Vucic-1.jpg 600w, https:\/\/blog.lesgrossesorchadeslesamplesthalameges.fr\/wp-content\/uploads\/2022\/04\/9.-Vucic-1-300x180.jpg 300w\" sizes=\"(max-width: 600px) 100vw, 600px\" \/><\/a><\/em><\/strong><\/span><\/p>\n<p style=\"text-align: center;\"><span style=\"font-family: times new roman, times, serif; font-size: 12pt;\"><strong><em>Le pr\u00e9sident serbe Aleksandar Vucic prenant la parole lors d&rsquo;une conf\u00e9rence de presse\u00a0 au Q.G. du Parti Progressiste Serbe (SNS), \u00e0 Belgrade, le 3 avril 2022. <\/em><\/strong>Photo : Xinhua<\/span><\/p>\n<p style=\"text-align: center;\"><span style=\"font-family: times new roman, times, serif; font-size: 12pt;\"><strong><em>\u00a0<\/em><\/strong><\/span><\/p>\n<p>&nbsp;<\/p>\n<p>&nbsp;<\/p>\n<p style=\"text-align: justify;\"><span style=\"font-family: times new roman, times, serif; font-size: 14pt;\">L&rsquo;Assembl\u00e9e g\u00e9n\u00e9rale des Nations unies a pris jeudi une mesure importante en suspendant le statut de membre du Conseil des droits de l&rsquo;homme de l&rsquo;ONU \u00e0 la Russie. La Serbie, qui figurait parmi les 93 pays ayant vot\u00e9 en faveur de la r\u00e9solution, a d\u00e9clar\u00e9 qu&rsquo;elle avait vot\u00e9 \u00ab\u00a0sous la menace d\u2019avoir \u00e0 faire face \u00e0 des sanctions et \u00e0 des pressions croissantes\u00a0\u00bb.<\/span><\/p>\n<p>&nbsp;<\/p>\n<p style=\"text-align: justify;\"><span style=\"font-family: times new roman, times, serif; font-size: 14pt;\">\u00ab\u00a0Les gens nous ont demand\u00e9 pourquoi nous n&rsquo;avons pas vot\u00e9 contre ou ne nous sommes pas abstenus. Il faut qu\u2019ils sachent que si nous nous \u00e9tions abstenus, d&rsquo;autres pays se seraient dress\u00e9s contre nous et la pression aurait augment\u00e9\u00a0\u00bb, a d\u00e9clar\u00e9 le pr\u00e9sident serbe Alexander Vucic \u00e0 la Radio T\u00e9l\u00e9vision de Serbie, une cha\u00eene du service public.<\/span><\/p>\n<p>&nbsp;<\/p>\n<p style=\"text-align: justify;\"><span style=\"font-family: times new roman, times, serif; font-size: 14pt;\">Depuis le d\u00e9but du conflit russo-ukrainien, la Serbie est soumise \u00e0 de tr\u00e8s fortes pressions de la part de l&rsquo;Occident, qui tente de la forcer \u00e0 se joindre \u00e0 la condamnation, voire aux sanctions contre la Russie. M. Vucic a pr\u00e9c\u00e9demment d\u00e9clar\u00e9 que les jours qui ont suivi le d\u00e9clenchement du conflit ont \u00e9t\u00e9 les plus difficiles qu\u2019il ait connus dans sa carri\u00e8re professionnelle.<\/span><\/p>\n<p>&nbsp;<\/p>\n<p style=\"text-align: justify;\"><span style=\"font-family: times new roman, times, serif; font-size: 14pt;\">La pression exerc\u00e9e par l&rsquo;Occident sur la Serbie provient principalement des aspects suivants\u00a0:<\/span><\/p>\n<p>&nbsp;<\/p>\n<p style=\"text-align: justify;\"><span style=\"font-family: times new roman, times, serif; font-size: 14pt;\">Premi\u00e8rement, rechercher une adh\u00e9sion \u00e0 l&rsquo;UE reste une option diplomatique importante pour la Serbie, mais la r\u00e9alisation de cet objectif d\u00e9pend enti\u00e8rement du bon vouloir de l\u2019UE. Ces derni\u00e8res ann\u00e9es, le processus d&rsquo;adh\u00e9sion \u00e0 l&rsquo;UE de la Serbie et d&rsquo;autres pays des Balkans occidentaux s&rsquo;est enlis\u00e9 et la perspective d&rsquo;une adh\u00e9sion en 2025 est devenue tr\u00e8s lointaine. Compte tenu de l&rsquo;importance \u00e9conomique de l&rsquo;UE pour la Serbie et de la forte volont\u00e9 int\u00e9rieure du pays de rejoindre l&rsquo;Union, il est in\u00e9vitable que l&rsquo;UE profite de la question de l&rsquo;adh\u00e9sion pour exercer des pressions sur la Serbie. <em>[= chantage, NdT] <\/em>L&rsquo;UE n\u2019a cess\u00e9 d\u2019exhorter la Serbie et d&rsquo;autres pays d&rsquo;Europe centrale et orientale \u00e0 adopter une position coh\u00e9rente sur la crise ukrainienne. En cas de refus persistant, l&rsquo;UE est m\u00eame susceptible de r\u00e9duire tout soutien financier \u00e0 la Serbie.<\/span><\/p>\n<p>&nbsp;<\/p>\n<p style=\"text-align: justify;\"><span style=\"font-family: times new roman, times, serif; font-size: 14pt;\">Le deuxi\u00e8me aspect est la question du Kosovo. Dans le contexte o\u00f9 la position anti-russe est devenue politiquement correcte en Occident, le Kosovo est bien conscient de l&rsquo;impact n\u00e9gatif que les relations \u00e9troites entre la Russie et la Serbie peuvent avoir sur la Serbie et que ce peut \u00eatre l\u2019occasion, pour lui, de r\u00e9clamer un statut ind\u00e9pendant. R\u00e9cemment, le Kosovo a fait une sorte de forcing aupr\u00e8s de toutes les parties de l&rsquo;UE pour que soit reconnue sa d\u00e9pendance et pour que soit pouss\u00e9e son adh\u00e9sion \u00e0 l&rsquo;OTAN. Jusqu\u2019\u00e0 pr\u00e9sent, la Serbie pouvait compter sur l&rsquo;influence de la Russie pour calmer les ardeurs du Kosovo et l&rsquo;UE elle-m\u00eame exigeait que la question du Kosovo soit r\u00e9solue par le dialogue et d&rsquo;autres moyens pacifiques. Mais aujourd\u2019hui, la Russie est suffisamment occup\u00e9e par ses propres probl\u00e8mes et les \u00c9tats-Unis, plus d&rsquo;autres pays d&rsquo;Europe occidentale, ont toute latitude pour utiliser la question du Kosovo s\u2019ils veulent faire pression sur la Serbie. En r\u00e9sum\u00e9, si la Serbie ne s\u2019aligne pas sur eux, ils peuvent tirer parti de la question du Kosovo pour l\u2019y forcer..<\/span><\/p>\n<p>&nbsp;<\/p>\n<p style=\"text-align: justify;\"><span style=\"font-family: times new roman, times, serif; font-size: 14pt;\">De toute \u00e9vidence, les int\u00e9r\u00eats nationaux et l&rsquo;histoire de la Serbie (ou de tout autre pays ext\u00e9rieur au camp occidental) n\u2019importent pas du tout \u00e0 ce camp. Les pays occidentaux refusent de consid\u00e9rer les liens de parent\u00e9 entre Russie et Serbie, dont les peuples appartiennent principalement, dans les deux cas, \u00e0 l&rsquo;ethnie slave. La Russie imp\u00e9riale a particip\u00e9 \u00e0 plusieurs reprises \u00e0 des guerres sur le territoire de la Serbie, en qualit\u00e9 de \u00ab\u00a0voisin protecteur\u00a0\u00bb. C&rsquo;est sur base de ces liens que Russie et Serbie ont \u00e9tendu et d\u00e9velopp\u00e9 leurs relations.<\/span><\/p>\n<p>&nbsp;<\/p>\n<p style=\"text-align: justify;\"><span style=\"font-family: times new roman, times, serif; font-size: 14pt;\">Des conflits ont \u00e9clat\u00e9 entre les pays occidentaux et la Serbie sur un certain nombre de questions telles que les guerres de Yougoslavie et la guerre du Kosovo. La campagne de bombardement de 78 jours men\u00e9e par les \u00c9tats-Unis et l&rsquo;OTAN a laiss\u00e9 des cicatrices ind\u00e9l\u00e9biles dans le public serbe. Le souvenir catastrophique de cette dette de sang fait que le peuple serbe voit d\u2019un tr\u00e8s mauvais \u0153il l&rsquo;adh\u00e9sion de son pays \u00e0 l&rsquo;OTAN et qu&rsquo;il est beaucoup plus enclin \u00e0 d\u00e9velopper des liens de coop\u00e9ration avec la Russie. Le 24 mars, 23e anniversaire des bombardements de l&rsquo;OTAN, le public serbe a comm\u00e9mor\u00e9 les victimes de l&rsquo;agression.<\/span><\/p>\n<p>&nbsp;<\/p>\n<p style=\"text-align: justify;\"><span style=\"font-family: times new roman, times, serif; font-size: 14pt;\">Les pays occidentaux exploitent la crise ukrainienne en cours pour en retirer un maximum d\u2019avantages g\u00e9opolitiques. Ils prennent certains pays en otages par la politique et l&rsquo;id\u00e9ologie et font de la position anti-Russie le nec plus ultra du politiquement correct, dans le but \u00e9vident de maintenir leur statut h\u00e9g\u00e9monique dans la communaut\u00e9 internationale. Ils n\u2019ont aucun scrupule \u00e0 mettre en pi\u00e8ces \u00a0les int\u00e9r\u00eats des autres pays, pour financer les leurs de mani\u00e8re coercitive. L&rsquo;Occident dirig\u00e9 par les USA pointe hyst\u00e9riquement du doigt les pays que ceux-ci consid\u00e8re comme des adversaires et les accuse, eux, de \u00ab\u00a0diplomatie coercitive\u00a0\u00bb, mais il s&rsquo;av\u00e8re que la diplomatie coercitive est le droit exclusif de l&rsquo;Occident. N&rsquo;est-il pas ironique que l&rsquo;Occident brandisse sa massue des droits de l&rsquo;homme pour pouvoir bafouer les droits de l&rsquo;homme ?<\/span><\/p>\n<p>&nbsp;<\/p>\n<p style=\"text-align: justify;\"><span style=\"font-family: times new roman, times, serif; font-size: 14pt;\">Vucic a eu l\u2019audace et le courage de mettre au grand jour les menaces et les pressions exerc\u00e9es par l&rsquo;Occident sur son pays, mais combien des 93 autres pays qui ont vot\u00e9 en faveur de l&rsquo;expulsion l&rsquo;ont-ils fait sous la menace de l&rsquo;Occident et n&rsquo;oseront rien en dire ?<\/span><\/p>\n<p>&nbsp;<\/p>\n<p style=\"text-align: justify;\"><span style=\"font-family: times new roman, times, serif; font-size: 14pt;\">L&rsquo;auteur est chercheur associ\u00e9 \u00e0 l&rsquo;Institut d&rsquo;\u00e9tudes russes, d&rsquo;Europe de l&rsquo;Est et d&rsquo;Asie centrale de l&rsquo;Acad\u00e9mie chinoise des sciences sociales. On peut le contacter \u00e0 l\u2019adresse\u00a0: \u00a0<a href=\"mailto:opinion@globaltimes.com.cn\">opinion@globaltimes.com.cn<\/a> \u00a0\u00a0<\/span><\/p>\n<p>&nbsp;<\/p>\n<p style=\"text-align: left;\"><span style=\"font-family: times new roman, times, serif; font-size: 14pt;\">Source : <a href=\"https:\/\/www.globaltimes.cn\/page\/202204\/1258865.shtml\">https:\/\/www.globaltimes.cn\/page\/202204\/1258865.shtml<\/a><\/span><\/p>\n<p style=\"text-align: left;\"><span style=\"font-family: times new roman, times, serif; font-size: 14pt;\">via : <a href=\"https:\/\/strategika51.org\/2022\/04\/10\/many-under-pressure-to-follow-us-in-voting-for-resolution-only-serbia-dared-speak\/\">https:\/\/strategika51.org\/2022\/04\/10\/many-under-pressure-to-follow-us-in-voting-for-resolution-only-serbia-dared-speak\/<\/a><\/span><\/p>\n<p>&nbsp;<\/p>\n<p>&nbsp;<\/p>\n<p style=\"text-align: center;\"><strong><em><a href=\"http:\/\/blog.lesgrossesorchadeslesamplesthalameges.fr\/index.php\/confirmation-de-la-capture-dun-general-de-division-americain-par-la-russie-alors-quil-tentait-de-fuir-marioupol\/000-donbass-militia-flag-petit-6\/\" rel=\"attachment wp-att-18544\"><img loading=\"lazy\" class=\"alignnone wp-image-18544\" src=\"http:\/\/blog.lesgrossesorchadeslesamplesthalameges.fr\/wp-content\/uploads\/2022\/04\/000.-DONBASS-MILITIA-FLAG-PETIT-3.gif\" alt=\"\" width=\"130\" height=\"93\" \/><\/a><\/em><\/strong><\/p>\n<p>&nbsp;<\/p>\n<p>&nbsp;<\/p>\n<p style=\"text-align: left;\"><span style=\"font-family: times new roman, times, serif; font-size: 14pt;\"><a href=\"https:\/\/www.francetvinfo.fr\/monde\/onu-l-arabie-saoudite-prend-la-tete-du-conseil-des-droits-de-l-homme-et-provoque-la-colere-des-associations_1093837.html\"><strong><em><span style=\"font-size: 18pt;\">Conseil des Droits de l\u2019Homme des Nations Unies \u00e0 la t\u00eate duquel si\u00e8ge, rappelons-le, l\u2019Arabie Saoudite<\/span><\/em><\/strong><\/a><strong><em><span style=\"font-size: 18pt;\">,<\/span> <\/em><\/strong><\/span><\/p>\n<p style=\"text-align: right;\"><strong><span style=\"font-family: times new roman, times, serif; font-size: 16pt;\"><em>Ah, ha <\/em><span style=\"font-size: 18pt;\"><em>ha<\/em><\/span> <span style=\"font-size: 24pt;\"><em>ha<\/em><\/span> <span style=\"font-size: 48pt;\"><span style=\"font-size: 36pt;\"><em>ha<\/em><\/span><em>ha!<\/em><\/span> <\/span><\/strong><\/p>\n<p style=\"text-align: justify;\"><span style=\"font-family: times new roman, times, serif; font-size: 14pt;\"><strong><em>\u00a0<\/em><\/strong><\/span><\/p>\n<p style=\"text-align: justify; padding-left: 120px;\"><span style=\"font-family: times new roman, times, serif; font-size: 14pt;\"><span style=\"font-size: 18pt;\"><strong>[ <\/strong><\/span>L&rsquo;ONG <a href=\"https:\/\/fr.wikipedia.org\/wiki\/UN_Watch\">UN Watch<\/a>, sp\u00e9cialis\u00e9 dans la surveillance de l&rsquo;ONU pour que celle-ci respecte sa charte, se montre tr\u00e8s critique envers le Conseil des droits de l&rsquo;homme des Nations unies, lui reprochant notamment de syst\u00e9matiquement choisir des experts partiaux quand cela concerne Isra\u00ebl. <strong>L&rsquo;ONG <\/strong><a href=\"https:\/\/fr.wikipedia.org\/wiki\/UN_Watch\"><strong><em>UN Watch<\/em><\/strong><\/a><strong> d\u00e9nonce le fait que les pays violateurs des droits de l&rsquo;homme utilisent le Conseil des droits de l&rsquo;homme des Nations unies pour masquer leurs atteintes faites aux droits de l&rsquo;homme. <\/strong><\/span><\/p>\n<p style=\"text-align: justify; padding-left: 120px;\"><span style=\"font-family: times new roman, times, serif; font-size: 14pt;\">Au cours de l&rsquo;ann\u00e9e 2015 l&rsquo;<a href=\"https:\/\/fr.wikipedia.org\/wiki\/Arabie_saoudite\">Arabie saoudite<\/a> fait campagne aupr\u00e8s du groupe Asie du Conseil des droits de l&rsquo;homme pour devenir son repr\u00e9sentant et y parvient. Par cons\u00e9quent, en septembre 2015, l&rsquo;Arabie saoudite acc\u00e8de \u00e0 la direction du panel du Conseil des droits de l&rsquo;homme de l&rsquo;ONU qui est l&rsquo;objet d&rsquo;une tournante parmi ses cinq repr\u00e9sentants. Cette d\u00e9cision est vivement critiqu\u00e9e par diff\u00e9rentes associations luttant pour les droits de l&rsquo;homme, qui d\u00e9noncent le traitement que ce pays r\u00e9serve aux femmes, aux minorit\u00e9s et aux dissidents. Selon <a href=\"https:\/\/fr.wikipedia.org\/w\/index.php?title=Hillel_Neuer&amp;action=edit&amp;redlink=1\">Hillel Neuer<\/a>, directeur de l&rsquo;ONG <a href=\"https:\/\/fr.wikipedia.org\/wiki\/UN_Watch\"><em>UN Watch<\/em><\/a> ceci \u00e9quivaut \u00e0 nommer un pyromane \u00e0 la t\u00eate des pompiers. Cette controverse prend une plus grande proportion alors que l&rsquo;Arabie saoudite a pour projet quelques jours apr\u00e8s sa nomination de <a href=\"https:\/\/fr.wikipedia.org\/wiki\/D%C3%A9capitation\">d\u00e9capiter<\/a>, puis de <a href=\"https:\/\/fr.wikipedia.org\/wiki\/Crucifiement\">crucifier<\/a> <a href=\"https:\/\/fr.wikipedia.org\/wiki\/Ali_Mohammed_Al-Nimr\">Ali Mohammed Al-Nimr<\/a>, un opposant chiite de 21 ans, son corps \u00e9tant ensuite <a href=\"https:\/\/fr.wikipedia.org\/wiki\/Exposition_publique\">expos\u00e9 publiquement<\/a> jusqu&rsquo;au <a href=\"https:\/\/fr.wikipedia.org\/wiki\/Pourrissement\">pourrissement<\/a> de ses chairs.<\/span><\/p>\n<p style=\"padding-left: 120px; text-align: right;\"><span style=\"font-family: times new roman, times, serif; font-size: 14pt;\">\u00a0<a href=\"https:\/\/fr.wikipedia.org\/wiki\/Conseil_des_droits_de_l%27homme_des_Nations_unies\">Wikipedia.org <\/a><span style=\"font-size: 18pt;\"><strong>]<\/strong><\/span><\/span><\/p>\n<p>&nbsp;<\/p>\n<p>&nbsp;<\/p>\n<p style=\"padding-left: 120px; text-align: center;\"><strong><em>\u00a0<a href=\"http:\/\/blog.lesgrossesorchadeslesamplesthalameges.fr\/index.php\/confirmation-de-la-capture-dun-general-de-division-americain-par-la-russie-alors-quil-tentait-de-fuir-marioupol\/000-donbass-militia-flag-petit-6\/\" rel=\"attachment wp-att-18544\"><img loading=\"lazy\" class=\"alignnone wp-image-18544\" src=\"http:\/\/blog.lesgrossesorchadeslesamplesthalameges.fr\/wp-content\/uploads\/2022\/04\/000.-DONBASS-MILITIA-FLAG-PETIT-3.gif\" alt=\"\" width=\"130\" height=\"93\" \/><\/a><\/em><\/strong><\/p>\n<p><strong><span style=\"font-family: times new roman, times, serif; font-size: 14pt;\">\u00a0<\/span><\/strong><\/p>\n<p>&nbsp;<\/p>\n<p style=\"text-align: left;\"><strong><span style=\"font-family: times new roman, times, serif; font-size: 14pt;\">URL de cet article : <\/span><\/strong><a href=\"http:\/\/blog.lesgrossesorchadeslesamplesthalameges.fr\/index.php\/18565-2\/\"><span style=\"font-family: times new roman, times, serif; font-size: 14pt;\">http:\/\/blog.lesgrossesorchadeslesamplesthalameges.fr\/index.php\/18565-2\/<\/span><\/a><strong><em><br \/>\n<\/em><\/strong><\/p>\n<p>&nbsp;<\/p>\n<p>&nbsp;<\/p>\n<p style=\"text-align: right;\"><span style=\"font-family: comic sans ms, sans-serif; font-size: 14pt;\">Avril 2022<\/span><\/p>\n<p>&nbsp;<\/p>\n","protected":false},"excerpt":{"rendered":"<p>\u00a0 \u00a0 &nbsp; &nbsp; &nbsp; &nbsp; &nbsp; &nbsp; &nbsp; Depuis que la presse-non-titu\u00e9e est censur\u00e9e comme aux plus beaux jours de l\u2019occupation nazie (1940-1945), il ne nous reste qu\u2019\u00e0 tenter de nous informer ailleurs\u2026 \u00a0 &nbsp; De nombreux pays soumis \u00e0 des pressions pour voter la r\u00e9solution U.S. contre la Russie Seule la Serbie ose&#8230;<\/p>\n","protected":false},"author":1,"featured_media":0,"parent":0,"menu_order":0,"comment_status":"open","ping_status":"open","template":"","meta":[],"_links":{"self":[{"href":"https:\/\/blog.lesgrossesorchadeslesamplesthalameges.fr\/index.php\/wp-json\/wp\/v2\/pages\/18565"}],"collection":[{"href":"https:\/\/blog.lesgrossesorchadeslesamplesthalameges.fr\/index.php\/wp-json\/wp\/v2\/pages"}],"about":[{"href":"https:\/\/blog.lesgrossesorchadeslesamplesthalameges.fr\/index.php\/wp-json\/wp\/v2\/types\/page"}],"author":[{"embeddable":true,"href":"https:\/\/blog.lesgrossesorchadeslesamplesthalameges.fr\/index.php\/wp-json\/wp\/v2\/users\/1"}],"replies":[{"embeddable":true,"href":"https:\/\/blog.lesgrossesorchadeslesamplesthalameges.fr\/index.php\/wp-json\/wp\/v2\/comments?post=18565"}],"version-history":[{"count":14,"href":"https:\/\/blog.lesgrossesorchadeslesamplesthalameges.fr\/index.php\/wp-json\/wp\/v2\/pages\/18565\/revisions"}],"predecessor-version":[{"id":18569,"href":"https:\/\/blog.lesgrossesorchadeslesamplesthalameges.fr\/index.php\/wp-json\/wp\/v2\/pages\/18565\/revisions\/18569"}],"wp:attachment":[{"href":"https:\/\/blog.lesgrossesorchadeslesamplesthalameges.fr\/index.php\/wp-json\/wp\/v2\/media?parent=18565"}],"curies":[{"name":"wp","href":"https:\/\/api.w.org\/{rel}","templated":true}]}}