{"id":18597,"date":"2022-04-11T23:19:05","date_gmt":"2022-04-11T21:19:05","guid":{"rendered":"http:\/\/blog.lesgrossesorchadeslesamplesthalameges.fr\/?page_id=18597"},"modified":"2022-04-11T23:24:29","modified_gmt":"2022-04-11T21:24:29","slug":"le-blitzkrieg-des-usa-et-de-lotan-contre-la-serbie-en-1999-a-conduit-a-la-guerre-actuelle-en-ukraine-daniel-kovalik","status":"publish","type":"page","link":"https:\/\/blog.lesgrossesorchadeslesamplesthalameges.fr\/index.php\/le-blitzkrieg-des-usa-et-de-lotan-contre-la-serbie-en-1999-a-conduit-a-la-guerre-actuelle-en-ukraine-daniel-kovalik\/","title":{"rendered":"Le Blitzkrieg des USA et de l\u2019OTAN contre la Serbie en 1999 a conduit \u00e0 la guerre actuelle en Ukraine \u2013 Daniel Kovalik"},"content":{"rendered":"<p style=\"text-align: justify;\"><span style=\"font-family: times new roman, times, serif; font-size: 14pt;\"><strong>\u00a0<\/strong><\/span><\/p>\n<p>&nbsp;<\/p>\n<p>&nbsp;<\/p>\n<p>&nbsp;<\/p>\n<p>&nbsp;<\/p>\n<p>&nbsp;<\/p>\n<p>&nbsp;<\/p>\n<p style=\"text-align: center;\"><a href=\"http:\/\/blog.lesgrossesorchadeslesamplesthalameges.fr\/index.php\/le-blitzkrieg-des-usa-et-de-lotan-contre-la-serbie-en-1999-a-conduit-a-la-guerre-actuelle-en-ukraine-daniel-kovalik\/20-logo-strategic-culture-foundation-2\/\" rel=\"attachment wp-att-18598\"><img loading=\"lazy\" class=\"alignnone wp-image-18598\" src=\"http:\/\/blog.lesgrossesorchadeslesamplesthalameges.fr\/wp-content\/uploads\/2022\/04\/20.-Logo-Strategic-Culture-Foundation-1-300x170.jpg\" alt=\"\" width=\"400\" height=\"227\" srcset=\"https:\/\/blog.lesgrossesorchadeslesamplesthalameges.fr\/wp-content\/uploads\/2022\/04\/20.-Logo-Strategic-Culture-Foundation-1-300x170.jpg 300w, https:\/\/blog.lesgrossesorchadeslesamplesthalameges.fr\/wp-content\/uploads\/2022\/04\/20.-Logo-Strategic-Culture-Foundation-1.jpg 600w\" sizes=\"(max-width: 400px) 100vw, 400px\" \/><\/a><\/p>\n<p>&nbsp;<\/p>\n<p>&nbsp;<\/p>\n<p style=\"text-align: center;\"><span style=\"font-family: times new roman, times, serif; font-size: 36pt;\"><strong>Le Blitzkrieg des USA et de l\u2019OTAN contre la Serbie en 1999 a conduit \u00e0 la guerre actuelle en Ukraine \u2013 Daniel Kovalik<\/strong><\/span><\/p>\n<p style=\"text-align: justify;\"><span style=\"font-family: times new roman, times, serif; font-size: 14pt;\"><strong>\u00a0<\/strong><\/span><\/p>\n<p style=\"text-align: center;\"><span style=\"font-family: times new roman, times, serif; font-size: 18pt;\"><strong>Finian Cunningham \u2013 <em>Strategic Culture Foundation<\/em> \u2013 1.4.2022<\/strong><\/span><\/p>\n<p style=\"text-align: justify;\"><span style=\"font-family: times new roman, times, serif; font-size: 14pt;\"><strong>\u00a0<\/strong><\/span><\/p>\n<p style=\"text-align: center;\"><span style=\"font-family: times new roman, times, serif; font-size: 18pt;\">Traduction :<strong> c.l. <\/strong>pour <strong><em>L.G.O.<\/em><\/strong><\/span><\/p>\n<p>&nbsp;<\/p>\n<p>&nbsp;<\/p>\n<p style=\"text-align: center;\"><a href=\"http:\/\/blog.lesgrossesorchadeslesamplesthalameges.fr\/index.php\/le-blitzkrieg-des-usa-et-de-lotan-contre-la-serbie-en-1999-a-conduit-a-la-guerre-actuelle-en-ukraine-daniel-kovalik\/21-poster-anti-otan-2\/\" rel=\"attachment wp-att-18599\"><img loading=\"lazy\" class=\"alignnone wp-image-18599\" src=\"http:\/\/blog.lesgrossesorchadeslesamplesthalameges.fr\/wp-content\/uploads\/2022\/04\/21.-Poster-anti-OTAN-1-215x300.jpg\" alt=\"\" width=\"350\" height=\"489\" srcset=\"https:\/\/blog.lesgrossesorchadeslesamplesthalameges.fr\/wp-content\/uploads\/2022\/04\/21.-Poster-anti-OTAN-1-215x300.jpg 215w, https:\/\/blog.lesgrossesorchadeslesamplesthalameges.fr\/wp-content\/uploads\/2022\/04\/21.-Poster-anti-OTAN-1.jpg 500w\" sizes=\"(max-width: 350px) 100vw, 350px\" \/><\/a><\/p>\n<p>&nbsp;<\/p>\n<p>&nbsp;<\/p>\n<p style=\"text-align: left;\"><span style=\"font-family: times new roman, times, serif; font-size: 18pt;\"><strong><em>Les USA ont affirm\u00e9 qu&rsquo;ils \u00e9taient plus \u00e9gaux que les autres et ont agi en cons\u00e9quence, au d\u00e9triment de millions de personnes dans le monde. Maintenant, le monde est en train de s&rsquo;y opposer.<\/em><\/strong><\/span><\/p>\n<p>&nbsp;<\/p>\n<p style=\"text-align: justify;\"><span style=\"font-family: times new roman, times, serif; font-size: 14pt;\">Dans l&rsquo;interview qui suit pour <em>Strategic Culture Foundation<\/em>, Daniel Kovalik explique comment la guerre conduite par les \u00c9tats-Unis contre la Yougoslavie en 1999 fut un assaut fatidique et brutal contre l&rsquo;ordre international. Elle a ouvert la porte \u00e0 une expansion rapide, vers l&rsquo;est, du bloc militaire de l&rsquo;OTAN, en violation des assurances donn\u00e9es aux dirigeants russes. Et c\u2019est ainsi qu\u2019elle a cr\u00e9\u00e9 les conditions de la guerre d&rsquo;aujourd&rsquo;hui en Ukraine. L&rsquo;intervention militaire de la Russie en Ukraine est le point d\u2019aboutissement culminant de l&rsquo;agression des \u00c9tats-Unis et de l&rsquo;OTAN, qui remonte \u00e0 leur blitzkrieg contre la Serbie d\u2019il y a 23 ans.<\/span><\/p>\n<p>&nbsp;<\/p>\n<p style=\"text-align: justify;\"><span style=\"font-family: times new roman, times, serif; font-size: 14pt;\">Daniel Kovalik est un avocat am\u00e9ricain des droits de l&rsquo;homme de renomm\u00e9e mondiale, auteur et commentateur en mati\u00e8re de politique internationale. Il enseigne les droits de l&rsquo;homme internationaux \u00e0 la facult\u00e9 de droit de l&rsquo;universit\u00e9 de Pittsburgh. Avocat sp\u00e9cialis\u00e9 dans les droits de l&rsquo;homme et du travail, il a travaill\u00e9 sur de nombreuses affaires en Am\u00e9rique latine, notamment en aidant des travailleurs colombiens \u00e0 poursuivre la soci\u00e9t\u00e9 Coca-Cola pour les abus g\u00e9n\u00e9ralis\u00e9s qu\u2019on lui reprochait. Il \u00e9crit couramment pour <em>Counterpunch<\/em> et pour le <em>Huffington Post<\/em>. Kovalik est l&rsquo;auteur <a href=\"https:\/\/www.simonandschuster.com\/authors\/Dan-Kovalik\/154150734\">de plusieurs livres dont <em>The Plot to Scapegoat Russia<\/em><\/a><em> [Le complot pour faire de la Russie un bouc-\u00e9missaire]<\/em><\/span><\/p>\n<p style=\"text-align: justify;\"><span style=\"font-family: times new roman, times, serif; font-size: 14pt;\"><em>\u00a0<\/em><\/span><\/p>\n<p>&nbsp;<\/p>\n<p style=\"text-align: center;\"><a href=\"http:\/\/blog.lesgrossesorchadeslesamplesthalameges.fr\/index.php\/le-blitzkrieg-des-usa-et-de-lotan-contre-la-serbie-en-1999-a-conduit-a-la-guerre-actuelle-en-ukraine-daniel-kovalik\/32-kovalic\/\" rel=\"attachment wp-att-18600\"><img loading=\"lazy\" class=\"alignnone wp-image-18600\" src=\"http:\/\/blog.lesgrossesorchadeslesamplesthalameges.fr\/wp-content\/uploads\/2022\/04\/32.-Kovalic.jpg\" alt=\"\" width=\"500\" height=\"462\" srcset=\"https:\/\/blog.lesgrossesorchadeslesamplesthalameges.fr\/wp-content\/uploads\/2022\/04\/32.-Kovalic.jpg 600w, https:\/\/blog.lesgrossesorchadeslesamplesthalameges.fr\/wp-content\/uploads\/2022\/04\/32.-Kovalic-300x278.jpg 300w\" sizes=\"(max-width: 500px) 100vw, 500px\" \/><\/a><\/p>\n<p>&nbsp;<\/p>\n<p>&nbsp;<\/p>\n<p style=\"text-align: center;\"><span style=\"font-family: times new roman, times, serif; font-size: 18pt;\"><strong>Interview<\/strong><\/span><\/p>\n<p>&nbsp;<\/p>\n<p style=\"text-align: justify;\"><span style=\"font-family: times new roman, times, serif; font-size: 14pt;\"><strong>Question :<\/strong> Les gouvernements et les m\u00e9dias occidentaux ont condamn\u00e9 l&rsquo;intervention militaire de la Russie en Ukraine comme la pire violence inter\u00e9tatique en Europe depuis la Deuxi\u00e8me Guerre mondiale. Mais, la semaine derni\u00e8re, nous comm\u00e9morions le 23e anniversaire du bombardement de la Yougoslavie par les USA et l&rsquo;OTAN, lorsque les avions de guerre am\u00e9ricains ont bombard\u00e9 la Serbie pendant 78 jours, guerre qui a pratiquement disparu de la m\u00e9moire publique occidentale. \u00cates-vous surpris de ce flagrant double langage\u00a0?<\/span><\/p>\n<p>&nbsp;<\/p>\n<p style=\"text-align: justify;\"><span style=\"font-family: times new roman, times, serif; font-size: 14pt;\"><strong>Daniel Kovalik :<\/strong> \u00c0 vrai dire, je ne suis pas surpris du tout. Nous vivons dans un monde fond\u00e9 sur le double langage, double langage dont la fonction est de cr\u00e9er le consentement des masses aux guerres. On nous y pousse \u00e0 condamner les actes de ceux qui nous sont d\u00e9sign\u00e9s comme nos ennemis, alors qu\u2019en m\u00eame temps, on nous pousse \u00e0 oublier et m\u00eame \u00e0 ignorer les crimes de nos propres gouvernements. Le bombardement de la Serbie, \u00ab\u00a0justifi\u00e9\u00a0\u00bb par une pr\u00e9tendue d\u00e9fense des droits de l&rsquo;homme, fut une abomination enti\u00e8rement focalis\u00e9e sur la destruction de civils et d&rsquo;infrastructures civiles, m\u00eame si la conscience collective s&rsquo;arrange pour s\u2019en souvenir comme \u00a0d&rsquo;une noble entreprise.<\/span><\/p>\n<p>&nbsp;<\/p>\n<p style=\"text-align: justify;\"><span style=\"font-family: times new roman, times, serif; font-size: 14pt;\"><strong>Question :<\/strong> Consid\u00e9rez-vous que les deux guerres sont comparables ? La Russie affirme agir en vertu du principe d&rsquo;autod\u00e9fense des populations russophones ; les USA et l&rsquo;OTAN affirment avoir agi pour d\u00e9fendre les Albanais du Kosovo qui, pr\u00e9tendent-ils, faisaient l&rsquo;objet d&rsquo;un nettoyage ethnique par les forces serbes ?<\/span><\/p>\n<p>&nbsp;<\/p>\n<p style=\"text-align: justify;\"><span style=\"font-family: times new roman, times, serif; font-size: 14pt;\"><strong>Daniel Kovalik :<\/strong> Il y a certainement des similitudes entre ces deux op\u00e9rations militaires, puisque toutes deux fond\u00e9es, du moins en grande partie, sur la d\u00e9fense de personnes attaqu\u00e9es. Cependant, il existe des diff\u00e9rences majeures. Premi\u00e8rement, la Russie a une fronti\u00e8re commune avec l&rsquo;Ukraine, et les personnes attaqu\u00e9es en Ukraine par le gouvernement ukrainien sont des Russes ethniques, dont la plupart sont \u00e9galement des citoyens russes. Ainsi, la Russie est certainement plus concern\u00e9e par ce qui se passe en Ukraine que les \u00c9tats-Unis, en tant que chef de l&rsquo;op\u00e9ration de l&rsquo;OTAN en Serbie, ne pouvaient l\u2019\u00eatre par ce pays lointain. Deuxi\u00e8mement, la Russie affirme aussi, contrairement aux USA ou \u00e0 d&rsquo;autres pays de l&rsquo;OTAN, qu&rsquo;elle agit pour sa propre d\u00e9fense dans les op\u00e9rations en Ukraine. La Russie consid\u00e8re que l&rsquo;Ukraine est <em>utilis\u00e9e<\/em> comme une simple \u00e9tape, pour d\u00e9stabiliser, voire d\u00e9truire, la Russie, et les \u00c9tats-Unis n&rsquo;ont m\u00eame pas cach\u00e9 ces objectifs, y compris dans les d\u00e9clarations du pr\u00e9sident Joe Biden lui-m\u00eame ces derniers jours. Les USA et l&rsquo;OTAN n&rsquo;avaient pas ces pr\u00e9occupations de l\u00e9gitime d\u00e9fense en Serbie et ne les ont d\u2019ailleurs pas revendiqu\u00e9es. Troisi\u00e8mement, la Russie s&rsquo;est efforc\u00e9e, en Ukraine, d&rsquo;\u00e9viter les morts et les bless\u00e9s civils, alors que l&rsquo;OTAN a, au contraire, sp\u00e9cifiquement cibl\u00e9 les civils et les infrastructures civiles en Yougoslavie.<\/span><\/p>\n<p>&nbsp;<\/p>\n<p style=\"text-align: justify;\"><span style=\"font-family: times new roman, times, serif; font-size: 14pt;\"><strong>Question :<\/strong> Le bombardement de la Serbie et de sa capitale Belgrade, par l&rsquo;OTAN sous commandement US, a dur\u00e9 78 jours ; les forces russes frappent les sites ukrainiens depuis un peu plus de 38 jours. En quoi les deux op\u00e9rations diff\u00e8rent-elles en termes de dommages inflig\u00e9s, pertes civiles comprises ?<\/span><\/p>\n<p>&nbsp;<\/p>\n<p style=\"text-align: justify;\"><span style=\"font-family: times new roman, times, serif; font-size: 14pt;\"><strong>Daniel Kovalik :<\/strong> Encore une fois, du moins jusqu&rsquo;\u00e0 pr\u00e9sent, la Russie a essay\u00e9 d&rsquo;\u00e9viter d&rsquo;attaquer les civils et les infrastructures civiles alors que l&rsquo;OTAN les a effectivement pris pour cibles. Bien s\u00fbr, cela ne signifie pas qu&rsquo;il n&rsquo;y a pas eu de nombreuses victimes civiles en Ukraine, ni de destructions de b\u00e2timents civils. Et comme la guerre en Ukraine est toujours en cours, nous devrons donc voir comment elle va progresser ou d\u00e9g\u00e9n\u00e9rer, pour conna\u00eetre l&rsquo;\u00e9tendue compl\u00e8te des d\u00e9g\u00e2ts subis par ce pays. C&rsquo;est pourquoi il est essentiel de trouver une solution n\u00e9goci\u00e9e \u00e0 ce conflit, le plus rapidement possible.<\/span><\/p>\n<p>&nbsp;<\/p>\n<p style=\"text-align: justify;\"><span style=\"font-family: times new roman, times, serif; font-size: 14pt;\"><strong>Question :<\/strong> Madeleine Albright, l&rsquo;ancienne secr\u00e9taire d&rsquo;\u00c9tat am\u00e9ricaine d\u00e9c\u00e9d\u00e9e la semaine derni\u00e8re, juste au moment du 23e anniversaire de la campagne de bombardements de l&rsquo;OTAN contre la Serbie, a \u00e9t\u00e9 un acteur majeur des pr\u00e9tendus pourparlers de paix &#8211; ceux de Rambouillet, en f\u00e9vrier 1999 &#8211; qui ont conduit \u00e0 la campagne de l&rsquo;OTAN, un mois plus tard. Pourquoi les efforts diplomatiques n&rsquo;ont-ils pas permis d&rsquo;\u00e9viter la guerre ?<\/span><\/p>\n<p>&nbsp;<\/p>\n<p style=\"text-align: justify;\"><span style=\"font-family: times new roman, times, serif; font-size: 14pt;\"><strong>Daniel Kovalik :<\/strong> Nous savons tr\u00e8s bien que les pourparlers de paix en Yougoslavie ont \u00e9chou\u00e9 pr\u00e9cis\u00e9ment parce que les \u00c9tats-Unis voulaient qu&rsquo;ils \u00e9chouent. Il y a eu deux accords de paix distincts, qui auraient pu emp\u00eacher une grande partie du bain de sang, et nous savons que les USA n\u2019ont rien \u00e9pargn\u00e9 pour les saboter. Les USA ont agi ainsi parce qu&rsquo;ils voulaient une guerre en Yougoslavie, comme ils ont voulu, cette fois encore, une guerre en Ukraine. Dans le cas de la Yougoslavie, ils voulaient la guerre pour pouvoir d\u00e9truire les derniers vestiges du socialisme en Europe. Ils voulaient la guerre aussi pour montrer au monde qu&rsquo;ils pouvaient entrer en guerre unilat\u00e9ralement et sans l&rsquo;autorisation du Conseil de s\u00e9curit\u00e9 de l&rsquo;ONU. En d&rsquo;autres termes, ils voulaient la guerre <em>pr\u00e9cis\u00e9ment pour pouvoir montrer au monde qu&rsquo;ils pouvaient envahir les pays qu&rsquo;ils voulaient \u00e0 n\u2019importe quel moment<\/em>. Il s&rsquo;agissait donc bien, en fait, d&rsquo;une guerre contre l&rsquo;ordre juridique international.<\/span><\/p>\n<p>&nbsp;<\/p>\n<p style=\"text-align: justify;\"><span style=\"font-family: times new roman, times, serif; font-size: 14pt;\"><strong>Question :<\/strong> Pensez-vous que le bombardement de la Serbie par l&rsquo;OTAN sous la direction des \u00c9tats-Unis en 1999 a \u00e9t\u00e9 d\u00e9terminant pour l&rsquo;expansion rapide vers l&rsquo;est de l&rsquo;OTAN en tant qu&rsquo;organisation militaire ?<\/span><\/p>\n<p>&nbsp;<\/p>\n<p style=\"text-align: justify;\"><span style=\"font-family: times new roman, times, serif; font-size: 14pt;\"><strong>Daniel Kovalik :<\/strong> Certainement oui, je pense que le bombardement de la Serbie a facilit\u00e9 l&rsquo;expansion de l&rsquo;OTAN vers l&rsquo;est. Il a aussi cr\u00e9\u00e9 un pr\u00e9c\u00e9dent pour que l&rsquo;OTAN serve de force a\u00e9rienne aux \u00c9tats-Unis dans le monde entier, y compris dans des endroits situ\u00e9s bien au-del\u00e0 de l&rsquo;Europe, comme la Libye.<\/span><\/p>\n<p>&nbsp;<\/p>\n<p style=\"text-align: justify;\"><span style=\"font-family: times new roman, times, serif; font-size: 14pt;\"><strong>Question :<\/strong> Estimez-vous que le bombardement de la Serbie par les USA\/ OTAN est \u00e0 l&rsquo;origine du conflit actuel en Ukraine ? En d&rsquo;autres termes, que la guerre en cours en Ukraine n&rsquo;est qu&rsquo;une partie\u00a0 d\u2019un tableau mondial plus vaste ?<\/span><\/p>\n<p>&nbsp;<\/p>\n<p style=\"text-align: justify;\"><span style=\"font-family: times new roman, times, serif; font-size: 14pt;\"><strong>Daniel Kovalik :<\/strong> Le bombardement de la Serbie est toujours pr\u00e9sent dans l&rsquo;esprit des Russes, qui ont \u00e9t\u00e9 horrifi\u00e9s de voir qu\u2019un pays fr\u00e8re, en Europe, \u00e9tait bombard\u00e9 par l&rsquo;OTAN. Le souvenir de cet \u00e9v\u00e9nement est \u00e0 coup s\u00fbr un facteur qui a motiv\u00e9 les craintes de la Russie de devenir elle-m\u00eame une victime de l&rsquo;OTAN, le pr\u00e9sident russe Vladimir Poutine l&rsquo;a clairement dit tout r\u00e9cemment.\u00a0 Et par cons\u00e9quent, oui, ce bombardement a jou\u00e9 un r\u00f4le certain dans la survenue du conflit en Ukraine.<\/span><\/p>\n<p>&nbsp;<\/p>\n<p style=\"text-align: justify;\"><span style=\"font-family: times new roman, times, serif; font-size: 14pt;\"><strong>Question :<\/strong> Feue Madeleine Albright, comme de nombreux politiciens US, \u00e9tait une grande championne de l&rsquo;\u00ab\u00a0exceptionnalisme am\u00e9ricain\u00a0\u00bb et du droit, pour l&rsquo;Am\u00e9rique, \u00e0 recourir unilat\u00e9ralement \u00e0 la violence pour atteindre ses objectifs g\u00e9opolitiques. Cette doctrine est-elle au c\u0153ur du conflit international actuel entre l&rsquo;Occident et la Russie, et, en fait, entre l\u2019Occident et la Chine ?<\/span><\/p>\n<p>&nbsp;<\/p>\n<p style=\"text-align: justify;\"><span style=\"font-family: times new roman, times, serif; font-size: 14pt;\"><strong>Daniel Kovalik :<\/strong> Oui, elle l\u2019est, c\u2019est certain. L&rsquo;id\u00e9e que les USA sont \u00ab\u00a0la \u00a0nation essentielle\u00a0\u00bb, comme l&rsquo;ont affirm\u00e9 Albright et l&rsquo;ex-pr\u00e9sident Barack Obama, a \u00e9t\u00e9 utilis\u00e9e pour justifier la pr\u00e9tention des \u00c9tats-Unis \u00e0 pouvoir agir \u00e0 son gr\u00e9, unilat\u00e9ralement, contre n&rsquo;importe quelle nation dans le monde, afin de prot\u00e9ger leurs int\u00e9r\u00eats tels qu\u2019ils les per\u00e7oivent. Mais, b<\/span><span style=\"font-family: times new roman, times, serif; font-size: 14pt;\">ien s\u00fbr, les autres pays ont aussi des int\u00e9r\u00eats, y compris celui d&rsquo;avoir la paix et la s\u00e9curit\u00e9, qui sont les droits les plus fondamentaux de toute nation, ainsi que le stipule la Charte des Nations Unies \u00e9tablie en 1945 apr\u00e8s la Deuxi\u00e8me Guerre mondiale. La sempiternelle agressivit\u00e9 des USA a d\u00e9truit ce droit des nations <em>et le syst\u00e8me des Nations Unies lui-m\u00eame<\/em>, et la Russie et la Chine tiennent \u00e0 r\u00e9tablir ce droit. La Charte des Nations Unies, par ses termes, est fond\u00e9e sur la notion d&rsquo;\u00e9galit\u00e9 de toutes les nations, <em>en vertu du droit international<\/em>. Les \u00c9tats-Unis ont pr\u00e9tendu \u00eatre, d&rsquo;une certaine mani\u00e8re, plus \u00e9gaux que les autres, et ont agi en cons\u00e9quence, au d\u00e9triment de millions de personnes dans le monde. Maintenant, le monde est en train de s\u2019y opposer.<\/span><\/p>\n<p>&nbsp;<\/p>\n<p style=\"text-align: left;\"><span style=\"font-family: times new roman, times, serif; font-size: 14pt;\">Source\u00a0: <a href=\"https:\/\/www.strategic-culture.org\/news\/2022\/04\/01\/us-nato-blitzkrieg-against-serbia-in-1999-led-today-war-ukraine-daniel-kovalik\/\">https:\/\/www.strategic-culture.org\/news\/2022\/04\/01\/us-nato-blitzkrieg-against-serbia-in-1999-led-today-war-ukraine-daniel-kovalik\/<\/a><\/span><\/p>\n<p>&nbsp;<\/p>\n<p>&nbsp;<\/p>\n<p style=\"text-align: justify;\"><a href=\"http:\/\/blog.lesgrossesorchadeslesamplesthalameges.fr\/index.php\/le-blitzkrieg-des-usa-et-de-lotan-contre-la-serbie-en-1999-a-conduit-a-la-guerre-actuelle-en-ukraine-daniel-kovalik\/33-finian-cunningham\/\" rel=\"attachment wp-att-18601\"><img loading=\"lazy\" class=\"alignnone wp-image-18601 size-full\" src=\"http:\/\/blog.lesgrossesorchadeslesamplesthalameges.fr\/wp-content\/uploads\/2022\/04\/33.-finian-cunningham.jpg\" alt=\"\" width=\"225\" height=\"225\" srcset=\"https:\/\/blog.lesgrossesorchadeslesamplesthalameges.fr\/wp-content\/uploads\/2022\/04\/33.-finian-cunningham.jpg 225w, https:\/\/blog.lesgrossesorchadeslesamplesthalameges.fr\/wp-content\/uploads\/2022\/04\/33.-finian-cunningham-150x150.jpg 150w\" sizes=\"(max-width: 225px) 100vw, 225px\" \/><\/a><\/p>\n<p style=\"text-align: justify;\"><span style=\"font-family: times new roman, times, serif; font-size: 12pt;\"><strong>Finian Cunningham<\/strong> est un journaliste irlandais, qui beaucoup \u00e9crit sur les affaires internationales, et dont les articles sont publi\u00e9s en plusieurs langues.<\/span><\/p>\n<p style=\"text-align: justify;\"><span style=\"font-size: 12pt;\"><span style=\"font-family: times new roman, times, serif;\">Il est titulaire d&rsquo;une ma\u00eetrise en chimie agricole et a \u00e9t\u00e9 r\u00e9dacteur scientifique pour la <em>Royal Society of Chemistry<\/em>, Cambridge (UK), avant de poursuivre une carri\u00e8re dans le journalisme proprement dit. Il est \u00e9galement <\/span><span style=\"font-family: times new roman, times, serif;\">musicien et auteur de chansons.<\/span><\/span><\/p>\n<p style=\"text-align: justify;\"><span style=\"font-family: times new roman, times, serif; font-size: 12pt;\">Il y a pr\u00e8s de 20 ans qu\u2019il travaille comme r\u00e9dacteur et chroniqueur dans de grands organes de presse, notamment <em>The Mirror<\/em>, l\u2019<em>Irish<\/em> <em>Times<\/em> et l\u2019<em>Independent<\/em>. <strong>On le trouve aussi, couramment, chez <\/strong><a href=\"https:\/\/muckrack.com\/media-outlet\/rt\"><em>RT<\/em><\/a><em>, <\/em><a href=\"https:\/\/muckrack.com\/media-outlet\/sputniknews\"><em>Sputnik<\/em><\/a><em>, <\/em><a href=\"https:\/\/muckrack.com\/media-outlet\/zerohedge\"><em>Zero Hedge<\/em><\/a><em>, <\/em><a href=\"https:\/\/muckrack.com\/media-outlet\/mintpress\"><em>Mint Press News<\/em><\/a><em>, <\/em><a href=\"https:\/\/muckrack.com\/media-outlet\/aporrea\"><em>Aporrea<\/em><\/a><em>, <\/em><a href=\"https:\/\/muckrack.com\/media-outlet\/thecitizen\"><em>The Citizen <\/em>(Tanzanie)<\/a>, <a href=\"https:\/\/muckrack.com\/media-outlet\/opednews\"><em>OpEdNews<\/em><\/a><em>, <\/em><a href=\"https:\/\/muckrack.com\/media-outlet\/russia-insider\"><em>Russia Insider<\/em><\/a><em>, <\/em><a href=\"https:\/\/muckrack.com\/media-outlet\/strategic-culture\"><em>Strategic Culture<\/em><\/a><em>, <\/em><a href=\"https:\/\/muckrack.com\/media-outlet\/dissidentvoice\"><em>Dissident Voice<\/em><\/a><em>, <\/em><a href=\"https:\/\/muckrack.com\/media-outlet\/newagebd\"><em>New Age (Bangladesh)<\/em><\/a><em>, <\/em><a href=\"https:\/\/muckrack.com\/media-outlet\/canadiandimension\"><em>Canadian Dimension<\/em><\/a><em>, <\/em><a href=\"https:\/\/muckrack.com\/media-outlet\/iskra\"><em>Iskra<\/em><\/a><em>, <\/em><a href=\"https:\/\/muckrack.com\/media-outlet\/ussanews\"><em>USA News<\/em><\/a><em>, <\/em><a href=\"https:\/\/muckrack.com\/media-outlet\/elreporterosf\"><em>El Reportero<\/em><\/a><\/span><\/p>\n<p style=\"text-align: justify;\"><span style=\"font-family: times new roman, times, serif; font-size: 14pt;\"><span style=\"font-size: 12pt;\">Laur\u00e9at, en 2019, du prix Serena Shim pour l&rsquo;int\u00e9grit\u00e9 sans compromis dans le journalisme<\/span>.<\/span><\/p>\n<p>&nbsp;<\/p>\n<p>&nbsp;<\/p>\n<p style=\"text-align: center;\"><a href=\"http:\/\/blog.lesgrossesorchadeslesamplesthalameges.fr\/index.php\/confirmation-de-la-capture-dun-general-de-division-americain-par-la-russie-alors-quil-tentait-de-fuir-marioupol\/000-donbass-militia-flag-petit-6\/\" rel=\"attachment wp-att-18544\"><img loading=\"lazy\" class=\"alignnone wp-image-18544\" src=\"http:\/\/blog.lesgrossesorchadeslesamplesthalameges.fr\/wp-content\/uploads\/2022\/04\/000.-DONBASS-MILITIA-FLAG-PETIT-3.gif\" alt=\"\" width=\"130\" height=\"93\" \/><\/a><\/p>\n<p>&nbsp;<\/p>\n<p><strong><span style=\"font-family: times new roman, times, serif; font-size: 14pt;\">URL de cet article : <\/span><\/strong><a href=\"http:\/\/blog.lesgrossesorchadeslesamplesthalameges.fr\/index.php\/le-blitzkrieg-des-usa-et-de-lotan-contre-la-serbie-en-1999-a-conduit-a-la-guerre-actuelle-en-ukraine-daniel-kovalik\/\"><span style=\"font-family: times new roman, times, serif; font-size: 14pt;\">http:\/\/blog.lesgrossesorchadeslesamplesthalameges.fr\/index.php\/le-blitzkrieg-des-usa-et-de-lotan-contre-la-serbie-en-1999-a-conduit-a-la-guerre-actuelle-en-ukraine-daniel-kovalik\/<\/span><\/a><span style=\"font-family: times new roman, times, serif; font-size: 14pt;\"><br \/>\n<\/span><\/p>\n<p>&nbsp;<\/p>\n<p>&nbsp;<\/p>\n<p style=\"text-align: right;\"><span style=\"font-family: comic sans ms, sans-serif; font-size: 14pt;\">Avril 2022<\/span><\/p>\n<p>&nbsp;<\/p>\n<p>&nbsp;<\/p>\n","protected":false},"excerpt":{"rendered":"<p>\u00a0 &nbsp; &nbsp; &nbsp; &nbsp; &nbsp; &nbsp; &nbsp; &nbsp; Le Blitzkrieg des USA et de l\u2019OTAN contre la Serbie en 1999 a conduit \u00e0 la guerre actuelle en Ukraine \u2013 Daniel Kovalik \u00a0 Finian Cunningham \u2013 Strategic Culture Foundation \u2013 1.4.2022 \u00a0 Traduction : c.l. pour L.G.O. &nbsp; &nbsp; &nbsp; &nbsp; Les USA ont affirm\u00e9&#8230;<\/p>\n","protected":false},"author":1,"featured_media":0,"parent":0,"menu_order":0,"comment_status":"open","ping_status":"open","template":"","meta":[],"_links":{"self":[{"href":"https:\/\/blog.lesgrossesorchadeslesamplesthalameges.fr\/index.php\/wp-json\/wp\/v2\/pages\/18597"}],"collection":[{"href":"https:\/\/blog.lesgrossesorchadeslesamplesthalameges.fr\/index.php\/wp-json\/wp\/v2\/pages"}],"about":[{"href":"https:\/\/blog.lesgrossesorchadeslesamplesthalameges.fr\/index.php\/wp-json\/wp\/v2\/types\/page"}],"author":[{"embeddable":true,"href":"https:\/\/blog.lesgrossesorchadeslesamplesthalameges.fr\/index.php\/wp-json\/wp\/v2\/users\/1"}],"replies":[{"embeddable":true,"href":"https:\/\/blog.lesgrossesorchadeslesamplesthalameges.fr\/index.php\/wp-json\/wp\/v2\/comments?post=18597"}],"version-history":[{"count":10,"href":"https:\/\/blog.lesgrossesorchadeslesamplesthalameges.fr\/index.php\/wp-json\/wp\/v2\/pages\/18597\/revisions"}],"predecessor-version":[{"id":18611,"href":"https:\/\/blog.lesgrossesorchadeslesamplesthalameges.fr\/index.php\/wp-json\/wp\/v2\/pages\/18597\/revisions\/18611"}],"wp:attachment":[{"href":"https:\/\/blog.lesgrossesorchadeslesamplesthalameges.fr\/index.php\/wp-json\/wp\/v2\/media?parent=18597"}],"curies":[{"name":"wp","href":"https:\/\/api.w.org\/{rel}","templated":true}]}}