{"id":18614,"date":"2022-04-11T23:36:20","date_gmt":"2022-04-11T21:36:20","guid":{"rendered":"http:\/\/blog.lesgrossesorchadeslesamplesthalameges.fr\/?page_id=18614"},"modified":"2022-04-11T23:43:45","modified_gmt":"2022-04-11T21:43:45","slug":"pakistan-imran-khan-renverse-par-le-parlement","status":"publish","type":"page","link":"https:\/\/blog.lesgrossesorchadeslesamplesthalameges.fr\/index.php\/pakistan-imran-khan-renverse-par-le-parlement\/","title":{"rendered":"Pakistan : Imran Khan renvers\u00e9 par le Parlement"},"content":{"rendered":"<p style=\"text-align: justify;\"><strong><em>\u00a0<\/em><\/strong><\/p>\n<p>&nbsp;<\/p>\n<p>&nbsp;<\/p>\n<p>&nbsp;<\/p>\n<p>&nbsp;<\/p>\n<p>&nbsp;<\/p>\n<p>&nbsp;<\/p>\n<p>&nbsp;<\/p>\n<p>&nbsp;<\/p>\n<p style=\"text-align: center;\"><span style=\"font-family: times new roman, times, serif; font-size: 36pt;\"><strong>Pakistan : Imran Khan renvers\u00e9 par le Parlement<\/strong><\/span><\/p>\n<p style=\"text-align: center;\"><span style=\"font-family: times new roman, times, serif; font-size: 14pt;\"><strong><em>\u00a0<\/em><\/strong><\/span><\/p>\n<p style=\"text-align: center;\"><span style=\"font-family: times new roman, times, serif; font-size: 18pt;\"><strong><em>Al Manar.fr<\/em><\/strong> \u2013 <strong>10.4.2022<\/strong><\/span><\/p>\n<p style=\"text-align: justify;\"><span style=\"font-family: times new roman, times, serif; font-size: 14pt;\"><strong>\u00a0<\/strong><\/span><\/p>\n<p>&nbsp;<\/p>\n<p>&nbsp;<\/p>\n<p style=\"text-align: center;\"><span style=\"font-family: times new roman, times, serif; font-size: 14pt;\"><strong>\u00a0<a href=\"http:\/\/blog.lesgrossesorchadeslesamplesthalameges.fr\/index.php\/2022\/04\/11\/en-suivant-la-feuille-de-route-12\/14-imran-khan\/\" rel=\"attachment wp-att-18514\"><img loading=\"lazy\" class=\"alignnone wp-image-18514 size-full\" src=\"http:\/\/blog.lesgrossesorchadeslesamplesthalameges.fr\/wp-content\/uploads\/2022\/04\/14.-Imran-Khan.png\" alt=\"\" width=\"600\" height=\"336\" srcset=\"https:\/\/blog.lesgrossesorchadeslesamplesthalameges.fr\/wp-content\/uploads\/2022\/04\/14.-Imran-Khan.png 600w, https:\/\/blog.lesgrossesorchadeslesamplesthalameges.fr\/wp-content\/uploads\/2022\/04\/14.-Imran-Khan-300x168.png 300w\" sizes=\"(max-width: 600px) 100vw, 600px\" \/><\/a><\/strong><\/span><\/p>\n<p>&nbsp;<\/p>\n<p>&nbsp;<\/p>\n<p>&nbsp;<\/p>\n<p style=\"text-align: justify;\"><span style=\"font-family: times new roman, times, serif; font-size: 14pt;\">Apr\u00e8s plusieurs semaines de crise politique au Pakistan, le Premier ministre Imran Khan, a \u00e9t\u00e9 renvers\u00e9 ce samedi 9 avril par une motion de censure vot\u00e9e au Parlement.<\/span><\/p>\n<p>&nbsp;<\/p>\n<p style=\"text-align: justify;\"><span style=\"font-family: times new roman, times, serif; font-size: 14pt;\">La motion a \u00e9t\u00e9 \u00ab\u00a0approuv\u00e9e\u00a0\u00bb par 174 des 342 d\u00e9put\u00e9s, a annonc\u00e9 le pr\u00e9sident par int\u00e9rim de la chambre, Sardar Ayaz Sadiq, rapporte l\u2019AFP. Imran Khan est le premier chef de gouvernement pakistanais \u00e0 chuter sur un vote de d\u00e9fiance.<\/span><\/p>\n<p>&nbsp;<\/p>\n<p style=\"text-align: justify;\"><span style=\"font-family: times new roman, times, serif; font-size: 14pt;\">L\u2019ancienne star du cricket a appel\u00e9 ses partisans \u00e0 manifester dans le calme et affirm\u00e9 qu\u2019il \u00ab\u00a0n\u2019accepterait pas\u00a0\u00bb le nouveau gouvernement.<\/span><\/p>\n<p>&nbsp;<\/p>\n<p style=\"text-align: justify;\"><span style=\"font-family: times new roman, times, serif; font-size: 14pt;\">Le jeudi 5 avril, au terme de tractations entreprises apr\u00e8s la d\u00e9cision prise \u00e0 la demande de Khan par le pr\u00e9sident de la r\u00e9publique Arif Alvi de dissoudre l\u2019Assembl\u00e9e nationale et de convoquer des \u00e9lections anticip\u00e9es, la Cour supr\u00eame pakistanaise avait statu\u00e9 qu\u2019elle \u00e9tait \u00ab contraire \u00e0 la Constitution et sans effet l\u00e9gal \u00bb. Ouvrant la voie au vote de la motion de censure qui avait \u00e9t\u00e9 refus\u00e9e par le vice-pr\u00e9sident de l\u2019Assembl\u00e9e au motif qu\u2019elle \u00e9tait inconstitutionnelle parce que r\u00e9sultant d\u2019une ing\u00e9rence \u00e9trang\u00e8re.<\/span><\/p>\n<p>&nbsp;<\/p>\n<p style=\"text-align: justify;\"><span style=\"font-family: times new roman, times, serif; font-size: 14pt;\">Imran Khan avait plusieurs fois, ces derniers jours, accus\u00e9 les \u00c9tats-Unis de s\u2019immiscer dans les affaires int\u00e9rieures pakistanaises avec la complicit\u00e9 de l\u2019opposition, dont il a d\u00e9nonc\u00e9 la tra\u00eetrise. Il reprochait \u00e0 Washington, qui a ni\u00e9 toute implication, de vouloir obtenir son d\u00e9part, en raison de son refus de s\u2019aligner sur les positions am\u00e9ricaines concernant la Russie et la Chine.<\/span><\/p>\n<p>&nbsp;<\/p>\n<p style=\"text-align: justify;\"><span style=\"font-family: times new roman, times, serif; font-size: 14pt;\">Pendant la s\u00e9ance du vote du parlement pakistanais, son pr\u00e9sident Asad Qaiser et son adjoint Qasem Soury avaient pr\u00e9sent\u00e9 leur d\u00e9mission.<\/span><\/p>\n<p>&nbsp;<\/p>\n<p style=\"text-align: justify;\"><span style=\"font-family: times new roman, times, serif; font-size: 14pt;\">Selon le journal local<em> Down,<\/em> Qaiser a justifi\u00e9 cette d\u00e9cision en indiquant \u00ab qu\u2019il ne pouvait pas prendre part \u00e0 un complot \u00e9tranger qui vise \u00e0 d\u00e9mettre Khan de son poste \u00bb.<\/span><\/p>\n<p>&nbsp;<\/p>\n<p style=\"text-align: justify;\"><span style=\"font-family: times new roman, times, serif; font-size: 14pt;\">Le procureur g\u00e9n\u00e9ral a lui aussi annonc\u00e9 sa d\u00e9mission de son poste en m\u00eame temps.<\/span><\/p>\n<p>&nbsp;<\/p>\n<p style=\"text-align: justify;\"><span style=\"font-family: times new roman, times, serif; font-size: 14pt;\">L\u2019arm\u00e9e pakistanaise qui a dans son r\u00e9pertoire 4 putschs militaires depuis l\u2019ind\u00e9pendance de ce pays en 1947 et a gouvern\u00e9 le pays pendant trois d\u00e9cennies est intervenue dans la crise. Selon l\u2019agence Reuters, le commandant de l\u2019arm\u00e9e le g\u00e9n\u00e9ral Qamar Jawed Bajwa a rencontr\u00e9 Khan quelque heures apr\u00e8s la suspension dans un premier temps d\u2019une s\u00e9ance parlementaire avant le vote de la motion de censure.<\/span><\/p>\n<p>&nbsp;<\/p>\n<p style=\"text-align: justify;\"><span style=\"font-family: times new roman, times, serif; font-size: 14pt;\">Le vendredi, les partisans de Khan avaient mis en garde contre un complot \u00e9tranger pour l\u2019isoler.<\/span><\/p>\n<p>&nbsp;<\/p>\n<p style=\"text-align: justify;\"><span style=\"font-family: times new roman, times, serif; font-size: 14pt;\">Source : <a href=\"https:\/\/french.almanar.com.lb\/2302137\">https:\/\/french.almanar.com.lb\/2302137<\/a><\/span><\/p>\n<p style=\"text-align: justify;\"><span style=\"font-family: times new roman, times, serif; font-size: 14pt;\"><strong><em>\u00a0<\/em><\/strong><\/span><\/p>\n<p style=\"text-align: justify;\"><span style=\"font-family: times new roman, times, serif; font-size: 14pt;\"><strong><em>\u00a0<\/em><\/strong><\/span><\/p>\n<p style=\"text-align: center;\"><span style=\"font-family: times new roman, times, serif; font-size: 14pt;\"><strong><em>\u00a0<a href=\"http:\/\/blog.lesgrossesorchadeslesamplesthalameges.fr\/index.php\/2022\/04\/11\/en-suivant-la-feuille-de-route-12\/15-chine-et-pakistan\/\" rel=\"attachment wp-att-18515\"><img loading=\"lazy\" class=\"alignnone wp-image-18515\" src=\"http:\/\/blog.lesgrossesorchadeslesamplesthalameges.fr\/wp-content\/uploads\/2022\/04\/15.-Chine-et-Pakistan-300x180.jpg\" alt=\"\" width=\"350\" height=\"210\" srcset=\"https:\/\/blog.lesgrossesorchadeslesamplesthalameges.fr\/wp-content\/uploads\/2022\/04\/15.-Chine-et-Pakistan-300x180.jpg 300w, https:\/\/blog.lesgrossesorchadeslesamplesthalameges.fr\/wp-content\/uploads\/2022\/04\/15.-Chine-et-Pakistan.jpg 600w\" sizes=\"(max-width: 350px) 100vw, 350px\" \/><\/a><\/em><\/strong><\/span><\/p>\n<p style=\"text-align: center;\"><span style=\"font-family: times new roman, times, serif;\"><strong><em>China-Pakistan should strengthen coordination<\/em><\/strong><strong>\u00a0 <\/strong>[Global Times China]<\/span><\/p>\n<p style=\"text-align: center;\"><span style=\"font-family: times new roman, times, serif;\"><strong>\u00a0<\/strong><\/span><\/p>\n<p>&nbsp;<\/p>\n<p style=\"text-align: justify;\"><span style=\"font-family: times new roman, times, serif; font-size: 14pt;\"><strong><em>\u00a0<\/em><\/strong><\/span><\/p>\n<p style=\"text-align: left;\"><span style=\"font-family: times new roman, times, serif; font-size: 14pt;\"><strong>URL de cet article : <\/strong><a href=\"http:\/\/blog.lesgrossesorchadeslesamplesthalameges.fr\/index.php\/pakistan-imran-khan-renverse-par-le-parlement\/\">http:\/\/blog.lesgrossesorchadeslesamplesthalameges.fr\/index.php\/pakistan-imran-khan-renverse-par-le-parlement\/<\/a><strong><br \/>\n<\/strong><\/span><\/p>\n<p style=\"text-align: justify;\"><span style=\"font-family: times new roman, times, serif; font-size: 14pt;\"><strong><em>\u00a0<\/em><\/strong><\/span><\/p>\n<p style=\"text-align: justify;\"><span style=\"font-family: times new roman, times, serif; font-size: 14pt;\"><strong><em>\u00a0<\/em><\/strong><\/span><\/p>\n<p style=\"text-align: right;\"><span style=\"font-family: comic sans ms, sans-serif; font-size: 14pt;\">Avril 2022<\/span><\/p>\n<p>&nbsp;<\/p>\n","protected":false},"excerpt":{"rendered":"<p>\u00a0 &nbsp; &nbsp; &nbsp; &nbsp; &nbsp; &nbsp; &nbsp; &nbsp; Pakistan : Imran Khan renvers\u00e9 par le Parlement \u00a0 Al Manar.fr \u2013 10.4.2022 \u00a0 &nbsp; &nbsp; \u00a0 &nbsp; &nbsp; &nbsp; Apr\u00e8s plusieurs semaines de crise politique au Pakistan, le Premier ministre Imran Khan, a \u00e9t\u00e9 renvers\u00e9 ce samedi 9 avril par une motion de censure vot\u00e9e&#8230;<\/p>\n","protected":false},"author":1,"featured_media":0,"parent":0,"menu_order":0,"comment_status":"open","ping_status":"open","template":"","meta":[],"_links":{"self":[{"href":"https:\/\/blog.lesgrossesorchadeslesamplesthalameges.fr\/index.php\/wp-json\/wp\/v2\/pages\/18614"}],"collection":[{"href":"https:\/\/blog.lesgrossesorchadeslesamplesthalameges.fr\/index.php\/wp-json\/wp\/v2\/pages"}],"about":[{"href":"https:\/\/blog.lesgrossesorchadeslesamplesthalameges.fr\/index.php\/wp-json\/wp\/v2\/types\/page"}],"author":[{"embeddable":true,"href":"https:\/\/blog.lesgrossesorchadeslesamplesthalameges.fr\/index.php\/wp-json\/wp\/v2\/users\/1"}],"replies":[{"embeddable":true,"href":"https:\/\/blog.lesgrossesorchadeslesamplesthalameges.fr\/index.php\/wp-json\/wp\/v2\/comments?post=18614"}],"version-history":[{"count":5,"href":"https:\/\/blog.lesgrossesorchadeslesamplesthalameges.fr\/index.php\/wp-json\/wp\/v2\/pages\/18614\/revisions"}],"predecessor-version":[{"id":18619,"href":"https:\/\/blog.lesgrossesorchadeslesamplesthalameges.fr\/index.php\/wp-json\/wp\/v2\/pages\/18614\/revisions\/18619"}],"wp:attachment":[{"href":"https:\/\/blog.lesgrossesorchadeslesamplesthalameges.fr\/index.php\/wp-json\/wp\/v2\/media?parent=18614"}],"curies":[{"name":"wp","href":"https:\/\/api.w.org\/{rel}","templated":true}]}}