{"id":18705,"date":"2022-04-16T02:40:00","date_gmt":"2022-04-16T00:40:00","guid":{"rendered":"http:\/\/blog.lesgrossesorchadeslesamplesthalameges.fr\/?page_id=18705"},"modified":"2022-04-16T02:47:15","modified_gmt":"2022-04-16T00:47:15","slug":"ratiocination-des-g-o","status":"publish","type":"page","link":"https:\/\/blog.lesgrossesorchadeslesamplesthalameges.fr\/index.php\/ratiocination-des-g-o\/","title":{"rendered":"Ratiocination des G.O."},"content":{"rendered":"<p>&nbsp;<\/p>\n<p>&nbsp;<\/p>\n<p>&nbsp;<\/p>\n<p>&nbsp;<\/p>\n<p>&nbsp;<\/p>\n<p>&nbsp;<\/p>\n<p>&nbsp;<\/p>\n<p>&nbsp;<\/p>\n<p style=\"text-align: justify;\"><span style=\"font-family: comic sans ms, sans-serif; font-size: 18pt;\"><strong>Ratiocination des G.O. <\/strong><\/span><\/p>\n<p>&nbsp;<\/p>\n<p style=\"text-align: justify;\"><span style=\"font-family: comic sans ms, sans-serif;\">On peut se demander \u00e0 quoi rime, <em>et surtout \u00e0 quoi sert<\/em> cette exhumation d\u2019un cadavre dont toutes les particularit\u00e9s sont connues depuis lurette, y compris son faible pour le nazisme. Surtout au moment o\u00f9 un nazisme plus virulent que le premier se d\u00e9ploie sans honte aucune, <em>sous le parrainage tr\u00e8s r\u00e9el de la Grande Bretagne d\u2019aujourd\u2019hui<\/em>. On ne comprend pas tr\u00e8s bien en quoi le fait que M. Justin Trudeau entra\u00eene des bataillons d\u2019Azov sur le sol canadien puisse avoir quelque rapport avec feu Edouard VIII ex-duc de Windsor.<\/span><\/p>\n<p>&nbsp;<\/p>\n<p style=\"text-align: justify;\"><span style=\"font-family: comic sans ms, sans-serif;\">Ce n\u2019est pas qu\u2019on tienne \u00e0 lui chercher des excuses \u2013 que les animaux couronn\u00e9s et ceux qui en veulent se d\u00e9brouillent entre eux. Mais enfin\u2026<\/span><\/p>\n<p>&nbsp;<\/p>\n<p style=\"text-align: justify;\"><span style=\"font-family: comic sans ms, sans-serif;\">Edouard VIII n\u2019a pas abdiqu\u00e9 pour les beaux yeux d\u2019une divorc\u00e9e US, mais parce qu\u2019il \u00e9tait p\u00e9d\u00e9. Une anecdote courait encore les r\u00e9dactions dans les ann\u00e9es 1950, de la reine-m\u00e8re apostrophant \u00e0 Buckingham Palace un des petits amis de son fils par des mots rest\u00e9s c\u00e9l\u00e8bres\u00a0; \u00ab\u00a0A queen you may be, but you will never be Queen of England\u00a0!\u00a0\u00bb<\/span><\/p>\n<p>&nbsp;<\/p>\n<p style=\"text-align: justify;\"><span style=\"font-family: comic sans ms, sans-serif;\">Quiconque a quelques vagues notions d\u2019histoire sait que le fait d\u2019\u00eatre homosexuel n\u2019a jamais emp\u00each\u00e9 personne de r\u00e9gner. Les exemples abonderaient si on avait du temps \u00e0 perdre. Qu\u2019il suffise de rappeler le cas du grand Fr\u00e9d\u00e9ric, qui n\u2019a eu besoin ni d\u2019\u00e9pouse ni de descendance pour r\u00e9gner \u2013 et comment \u2013 sur la Prusse et qui s\u2019est content\u00e9 de laisser, \u00e0 sa mort, la couronne \u00e0 son neveu Fr\u00e9d\u00e9ric-Guillaume. Un cas un peu diff\u00e9rent est celui de Baudouin Ier \u2013 de Saxe Cobourg Gotha aussi \u2013 qui a trouv\u00e9 dans la franquiste Espagne, une jeune femme d\u2019assez bonne famille et suffisamment catholique pour accepter de jouer, \u00e0 ses c\u00f4t\u00e9s, le r\u00f4le de reine br\u00e9haigne. N\u2019allons pas fouiller dans la kyrielle des M\u00e9dicis qui ont \u00e9t\u00e9 si nombreux \u00e0 voile et \u00e0 vapeur, il y en a eu quelques-uns, dont le plus c\u00e9l\u00e8bre est sans conteste Henri III, qui se d\u00e9brouilla m\u00eame pour \u00eatre \u00e0 la fois roi de France et roi de Pologne.<\/span><\/p>\n<p>&nbsp;<\/p>\n<p style=\"text-align: justify;\"><span style=\"font-family: comic sans ms, sans-serif;\">Alors, pourquoi Edouard VIII a-t-il d\u00fb abdiquer et certainement pas de ga\u00eet\u00e9 de coeur\u00a0? En vertu de l\u2019hypocrisie ch\u00e8re aux protestants d\u2019Outre-Manche en g\u00e9n\u00e9ral et de sa famille en particulier, surtout depuis le r\u00e8gne m\u00e9morable de sa grand-m\u00e8re Victoria (parce que si on remontait chez ses pr\u00e9d\u00e9cesseurs, jusqu\u2019\u00e0, par exemple, Richard II\u2026).<\/span><\/p>\n<p>&nbsp;<\/p>\n<p style=\"text-align: justify;\"><span style=\"font-family: comic sans ms, sans-serif;\">Il n\u2019est pas interdit de comprendre qu\u2019il en ait voulu \u00e0 mort \u00e0 son pays et \u00e0 sa famille. Quand on sait (voir Robert Graves, <em>Goodbye to all that<\/em>) que dans les grandes \u00e9coles de type Oxbridge, sur dix homosexuels, il y en avait deux authentiques et huit fabriqu\u00e9s. Expr\u00e8s. Pour que les futurs dirigeants de l\u2019Empire ne risquent pas de se laisser manipuler par des gonzesses. On ne mentionne que pour m\u00e9moire le trio de condisciples du prince Youssoupov \u2013 qui y avait fait ses \u00e9tudes \u2013 auxquels on doit l\u2019assassinat de l\u2019enquiquinant Raspoutine, qui avait tant d\u2019influence sur le tsar qu\u2019il allait le convaincre de ne pas entrer en guerre contre l\u2019Allemagne, alors que l\u2019Empire avait tellement besoin qu\u2019elle e\u00fbt \u00e0 affronter un second front \u00e0 l\u2019Est. On a l\u2019air de plaisanter mais tout cela est malheureusement vrai. Certes, dans l\u2019absolu, l\u2019homosexualit\u00e9 \u00e0 la fois incit\u00e9e et bafou\u00e9e d\u2019Edward d\u2019Angleterre ne devait pas \u00eatre une excuse pour qu\u2019il se conduis\u00eet en sale gamin tra\u00eetre \u00e0 son pays. Il aurait pu prendre exemple sur Oscar Wilde, qui a affront\u00e9 son lynchage public avec une dignit\u00e9 exemplaire et s\u2019est m\u00eame d\u00e9brouill\u00e9 pour en tirer un chef d\u2019oeuvre. C\u2019est qu\u2019il avait d\u00fb \u00eatre \u00e9lev\u00e9 par des parents normaux. Les enfants des rois sont \u00e9lev\u00e9s, d\u00e8s la toute petite enfance, par des mains mercenaires. Et c\u2019est au petit bonheur la chance. Des fois ils tournent bien, des fois mal. On ne peut pas les juger sans en tenir compte.<\/span><\/p>\n<p>&nbsp;<\/p>\n<p style=\"text-align: justify;\"><span style=\"font-family: comic sans ms, sans-serif;\">Si celui-l\u00e0 n\u2019a eu aucun sens ni de la famille ni de la patrie, ils n\u2019ont \u00e0 s\u2019en prendre qu\u2019\u00e0 eux-m\u00eames. Edouard VIII a \u00e9t\u00e9 le r\u00e9sultat de ce qu\u2019ils sont et de ce qu\u2019ils ont fait de lui. En ces jours de LGBTQ\u2026XYZ, il doit bien rire jaune dans sa tombe. Et ses contempteurs sont toujours l\u00e0, plus nazis que jamais.<\/span><\/p>\n<p>&nbsp;<\/p>\n<p style=\"text-align: justify;\"><span style=\"font-family: comic sans ms, sans-serif;\">Nous exag\u00e9rons\u00a0?<\/span><\/p>\n<p>&nbsp;<\/p>\n<p style=\"text-align: justify;\"><span style=\"font-family: comic sans ms, sans-serif;\">Allez, nous ne dirons rien, d\u2019ailleurs on n\u2019a plus le temps, du Winston Churchill qui grimpa ses premiers \u00e9chelons de politicien sur les cadavres de deux pauvres immigr\u00e9s Baltes d\u00e9cr\u00e9t\u00e9s terroristes et qui, en 1945, tout en faisant des ronds de jambe \u00e0 Yalta et des sourires \u00e0 Staline, voulait que l\u2019arm\u00e9e anglaise attaqu\u00e2t l\u2019URSS exsangue aux gaz toxiques, pour en finir une bonne fois pour toutes avec ce que cette andouille d\u2019Hitler avait rat\u00e9. Il se fait que l\u2019arm\u00e9e anglaise \u00e9tait exsangue aussi et comptait peut-\u00eatre dans ses rangs une conscience ou deux. Elle refusa. Le peuple anglais renvoya alors assez vite, par les urnes (oui, \u00e7a arrive), le gros Winston \u00e0 ses pinceaux et \u00e0 ses cigares. Et\u2026 vous savez\u2026 l\u2019histoire n\u2019en finit pas de se r\u00e9p\u00e9ter.<\/span><\/p>\n<p>&nbsp;<\/p>\n<p>&nbsp;<\/p>\n<p style=\"text-align: left;\"><strong><span style=\"font-family: times new roman, times, serif; font-size: 14pt;\">URL de cet article : <\/span><\/strong><a href=\"http:\/\/blog.lesgrossesorchadeslesamplesthalameges.fr\/index.php\/ratiocination-des-g-o\/\"><span style=\"font-family: times new roman, times, serif; font-size: 14pt;\">http:\/\/blog.lesgrossesorchadeslesamplesthalameges.fr\/index.php\/ratiocination-des-g-o\/<\/span><\/a><\/p>\n<p>&nbsp;<\/p>\n<p>&nbsp;<\/p>\n<p style=\"text-align: center;\"><a href=\"http:\/\/blog.lesgrossesorchadeslesamplesthalameges.fr\/index.php\/2022\/04\/15\/petites-histoires-du-nazisme\/000-donbass-militia-flag-petit-7\/\" rel=\"attachment wp-att-18635\"><img loading=\"lazy\" class=\"alignnone wp-image-18635\" src=\"http:\/\/blog.lesgrossesorchadeslesamplesthalameges.fr\/wp-content\/uploads\/2022\/04\/000.-DONBASS-MILITIA-FLAG-PETIT-4.gif\" alt=\"\" width=\"100\" height=\"72\" \/><\/a><\/p>\n<p>&nbsp;<\/p>\n<p style=\"text-align: right;\"><span style=\"font-family: comic sans ms, sans-serif; font-size: 14pt;\">Avril 2022<\/span><\/p>\n<p>&nbsp;<\/p>\n<p>&nbsp;<\/p>\n","protected":false},"excerpt":{"rendered":"<p>&nbsp; &nbsp; &nbsp; &nbsp; &nbsp; &nbsp; &nbsp; &nbsp; Ratiocination des G.O. &nbsp; On peut se demander \u00e0 quoi rime, et surtout \u00e0 quoi sert cette exhumation d\u2019un cadavre dont toutes les particularit\u00e9s sont connues depuis lurette, y compris son faible pour le nazisme. Surtout au moment o\u00f9 un nazisme plus virulent que le premier se&#8230;<\/p>\n","protected":false},"author":1,"featured_media":0,"parent":0,"menu_order":0,"comment_status":"open","ping_status":"open","template":"","meta":[],"_links":{"self":[{"href":"https:\/\/blog.lesgrossesorchadeslesamplesthalameges.fr\/index.php\/wp-json\/wp\/v2\/pages\/18705"}],"collection":[{"href":"https:\/\/blog.lesgrossesorchadeslesamplesthalameges.fr\/index.php\/wp-json\/wp\/v2\/pages"}],"about":[{"href":"https:\/\/blog.lesgrossesorchadeslesamplesthalameges.fr\/index.php\/wp-json\/wp\/v2\/types\/page"}],"author":[{"embeddable":true,"href":"https:\/\/blog.lesgrossesorchadeslesamplesthalameges.fr\/index.php\/wp-json\/wp\/v2\/users\/1"}],"replies":[{"embeddable":true,"href":"https:\/\/blog.lesgrossesorchadeslesamplesthalameges.fr\/index.php\/wp-json\/wp\/v2\/comments?post=18705"}],"version-history":[{"count":8,"href":"https:\/\/blog.lesgrossesorchadeslesamplesthalameges.fr\/index.php\/wp-json\/wp\/v2\/pages\/18705\/revisions"}],"predecessor-version":[{"id":18713,"href":"https:\/\/blog.lesgrossesorchadeslesamplesthalameges.fr\/index.php\/wp-json\/wp\/v2\/pages\/18705\/revisions\/18713"}],"wp:attachment":[{"href":"https:\/\/blog.lesgrossesorchadeslesamplesthalameges.fr\/index.php\/wp-json\/wp\/v2\/media?parent=18705"}],"curies":[{"name":"wp","href":"https:\/\/api.w.org\/{rel}","templated":true}]}}