{"id":18715,"date":"2022-04-16T03:00:20","date_gmt":"2022-04-16T01:00:20","guid":{"rendered":"http:\/\/blog.lesgrossesorchadeslesamplesthalameges.fr\/?page_id=18715"},"modified":"2022-04-16T03:04:47","modified_gmt":"2022-04-16T01:04:47","slug":"donbass-le-port-de-marioupol-est-desormais-totalement-sous-controle-de-la-rpd-et-de-la-russie","status":"publish","type":"page","link":"https:\/\/blog.lesgrossesorchadeslesamplesthalameges.fr\/index.php\/donbass-le-port-de-marioupol-est-desormais-totalement-sous-controle-de-la-rpd-et-de-la-russie\/","title":{"rendered":"Donbass : Le port de Marioupol est d\u00e9sormais totalement sous contr\u00f4le de la RPD et de la Russie"},"content":{"rendered":"<p><strong><em>\u00a0<\/em><\/strong><\/p>\n<p><span style=\"font-family: times new roman, times, serif; font-size: 14pt;\"><strong><em>\u00a0<\/em><\/strong><\/span><\/p>\n<p>&nbsp;<\/p>\n<p>&nbsp;<\/p>\n<p>&nbsp;<\/p>\n<p>&nbsp;<\/p>\n<p>&nbsp;<\/p>\n<p>&nbsp;<\/p>\n<p>&nbsp;<\/p>\n<p>&nbsp;<\/p>\n<p><span style=\"font-family: times new roman, times, serif; font-size: 18pt;\"><strong><em>Sur le terrain<\/em><\/strong><\/span><\/p>\n<p><span style=\"font-family: times new roman, times, serif; font-size: 14pt;\"><strong><em>Carnet de route de Donbass Insider, via AlManar Liban<\/em><\/strong><\/span><\/p>\n<p><span style=\"font-family: times new roman, times, serif; font-size: 14pt;\"><strong><em>\u00a0<\/em><\/strong><\/span><\/p>\n<p><span style=\"font-family: times new roman, times, serif; font-size: 14pt;\"><strong><em>\u00a0<\/em><\/strong><\/span><\/p>\n<p style=\"text-align: center;\"><strong><span style=\"font-family: times new roman, times, serif; font-size: 36pt;\">Donbass : Le port de Marioupol est d\u00e9sormais totalement sous contr\u00f4le de la RPD et de la Russie<\/span><\/strong><\/p>\n<p style=\"text-align: center;\"><span style=\"font-family: times new roman, times, serif; font-size: 14pt;\"><strong><em>\u00a0<\/em><\/strong><\/span><\/p>\n<p>&nbsp;<\/p>\n<p style=\"text-align: center;\"><span style=\"font-family: times new roman, times, serif; font-size: 18pt;\"><strong>Christelle N\u00e9ant<em> \u2013 Donbass INSIDER\u00a0 via<\/em><\/strong><\/span><\/p>\n<p>&nbsp;<\/p>\n<p style=\"text-align: center;\"><span style=\"font-family: times new roman, times, serif; font-size: 18pt;\"><strong><em>Al Manar Liban<\/em><\/strong><strong> \u2013 12.4.2022<\/strong><\/span><\/p>\n<p><span style=\"font-family: times new roman, times, serif; font-size: 18pt;\"><strong>\u00a0<\/strong><\/span><\/p>\n<h4><span style=\"font-family: times new roman, times, serif; font-size: 14pt;\">Fil d&rsquo;Infos<\/span><\/h4>\n<ul>\n<li><span style=\"font-family: times new roman, times, serif; font-size: 14pt;\"><a href=\"https:\/\/french.almanar.com.lb\/2307472\">La Russie va intensifier les frappes sur Kiev en r\u00e9plique aux attaques en territoire\u00a0 russe. Une trentaine de \u00ab\u00a0mercenaires polonais\u00a0\u00bb tu\u00e9s<\/a><\/span><\/li>\n<li><span style=\"font-family: times new roman, times, serif; font-size: 14pt;\"><a href=\"https:\/\/french.almanar.com.lb\/2307087\">Les r\u00e9serves d\u2019or et de devises de la Russie augmentent malgr\u00e9 les sanctions<\/a><\/span><\/li>\n<li><span style=\"font-family: times new roman, times, serif; font-size: 14pt;\"><a href=\"https:\/\/french.almanar.com.lb\/2307010\">Poutine veut r\u00e9orienter les exportations \u00e9nerg\u00e9tiques russes de l\u2019Europe vers l\u2019Asie<\/a><\/span><\/li>\n<\/ul>\n<p><span style=\"font-family: times new roman, times, serif; font-size: 14pt;\"><strong>\u00a0<\/strong><\/span><\/p>\n<p>&nbsp;<\/p>\n<p>&nbsp;<\/p>\n<p style=\"text-align: center;\"><a href=\"http:\/\/blog.lesgrossesorchadeslesamplesthalameges.fr\/index.php\/donbass-le-port-de-marioupol-est-desormais-totalement-sous-controle-de-la-rpd-et-de-la-russie\/11-port-de-marioupol-2\/\" rel=\"attachment wp-att-18718\"><img loading=\"lazy\" class=\"alignnone wp-image-18718\" src=\"http:\/\/blog.lesgrossesorchadeslesamplesthalameges.fr\/wp-content\/uploads\/2022\/04\/11.-Port-de-Marioupol-1-300x175.png\" alt=\"\" width=\"600\" height=\"350\" srcset=\"https:\/\/blog.lesgrossesorchadeslesamplesthalameges.fr\/wp-content\/uploads\/2022\/04\/11.-Port-de-Marioupol-1-300x175.png 300w, https:\/\/blog.lesgrossesorchadeslesamplesthalameges.fr\/wp-content\/uploads\/2022\/04\/11.-Port-de-Marioupol-1.png 750w\" sizes=\"(max-width: 600px) 100vw, 600px\" \/><\/a><\/p>\n<p>&nbsp;<\/p>\n<p>&nbsp;<\/p>\n<p>&nbsp;<\/p>\n<p style=\"text-align: justify;\"><span style=\"font-family: times new roman, times, serif; font-size: 14pt;\">Le 11 avril 2022, la totalit\u00e9 du port de Marioupol est pass\u00e9e sous contr\u00f4le de la RPD (R\u00e9publique Populaire de Donetsk) et de la Russie. Dans le m\u00eame temps, des groupes d\u2019assaut des forces arm\u00e9es russes et de la RPD ont suivi un entra\u00eenement sp\u00e9cial pour \u00e9liminer les forces arm\u00e9es ukrainiennes encore retranch\u00e9es dans l\u2019usine Azovstal.<\/span><\/p>\n<p>&nbsp;<\/p>\n<p style=\"text-align: justify;\"><span style=\"font-family: times new roman, times, serif; font-size: 14pt;\">Le 2 avril 2022, nous sommes retourn\u00e9s \u00e0 Marioupol, apporter de l\u2019aide humanitaire aux civils que nous avions trouv\u00e9s dans le district est de la ville. Nous avons ensuite pris la direction de la mer, pour rencontrer les soldats tch\u00e9tch\u00e8nes qui affrontent les soldats ukrainiens pr\u00e8s de l\u2019usine d\u2019Azovstal et du port de Marioupol.<\/span><\/p>\n<p>&nbsp;<\/p>\n<p style=\"text-align: justify;\"><span style=\"font-family: times new roman, times, serif; font-size: 14pt;\">Ces derniers nous ont expliqu\u00e9 comment les soldats ukrainiens se cachent parfois litt\u00e9ralement derri\u00e8re des civils pour tirer sur les forces arm\u00e9es russes et celles de la RPD, ce qui ralentit consid\u00e9rablement leur progression.<\/span><\/p>\n<p>&nbsp;<\/p>\n<p style=\"text-align: justify;\"><span style=\"font-family: times new roman, times, serif; font-size: 14pt;\">Ils nous ont aussi racont\u00e9 comment, une fois accul\u00e9s, tant les soldats ukrainiens ordinaires que les n\u00e9o-nazis du r\u00e9giment Azov, tentent de fuir en se d\u00e9guisant en civils. Une technique peu efficace, surtout pour les femmes snipers, qui se font d\u00e9masquer \u00e0 cause des traces que laisse sur elles leur lunette de vis\u00e9e ! Ils confirment aussi que des \u00e9trangers combattent du c\u00f4t\u00e9 ukrainien, puisqu\u2019ils ont affront\u00e9 et retrouv\u00e9 les corps de plusieurs combattants noirs, que les soldats ukrainiens envoient se faire tuer en premier pour rep\u00e9rer les soldats tch\u00e9tch\u00e8nes !<\/span><\/p>\n<p>&nbsp;<\/p>\n<p>&nbsp;<\/p>\n<p>&nbsp;<\/p>\n<p style=\"text-align: center;\"><span style=\"font-family: times new roman, times, serif; font-size: 14pt;\"><iframe loading=\"lazy\" title=\"YouTube video player\" src=\"\/\/www.youtube.com\/embed\/ANGI0rGez_k\" width=\"560\" height=\"315\" frameborder=\"0\" allowfullscreen=\"allowfullscreen\"><\/iframe><\/span><\/p>\n<p>&nbsp;<\/p>\n<p>&nbsp;<\/p>\n<p>&nbsp;<\/p>\n<p style=\"text-align: justify;\"><span style=\"font-family: times new roman, times, serif; font-size: 14pt;\">Les soldats tch\u00e9tch\u00e8nes expliquent aussi l\u2019aide qu\u2019ils apportent aux habitants de Marioupol, qui manquent de tout, et surtout d\u2019eau. Ils nous racontent aussi dans quelles conditions terribles les civils \u00e9taient retenus dans la ville par les soldats ukrainiens. Des habitants qui continuent d\u2019\u00e9vacuer la ville avec l\u2019aide des soldats russes et de ceux de la RPD. Actuellement plus de 135.000 habitants de Marioupol ont d\u00e9j\u00e0 pu \u00e9vacuer la ville.<\/span><\/p>\n<p>&nbsp;<\/p>\n<p style=\"text-align: justify;\"><span style=\"font-family: times new roman, times, serif; font-size: 14pt;\">Les t\u00e9moignages des soldats tch\u00e9tch\u00e8nes confirment ceux des civils que nous avions interrog\u00e9s dans la partie ouest de Marioupol, le 31 mars 2022.<\/span><\/p>\n<p>&nbsp;<\/p>\n<p>&nbsp;<\/p>\n<p>&nbsp;<\/p>\n<p style=\"text-align: center;\"><iframe loading=\"lazy\" title=\"YouTube video player\" src=\"\/\/www.youtube.com\/embed\/aBiivCdt-MY\" width=\"560\" height=\"315\" frameborder=\"0\" allowfullscreen=\"allowfullscreen\"><\/iframe><\/p>\n<p>&nbsp;<\/p>\n<p>&nbsp;<\/p>\n<p>&nbsp;<\/p>\n<p style=\"text-align: justify;\"><span style=\"font-family: times new roman, times, serif; font-size: 14pt;\">Plusieurs habitants de Marioupol nous ont confirm\u00e9 que les soldats ukrainiens s\u2019installaient dans les appartements pour tirer, qu\u2019ils n\u2019ont apport\u00e9 aucune aide aux civils, et qu\u2019ils ont m\u00eame laiss\u00e9 mourir un homme, bless\u00e9 apr\u00e8s un bombardement, en faisant prisonniers ses voisins qui cherchaient une ambulance pour l\u2019emmener \u00e0 l\u2019h\u00f4pital apr\u00e8s le couvre-feu. Un des habitants nous a m\u00eame d\u00e9clar\u00e9 que les soldats ukrainiens avaient pris un enfant pour se couvrir lors de leur retraite de la gare routi\u00e8re AC2.<\/span><\/p>\n<p>&nbsp;<\/p>\n<p style=\"text-align: justify;\"><span style=\"font-family: times new roman, times, serif; font-size: 14pt;\">Nous avons aussi pu visiter une \u00e9cole, que les soldats ukrainiens avaient transform\u00e9e en quartier g\u00e9n\u00e9ral, faisant de ce b\u00e2timent une cible militaire.<\/span><\/p>\n<p>&nbsp;<\/p>\n<p style=\"text-align: justify;\"><span style=\"font-family: times new roman, times, serif; font-size: 14pt;\">Les soldats tch\u00e9tch\u00e8nes nous ont aussi expliqu\u00e9 que le comportement des soldats ukrainiens qu\u2019ils capturent laisse supposer qu\u2019ils consomment de la drogue, car ces derniers sont comme des zombies, indiff\u00e9rents \u00e0 tout, m\u00eame \u00e0 la douleur.<\/span><\/p>\n<p>&nbsp;<\/p>\n<p style=\"text-align: justify;\"><span style=\"font-family: times new roman, times, serif; font-size: 14pt;\">L\u2019incroyable discipline des soldats tch\u00e9tch\u00e8nes qui appliquent \u00e0 la lettre les ordres de leurs sup\u00e9rieurs (avancer tout en prot\u00e9geant au maximum les civils), malgr\u00e9 les risques que cela leur fait courir, montre clairement que les histoires de croquemitaine russe invent\u00e9s par la propagande ukrainienne (comme l\u2019histoire du massacre de Boutcha) ne tiennent pas la route.<\/span><\/p>\n<p>&nbsp;<\/p>\n<p style=\"text-align: justify;\"><span style=\"font-family: times new roman, times, serif; font-size: 14pt;\">En attendant, le fait de se cacher derri\u00e8re les habitants, mais aussi derri\u00e8re les \u00e9quipages des bateaux coinc\u00e9s dans le port de Marioupol n\u2019a pas sauv\u00e9 les soldats ukrainiens. Le port est d\u00e9sormais totalement sous contr\u00f4le de la RPD, et l\u2019assaut contre Azovstal est pr\u00eat. L\u2019exp\u00e9rience acquise lors des assaut contre l\u2019usine m\u00e9tallurgique Ilitch a montr\u00e9 que l\u2019utilisation des lance-flammes \u00e9tait efficace dans les souterrains, ils seront donc r\u00e9utilis\u00e9s par les forces arm\u00e9es russes et celles de la RPD lors de l\u2019attaque contre la derni\u00e8re poche de soldats ukrainiens \u00e0 Marioupol.<\/span><\/p>\n<p>&nbsp;<\/p>\n<p style=\"text-align: justify;\"><span style=\"font-family: times new roman, times, serif; font-size: 14pt;\">Devant l\u2019in\u00e9vitable, de nombreux soldats ukrainiens de la 36e brigade de marine des Forces Arm\u00e9es Ukrainiennes se rendent aux forces arm\u00e9es russes et \u00e0 celles de la RPD \u00e0 Marioupol. Apr\u00e8s un groupe de plus de 250 soldats, puis un deuxi\u00e8me groupe de 160 soldats, un troisi\u00e8me groupe d\u2019une centaine de soldats ukrainiens vient de se rendre.<\/span><\/p>\n<p>&nbsp;<\/p>\n<p style=\"text-align: justify;\"><span style=\"font-family: times new roman, times, serif; font-size: 14pt;\">L\u2019\u00e9quipage d\u2019un des navires pris en otage par les soldats du r\u00e9giment n\u00e9o-nazi ukrainien Azov (le navire \u00ab Azov Concorda \u00bb), a expliqu\u00e9 comment ces derniers sont mont\u00e9s \u00e0 bord le 24 mars, mena\u00e7ant l\u2019\u00e9quipage avec leurs armes, avant de voler leur t\u00e9l\u00e9phones, ordinateurs, biens personnels et leur argent. Les soldats du r\u00e9giment Azov ont ensuite d\u00e9truit l\u2019\u00e9quipement radio et les instruments de navigation du bateau, vol\u00e9 la nourriture qui \u00e9tait \u00e0 bord et menac\u00e9 les marins de repr\u00e9sailles s\u2019ils tentaient quoi que ce soit.<\/span><\/p>\n<p>&nbsp;<\/p>\n<p style=\"text-align: justify;\"><span style=\"font-family: times new roman, times, serif; font-size: 14pt;\">Le lendemain de la prise de contr\u00f4le de cette partie du port, les soldats de la RPD sont mont\u00e9s \u00e0 bord et le surlendemain ils leur ont apport\u00e9 de l\u2019aide humanitaire, et leur ont permis d\u2019appeler leurs proches en mettant \u00e0 dispositions leurs propres t\u00e9l\u00e9phones (chose que beaucoup de journalistes font aussi pour rassurer les proches de civils bloqu\u00e9s \u00e0 Marioupol).<\/span><\/p>\n<p>&nbsp;<\/p>\n<p style=\"text-align: justify;\"><span style=\"font-family: times new roman, times, serif; font-size: 14pt;\">La bataille de Marioupol touche \u00e0 sa fin, et la bataille de Kramatorsk et Slaviansk va bient\u00f4t commencer. Les nouvelles autorit\u00e9s municipales, d\u00e9j\u00e0 d\u00e9sign\u00e9es, vont pouvoir commencer l\u2019\u00e9valuation des d\u00e9g\u00e2ts et d\u00e9terminer quels b\u00e2timents peuvent \u00eatre r\u00e9par\u00e9s, et lesquels devront \u00eatre d\u00e9molis et totalement reconstruits, afin de lancer le plus rapidement possible la reconstruction de Marioupol.<\/span><\/p>\n<p>&nbsp;<\/p>\n<p><span style=\"font-family: times new roman, times, serif; font-size: 14pt;\"><strong>Source<\/strong> : Donbass Insider via <a href=\"https:\/\/french.almanar.com.lb\/2303974\">https:\/\/french.almanar.com.lb\/2303974<\/a><\/span><\/p>\n<p><span style=\"font-family: times new roman, times, serif; font-size: 14pt;\"><strong>\u00a0<\/strong><\/span><\/p>\n<p style=\"text-align: left;\"><span style=\"font-family: times new roman, times, serif; font-size: 14pt;\"><strong>URL de cet article : <\/strong><a href=\"http:\/\/blog.lesgrossesorchadeslesamplesthalameges.fr\/index.php\/donbass-le-port-de-marioupol-est-desormais-totalement-sous-controle-de-la-rpd-et-de-la-russie\/\">http:\/\/blog.lesgrossesorchadeslesamplesthalameges.fr\/index.php\/donbass-le-port-de-marioupol-est-desormais-totalement-sous-controle-de-la-rpd-et-de-la-russie\/<\/a><strong><br \/>\n<\/strong><\/span><\/p>\n<p>&nbsp;<\/p>\n<p>&nbsp;<\/p>\n<p style=\"text-align: center;\"><a href=\"http:\/\/blog.lesgrossesorchadeslesamplesthalameges.fr\/index.php\/2022\/04\/15\/petites-histoires-du-nazisme\/000-donbass-militia-flag-petit-7\/\" rel=\"attachment wp-att-18635\"><img loading=\"lazy\" class=\"alignnone wp-image-18635\" src=\"http:\/\/blog.lesgrossesorchadeslesamplesthalameges.fr\/wp-content\/uploads\/2022\/04\/000.-DONBASS-MILITIA-FLAG-PETIT-4.gif\" alt=\"\" width=\"100\" height=\"72\" \/><\/a><\/p>\n<p>&nbsp;<\/p>\n<p style=\"text-align: right;\"><span style=\"font-family: comic sans ms, sans-serif; font-size: 14pt;\">Avril 2022<\/span><\/p>\n<p>&nbsp;<\/p>\n<p>&nbsp;<\/p>\n","protected":false},"excerpt":{"rendered":"<p>\u00a0 \u00a0 &nbsp; &nbsp; &nbsp; &nbsp; &nbsp; &nbsp; &nbsp; &nbsp; Sur le terrain Carnet de route de Donbass Insider, via AlManar Liban \u00a0 \u00a0 Donbass : Le port de Marioupol est d\u00e9sormais totalement sous contr\u00f4le de la RPD et de la Russie \u00a0 &nbsp; Christelle N\u00e9ant \u2013 Donbass INSIDER\u00a0 via &nbsp; Al Manar Liban \u2013&#8230;<\/p>\n","protected":false},"author":1,"featured_media":0,"parent":0,"menu_order":0,"comment_status":"open","ping_status":"open","template":"","meta":[],"_links":{"self":[{"href":"https:\/\/blog.lesgrossesorchadeslesamplesthalameges.fr\/index.php\/wp-json\/wp\/v2\/pages\/18715"}],"collection":[{"href":"https:\/\/blog.lesgrossesorchadeslesamplesthalameges.fr\/index.php\/wp-json\/wp\/v2\/pages"}],"about":[{"href":"https:\/\/blog.lesgrossesorchadeslesamplesthalameges.fr\/index.php\/wp-json\/wp\/v2\/types\/page"}],"author":[{"embeddable":true,"href":"https:\/\/blog.lesgrossesorchadeslesamplesthalameges.fr\/index.php\/wp-json\/wp\/v2\/users\/1"}],"replies":[{"embeddable":true,"href":"https:\/\/blog.lesgrossesorchadeslesamplesthalameges.fr\/index.php\/wp-json\/wp\/v2\/comments?post=18715"}],"version-history":[{"count":8,"href":"https:\/\/blog.lesgrossesorchadeslesamplesthalameges.fr\/index.php\/wp-json\/wp\/v2\/pages\/18715\/revisions"}],"predecessor-version":[{"id":18724,"href":"https:\/\/blog.lesgrossesorchadeslesamplesthalameges.fr\/index.php\/wp-json\/wp\/v2\/pages\/18715\/revisions\/18724"}],"wp:attachment":[{"href":"https:\/\/blog.lesgrossesorchadeslesamplesthalameges.fr\/index.php\/wp-json\/wp\/v2\/media?parent=18715"}],"curies":[{"name":"wp","href":"https:\/\/api.w.org\/{rel}","templated":true}]}}