{"id":18863,"date":"2022-05-21T22:00:38","date_gmt":"2022-05-21T20:00:38","guid":{"rendered":"http:\/\/blog.lesgrossesorchadeslesamplesthalameges.fr\/?page_id=18863"},"modified":"2022-05-21T22:00:38","modified_gmt":"2022-05-21T20:00:38","slug":"armes-et-milliards-pour-la-guerre","status":"publish","type":"page","link":"https:\/\/blog.lesgrossesorchadeslesamplesthalameges.fr\/index.php\/armes-et-milliards-pour-la-guerre\/","title":{"rendered":"Armes et milliards pour la guerre"},"content":{"rendered":"<p><strong>\u00a0<\/strong><\/p>\n<p>&nbsp;<\/p>\n<p>&nbsp;<\/p>\n<p>&nbsp;<\/p>\n<p>&nbsp;<\/p>\n<p>&nbsp;<\/p>\n<p>&nbsp;<\/p>\n<p>&nbsp;<\/p>\n<p style=\"text-align: center;\"><a href=\"http:\/\/blog.lesgrossesorchadeslesamplesthalameges.fr\/index.php\/2022\/05\/21\/suite-des-commemorations-et-autres-niouzes-de-guerre\/000-lart-de-la-guerre-7\/\" rel=\"attachment wp-att-18831\"><img loading=\"lazy\" class=\"alignnone wp-image-18831 size-full\" src=\"http:\/\/blog.lesgrossesorchadeslesamplesthalameges.fr\/wp-content\/uploads\/2022\/05\/000.-LART-DE-LA-GUERRE.jpg\" alt=\"\" width=\"750\" height=\"162\" srcset=\"https:\/\/blog.lesgrossesorchadeslesamplesthalameges.fr\/wp-content\/uploads\/2022\/05\/000.-LART-DE-LA-GUERRE.jpg 750w, https:\/\/blog.lesgrossesorchadeslesamplesthalameges.fr\/wp-content\/uploads\/2022\/05\/000.-LART-DE-LA-GUERRE-300x65.jpg 300w\" sizes=\"(max-width: 750px) 100vw, 750px\" \/><\/a><\/p>\n<p>&nbsp;<\/p>\n<p>&nbsp;<\/p>\n<p style=\"text-align: center;\"><span style=\"font-family: 'times new roman', times, serif; font-size: 36pt;\"><strong>Armes et milliards pour la guerre<\/strong><\/span><\/p>\n<p style=\"text-align: center;\"><span style=\"font-family: 'times new roman', times, serif; font-size: 36pt;\"><strong>\u00a0<\/strong><\/span><\/p>\n<p style=\"text-align: center;\"><span style=\"font-family: 'times new roman', times, serif; font-size: 18pt;\"><strong>Manlio Dinucci \u2013\u00a0 <em>Byoblu <\/em>\u2013 13.5.2022<\/strong><\/span><\/p>\n<p>&nbsp;<\/p>\n<p style=\"text-align: center;\"><span style=\"font-family: 'times new roman', times, serif; font-size: 18pt;\">Traduction\u00a0:<strong> Marie-Ange Patrizio<\/strong><\/span><\/p>\n<p>&nbsp;<\/p>\n<p>&nbsp;<\/p>\n<p>&nbsp;<\/p>\n<p style=\"text-align: justify;\"><span style=\"font-family: 'times new roman', times, serif; font-size: 14pt;\">Le pr\u00e9sident Biden, recevant le Premier ministre Draghi \u00e0 la Maison Blanche, a d\u00e9clar\u00e9 : \u00ab\u00a0La chose que j\u2019appr\u00e9cie le plus chez vous est l\u2019effort, d\u00e8s le d\u00e9but, pour amener l\u2019OTAN et l\u2019UE en syntonie dans l\u2019aide \u00e0 l\u2019Ukraine\u00a0\u00bb. Compliments m\u00e9rit\u00e9s : alors que le Congr\u00e8s des USA approuve l\u2019allocation de 40 nouveaux milliards de dollars pour armer les forces de Kiev dans la guerre contre la Russie, qui s\u2019ajoutent aux 14 d\u00e9j\u00e0 attribu\u00e9s en mars, Draghi s\u2019est employ\u00e9 \u00e0 ouvrir en Europe un canal analogue de financement de la guerre \u00e0 travers un \u00ab\u00a0Fonds fiduciaire de solidarit\u00e9 de l\u2019Union europ\u00e9enne pour l\u2019Ukraine\u00a0\u00bb et un \u00ab\u00a0paquet r\u00e9silience\u00a0\u00bb d\u2019une valeur initiale de 2 milliards fourni \u00e0 Kiev par la Banque Europ\u00e9enne pour la Reconstruction et le D\u00e9veloppement.<\/span><\/p>\n<p>&nbsp;<\/p>\n<p style=\"text-align: justify;\"><span style=\"font-family: 'times new roman', times, serif; font-size: 14pt;\">En m\u00eame temps Mario Draghi et les autres leaders du G7 (dont font partie l\u2019Italie avec les \u00c9tats-Unis, le Canada, la Grande-Bretagne, la France, l\u2019Allemagne et le Japon) ont allou\u00e9 24 milliards de dollars pour soutenir l\u2019Ukraine dans la guerre contre la Russie. Important est aussi le r\u00f4le de Draghi dans les financements \u00e0 Kiev d\u00e9cid\u00e9s par la Banque Mondiale et par le Fonds Mon\u00e9taire International, se montant initialement \u00e0 environ 5 milliards de dollars.<\/span><\/p>\n<p>&nbsp;<\/p>\n<p style=\"text-align: justify;\"><span style=\"font-family: 'times new roman', times, serif; font-size: 14pt;\">Gr\u00e2ce \u00e0 ces financements, dans les mois pr\u00e9c\u00e9dant et suivant la guerre, les \u00c9tats-Unis et leurs alli\u00e9s ont fourni aux forces de Kiev 85.000 missiles, plus de 50 millions de munitions de tous calibres y compris pour obusiers de longue port\u00e9e, drones et autres syst\u00e8mes avanc\u00e9s d\u2019armes. Les forces de Kiev, notamment celles du r\u00e9giment Azov et autres formations n\u00e9o-nazies, sont non seulement arm\u00e9es mais dirig\u00e9es par l\u2019OTAN.<\/span><\/p>\n<p>&nbsp;<\/p>\n<p style=\"text-align: justify;\"><span style=\"font-family: 'times new roman', times, serif; font-size: 14pt;\">La colossale d\u00e9pense pour la guerre contre la Russie, destin\u00e9e \u00e0 augmenter et devenir permanente, se trouve pay\u00e9e par les citoyens italiens et europ\u00e9ens, \u00e0 travers les coupes dans les d\u00e9penses sociales. S\u2019ajoute \u00e0 celles-ci la d\u00e9pense croissante d\u00e9rivant de la Directive UE d\u2019accueillir et garder tous les Ukrainiens qui arrivent \u2013 sans besoin de visa (<em>ni pass sanitaire ? ndt<\/em>) \u2013 en Italie et dans d\u2019autres pays europ\u00e9ens.<\/span><\/p>\n<p>&nbsp;<\/p>\n<p><span style=\"font-family: 'times new roman', times, serif; font-size: 14pt;\">Bref r\u00e9sum\u00e9 de la revue de presse internationale<\/span><\/p>\n<p><span style=\"font-family: 'times new roman', times, serif; font-size: 14pt;\"><strong><em>GRANDANGOLO-PANGEA <\/em><\/strong>(25\u2019) du 13 mai 2022 (47<sup>\u00e8me <\/sup>\u00e9pisode),<\/span><\/p>\n<p><span style=\"font-family: 'times new roman', times, serif; font-size: 14pt;\">cha\u00eene <strong>Byoblu, <\/strong>disponible en version originale sur :<\/span><\/p>\n<p><span style=\"font-family: 'times new roman', times, serif; font-size: 14pt;\"><a href=\"https:\/\/www.byoblu.com\/2022\/05\/13\/grandangolo-pangea-la-rassegna-stampa-internazionale-di-byoblu-47-puntata\/\">https:\/\/www.byoblu.com\/2022\/05\/13\/grandangolo-pangea-la-rassegna-stampa-internazionale-di-byoblu-47-puntata\/<\/a><\/span><\/p>\n<p>&nbsp;<\/p>\n<p>&nbsp;<\/p>\n<p style=\"text-align: left;\">URL de cet article : <a href=\"http:\/\/blog.lesgrossesorchadeslesamplesthalameges.fr\/?page_id=18863&amp;preview=true\">Armes et milliards pour la guerre \u2013 Les Grosses Orchades, les Amples Thalam\u00e8ges, le blog (lesgrossesorchadeslesamplesthalameges.fr)<\/a><\/p>\n<p>&nbsp;<\/p>\n<p>&nbsp;<\/p>\n<p style=\"text-align: center;\"><a href=\"http:\/\/blog.lesgrossesorchadeslesamplesthalameges.fr\/index.php\/2022\/05\/21\/suite-des-commemorations-et-autres-niouzes-de-guerre\/000-lettre-z-saint-georges-gif\/\" rel=\"attachment wp-att-18821\"><img loading=\"lazy\" class=\"alignnone wp-image-18821\" src=\"http:\/\/blog.lesgrossesorchadeslesamplesthalameges.fr\/wp-content\/uploads\/2022\/05\/000.-Lettre-Z-Saint-georges-GIF.gif\" alt=\"\" width=\"75\" height=\"55\" \/><\/a><\/p>\n<p>&nbsp;<\/p>\n<p style=\"text-align: right;\"><span style=\"font-size: 14pt; font-family: 'comic sans ms', sans-serif;\">Mai 2022<\/span><\/p>\n<p>&nbsp;<\/p>\n<p>&nbsp;<\/p>\n","protected":false},"excerpt":{"rendered":"<p>\u00a0 &nbsp; &nbsp; &nbsp; &nbsp; &nbsp; &nbsp; &nbsp; &nbsp; &nbsp; Armes et milliards pour la guerre \u00a0 Manlio Dinucci \u2013\u00a0 Byoblu \u2013 13.5.2022 &nbsp; Traduction\u00a0: Marie-Ange Patrizio &nbsp; &nbsp; &nbsp; Le pr\u00e9sident Biden, recevant le Premier ministre Draghi \u00e0 la Maison Blanche, a d\u00e9clar\u00e9 : \u00ab\u00a0La chose que j\u2019appr\u00e9cie le plus chez vous est l\u2019effort,&#8230;<\/p>\n","protected":false},"author":1,"featured_media":0,"parent":0,"menu_order":0,"comment_status":"open","ping_status":"open","template":"","meta":[],"_links":{"self":[{"href":"https:\/\/blog.lesgrossesorchadeslesamplesthalameges.fr\/index.php\/wp-json\/wp\/v2\/pages\/18863"}],"collection":[{"href":"https:\/\/blog.lesgrossesorchadeslesamplesthalameges.fr\/index.php\/wp-json\/wp\/v2\/pages"}],"about":[{"href":"https:\/\/blog.lesgrossesorchadeslesamplesthalameges.fr\/index.php\/wp-json\/wp\/v2\/types\/page"}],"author":[{"embeddable":true,"href":"https:\/\/blog.lesgrossesorchadeslesamplesthalameges.fr\/index.php\/wp-json\/wp\/v2\/users\/1"}],"replies":[{"embeddable":true,"href":"https:\/\/blog.lesgrossesorchadeslesamplesthalameges.fr\/index.php\/wp-json\/wp\/v2\/comments?post=18863"}],"version-history":[{"count":5,"href":"https:\/\/blog.lesgrossesorchadeslesamplesthalameges.fr\/index.php\/wp-json\/wp\/v2\/pages\/18863\/revisions"}],"predecessor-version":[{"id":18868,"href":"https:\/\/blog.lesgrossesorchadeslesamplesthalameges.fr\/index.php\/wp-json\/wp\/v2\/pages\/18863\/revisions\/18868"}],"wp:attachment":[{"href":"https:\/\/blog.lesgrossesorchadeslesamplesthalameges.fr\/index.php\/wp-json\/wp\/v2\/media?parent=18863"}],"curies":[{"name":"wp","href":"https:\/\/api.w.org\/{rel}","templated":true}]}}