{"id":18926,"date":"2022-05-29T18:18:56","date_gmt":"2022-05-29T16:18:56","guid":{"rendered":"http:\/\/blog.lesgrossesorchadeslesamplesthalameges.fr\/?page_id=18926"},"modified":"2022-05-29T18:19:42","modified_gmt":"2022-05-29T16:19:42","slug":"les-satellites-delon-musk-pour-la-guerre-en-ukraine","status":"publish","type":"page","link":"https:\/\/blog.lesgrossesorchadeslesamplesthalameges.fr\/index.php\/les-satellites-delon-musk-pour-la-guerre-en-ukraine\/","title":{"rendered":"Les satellites d&rsquo;Elon Musk pour la guerre en Ukraine"},"content":{"rendered":"<p>&nbsp;<\/p>\n<p>&nbsp;<\/p>\n<p>&nbsp;<\/p>\n<p>&nbsp;<\/p>\n<p>&nbsp;<\/p>\n<p>&nbsp;<\/p>\n<p>&nbsp;<\/p>\n<p>&nbsp;<\/p>\n<p style=\"text-align: center;\"><span style=\"font-family: 'times new roman', times, serif; font-size: 36pt;\"><strong>Les satellites d\u2019Elon Musk pour la guerre en Ukraine<\/strong><\/span><\/p>\n<p>&nbsp;<\/p>\n<p style=\"text-align: center;\"><span style=\"font-family: 'times new roman', times, serif; font-size: 14pt;\"><strong>\u00a0<\/strong><\/span><\/p>\n<p style=\"text-align: center;\"><span style=\"font-family: 'times new roman', times, serif; font-size: 18pt;\"><strong>Manlio Dinucci \u2013 Byoblu \u2013 28.5.2022<\/strong><\/span><\/p>\n<p>&nbsp;<\/p>\n<p>&nbsp;<\/p>\n<p>&nbsp;<\/p>\n<p style=\"text-align: center;\"><a href=\"http:\/\/blog.lesgrossesorchadeslesamplesthalameges.fr\/index.php\/2022\/05\/29\/ah-que-la-guerre-est-jolie-2\/14-la-toile-daraignee-musk\/\" rel=\"attachment wp-att-18901\"><img loading=\"lazy\" class=\"alignnone wp-image-18901\" src=\"http:\/\/blog.lesgrossesorchadeslesamplesthalameges.fr\/wp-content\/uploads\/2022\/05\/14.-La-toile-daraignee-Musk-300x180.png\" alt=\"\" width=\"750\" height=\"450\" srcset=\"https:\/\/blog.lesgrossesorchadeslesamplesthalameges.fr\/wp-content\/uploads\/2022\/05\/14.-La-toile-daraignee-Musk-300x180.png 300w, https:\/\/blog.lesgrossesorchadeslesamplesthalameges.fr\/wp-content\/uploads\/2022\/05\/14.-La-toile-daraignee-Musk.png 600w\" sizes=\"(max-width: 750px) 100vw, 750px\" \/><\/a><\/p>\n<p style=\"text-align: justify;\"><span style=\"font-family: 'times new roman', times, serif; font-size: 14pt;\"><strong>\u00a0<\/strong><\/span><\/p>\n<p>&nbsp;<\/p>\n<p style=\"text-align: justify;\"><span style=\"font-family: 'times new roman', times, serif; font-size: 14pt;\"><strong>\u00a0<\/strong><\/span><\/p>\n<p style=\"text-align: justify;\"><span style=\"font-family: 'times new roman', times, serif; font-size: 14pt;\">Elon Musk, l\u2019homme le plus riche du monde dont le patrimoine a quasiment d\u00e9cupl\u00e9 dans les deux ann\u00e9es de pand\u00e9mie, a offert 44 milliards de dollars pour acheter Twitter qui, d\u2019apr\u00e8s lui, deviendrait \u00ab\u00a0la plateforme pour la libert\u00e9 de parole dans le monde entier\u00a0\u00bb. Elon Musk est le propri\u00e9taire de SpaceX, soci\u00e9t\u00e9 a\u00e9rospatiale dont le si\u00e8ge est en Californie.<\/span><\/p>\n<p>&nbsp;<\/p>\n<p style=\"text-align: justify;\"><span style=\"font-family: 'times new roman', times, serif; font-size: 14pt;\">SpaceX construit des fus\u00e9es et satellites pour r\u00e9aliser Starlink, syst\u00e8me Internet \u00e0 large spectre qui, une fois termin\u00e9, couvrira le monde entier. SpaceX qui jusqu\u2019\u00e0 pr\u00e9sent a mis en orbite 2.500 satellites avec des fus\u00e9es qui en transportent 50 \u00e0 la fois, a en programme de mettre 42.000 satellites Starlink en orbite basse, occupant 80% de cet espace.<\/span><\/p>\n<p>&nbsp;<\/p>\n<p style=\"text-align: justify;\"><span style=\"font-family: 'times new roman', times, serif; font-size: 14pt;\">Starlink, pr\u00e9sent\u00e9 comme syst\u00e8me satellitaire commercial, a des applications militaires fondamentales. Les satellites en orbite basse transmettent en effet les signaux \u00e0 une vitesse beaucoup plus grande que ceux mis en orbite g\u00e9osynchrone\u00a0autour de l\u2019\u00c9quateur. L\u2019arm\u00e9e et l\u2019a\u00e9ronautique \u00e9tasuniennes financent et testent Starlink pour en utiliser les capacit\u00e9s militaires. Par exemple, en mars dernier, l\u2019US Air Force a communiqu\u00e9 que les chasseurs F-35A \u00e0 double capacit\u00e9 conventionnelle et nucl\u00e9aire avaient effectu\u00e9 la transmission de donn\u00e9es en employant les satellites Starlink \u00e0 des vitesses 30 fois plus rapides que les connections traditionnelles.<\/span><\/p>\n<p>&nbsp;<\/p>\n<p style=\"text-align: justify;\"><span style=\"font-family: 'times new roman', times, serif; font-size: 14pt;\">Les satellites Starlink de SpaceX se trouvent utilis\u00e9s par l\u2019arm\u00e9e ukrainienne pour guider drones, projectiles d\u2019artillerie et missiles contre les positions russes. Le confirme le g\u00e9n\u00e9ral Dickinson, chef du Commandement Spatial USA, lequel a d\u00e9clar\u00e9 au S\u00e9nat que \u00ab\u00a0la soci\u00e9t\u00e9 Starlink d\u2019Elon Musk d\u00e9montre en Ukraine ce que peuvent faire les mega-constellations de satellites\u00a0\u00bb. SpaceX d\u2019Elon Musk fait partie du groupe des dix plus grands op\u00e9rateurs satellitaires commerciaux qui collaborent avec le Commandement spatial USA dans la base spatiale militaire de Vanderberg en Californie.<\/span><\/p>\n<p>&nbsp;<\/p>\n<p>&nbsp;<\/p>\n<p style=\"text-align: justify;\"><span style=\"font-family: 'times new roman', times, serif; font-size: 14pt;\">Bref r\u00e9sum\u00e9 du 49<sup>\u00e8me<\/sup> \u00e9pisode de l\u2019\u00e9mission <strong><em>Grandangolo<\/em><\/strong> de vendredi 28 mai 2022 \u00e0 20h30 :<\/span><\/p>\n<p style=\"text-align: justify;\"><span style=\"font-family: 'times new roman', times, serif; font-size: 14pt;\"><a href=\"https:\/\/www.byoblu.com\/2022\/05\/27\/grandangolo-pangea-la-rassegna-stampa-internazionale-di-byoblu-49-puntata\/\">https:\/\/www.byoblu.com\/2022\/05\/27\/grandangolo-pangea-la-rassegna-stampa-internazionale-di-byoblu-49-puntata\/<\/a>\u00a0<\/span><\/p>\n<p>&nbsp;<\/p>\n<p style=\"text-align: justify;\"><span style=\"font-family: 'times new roman', times, serif; font-size: 14pt;\">Re\u00e7u de l\u2019auteur et traduit de l\u2019italien par Marie-Ange Patrizio\u00a0<\/span><\/p>\n<p style=\"text-align: justify;\"><span style=\"font-family: 'times new roman', times, serif; font-size: 14pt;\">En cours de traduction :<\/span><\/p>\n<p style=\"text-align: justify;\"><span style=\"font-family: 'times new roman', times, serif; font-size: 14pt;\"><strong><em>La guerre. C\u2019est notre vie qui est en jeu<\/em><\/strong>, de Manlio Dinucci\u00a0<\/span><\/p>\n<p style=\"text-align: justify;\"><span style=\"font-family: 'times new roman', times, serif; font-size: 14pt;\">\u00e9dit\u00e9 par Byoblu mai 2022\u00a0<\/span><\/p>\n<p style=\"text-align: justify;\"><span style=\"font-family: 'times new roman', times, serif; font-size: 14pt;\"><a href=\"https:\/\/store.byoblu.com\/prodotto\/la-guerra-e-in-gioco-la-nostra-vita\/\">https:\/\/store.byoblu.com\/prodotto\/la-guerra-e-in-gioco-la-nostra-vita\/<\/a><\/span><\/p>\n<p>&nbsp;<\/p>\n<p><strong><span style=\"font-family: 'times new roman', times, serif; font-size: 14pt;\">URL de cet article : <\/span><\/strong><span style=\"font-family: 'times new roman', times, serif; font-size: 14pt;\"><a href=\"http:\/\/blog.lesgrossesorchadeslesamplesthalameges.fr\/index.php\/les-satellites-delon-musk-pour-la-guerre-en-ukraine\/\">Les satellites d\u2019Elon Musk pour la guerre en Ukraine \u2013 Les Grosses Orchades, les Amples Thalam\u00e8ges, le blog (lesgrossesorchadeslesamplesthalameges.fr)<\/a><\/span><\/p>\n<p>&nbsp;<\/p>\n<p>&nbsp;<\/p>\n<p style=\"text-align: center;\"><a href=\"http:\/\/blog.lesgrossesorchadeslesamplesthalameges.fr\/index.php\/le-kremlin-napprend-jamais\/000-donbass-militia-flag-petit-9\/\" rel=\"attachment wp-att-18915\"><img loading=\"lazy\" class=\"alignnone wp-image-18915\" src=\"http:\/\/blog.lesgrossesorchadeslesamplesthalameges.fr\/wp-content\/uploads\/2022\/05\/000.-DONBASS-MILITIA-FLAG-PETIT-1.gif\" alt=\"\" width=\"130\" height=\"93\" \/><\/a><\/p>\n<p>&nbsp;<\/p>\n<p>&nbsp;<\/p>\n<p style=\"text-align: right;\"><span style=\"font-family: 'comic sans ms', sans-serif; font-size: 14pt;\">Mai 2022<\/span><\/p>\n<p>&nbsp;<\/p>\n<p>&nbsp;<\/p>\n","protected":false},"excerpt":{"rendered":"<p>&nbsp; &nbsp; &nbsp; &nbsp; &nbsp; &nbsp; &nbsp; &nbsp; Les satellites d\u2019Elon Musk pour la guerre en Ukraine &nbsp; \u00a0 Manlio Dinucci \u2013 Byoblu \u2013 28.5.2022 &nbsp; &nbsp; &nbsp; \u00a0 &nbsp; \u00a0 Elon Musk, l\u2019homme le plus riche du monde dont le patrimoine a quasiment d\u00e9cupl\u00e9 dans les deux ann\u00e9es de pand\u00e9mie, a offert 44 milliards&#8230;<\/p>\n","protected":false},"author":1,"featured_media":0,"parent":0,"menu_order":0,"comment_status":"open","ping_status":"open","template":"","meta":[],"_links":{"self":[{"href":"https:\/\/blog.lesgrossesorchadeslesamplesthalameges.fr\/index.php\/wp-json\/wp\/v2\/pages\/18926"}],"collection":[{"href":"https:\/\/blog.lesgrossesorchadeslesamplesthalameges.fr\/index.php\/wp-json\/wp\/v2\/pages"}],"about":[{"href":"https:\/\/blog.lesgrossesorchadeslesamplesthalameges.fr\/index.php\/wp-json\/wp\/v2\/types\/page"}],"author":[{"embeddable":true,"href":"https:\/\/blog.lesgrossesorchadeslesamplesthalameges.fr\/index.php\/wp-json\/wp\/v2\/users\/1"}],"replies":[{"embeddable":true,"href":"https:\/\/blog.lesgrossesorchadeslesamplesthalameges.fr\/index.php\/wp-json\/wp\/v2\/comments?post=18926"}],"version-history":[{"count":5,"href":"https:\/\/blog.lesgrossesorchadeslesamplesthalameges.fr\/index.php\/wp-json\/wp\/v2\/pages\/18926\/revisions"}],"predecessor-version":[{"id":18931,"href":"https:\/\/blog.lesgrossesorchadeslesamplesthalameges.fr\/index.php\/wp-json\/wp\/v2\/pages\/18926\/revisions\/18931"}],"wp:attachment":[{"href":"https:\/\/blog.lesgrossesorchadeslesamplesthalameges.fr\/index.php\/wp-json\/wp\/v2\/media?parent=18926"}],"curies":[{"name":"wp","href":"https:\/\/api.w.org\/{rel}","templated":true}]}}