{"id":18934,"date":"2022-05-29T18:53:11","date_gmt":"2022-05-29T16:53:11","guid":{"rendered":"http:\/\/blog.lesgrossesorchadeslesamplesthalameges.fr\/?page_id=18934"},"modified":"2022-05-29T18:54:01","modified_gmt":"2022-05-29T16:54:01","slug":"un-medecin-russe-met-en-garde-contre-un-traite-totalitaire-sur-les-pandemies-et-affirme-que-bill-gates-est-un-tare","status":"publish","type":"page","link":"https:\/\/blog.lesgrossesorchadeslesamplesthalameges.fr\/index.php\/un-medecin-russe-met-en-garde-contre-un-traite-totalitaire-sur-les-pandemies-et-affirme-que-bill-gates-est-un-tare\/","title":{"rendered":"Un m\u00e9decin russe met en garde contre un \u00ab\u00a0trait\u00e9 totalitaire\u00a0\u00bb sur les pand\u00e9mies et affirme que Bill Gates est un tar\u00e9"},"content":{"rendered":"<p>&nbsp;<\/p>\n<p>&nbsp;<\/p>\n<p>&nbsp;<\/p>\n<p>&nbsp;<\/p>\n<p>&nbsp;<\/p>\n<p>&nbsp;<\/p>\n<p>&nbsp;<\/p>\n<p>&nbsp;<\/p>\n<p style=\"text-align: center;\"><span style=\"font-family: 'times new roman', times, serif; font-size: 36pt;\"><strong>Un m\u00e9decin russe met en garde contre un \u00ab trait\u00e9 totalitaire \u00bb sur les pand\u00e9mies et affirme que Bill Gates est un tar\u00e9<\/strong><\/span><\/p>\n<p style=\"text-align: justify;\"><span style=\"font-family: 'times new roman', times, serif;\"><strong>\u00a0<\/strong><\/span><\/p>\n<p>&nbsp;<\/p>\n<p style=\"text-align: center;\"><span style=\"font-family: 'times new roman', times, serif; font-size: 18pt;\"><strong>Edward Slavsquat \u2013 <em>Substack<\/em> \u2013\u00a0 19.5.2022<\/strong><\/span><\/p>\n<p>&nbsp;<\/p>\n<p>&nbsp;<\/p>\n<p style=\"text-align: center;\"><span style=\"font-family: 'times new roman', times, serif; font-size: 18pt;\"><strong>T<\/strong>raduction :<strong> c.l. <\/strong>pour<strong> <em>L.G.O.<\/em><\/strong><\/span><\/p>\n<p>&nbsp;<\/p>\n<p style=\"text-align: center;\"><span style=\"font-family: 'times new roman', times, serif; font-size: 18pt;\"><strong>\u00a0<\/strong><\/span><\/p>\n<p>&nbsp;<\/p>\n<p style=\"text-align: justify; padding-left: 280px;\"><span style=\"font-family: 'times new roman', times, serif; font-size: 18pt;\">\u00ab\u00a0Notre combat d\u2019aujourd\u2019hui, n\u2019est pas pour nous mais pour nos enfants et petits-enfants. Sous ces contr\u00f4les, leur sort sera pire que l\u2019esclavage.\u00a0\u00bb<\/span><\/p>\n<p style=\"text-align: center;\"><span style=\"font-family: 'times new roman', times, serif; font-size: 18pt;\"><strong>\u00a0<\/strong><\/span><\/p>\n<p>&nbsp;<\/p>\n<p style=\"text-align: center;\"><a href=\"http:\/\/blog.lesgrossesorchadeslesamplesthalameges.fr\/index.php\/2022\/05\/29\/ah-que-la-guerre-est-jolie-2\/17-dr-ivanov\/\" rel=\"attachment wp-att-18906\"><img loading=\"lazy\" class=\"alignnone wp-image-18906\" src=\"http:\/\/blog.lesgrossesorchadeslesamplesthalameges.fr\/wp-content\/uploads\/2022\/05\/17.-Dr.-Ivanov.png\" alt=\"\" width=\"600\" height=\"527\" srcset=\"https:\/\/blog.lesgrossesorchadeslesamplesthalameges.fr\/wp-content\/uploads\/2022\/05\/17.-Dr.-Ivanov.png 500w, https:\/\/blog.lesgrossesorchadeslesamplesthalameges.fr\/wp-content\/uploads\/2022\/05\/17.-Dr.-Ivanov-300x263.png 300w\" sizes=\"(max-width: 600px) 100vw, 600px\" \/><\/a><\/p>\n<p>&nbsp;<\/p>\n<p style=\"text-align: center;\"><span style=\"font-family: 'times new roman', times, serif;\"><strong><em>\u00ab Bill Gates pr\u00e9sente certaines anomalies mentales \u00bb \u2014 Dr. Denis Ivanov<\/em><\/strong><\/span><\/p>\n<p style=\"text-align: justify;\"><span style=\"font-family: 'times new roman', times, serif;\"><em>\u00a0<\/em><\/span><\/p>\n<p>&nbsp;<\/p>\n<p>&nbsp;<\/p>\n<p style=\"text-align: justify; padding-left: 80px;\"><span style=\"font-family: 'times new roman', times, serif;\"><strong><em>Les lecteurs de longue date de ce blog se souviennent certainement du Dr Denis Ivanov, m\u00e9decin et lanceur d\u2019alerte russe. Le Dr. Ivanov est membre de <\/em><\/strong><strong>Docteurs pour la V\u00e9rit\u00e9, <em>et il m\u00e8ne dans le pays une campagne inlassable contre la tyrannie virale.<\/em><\/strong><\/span><\/p>\n<p style=\"text-align: justify; padding-left: 80px;\"><span style=\"font-family: 'times new roman', times, serif;\"><strong><em>Votre humble correspondant \u00e0 Moscou a eu l&rsquo;honneur de <\/em><\/strong><a href=\"https:\/\/edwardslavsquat.substack.com\/p\/russians-say-nyet-to-the-great-reset?s=r\"><strong><em>rencontrer<\/em><\/strong><\/a><strong><em> et d&rsquo;<\/em><\/strong><a href=\"https:\/\/edwardslavsquat.substack.com\/p\/qr-codes-are-about-fascism-not-medicine?s=w\"><strong><em>interviewer<\/em><\/strong><\/a><strong><em> cet homme distingu\u00e9 en d\u00e9cembre dernier.<\/em><\/strong><\/span><\/p>\n<p style=\"text-align: justify; padding-left: 80px;\"><span style=\"font-family: 'times new roman', times, serif;\"><strong><em>Et voil\u00e0 que nous avons la chance de tomber sur une <\/em><\/strong><a href=\"https:\/\/bastyon.com\/index?s=9f01abfd778a2797970a5e17d0326ce1ee0ea078e8d3994e12d8a2af6564a565&amp;ref=PFU2k2uV8kNJKMYrzCGJALs2ePPUB7sVwa\"><strong><em>vid\u00e9o r\u00e9cente<\/em><\/strong><\/a><strong><em> dans laquelle Ivanov fait part de ses r\u00e9flexions sur la prochaine Assembl\u00e9e Mondiale du Meurtre \u00e0 Gen\u00e8ve. Nous avons d\u00e9cid\u00e9 de vous en transmettre quelques extraits. S\u2019il vous pla\u00eet, tenez compte du fait qu&rsquo;il s&rsquo;agit d&rsquo;une traduction rapide\/abr\u00e9g\u00e9e :<\/em><\/strong><\/span><\/p>\n<p>&nbsp;<\/p>\n<p>&nbsp;<\/p>\n<p style=\"text-align: justify;\"><span style=\"font-family: 'times new roman', times, serif;\">Qu\u2019est-ce qui va se passer \u00e0 cette soi-disant \u00ab\u00a075e Assembl\u00e9e Mondiale de la Sant\u00e9\u00a0\u00bb ? Il est pr\u00e9vu d\u2019y \u00ab\u00a0discuter\u00a0\u00bb du soi-disant accord sur les pand\u00e9mies, qui donnera des pouvoirs presque illimit\u00e9s \u00e0 l&rsquo;OMS. Cela revient \u00e0 dire que lorsque l\u2019OMS d\u00e9clarera une pand\u00e9mie dans un pays donn\u00e9, il sera impos\u00e9, dans les 48 heures, sur tout le territoire dudit pays, un r\u00e9gime d\u2019urgence, pour le rendre conforme \u00e0 \u00ab\u00a0l\u2019accord\u00a0\u00bb en question.<\/span><\/p>\n<p>&nbsp;<\/p>\n<p style=\"text-align: justify;\"><span style=\"font-family: 'times new roman', times, serif;\">Permettez-moi de rappeler \u00e0 tous ceux qui l&rsquo;ignorent encore que l&rsquo;Organisation Mondiale de la Sant\u00e9 a, en fait, <em>aboli<\/em> le concept de pand\u00e9mie. Autrement dit qu\u2019elle a chang\u00e9 la d\u00e9finition de ce qu\u2019est une pand\u00e9mie. Par cons\u00e9quent, <em>n\u2019importe quoi<\/em> peut d\u00e9sormais devenir une pand\u00e9mie, y compris l&rsquo;art\u00e9rioscl\u00e9rose [\u00e9paississement ou durcissement des art\u00e8res par une accumulation de d\u00e9p\u00f4ts graisseux et d&rsquo;autres substances \u00e0 la surface interne des art\u00e8res, accumulation pouvant \u00eatre caus\u00e9e par le tabagisme, le diab\u00e8te, l\u2019ob\u00e9sit\u00e9, etc.]<\/span><\/p>\n<p>&nbsp;<\/p>\n<p style=\"text-align: justify;\"><span style=\"font-family: 'times new roman', times, serif;\"><strong>Un des principaux bailleurs de fonds de l&rsquo;OMS est Bill Gates, et <\/strong><\/span><span style=\"font-family: 'times new roman', times, serif;\"><strong>Bill Gates est une personne qui pr\u00e9sente certaines anomalies mentales.<\/strong> Je le dis au titre de m\u00e9decin, apr\u00e8s avoir attentivement observ\u00e9 ses d\u00e9clarations, ses mouvements corporels et ses expressions faciales. Dans l&rsquo;ensemble, si vous le regardez, m\u00eame sans le son, vous vous apercevrez que quelque chose cloche. Et quand on commence \u00e0 \u00e9couter ce qu&rsquo;il dit, il y a de quoi \u00eatre l\u00e9g\u00e8rement effray\u00e9.<\/span><\/p>\n<p>&nbsp;<\/p>\n<p>&nbsp;<\/p>\n<p>&nbsp;<\/p>\n<p style=\"text-align: center;\"><a href=\"http:\/\/blog.lesgrossesorchadeslesamplesthalameges.fr\/index.php\/un-medecin-russe-met-en-garde-contre-un-traite-totalitaire-sur-les-pandemies-et-affirme-que-bill-gates-est-un-tare\/21-merci-mais-merci-non\/\" rel=\"attachment wp-att-18936\"><img loading=\"lazy\" class=\"alignnone wp-image-18936\" src=\"http:\/\/blog.lesgrossesorchadeslesamplesthalameges.fr\/wp-content\/uploads\/2022\/05\/21.-Merci-mais-merci-non-300x214.png\" alt=\"\" width=\"500\" height=\"357\" srcset=\"https:\/\/blog.lesgrossesorchadeslesamplesthalameges.fr\/wp-content\/uploads\/2022\/05\/21.-Merci-mais-merci-non-300x214.png 300w, https:\/\/blog.lesgrossesorchadeslesamplesthalameges.fr\/wp-content\/uploads\/2022\/05\/21.-Merci-mais-merci-non.png 700w\" sizes=\"(max-width: 500px) 100vw, 500px\" \/><\/a><\/p>\n<p style=\"text-align: center;\"><span style=\"font-family: 'times new roman', times, serif;\"><strong><em>Merci mais merci non.<\/em><\/strong><\/span><\/p>\n<p>&nbsp;<\/p>\n<p>&nbsp;<\/p>\n<p>&nbsp;<\/p>\n<p style=\"text-align: justify;\"><span style=\"font-family: 'times new roman', times, serif;\">Sachez que quand une pand\u00e9mie sera d\u00e9clar\u00e9e, l&rsquo;OMS contr\u00f4lera <strong>toutes <\/strong>les mesures de \u00ab\u00a0sauvetage\u00a0\u00bb par elle requises. Aucun gouvernement, aucun organe l\u00e9gislatif n&rsquo;aura le moindre pouvoir. Nous avons d\u00e9j\u00e0 vu quelque chose de similaire se produire en 2020, lorsque cette psychose hyst\u00e9rique a commenc\u00e9.<\/span><\/p>\n<p>&nbsp;<\/p>\n<p style=\"text-align: justify;\"><span style=\"font-family: 'times new roman', times, serif;\">Dans notre pays, seules les instructions des sbires de Tedros sont ex\u00e9cut\u00e9es. <strong>Les manuels arrivent, les instructions pleuvent, les recommandations expresses qu&rsquo;il faut suivre&#8230; Ces gens sont des psychopathes, je ne peux pas les appeler autrement, et ils n\u2019ont d\u2019autre buts que servir les int\u00e9r\u00eats de Big Pharma et exercer un contr\u00f4le totalitaire.<\/strong> Bon, d\u2019accord, ils peuvent me dire\u00a0: \u00ab\u00a0Docteur, soyons s\u00e9rieux, de quoi parlez-vous ? Quel contr\u00f4le totalitaire ?\u00a0\u00bb Je vous explique plus loin&#8230;<\/span><\/p>\n<p>&nbsp;<\/p>\n<p style=\"text-align: justify;\"><span style=\"font-family: 'times new roman', times, serif;\">Tout le monde est si content d\u2019engranger des crypto-monnaies, d\u2019avoir des cartes, de pouvoir payer facilement ses achats avec son t\u00e9l\u00e9phone portable\u00a0!&#8230; <strong>Mais ce sont tous des maillons d&rsquo;une m\u00eame cha\u00eene.<\/strong> <strong>C&rsquo;est un immense camp de concentration. Vous n&rsquo;avez pas eu votre vaccin ? Rien ne marche pour vous ni ne marchera, vous ne pourrez pas sortir de chez vous. Si quelqu&rsquo;un pense que ce que je dis n&rsquo;a pas de sens, posez-lui donc la question : que se passe-t-il en Chine en ce moment\u00a0?<\/strong><\/span><\/p>\n<p>&nbsp;<\/p>\n<p style=\"text-align: justify;\"><span style=\"font-family: 'times new roman', times, serif;\">Nous avons d\u00e9j\u00e0 vu ce genre d&rsquo;absurdit\u00e9. Rappelez-vous quand <strong>le maire de Moscou, Sergue\u00ef Sobyanin, a d\u00e9clar\u00e9 en juin <\/strong>[2021]<strong> qu&rsquo;il fallait introduire des laissez-passer num\u00e9riques. Ils ont aussit\u00f4t abandonn\u00e9 les th\u00e9rapies connues, les processus m\u00e9dicaux et les principes de traitement des maladies infectieuses en place depuis des d\u00e9cennies. D\u2019apr\u00e8s lui, rien de tout cela ne fonctionne plus et il a tout remplac\u00e9 par des laissez-passer num\u00e9riques.<\/strong><\/span><\/p>\n<p>&nbsp;<\/p>\n<p style=\"text-align: justify;\"><span style=\"font-family: 'times new roman', times, serif;\">Et en fait, ceci n&rsquo;est pas une blague\u00a0; <strong>Bill Gates et ses sbires quiont fait toutes ces choses veulent les recommencer. Ce qui veut dire que les signataires de ce \u00ab\u00a0trait\u00e9 sur la pand\u00e9mie\u00a0\u00bb vont principalement et avant tout trahir les int\u00e9r\u00eats nationaux de leurs propres pays.<\/strong><\/span><\/p>\n<p>&nbsp;<\/p>\n<p style=\"text-align: justify;\"><span style=\"font-family: 'times new roman', times, serif;\">Les voil\u00e0 maintenant qui annoncent la d\u00e9couverte de nouveaux virus. Et nous pouvons nous pr\u00e9parer \u00e0 ce qu\u2019on nous annonce une autre \u00ab\u00a0\u00e9pid\u00e9mie\u00a0\u00bb. Oui, peu importe laquelle. Ils trouveront bien un virus quelconque.<\/span><\/p>\n<p>&nbsp;<\/p>\n<p style=\"text-align: justify;\"><span style=\"font-family: 'times new roman', times, serif;\"><strong>Notre combat d\u2019aujourd\u2019hui n\u2019est pas pour nous, mais pour nos enfants et petits-enfants. Sous ces contr\u00f4les, leur sort sera pire que l\u2019esclavage.<\/strong><\/span><\/p>\n<p>&nbsp;<\/p>\n<p style=\"text-align: justify;\"><span style=\"font-family: 'times new roman', times, serif;\"><strong>Nous nous battons en r\u00e9alit\u00e9 pour les gens qui peuvent encore penser et prendre les d\u00e9cisions n\u00e9cessaires. C\u2019est pourquoi j&rsquo;esp\u00e8re fortement que cette vid\u00e9o sera distribu\u00e9e et que ceux qui l\u2019auront vue les prendront sans h\u00e9siter.<\/strong><\/span><\/p>\n<p>&nbsp;<\/p>\n<p style=\"text-align: left;\"><span style=\"font-family: 'times new roman', times, serif;\">Source\u00a0: <a href=\"https:\/\/edwardslavsquat.substack.com\/p\/russian-doctor-warns-against-totalitarian?utm_source=%2Fprofile%2F2738999-edward-slavsquat&amp;utm_medium=reader2&amp;s=r\">https:\/\/edwardslavsquat.substack.com\/p\/russian-doctor-warns-against-totalitarian?utm_source=%2Fprofile%2F2738999-edward-slavsquat&amp;utm_medium=reader2&amp;s=r<\/a><\/span><\/p>\n<p>&nbsp;<\/p>\n<p>&nbsp;<\/p>\n<p>&nbsp;<\/p>\n<p style=\"text-align: center;\"><span style=\"font-family: 'times new roman', times, serif; font-size: 18pt;\"><strong>Voir le site\u00a0:<\/strong><\/span><\/p>\n<p style=\"text-align: center;\"><a href=\"http:\/\/blog.lesgrossesorchadeslesamplesthalameges.fr\/index.php\/2022\/05\/21\/mieux-vaut-commemorer-tard-que-jamais\/000-vers-le-bas-fleche-rouge-gif-copie-17\/\" rel=\"attachment wp-att-18793\"><img loading=\"lazy\" class=\"alignnone wp-image-18793\" src=\"http:\/\/blog.lesgrossesorchadeslesamplesthalameges.fr\/wp-content\/uploads\/2022\/05\/000.-vers-le-bas-fleche-rouge-GIF-Copie.gif\" alt=\"\" width=\"75\" height=\"75\" \/><\/a><\/p>\n<p style=\"text-align: center;\"><span style=\"font-family: 'times new roman', times, serif; font-size: 18pt;\"><a href=\"https:\/\/substack.com\/profile\/2738999-edward-slavsquat\"><strong>https:\/\/substack.com\/profile\/2738999-edward-slavsquat<\/strong><\/a><\/span><\/p>\n<p>&nbsp;<\/p>\n<p>&nbsp;<\/p>\n<p>&nbsp;<\/p>\n<p>&nbsp;<\/p>\n<p style=\"text-align: center;\"><span style=\"font-family: 'times new roman', times, serif;\"><strong><a href=\"http:\/\/blog.lesgrossesorchadeslesamplesthalameges.fr\/index.php\/un-medecin-russe-met-en-garde-contre-un-traite-totalitaire-sur-les-pandemies-et-affirme-que-bill-gates-est-un-tare\/000-coronamonde-gif-2\/\" rel=\"attachment wp-att-18935\"><img loading=\"lazy\" class=\"alignnone wp-image-18935\" src=\"http:\/\/blog.lesgrossesorchadeslesamplesthalameges.fr\/wp-content\/uploads\/2022\/05\/000.-coronamonde-GIF.gif\" alt=\"\" width=\"75\" height=\"72\" \/><\/a><\/strong><\/span><\/p>\n<p>&nbsp;<\/p>\n<p>&nbsp;<\/p>\n<p>&nbsp;<\/p>\n<p>&nbsp;<\/p>\n<p style=\"text-align: justify;\"><span style=\"font-family: 'times new roman', times, serif; font-size: 18pt; color: #c00000;\"><strong><em>Il dit 48 heures le docteur ?&#8230; Eh non, c\u2019est 24.<\/em><\/strong><\/span><\/p>\n<p style=\"text-align: justify;\"><span style=\"font-family: 'times new roman', times, serif;\"><strong><em>\u00a0<\/em><\/strong><\/span><\/p>\n<p>&nbsp;<\/p>\n<p>&nbsp;<\/p>\n<p style=\"text-align: center;\"><span style=\"font-family: 'times new roman', times, serif; font-size: 36pt;\"><strong>OMS\u00a0: 75e Assembl\u00e9e mondiale de la sant\u00e9 \u00e0 Gen\u00e8ve<\/strong><\/span><\/p>\n<p style=\"text-align: center;\"><span style=\"font-family: 'times new roman', times, serif;\"><strong>\u00a0<\/strong><\/span><\/p>\n<p>&nbsp;<\/p>\n<p style=\"text-align: center;\"><span style=\"font-family: 'times new roman', times, serif; font-size: 18pt;\"><strong><em>SNRT News<\/em><\/strong><strong> \u2013 23.5.2022<\/strong><\/span><\/p>\n<p>&nbsp;<\/p>\n<p>&nbsp;<\/p>\n<p>&nbsp;<\/p>\n<p style=\"text-align: center;\"><a href=\"http:\/\/blog.lesgrossesorchadeslesamplesthalameges.fr\/index.php\/un-medecin-russe-met-en-garde-contre-un-traite-totalitaire-sur-les-pandemies-et-affirme-que-bill-gates-est-un-tare\/22-logo-oms\/\" rel=\"attachment wp-att-18937\"><img loading=\"lazy\" class=\"alignnone wp-image-18937\" src=\"http:\/\/blog.lesgrossesorchadeslesamplesthalameges.fr\/wp-content\/uploads\/2022\/05\/22.-Logo-OMS-300x200.jpg\" alt=\"\" width=\"400\" height=\"267\" srcset=\"https:\/\/blog.lesgrossesorchadeslesamplesthalameges.fr\/wp-content\/uploads\/2022\/05\/22.-Logo-OMS-300x200.jpg 300w, https:\/\/blog.lesgrossesorchadeslesamplesthalameges.fr\/wp-content\/uploads\/2022\/05\/22.-Logo-OMS-768x512.jpg 768w, https:\/\/blog.lesgrossesorchadeslesamplesthalameges.fr\/wp-content\/uploads\/2022\/05\/22.-Logo-OMS.jpg 900w\" sizes=\"(max-width: 400px) 100vw, 400px\" \/><\/a><\/p>\n<p>&nbsp;<\/p>\n<p>&nbsp;<\/p>\n<p>&nbsp;<\/p>\n<p style=\"text-align: justify;\"><span style=\"font-family: 'times new roman', times, serif;\">Les 194 pays membres de l&rsquo;Organisation mondiale de la sant\u00e9 (OMS) ont entam\u00e9 dimanche les travaux de la 75\u00e8 Assembl\u00e9e mondiale de la sant\u00e9 pour tenter d&rsquo;\u00e9chafauder une r\u00e9forme du syst\u00e8me de sant\u00e9 mondial, dont les faiblesses ont \u00e9t\u00e9 mises \u00e0 nu par la pire pand\u00e9mie depuis 100 ans.<\/span><\/p>\n<p>&nbsp;<\/p>\n<p style=\"text-align: justify;\"><span style=\"font-family: 'times new roman', times, serif;\">D\u00e8s lundi, les ministres de la Sant\u00e9 devraient se succ\u00e9der \u00e0 la tribune pour cette premi\u00e8re Assembl\u00e9e en pr\u00e9sentiel depuis le d\u00e9but de la pand\u00e9mie. Les discussions porteront en particulier sur le financement durable de l&rsquo;OMS, l&rsquo;Organisation ne disposant que d&rsquo;un budget biennal autour de 6 milliards de dollars.<\/span><\/p>\n<p>&nbsp;<\/p>\n<p style=\"text-align: justify;\"><span style=\"font-family: 'times new roman', times, serif;\">Le probl\u00e8me vient des contributions fix\u00e9es -les cotisations obligatoires des membres qui ne comptent que pour 16% du total en 2020-21. Le reste -des contributions volontaires- est plus difficile \u00e0 planifier, \u00e0 obtenir et souvent ces sommes sont d\u00e9sign\u00e9es pour un objectif pr\u00e9cis.<\/span><\/p>\n<p>&nbsp;<\/p>\n<p style=\"text-align: justify;\"><span style=\"font-family: 'times new roman', times, serif;\">L&rsquo;id\u00e9e est de porter progressivement \u00e0 50% la part des cotisations obligatoires, sur une p\u00e9riode d&rsquo;une dizaine d&rsquo;ann\u00e9es pour permettre \u00e0 l&rsquo;OMS de mieux jouer son r\u00f4le mais non sans se r\u00e9former en contrepartie.\u00a0<em>\u00ab\u00a0Il n&rsquo;y a pas de meilleur investissement que la sant\u00e9\u00a0\u00bb,\u00a0<\/em>a assur\u00e9 le Secr\u00e9taire g\u00e9n\u00e9ral de l&rsquo;ONU, Antonio Guterres.<\/span><\/p>\n<p>&nbsp;<\/p>\n<p style=\"text-align: justify;\"><span style=\"font-family: 'times new roman', times, serif;\">La pand\u00e9mie de Covid-19 a permis de mettre \u00e0 nu ce qui ne fonctionne pas dans le syst\u00e8me mondial de sant\u00e9. L&rsquo;Assembl\u00e9e va donc se pencher sur le toilettage du R\u00e8glement sanitaire international (RSI), pour permettre de r\u00e9pondre plus efficacement et plus rapidement aux urgences sanitaires.<\/span><\/p>\n<p>&nbsp;<\/p>\n<p style=\"text-align: justify;\"><span style=\"font-family: 'times new roman', times, serif;\">Dans la m\u00eame veine, l&rsquo;Assembl\u00e9e devrait d\u00e9cider de la cr\u00e9ation d&rsquo;une Commission permanente des urgences issue du Conseil ex\u00e9cutif de l&rsquo;OMS et activable en 24 heures en cas d&rsquo;urgence sanitaire de port\u00e9e internationale -le plus haut niveau d&rsquo;alerte de l&rsquo;OMS.<\/span><\/p>\n<p>&nbsp;<\/p>\n<p style=\"text-align: justify;\"><span style=\"font-family: 'times new roman', times, serif;\">En parall\u00e8le, a \u00e9t\u00e9 lanc\u00e9 le chantier d&rsquo;un nouvel accord international sur la sant\u00e9 mondiale, qui pour ses partisans devra \u00eatre contraignant, et pourrait venir compl\u00e9ter le RSI. En d\u00e9cembre, un groupe intergouvernemental de n\u00e9gociation a \u00e9t\u00e9 cr\u00e9\u00e9 pour y travailler.<\/span><\/p>\n<p>&nbsp;<\/p>\n<p style=\"text-align: justify;\"><span style=\"font-family: 'times new roman', times, serif;\">Comme un fait expr\u00e8s, les cas de variole du singe -une maladie end\u00e9mique dans certaines parties de l&rsquo;Afrique- s&rsquo;\u00e9tendent en Am\u00e9rique du nord et en Europe, et si la plupart des cas sont pour l&rsquo;heure sans gravit\u00e9, le spectre d&rsquo;une nouvelle crise de grande ampleur inqui\u00e8te les autorit\u00e9s sanitaires.<\/span><\/p>\n<p style=\"text-align: justify;\"><span style=\"font-family: 'times new roman', times, serif;\">Source\u00a0: <a href=\"https:\/\/cdn.snrtnews.com\/fr\/article\/oms-75e-assemblee-mondiale-de-la-sante-a-geneve-43350\">OMS :75\u00e8 Assembl\u00e9e mondiale de la sant\u00e9 \u00e0 Gen\u00e8ve | SNRTNews<\/a><\/span><\/p>\n<p>&nbsp;<\/p>\n<p><strong>URL de ce double article : <\/strong><a href=\"http:\/\/blog.lesgrossesorchadeslesamplesthalameges.fr\/index.php\/un-medecin-russe-met-en-garde-contre-un-traite-totalitaire-sur-les-pandemies-et-affirme-que-bill-gates-est-un-tare\/\">Un m\u00e9decin russe met en garde contre un \u00ab\u00a0trait\u00e9 totalitaire\u00a0\u00bb sur les pand\u00e9mies et affirme que Bill Gates est un tar\u00e9 \u2013 Les Grosses Orchades, les Amples Thalam\u00e8ges, le blog (lesgrossesorchadeslesamplesthalameges.fr)<\/a><\/p>\n<p>&nbsp;<\/p>\n<p><strong>\u00a0<\/strong><\/p>\n<p>&nbsp;<\/p>\n<p style=\"text-align: center;\"><span style=\"font-family: 'times new roman', times, serif;\"><strong><a href=\"http:\/\/blog.lesgrossesorchadeslesamplesthalameges.fr\/index.php\/un-medecin-russe-met-en-garde-contre-un-traite-totalitaire-sur-les-pandemies-et-affirme-que-bill-gates-est-un-tare\/000-coronamonde-gif-2\/\" rel=\"attachment wp-att-18935\"><img loading=\"lazy\" class=\"alignnone wp-image-18935\" src=\"http:\/\/blog.lesgrossesorchadeslesamplesthalameges.fr\/wp-content\/uploads\/2022\/05\/000.-coronamonde-GIF.gif\" alt=\"\" width=\"75\" height=\"72\" \/><\/a><\/strong><\/span><\/p>\n<p><strong>\u00a0<\/strong><\/p>\n<p>&nbsp;<\/p>\n<p style=\"text-align: right;\"><span style=\"font-family: 'comic sans ms', sans-serif; font-size: 14pt;\">\u00a0Mai 2022<\/span><\/p>\n<p>&nbsp;<\/p>\n<p>&nbsp;<\/p>\n","protected":false},"excerpt":{"rendered":"<p>&nbsp; &nbsp; &nbsp; &nbsp; &nbsp; &nbsp; &nbsp; &nbsp; Un m\u00e9decin russe met en garde contre un \u00ab trait\u00e9 totalitaire \u00bb sur les pand\u00e9mies et affirme que Bill Gates est un tar\u00e9 \u00a0 &nbsp; Edward Slavsquat \u2013 Substack \u2013\u00a0 19.5.2022 &nbsp; &nbsp; Traduction : c.l. pour L.G.O. &nbsp; \u00a0 &nbsp; \u00ab\u00a0Notre combat d\u2019aujourd\u2019hui, n\u2019est pas pour&#8230;<\/p>\n","protected":false},"author":1,"featured_media":0,"parent":0,"menu_order":0,"comment_status":"open","ping_status":"open","template":"","meta":[],"_links":{"self":[{"href":"https:\/\/blog.lesgrossesorchadeslesamplesthalameges.fr\/index.php\/wp-json\/wp\/v2\/pages\/18934"}],"collection":[{"href":"https:\/\/blog.lesgrossesorchadeslesamplesthalameges.fr\/index.php\/wp-json\/wp\/v2\/pages"}],"about":[{"href":"https:\/\/blog.lesgrossesorchadeslesamplesthalameges.fr\/index.php\/wp-json\/wp\/v2\/types\/page"}],"author":[{"embeddable":true,"href":"https:\/\/blog.lesgrossesorchadeslesamplesthalameges.fr\/index.php\/wp-json\/wp\/v2\/users\/1"}],"replies":[{"embeddable":true,"href":"https:\/\/blog.lesgrossesorchadeslesamplesthalameges.fr\/index.php\/wp-json\/wp\/v2\/comments?post=18934"}],"version-history":[{"count":13,"href":"https:\/\/blog.lesgrossesorchadeslesamplesthalameges.fr\/index.php\/wp-json\/wp\/v2\/pages\/18934\/revisions"}],"predecessor-version":[{"id":18950,"href":"https:\/\/blog.lesgrossesorchadeslesamplesthalameges.fr\/index.php\/wp-json\/wp\/v2\/pages\/18934\/revisions\/18950"}],"wp:attachment":[{"href":"https:\/\/blog.lesgrossesorchadeslesamplesthalameges.fr\/index.php\/wp-json\/wp\/v2\/media?parent=18934"}],"curies":[{"name":"wp","href":"https:\/\/api.w.org\/{rel}","templated":true}]}}