{"id":19055,"date":"2022-06-11T19:21:06","date_gmt":"2022-06-11T17:21:06","guid":{"rendered":"http:\/\/blog.lesgrossesorchadeslesamplesthalameges.fr\/?page_id=19055"},"modified":"2022-06-12T01:16:30","modified_gmt":"2022-06-11T23:16:30","slug":"ukraine-voici-les-oligarques-qui-influencent-zelenski","status":"publish","type":"page","link":"https:\/\/blog.lesgrossesorchadeslesamplesthalameges.fr\/index.php\/ukraine-voici-les-oligarques-qui-influencent-zelenski\/","title":{"rendered":"Ukraine\u00a0: Voici les oligarques qui influencent Zelenski"},"content":{"rendered":"<p>&nbsp;<\/p>\n<p>&nbsp;<\/p>\n<p>&nbsp;<\/p>\n<p>&nbsp;<\/p>\n<p>&nbsp;<\/p>\n<p>&nbsp;<\/p>\n<p>&nbsp;<\/p>\n<p>&nbsp;<\/p>\n<p style=\"text-align: right;\"><span style=\"font-family: 'comic sans ms', sans-serif; font-size: 12pt;\"><strong>Pour les italianophones (traduction automatique en fran\u00e7ais)\u00a0:<\/strong><\/span><\/p>\n<p style=\"text-align: justify;\"><span style=\"font-family: 'times new roman', times, serif; font-size: 14pt;\"><strong><em>\u00a0<\/em><\/strong><\/span><\/p>\n<p style=\"text-align: justify;\"><span style=\"font-family: 'times new roman', times, serif; font-size: 14pt;\"><strong><em>\u00a0<\/em><\/strong><\/span><\/p>\n<p style=\"text-align: justify;\"><span style=\"font-family: 'times new roman', times, serif; font-size: 18pt; color: #c00000;\"><strong><em>Sur ByoBlu, la cha\u00eene des citoyens italiens<\/em><\/strong><\/span><\/p>\n<p style=\"text-align: justify;\"><span style=\"font-family: 'times new roman', times, serif; font-size: 18pt;\"><strong><em>\u00a0<\/em><\/strong><\/span><\/p>\n<p style=\"text-align: justify;\"><span style=\"font-family: 'times new roman', times, serif; font-size: 14pt;\"><strong><em>\u00a0<\/em><\/strong><\/span><\/p>\n<p style=\"text-align: center;\"><span style=\"font-family: 'times new roman', times, serif; font-size: 36pt;\"><strong>Ukraine\u00a0: Voici les oligarques qui influencent Zelenski<\/strong><\/span><\/p>\n<p style=\"text-align: center;\"><a href=\"http:\/\/blog.lesgrossesorchadeslesamplesthalameges.fr\/index.php\/2022\/05\/31\/reponse-de-poutine-a-lenine\/000-vers-le-bas-fleche-rouge-gif-copie-18\/\" rel=\"attachment wp-att-18970\"><img loading=\"lazy\" class=\"alignnone size-full wp-image-18970\" src=\"http:\/\/blog.lesgrossesorchadeslesamplesthalameges.fr\/wp-content\/uploads\/2022\/05\/000.-vers-le-bas-fleche-rouge-GIF-Copie-1.gif\" alt=\"\" width=\"100\" height=\"100\" \/><\/a><\/p>\n<p style=\"text-align: center;\"><span style=\"font-family: 'times new roman', times, serif; font-size: 14pt;\"><a href=\"https:\/\/www.byoblu.com\/2022\/06\/10\/ucraina-oligarchi-influenzano-zelensky\/\"><strong>UKRAINE : VOICI LES OLIGARQUES QUI INFLUENCENT ZELENSKY (byoblu.com)<\/strong><\/a><\/span><\/p>\n<p style=\"text-align: justify;\"><span style=\"font-family: 'times new roman', times, serif; font-size: 14pt;\"><strong>\u00a0<\/strong><\/span><\/p>\n<p style=\"text-align: justify;\"><span style=\"font-family: 'times new roman', times, serif; font-size: 14pt;\"><strong>\u00a0<\/strong><\/span><\/p>\n<p style=\"text-align: justify;\"><span style=\"font-family: 'times new roman', times, serif; font-size: 14pt;\"><strong>\u00a0<\/strong><\/span><\/p>\n<p style=\"text-align: justify;\"><span style=\"font-family: tahoma, arial, helvetica, sans-serif; font-size: 14pt;\">Pour quoi se bat-on en\u00a0<strong>Ukraine<\/strong>\u00a0? Pour le gaz, bien s\u00fbr. Et aussi pour les pr\u00e9cieuses terres noires. Mais une \u00e9norme nouvelle entreprise se profile \u00e0 l\u2019horizon.\u00a0<strong>500 milliards de dollars pour reconstruire l\u2019Ukraine \u00e0<\/strong>\u00a0la fin du conflit : c\u2019est le\u00a0<a href=\"https:\/\/www.notizie.it\/guerra-in-ucraina-zelensky-lavoro-enorme-per-ricostruire-il-paese-pia-di-500-miliardi-di-danni\/\">chiffre estim\u00e9<\/a>\u00a0par\u00a0<strong>Volodymir Zelenski.<\/strong>\u00a0Une entreprise qui s\u00e9duit les milliardaires qui contr\u00f4lent l\u2019\u00e9conomie, les m\u00e9dias et les infrastructures du pays. M\u00eame l\u2019Ukraine, en fait,\u00a0<a href=\"https:\/\/www.laverita.info\/anche-zelensky-ha-i-suoi-oligarchi-pronti-a-spartirsi-il-paese-ricostruito-2657458252.html\">a ses oligarques.<\/a><\/span><\/p>\n<p>&nbsp;<\/p>\n<p style=\"text-align: justify;\"><span style=\"font-family: 'times new roman', times, serif; font-size: 18pt;\"><strong>Oligarques ukrainiens<\/strong><\/span><\/p>\n<p style=\"text-align: justify;\"><span style=\"font-family: 'times new roman', times, serif; font-size: 14pt;\">Des hommes comme\u00a0<strong>Victor Pinchuk<\/strong>, qui\u00a0<a href=\"https:\/\/www.wsj.com\/articles\/ukraine-needs-beat-putin-kyiv-russia-weapons-antitank-missiles-plane-jet-drones-refugees-civilian-deaths-bombing-shelling-war-nato-11647275205\">a m\u00eame publi\u00e9<\/a>\u00a0des \u00e9ditoriaux patriotiques dans le\u00a0<em>Wall Street Journal.<\/em>\u00a0Le journal am\u00e9ricain l\u2019a qualifi\u00e9 d&rsquo;\u00ab industriel et philanthrope ukrainien \u00bb, mais nous ne parlons pas exactement d\u2019un bienfaiteur. Victor Pinchuk est le deuxi\u00e8me homme le plus riche d\u2019Ukraine, avec une richesse d\u00e9clar\u00e9e qui, avant la guerre, s\u2019\u00e9levait \u00e0 environ\u00a0<strong>2,5 milliards d\u2019euros.<\/strong><\/span><\/p>\n<p style=\"text-align: justify;\"><span style=\"font-family: 'times new roman', times, serif; font-size: 14pt;\">L\u2019oligarque a de forts int\u00e9r\u00eats dans l\u2019acier et les m\u00e9dias, et sa fondation est l\u2019entit\u00e9 \u00e0 but non lucratif la plus influente du pays. Au fil des ans, il a financ\u00e9 des entit\u00e9s telles que la<strong>\u00a0Clinton Global Initiative, la Tony Blair Faith Foundation, la Brookings Institution et la Donald J. Trump Foundation.<\/strong>\u00a0Par le biais de sa fondation, Pinchuk fait \u00e9galement r\u00e9guli\u00e8rement don de sommes importantes \u00e0\u00a0<a href=\"https:\/\/www.byoblu.com\/2022\/03\/23\/ucraina-nesso-biden-burisma-atlantic-council\/\">l\u2019Atlantic Council, le groupe de r\u00e9flexion semi-officiel de l\u2019OTAN<\/a>\u00a0bas\u00e9 \u00e0 Washington D.C.<\/span><\/p>\n<p>&nbsp;<\/p>\n<h2 style=\"text-align: justify;\"><span style=\"font-family: 'times new roman', times, serif; font-size: 18pt;\">De Rinat Akhmetov \u00e0 Kolomoyskyi<\/span><\/h2>\n<p style=\"text-align: justify;\"><span style=\"font-family: 'times new roman', times, serif; font-size: 14pt;\">Il existe plusieurs personnages similaires en Ukraine. Le plus influent est sans aucun doute\u00a0<strong>Rinat Akhmetov<\/strong>, propri\u00e9taire d\u2019actifs de\u00a0<strong>7,6 milliards.<\/strong>\u00a0Le magnat est pr\u00e9sident de System Capital Management, l\u2019une des principales entreprises industrielles de la finance ukrainienne. Gr\u00e2ce \u00e0\u00a0<strong>Dtek Renewables<\/strong>, Akhmetov est \u00e9galement\u00a0<strong>le ma\u00eetre de 30% du march\u00e9 des \u00e9nergies renouvelables<\/strong>\u00a0en Ukraine.<\/span><\/p>\n<p style=\"text-align: justify;\"><span style=\"font-family: 'times new roman', times, serif; font-size: 14pt;\">La liste des oligarques ukrainiens est encore longue: de l\u2019ancien pr\u00e9sident du club de football Dynamo Kiev\u00a0<strong>Ihor Surkis<\/strong>, \u00e0\u00a0<strong>Kolomoyskyi<\/strong>.\u00a0<a href=\"https:\/\/www.byoblu.com\/2022\/03\/07\/volodymyr-zelenskyy-impero-offshore-ucraina\/\">L\u2019homme qui a diffus\u00e9 la sitcom de Zelensky, en plus d\u2019\u00eatre<\/a>\u00a0l\u2019un des plus grands financiers du tristement c\u00e9l\u00e8bre\u00a0<strong>bataillon Azov.<\/strong>\u00a0Kolomoyskyi et d\u2019autres magnats de la liste ont, entre autres, de forts int\u00e9r\u00eats dans la r\u00e9gion du Donbass qui ont \u00e9t\u00e9 fortement endommag\u00e9s par le conflit, qui dure depuis 2014. C\u2019est peut-\u00eatre aussi pour cette raison que les oligarques poussent Zelensky \u00e0\u00a0<strong>se battre \u00ab jusqu\u2019\u00e0 la victoire \u00bb,<\/strong>\u00a0parce qu\u2019ils ne veulent rien c\u00e9der \u00e0 la Russie.<\/span><\/p>\n<p style=\"text-align: justify;\"><span style=\"font-family: 'times new roman', times, serif; font-size: 14pt;\">10 entreprises priv\u00e9es contr\u00f4lent 71% du march\u00e9 agricole ukrainien<\/span><\/p>\n<p style=\"text-align: justify;\"><span style=\"font-family: 'times new roman', times, serif; font-size: 14pt;\">L\u2019enjeu n\u2019est pas seulement la domination du secteur de l\u2019\u00e9nergie, ou la fabrication de champs de semi-conducteurs. Avec ses\u00a0<strong>32 millions d\u2019hectares arables<\/strong>\u00a0de sol noir fertile, l\u2019Ukraine est consid\u00e9r\u00e9e comme le \u00ab grenier de l\u2019Europe \u00bb. Depuis son ind\u00e9pendance de l\u2019Union sovi\u00e9tique en 1991, le secteur agricole de la R\u00e9publique semi-pr\u00e9sidentielle a \u00e9t\u00e9 divis\u00e9 entre les entreprises \u00e9trang\u00e8res et les soci\u00e9t\u00e9s d\u00e9tenues par des fonds \u00e9trangers.<\/span><\/p>\n<p style=\"text-align: justify;\"><span style=\"font-family: 'times new roman', times, serif; font-size: 14pt;\">Selon une analyse\u00a0<em>d\u2019Open Democracy<\/em>, dix entreprises priv\u00e9es\u00a0<strong>contr\u00f4lent 71% du march\u00e9 agricole ukrainien.<\/strong>\u00a0Il s\u2019agit notamment de multinationales telles que\u00a0<strong>Monsanto, Cargill et la soci\u00e9t\u00e9 d\u2019\u00c9tat chinoise COFCO.<\/strong>\u00a0\u00c0 la suite des \u00e9v\u00e9nements de Ma\u00efdan en 2014, le contr\u00f4le des terres ukrainiennes est progressivement pass\u00e9 sous l\u2019influence euro-atlantique.<\/span><\/p>\n<p style=\"text-align: justify;\"><span style=\"font-family: 'times new roman', times, serif; font-size: 14pt;\">En 2021, Zelensky a abrog\u00e9 le moratoire sur la vente de terrains<\/span><\/p>\n<p style=\"text-align: justify;\"><span style=\"font-family: 'times new roman', times, serif; font-size: 14pt;\">En juillet 2021,\u00a0<strong>Zelensky a abrog\u00e9 un moratoire sur la vente de terres agricoles \u00e0 des<\/strong>\u00a0entit\u00e9s \u00e9trang\u00e8res. Le processus d\u2019abrogation avait d\u00e9j\u00e0 \u00e9t\u00e9 mis en \u0153uvre les ann\u00e9es pr\u00e9c\u00e9dentes et avait pris fin dix mois apr\u00e8s le d\u00e9but de la guerre aux mains de Zelensky. La contre-mesure a \u00e9t\u00e9 introduite en 2001 pr\u00e9cis\u00e9ment pour contrer la \u00ab\u00a0d\u00e9figuration\u00a0\u00bb, \u00e9trang\u00e8re et priv\u00e9e, des terres ukrainiennes. Des financements sous forme de programmes d\u2019assistance ont continu\u00e9 d\u2019affluer en Ukraine par le biais de la Coupe du monde<strong>, du Fonds mon\u00e9taire international (FMI) et de la Banque europ\u00e9enne pour la<\/strong>\u00a0reconstruction et le d\u00e9veloppement.<\/span><\/p>\n<p>&nbsp;<\/p>\n<p style=\"text-align: justify;\"><strong><span style=\"font-family: 'times new roman', times, serif; font-size: 18pt;\">Ukraine : terre de conqu\u00eate<\/span><\/strong><\/p>\n<p style=\"text-align: justify;\"><span style=\"font-family: 'times new roman', times, serif; font-size: 14pt;\">Des cr\u00e9dits fortement li\u00e9s aux r\u00e9formes que l\u2019Ukraine est tenue de mettre en \u0153uvre,\u00a0<strong>avec la plus grande rigueur budg\u00e9taire et d\u2019aust\u00e9rit\u00e9.<\/strong>\u00a0Ce n\u2019est pas un hasard si des acteurs tels que le FMI, une organisation publique internationale compos\u00e9e des gouvernements nationaux de 190 pays, ont exerc\u00e9 avec succ\u00e8s une forte pression sur Zelensky pour abolir le moratoire sur la vente de terres.<\/span><\/p>\n<p style=\"text-align: justify;\"><span style=\"font-family: 'times new roman', times, serif; font-size: 14pt;\">Bref, les pr\u00e9cieuses terres de l\u2019Ukraine ne veulent pas \u00eatre abandonn\u00e9es par les oligarques et les g\u00e9ants internationaux qui les pressent depuis plus de trente ans. Toute conclusion du conflit ne semble donc pas r\u00e9server des sc\u00e9narios roses \u00e0 l\u2019Ukraine et \u00e0 sa population tourment\u00e9e, loin de l\u00e0.<\/span><\/p>\n<p>&nbsp;<\/p>\n<p>&nbsp;<\/p>\n<p style=\"text-align: center;\"><a href=\"http:\/\/blog.lesgrossesorchadeslesamplesthalameges.fr\/index.php\/ukraine-voici-les-oligarques-qui-influencent-zelenski\/000-genie-de-la-liberte-chaines-gif\/\" rel=\"attachment wp-att-19056\"><img loading=\"lazy\" class=\"alignnone wp-image-19056\" src=\"http:\/\/blog.lesgrossesorchadeslesamplesthalameges.fr\/wp-content\/uploads\/2022\/06\/000.-Genie-de-la-liberte-chaines-GIF-300x255.gif\" alt=\"\" width=\"150\" height=\"128\" \/><\/a><\/p>\n<p>&nbsp;<\/p>\n<p>&nbsp;<\/p>\n<p style=\"text-align: center;\"><span style=\"font-family: 'times new roman', times, serif; font-size: 36pt;\"><strong>En Italie\u00a0: Information des citoyens par les citoyens<\/strong><\/span><\/p>\n<p style=\"text-align: center;\"><span style=\"font-family: 'times new roman', times, serif; font-size: 48pt;\"><strong>ByoBlu<\/strong><\/span><\/p>\n<p>&nbsp;<\/p>\n<p>&nbsp;<\/p>\n<p style=\"text-align: center;\"><strong><span style=\"font-family: 'times new roman', times, serif; font-size: 18pt;\">Op\u00e9ration transparence et responsabilit\u00e9<\/span><\/strong><\/p>\n<p>&nbsp;<\/p>\n<p style=\"text-align: justify;\"><span style=\"font-family: 'times new roman', times, serif; font-size: 14pt;\">Byoblu est la t\u00e9l\u00e9vision des citoyens et pour cette raison, elle ne vit que de dons.\u00a0<strong>La transparence est importante pour nous<\/strong>. \u00c0 partir d\u2019aujourd\u2019hui, avec la demande de don, vous pouvez v\u00e9rifier visuellement,\u00a0<strong>en temps r\u00e9el<\/strong>\u00a0et jour apr\u00e8s jour, combien d\u2019argent est entr\u00e9 et combien sont sortis des coffres de byoblu. Les d\u00e9penses sont calcul\u00e9es comme une moyenne quotidienne des co\u00fbts fixes pr\u00e9vus tout au long du mois, plus les d\u00e9penses suppl\u00e9mentaires, ajout\u00e9es jour apr\u00e8s jour.<\/span><\/p>\n<p>&nbsp;<\/p>\n<p style=\"text-align: center;\"><span style=\"font-family: 'times new roman', times, serif; font-size: 14pt;\">(voir le graphique dans la vid\u00e9o)<\/span><\/p>\n<p>&nbsp;<\/p>\n<p style=\"text-align: justify;\"><span style=\"font-family: 'times new roman', times, serif; font-size: 14pt;\"><strong>Lorsque la ligne rouge est au-dessus de la ligne verte, cela signifie que Byoblu est en danger<\/strong>, et que le danger est d\u2019autant plus r\u00e9el que la distance entre les deux est large. Lorsque la ligne verte est au-dessus de la ligne rouge, cela ne signifie pas que vous devez arr\u00eater de faire un don, juste que les choses vont bien et qu\u2019il n\u2019y a aucune raison de s\u2019inqui\u00e9ter.<\/span><\/p>\n<p style=\"text-align: justify;\"><span style=\"font-family: 'times new roman', times, serif; font-size: 14pt;\"><strong>Avoir une t\u00e9l\u00e9vision libre et ind\u00e9pendante est tr\u00e8s important pour une d\u00e9mocratie<\/strong>, et il est d\u2019autant plus important de la maintenir en bonne sant\u00e9, afin qu\u2019elle soit pr\u00eate lorsque la situation des droits civils et des libert\u00e9s individuelles s\u2019effondrera soudainement.<\/span><\/p>\n<p style=\"text-align: justify;\"><span style=\"font-family: 'times new roman', times, serif; font-size: 14pt;\">C\u2019est pourquoi il\u00a0<strong>est important d\u2019\u00eatre responsable<\/strong>\u00a0et de prendre soin de votre t\u00e9l\u00e9vision.\u00a0<strong>Nous gardons un \u0153il sur le graphique, tous ensemble, tous les jours<\/strong>, et quand nous voyons la ligne rouge d\u00e9passer la ligne verte, alors il est temps de faire un don, et surtout de demander aux autres de faire de m\u00eame.<\/span><\/p>\n<p style=\"text-align: justify;\"><span style=\"font-family: 'times new roman', times, serif; font-size: 14pt;\">Nous sommes des millions, si nous croyons vraiment qu\u2019il est important d\u2019avoir une t\u00e9l\u00e9vision gratuite et ind\u00e9pendante, alors la garder allum\u00e9e sera aussi simple que de commander un caf\u00e9 au bar. La libert\u00e9 est comme une flamme faible qui doit toujours \u00eatre allum\u00e9e, pr\u00eate \u00e0 s\u2019allumer en cas de besoin.\u00a0<strong>Malheur \u00e0 nous si nous la laissons s\u2019\u00e9teindre !<\/strong><\/span><\/p>\n<p>&nbsp;<\/p>\n<p>&nbsp;<\/p>\n<p>&nbsp;<\/p>\n<p style=\"text-align: center;\"><a href=\"http:\/\/blog.lesgrossesorchadeslesamplesthalameges.fr\/index.php\/ukraine-voici-les-oligarques-qui-influencent-zelenski\/000-genie-de-la-liberte-chaines-gif\/\" rel=\"attachment wp-att-19056\"><img loading=\"lazy\" class=\"alignnone wp-image-19056\" src=\"http:\/\/blog.lesgrossesorchadeslesamplesthalameges.fr\/wp-content\/uploads\/2022\/06\/000.-Genie-de-la-liberte-chaines-GIF-300x255.gif\" alt=\"\" width=\"150\" height=\"128\" \/><\/a><\/p>\n<p>&nbsp;<\/p>\n<p>&nbsp;<\/p>\n<p>&nbsp;<\/p>\n<p style=\"text-align: center;\"><span style=\"font-family: 'times new roman', times, serif; font-size: 24pt;\"><strong>Visiter le site de ByoBlu<\/strong><\/span><\/p>\n<p style=\"text-align: center;\"><a href=\"http:\/\/blog.lesgrossesorchadeslesamplesthalameges.fr\/index.php\/2022\/05\/31\/reponse-de-poutine-a-lenine\/000-vers-le-bas-fleche-rouge-gif-copie-18\/\" rel=\"attachment wp-att-18970\"><img loading=\"lazy\" class=\"alignnone size-full wp-image-18970\" src=\"http:\/\/blog.lesgrossesorchadeslesamplesthalameges.fr\/wp-content\/uploads\/2022\/05\/000.-vers-le-bas-fleche-rouge-GIF-Copie-1.gif\" alt=\"\" width=\"100\" height=\"100\" \/><\/a><\/p>\n<p style=\"text-align: center;\"><strong><span style=\"font-family: 'times new roman', times, serif; font-size: 14pt;\"><a href=\"https:\/\/www.byoblu.com\/byoblu24\/\">BYOBLU24 &#8211; TOUTES LES MISES \u00c0 JOUR DE LA R\u00c9DACTION<\/a><\/span><\/strong><\/p>\n<p style=\"text-align: justify;\"><strong><span style=\"font-family: 'times new roman', times, serif; font-size: 14pt;\">\u00a0<\/span><\/strong><\/p>\n<p style=\"text-align: justify;\"><span style=\"font-family: 'times new roman', times, serif; font-size: 14pt;\"><strong>\u00a0<\/strong><\/span><\/p>\n<p>&nbsp;<\/p>\n<p style=\"text-align: center;\"><span style=\"font-family: 'times new roman', times, serif; font-size: 14pt;\"><strong>\u00a0<a href=\"http:\/\/blog.lesgrossesorchadeslesamplesthalameges.fr\/index.php\/ukraine-voici-les-oligarques-qui-influencent-zelenski\/000-genie-de-la-liberte-chaines-gif\/\" rel=\"attachment wp-att-19056\"><img loading=\"lazy\" class=\"alignnone wp-image-19056\" src=\"http:\/\/blog.lesgrossesorchadeslesamplesthalameges.fr\/wp-content\/uploads\/2022\/06\/000.-Genie-de-la-liberte-chaines-GIF-300x255.gif\" alt=\"\" width=\"150\" height=\"128\" \/><\/a><\/strong><\/span><\/p>\n<p>&nbsp;<\/p>\n<p style=\"text-align: justify;\"><span style=\"font-family: 'times new roman', times, serif; font-size: 14pt;\"><strong>\u00a0<\/strong><\/span><\/p>\n<p>&nbsp;<\/p>\n<p style=\"text-align: center;\"><span style=\"font-family: 'times new roman', times, serif; font-size: 24pt;\"><strong>Les vid\u00e9os de ByoBlu<\/strong><\/span><\/p>\n<p style=\"text-align: center;\"><a href=\"http:\/\/blog.lesgrossesorchadeslesamplesthalameges.fr\/index.php\/2022\/05\/31\/reponse-de-poutine-a-lenine\/000-vers-le-bas-fleche-rouge-gif-copie-18\/\" rel=\"attachment wp-att-18970\"><img loading=\"lazy\" class=\"alignnone size-full wp-image-18970\" src=\"http:\/\/blog.lesgrossesorchadeslesamplesthalameges.fr\/wp-content\/uploads\/2022\/05\/000.-vers-le-bas-fleche-rouge-GIF-Copie-1.gif\" alt=\"\" width=\"100\" height=\"100\" \/><\/a><\/p>\n<p style=\"text-align: center;\"><strong><span style=\"font-family: 'times new roman', times, serif; font-size: 14pt;\"><a href=\"https:\/\/www.bing.com\/videos\/search?q=byoblu24&amp;&amp;view=detail&amp;mid=F31E92E8F92511FF7268F31E92E8F92511FF7268&amp;&amp;FORM=VRDGAR&amp;ru=%2Fvideos%2Fsearch%3Fq%3Dbyoblu24%26qpvt%3Dbyoblu24%26FORM%3DVDRE\">TG BYOBLU24 | 15 luglio 2021 &#8211; Bing video<\/a><\/span><\/strong><\/p>\n<p>&nbsp;<\/p>\n<p>&nbsp;<\/p>\n<p>&nbsp;<\/p>\n<p style=\"text-align: center;\"><span style=\"font-family: 'times new roman', times, serif; font-size: 14pt;\"><strong><a href=\"http:\/\/blog.lesgrossesorchadeslesamplesthalameges.fr\/index.php\/ukraine-voici-les-oligarques-qui-influencent-zelenski\/000-genie-de-la-liberte-chaines-gif\/\" rel=\"attachment wp-att-19056\"><img loading=\"lazy\" class=\"alignnone wp-image-19056\" src=\"http:\/\/blog.lesgrossesorchadeslesamplesthalameges.fr\/wp-content\/uploads\/2022\/06\/000.-Genie-de-la-liberte-chaines-GIF-300x255.gif\" alt=\"\" width=\"150\" height=\"128\" \/><\/a><\/strong><\/span><\/p>\n<p>&nbsp;<\/p>\n<p>&nbsp;<\/p>\n<p>&nbsp;<\/p>\n<p><strong><span style=\"font-family: 'times new roman', times, serif; font-size: 14pt;\">URL de cet article : <a href=\"http:\/\/blog.lesgrossesorchadeslesamplesthalameges.fr\/index.php\/ukraine-voici-les-oligarques-qui-influencent-zelenski\/\">Ukraine\u00a0: Voici les oligarques qui influencent Zelenski \u2013 Les Grosses Orchades, les Amples Thalam\u00e8ges, le blog (lesgrossesorchadeslesamplesthalameges.fr)<\/a><\/span><\/strong><\/p>\n<p>&nbsp;<\/p>\n<p>&nbsp;<\/p>\n<p style=\"text-align: right;\"><span style=\"font-family: 'comic sans ms', sans-serif; font-size: 14pt;\">Juin 2022<\/span><\/p>\n<p>&nbsp;<\/p>\n<p>&nbsp;<\/p>\n","protected":false},"excerpt":{"rendered":"<p>&nbsp; &nbsp; &nbsp; &nbsp; &nbsp; &nbsp; &nbsp; &nbsp; Pour les italianophones (traduction automatique en fran\u00e7ais)\u00a0: \u00a0 \u00a0 Sur ByoBlu, la cha\u00eene des citoyens italiens \u00a0 \u00a0 Ukraine\u00a0: Voici les oligarques qui influencent Zelenski UKRAINE : VOICI LES OLIGARQUES QUI INFLUENCENT ZELENSKY (byoblu.com) \u00a0 \u00a0 \u00a0 Pour quoi se bat-on en\u00a0Ukraine\u00a0? Pour le gaz, bien s\u00fbr&#8230;.<\/p>\n","protected":false},"author":1,"featured_media":0,"parent":0,"menu_order":0,"comment_status":"open","ping_status":"open","template":"","meta":[],"_links":{"self":[{"href":"https:\/\/blog.lesgrossesorchadeslesamplesthalameges.fr\/index.php\/wp-json\/wp\/v2\/pages\/19055"}],"collection":[{"href":"https:\/\/blog.lesgrossesorchadeslesamplesthalameges.fr\/index.php\/wp-json\/wp\/v2\/pages"}],"about":[{"href":"https:\/\/blog.lesgrossesorchadeslesamplesthalameges.fr\/index.php\/wp-json\/wp\/v2\/types\/page"}],"author":[{"embeddable":true,"href":"https:\/\/blog.lesgrossesorchadeslesamplesthalameges.fr\/index.php\/wp-json\/wp\/v2\/users\/1"}],"replies":[{"embeddable":true,"href":"https:\/\/blog.lesgrossesorchadeslesamplesthalameges.fr\/index.php\/wp-json\/wp\/v2\/comments?post=19055"}],"version-history":[{"count":4,"href":"https:\/\/blog.lesgrossesorchadeslesamplesthalameges.fr\/index.php\/wp-json\/wp\/v2\/pages\/19055\/revisions"}],"predecessor-version":[{"id":19132,"href":"https:\/\/blog.lesgrossesorchadeslesamplesthalameges.fr\/index.php\/wp-json\/wp\/v2\/pages\/19055\/revisions\/19132"}],"wp:attachment":[{"href":"https:\/\/blog.lesgrossesorchadeslesamplesthalameges.fr\/index.php\/wp-json\/wp\/v2\/media?parent=19055"}],"curies":[{"name":"wp","href":"https:\/\/api.w.org\/{rel}","templated":true}]}}