{"id":19073,"date":"2022-06-11T20:08:58","date_gmt":"2022-06-11T18:08:58","guid":{"rendered":"http:\/\/blog.lesgrossesorchadeslesamplesthalameges.fr\/?page_id=19073"},"modified":"2022-06-11T20:10:48","modified_gmt":"2022-06-11T18:10:48","slug":"lettre-ouverte-aux-autorites-de-luniversite-de-varsovie","status":"publish","type":"page","link":"https:\/\/blog.lesgrossesorchadeslesamplesthalameges.fr\/index.php\/lettre-ouverte-aux-autorites-de-luniversite-de-varsovie\/","title":{"rendered":"Lettre ouverte aux autorit\u00e9s de l&rsquo;Universit\u00e9 de Varsovie"},"content":{"rendered":"<p>&nbsp;<\/p>\n<p>&nbsp;<\/p>\n<p>&nbsp;<\/p>\n<p>&nbsp;<\/p>\n<p>&nbsp;<\/p>\n<p>&nbsp;<\/p>\n<p>&nbsp;<\/p>\n<p>&nbsp;<\/p>\n<p style=\"text-align: center;\"><span style=\"font-family: 'times new roman', times, serif; font-size: 36pt;\"><strong>Lettre ouverte aux autorit\u00e9s de l&rsquo;Universit\u00e9 de Varsovie<\/strong><\/span><\/p>\n<p>&nbsp;<\/p>\n<p>&nbsp;<\/p>\n<p>&nbsp;<\/p>\n<p style=\"text-align: center;\"><a href=\"http:\/\/blog.lesgrossesorchadeslesamplesthalameges.fr\/index.php\/2022\/06\/11\/nef-des-fous-on-ne-sait-pas-ou-on-va-mais-on-y-va\/14-bielen\/\" rel=\"attachment wp-att-19042\"><img loading=\"lazy\" class=\"alignnone wp-image-19042 size-full\" src=\"http:\/\/blog.lesgrossesorchadeslesamplesthalameges.fr\/wp-content\/uploads\/2022\/06\/14.-Bielen.jpg\" alt=\"\" width=\"300\" height=\"421\" srcset=\"https:\/\/blog.lesgrossesorchadeslesamplesthalameges.fr\/wp-content\/uploads\/2022\/06\/14.-Bielen.jpg 300w, https:\/\/blog.lesgrossesorchadeslesamplesthalameges.fr\/wp-content\/uploads\/2022\/06\/14.-Bielen-214x300.jpg 214w\" sizes=\"(max-width: 300px) 100vw, 300px\" \/><\/a><\/p>\n<p style=\"text-align: center;\"><span style=\"font-family: 'times new roman', times, serif; font-size: 14pt;\"><strong><em>Stanislaw Bielen<\/em><\/strong><\/span><\/p>\n<p>&nbsp;<\/p>\n<p>&nbsp;<\/p>\n<p>&nbsp;<\/p>\n<p style=\"text-align: justify;\"><strong><span style=\"font-family: tahoma, arial, helvetica, sans-serif; font-size: 14pt;\">L&rsquo;escalade du conflit militaire en Ukraine a d\u00e9clench\u00e9 une vague d&rsquo;irrationalisme qui s&rsquo;est propag\u00e9e \u00e0 la plupart des pays de la r\u00e9gion et a affect\u00e9 de nombreux domaines et aspects de la vie sociale. Le transfert des conflits politiques aux universit\u00e9s a \u00e9t\u00e9 particuli\u00e8rement dangereux et socialement destructeur. Un cas concret qui nous a pouss\u00e9s \u00e0 r\u00e9agir sous la forme de cette lettre est celui des actions scandaleuses prises par des fonctionnaires de rang inf\u00e9rieur de l&rsquo;Universit\u00e9 de Varsovie contre un enseignant-chercheur de longue date (46 ans en poste) distingu\u00e9 et respect\u00e9 de cette universit\u00e9, <a href=\"https:\/\/wnpism.uw.edu.pl\/en\/pracownicy\/bielen-stanislaw\/\">le professeur Stanis\u0142aw Bielen.<\/a> Ces actions portent la marque d&rsquo;un harc\u00e8lement ill\u00e9gal dict\u00e9 par l&rsquo;hostilit\u00e9 envers la personne du Professeur et l&rsquo;aversion pour ses vues et opinions exprim\u00e9es dans le cadre de la libert\u00e9 acad\u00e9mique. Sur la base d&rsquo;accusations non sp\u00e9cifi\u00e9es et impr\u00e9cises port\u00e9es au bureau du doyen par des personnes dont l\u2019identit\u00e9 n\u2019a pas \u00e9t\u00e9 divulgu\u00e9e, des responsables acad\u00e9miques &#8211; le doyen et le vice-doyen de la facult\u00e9 des sciences politiques de l\u2019universit\u00e9 &#8211; sans proc\u00e9der \u00e0 une v\u00e9rification approfondie des d\u00e9nonciations qui leur ont \u00e9t\u00e9 fournies conform\u00e9ment aux proc\u00e9dures prescrites, sans pr\u00e9senter formellement les all\u00e9gations \u00e0 celui qui a \u00e9t\u00e9 calomni\u00e9 et sans entendre sa position sur la question, ont d\u00e9cid\u00e9 de retirer imm\u00e9diatement au professeur Bielen un de ses enseignements, et sans en informer ses \u00e9tudiants.<\/span><\/strong><\/p>\n<p>&nbsp;<\/p>\n<p style=\"text-align: justify;\"><span style=\"font-family: 'times new roman', times, serif; font-size: 14pt;\">Nous consid\u00e9rons qu&rsquo;un tel comportement est inacceptable dans un \u00e9tat de droit civilis\u00e9, incompatible avec les normes des relations sociales et contraire aux principes fondamentaux de la libert\u00e9, de l&rsquo;ind\u00e9pendance et de la neutralit\u00e9 universitaires. Ils rappellent des \u00e9pisodes du pass\u00e9 peu glorieux de l&rsquo;universit\u00e9 de Varsovie : la discrimination raciale et la pers\u00e9cution pour ses opinions pendant les ann\u00e9es de la dictature de la \u00ab\u00a0sanacja\u00a0\u00bb (1926-1939), la tentative totalitaire de casser la droiture des enseignants pendant la p\u00e9riode stalinienne et la pers\u00e9cution antis\u00e9mite de mars 1968. Au cours de ces p\u00e9riodes, l&rsquo;universit\u00e9 avait comme aujourd\u2019hui perdu sa boussole morale, pla\u00e7ant le pouvoir sur la communaut\u00e9 universitaire entre les mains de personnes ne poss\u00e9dant pas les comp\u00e9tences \u00e9thiques et intellectuelles suffisantes. Pouss\u00e9es par le d\u00e9sir d&rsquo;avancement personnel, ces personnes \u00e9taient enclines \u00e0 nuire aux autres en portant de fausses accusations contre eux et en cr\u00e9ant une atmosph\u00e8re d&rsquo;ostracisme collectif autour d&rsquo;eux.<\/span><\/p>\n<p>&nbsp;<\/p>\n<p style=\"text-align: justify;\"><span style=\"font-family: 'times new roman', times, serif; font-size: 14pt;\">Nous appelons les plus hautes autorit\u00e9s statutaires de l&rsquo;Universit\u00e9 de Varsovie \u00e0 prendre des mesures d\u00e9cisives pour mettre fin \u00e0 ces abus et \u00e0 \u00e9touffer dans l&rsquo;\u0153uf toute tentative de politisation de l&rsquo;acad\u00e9mie. Comme tout \u00c9tat de droit d\u00e9mocratique, la Pologne et ses institutions publiques doivent respecter l&rsquo;\u00e9tat de droit, les r\u00e8gles civilis\u00e9es de la coexistence sociale et les principes de la culture politique, tant \u00e9crits que non \u00e9crits. Dans les situations o\u00f9 la paix mondiale est menac\u00e9e, le principe de la libert\u00e9 de la recherche scientifique, de la libert\u00e9 de l&rsquo;enseignement universitaire et de la libert\u00e9 de discussion doit \u00eatre particuli\u00e8rement prot\u00e9g\u00e9. La soci\u00e9t\u00e9 a le droit de b\u00e9n\u00e9ficier des fruits de ces libert\u00e9s afin de se forger des opinions et des attitudes appropri\u00e9es \u00e0 un moment de d\u00e9cision difficile. La censure politique des discours, l&rsquo;ing\u00e9rence politique dans le processus d&rsquo;enseignement, le blocage des discussions, le b\u00e2illonnement administratif des professeurs sont non seulement en contradiction avec la mission de l&rsquo;universit\u00e9, mais dans une perspective imm\u00e9diate, ils nuisent \u00e0 la soci\u00e9t\u00e9. Si des \u00e9tudiants ou d&rsquo;autres employ\u00e9s de l&rsquo;universit\u00e9 qui se cachent derri\u00e8re leur dos ne sont pas d&rsquo;accord avec des opinions sp\u00e9cifiques exprim\u00e9es ouvertement par le professeur Bielen, ils devraient utiliser leurs droits et leur libert\u00e9 d&rsquo;expression et le confronter au niveau de la discussion de fond et de l&rsquo;\u00e9valuation d&rsquo;arguments rationnels, au lieu d&rsquo;utiliser des m\u00e9thodes honteuses, discr\u00e9dit\u00e9es \u00e0 de nombreuses reprises dans le pass\u00e9.<\/span><\/p>\n<p>&nbsp;<\/p>\n<p style=\"text-align: justify;\"><span style=\"font-family: 'times new roman', times, serif; font-size: 14pt;\">Nous lan\u00e7ons un appel pressant \u00e0 la communaut\u00e9 universitaire et \u00e0 ses plus hautes autorit\u00e9s intellectuelles et morales pour qu&rsquo;elles \u00e9liminent les pratiques honteuses de l&rsquo;environnement et condamnent les attitudes irresponsables et immatures, ainsi que pour qu&rsquo;elles permettent un d\u00e9bat de fond aussi large que possible, fond\u00e9 sur l&rsquo;acceptation et le respect mutuels. Personne n&rsquo;a ou n&rsquo;a re\u00e7u le droit de revendiquer le monopole de la l\u00e9gitimit\u00e9. L&rsquo;universit\u00e9 est un lieu de confrontation d&rsquo;arguments et de logiques, et non un champ de lutte politique men\u00e9 \u00e0 l&rsquo;aide de moyens issus de l&rsquo;arsenal des r\u00e9gimes totalitaires. Outre les dommages sociaux incalculables, une \u00ab\u00a0chasse aux sorci\u00e8res\u00a0\u00bb scandaleuse d\u00e9clench\u00e9e pour de basses motivations portera \u00e9galement atteinte \u00e0 l&rsquo;image de l&rsquo;Universit\u00e9. Pour \u00e9viter cela, les autorit\u00e9s universitaires doivent prendre d&rsquo;urgence les mesures appropri\u00e9es, avant qu&rsquo;il ne soit trop tard.<\/span><\/p>\n<p>&nbsp;<\/p>\n<p>&nbsp;<\/p>\n<p>&nbsp;<\/p>\n<p style=\"text-align: center;\"><a href=\"http:\/\/blog.lesgrossesorchadeslesamplesthalameges.fr\/index.php\/2022\/06\/11\/nef-des-fous-on-ne-sait-pas-ou-on-va-mais-on-y-va\/13-kotwicka\/\" rel=\"attachment wp-att-19041\"><img loading=\"lazy\" class=\"alignnone size-full wp-image-19041\" src=\"http:\/\/blog.lesgrossesorchadeslesamplesthalameges.fr\/wp-content\/uploads\/2022\/06\/13.-Kotwicka.jpg\" alt=\"\" width=\"150\" height=\"93\" \/><\/a><\/p>\n<p>&nbsp;<\/p>\n<p>&nbsp;<\/p>\n<p>&nbsp;<\/p>\n<p style=\"text-align: justify;\"><span style=\"font-family: 'times new roman', times, serif; font-size: 18pt;\"><strong>Open letter to the authorities of the University of Warsaw<\/strong><\/span><\/p>\n<p>&nbsp;<\/p>\n<p style=\"text-align: justify;\"><span style=\"font-family: 'times new roman', times, serif; font-size: 14pt;\">The escalation of the military conflict in Ukraine triggered a wave of irrationalism that spread to most countries in the region and affected many areas and aspects of social life. Particularly dangerous and socially destructive was the transfer of political conflicts to universities. A concrete case that prompted us to react in the form of this letter were the outrageous actions taken by lower-ranking officials of the University of Warsaw against a distinguished and respected long-term (46 years of work) research and teaching employee of this university, Professor Stanis\u0142aw Bielen. These actions bear the hallmarks of unlawful harassment dictated by hostility to the person of the Professor and dislike for his views and opinions expressed within the framework of academic freedom. On the basis of unspecified and unspecific accusations made to the Dean&rsquo;s Office by undisclosed individuals, academic officials &#8211; the Dean and the Deputy Dean of the Faculty of Political Sciences of the Warsaw University &#8211; without conducting a thorough verification of the reports in accordance with the prescribed procedures, without formally presenting the allegations to the victim of these accusations and without hearing his\/her position on the matter, decided to immediately remove Professor Bielen from teaching, without informing his\/her students.<\/span><\/p>\n<p>&nbsp;<\/p>\n<p style=\"text-align: justify;\"><span style=\"font-family: 'times new roman', times, serif; font-size: 14pt;\">We regard such behaviour as unacceptable in a civilised state of law, incompatible with the norms of social intercourse and contrary to the fundamental principles of academic freedom, independence and neutrality. They bring to mind episodes from the University of Warsaw&rsquo;s inglorious past: racial discrimination and persecution for opinions during the years of \u00ab\u00a0Sanacja\u00a0\u00bb dictatorship (1926-1939), the totalitarian breaking of moral backbones during the Stalinist period and the anti-Semitic persecution of March 1968. In those periods too, the university lost its moral compass, placing the power over the academic community in the hands of people without sufficient ethical and intellectual competence. Driven by a desire for personal advancement, these people were inclined to harm others by making false accusations against them and creating an atmosphere of collective ostracism around them.<\/span><\/p>\n<p>&nbsp;<\/p>\n<p style=\"text-align: justify;\"><span style=\"font-family: 'times new roman', times, serif; font-size: 14pt;\">We call on the highest statutory author<\/span><span style=\"font-family: 'times new roman', times, serif; font-size: 14pt;\">ities of the academy to take decisive action to put an end to these abuses and to nip in the bud any attempts to politicise the academy. Like any democratic state under the rule of law, Poland and its public institutions should respect the rule of law, civilised rules of social coexistence and the principles of political culture, both written and unwritten. In situations where world peace is threatened, the principle of freedom of scientific research, freedom of academic teaching and freedom of discussion shall be particularly protected. Society has the right to benefit from the fruits of these freedoms in order to develop appropriate opinions and attitudes for itself at a difficult time of decision. Political censorship of speech, political interference in the teaching process, blocking of discussions, administrative gagging of professors not only contradict the mission of the university, but in the immediate perspective harm society. If students or other university employees hiding behind their backs do not agree with specific opinions openly expressed by Prof. Bielen, they should use their rights and freedom of speech and confront him on the level of substantive discussion and evaluation of rational arguments, instead of using disgraceful methods, discredited many times in the past.<\/span><\/p>\n<p>&nbsp;<\/p>\n<p style=\"text-align: justify;\"><span style=\"font-family: 'times new roman', times, serif; font-size: 14pt;\">We strongly appeal to the academic community and its highest intellectual and moral authorities to eliminate disgraceful practices from the environment and to condemn irresponsible, immature attitudes, as well as to enable the broadest possible substantive discussion based on mutual acceptance and respect. No one has the right to claim a monopoly on legitimacy. The university is a place of confrontation of arguments and rationales, and not a field of political struggle carried out with the help of means from the arsenal of totalitarian regimes. Apart from incalculable social damage, a scandalous \u00ab\u00a0witch-hunt\u00a0\u00bb unleashed for low motives will also cause damage to the University&rsquo;s image. To prevent this, the university authorities should take appropriate action as a matter of urgency, before it is too late.<\/span><\/p>\n<p>&nbsp;<\/p>\n<p>&nbsp;<\/p>\n<p>&nbsp;<\/p>\n<p style=\"text-align: center;\"><img src=\"http:\/\/blog.lesgrossesorchadeslesamplesthalameges.fr\/wp-content\/uploads\/2022\/06\/13.-Kotwicka.jpg\" \/><\/p>\n<p style=\"text-align: justify;\"><span style=\"font-family: 'times new roman', times, serif; font-size: 14pt;\"><strong>\u00a0<\/strong><\/span><\/p>\n<p>&nbsp;<\/p>\n<p>&nbsp;<\/p>\n<p style=\"text-align: justify;\"><span style=\"font-family: 'times new roman', times, serif; font-size: 18pt;\"><strong>List otwarty do w\u0142adz Uniwersytetu Warszawskiego<\/strong><\/span><\/p>\n<p>&nbsp;<\/p>\n<p style=\"text-align: justify;\"><span style=\"font-family: 'times new roman', times, serif; font-size: 14pt;\">Eskalacja konfliktu militarnego na Ukrainie wywo\u0142a\u0142a fal\u0119 irracjonalizmu, kt\u00f3ra rozla\u0142a si\u0119 na wi\u0119kszo\u015b\u0107 pa\u0144stw regionu i dotkn\u0119\u0142a wielu obszar\u00f3w i aspekt\u00f3w \u017cycia spo\u0142ecznego. Szczeg\u00f3lnie niebezpieczne i destrukcyjne spo\u0142ecznie by\u0142o przeniesienie konflikt\u00f3w politycznych na teren uniwersytet\u00f3w. Konkretnym przypadkiem, kt\u00f3ry sk\u0142oni\u0142 nas do reakcji w formie niniejszego listu by\u0142y oburzaj\u0105ce dzia\u0142ania podj\u0119te przez ni\u017cszej rangi urz\u0119dnik\u00f3w Uniwersytetu Warszawskiego przeciwko zas\u0142u\u017conemu i cenionemu wieleoletniemu (46 lat pracy) pracownikowi naukowo-dydaktycznemu tej uczelni, profesorowi dr. hab. Stanis\u0142awowi Bieleniowi. Dzia\u0142ania te nosz\u0105 cechy bezprawnych szykan dyktowanych wrogo\u015bci\u0105 do osoby Profesora oraz niech\u0119ci\u0105 do g\u0142oszonych przez niego w ramach wolno\u015bci akademickiech pogl\u0105d\u00f3w i opinii. Na podstawie\u00a0 niesprecyzowanych i niekonkretnych oskar\u017ce\u0144 skierowanych do Dziekanatu przez nieujawnione osoby, urz\u0119dnicy akademiccy \u2013 Dziekan i Prodziekan Wydzia\u0142u Nauk Politycznych \u2013 bez przeprowadzenia rzetelnej weryfikacji donos\u00f3w zgodnej z przewidzianymi procedurami, bez formalnego przedstawienia zarzut\u00f3w pom\u00f3wionemu, bez wys\u0142uchania jego stanowiska w sprawie \u2013 postanowili natychmiastowo odsun\u0105\u0107 Profesora od zaj\u0119\u0107 dydaktycznych, nie informuj\u0105c o tym jego student\u00f3w.<\/span><\/p>\n<p>&nbsp;<\/p>\n<p style=\"text-align: justify;\"><span style=\"font-family: 'times new roman', times, serif; font-size: 14pt;\">Uwa\u017camy takie post\u0119powanie za niedopuszczalne w cywilizowanym pa\u0144stwie prawa, niezgodne z normami wsp\u00f3\u0142\u017cycia spo\u0142ecznego i sprzeczne z fundamentalnymi zasadami wolno\u015bci, niezale\u017cno\u015bci i neutralno\u015bci akademickiej. Przywodz\u0105 one na my\u015bl epizody z niechlubnej przesz\u0142o\u015bci Uniwersytetu Warszawskiego: dyskryminacji rasowej i prze\u015bladowa\u0144 za pogl\u0105dy w latach sanacji, totalitarnego \u0142amania kr\u0119gos\u0142up\u00f3w moralnych w okresie stalinowskim i prze\u015bladowa\u0144 antysemickich z marca 1968 roku. R\u00f3wnie\u017c w tamtych okresach uniwersytet utraci\u0142 busol\u0119 moraln\u0105, oddaj\u0105c w\u0142adz\u0119 nad spo\u0142eczno\u015bci\u0105 akademick\u0105 w r\u0119ce os\u00f3b niemaj\u0105cych dostatecznych kompetencji etycznych i intelektualnych. Powodowane ch\u0119ci\u0105 osobistego awansu osoby te sk\u0142onne by\u0142y szkodzi\u0107 innym wysuwaj\u0105c wobec nich fa\u0142szywe oskar\u017cenia i wywo\u0142uj\u0105c wok\u00f3\u0142 nich atmosfer\u0119 zbiorowego ostracyzmu.<\/span><\/p>\n<p>&nbsp;<\/p>\n<p style=\"text-align: justify;\"><span style=\"font-family: 'times new roman', times, serif; font-size: 14pt;\">Wzywamy najwy\u017csze statutowe w\u0142adze uczelni do podj\u0119cia stanowczych dzia\u0142a\u0144, kt\u00f3re po\u0142o\u017c\u0105 kres nadu\u017cyciom i wykorzeni\u0105 w zarodku wszelkie pr\u00f3by upolityczniania akademii. Jak ka\u017cde demokratyczne pa\u0144stwo prawa, Polska i jej instytucje publiczne powinny przestrzega\u0107 praworz\u0105dno\u015bci, cywilizowanych regu\u0142 wsp\u00f3\u0142\u017cycia spo\u0142ecznego oraz zasad kultury politycznej, tak pisanych, jak i niepisanych. W sytuacjach zagro\u017cenia pokoju \u015bwiatowego szczeg\u00f3lnej ochronie powinna podlega\u0107 zasada swobody bada\u0144 naukowych, swobody nauczania akademickiego i wolno\u015bci dyskusji. Spo\u0142ecze\u0144stwo ma prawo do korzystania z owoc\u00f3w tych swob\u00f3d, by w trudnym czasie decyzji wypracowa\u0107 dla siebie odpowiednie opinie i postawy. Polityczna cenzura wypowiedzi, polityczne ingerencje w proces dydaktyczny, blokowanie dyskusji, administracyjne kneblowanie ust profesorom nie tylko s\u0105 sprzeczne z misj\u0105 uniwersytetu, ale w bezpo\u015bredniej perspektywie szkodz\u0105 spo\u0142ecze\u0144stwu. Je\u015bli studenci lub ukrywaj\u0105cy si\u0119 za ich plecami inni pracownicy uczelni nie zgadzaj\u0105 si\u0119 z konkretnymi opiniami g\u0142oszonymi otwarcie przez prof. Bielenia, to powinni skorzysta\u0107 z w\u0142asnych praw i wolno\u015bci wypowiedzi i skonfrontowa\u0107 si\u0119 z nim na p\u0142aszczy\u017anie merytorycznej dyskusji i ewaluacji racjonalnych argument\u00f3w, zamiast pos\u0142ugiwa\u0107 si\u0119 haniebnymi metodami, wielokrotnie skompromitowanymi w przesz\u0142o\u015bci.<\/span><\/p>\n<p>&nbsp;<\/p>\n<p style=\"text-align: justify;\"><span style=\"font-family: 'times new roman', times, serif; font-size: 14pt;\">Stanowczo apelujemy do spo\u0142eczno\u015bci akademickiej i jej najwy\u017cszych autorytet\u00f3w intelektualnych i moralnych o wyeliminowanie ze \u015brodowiska niechlubnych praktyk i napi\u0119tnowanie nieodpowiedzialnych, niedojrza\u0142ych postaw oraz o umo\u017cliwienie jak najszerszej, otwartej i opartej na wzajemnej akceptacji i szacunku dyskusji merytorycznej. Nikt nie posiada, i nie ma prawa przypisywa\u0107 sobie, monopolu na prawomy\u015blno\u015b\u0107. Uniwersytet jest miejscem konfrontacji argument\u00f3w i racji, a nie polem walki politycznej toczonej przy pomocy \u015brodk\u00f3w z arsena\u0142u re\u017cim\u00f3w totalitarnych. Rozp\u0119tane z niskich pobudek skandaliczne \u00ab\u00a0polowanie na czarownice\u00a0\u00bb poza nieobliczalnymi szkodami spo\u0142ecznymi spowoduje r\u00f3wnie\u017c szkody wizerunkowe dla Uniwersytetu. By temu zapobiec, w\u0142adze uczelni powinny w trybie pilnym podj\u0105\u0107 stosowne dzia\u0142ania nim b\u0119dzie za p\u00f3\u017ano.<\/span><\/p>\n<p>&nbsp;<\/p>\n<p>&nbsp;<\/p>\n<p>&nbsp;<\/p>\n<p style=\"text-align: center;\"><img src=\"http:\/\/blog.lesgrossesorchadeslesamplesthalameges.fr\/wp-content\/uploads\/2022\/06\/13.-Kotwicka.jpg\" \/><\/p>\n<p>&nbsp;<\/p>\n<p>&nbsp;<\/p>\n<p>&nbsp;<\/p>\n<p style=\"text-align: justify;\"><span style=\"font-family: 'times new roman', times, serif; font-size: 18pt;\"><strong>Signatures \/ Podpisy\u00a0:<\/strong><\/span><\/p>\n<p style=\"text-align: justify;\"><span style=\"font-family: 'times new roman', times, serif; font-size: 14pt;\"><strong>\u00a0<\/strong><\/span><\/p>\n<p style=\"text-align: justify;\"><span style=\"font-family: 'times new roman', times, serif; font-size: 14pt;\">Bruno Drweski, Dr. Hab. INALCO, Paris<\/span><\/p>\n<p style=\"text-align: justify;\"><span style=\"font-family: 'times new roman', times, serif; font-size: 14pt;\">Ginette Hess Skandrani, r\u00e9dactrice de <em>La voix de la Syrie.com<\/em> et de <em>La Voix de la Libye.com\u00a0\u00a0 <\/em><\/span><\/p>\n<p style=\"text-align: justify;\"><span style=\"font-family: 'times new roman', times, serif; font-size: 14pt;\">Catherine Lieutenant, \u00e9d. La Thalam\u00e8ge, Li\u00e8ge<\/span><\/p>\n<p>&nbsp;<\/p>\n<p>&nbsp;<\/p>\n<p>&nbsp;<\/p>\n<p style=\"text-align: center;\"><a href=\"http:\/\/blog.lesgrossesorchadeslesamplesthalameges.fr\/index.php\/lettre-ouverte-aux-autorites-de-luniversite-de-varsovie\/000-dangerous-times-14\/\" rel=\"attachment wp-att-19074\"><img loading=\"lazy\" class=\"alignnone size-full wp-image-19074\" src=\"http:\/\/blog.lesgrossesorchadeslesamplesthalameges.fr\/wp-content\/uploads\/2022\/06\/000.-dangerous-times-1.gif\" alt=\"\" width=\"70\" height=\"63\" \/><\/a><\/p>\n<p>&nbsp;<\/p>\n<p>&nbsp;<\/p>\n<p>&nbsp;<\/p>\n<p style=\"text-align: left;\"><strong><span style=\"font-family: 'times new roman', times, serif; font-size: 14pt;\">URL de cet article : <a href=\"http:\/\/blog.lesgrossesorchadeslesamplesthalameges.fr\/index.php\/lettre-ouverte-aux-autorites-de-luniversite-de-varsovie\/\">Lettre ouverte aux autorit\u00e9s de l\u2019Universit\u00e9 de Varsovie \u2013 Les Grosses Orchades, les Amples Thalam\u00e8ges, le blog (lesgrossesorchadeslesamplesthalameges.fr)<\/a>\u00a0<\/span><\/strong><\/p>\n<p>&nbsp;<\/p>\n<p>&nbsp;<\/p>\n<p>&nbsp;<\/p>\n<p style=\"text-align: right;\"><span style=\"font-family: 'comic sans ms', sans-serif; font-size: 14pt;\">Juin 2022<\/span><\/p>\n<p>&nbsp;<\/p>\n<p>&nbsp;<\/p>\n<p>&nbsp;<\/p>\n","protected":false},"excerpt":{"rendered":"<p>&nbsp; &nbsp; &nbsp; &nbsp; &nbsp; &nbsp; &nbsp; &nbsp; Lettre ouverte aux autorit\u00e9s de l&rsquo;Universit\u00e9 de Varsovie &nbsp; &nbsp; &nbsp; Stanislaw Bielen &nbsp; &nbsp; &nbsp; L&rsquo;escalade du conflit militaire en Ukraine a d\u00e9clench\u00e9 une vague d&rsquo;irrationalisme qui s&rsquo;est propag\u00e9e \u00e0 la plupart des pays de la r\u00e9gion et a affect\u00e9 de nombreux domaines et aspects de&#8230;<\/p>\n","protected":false},"author":1,"featured_media":0,"parent":0,"menu_order":0,"comment_status":"open","ping_status":"open","template":"","meta":[],"_links":{"self":[{"href":"https:\/\/blog.lesgrossesorchadeslesamplesthalameges.fr\/index.php\/wp-json\/wp\/v2\/pages\/19073"}],"collection":[{"href":"https:\/\/blog.lesgrossesorchadeslesamplesthalameges.fr\/index.php\/wp-json\/wp\/v2\/pages"}],"about":[{"href":"https:\/\/blog.lesgrossesorchadeslesamplesthalameges.fr\/index.php\/wp-json\/wp\/v2\/types\/page"}],"author":[{"embeddable":true,"href":"https:\/\/blog.lesgrossesorchadeslesamplesthalameges.fr\/index.php\/wp-json\/wp\/v2\/users\/1"}],"replies":[{"embeddable":true,"href":"https:\/\/blog.lesgrossesorchadeslesamplesthalameges.fr\/index.php\/wp-json\/wp\/v2\/comments?post=19073"}],"version-history":[{"count":8,"href":"https:\/\/blog.lesgrossesorchadeslesamplesthalameges.fr\/index.php\/wp-json\/wp\/v2\/pages\/19073\/revisions"}],"predecessor-version":[{"id":19082,"href":"https:\/\/blog.lesgrossesorchadeslesamplesthalameges.fr\/index.php\/wp-json\/wp\/v2\/pages\/19073\/revisions\/19082"}],"wp:attachment":[{"href":"https:\/\/blog.lesgrossesorchadeslesamplesthalameges.fr\/index.php\/wp-json\/wp\/v2\/media?parent=19073"}],"curies":[{"name":"wp","href":"https:\/\/api.w.org\/{rel}","templated":true}]}}