{"id":19103,"date":"2022-06-11T21:57:03","date_gmt":"2022-06-11T19:57:03","guid":{"rendered":"http:\/\/blog.lesgrossesorchadeslesamplesthalameges.fr\/?page_id=19103"},"modified":"2022-06-11T22:02:41","modified_gmt":"2022-06-11T20:02:41","slug":"pour-une-fois-quil-se-passe-en-belgique-autre-chose-que-de-la-plat-ventrisme-devant-les-zuniens","status":"publish","type":"page","link":"https:\/\/blog.lesgrossesorchadeslesamplesthalameges.fr\/index.php\/pour-une-fois-quil-se-passe-en-belgique-autre-chose-que-de-la-plat-ventrisme-devant-les-zuniens\/","title":{"rendered":"Pour une fois qu\u2019il se passe en Belgique autre chose que de l\u2019\u00e0-plat-ventrisme devant les Zuniens\u2026"},"content":{"rendered":"<p>&nbsp;<\/p>\n<p>&nbsp;<\/p>\n<p>&nbsp;<\/p>\n<p>&nbsp;<\/p>\n<p>&nbsp;<\/p>\n<p>&nbsp;<\/p>\n<p>&nbsp;<\/p>\n<p>&nbsp;<\/p>\n<p style=\"text-align: center;\"><span style=\"font-family: 'times new roman', times, serif; font-size: 36pt;\"><strong>Pour une fois qu\u2019il se passe en Belgique autre chose que de l\u2019\u00e0-plat-ventrisme devant les Zuniens\u2026<\/strong><\/span><\/p>\n<p>&nbsp;<\/p>\n<p>&nbsp;<\/p>\n<p style=\"text-align: justify;\"><span style=\"font-family: 'times new roman', times, serif; font-size: 14pt;\"><strong>\u00a0<\/strong><\/span><\/p>\n<p style=\"text-align: left;\"><span style=\"font-family: 'times new roman', times, serif; font-size: 14pt;\"><strong><em><span style=\"font-size: 18pt;\">Si les lib\u00e9raux progressistes n\u2019avaient pas exist\u00e9, aurait-il vraiment fallu les inventer ? Mais, bon, bref, il y a Anne Morelli<\/span>.<\/em><\/strong><\/span><\/p>\n<p style=\"text-align: justify;\"><span style=\"font-family: 'times new roman', times, serif; font-size: 14pt;\"><strong><em>\u00a0<\/em><\/strong><\/span><\/p>\n<p>&nbsp;<\/p>\n<p>&nbsp;<\/p>\n<p style=\"text-align: center;\"><span style=\"font-family: 'times new roman', times, serif; font-size: 14pt;\"><strong><em>\u00a0<a href=\"http:\/\/blog.lesgrossesorchadeslesamplesthalameges.fr\/index.php\/pour-une-fois-quil-se-passe-en-belgique-autre-chose-que-de-la-plat-ventrisme-devant-les-zuniens\/20-bandeau-morelli-2\/\" rel=\"attachment wp-att-19104\"><img loading=\"lazy\" class=\"alignnone wp-image-19104 size-full\" src=\"http:\/\/blog.lesgrossesorchadeslesamplesthalameges.fr\/wp-content\/uploads\/2022\/06\/20.-Bandeau-Morelli-1.jpg\" alt=\"\" width=\"600\" height=\"172\" srcset=\"https:\/\/blog.lesgrossesorchadeslesamplesthalameges.fr\/wp-content\/uploads\/2022\/06\/20.-Bandeau-Morelli-1.jpg 600w, https:\/\/blog.lesgrossesorchadeslesamplesthalameges.fr\/wp-content\/uploads\/2022\/06\/20.-Bandeau-Morelli-1-300x86.jpg 300w\" sizes=\"(max-width: 600px) 100vw, 600px\" \/><\/a><\/em><\/strong><\/span><\/p>\n<p style=\"text-align: justify;\"><span style=\"font-family: 'times new roman', times, serif; font-size: 14pt;\"><strong><em>\u00a0<\/em><\/strong><\/span><\/p>\n<p>&nbsp;<\/p>\n<p>&nbsp;<\/p>\n<p style=\"text-align: justify;\"><span style=\"font-family: 'times new roman', times, serif; font-size: 14pt;\">Ch\u00e8res amies, Chers amis du Centre d&rsquo;Histoire et de Sociologie des Gauches de l&rsquo;ULB,<\/span><\/p>\n<p>&nbsp;<\/p>\n<p style=\"text-align: justify;\"><span style=\"font-family: 'times new roman', times, serif; font-size: 14pt;\">Ce <strong>jeudi 16 juin 2022 de 15h \u00e0 17h<\/strong>, le Centre d\u2019Histoire et de Sociologie des gauches a le plaisir de vous inviter au <strong>vernissage de l\u2019exposition<\/strong> \u00ab\u00a0LOUIS METTEWIE, bien plus qu\u2019un boulevard\u00a0\u00bb, en pr\u00e9sence d\u2019Anne Morelli, commissaire de l\u2019exposition. Voir le carton d\u2019invitation :<\/span><\/p>\n<p style=\"text-align: center;\"><a href=\"http:\/\/blog.lesgrossesorchadeslesamplesthalameges.fr\/index.php\/2022\/06\/11\/nef-des-fous-on-ne-sait-pas-ou-on-va-mais-on-y-va\/000-freccia-nera-piccola-xx-42\/\" rel=\"attachment wp-att-19050\"><img loading=\"lazy\" class=\"alignnone size-full wp-image-19050\" src=\"http:\/\/blog.lesgrossesorchadeslesamplesthalameges.fr\/wp-content\/uploads\/2022\/06\/000.-freccia-nera-piccola-xx.gif\" alt=\"\" width=\"46\" height=\"46\" \/><\/a><\/p>\n<p style=\"text-align: center;\"><strong><span style=\"font-family: 'times new roman', times, serif; font-size: 14pt;\"><a href=\"https:\/\/chsg.ulb.ac.be\/wp-content\/uploads\/2022\/06\/Mettewie_carton_invitation.pdf\">Mettewie_carton_invitation.pdf (ulb.ac.be)<\/a><\/span><\/strong><\/p>\n<p>&nbsp;<\/p>\n<p>&nbsp;<\/p>\n<p>&nbsp;<\/p>\n<p style=\"text-align: center;\"><a href=\"http:\/\/blog.lesgrossesorchadeslesamplesthalameges.fr\/index.php\/2022\/06\/11\/nef-des-fous-on-ne-sait-pas-ou-on-va-mais-on-y-va\/21-mettewxie\/\" rel=\"attachment wp-att-19049\"><img loading=\"lazy\" class=\"alignnone wp-image-19049\" src=\"http:\/\/blog.lesgrossesorchadeslesamplesthalameges.fr\/wp-content\/uploads\/2022\/06\/21.-Mettewxie-213x300.jpg\" alt=\"\" width=\"400\" height=\"563\" srcset=\"https:\/\/blog.lesgrossesorchadeslesamplesthalameges.fr\/wp-content\/uploads\/2022\/06\/21.-Mettewxie-213x300.jpg 213w, https:\/\/blog.lesgrossesorchadeslesamplesthalameges.fr\/wp-content\/uploads\/2022\/06\/21.-Mettewxie.jpg 400w\" sizes=\"(max-width: 400px) 100vw, 400px\" \/><\/a><\/p>\n<p>&nbsp;<\/p>\n<p style=\"text-align: center;\"><strong><span style=\"font-family: 'times new roman', times, serif; font-size: 14pt;\"><em>\u00a0<\/em><\/span><\/strong><\/p>\n<p style=\"text-align: justify;\"><span style=\"font-family: 'times new roman', times, serif; font-size: 14pt;\"><strong><em>\u00a0<\/em><\/strong><\/span><\/p>\n<p style=\"text-align: justify;\"><span style=\"font-family: 'times new roman', times, serif; font-size: 14pt;\">L\u2019exposition sera visible, en plein air, <strong>du 17 juin au 22 septembre 2022<\/strong>.<\/span><\/p>\n<p style=\"text-align: justify;\"><span style=\"font-family: 'times new roman', times, serif; font-size: 14pt;\">Un livre accompagne l\u2019exposition : \u00ab\u00a0Louis Mettewie, bien plus qu\u2019un boulevard. Un bourgmestre visionnaire \u00e0 Molenbeek\u00a0\u00bb, sous la dir. d\u2019Anne Morelli, aux \u00e9ditions Couleur Livres (pour commander\u00a0:<\/span><\/p>\n<p style=\"text-align: center;\"><a href=\"http:\/\/blog.lesgrossesorchadeslesamplesthalameges.fr\/index.php\/2022\/06\/11\/nef-des-fous-on-ne-sait-pas-ou-on-va-mais-on-y-va\/000-freccia-nera-piccola-xx-42\/\" rel=\"attachment wp-att-19050\"><img loading=\"lazy\" class=\"alignnone size-full wp-image-19050\" src=\"http:\/\/blog.lesgrossesorchadeslesamplesthalameges.fr\/wp-content\/uploads\/2022\/06\/000.-freccia-nera-piccola-xx.gif\" alt=\"\" width=\"46\" height=\"46\" \/><\/a><\/p>\n<p style=\"text-align: center;\"><strong><span style=\"font-family: 'times new roman', times, serif; font-size: 14pt;\"><a href=\"https:\/\/chsg.ulb.ac.be\/wp-content\/uploads\/2022\/06\/bon-commande-mettewie-A4-quadri.pdf\">bon-commande-mettewie-A4-quadri.pdf (ulb.ac.be)<\/a>)<\/span><\/strong><\/p>\n<p>&nbsp;<\/p>\n<p>&nbsp;<\/p>\n<p>&nbsp;<\/p>\n<p style=\"text-align: justify;\"><span style=\"font-family: 'times new roman', times, serif; font-size: 14pt;\">\u00ab\u00a0Louis Mettewie ? C\u2019est un boulevard \u00e0 Bruxelles ? Oui, mais ce nom n\u2019est pas que celui de cette art\u00e8re de plus de 2 km qui traverse le nord de la capitale. C\u2019est celui d\u2019un homme-orchestre. Certes bourgmestre de Molenbeek mais aussi pr\u00e9curseur dans divers domaines.<\/span><\/p>\n<p>&nbsp;<\/p>\n<p style=\"text-align: justify;\"><span style=\"font-family: 'times new roman', times, serif; font-size: 14pt;\">En 1897, il construit et d\u00e9pose un brevet de v\u00e9lo pliant (\u00ab Belgica \u00bb) que l\u2019arm\u00e9e belge adoptera pour ses r\u00e9giments cyclistes. Il construit dans ses ateliers de Molenbeek, et met en vente des automobiles (\u00ab Belgica \u00bb \u00e9galement), d\u2019abord \u00e9lectriques (en 1899 !) puis \u00e0 p\u00e9trole (1901). Il cr\u00e9e \u00e0 Bruxelles le premier \u00ab Salon de l\u2019auto \u00bb (1902) et s\u2019av\u00e8re un industriel de grande stature. Mais il donne cong\u00e9 \u00e0 \u00ab ses \u00bb ouvriers le Premier Mai, leur permettant ainsi d\u2019aller manifester car, politiquement, c\u2019est un lib\u00e9ral progressiste, qui lutte afin que tout le monde (m\u00eame les femmes !) ait le droit de voter \u00e0 \u00e9galit\u00e9, ce qui est une revendication de la gauche avant la Premi\u00e8re Guerre mondiale.<\/span><\/p>\n<p>&nbsp;<\/p>\n<p>&nbsp;<\/p>\n<p>&nbsp;<\/p>\n<p style=\"text-align: center;\"><a href=\"http:\/\/blog.lesgrossesorchadeslesamplesthalameges.fr\/index.php\/pour-une-fois-quil-se-passe-en-belgique-autre-chose-que-de-la-plat-ventrisme-devant-les-zuniens\/30-mettewie-livre\/\" rel=\"attachment wp-att-19105\"><img loading=\"lazy\" class=\"alignnone wp-image-19105 size-full\" src=\"http:\/\/blog.lesgrossesorchadeslesamplesthalameges.fr\/wp-content\/uploads\/2022\/06\/30.-Mettewie-livre.png\" alt=\"\" width=\"257\" height=\"365\" srcset=\"https:\/\/blog.lesgrossesorchadeslesamplesthalameges.fr\/wp-content\/uploads\/2022\/06\/30.-Mettewie-livre.png 257w, https:\/\/blog.lesgrossesorchadeslesamplesthalameges.fr\/wp-content\/uploads\/2022\/06\/30.-Mettewie-livre-211x300.png 211w\" sizes=\"(max-width: 257px) 100vw, 257px\" \/><\/a><\/p>\n<p>&nbsp;<\/p>\n<p style=\"text-align: justify;\"><span style=\"font-family: 'times new roman', times, serif; font-size: 14pt;\"><strong><em>\u00a0<\/em><\/strong><\/span><\/p>\n<p>&nbsp;<\/p>\n<p style=\"text-align: justify;\"><span style=\"font-family: 'times new roman', times, serif; font-size: 14pt;\">Il d\u00e9veloppe, modernise et assainit sa commune, cr\u00e9e des parcs, de nouvelles voiries et des centaines de logements sociaux. Philosophiquement, il est libre-penseur et franc-ma\u00e7on, d\u00e9fenseur de la libert\u00e9 de pens\u00e9e et d\u2019expression, mais qui re\u00e7oit les hommages reconnaissants des bonnes soeurs de sa commune\u2026 Un patriote qui, pendant la Premi\u00e8re guerre mondiale, affronte les occupants pour d\u00e9fendre ses administr\u00e9s menac\u00e9s de d\u00e9portation. Un \u00ab super-kastar \u00bb, comme l\u2019appelait le <em>Pourquoi Pas ?<\/em> (19 ao\u00fbt 1921), \u00e0 d\u00e9couvrir dans son incroyable modernit\u00e9 et toutes ses contradictions.\u00a0\u00bb<\/span><\/p>\n<p>&nbsp;<\/p>\n<p style=\"text-align: justify;\"><span style=\"font-family: 'times new roman', times, serif; font-size: 14pt;\">Vous pouvez d\u2019ores et d\u00e9j\u00e0 commander l\u2019ouvrage via le bon de commande suivant :<\/span><\/p>\n<p style=\"text-align: center;\"><a href=\"http:\/\/blog.lesgrossesorchadeslesamplesthalameges.fr\/index.php\/2022\/06\/11\/nef-des-fous-on-ne-sait-pas-ou-on-va-mais-on-y-va\/000-freccia-nera-piccola-xx-42\/\" rel=\"attachment wp-att-19050\"><img loading=\"lazy\" class=\"alignnone size-full wp-image-19050\" src=\"http:\/\/blog.lesgrossesorchadeslesamplesthalameges.fr\/wp-content\/uploads\/2022\/06\/000.-freccia-nera-piccola-xx.gif\" alt=\"\" width=\"46\" height=\"46\" \/><\/a><\/p>\n<p style=\"text-align: center;\"><span style=\"font-family: 'times new roman', times, serif; font-size: 14pt;\"><a href=\"https:\/\/chsg.ulb.ac.be\/wp-content\/uploads\/2022\/06\/bon-commande-mettewie-A4-quadri.pdf\"><strong>bon-commande-mettewie-A4-quadri.pdf (ulb.ac.be)<\/strong><\/a><\/span><\/p>\n<p>&nbsp;<\/p>\n<p>&nbsp;<\/p>\n<p>&nbsp;<\/p>\n<p style=\"text-align: justify;\"><span style=\"font-family: 'times new roman', times, serif; font-size: 14pt;\">Exposition et ouvrage sont soutenus par le Centre d\u2019Histoire et de Sociologie des Gauches de l\u2019ULB.<\/span><\/p>\n<p style=\"text-align: justify;\"><span style=\"font-family: 'times new roman', times, serif; font-size: 14pt;\">Voir notre site internet \u00e0 l&rsquo;adresse suivante : <a href=\"https:\/\/chsg.ulb.ac.be\/louis-mettewie-bien-plus-quun-boulevard-une-exposition-en-plein-air-17-06-au-22-09-2022-et-une-publication-ed-couleur-livres\/\">\u00ab\u00a0Louis Mettewie, bien plus qu\u2019un boulevard\u00a0\u00bb : une exposition en plein air (17\/06 au 22\/09\/2022, vernissage le 16\/06) et une publication (\u00e9d. Couleur Livres) | Centre d&rsquo;Histoire et de Sociologie des Gauches (ulb.ac.be)<\/a><\/span><\/p>\n<p>&nbsp;<\/p>\n<p>&nbsp;<\/p>\n<p>&nbsp;<\/p>\n<p style=\"text-align: center;\"><a href=\"http:\/\/blog.lesgrossesorchadeslesamplesthalameges.fr\/index.php\/pour-une-fois-quil-se-passe-en-belgique-autre-chose-que-de-la-plat-ventrisme-devant-les-zuniens\/31-coq\/\" rel=\"attachment wp-att-19106\"><img loading=\"lazy\" class=\"alignnone size-full wp-image-19106\" src=\"http:\/\/blog.lesgrossesorchadeslesamplesthalameges.fr\/wp-content\/uploads\/2022\/06\/31.-Coq.gif\" alt=\"\" width=\"212\" height=\"237\" \/><\/a><\/p>\n<p>&nbsp;<\/p>\n<p>&nbsp;<\/p>\n<p>&nbsp;<\/p>\n<p style=\"text-align: justify;\"><span style=\"font-family: 'times new roman', times, serif; font-size: 14pt;\">Nous, on pourrait vous parler de <a href=\"https:\/\/fr.wikipedia.org\/wiki\/Christian_Beck\">Christian Beck<\/a> (le p\u00e8re de B\u00e9atrix) qui, \u00e0 la m\u00eame \u00e9poque, a invent\u00e9 de soigner l\u2019an\u00e9mie en ballon captif et y a suffisamment r\u00e9ussi pour que son nom reste au Larousse m\u00e9dical, puis qui s\u2019en est all\u00e9 voir Tolsto\u00ef (\u00e0 pied, aller-retour), aupr\u00e8s de qui, quand m\u00eame, il est rest\u00e9 six mois, h\u00f4te du grand homme parce qu\u2019end\u00e9miquement fauch\u00e9. (Beck fut une esp\u00e8ce de L\u00e9on Bloy farfelu, la foi et la col\u00e8re en moins.)<\/span><\/p>\n<p>&nbsp;<\/p>\n<p style=\"text-align: justify;\"><span style=\"font-family: 'times new roman', times, serif; font-size: 14pt;\">Qui, invit\u00e9 au retour \u00e0 un banquet somptueux par les notables de Li\u00e8ge d\u00e9vor\u00e9s de curiosit\u00e9,\u00a0 n\u2019avait toujours, au pousse-caf\u00e9 et aux cigares, pas pip\u00e9 mot de son illustre coll\u00e8gue (car il \u00e9crivait aussi), les for\u00e7ant \u00e0 lui demander :<\/span><\/p>\n<p>&nbsp;<\/p>\n<p style=\"text-align: justify; padding-left: 120px;\"><span style=\"font-family: 'times new roman', times, serif; font-size: 14pt;\">\u2013 Alors, Monsieur Beck, vous avez vu Tolsto\u00ef\u00a0?<\/span><\/p>\n<p style=\"text-align: justify; padding-left: 120px;\"><span style=\"font-family: 'times new roman', times, serif; font-size: 14pt;\">\u2013 Oui.<\/span><\/p>\n<p style=\"text-align: justify; padding-left: 120px;\"><span style=\"font-family: 'times new roman', times, serif; font-size: 14pt;\">\u2013 Et\u2026 euh\u2026 quelle impression vous a-t-il faite\u00a0?<\/span><\/p>\n<p style=\"text-align: justify; padding-left: 120px;\"><span style=\"font-family: 'times new roman', times, serif; font-size: 14pt;\">\u2013 Une bonne.<\/span><\/p>\n<p>&nbsp;<\/p>\n<p style=\"text-align: justify;\"><span style=\"font-family: 'times new roman', times, serif; font-size: 14pt;\">Ce qui se passait \u00e9videmment de com<\/span><span style=\"font-family: 'times new roman', times, serif; font-size: 14pt;\">mentaires et s&rsquo;en passa.<\/span><\/p>\n<p>&nbsp;<\/p>\n<p>&nbsp;<\/p>\n<p>&nbsp;<\/p>\n<p style=\"text-align: center;\"><a href=\"http:\/\/blog.lesgrossesorchadeslesamplesthalameges.fr\/index.php\/pour-une-fois-quil-se-passe-en-belgique-autre-chose-que-de-la-plat-ventrisme-devant-les-zuniens\/32-beck-2\/\" rel=\"attachment wp-att-19107\"> \u00a0 \u00a0 \u00a0 \u00a0 \u00a0 \u00a0 \u00a0 \u00a0 \u00a0<\/a><a href=\"http:\/\/blog.lesgrossesorchadeslesamplesthalameges.fr\/index.php\/pour-une-fois-quil-se-passe-en-belgique-autre-chose-que-de-la-plat-ventrisme-devant-les-zuniens\/32-beck-2\/\" rel=\"attachment wp-att-19107\"><img loading=\"lazy\" class=\"alignnone wp-image-19107\" src=\"http:\/\/blog.lesgrossesorchadeslesamplesthalameges.fr\/wp-content\/uploads\/2022\/06\/32.-Beck-2.jpg\" alt=\"\" width=\"234\" height=\"350\" srcset=\"https:\/\/blog.lesgrossesorchadeslesamplesthalameges.fr\/wp-content\/uploads\/2022\/06\/32.-Beck-2.jpg 300w, https:\/\/blog.lesgrossesorchadeslesamplesthalameges.fr\/wp-content\/uploads\/2022\/06\/32.-Beck-2-200x300.jpg 200w\" sizes=\"(max-width: 234px) 100vw, 234px\" \/> \u00a0 \u00a0 \u00a0 \u00a0 <\/a><a href=\"http:\/\/blog.lesgrossesorchadeslesamplesthalameges.fr\/index.php\/pour-une-fois-quil-se-passe-en-belgique-autre-chose-que-de-la-plat-ventrisme-devant-les-zuniens\/33-beck-1\/\" rel=\"attachment wp-att-19108\"><img loading=\"lazy\" class=\"alignnone wp-image-19108\" src=\"http:\/\/blog.lesgrossesorchadeslesamplesthalameges.fr\/wp-content\/uploads\/2022\/06\/33.-beck-1.jpg\" alt=\"\" width=\"273\" height=\"350\" srcset=\"https:\/\/blog.lesgrossesorchadeslesamplesthalameges.fr\/wp-content\/uploads\/2022\/06\/33.-beck-1.jpg 300w, https:\/\/blog.lesgrossesorchadeslesamplesthalameges.fr\/wp-content\/uploads\/2022\/06\/33.-beck-1-234x300.jpg 234w\" sizes=\"(max-width: 273px) 100vw, 273px\" \/><\/a><\/p>\n<p style=\"text-align: center;\"><span style=\"font-size: 12pt;\"><span style=\"font-family: 'times new roman', times, serif;\">\u00a0 \u00a0 \u00a0 \u00a0 \u00a0 \u00a0 \u00a0 \u00a0 \u00a0<\/span><span style=\"font-family: 'times new roman', times, serif;\"><strong><em>Avant et apr\u00e8s Iasna\u00efa Poliana\u2026 Chistian Beck, mort de phtisie \u00e0 37 ans.<\/em><\/strong><\/span><\/span><\/p>\n<p>&nbsp;<\/p>\n<p>&nbsp;<\/p>\n<p>&nbsp;<\/p>\n<p style=\"text-align: justify;\"><span style=\"font-family: 'times new roman', times, serif; font-size: 14pt;\">L&rsquo;\u00e9crivain globe-trotter eut deux filles, de deux femmes diff\u00e9rentes \u2013 une Belge et une Irlandaise \u2013 qui, toutes les deux, perdirent la raison. On ignore si ce fut par sa faute ou si c\u2019est pr\u00e9cis\u00e9ment ce qui, chez elles, l\u2019attira.<\/span><\/p>\n<p>&nbsp;<\/p>\n<p style=\"text-align: justify;\"><span style=\"font-family: 'times new roman', times, serif; font-size: 14pt;\">L&rsquo;auteur d&rsquo;<em>Adam battu et content<\/em> a maintenant une arri\u00e8re petite-fille : B\u00e9atrice Szapiro, qui est la fille naturelle de Jean-Edern Hallier, auquel d\u2019ailleurs elle ressemble \u00e9tonnamment.<\/span><\/p>\n<h1 style=\"text-align: justify;\"><\/h1>\n<p>&nbsp;<\/p>\n<p>&nbsp;<\/p>\n<h1 style=\"text-align: center;\"><a href=\"http:\/\/blog.lesgrossesorchadeslesamplesthalameges.fr\/index.php\/pour-une-fois-quil-se-passe-en-belgique-autre-chose-que-de-la-plat-ventrisme-devant-les-zuniens\/34-beatrix-et-lou\/\" rel=\"attachment wp-att-19109\"><img loading=\"lazy\" class=\"alignnone wp-image-19109\" src=\"http:\/\/blog.lesgrossesorchadeslesamplesthalameges.fr\/wp-content\/uploads\/2022\/06\/34.-Beatrix-et-Lou-300x232.jpg\" alt=\"\" width=\"600\" height=\"464\" srcset=\"https:\/\/blog.lesgrossesorchadeslesamplesthalameges.fr\/wp-content\/uploads\/2022\/06\/34.-Beatrix-et-Lou-300x232.jpg 300w, https:\/\/blog.lesgrossesorchadeslesamplesthalameges.fr\/wp-content\/uploads\/2022\/06\/34.-Beatrix-et-Lou.jpg 671w\" sizes=\"(max-width: 600px) 100vw, 600px\" \/><\/a><\/h1>\n<h1 style=\"text-align: center;\"><span style=\"font-family: 'times new roman', times, serif; font-size: 12pt;\"><em>Beatrix Beck et sa demi-s\u0153ur, le peintre Lou G\u00e9rardy<\/em><\/span><\/h1>\n<p style=\"text-align: center;\"><strong><span style=\"font-size: 12pt;\"><em><span style=\"font-family: 'times new roman', times, serif;\">(Verviers, 1964 \u2013 temps m\u00eal\u00e9s)<\/span><\/em><\/span><\/strong><\/p>\n<p>&nbsp;<\/p>\n<p style=\"text-align: justify;\"><span style=\"font-family: 'times new roman', times, serif; font-size: 14pt;\">\u00a0\u00a0\u00a0\u00a0\u00a0\u00a0\u00a0\u00a0\u00a0\u00a0\u00a0\u00a0\u00a0\u00a0\u00a0\u00a0\u00a0\u00a0\u00a0\u00a0\u00a0\u00a0\u00a0\u00a0\u00a0\u00a0\u00a0\u00a0\u00a0\u00a0\u00a0<\/span><\/p>\n<p style=\"text-align: justify;\"><span style=\"font-family: 'times new roman', times, serif; font-size: 14pt;\">C\u2019est Beck aussi qui conclut un jour par ces mots une lettre \u00e0 Andr\u00e9 Gide :<\/span><\/p>\n<p>&nbsp;<\/p>\n<p style=\"text-align: justify; padding-left: 120px;\"><span style=\"font-family: 'times new roman', times, serif; font-size: 14pt;\">\u00ab\u00a0Tu ne trouveras pas mauvais que je n\u2019affranchisse pas ma lettre, conform\u00e9ment \u00e0 l\u2019usage apostolique dont l\u2019exemple m\u2019a \u00e9t\u00e9 donn\u00e9 par Auguste Comte.<\/span><\/p>\n<p style=\"text-align: justify; padding-left: 120px;\"><span style=\"font-family: 'times new roman', times, serif; font-size: 14pt;\">Je suis, dans l\u2019unit\u00e9 proph\u00e9tique avec le Paraclet, et dans l\u2019amour de toi,\u00a0ton serviteur,<\/span><\/p>\n<p style=\"text-align: justify; padding-left: 120px;\"><span style=\"font-family: 'times new roman', times, serif; font-size: 14pt;\">\u00a0\u00a0\u00a0\u00a0\u00a0\u00a0\u00a0\u00a0\u00a0\u00a0\u00a0\u00a0\u00a0\u00a0\u00a0\u00a0\u00a0\u00a0\u00a0\u00a0\u00a0\u00a0\u00a0\u00a0\u00a0\u00a0\u00a0\u00a0\u00a0 \u00a0 \u00a0\u00a0\u00a0\u00a0\u00a0\u00a0\u00a0 Christian.\u00a0\u00bb<\/span><\/p>\n<p>&nbsp;<\/p>\n<p>&nbsp;<\/p>\n<p style=\"text-align: justify;\"><span style=\"font-family: 'times new roman', times, serif; font-size: 14pt;\">On sait qu\u2019il a fr\u00e9quent\u00e9 les gens du Mercure et que c\u2019est au Mercure, \u00e0 la demande de Valette, qu\u2019il a publi\u00e9 plusieurs livres sur l\u2019Italie.<\/span><\/p>\n<p>&nbsp;<\/p>\n<p style=\"text-align: justify;\"><span style=\"font-family: 'times new roman', times, serif; font-size: 14pt;\">On\u00a0 sait aussi qu\u2019Alfred Jarry a fait de lui le prototype de Bosse de Nage, le grand singe papion cynoc\u00e9phale des <em>Gestes et opinions du Dr Faustroll, pataphysicien, <\/em>et on n\u2019a toujours pas compris pourquoi il a ainsi ridiculis\u00e9 un de ses meilleurs amis, qu\u2019en outre il aimait beaucoup.<\/span><\/p>\n<p>&nbsp;<\/p>\n<p style=\"text-align: justify;\"><span style=\"font-family: 'times new roman', times, serif; font-size: 14pt;\">Ce qu\u2019on sait moins, c\u2019est qu\u2019on retrouve Christian Beck, quoique indirectement, sous les esp\u00e8ces, justement, de Bosse de Nage, dans l\u2019\u0153uvre immortelle de M. Tom Robbins\u00a0: <em>Another Roadside Attraction<\/em> (en fran\u00e7ais, chez\u00a0 Gallmeister\u00a0: <em>Une bien \u00e9trange attraction<\/em>), o\u00f9 il monte au ciel non pas en ballon mais dans une fus\u00e9e de la Nasa, en compagnie de la momie du Christ, d\u00e9rob\u00e9e aux caves du Vatican par un ancien marine U.S. [En r\u00e9alit\u00e9, c\u2019est le marine lui-m\u00eame qui accompagne J\u00e9sus dans sa v\u00e9ritable ascension, apr\u00e8s avoir lib\u00e9r\u00e9 en douce le grand singe promis par les cingl\u00e9s du Pentagone \u00e0 l\u2019extermination solaire.]<\/span><\/p>\n<p>&nbsp;<\/p>\n<p>&nbsp;<\/p>\n<p>&nbsp;<\/p>\n<p style=\"text-align: center;\"><a href=\"http:\/\/blog.lesgrossesorchadeslesamplesthalameges.fr\/index.php\/2022\/06\/06\/il-ne-fallait-pas-commencer\/000-dangerous-times-13\/\" rel=\"attachment wp-att-19006\"><img loading=\"lazy\" class=\"alignnone size-full wp-image-19006\" src=\"http:\/\/blog.lesgrossesorchadeslesamplesthalameges.fr\/wp-content\/uploads\/2022\/06\/000.-dangerous-times.gif\" alt=\"\" width=\"70\" height=\"63\" \/><\/a><\/p>\n<p>&nbsp;<\/p>\n<p>&nbsp;<\/p>\n<p><span style=\"font-family: 'times new roman', times, serif; font-size: 14pt;\">URL de cet article : <a href=\"http:\/\/blog.lesgrossesorchadeslesamplesthalameges.fr\/index.php\/pour-une-fois-quil-se-passe-en-belgique-autre-chose-que-de-la-plat-ventrisme-devant-les-zuniens\/\">Pour une fois qu\u2019il se passe en Belgique autre chose que de l\u2019\u00e0-plat-ventrisme devant les Zuniens\u2026 \u2013 Les Grosses Orchades, les Amples Thalam\u00e8ges, le blog (lesgrossesorchadeslesamplesthalameges.fr)<\/a>\u00a0<\/span><\/p>\n<p>&nbsp;<\/p>\n<p>&nbsp;<\/p>\n<p>&nbsp;<\/p>\n<p style=\"text-align: right;\"><span style=\"font-size: 14pt; font-family: 'comic sans ms', sans-serif;\">Juin 2022<\/span><\/p>\n<p>&nbsp;<\/p>\n<p>&nbsp;<\/p>\n<p>&nbsp;<\/p>\n","protected":false},"excerpt":{"rendered":"<p>&nbsp; &nbsp; &nbsp; &nbsp; &nbsp; &nbsp; &nbsp; &nbsp; Pour une fois qu\u2019il se passe en Belgique autre chose que de l\u2019\u00e0-plat-ventrisme devant les Zuniens\u2026 &nbsp; &nbsp; \u00a0 Si les lib\u00e9raux progressistes n\u2019avaient pas exist\u00e9, aurait-il vraiment fallu les inventer ? Mais, bon, bref, il y a Anne Morelli. \u00a0 &nbsp; &nbsp; \u00a0 \u00a0 &nbsp; &nbsp;&#8230;<\/p>\n","protected":false},"author":1,"featured_media":0,"parent":0,"menu_order":0,"comment_status":"open","ping_status":"open","template":"","meta":[],"_links":{"self":[{"href":"https:\/\/blog.lesgrossesorchadeslesamplesthalameges.fr\/index.php\/wp-json\/wp\/v2\/pages\/19103"}],"collection":[{"href":"https:\/\/blog.lesgrossesorchadeslesamplesthalameges.fr\/index.php\/wp-json\/wp\/v2\/pages"}],"about":[{"href":"https:\/\/blog.lesgrossesorchadeslesamplesthalameges.fr\/index.php\/wp-json\/wp\/v2\/types\/page"}],"author":[{"embeddable":true,"href":"https:\/\/blog.lesgrossesorchadeslesamplesthalameges.fr\/index.php\/wp-json\/wp\/v2\/users\/1"}],"replies":[{"embeddable":true,"href":"https:\/\/blog.lesgrossesorchadeslesamplesthalameges.fr\/index.php\/wp-json\/wp\/v2\/comments?post=19103"}],"version-history":[{"count":14,"href":"https:\/\/blog.lesgrossesorchadeslesamplesthalameges.fr\/index.php\/wp-json\/wp\/v2\/pages\/19103\/revisions"}],"predecessor-version":[{"id":19123,"href":"https:\/\/blog.lesgrossesorchadeslesamplesthalameges.fr\/index.php\/wp-json\/wp\/v2\/pages\/19103\/revisions\/19123"}],"wp:attachment":[{"href":"https:\/\/blog.lesgrossesorchadeslesamplesthalameges.fr\/index.php\/wp-json\/wp\/v2\/media?parent=19103"}],"curies":[{"name":"wp","href":"https:\/\/api.w.org\/{rel}","templated":true}]}}