{"id":19234,"date":"2022-06-16T11:58:51","date_gmt":"2022-06-16T09:58:51","guid":{"rendered":"http:\/\/blog.lesgrossesorchadeslesamplesthalameges.fr\/?page_id=19234"},"modified":"2022-06-16T12:00:32","modified_gmt":"2022-06-16T10:00:32","slug":"bloody-gina-et-son-equipe-de-tortionnaires","status":"publish","type":"page","link":"https:\/\/blog.lesgrossesorchadeslesamplesthalameges.fr\/index.php\/bloody-gina-et-son-equipe-de-tortionnaires\/","title":{"rendered":"Bloody Gina et son \u00e9quipe de tortionnaires"},"content":{"rendered":"<p>&nbsp;<\/p>\n<p>&nbsp;<\/p>\n<p>&nbsp;<\/p>\n<p>&nbsp;<\/p>\n<p>&nbsp;<\/p>\n<p>&nbsp;<\/p>\n<p>&nbsp;<\/p>\n<p>&nbsp;<\/p>\n<p style=\"text-align: justify;\"><span style=\"font-family: times new roman, times, serif; font-size: 18pt; color: #c00000;\"><strong><em>Droits des femmes<\/em><\/strong><\/span><\/p>\n<p style=\"text-align: justify;\"><span style=\"font-family: times new roman, times, serif; font-size: 14pt;\"><strong><em>\u00a0<\/em><\/strong><\/span><\/p>\n<p>&nbsp;<\/p>\n<p style=\"text-align: center;\"><span style=\"font-family: times new roman, times, serif; font-size: 36pt;\"><strong>Bloody Gina et son \u00e9quipe de tortionnaires<\/strong><\/span><\/p>\n<p>&nbsp;<\/p>\n<p style=\"text-align: center;\"><span style=\"font-family: times new roman, times, serif; font-size: 14pt;\"><strong>\u00a0<\/strong><\/span><\/p>\n<p style=\"text-align: center;\"><span style=\"font-family: times new roman, times, serif; font-size: 18pt;\"><strong>Andrew P. Napolitano \u2013 <a href=\"http:\/\/www.informationclearinghouse.info\/\"><em>Information Clearing House<\/em><\/a> <\/strong>\u2013 <strong>9.6.2022<\/strong><\/span><\/p>\n<p>&nbsp;<\/p>\n<p style=\"text-align: center;\"><span style=\"font-family: times new roman, times, serif; font-size: 18pt;\">Traduction : <strong>c.l. <\/strong>pour <strong><em>L.G.O.<\/em><\/strong><\/span><\/p>\n<p>&nbsp;<\/p>\n<p>&nbsp;<\/p>\n<p>&nbsp;<\/p>\n<p style=\"text-align: center;\"><a href=\"http:\/\/blog.lesgrossesorchadeslesamplesthalameges.fr\/index.php\/2022\/06\/16\/allons-y-puisque-nous-y-sommes\/8-gina-haspel-1\/\" rel=\"attachment wp-att-19207\"><img loading=\"lazy\" class=\"alignnone wp-image-19207 size-full\" src=\"http:\/\/blog.lesgrossesorchadeslesamplesthalameges.fr\/wp-content\/uploads\/2022\/06\/8.-Gina-Haspel-1.jpg\" alt=\"\" width=\"600\" height=\"336\" srcset=\"https:\/\/blog.lesgrossesorchadeslesamplesthalameges.fr\/wp-content\/uploads\/2022\/06\/8.-Gina-Haspel-1.jpg 600w, https:\/\/blog.lesgrossesorchadeslesamplesthalameges.fr\/wp-content\/uploads\/2022\/06\/8.-Gina-Haspel-1-300x168.jpg 300w\" sizes=\"(max-width: 600px) 100vw, 600px\" \/><\/a><\/p>\n<p>&nbsp;<\/p>\n<p>&nbsp;<\/p>\n<p>&nbsp;<\/p>\n<p style=\"text-align: justify;\"><span style=\"font-family: tahoma, arial, helvetica, sans-serif; font-size: 14pt;\"><strong>La semaine derni\u00e8re, lors d&rsquo;une audience pr\u00e9liminaire \u00e0 la base navale de Guantanamo Bay \u00e0 Cuba pour Abd al-Rahim al-Nashiri, un Saoudien accus\u00e9 d&rsquo;\u00eatre le cerveau de l&rsquo;attentat contre l&rsquo;USS Cole en 2000, au cours duquel 17 marins am\u00e9ricains ont \u00e9t\u00e9 tu\u00e9s, le psychologue charg\u00e9 d&rsquo;interroger Nashiri a d\u00e9crit avec force d\u00e9tails les techniques de torture modernes et m\u00e9di\u00e9vales utilis\u00e9es sur lui.<\/strong><\/span><\/p>\n<p>&nbsp;<\/p>\n<p style=\"text-align: justify;\"><span style=\"font-family: times new roman, times, serif; font-size: 14pt;\">Le psychologue a \u00e9t\u00e9 appel\u00e9 comme t\u00e9moin de la d\u00e9fense afin de d\u00e9montrer \u00e0 la cour qu&rsquo;une grande partie des preuves que les procureurs pr\u00e9voient d&rsquo;introduire contre Nashiri ont \u00e9t\u00e9 obtenues directement ou indirectement par la torture, ou ont \u00e9t\u00e9 entach\u00e9es par celle-ci, et ne peuvent donc pas \u00eatre l\u00e9galement utilis\u00e9es lors de son proc\u00e8s.<\/span><\/p>\n<p>&nbsp;<\/p>\n<p style=\"text-align: justify;\"><span style=\"font-family: times new roman, times, serif; font-size: 14pt;\">La torture appliqu\u00e9e par des agents du gouvernement et leurs collaborateurs sur une personne d\u00e9tenue par le gouvernement est un crime passible d&rsquo;une peine pouvant aller jusqu&rsquo;\u00e0 20 ans dans une prison f\u00e9d\u00e9rale, et ses fruits sont inadmissibles dans tous les tribunaux. Pendant de nombreuses ann\u00e9es, la CIA a utilis\u00e9 les r\u00e9sultats des actes de torture au moyen d&rsquo;enregistrements vid\u00e9o de ses agents d\u00e9guis\u00e9s et de ses sous-traitants torturant ses captifs, afin de pouvoir disposer de ces r\u00e9sultats sans avoir \u00e0 r\u00e9v\u00e9ler l&rsquo;identit\u00e9 d&rsquo;un participant.<\/span><\/p>\n<p>&nbsp;<\/p>\n<p style=\"text-align: justify;\"><span style=\"font-family: times new roman, times, serif; font-size: 14pt;\">Mais les vid\u00e9os des tortures subies par Nashiri ont \u00e9t\u00e9 d\u00e9truites, soit par le responsable de la CIA aux \u00c9tats-Unis charg\u00e9 de toutes les tortures, soit par son chef de cabinet de l&rsquo;\u00e9poque. D&rsquo;o\u00f9 le t\u00e9moignage en direct de la semaine derni\u00e8re. Le chef de cabinet en question allait devenir la directrice de la CIA, Gina Haspel, surnomm\u00e9e par ses coll\u00e8gues \u00ab Bloody Gina \u00bb.<\/span><\/p>\n<p>&nbsp;<\/p>\n<p>&nbsp;<\/p>\n<p>&nbsp;<\/p>\n<p style=\"text-align: center;\"><a href=\"http:\/\/blog.lesgrossesorchadeslesamplesthalameges.fr\/index.php\/bloody-gina-et-son-equipe-de-tortionnaires\/15-gina-haspel-2\/\" rel=\"attachment wp-att-19237\"><img loading=\"lazy\" class=\"alignnone wp-image-19237\" src=\"http:\/\/blog.lesgrossesorchadeslesamplesthalameges.fr\/wp-content\/uploads\/2022\/06\/15.-Gina-Haspel-2-300x161.jpg\" alt=\"\" width=\"600\" height=\"323\" srcset=\"https:\/\/blog.lesgrossesorchadeslesamplesthalameges.fr\/wp-content\/uploads\/2022\/06\/15.-Gina-Haspel-2-300x161.jpg 300w, https:\/\/blog.lesgrossesorchadeslesamplesthalameges.fr\/wp-content\/uploads\/2022\/06\/15.-Gina-Haspel-2.jpg 500w\" sizes=\"(max-width: 600px) 100vw, 600px\" \/><\/a><\/p>\n<p>&nbsp;<\/p>\n<p>&nbsp;<\/p>\n<p>&nbsp;<\/p>\n<p style=\"text-align: justify;\"><span style=\"font-family: times new roman, times, serif; font-size: 14pt;\">Cette chronique \u00e9pargnera au lecteur les d\u00e9tails effrayants, \u00e0 vous retourner l&rsquo;estomac, des \u00a0tortures subies par Nashiri, \u00e0 l&rsquo;exception de la seule proc\u00e9dure m\u00e9di\u00e9vale. Ce qui a retenu l&rsquo;attention de ceux d&rsquo;entre nous qui suivent ces \u00e9v\u00e9nements, c&rsquo;est la mention du nom de la fonctionnaire de la CIA sous la surveillance de laquelle la torture a eu lieu et qui en a fait une description d\u00e9taill\u00e9e et choquante de r\u00e9alisme \u00e0 ses sup\u00e9rieurs de Langley, Virginie. Cette fonctionnaire est cette m\u00eame Gina Haspel. Elle \u00e9tait, en 2002, le chef de la station de la CIA en Tha\u00eflande, o\u00f9 Nashiri a \u00e9t\u00e9 tortur\u00e9, et elle \u00e9tait m\u00eame le membre principal de l&rsquo;\u00e9quipe de torture.<\/span><\/p>\n<p>&nbsp;<\/p>\n<p style=\"text-align: justify;\"><span style=\"font-family: times new roman, times, serif; font-size: 14pt;\">La torture de Nashiri a dur\u00e9 quatre mois, \u00e0 la fin desquels l&rsquo;\u00e9quipe d&rsquo;interrogation a conclu que Nashiri \u00e9tait sinc\u00e8re et disait essentiellement les m\u00eames choses sous la torture que ce qu&rsquo;il avait dit aux interrogateurs avant la torture. Mais Gina la Sanglante ne croit pas aux t\u00e9moignages qui ne sont pas accompagn\u00e9s de terreur et d\u2019insoutenables douleurs.<\/span><\/p>\n<p>&nbsp;<\/p>\n<p style=\"text-align: justify;\"><span style=\"font-family: times new roman, times, serif; font-size: 14pt;\">En 2006, Nashiri a \u00e9t\u00e9 exp\u00e9di\u00e9 de Tha\u00eflande \u00e0 Gitmo, o\u00f9 il a \u00e9t\u00e9 accus\u00e9 de meurtre capital et tortur\u00e9 derechef. Son proc\u00e8s n&rsquo;a pas encore commenc\u00e9. Le t\u00e9moignage de la semaine derni\u00e8re \u00e9tait l&rsquo;une des nombreuses audiences pr\u00e9alables au proc\u00e8s ordonn\u00e9es par les juges militaires.<\/span><\/p>\n<p>&nbsp;<\/p>\n<p style=\"text-align: justify;\"><span style=\"font-family: times new roman, times, serif; font-size: 14pt;\">Nashiri, qui a les m\u00eames droits \u00e0 un proc\u00e8s rapide que toute personne poursuivie par le gouvernement U.S., attend le sien depuis 14 ans. Il en est \u00e0 sa deuxi\u00e8me \u00e9quipe d&rsquo;avocats militaires et civils. La premi\u00e8re \u00e9quipe a d\u00e9missionn\u00e9 lorsqu&rsquo;elle a d\u00e9couvert que ses communications avec son client avaient \u00e9t\u00e9 secr\u00e8tement \u00e9cout\u00e9es et enregistr\u00e9es par des agents f\u00e9d\u00e9raux.<\/span><\/p>\n<p>&nbsp;<\/p>\n<p style=\"text-align: justify;\"><span style=\"font-family: times new roman, times, serif; font-size: 14pt;\">La plupart des juges auraient rejet\u00e9 les charges retenues contre l&rsquo;accus\u00e9, devant un comportement aussi ind\u00e9niablement criminel de la part du gouvernement. Mais \u00e0 Gitmo, o\u00f9 le juge et les procureurs ont le m\u00eame patron &#8211; le Secr\u00e9taire \u00e0 la D\u00e9fense &#8211; les subtilit\u00e9s de la proc\u00e9dure r\u00e9guli\u00e8re sont parfois dilu\u00e9es.<\/span><\/p>\n<p>&nbsp;<\/p>\n<p style=\"text-align: justify;\"><span style=\"font-family: times new roman, times, serif; font-size: 14pt;\">La \u00a0signification de cette supervision personnelle des tortures par Bloody Gina ne peut \u00eatre sous-estim\u00e9e. C&rsquo;est la premi\u00e8re fois que nous apprenons de quelqu\u2019un t\u00e9moignant sous serment, que la torture pratiqu\u00e9e par la CIA \u00e9tait approuv\u00e9e et supervis\u00e9e aux plus hauts niveaux de la CIA. C&rsquo;est \u00e9galement la premi\u00e8re fois que nous apprenons qu&rsquo;une directrice de la CIA, d\u00e8s les d\u00e9buts de sa carri\u00e8re, s\u2019est rendue coupable de crimes f\u00e9d\u00e9raux, puisque chaque s\u00e9ance de torture constitue un crime f\u00e9d\u00e9ral distinct.<\/span><\/p>\n<p>&nbsp;<\/p>\n<p style=\"text-align: justify;\"><span style=\"font-family: times new roman, times, serif; font-size: 14pt;\">Nous avons \u00e9galement appris que Bloody Gina est peut-\u00eatre une historienne qui s\u2019ignore\u00a0: \u00e0 la fin des ann\u00e9es 1400, lorsque les M\u00e9dicis de Florence institua une torture particuli\u00e8rement agressive \u2013 pour les personnes secr\u00e8tement accus\u00e9es de p\u00e9ch\u00e9s de la chair \u2013 dans le but d\u2019obtenir leurs confessions publiques et l&rsquo;identit\u00e9 de leurs partenaires sexuels.<\/span><\/p>\n<p>&nbsp;<\/p>\n<p style=\"text-align: justify;\"><span style=\"font-family: times new roman, times, serif; font-size: 14pt;\">Comme Bloody Gina, il refusait d&rsquo;accepter le t\u00e9moignage d&rsquo;une personne d\u00e9tenue, \u00e0 moins qu&rsquo;il n&rsquo;e\u00fbt \u00e9t\u00e9 obtenu sous la torture. Et, comme Bloody Gina, il avait institu\u00e9 une nouvelle technique de torture, qui consistait \u00e0 suspendre la victime par les bras attach\u00e9s derri\u00e8re le dos afin de provoquer une dislocation atroce de l&rsquo;\u00e9paule.<\/span><\/p>\n<p>&nbsp;<\/p>\n<p style=\"text-align: justify;\"><span style=\"font-family: times new roman, times, serif; font-size: 14pt;\">Ceux d&rsquo;entre nous qui croient que la Constitution signifie ce qu&rsquo;elle dit ont fait valoir que les agresseurs de militaires am\u00e9ricains <em>qui ne sont pas au combat en vertu d&rsquo;une d\u00e9claration de guerre du Congr\u00e8s <\/em>devraient \u00eatre jug\u00e9s par un tribunal f\u00e9d\u00e9ral et b\u00e9n\u00e9ficier d&rsquo;une protection constitutionnelle contre les tortionnaires du gouvernement. Si cela avait \u00e9t\u00e9 fait, le cas de Nashiri et de tous les autres d\u00e9tenus de Gitmo serait clos depuis des ann\u00e9es, et le gouvernement ne d\u00e9penserait pas 500 millions de dollars par an dans cette prison, pour y bafouer la Constitution \u00e0 son aise.<\/span><\/p>\n<p>&nbsp;<\/p>\n<p style=\"text-align: justify;\"><span style=\"font-family: times new roman, times, serif; font-size: 14pt;\">J&rsquo;ai \u00e9t\u00e9 surpris d&rsquo;apprendre que l&rsquo;un des tortionnaires a reconnu ces crimes et a impliqu\u00e9 Bloody Gina. La torture pratiqu\u00e9e par des agents de l&rsquo;\u00c9tat &#8211; quel que soit leur objectif &#8211; est la pratique de gouvernement la plus tyrannique que l&rsquo;on puisse imaginer. Elle suppose qu&rsquo;il n&rsquo;existe pas de droits naturels ni de principes moraux ; elle nie totalement le statut de personne de la victime ; elle r\u00e9v\u00e8le qu&rsquo;il n&rsquo;y a pas de limites \u00e0 ce que le gouvernement peut faire et qu\u2019il peut s&rsquo;en tirer quand m\u00eame. Elle est express\u00e9ment interdite par la Constitution et la loi f\u00e9d\u00e9rale.<\/span><\/p>\n<p>&nbsp;<\/p>\n<p style=\"text-align: justify;\"><span style=\"font-family: times new roman, times, serif; font-size: 14pt;\">Bloody Gina et son \u00e9quipe de tortionnaires peuvent se sentir \u00e0 l&rsquo;abri des procureurs am\u00e9ricains, les tortures subies par Nashiri ayant eu lieu tr\u00e8s au-del\u00e0 du d\u00e9lai de prescription \u2013 mais pas de <em>tous<\/em> les procureurs. La Cour P\u00e9nale Internationale de La Haye revendique une comp\u00e9tence sur l&rsquo;ensemble du globe, et la Tha\u00eflande &#8211; lieu des tortures de Nashiri &#8211; est signataire du trait\u00e9 qui a \u00e9tabli la Cour. La CPI qualifie la torture de crime de guerre imprescriptible et elle ne reconna\u00eet aucune amnistie\u00a0 d&rsquo;ex\u00e9cutif.<\/span><\/p>\n<p>&nbsp;<\/p>\n<p style=\"text-align: justify;\"><span style=\"font-family: times new roman, times, serif; font-size: 14pt;\">Lorsque les M\u00e9dicis revinrent au pouvoir apr\u00e8s qu&rsquo;un soul\u00e8vement populaire e\u00fbt d\u00e9pos\u00e9 Savonarole, celui-ci fut tortur\u00e9 par ses propres bourreaux avant d&rsquo;\u00eatre pendu pour h\u00e9r\u00e9sie.<\/span><\/p>\n<p>&nbsp;<\/p>\n<p style=\"text-align: justify;\"><span style=\"font-family: times new roman, times, serif; font-size: 14pt;\">La pratique de la torture, c\u2019est le gouvernement sans limites. Seul un gouvernement qui s\u2019impose des limites respecte le droit des personnes.<\/span><\/p>\n<p>&nbsp;<\/p>\n<p>&nbsp;<\/p>\n<p style=\"text-align: justify;\"><span style=\"font-family: times new roman, times, serif; font-size: 14pt;\"><em> <a href=\"http:\/\/blog.lesgrossesorchadeslesamplesthalameges.fr\/index.php\/bloody-gina-et-son-equipe-de-tortionnaires\/16-napolitano\/\" rel=\"attachment wp-att-19236\"><img loading=\"lazy\" class=\"alignnone wp-image-19236\" src=\"http:\/\/blog.lesgrossesorchadeslesamplesthalameges.fr\/wp-content\/uploads\/2022\/06\/16.-Napolitano.jpg\" alt=\"\" width=\"200\" height=\"137\" \/><\/a><\/em><\/span><\/p>\n<p>&nbsp;<\/p>\n<p style=\"text-align: justify;\"><span style=\"font-family: times new roman, times, serif; font-size: 14pt;\">Andrew P. Napolitano, ex-juge de la Cour Sup\u00e9rieure du New Jersey, est l&rsquo;analyste judiciaire principal de <em>Fox News Channel<\/em>. Le juge Napolitano a \u00e9crit sept livres sur la Constitution U.S. Le plus r\u00e9cent est <a href=\"http:\/\/www.amazon.com\/Suicide-Pact-Expansion-Presidential-American\/dp\/0718021932\/antiwarbookstore\"><em>Suicide Pact : The Radical Expansion of Presidential Powers and the Lethal Threat to American Liberty<\/em><\/a> (\u00ab\u00a0Pacte de suicide : L&rsquo;expansion radicale des pouvoirs pr\u00e9sidentiels et la menace mortelle qui p\u00e8se sur la libert\u00e9 am\u00e9ricaine\u00a0\u00bb). Pour en savoir plus sur le juge Napolitano et pour lire les articles d&rsquo;autres \u00e9crivains et dessinateurs de Creators Syndicate, rendez-vous sur <a href=\"http:\/\/www.creators.com\">www.creators.com<\/a> .<\/span><\/p>\n<p>&nbsp;<\/p>\n<p style=\"text-align: justify;\"><span style=\"font-family: times new roman, times, serif; font-size: 14pt;\">Source : <a href=\"http:\/\/www.informationclearinghouse.info\/57063.htm\">http:\/\/www.informationclearinghouse.info\/57063.htm<\/a><\/span><\/p>\n<p style=\"text-align: left;\"><span style=\"font-family: times new roman, times, serif; font-size: 14pt;\"><strong>URL de cet article\u00a0<\/strong>: <a href=\"http:\/\/blog.lesgrossesorchadeslesamplesthalameges.fr\/index.php\/bloody-gina-et-son-equipe-de-tortionnaires\/\">http:\/\/blog.lesgrossesorchadeslesamplesthalameges.fr\/index.php\/bloody-gina-et-son-equipe-de-tortionnaires\/<\/a><br \/>\n<\/span><\/p>\n<p>&nbsp;<\/p>\n<p>&nbsp;<\/p>\n<p style=\"text-align: center;\"><a href=\"http:\/\/blog.lesgrossesorchadeslesamplesthalameges.fr\/index.php\/2022\/06\/16\/allons-y-puisque-nous-y-sommes\/000-dangerous-times-15\/\" rel=\"attachment wp-att-19200\"><img loading=\"lazy\" class=\"alignnone size-full wp-image-19200\" src=\"http:\/\/blog.lesgrossesorchadeslesamplesthalameges.fr\/wp-content\/uploads\/2022\/06\/000.-dangerous-times-2.gif\" alt=\"\" width=\"70\" height=\"63\" \/><\/a><\/p>\n<p>&nbsp;<\/p>\n<p>&nbsp;<\/p>\n<p style=\"text-align: right;\"><span style=\"font-family: comic sans ms, sans-serif; font-size: 14pt;\">Juin 2022<\/span><\/p>\n<p>&nbsp;<\/p>\n<p>&nbsp;<\/p>\n","protected":false},"excerpt":{"rendered":"<p>&nbsp; &nbsp; &nbsp; &nbsp; &nbsp; &nbsp; &nbsp; &nbsp; Droits des femmes \u00a0 &nbsp; Bloody Gina et son \u00e9quipe de tortionnaires &nbsp; \u00a0 Andrew P. Napolitano \u2013 Information Clearing House \u2013 9.6.2022 &nbsp; Traduction : c.l. pour L.G.O. &nbsp; &nbsp; &nbsp; &nbsp; &nbsp; &nbsp; La semaine derni\u00e8re, lors d&rsquo;une audience pr\u00e9liminaire \u00e0 la base navale de&#8230;<\/p>\n","protected":false},"author":1,"featured_media":0,"parent":0,"menu_order":0,"comment_status":"open","ping_status":"open","template":"","meta":[],"_links":{"self":[{"href":"https:\/\/blog.lesgrossesorchadeslesamplesthalameges.fr\/index.php\/wp-json\/wp\/v2\/pages\/19234"}],"collection":[{"href":"https:\/\/blog.lesgrossesorchadeslesamplesthalameges.fr\/index.php\/wp-json\/wp\/v2\/pages"}],"about":[{"href":"https:\/\/blog.lesgrossesorchadeslesamplesthalameges.fr\/index.php\/wp-json\/wp\/v2\/types\/page"}],"author":[{"embeddable":true,"href":"https:\/\/blog.lesgrossesorchadeslesamplesthalameges.fr\/index.php\/wp-json\/wp\/v2\/users\/1"}],"replies":[{"embeddable":true,"href":"https:\/\/blog.lesgrossesorchadeslesamplesthalameges.fr\/index.php\/wp-json\/wp\/v2\/comments?post=19234"}],"version-history":[{"count":6,"href":"https:\/\/blog.lesgrossesorchadeslesamplesthalameges.fr\/index.php\/wp-json\/wp\/v2\/pages\/19234\/revisions"}],"predecessor-version":[{"id":19242,"href":"https:\/\/blog.lesgrossesorchadeslesamplesthalameges.fr\/index.php\/wp-json\/wp\/v2\/pages\/19234\/revisions\/19242"}],"wp:attachment":[{"href":"https:\/\/blog.lesgrossesorchadeslesamplesthalameges.fr\/index.php\/wp-json\/wp\/v2\/media?parent=19234"}],"curies":[{"name":"wp","href":"https:\/\/api.w.org\/{rel}","templated":true}]}}