{"id":19279,"date":"2022-06-18T17:27:17","date_gmt":"2022-06-18T15:27:17","guid":{"rendered":"http:\/\/blog.lesgrossesorchadeslesamplesthalameges.fr\/?page_id=19279"},"modified":"2022-06-18T17:33:21","modified_gmt":"2022-06-18T15:33:21","slug":"role-funeste-de-lotan","status":"publish","type":"page","link":"https:\/\/blog.lesgrossesorchadeslesamplesthalameges.fr\/index.php\/role-funeste-de-lotan\/","title":{"rendered":"R\u00f4le funeste de l&rsquo;OTAN"},"content":{"rendered":"<p>&nbsp;<\/p>\n<p>&nbsp;<\/p>\n<p>&nbsp;<\/p>\n<p>&nbsp;<\/p>\n<p>&nbsp;<\/p>\n<p>&nbsp;<\/p>\n<p>&nbsp;<\/p>\n<p>&nbsp;<\/p>\n<p style=\"text-align: left;\"><span style=\"font-family: times new roman, times, serif; font-size: 18pt; color: #c00000;\"><strong><em>Encore un philorusse \u00e0 d\u00e9noncer par l\u2019Amicale des Merdias<\/em><\/strong><\/span><\/p>\n<p><span style=\"font-family: times new roman, times, serif; font-size: 14pt;\"><strong>\u00a0<\/strong><\/span><\/p>\n<p>&nbsp;<\/p>\n<p>&nbsp;<\/p>\n<p style=\"text-align: center;\"><span style=\"font-family: times new roman, times, serif; font-size: 36pt;\"><strong>\u00ab\u00a0R\u00f4le funeste de l\u2019OTAN\u00a0\u00bb : <\/strong><\/span><\/p>\n<p style=\"text-align: center;\"><span style=\"font-family: times new roman, times, serif; font-size: 36pt;\"><strong>le petit fils de De Gaulle \u00e9voque l\u2019existence d\u2019un agenda am\u00e9ricain en Ukraine<\/strong><\/span><\/p>\n<p>&nbsp;<\/p>\n<p>&nbsp;<\/p>\n<p style=\"text-align: center;\"><span style=\"font-family: times new roman, times, serif; font-size: 18pt;\"><strong><em>Al Manar.fr<\/em><\/strong><strong> \u2013 17.6.2022<\/strong><\/span><\/p>\n<p>&nbsp;<\/p>\n<p>&nbsp;<\/p>\n<p>&nbsp;<\/p>\n<p style=\"text-align: center;\"><a href=\"http:\/\/blog.lesgrossesorchadeslesamplesthalameges.fr\/index.php\/role-funeste-de-lotan\/7-pierre-de-gaulle-2\/\" rel=\"attachment wp-att-19280\"><img loading=\"lazy\" class=\"alignnone wp-image-19280 size-full\" src=\"http:\/\/blog.lesgrossesorchadeslesamplesthalameges.fr\/wp-content\/uploads\/2022\/06\/7.-Pierre-De-Gaulle-1.png\" alt=\"\" width=\"600\" height=\"336\" srcset=\"https:\/\/blog.lesgrossesorchadeslesamplesthalameges.fr\/wp-content\/uploads\/2022\/06\/7.-Pierre-De-Gaulle-1.png 600w, https:\/\/blog.lesgrossesorchadeslesamplesthalameges.fr\/wp-content\/uploads\/2022\/06\/7.-Pierre-De-Gaulle-1-300x168.png 300w\" sizes=\"(max-width: 600px) 100vw, 600px\" \/><\/a><\/p>\n<p style=\"text-align: center;\"><span style=\"font-family: times new roman, times, serif; font-size: 12pt;\"><strong><em>Pierre de Gaulle<\/em><\/strong><\/span><\/p>\n<p>&nbsp;<\/p>\n<p>&nbsp;<\/p>\n<p>&nbsp;<\/p>\n<p style=\"text-align: justify;\"><span style=\"font-family: times new roman, times, serif; font-size: 14pt;\">L\u2019ambassade de Russie en France a organis\u00e9, le 14 juin, une r\u00e9ception officielle \u00e0 l\u2019occasion de la Journ\u00e9e de la Russie.<\/span><\/p>\n<p style=\"text-align: justify;\"><span style=\"font-family: times new roman, times, serif; font-size: 14pt;\">L\u2019\u00e9v\u00e9nement a r\u00e9uni de nombreux invit\u00e9s parmi lesquels figuraient des diplomates \u00e9trangers, des personnalit\u00e9s culturelles ou encore des repr\u00e9sentants d\u2019associations de compatriotes.<\/span><\/p>\n<p style=\"text-align: justify;\"><span style=\"font-family: times new roman, times, serif; font-size: 14pt;\">Au nombre des intervenants, le petit-fils du g\u00e9n\u00e9ral De Gaulle a exprim\u00e9 son attachement \u00e0 l\u2019amiti\u00e9 franco-russe, d\u00e9plorant les multiples facteurs qui, selon lui, pourraient la d\u00e9t\u00e9riorer.<\/span><\/p>\n<p>&nbsp;<\/p>\n<p style=\"text-align: justify; padding-left: 120px;\"><span style=\"font-family: times new roman, times, serif; font-size: 14pt;\">\u00ab\u00a0Je viens ici pour affirmer haut et fort qu\u2019il est dans l\u2019int\u00e9r\u00eat de la France de garder de bonnes relations avec la Russie et de dire qu\u2019il faut travailler ensemble en vue d\u2019aider \u00e0 l\u2019union et \u00e0 la s\u00e9curit\u00e9 de notre continent, ainsi qu\u2019\u00e0 l\u2019\u00e9quilibre, au progr\u00e8s et \u00e0 la paix du monde entier\u00bb, a d\u00e9clar\u00e9 Pierre de Gaulle devant son auditoire, avant de livrer son point de vue sur les enjeux relatifs au dossier ukrainien.<\/span><\/p>\n<p style=\"text-align: justify; padding-left: 120px;\"><span style=\"font-family: times new roman, times, serif; font-size: 14pt;\">\u00ab\u00a0Chacun reconnait aujourd\u2019hui la responsabilit\u00e9 des Etats-Unis dans le conflit actuel, le r\u00f4le funeste de l\u2019OTAN qui s\u2019\u00e9largit sans cesse et la politique inconsid\u00e9r\u00e9e du gouvernement ukrainien. Ce dernier, fort de belles promesses et nourri d\u2019illusions am\u00e9ricaines et europ\u00e9ennes, a conduit une politique tr\u00e8s condamnable \u00e0 l\u2019\u00e9gard des populations russophones du Donbass, multipliant discriminations, spoliations, embargos et bombardements\u00a0\u00bb,<\/span><\/p>\n<p>&nbsp;<\/p>\n<p style=\"text-align: justify;\"><span style=\"font-family: times new roman, times, serif; font-size: 14pt;\">a soulign\u00e9 le descendant de l\u2019instigateur de l\u2019appel du 18 Juin.<\/span><\/p>\n<p style=\"text-align: justify;\"><span style=\"font-family: times new roman, times, serif; font-size: 14pt;\">Et selon lui,<\/span><\/p>\n<p>&nbsp;<\/p>\n<p style=\"text-align: justify; padding-left: 120px;\"><span style=\"font-family: times new roman, times, serif; font-size: 14pt;\">\u00ab\u00a0les Occidentaux ont malheureusement laiss\u00e9 faire Zelenski, ses oligarques et les groupes militaires n\u00e9onazis s\u2019enfermer dans une spirale de guerre\u00a0\u00bb.<\/span><\/p>\n<p>&nbsp;<\/p>\n<p style=\"text-align: justify;\"><span style=\"font-family: times new roman, times, serif; font-size: 14pt;\">Toujours sur le conflit ukrainien, Pierre De Gaulle a mis en garde sur ce qu\u2019il a estim\u00e9 correspondre \u00e0 l\u2019application d\u2019un agenda am\u00e9ricain en Europe.<\/span><\/p>\n<p>&nbsp;<\/p>\n<p style=\"text-align: justify; padding-left: 120px;\"><span style=\"font-family: times new roman, times, serif; font-size: 14pt;\">\u00ab\u00a0Que veulent les Am\u00e9ricains si ce n\u2019est provoquer une nouvelle confrontation est-ouest dont le seul but est d\u2019affaiblir et de diviser l\u2019Europe pour imposer leurs directives, leur \u00e9conomie et leur syst\u00e8me ?\u00a0\u00bb,<\/span><\/p>\n<p>&nbsp;<\/p>\n<p style=\"text-align: justify;\"><span style=\"font-family: times new roman, times, serif; font-size: 14pt;\">s\u2019est-il interrog\u00e9.<\/span><\/p>\n<p>&nbsp;<\/p>\n<p style=\"text-align: justify; padding-left: 120px;\"><span style=\"font-family: times new roman, times, serif; font-size: 14pt;\">\u00ab\u00a0Je regrette que le gouvernement fran\u00e7ais se commette dans [une telle] soumission \u00e0 l\u2019OTAN et donc \u00e0 la politique am\u00e9ricaine [\u2026], l\u2019OTAN absorbe l\u2019Europe\u00a0\u00bb,<\/span><\/p>\n<p>&nbsp;<\/p>\n<p style=\"text-align: justify;\"><span style=\"font-family: times new roman, times, serif; font-size: 14pt;\">a-t-il d\u00e9plor\u00e9, d\u00e9sapprouvant le retour de son pays dans le commandement int\u00e9gr\u00e9 de l\u2019Alliance atlantique, sous la pr\u00e9sidence de Nicolas Sarkozy.<\/span><\/p>\n<p>&nbsp;<\/p>\n<p style=\"text-align: justify; padding-left: 120px;\"><span style=\"font-family: times new roman, times, serif; font-size: 14pt;\">\u00ab\u00a0Depuis, les Am\u00e9ricains ne parlent plus \u00e0 la France et ne nous consid\u00e8rent plus comme une nation forte et ind\u00e9pendante\u00a0\u00bb,<\/span><\/p>\n<p>&nbsp;<\/p>\n<p style=\"text-align: justify;\"><span style=\"font-family: times new roman, times, serif; font-size: 14pt;\">a-t-il soutenu, en \u00e9tayant son raisonnement par la r\u00e9cente affaire des sous-marins, \u00e0 l\u2019origine de frictions entre Washington et Paris.<\/span><\/p>\n<p>&nbsp;<\/p>\n<p><span style=\"font-family: times new roman, times, serif; font-size: 14pt;\">Source : Avec RT<\/span><\/p>\n<p><span style=\"font-family: times new roman, times, serif; font-size: 14pt;\">Notre source\u00a0: <a href=\"https:\/\/french.almanar.com.lb\/2355608\">https:\/\/french.almanar.com.lb\/2355608<\/a><\/span><\/p>\n<p>&nbsp;<\/p>\n<p style=\"text-align: center;\"><span style=\"font-family: times new roman, times, serif; font-size: 14pt;\"><strong>URL de cet article : <\/strong>http:\/\/blog.lesgrossesorchadeslesamplesthalameges.fr\/index.php\/role-funeste-de-lotan\/<strong><br \/>\n<\/strong><\/span><\/p>\n<p>&nbsp;<\/p>\n<p>&nbsp;<\/p>\n<p style=\"text-align: center;\"><a href=\"http:\/\/blog.lesgrossesorchadeslesamplesthalameges.fr\/index.php\/2022\/06\/16\/allons-y-puisque-nous-y-sommes\/000-dangerous-times-15\/\" rel=\"attachment wp-att-19200\"><img loading=\"lazy\" class=\"alignnone size-full wp-image-19200\" src=\"http:\/\/blog.lesgrossesorchadeslesamplesthalameges.fr\/wp-content\/uploads\/2022\/06\/000.-dangerous-times-2.gif\" alt=\"\" width=\"70\" height=\"63\" \/><\/a><\/p>\n<p>&nbsp;<\/p>\n<p>&nbsp;<\/p>\n<p style=\"text-align: right;\"><span style=\"font-family: comic sans ms, sans-serif; font-size: 14pt;\">18 Juin 2022<\/span><\/p>\n","protected":false},"excerpt":{"rendered":"<p>&nbsp; &nbsp; &nbsp; &nbsp; &nbsp; &nbsp; &nbsp; &nbsp; Encore un philorusse \u00e0 d\u00e9noncer par l\u2019Amicale des Merdias \u00a0 &nbsp; &nbsp; \u00ab\u00a0R\u00f4le funeste de l\u2019OTAN\u00a0\u00bb : le petit fils de De Gaulle \u00e9voque l\u2019existence d\u2019un agenda am\u00e9ricain en Ukraine &nbsp; &nbsp; Al Manar.fr \u2013 17.6.2022 &nbsp; &nbsp; &nbsp; Pierre de Gaulle &nbsp; &nbsp; &nbsp; L\u2019ambassade de&#8230;<\/p>\n","protected":false},"author":1,"featured_media":0,"parent":0,"menu_order":0,"comment_status":"open","ping_status":"open","template":"","meta":[],"_links":{"self":[{"href":"https:\/\/blog.lesgrossesorchadeslesamplesthalameges.fr\/index.php\/wp-json\/wp\/v2\/pages\/19279"}],"collection":[{"href":"https:\/\/blog.lesgrossesorchadeslesamplesthalameges.fr\/index.php\/wp-json\/wp\/v2\/pages"}],"about":[{"href":"https:\/\/blog.lesgrossesorchadeslesamplesthalameges.fr\/index.php\/wp-json\/wp\/v2\/types\/page"}],"author":[{"embeddable":true,"href":"https:\/\/blog.lesgrossesorchadeslesamplesthalameges.fr\/index.php\/wp-json\/wp\/v2\/users\/1"}],"replies":[{"embeddable":true,"href":"https:\/\/blog.lesgrossesorchadeslesamplesthalameges.fr\/index.php\/wp-json\/wp\/v2\/comments?post=19279"}],"version-history":[{"count":9,"href":"https:\/\/blog.lesgrossesorchadeslesamplesthalameges.fr\/index.php\/wp-json\/wp\/v2\/pages\/19279\/revisions"}],"predecessor-version":[{"id":19289,"href":"https:\/\/blog.lesgrossesorchadeslesamplesthalameges.fr\/index.php\/wp-json\/wp\/v2\/pages\/19279\/revisions\/19289"}],"wp:attachment":[{"href":"https:\/\/blog.lesgrossesorchadeslesamplesthalameges.fr\/index.php\/wp-json\/wp\/v2\/media?parent=19279"}],"curies":[{"name":"wp","href":"https:\/\/api.w.org\/{rel}","templated":true}]}}