{"id":19455,"date":"2022-06-28T11:02:34","date_gmt":"2022-06-28T09:02:34","guid":{"rendered":"http:\/\/blog.lesgrossesorchadeslesamplesthalameges.fr\/?page_id=19455"},"modified":"2022-06-28T11:04:17","modified_gmt":"2022-06-28T09:04:17","slug":"linfrastructure-5g-de-huawei-c-le-reseau-starlink","status":"publish","type":"page","link":"https:\/\/blog.lesgrossesorchadeslesamplesthalameges.fr\/index.php\/linfrastructure-5g-de-huawei-c-le-reseau-starlink\/","title":{"rendered":"L\u2019infrastructure 5G de Huawei c\/ le r\u00e9seau Starlink"},"content":{"rendered":"<p>&nbsp;<\/p>\n<p>&nbsp;<\/p>\n<p>&nbsp;<\/p>\n<p>&nbsp;<\/p>\n<p>&nbsp;<\/p>\n<p>&nbsp;<\/p>\n<p>&nbsp;<\/p>\n<p>&nbsp;<\/p>\n<p style=\"text-align: center;\"><span style=\"font-family: times new roman, times, serif; font-size: 36pt;\"><strong>L\u2019infrastructure 5G de Huawei c\/ le r\u00e9seau Starlink<\/strong><\/span><\/p>\n<p>&nbsp;<\/p>\n<p style=\"text-align: center;\"><span style=\"font-family: times new roman, times, serif; font-size: 14pt;\"><strong><em>\u00a0<\/em><\/strong><\/span><\/p>\n<p style=\"text-align: center;\"><span style=\"font-family: times new roman, times, serif; font-size: 18pt;\"><strong><em>Strategika 51<\/em><\/strong><strong> \u2013 23.6.2022<\/strong><\/span><\/p>\n<p>&nbsp;<\/p>\n<p>&nbsp;<\/p>\n<p>&nbsp;<\/p>\n<p style=\"text-align: center;\"><a href=\"http:\/\/blog.lesgrossesorchadeslesamplesthalameges.fr\/?attachment_id=19432\" rel=\"attachment wp-att-19432\"><img loading=\"lazy\" class=\"alignnone wp-image-19432\" src=\"http:\/\/blog.lesgrossesorchadeslesamplesthalameges.fr\/wp-content\/uploads\/2022\/06\/9.-5-G-CHINE-300x180.jpg\" alt=\"\" width=\"500\" height=\"300\" srcset=\"https:\/\/blog.lesgrossesorchadeslesamplesthalameges.fr\/wp-content\/uploads\/2022\/06\/9.-5-G-CHINE-300x180.jpg 300w, https:\/\/blog.lesgrossesorchadeslesamplesthalameges.fr\/wp-content\/uploads\/2022\/06\/9.-5-G-CHINE.jpg 600w\" sizes=\"(max-width: 500px) 100vw, 500px\" \/><\/a><\/p>\n<p>&nbsp;<\/p>\n<p>&nbsp;<\/p>\n<p>&nbsp;<\/p>\n<p style=\"text-align: justify;\"><span style=\"font-family: times new roman, times, serif; font-size: 14pt;\">La guerre sans merci men\u00e9e depuis trois ans par les Cinq Yeux (5Eyes ou FVEY), une alliance entre les services de renseignement des \u00c9tats-Unis, du Canada, de Grande-Bretagne, d\u2019Australie et de Nouvelle-Z\u00e9lande (plus, officieusement, Isra\u00ebl et le Japon) contre le g\u00e9ant chinois Huawei cachait bien d\u2019autres enjeux plus complexes que les financiers et les \u00e9conomiques. Les v\u00e9ritables enjeux de ce conflit rev\u00eatent une importance g\u00e9ostrat\u00e9gique de la premi\u00e8re importance.<\/span><\/p>\n<p style=\"text-align: justify;\"><span style=\"font-family: times new roman, times, serif; font-size: 14pt;\">En effet, l\u2019infrastructure 5G d\u00e9velopp\u00e9e par Huawei peut non seulement mettre en p\u00e9ril l\u2019ensemble du r\u00e9seau Starlink de Space X, mais est \u00e9galement susceptible de le d\u00e9sactiver.<\/span><\/p>\n<p style=\"text-align: justify;\"><span style=\"font-family: times new roman, times, serif; font-size: 14pt;\">Ainsi, une couverture 5G bas\u00e9e sur une infrastructure Huawei\u00a0 de la Russie occidentale adjacente \u00e0 l\u2019Ukraine aurait pu entraver de mani\u00e8re significative le r\u00e9seau Starlink en Ukraine centrale et orientale.\u00a0<\/span><\/p>\n<p>&nbsp;<\/p>\n<p>&nbsp;<\/p>\n<p>&nbsp;<\/p>\n<p style=\"text-align: center;\"><a href=\"http:\/\/blog.lesgrossesorchadeslesamplesthalameges.fr\/index.php\/linfrastructure-5g-de-huawei-c-le-reseau-starlink\/23-sdtarlink\/\" rel=\"attachment wp-att-19456\"><img loading=\"lazy\" class=\"alignnone wp-image-19456 size-full\" src=\"http:\/\/blog.lesgrossesorchadeslesamplesthalameges.fr\/wp-content\/uploads\/2022\/06\/23.-SDtarlink.jpg\" alt=\"\" width=\"600\" height=\"337\" srcset=\"https:\/\/blog.lesgrossesorchadeslesamplesthalameges.fr\/wp-content\/uploads\/2022\/06\/23.-SDtarlink.jpg 600w, https:\/\/blog.lesgrossesorchadeslesamplesthalameges.fr\/wp-content\/uploads\/2022\/06\/23.-SDtarlink-300x169.jpg 300w\" sizes=\"(max-width: 600px) 100vw, 600px\" \/><\/a><\/p>\n<p>&nbsp;<\/p>\n<p>&nbsp;<\/p>\n<p>&nbsp;<\/p>\n<p style=\"text-align: justify;\"><span style=\"font-family: times new roman, times, serif; font-size: 14pt;\">SpaceX a reconnu cette semaine qu\u2019une interf\u00e9rence \u00ab\u00a0nuisible\u00a0\u00bb de certains r\u00e9seaux 5G\u00a0pouvait rendre son r\u00e9seau Starlink inop\u00e9rant. Cette reconnaissance n\u2019a pas inclus sciemment le volet militaire de Starlink et s\u2019est content\u00e9 de ses applications civiles.<\/span><\/p>\n<p style=\"text-align: justify;\"><span style=\"font-family: times new roman, times, serif; font-size: 14pt;\">Pour SpaceX, les services de t\u00e9l\u00e9phonie mobile utilisant la gamme 12GHz posent un s\u00e9rieux probl\u00e8mes aux utilisateurs de Starlink, puisque la constellation de microsatellites en orbite basse composant ce syst\u00e8me utilisent la m\u00eame fr\u00e9quence. Une \u00e9tude de SpaceX concernant l\u2019impact des r\u00e9seaux 5G sur son syst\u00e8me Starlink a d\u00e9montr\u00e9 que m\u00eame avec une r\u00e9duction drastique des interf\u00e9rences 5G, les fournisseurs de services \u2013 par exemple les fournisseurs TV en ligne utilisant Starlink \u2013 subiraient des interruptions de signal dans 74% des cas.<\/span><\/p>\n<p style=\"text-align: justify;\"><span style=\"font-family: times new roman, times, serif; font-size: 14pt;\">Lors de la premi\u00e8re phase de la reprise du conflit en Ukraine, fin f\u00e9vrier 2022, les unit\u00e9s de cyberguerre russes eurent la surprise de d\u00e9couvrir une nouvelle application militaire de Starlink, offerte par les \u00c9tats-Unis \u00e0 ce pays dans le cadre de leur assistance militaire. La mise au point de contremesures a \u00e9t\u00e9 rendue possible par l\u2019exp\u00e9rience des ing\u00e9nieurs de Huawei en la mati\u00e8re. Il s\u2019est av\u00e9r\u00e9 que les r\u00e9seaux 5G\u00a0bas\u00e9s sur l\u2019infrastructure Huawei d\u00e9sactivaient la zone de couverture des applications militaires du r\u00e9seau Starlink. Cela impliquait la rupture de signal entre un drone d\u2019attaque et son poste de commandement ou avec une autre station volante ou terrestre.<\/span><\/p>\n<p>&nbsp;<\/p>\n<p style=\"text-align: left;\"><span style=\"font-family: times new roman, times, serif; font-size: 14pt;\">Source\u00a0: <a href=\"https:\/\/strategika51.org\/2022\/06\/23\/linfrastructure-5g-de-huawei-vs-reseau-starlink\/\">https\u00a0:\/\/strategika51.org\/2022\/06\/23\/linfrastructure-5g-de-huawei-vs-reseau-starlink\/<\/a><\/span><\/p>\n<p>&nbsp;<\/p>\n<p style=\"text-align: left;\"><span style=\"font-family: times new roman, times, serif; font-size: 14pt;\"><strong>URL de cet article : <\/strong><a href=\"http:\/\/blog.lesgrossesorchadeslesamplesthalameges.fr\/index.php\/linfrastructure-5g-de-huawei-c-le-reseau-starlink\/\">http:\/\/blog.lesgrossesorchadeslesamplesthalameges.fr\/index.php\/linfrastructure-5g-de-huawei-c-le-reseau-starlink\/<\/a><strong><br \/>\n<\/strong><\/span><\/p>\n<p style=\"text-align: justify;\"><span style=\"font-family: times new roman, times, serif; font-size: 14pt;\"><strong>\u00a0<\/strong><\/span><\/p>\n<p>&nbsp;<\/p>\n<p>&nbsp;<\/p>\n<p style=\"text-align: center;\"><a href=\"http:\/\/blog.lesgrossesorchadeslesamplesthalameges.fr\/?attachment_id=19428\" rel=\"attachment wp-att-19428\"><img loading=\"lazy\" class=\"alignnone wp-image-19428\" src=\"http:\/\/blog.lesgrossesorchadeslesamplesthalameges.fr\/wp-content\/uploads\/2022\/06\/000.-Grande-muraille-3-GIF.gif\" alt=\"\" width=\"120\" height=\"80\" \/><\/a><\/p>\n<p>&nbsp;<\/p>\n<p>&nbsp;<\/p>\n<p style=\"text-align: right;\"><span style=\"font-family: comic sans ms, sans-serif; font-size: 14pt;\">Juin 2022<\/span><\/p>\n<p>&nbsp;<\/p>\n<p>&nbsp;<\/p>\n","protected":false},"excerpt":{"rendered":"<p>&nbsp; &nbsp; &nbsp; &nbsp; &nbsp; &nbsp; &nbsp; &nbsp; L\u2019infrastructure 5G de Huawei c\/ le r\u00e9seau Starlink &nbsp; \u00a0 Strategika 51 \u2013 23.6.2022 &nbsp; &nbsp; &nbsp; &nbsp; &nbsp; &nbsp; La guerre sans merci men\u00e9e depuis trois ans par les Cinq Yeux (5Eyes ou FVEY), une alliance entre les services de renseignement des \u00c9tats-Unis, du Canada, de&#8230;<\/p>\n","protected":false},"author":1,"featured_media":0,"parent":0,"menu_order":0,"comment_status":"open","ping_status":"open","template":"","meta":[],"_links":{"self":[{"href":"https:\/\/blog.lesgrossesorchadeslesamplesthalameges.fr\/index.php\/wp-json\/wp\/v2\/pages\/19455"}],"collection":[{"href":"https:\/\/blog.lesgrossesorchadeslesamplesthalameges.fr\/index.php\/wp-json\/wp\/v2\/pages"}],"about":[{"href":"https:\/\/blog.lesgrossesorchadeslesamplesthalameges.fr\/index.php\/wp-json\/wp\/v2\/types\/page"}],"author":[{"embeddable":true,"href":"https:\/\/blog.lesgrossesorchadeslesamplesthalameges.fr\/index.php\/wp-json\/wp\/v2\/users\/1"}],"replies":[{"embeddable":true,"href":"https:\/\/blog.lesgrossesorchadeslesamplesthalameges.fr\/index.php\/wp-json\/wp\/v2\/comments?post=19455"}],"version-history":[{"count":9,"href":"https:\/\/blog.lesgrossesorchadeslesamplesthalameges.fr\/index.php\/wp-json\/wp\/v2\/pages\/19455\/revisions"}],"predecessor-version":[{"id":19465,"href":"https:\/\/blog.lesgrossesorchadeslesamplesthalameges.fr\/index.php\/wp-json\/wp\/v2\/pages\/19455\/revisions\/19465"}],"wp:attachment":[{"href":"https:\/\/blog.lesgrossesorchadeslesamplesthalameges.fr\/index.php\/wp-json\/wp\/v2\/media?parent=19455"}],"curies":[{"name":"wp","href":"https:\/\/api.w.org\/{rel}","templated":true}]}}