{"id":19467,"date":"2022-06-28T11:16:03","date_gmt":"2022-06-28T09:16:03","guid":{"rendered":"http:\/\/blog.lesgrossesorchadeslesamplesthalameges.fr\/?page_id=19467"},"modified":"2022-06-28T11:17:07","modified_gmt":"2022-06-28T09:17:07","slug":"xi-jinping-appelle-les-pays-des-brics-a-construire-une-communaute-mondiale-de-securite-pour-tous","status":"publish","type":"page","link":"https:\/\/blog.lesgrossesorchadeslesamplesthalameges.fr\/index.php\/xi-jinping-appelle-les-pays-des-brics-a-construire-une-communaute-mondiale-de-securite-pour-tous\/","title":{"rendered":"Xi Jinping appelle les pays des BRICS \u00e0 construire une communaut\u00e9 mondiale de s\u00e9curit\u00e9 pour tous"},"content":{"rendered":"<p>&nbsp;<\/p>\n<p>&nbsp;<\/p>\n<p>&nbsp;<\/p>\n<p>&nbsp;<\/p>\n<p>&nbsp;<\/p>\n<p>&nbsp;<\/p>\n<p>&nbsp;<\/p>\n<p>&nbsp;<\/p>\n<p style=\"text-align: center;\"><span style=\"font-family: times new roman, times, serif; font-size: 14pt;\"><strong><span style=\"font-size: 36pt;\">Xi Jinping appelle les pays des BRICS \u00e0 construire une communaut\u00e9 mondiale de s\u00e9curit\u00e9 pour tous<\/span><\/strong><\/span><\/p>\n<p style=\"text-align: justify;\"><span style=\"font-family: times new roman, times, serif; font-size: 14pt;\"><strong>\u00a0<\/strong><\/span><\/p>\n<p>&nbsp;<\/p>\n<p style=\"text-align: center;\"><span style=\"font-family: times new roman, times, serif; font-size: 18pt;\"><strong>Shuang\u00a0Sheng, Yishuang\u00a0Liu<\/strong><strong> \u2013 <em>BRICS <\/em>\u00a0\u2013 24.6.2022<\/strong><\/span><\/p>\n<p>&nbsp;<\/p>\n<p style=\"text-align: center;\"><span style=\"font-family: times new roman, times, serif; font-size: 18pt;\"><strong>\u00a0<\/strong><\/span><\/p>\n<p>&nbsp;<\/p>\n<p style=\"text-align: center;\"><span style=\"font-family: times new roman, times, serif; font-size: 14pt;\"><strong>\u00a0<a href=\"http:\/\/blog.lesgrossesorchadeslesamplesthalameges.fr\/?attachment_id=19433\" rel=\"attachment wp-att-19433\"><img loading=\"lazy\" class=\"alignnone wp-image-19433 size-full\" src=\"http:\/\/blog.lesgrossesorchadeslesamplesthalameges.fr\/wp-content\/uploads\/2022\/06\/10.-XI.jpg\" alt=\"\" width=\"500\" height=\"333\" srcset=\"https:\/\/blog.lesgrossesorchadeslesamplesthalameges.fr\/wp-content\/uploads\/2022\/06\/10.-XI.jpg 500w, https:\/\/blog.lesgrossesorchadeslesamplesthalameges.fr\/wp-content\/uploads\/2022\/06\/10.-XI-300x200.jpg 300w\" sizes=\"(max-width: 500px) 100vw, 500px\" \/><\/a><\/strong><\/span><\/p>\n<p>&nbsp;<\/p>\n<p>&nbsp;<\/p>\n<p>&nbsp;<\/p>\n<p style=\"text-align: justify;\"><strong><span style=\"font-family: tahoma, arial, helvetica, sans-serif; font-size: 14pt;\">Actuellement, les impacts de changements majeurs et d&rsquo;une pand\u00e9mie in\u00e9dite depuis un si\u00e8cle se conjuguent, et les facteurs d&rsquo;instabilit\u00e9, d&rsquo;incertitude et d&rsquo;ins\u00e9curit\u00e9 augmentent dans la situation internationale, a not\u00e9 M. Xi.<\/span><\/strong><\/p>\n<p>&nbsp;<\/p>\n<p style=\"text-align: justify; padding-left: 120px;\"><span style=\"font-family: times new roman, times, serif; font-size: 14pt;\">\u00ab\u00a0Malgr\u00e9 cela, la paix et le d\u00e9veloppement restent le th\u00e8me immuable de l&rsquo;\u00e9poque, l&rsquo;aspiration des peuples de tous les pays pour une vie meilleure reste inchang\u00e9e, et la mission historique de la communaut\u00e9 internationale de poursuivre la solidarit\u00e9 et la coop\u00e9ration gagnant-gagnant reste identique\u00a0\u00bb,<\/span><\/p>\n<p style=\"text-align: justify;\"><span style=\"font-family: times new roman, times, serif; font-size: 14pt;\">a-t-il annonc\u00e9.<\/span><\/p>\n<p>&nbsp;<\/p>\n<p>&nbsp;<\/p>\n<p style=\"text-align: center;\"><a href=\"http:\/\/blog.lesgrossesorchadeslesamplesthalameges.fr\/?attachment_id=19434\" rel=\"attachment wp-att-19434\"><img loading=\"lazy\" class=\"alignnone wp-image-19434 size-full\" src=\"http:\/\/blog.lesgrossesorchadeslesamplesthalameges.fr\/wp-content\/uploads\/2022\/06\/11.-Les-pays-des-BRICS.jpg\" alt=\"\" width=\"700\" height=\"358\" srcset=\"https:\/\/blog.lesgrossesorchadeslesamplesthalameges.fr\/wp-content\/uploads\/2022\/06\/11.-Les-pays-des-BRICS.jpg 700w, https:\/\/blog.lesgrossesorchadeslesamplesthalameges.fr\/wp-content\/uploads\/2022\/06\/11.-Les-pays-des-BRICS-300x153.jpg 300w\" sizes=\"(max-width: 700px) 100vw, 700px\" \/><\/a><\/p>\n<p style=\"text-align: center;\"><span style=\"font-family: times new roman, times, serif; font-size: 12pt;\"><strong><em>Les pays des BRICS<\/em><\/strong><\/span><\/p>\n<p>&nbsp;<\/p>\n<p style=\"text-align: justify;\"><span style=\"font-family: times new roman, times, serif; font-size: 14pt;\"><strong><em>\u00a0<\/em><\/strong><\/span><\/p>\n<p style=\"text-align: justify; padding-left: 120px;\"><span style=\"font-family: times new roman, times, serif; font-size: 14pt;\">\u00ab\u00a0En tant que force positive, inspirante et constructive au sein de la communaut\u00e9 internationale, les pays des BRICS doivent raffermir leur conviction, braver les temp\u00eates et les vagues, et prendre des mesures concr\u00e8tes pour promouvoir la paix et le d\u00e9veloppement, d\u00e9fendre l&rsquo;\u00e9quit\u00e9 et la justice, et pr\u00f4ner la d\u00e9mocratie et la libert\u00e9, afin d&rsquo;injecter de la stabilit\u00e9 et de l&rsquo;\u00e9nergie positive dans les relations internationales en cette p\u00e9riode de turbulence et de transformation\u00a0\u00bb,<\/span><\/p>\n<p style=\"text-align: justify;\"><span style=\"font-family: times new roman, times, serif; font-size: 14pt;\">\u00a0a poursuivi M. Xi.<\/span><\/p>\n<p>&nbsp;<\/p>\n<p style=\"text-align: justify;\"><span style=\"font-family: times new roman, times, serif; font-size: 14pt;\">Le pr\u00e9sident chinois a soulign\u00e9 que l&rsquo;histoire et la r\u00e9alit\u00e9 nous disaient que la recherche de sa propre s\u00e9curit\u00e9 au d\u00e9triment de celle d&rsquo;autrui ne cr\u00e9erait que de nouvelles tensions et de nouveaux risques. Pour promouvoir la s\u00e9curit\u00e9 commune dans le monde, il a r\u00e9cemment propos\u00e9 <strong>l&rsquo;Initiative de S\u00e9curit\u00e9 Mondiale (ISM).<\/strong><\/span><\/p>\n<p>&nbsp;<\/p>\n<p style=\"text-align: justify; padding-left: 120px;\"><span style=\"font-family: times new roman, times, serif; font-size: 14pt;\">\u00ab\u00a0Les pays des BRICS doivent renforcer la confiance politique mutuelle et la coop\u00e9ration en mati\u00e8re de s\u00e9curit\u00e9, maintenir une communication et une coordination \u00e9troites sur les grandes questions internationales et r\u00e9gionales, tenir compte des int\u00e9r\u00eats fondamentaux et des pr\u00e9occupations majeures de chacun, respecter la souverainet\u00e9, la s\u00e9curit\u00e9 et les int\u00e9r\u00eats de d\u00e9veloppement de chacun, s&rsquo;opposer \u00e0 l&rsquo;h\u00e9g\u00e9monisme et \u00e0 la politique de puissance, rejeter la mentalit\u00e9 de la guerre froide et la confrontation des blocs, ainsi que travailler ensemble \u00e0 la construction d&rsquo;une communaut\u00e9 mondiale de s\u00e9curit\u00e9 pour tous\u00a0\u00bb,<\/span><\/p>\n<p style=\"text-align: justify;\"><span style=\"font-family: times new roman, times, serif; font-size: 14pt;\">a exhort\u00e9 M. Xi.<\/span><\/p>\n<p>&nbsp;<\/p>\n<p style=\"text-align: justify; padding-left: 120px;\"><span style=\"font-family: times new roman, times, serif; font-size: 14pt;\">\u00ab\u00a0Le d\u00e9veloppement est une t\u00e2che commune pour les march\u00e9s \u00e9mergents et les pays en d\u00e9veloppement\u00a0\u00bb, a not\u00e9 M. Xi, ajoutant que \u00ab\u00a0face aux divers risques et d\u00e9fis actuels, il est plus que jamais important pour les march\u00e9s \u00e9mergents et les pays en d\u00e9veloppement de renforcer la solidarit\u00e9 et la coop\u00e9ration\u00a0\u00bb.<\/span><\/p>\n<p>&nbsp;<\/p>\n<p style=\"text-align: justify;\"><span style=\"font-family: times new roman, times, serif; font-size: 14pt;\">Il a appel\u00e9 les cinq pays des BRICS \u00e0 s&rsquo;engager dans un dialogue et dans des \u00e9changes avec davantage de march\u00e9s \u00e9mergents et de pays en d\u00e9veloppement afin d&rsquo;accro\u00eetre la compr\u00e9hension et la confiance mutuelles, de resserrer les liens de coop\u00e9ration et d&rsquo;approfondir la convergence des int\u00e9r\u00eats, de mani\u00e8re \u00e0 \u00e9largir le champ de la coop\u00e9ration et \u00e0 renforcer la force du progr\u00e8s, ainsi qu&rsquo;\u00e0 contribuer davantage \u00e0 la noble vision de la construction d&rsquo;une communaut\u00e9 de destin pour l&rsquo;humanit\u00e9.<\/span><\/p>\n<p>&nbsp;<\/p>\n<p style=\"text-align: justify;\"><span style=\"font-family: times new roman, times, serif; font-size: 14pt;\">Source\u00a0: <a href=\"http:\/\/canempechepasnicolas.over-blog.com\/2022\/06\/xi-jinping-appelle-les-pays-des-brics-a-construire-une-communaute-mondiale-de-securite-pour-tous.html\">Xi Jinping appelle les pays des BRICS \u00e0 construire une communaut\u00e9 mondiale de s\u00e9curit\u00e9 pour tous &#8211; \u00c7a n&#8217;emp\u00eache pas Nicolas (over-blog.com)<\/a><\/span><\/p>\n<p>&nbsp;<\/p>\n<p style=\"text-align: left;\"><span style=\"font-family: times new roman, times, serif; font-size: 14pt;\"><strong>URL de cet article : <\/strong><a href=\"http:\/\/blog.lesgrossesorchadeslesamplesthalameges.fr\/index.php\/xi-jinping-appelle-les-pays-des-brics-a-construire-une-communaute-mondiale-de-securite-pour-tous\/\">http:\/\/blog.lesgrossesorchadeslesamplesthalameges.fr\/index.php\/xi-jinping-appelle-les-pays-des-brics-a-construire-une-communaute-mondiale-de-securite-pour-tous\/<\/a><br \/>\n<\/span><\/p>\n<p style=\"text-align: justify;\">\n<p><strong>\u00a0<\/strong><\/p>\n<p>&nbsp;<\/p>\n<p style=\"text-align: center;\"><strong>\u00a0<a href=\"http:\/\/blog.lesgrossesorchadeslesamplesthalameges.fr\/?attachment_id=19428\" rel=\"attachment wp-att-19428\"><img loading=\"lazy\" class=\"alignnone wp-image-19428\" src=\"http:\/\/blog.lesgrossesorchadeslesamplesthalameges.fr\/wp-content\/uploads\/2022\/06\/000.-Grande-muraille-3-GIF.gif\" alt=\"\" width=\"120\" height=\"80\" \/><\/a><\/strong><\/p>\n<p><strong>\u00a0<\/strong><\/p>\n<p>&nbsp;<\/p>\n<p style=\"text-align: right;\"><span style=\"font-family: comic sans ms, sans-serif; font-size: 14pt;\">Juin 2022<\/span><\/p>\n<p>&nbsp;<\/p>\n<p>&nbsp;<\/p>\n","protected":false},"excerpt":{"rendered":"<p>&nbsp; &nbsp; &nbsp; &nbsp; &nbsp; &nbsp; &nbsp; &nbsp; Xi Jinping appelle les pays des BRICS \u00e0 construire une communaut\u00e9 mondiale de s\u00e9curit\u00e9 pour tous \u00a0 &nbsp; Shuang\u00a0Sheng, Yishuang\u00a0Liu \u2013 BRICS \u00a0\u2013 24.6.2022 &nbsp; \u00a0 &nbsp; \u00a0 &nbsp; &nbsp; &nbsp; Actuellement, les impacts de changements majeurs et d&rsquo;une pand\u00e9mie in\u00e9dite depuis un si\u00e8cle se conjuguent, et&#8230;<\/p>\n","protected":false},"author":1,"featured_media":0,"parent":0,"menu_order":0,"comment_status":"open","ping_status":"open","template":"","meta":[],"_links":{"self":[{"href":"https:\/\/blog.lesgrossesorchadeslesamplesthalameges.fr\/index.php\/wp-json\/wp\/v2\/pages\/19467"}],"collection":[{"href":"https:\/\/blog.lesgrossesorchadeslesamplesthalameges.fr\/index.php\/wp-json\/wp\/v2\/pages"}],"about":[{"href":"https:\/\/blog.lesgrossesorchadeslesamplesthalameges.fr\/index.php\/wp-json\/wp\/v2\/types\/page"}],"author":[{"embeddable":true,"href":"https:\/\/blog.lesgrossesorchadeslesamplesthalameges.fr\/index.php\/wp-json\/wp\/v2\/users\/1"}],"replies":[{"embeddable":true,"href":"https:\/\/blog.lesgrossesorchadeslesamplesthalameges.fr\/index.php\/wp-json\/wp\/v2\/comments?post=19467"}],"version-history":[{"count":6,"href":"https:\/\/blog.lesgrossesorchadeslesamplesthalameges.fr\/index.php\/wp-json\/wp\/v2\/pages\/19467\/revisions"}],"predecessor-version":[{"id":19473,"href":"https:\/\/blog.lesgrossesorchadeslesamplesthalameges.fr\/index.php\/wp-json\/wp\/v2\/pages\/19467\/revisions\/19473"}],"wp:attachment":[{"href":"https:\/\/blog.lesgrossesorchadeslesamplesthalameges.fr\/index.php\/wp-json\/wp\/v2\/media?parent=19467"}],"curies":[{"name":"wp","href":"https:\/\/api.w.org\/{rel}","templated":true}]}}