{"id":19624,"date":"2022-07-06T17:05:03","date_gmt":"2022-07-06T15:05:03","guid":{"rendered":"http:\/\/blog.lesgrossesorchadeslesamplesthalameges.fr\/?page_id=19624"},"modified":"2022-07-06T17:06:37","modified_gmt":"2022-07-06T15:06:37","slug":"israel-va-remplacer-la-russie-comme-fournisseur-de-gaz-de-lue-quest-ce-que-cela-signifie","status":"publish","type":"page","link":"https:\/\/blog.lesgrossesorchadeslesamplesthalameges.fr\/index.php\/israel-va-remplacer-la-russie-comme-fournisseur-de-gaz-de-lue-quest-ce-que-cela-signifie\/","title":{"rendered":"Isra\u00ebl va remplacer la Russie comme fournisseur de gaz de l\u2019UE : Qu\u2019est-ce que cela signifie ?  \u00a0"},"content":{"rendered":"<p>&nbsp;<\/p>\n<p>&nbsp;<\/p>\n<p>&nbsp;<\/p>\n<p>&nbsp;<\/p>\n<p>&nbsp;<\/p>\n<p>&nbsp;<\/p>\n<p>&nbsp;<\/p>\n<p>&nbsp;<\/p>\n<p>&nbsp;<\/p>\n<p style=\"text-align: center;\"><span style=\"font-family: times new roman, times, serif; font-size: 34pt;\"><strong>Isra\u00ebl va remplacer la Russie comme fournisseur de gaz de l\u2019UE : Qu\u2019est-ce que cela signifie ?<\/strong><\/span><\/p>\n<p style=\"text-align: center;\"><span style=\"font-family: times new roman, times, serif; font-size: 14pt;\"><strong>\u00a0<\/strong><\/span><\/p>\n<p>&nbsp;<\/p>\n<p style=\"text-align: center;\"><span style=\"font-family: times new roman, times, serif; font-size: 18pt;\"><strong>Robert Inlakesh \u2013 <em>Al Mayadeen<\/em> \u2013 17.6.2022<\/strong><\/span><\/p>\n<p>&nbsp;<\/p>\n<p style=\"text-align: center;\"><span style=\"font-family: times new roman, times, serif; font-size: 18pt;\">Publi\u00e9 par Gilles Munier \u2013 <em>France-Irak Actualit\u00e9s<\/em> \u201320 Juin 2022<\/span><\/p>\n<p>&nbsp;<\/p>\n<p>&nbsp;<\/p>\n<p style=\"text-align: center;\"><a href=\"http:\/\/blog.lesgrossesorchadeslesamplesthalameges.fr\/?attachment_id=19602\" rel=\"attachment wp-att-19602\"><img loading=\"lazy\" class=\"alignnone wp-image-19602 size-full\" src=\"http:\/\/blog.lesgrossesorchadeslesamplesthalameges.fr\/wp-content\/uploads\/2022\/07\/6.-Israel-va-remplacer.jpg\" alt=\"\" width=\"600\" height=\"510\" srcset=\"https:\/\/blog.lesgrossesorchadeslesamplesthalameges.fr\/wp-content\/uploads\/2022\/07\/6.-Israel-va-remplacer.jpg 600w, https:\/\/blog.lesgrossesorchadeslesamplesthalameges.fr\/wp-content\/uploads\/2022\/07\/6.-Israel-va-remplacer-300x255.jpg 300w\" sizes=\"(max-width: 600px) 100vw, 600px\" \/><\/a><\/p>\n<p>&nbsp;<\/p>\n<p>&nbsp;<\/p>\n<p>&nbsp;<\/p>\n<p style=\"text-align: left;\"><span style=\"font-family: tahoma, arial, helvetica, sans-serif; font-size: 14pt;\"><strong>Les tentatives d\u2019Isra\u00ebl d\u2019\u00e9tendre son exploitation des ressources c\u00f4ti\u00e8res de la M\u00e9diterran\u00e9e orientale ont le potentiel de d\u00e9clencher un conflit sur plusieurs fronts.<\/strong><\/span><\/p>\n<p>&nbsp;<\/p>\n<p style=\"text-align: justify;\"><span style=\"font-family: times new roman, times, serif; font-size: 14pt;\">L\u2019UE, Isra\u00ebl et l\u2019\u00c9gypte ont sign\u00e9 un nouvel accord commercial gr\u00e2ce auquel Tel Aviv deviendra un fournisseur alternatif de gaz naturel pour l\u2019Europe, contribuant ainsi \u00e0 combler le foss\u00e9 caus\u00e9 par le manque de ressources russes. Cette initiative risque toutefois de d\u00e9clencher un conflit sur plusieurs fronts, car \u00ab\u00a0Isra\u00ebl\u00a0\u00bb cherche activement \u00e0 \u00e9tendre son exploitation des ressources c\u00f4ti\u00e8res de la M\u00e9diterran\u00e9e orientale.<\/span><\/p>\n<p style=\"text-align: justify;\"><span style=\"font-family: times new roman, times, serif; font-size: 14pt;\">Selon un document consult\u00e9 par Reuters, la Commission europ\u00e9enne a propos\u00e9 aux \u00c9tats membres de l\u2019UE, le 9 juin, un projet qui leur permettrait de conclure un nouvel accord commercial avec Le Caire et Tel Aviv. Cet accord aurait pour fonction de faciliter le commerce du gaz de la M\u00e9diterran\u00e9e orientale vers l\u2019Europe, afin de combler le vide laiss\u00e9 sur le march\u00e9 europ\u00e9en par les sanctions emp\u00eachant la circulation des ressources russes vers le continent.<\/span><\/p>\n<p style=\"text-align: justify;\"><span style=\"font-family: times new roman, times, serif; font-size: 14pt;\">\u00ab\u00a0C\u2019est un moment formidable o\u00f9 le petit Isra\u00ebl devient un acteur important\u00a0\u00bb, a d\u00e9clar\u00e9 mercredi la ministre isra\u00e9lienne de l\u2019\u00e9nergie, Karin Elharrar, apr\u00e8s l\u2019annonce officielle de la signature de l\u2019accord.<\/span><\/p>\n<p style=\"text-align: justify;\"><span style=\"font-family: times new roman, times, serif; font-size: 14pt;\">La signature de l\u2019accord est intervenue \u00e0 la suite d\u2019une visite de deux jours en Palestine occup\u00e9e de la chef de l\u2019UE, Ursula Von Der Leyen, qui a mis la pression sur le r\u00e9gime isra\u00e9lien pour qu\u2019il redouble d\u2019efforts dans l\u2019exploration de nouveaux gisements de gaz afin d\u2019augmenter sa capacit\u00e9 d\u2019exportation. Selon les termes de l\u2019accord, Tel Aviv exploitera les ressources au large des c\u00f4tes de la Palestine occup\u00e9e et enverra le gaz naturel en \u00c9gypte, o\u00f9 il sera raffin\u00e9 et transport\u00e9 vers l\u2019Europe.<\/span><\/p>\n<p style=\"text-align: justify;\"><span style=\"font-family: times new roman, times, serif; font-size: 14pt;\">En raison du d\u00e9clin de l\u2019\u00e9conomie \u00e9gyptienne, la nation arabe cherche depuis un certain temps \u00e0 d\u00e9velopper ses exportations de gaz vers l\u2019UE. Dans le cadre du nouvel accord propos\u00e9, le Caire jouera un r\u00f4le cl\u00e9 en utilisant son infrastructure de gaz naturel liqu\u00e9fi\u00e9 (GNL) dans le but de devenir un centre d\u2019approvisionnement en gaz. Le r\u00e9gime isra\u00e9lien, quant \u00e0 lui, a d\u00e9clar\u00e9 son intention de doubler sa production de gaz au cours des prochaines ann\u00e9es, en d\u00e9ployant des efforts pour mettre en service de nouveaux champs gaziers. C\u2019est toutefois l\u00e0 que les choses commencent \u00e0 devenir probl\u00e9matiques pour l\u2019entit\u00e9 coloniale qui occupe la Palestine.<\/span><\/p>\n<p style=\"text-align: justify;\"><span style=\"font-family: times new roman, times, serif; font-size: 14pt;\">D\u00e9j\u00e0 Isra\u00ebl est sous la menace que la r\u00e9sistance palestinienne \u00e0 Gaza pourrait tenter de frapper l\u2019infrastructure d\u2019extraction de gaz isra\u00e9lienne dans toute guerre future, le Hamas ayant \u00e9t\u00e9 accus\u00e9 de tenter de frapper les champs de p\u00e9trole et de gaz en mai 2021. Pourtant, la plus grande pr\u00e9occupation du r\u00e9gime isra\u00e9lien est celle de la capacit\u00e9 de la r\u00e9sistance libanaise \u00e0 faire de m\u00eame, car elle dispose de capacit\u00e9s d\u2019armement bien plus importantes que celles de la r\u00e9sistance palestinienne.<\/span><\/p>\n<p style=\"text-align: justify;\"><span style=\"font-family: times new roman, times, serif; font-size: 14pt;\">Au d\u00e9but du mois, l\u2019\u00c9tat libanais a accus\u00e9 Isra\u00ebl d\u2019une \u00ab\u00a0provocation agressive\u00a0\u00bb dans la zone maritime contest\u00e9e entre Isra\u00ebl et le Liban. La provocation a \u00e9t\u00e9 caus\u00e9e par l\u2019entr\u00e9e d\u2019une plate-forme flottante d\u2019extraction de gaz, appartenant \u00e0 la soci\u00e9t\u00e9 Energean bas\u00e9e \u00e0 Londres, qui a commenc\u00e9 \u00e0 op\u00e9rer dans la zone du champ gazier de Karish que le Liban revendique comme \u00e9tant en territoire contest\u00e9. La revendication d\u2019une partie du champ de Karish par Beyrouth est ancr\u00e9e dans le droit international et s\u2019inscrit dans l\u2019argumentation de ce que l\u2019on appelle la ligne 29, nom de la d\u00e9marcation maritime avanc\u00e9 par le Liban lors des n\u00e9gociations sur la d\u00e9limitation de ses fronti\u00e8res maritimes.<\/span><\/p>\n<p style=\"text-align: justify;\"><span style=\"font-family: times new roman, times, serif; font-size: 14pt;\">Apr\u00e8s la provocation de la partie isra\u00e9lienne, qui affirme que le navire Energean op\u00e9rait dans sa \u00ab\u00a0zone \u00e9conomique exclusive\u00a0\u00bb, le secr\u00e9taire g\u00e9n\u00e9ral du Hezbollah libanais, Sayed Hassan Nasrallah, a menac\u00e9 le navire de le frapper s\u2019il ne se retirait pas. Cette menace a \u00e9t\u00e9 suivie par celle du chef militaire d\u2019Isra\u00ebl, Aviv Kochavi, qui a menac\u00e9 le Liban d\u2019une guerre dans laquelle \u00ab\u00a0la force d\u2019attaque sera inimaginable \u2013 comme vous ne l\u2019avez jamais vue auparavant\u00a0\u00bb, d\u00e9clarant que les civils libanais seront avertis de quitter leurs maisons, insinuant que les zones civiles deviendront des cibles.<\/span><\/p>\n<p style=\"text-align: justify;\"><span style=\"font-family: times new roman, times, serif; font-size: 14pt;\">La visite du n\u00e9gociateur am\u00e9ricain pro-isra\u00e9lien, Amos Hochstein, en d\u00e9but de semaine, a \u00e9t\u00e9 pr\u00e9c\u00e9d\u00e9e d\u2019informations selon lesquelles le Liban avait renonc\u00e9 \u00e0 sa revendication de la ligne 29 et cherchait \u00e0 sacrifier le champ de Karish, riche en p\u00e9trole et en gaz, au profit du champ de Cana, dont l\u2019approvisionnement en gaz n\u2019est pas prouv\u00e9. D\u2019un air suffisant, le n\u00e9gociateur am\u00e9ricain Hochstein a accord\u00e9 une interview \u00e0 Al-Hurra News, dans laquelle il a souri \u00e0 l\u2019id\u00e9e que le champ de Karish soit c\u00e9d\u00e9 au Liban lors des n\u00e9gociations, ce que les \u00c9tats-Unis ont toujours consid\u00e9r\u00e9 comme un \u00ab\u00a0\u00e9chec\u00a0\u00bb.<\/span><\/p>\n<p style=\"text-align: justify;\"><span style=\"font-family: times new roman, times, serif; font-size: 14pt;\">Il n\u2019est cependant pas confirm\u00e9 que le gouvernement libanais ait effectivement fait un compromis sur le champ de Karish, ce qui serait certainement une catastrophe pour le peuple libanais car ce champ a la richesse potentielle pour surmonter leur crise \u00e9conomique et contribuer \u00e0 soulager la crise \u00e9nerg\u00e9tique du Liban.<\/span><\/p>\n<p style=\"text-align: justify;\"><span style=\"font-family: times new roman, times, serif; font-size: 14pt;\"><strong>\u00a0<\/strong><\/span><\/p>\n<p style=\"text-align: left;\"><span style=\"font-family: times new roman, times, serif; font-size: 14pt;\">Source\u00a0: <a href=\"https:\/\/www.france-irak-actualite.com\/2022\/06\/israel-va-remplacer-la-russie-comme-fournisseur-de-gaz-de-l-ue-qu-est-ce-que-cela-signifie.html\">https:\/\/www.france-irak-actualite.com\/2022\/06\/israel-va-remplacer-la-russie-comme-fournisseur-de-gaz-de-l-ue-qu-est-ce-que-cela-signifie.html<\/a><\/span><\/p>\n<p style=\"text-align: justify;\"><span style=\"font-family: times new roman, times, serif; font-size: 14pt;\">Traduction <a href=\"https:\/\/arretsurinfo.ch\/israel-va-remplacer-la-russie-comme-fournisseur-de-gaz-de-lue-quest-ce-que-cela-signifie\/\">A.S.I.<\/a><\/span><\/p>\n<p>&nbsp;<\/p>\n<p style=\"text-align: left;\"><span style=\"font-family: times new roman, times, serif; font-size: 14pt;\"><strong>URL de cet article\u00a0: <\/strong><a href=\"http:\/\/blog.lesgrossesorchadeslesamplesthalameges.fr\/index.php\/israel-va-remplacer-la-russie-comme-fournisseur-de-gaz-de-lue-quest-ce-que-cela-signifie\/\">http:\/\/blog.lesgrossesorchadeslesamplesthalameges.fr\/index.php\/israel-va-remplacer-la-russie-comme-fournisseur-de-gaz-de-lue-quest-ce-que-cela-signifie\/<\/a><\/span><\/p>\n<p>&nbsp;<\/p>\n<p>&nbsp;<\/p>\n<p>&nbsp;<\/p>\n<p style=\"text-align: center;\"><a href=\"http:\/\/blog.lesgrossesorchadeslesamplesthalameges.fr\/?attachment_id=19599\" rel=\"attachment wp-att-19599\"><img loading=\"lazy\" class=\"alignnone size-full wp-image-19599\" src=\"http:\/\/blog.lesgrossesorchadeslesamplesthalameges.fr\/wp-content\/uploads\/2022\/07\/000.-Boomerang-GIF.gif\" alt=\"\" width=\"150\" height=\"100\" \/><\/a><\/p>\n<p>&nbsp;<\/p>\n<p>&nbsp;<\/p>\n<p style=\"text-align: right;\"><span style=\"font-family: comic sans ms, sans-serif; font-size: 14pt;\">Juillet 2022<\/span><\/p>\n<p>&nbsp;<\/p>\n<p>&nbsp;<\/p>\n","protected":false},"excerpt":{"rendered":"<p>&nbsp; &nbsp; &nbsp; &nbsp; &nbsp; &nbsp; &nbsp; &nbsp; &nbsp; Isra\u00ebl va remplacer la Russie comme fournisseur de gaz de l\u2019UE : Qu\u2019est-ce que cela signifie ? \u00a0 &nbsp; Robert Inlakesh \u2013 Al Mayadeen \u2013 17.6.2022 &nbsp; Publi\u00e9 par Gilles Munier \u2013 France-Irak Actualit\u00e9s \u201320 Juin 2022 &nbsp; &nbsp; &nbsp; &nbsp; &nbsp; Les tentatives d\u2019Isra\u00ebl d\u2019\u00e9tendre&#8230;<\/p>\n","protected":false},"author":1,"featured_media":0,"parent":0,"menu_order":0,"comment_status":"open","ping_status":"open","template":"","meta":[],"_links":{"self":[{"href":"https:\/\/blog.lesgrossesorchadeslesamplesthalameges.fr\/index.php\/wp-json\/wp\/v2\/pages\/19624"}],"collection":[{"href":"https:\/\/blog.lesgrossesorchadeslesamplesthalameges.fr\/index.php\/wp-json\/wp\/v2\/pages"}],"about":[{"href":"https:\/\/blog.lesgrossesorchadeslesamplesthalameges.fr\/index.php\/wp-json\/wp\/v2\/types\/page"}],"author":[{"embeddable":true,"href":"https:\/\/blog.lesgrossesorchadeslesamplesthalameges.fr\/index.php\/wp-json\/wp\/v2\/users\/1"}],"replies":[{"embeddable":true,"href":"https:\/\/blog.lesgrossesorchadeslesamplesthalameges.fr\/index.php\/wp-json\/wp\/v2\/comments?post=19624"}],"version-history":[{"count":7,"href":"https:\/\/blog.lesgrossesorchadeslesamplesthalameges.fr\/index.php\/wp-json\/wp\/v2\/pages\/19624\/revisions"}],"predecessor-version":[{"id":19632,"href":"https:\/\/blog.lesgrossesorchadeslesamplesthalameges.fr\/index.php\/wp-json\/wp\/v2\/pages\/19624\/revisions\/19632"}],"wp:attachment":[{"href":"https:\/\/blog.lesgrossesorchadeslesamplesthalameges.fr\/index.php\/wp-json\/wp\/v2\/media?parent=19624"}],"curies":[{"name":"wp","href":"https:\/\/api.w.org\/{rel}","templated":true}]}}