{"id":19635,"date":"2022-07-06T17:14:12","date_gmt":"2022-07-06T15:14:12","guid":{"rendered":"http:\/\/blog.lesgrossesorchadeslesamplesthalameges.fr\/?page_id=19635"},"modified":"2022-07-06T17:17:08","modified_gmt":"2022-07-06T15:17:08","slug":"19635-2","status":"publish","type":"page","link":"https:\/\/blog.lesgrossesorchadeslesamplesthalameges.fr\/index.php\/19635-2\/","title":{"rendered":"De la n\u00e9cessit\u00e9 de combattre et d\u2019oublier"},"content":{"rendered":"<p style=\"text-align: justify;\"><strong>\u00a0<\/strong><\/p>\n<p>&nbsp;<\/p>\n<p>&nbsp;<\/p>\n<p>&nbsp;<\/p>\n<p>&nbsp;<\/p>\n<p>&nbsp;<\/p>\n<p>&nbsp;<\/p>\n<p>&nbsp;<\/p>\n<p>&nbsp;<\/p>\n<p style=\"text-align: center;\"><span style=\"font-family: times new roman, times, serif; font-size: 36pt;\"><strong>De la n\u00e9cessit\u00e9 de combattre et d\u2019oublier<\/strong><\/span><\/p>\n<p style=\"text-align: center;\"><em><span style=\"font-family: times new roman, times, serif; font-size: 14pt;\"><strong>\u00a0<\/strong><\/span><\/em><\/p>\n<p>&nbsp;<\/p>\n<p style=\"text-align: center;\"><span style=\"font-family: times new roman, times, serif; font-size: 18pt;\"><strong><em>Strategika 51<\/em> \u2013 4.7.2022<\/strong><\/span><\/p>\n<p style=\"text-align: justify;\"><span style=\"font-family: times new roman, times, serif; font-size: 14pt;\"><strong>\u00a0<\/strong><\/span><\/p>\n<p style=\"text-align: justify;\"><span style=\"font-family: times new roman, times, serif; font-size: 14pt;\"><strong>\u00a0<\/strong><\/span><\/p>\n<p>&nbsp;<\/p>\n<p style=\"text-align: center;\"><a href=\"http:\/\/blog.lesgrossesorchadeslesamplesthalameges.fr\/index.php\/19635-2\/10-oncle-sam-et-roquets-2\/\" rel=\"attachment wp-att-19636\"><img loading=\"lazy\" class=\"alignnone wp-image-19636 size-full\" src=\"http:\/\/blog.lesgrossesorchadeslesamplesthalameges.fr\/wp-content\/uploads\/2022\/07\/10.-Oncle-Sam-et-roquets-1.jpg\" alt=\"\" width=\"600\" height=\"436\" srcset=\"https:\/\/blog.lesgrossesorchadeslesamplesthalameges.fr\/wp-content\/uploads\/2022\/07\/10.-Oncle-Sam-et-roquets-1.jpg 600w, https:\/\/blog.lesgrossesorchadeslesamplesthalameges.fr\/wp-content\/uploads\/2022\/07\/10.-Oncle-Sam-et-roquets-1-300x218.jpg 300w\" sizes=\"(max-width: 600px) 100vw, 600px\" \/><\/a><\/p>\n<p>&nbsp;<\/p>\n<p>&nbsp;<\/p>\n<p>&nbsp;<\/p>\n<p style=\"text-align: justify;\"><span style=\"font-family: tahoma, arial, helvetica, sans-serif; font-size: 14pt;\"><strong>Dans quinze ans, les \u00e9tudes actuelles ayant \u00e9tabli une solide corr\u00e9lation entre l\u2019amn\u00e9sie et l\u2019usage de t\u00e9l\u00e9phones portables seront confirm\u00e9es.<\/strong><\/span><\/p>\n<p style=\"text-align: justify;\"><span style=\"font-family: tahoma, arial, helvetica, sans-serif; font-size: 14pt;\"><strong>Le lien entre l\u2019usage intensif d\u2019un smartphone et la survenue de sympt\u00f4mes apparent\u00e9s \u00e0 ceux de la maladie d\u2019Alzheimer a \u00e9t\u00e9 d\u00e9cel\u00e9, mais selon les rares \u00e9tudes disponibles \u00e0 ce sujet, il est trop t\u00f4t pour affirmer un lien de causalit\u00e9 direct<\/strong>.<\/span><\/p>\n<p>&nbsp;<\/p>\n<p style=\"text-align: justify;\"><span style=\"font-family: times new roman, times, serif; font-size: 14pt;\">Il faudra attendre quelques d\u00e9cennies pour observer l\u2019augmentation exponentielle des cas de d\u00e9mence et la survenue de la maladie d\u2019Alzheimer chez les g\u00e9n\u00e9rations n\u00e9es entre 1990 et 2005.<\/span><\/p>\n<p style=\"text-align: justify;\"><span style=\"font-family: times new roman, times, serif; font-size: 14pt;\">Les \u00e9tudes ayant mis en exergue les effets des micro-ondes sur la sant\u00e9 sont d\u00e9lib\u00e9r\u00e9ment marginalis\u00e9es. Si ce sujet n\u2019est pas aussi tabou que l\u2019immense casse-t\u00eate du nucl\u00e9aire (class\u00e9 ironiquement dans la cat\u00e9gorie des \u00e9nergies dites \u00ab\u00a0vertes\u00a0\u00bb, peut \u00eatre pour illustrer la naus\u00e9e d\u2019un irradi\u00e9 \u00e0 son insu), il n\u2019en demeure pas moins que de plus en plus d\u2019\u00e9tudes scientifiques sur des sujets aussi sensibles sont capt\u00e9es et financ\u00e9es par l\u2019industrie et sont donc orient\u00e9es.\u00a0<\/span><\/p>\n<p style=\"text-align: justify;\"><span style=\"font-family: times new roman, times, serif; font-size: 14pt;\">Il faut savoir d\u00e9tourner son regard et voir le bon c\u00f4t\u00e9 des choses: le PDG de Pfizer a derni\u00e8rement \u00e9t\u00e9 r\u00e9compens\u00e9 d\u2019une sorte de prix Nobel isra\u00e9lien pour ses immenses services rendus aux actionnaires plut\u00f4t qu\u2019au bien \u00eatre de l\u2019humanit\u00e9. Une humanit\u00e9 sauv\u00e9e des griffes (des <em>spikes<\/em> mais passons) d\u2019un m\u00e9chant coronavirus dont on ne se d\u00e9barrassera jamais.<\/span><\/p>\n<p style=\"text-align: justify;\"><span style=\"font-family: times new roman, times, serif; font-size: 14pt;\">Et comment s\u2019en d\u00e9barrasser puisqu\u2019il a contribu\u00e9 au retour en force des assassins corrompus de John F. Kennedy et autres faiseurs de fausses guerres ?<\/span><\/p>\n<p style=\"text-align: justify;\"><span style=\"font-family: times new roman, times, serif; font-size: 14pt;\">Fermons un peu les yeux et imaginons un monde o\u00f9 la d\u00e9nomm\u00e9e Elisabeth Cheney, fille de Dick Cheney, l\u2019un des plus puissants vices-pr\u00e9sidents US (2001-2009) mais aussi le plus impopulaire est nomm\u00e9e \u00e0 la t\u00eate des la Maison Blanche ? Un cauchemar dystopique qui s\u2019est mis en place d\u00e8s la venue\u00a0de la dynastie corrompue des Bush au pouvoir en tant que vitrine d\u2019un \u00c9tat Profond pr\u00e9f\u00e9rant diriger et manipuler dans l\u2019obscurit\u00e9 a men\u00e9 le monde \u00e0 une guerre mondiale, d\u2019abord hybride, puis totale. C\u2019est donc un r\u00e9gime de faillite et de destruction.<\/span><\/p>\n<p style=\"text-align: justify;\"><span style=\"font-family: times new roman, times, serif; font-size: 14pt;\">Un tel r\u00e9gime qui ne dispose plus de jokers ou d\u2019agitateurs ne peut \u00eatre viable. Le choix d\u2019un Trump fait partie de la panoplie de manipulation et de l\u2019ing\u00e9nierie politique mais celui-ci s\u2019est av\u00e9r\u00e9 inconstant et volatile. Le choix de Biden, un dinosaure fossilis\u00e9 du monde politique scl\u00e9ros\u00e9 et ferm\u00e9 est une catastrophe sans nom.<\/span><\/p>\n<p style=\"text-align: justify;\"><span style=\"font-family: times new roman, times, serif; font-size: 14pt;\">Le monde est dirig\u00e9 par des mafias. Des oligarchies pour demeurer dans le politiquement correct. Mais certaines mafias sont plus insupportables que d\u2019autres. Certains chefs d\u2019\u00c9tat comme le pr\u00e9sident turc Erdogan, ont utilis\u00e9 la mafia avant de se retourner contre elle une fois au pouvoir. Et a surv\u00e9cu \u00e0 cette lutte. D\u2019autres ont eu moins de chance et l\u2019ont pay\u00e9 de leur vie. D\u2019autres enfin donnent leur pays en p\u00e2ture aux diff\u00e9rentes mafias rivales se partageant le territoire ou s\u2019ils savent dancer sur une seule jambe tentent de concilier les uns et les autres avec un \u00ab\u00a0en m\u00eame temps\u00a0\u00bb tout en laissant tranquille une d\u00e9linquance qui rapporte mieux \u00e0 l\u2019\u00e9conomie que bien des patrons d\u2019industrie.<\/span><\/p>\n<p style=\"text-align: justify;\"><span style=\"font-family: times new roman, times, serif; font-size: 14pt;\">Le monde est ainsi. Mais une Cheney d\u00e9sign\u00e9e par n\u00e9potisme comme pr\u00e9sidente des \u00c9tats-Unis est un pas de trop. Sa pr\u00e9sidence de la Commission des incidents du 06 janvier \u00e0 la Chambre des Repr\u00e9sentants des \u00c9tats-Unis est un premier adoubement de l\u2019\u00c9tat Profond US dans ce sens. La pr\u00e9sidence des \u00c9tats-Unis comme celle de beaucoup d\u2019autres pays n\u2019est qu\u2019un simulacre de repr\u00e9sentation d\u00e9nu\u00e9e de tout pouvoir r\u00e9el. Cependant la symbolique est suffisante pour d\u00e9montrer que le r\u00e9gime veut non seulement survivre mais revenir \u00e0 ses illusions d\u2019h\u00e9g\u00e9monie totale et au verrouillage de l\u2019histoire sur sa suppos\u00e9e victoire.<\/span><\/p>\n<p style=\"text-align: justify;\"><span style=\"font-family: times new roman, times, serif; font-size: 14pt;\">Ce sc\u00e9nario du pire nous a men\u00e9 \u00e0 un conflit mondial dans lequel le monde et en train de r\u00e9gresser dans tous les domaines. Les th\u00e9\u00e2tres Europe, Asie-Pacifique et Afrique du Nord de ce conflit global calquent dangereusement la cartographie militaire de la Deuxi\u00e8me Guerre mondiale<\/span><\/p>\n<p style=\"text-align: justify;\"><span style=\"font-family: times new roman, times, serif; font-size: 14pt;\">Un tel r\u00e9gime est intenable et insupportable. Il suscite des vocations insurrectionnelles m\u00eame \u00e0 l\u2019int\u00e9rieur de l\u2019Empire. Il ne peut \u00eatre que combattu avec tous les moyens possibles. Y compris au prix d\u2019une guerre thermonucl\u00e9aire globale.<\/span><\/p>\n<p style=\"text-align: justify;\"><span style=\"font-family: times new roman, times, serif; font-size: 14pt;\">Les survivants oublieront tout cela tr\u00e8s vite. L\u2019oubli est une des constantes de l\u2019humanit\u00e9.<\/span><\/p>\n<p style=\"text-align: justify;\"><span style=\"font-family: times new roman, times, serif; font-size: 14pt;\">Source\u00a0: <a href=\"https:\/\/strategika51.org\/2022\/07\/04\/de-la-necessite-de-combattre-et-doublier\/\">https:\/\/strategika51.org\/2022\/07\/04\/de-la-necessite-de-combattre-et-doublier\/<\/a><\/span><\/p>\n<p style=\"text-align: left;\"><span style=\"font-family: times new roman, times, serif; font-size: 14pt;\"><strong>URL de cet article :<\/strong> <a href=\"http:\/\/blog.lesgrossesorchadeslesamplesthalameges.fr\/index.php\/19635-2\">http:\/\/blog.lesgrossesorchadeslesamplesthalameges.fr\/index.php\/19635-2<\/a><strong>\/<br \/>\n<\/strong><\/span><\/p>\n<p>&nbsp;<\/p>\n<p>&nbsp;<\/p>\n<p style=\"text-align: center;\"><a href=\"http:\/\/blog.lesgrossesorchadeslesamplesthalameges.fr\/index.php\/2022\/07\/06\/au-son-soyeux-du-boomerang\/000-boomerang-gif-3\/\" rel=\"attachment wp-att-19599\"><img loading=\"lazy\" class=\"alignnone size-full wp-image-19599\" src=\"http:\/\/blog.lesgrossesorchadeslesamplesthalameges.fr\/wp-content\/uploads\/2022\/07\/000.-Boomerang-GIF.gif\" alt=\"\" width=\"150\" height=\"100\" \/><\/a><\/p>\n<p>&nbsp;<\/p>\n<p>&nbsp;<\/p>\n<p style=\"text-align: right;\"><span style=\"font-family: comic sans ms, sans-serif;\">Juill<\/span><span style=\"font-family: comic sans ms, sans-serif;\">et 2022<\/span><\/p>\n<p>&nbsp;<\/p>\n<p>&nbsp;<\/p>\n","protected":false},"excerpt":{"rendered":"<p>\u00a0 &nbsp; &nbsp; &nbsp; &nbsp; &nbsp; &nbsp; &nbsp; &nbsp; De la n\u00e9cessit\u00e9 de combattre et d\u2019oublier \u00a0 &nbsp; Strategika 51 \u2013 4.7.2022 \u00a0 \u00a0 &nbsp; &nbsp; &nbsp; &nbsp; Dans quinze ans, les \u00e9tudes actuelles ayant \u00e9tabli une solide corr\u00e9lation entre l\u2019amn\u00e9sie et l\u2019usage de t\u00e9l\u00e9phones portables seront confirm\u00e9es. Le lien entre l\u2019usage intensif d\u2019un smartphone&#8230;<\/p>\n","protected":false},"author":1,"featured_media":0,"parent":0,"menu_order":0,"comment_status":"open","ping_status":"open","template":"","meta":[],"_links":{"self":[{"href":"https:\/\/blog.lesgrossesorchadeslesamplesthalameges.fr\/index.php\/wp-json\/wp\/v2\/pages\/19635"}],"collection":[{"href":"https:\/\/blog.lesgrossesorchadeslesamplesthalameges.fr\/index.php\/wp-json\/wp\/v2\/pages"}],"about":[{"href":"https:\/\/blog.lesgrossesorchadeslesamplesthalameges.fr\/index.php\/wp-json\/wp\/v2\/types\/page"}],"author":[{"embeddable":true,"href":"https:\/\/blog.lesgrossesorchadeslesamplesthalameges.fr\/index.php\/wp-json\/wp\/v2\/users\/1"}],"replies":[{"embeddable":true,"href":"https:\/\/blog.lesgrossesorchadeslesamplesthalameges.fr\/index.php\/wp-json\/wp\/v2\/comments?post=19635"}],"version-history":[{"count":8,"href":"https:\/\/blog.lesgrossesorchadeslesamplesthalameges.fr\/index.php\/wp-json\/wp\/v2\/pages\/19635\/revisions"}],"predecessor-version":[{"id":19644,"href":"https:\/\/blog.lesgrossesorchadeslesamplesthalameges.fr\/index.php\/wp-json\/wp\/v2\/pages\/19635\/revisions\/19644"}],"wp:attachment":[{"href":"https:\/\/blog.lesgrossesorchadeslesamplesthalameges.fr\/index.php\/wp-json\/wp\/v2\/media?parent=19635"}],"curies":[{"name":"wp","href":"https:\/\/api.w.org\/{rel}","templated":true}]}}