{"id":19647,"date":"2022-07-06T17:38:35","date_gmt":"2022-07-06T15:38:35","guid":{"rendered":"http:\/\/blog.lesgrossesorchadeslesamplesthalameges.fr\/?page_id=19647"},"modified":"2022-07-06T17:39:38","modified_gmt":"2022-07-06T15:39:38","slug":"au-g7-macron-a-officiellement-accepte-que-la-cia-organise-la-propagande-occidentale-en-europe","status":"publish","type":"page","link":"https:\/\/blog.lesgrossesorchadeslesamplesthalameges.fr\/index.php\/au-g7-macron-a-officiellement-accepte-que-la-cia-organise-la-propagande-occidentale-en-europe\/","title":{"rendered":"Au G7, Macron a officiellement accept\u00e9 que la CIA organise la propagande occidentale en Europe"},"content":{"rendered":"<p>&nbsp;<\/p>\n<p>&nbsp;<\/p>\n<p>&nbsp;<\/p>\n<p>&nbsp;<\/p>\n<p>&nbsp;<\/p>\n<p>&nbsp;<\/p>\n<p>&nbsp;<\/p>\n<p>&nbsp;<\/p>\n<p style=\"text-align: center;\"><span style=\"font-family: times new roman, times, serif; font-size: 36pt;\"><strong>Au G7, Macron a officiellement accept\u00e9 que la CIA organise la propagande occidentale en Europe<\/strong><\/span><\/p>\n<p style=\"text-align: center;\"><span style=\"font-family: times new roman, times, serif; font-size: 14pt;\"><strong><em>\u00a0<\/em><\/strong><\/span><\/p>\n<p style=\"text-align: center;\"><span style=\"font-family: times new roman, times, serif; font-size: 14pt;\"><strong><em>\u00a0<\/em><\/strong><\/span><\/p>\n<p style=\"text-align: center;\"><span style=\"font-family: times new roman, times, serif; font-size: 18pt;\"><strong><em>Le courrier des strat\u00e8ges<\/em><\/strong><strong> \u2013 30.6.2022<\/strong><\/span><\/p>\n<p style=\"text-align: justify;\"><span style=\"font-family: times new roman, times, serif; font-size: 18pt;\"><strong>\u00a0<\/strong><\/span><\/p>\n<p>&nbsp;<\/p>\n<p>&nbsp;<\/p>\n<p style=\"text-align: center;\"><span style=\"font-family: times new roman, times, serif; font-size: 14pt;\"><strong><em>\u00a0<a href=\"http:\/\/blog.lesgrossesorchadeslesamplesthalameges.fr\/index.php\/2022\/07\/06\/au-son-soyeux-du-boomerang\/14-les-g7\/\" rel=\"attachment wp-att-19610\"><img loading=\"lazy\" class=\"alignnone wp-image-19610 size-full\" src=\"http:\/\/blog.lesgrossesorchadeslesamplesthalameges.fr\/wp-content\/uploads\/2022\/07\/14.-Les-G7.jpg\" alt=\"\" width=\"600\" height=\"337\" srcset=\"https:\/\/blog.lesgrossesorchadeslesamplesthalameges.fr\/wp-content\/uploads\/2022\/07\/14.-Les-G7.jpg 600w, https:\/\/blog.lesgrossesorchadeslesamplesthalameges.fr\/wp-content\/uploads\/2022\/07\/14.-Les-G7-300x169.jpg 300w\" sizes=\"(max-width: 600px) 100vw, 600px\" \/><\/a><\/em><\/strong><\/span><\/p>\n<p style=\"text-align: center;\"><span style=\"font-family: times new roman, times, serif; font-size: 12pt;\"><strong><em>Les 7 qui sont 8 en Bavi\u00e8re<\/em><\/strong><\/span><\/p>\n<p style=\"text-align: justify;\"><span style=\"font-family: times new roman, times, serif; font-size: 14pt;\"><strong><em>\u00a0<\/em><\/strong><\/span><\/p>\n<p style=\"text-align: justify;\"><span style=\"font-family: times new roman, times, serif; font-size: 14pt;\"><strong><em>\u00a0<\/em><\/strong><\/span><\/p>\n<p style=\"text-align: justify;\"><span style=\"font-family: times new roman, times, serif; font-size: 14pt;\"><strong><em>\u00a0<\/em><\/strong><\/span><\/p>\n<p style=\"text-align: justify;\"><span style=\"font-family: times new roman, times, serif; font-size: 14pt;\">Le dernier G7 (tenu en Bavi\u00e8re en d\u00e9but de semaine) est pass\u00e9 \u00e0 peu pr\u00e8s inaper\u00e7u en France. Il faut dire que ses conclusions en anglais sont largement inaccessibles au journaliste moyen, imbu de sa personne et de son imaginaire, mais parfaitement d\u00e9sarm\u00e9 lorsqu\u2019il s\u2019agit de d\u00e9chiffrer le monde contemporain. Donc, le public fran\u00e7ais n\u2019a eu droit qu\u2019aux quelques \u00e9changes th\u00e9\u00e2traux entre Macron et Biden sur le prix de l\u2019\u00e9nergie (avec un Pr\u00e9sident am\u00e9ricain qui n\u2019a pas d\u00e9croch\u00e9 un mot et n\u2019a peut-\u00eatre pas reconnu son homologue fran\u00e7ais). L\u2019essentiel \u00e9tait pourtant ailleurs, car le G7 est l\u2019outil privil\u00e9gi\u00e9 que le Deep State am\u00e9ricain manie pour caporaliser l\u2019Occident.<\/span><\/p>\n<p style=\"text-align: justify;\"><span style=\"font-family: times new roman, times, serif; font-size: 14pt;\">Donc, le public fran\u00e7ais n\u2019aura majoritairement eu droit, sur le G7, qu\u2019\u00e0 quelques \u00e9changes th\u00e9\u00e2traux et insignifiants entre Emmanuel Macron et un Biden d\u00e9cati sur le prix du p\u00e9trole. L\u2019essentiel est pass\u00e9 sous les radars. Pourtant, il vaut la peine d\u2019\u00eatre connu.<\/span><\/p>\n<p>&nbsp;<\/p>\n<p>&nbsp;<\/p>\n<p style=\"text-align: justify;\"><span style=\"font-family: times new roman, times, serif; font-size: 18pt;\"><strong>Une plan\u00e8te durable\u2026 ce qu\u2019on ne vous a pas encore avou\u00e9<\/strong><\/span><\/p>\n<p style=\"text-align: justify;\"><span style=\"font-family: times new roman, times, serif; font-size: 14pt;\">Alors que le prix du p\u00e9trole \u00e0 la pompe bat des records historiques (et file gentiment vers les 3 euros le litre), Macron a souscrit \u00e0 une d\u00e9claration finale qui promet de vrais rationnements \u00ab\u00a0\u00e9cologiques\u00a0\u00bb et tr\u00e8s probablement la mise en place d\u2019un confinement brutal pour sauver la plan\u00e8te.<\/span><\/p>\n<p style=\"text-align: justify;\"><span style=\"font-family: times new roman, times, serif; font-size: 14pt;\">Vous lirez par exemple, page 2 de la d\u00e9claration :<\/span><\/p>\n<p>&nbsp;<\/p>\n<p style=\"text-align: justify; padding-left: 120px;\"><span style=\"font-family: times new roman, times, serif; font-size: 14pt;\"><em>We will effectively implement domestic mitigation measures to achieve our NDC targets and commit to increase our ambition, including for example, by adopting or strengthening sectoral targets, non-CO2 sub-targets, or stringent implementation measures.<\/em><\/span><\/p>\n<p style=\"text-align: justify; padding-left: 120px;\"><span style=\"font-family: times new roman, times, serif; font-size: 14pt;\">(Nous mettrons efficacement en \u0153uvre des mesures d\u2019att\u00e9nuation nationales pour atteindre nos objectifs NDC et s\u2019engager \u00e0 accro\u00eetre notre ambition, y compris, par exemple, en adoptant ou en renfor\u00e7ant des objectifs sectoriels, des sous-objectifs non li\u00e9s au CO2 ou des mesures de mise en \u0153uvre strictes.)<\/span><\/p>\n<p>&nbsp;<\/p>\n<p style=\"text-align: justify;\"><span style=\"font-family: times new roman, times, serif; font-size: 14pt;\">Qu\u2019en termes ch\u00e2ti\u00e9s, ces choses-l\u00e0 sont dites. Le G7 aurait voulu pr\u00e9parer un confinement climatique, avec une r\u00e9duction forc\u00e9e de la consommation de p\u00e9trole ou de gaz qu\u2019il ne s\u2019y serait pas pris autrement, et qu\u2019il n\u2019aurait pas utilis\u00e9 d\u2019autres termes.<\/span><\/p>\n<p style=\"text-align: justify;\"><span style=\"font-family: times new roman, times, serif; font-size: 14pt;\">Le sc\u00e9nario est \u00e9crit d\u2019avance : \u00e0 la rentr\u00e9e de septembre, le th\u00e8me du <em>\u00ab\u00a0gap\u00a0\u00bb<\/em> \u00e9nerg\u00e9tique va venir \u00e0 toute vitesse, et l\u2019opinion publique va s\u2019entendre dire que, pour \u00e9viter la catastrophe, il faut brutalement r\u00e9duire les consommations quotidiennes. Et comme tout cela n\u2019ira pas assez vite, des mesures exp\u00e9ditives seront prises.<\/span><\/p>\n<p style=\"text-align: justify;\"><span style=\"font-family: times new roman, times, serif; font-size: 14pt;\">Si vous lisez bien le texte du G7, il est question \u00ab\u00a0d\u2019accro\u00eetre notre ambition\u00a0\u00bb en mati\u00e8re de CO2, c\u2019est-\u00e0-dire d\u2019aller plus vite dans les rationnements, alors m\u00eame que l\u2019embargo sur la Russie fait dangereusement augmenter les prix. On comprend l\u2019op\u00e9ration qui se joue en sous-main : sous couvert d\u2019\u00e9cologie, il s\u2019agit de cr\u00e9er les conditions d\u2019un chaos, et d\u2019un choc politique pour y faire face.\u00a0<a href=\"https:\/\/lecourrierdesstrateges.fr\/2022\/03\/03\/agenda-du-chaos-siderer-les-peuples-par-des-chocs-repetes\/\">Tous ceux qui ont lu mes premiers chapitres sur l\u2019agenda du chaos<\/a>\u00a0verront que le G7 pr\u00e9pare la continuation du COVID, puis de la guerre en Ukraine, par un chaos \u00e9cologique dont l\u2019objectif final est de caporaliser l\u2019Europe et l\u2019ensemble de l\u2019Occident sous le joug am\u00e9ricain.<\/span><\/p>\n<p style=\"text-align: justify;\"><span style=\"font-family: times new roman, times, serif; font-size: 14pt;\">Ce n\u2019est pas une mince affaire que tout cela. Et l\u2019on pourrait penser que les journalistes aient \u00e0 c\u0153ur de faire leur m\u00e9tier en \u00e9voquant le sujet. Mais comme ils sont tous anesth\u00e9si\u00e9s par l\u2019argent que le CAC40 leur verse, ils pr\u00e9f\u00e8rent ranger pr\u00e9cautionneusement tous ces th\u00e8mes sous l\u2019\u00e9tiquette de \u00ab\u00a0complotisme\u00a0\u00bb.<\/span><\/p>\n<p>&nbsp;<\/p>\n<p>&nbsp;<\/p>\n<p style=\"text-align: justify;\"><span style=\"font-family: times new roman, times, serif; font-size: 18pt;\"><strong>Le libre-\u00e9change envers et contre tout<\/strong><\/span><\/p>\n<p style=\"text-align: justify;\"><span style=\"font-family: times new roman, times, serif; font-size: 14pt;\">Des esprits taquins pourraient penser que l\u2019une des principales causes de pollution et de gaspillage d\u2019\u00e9nergie provient du libre-\u00e9change et de sa manie d\u2019affr\u00e9ter des avions pour acheminer des haricots k\u00e9nyans ou sud-africains en plein hiver en Europe ou en Am\u00e9rique du Nord. Un meilleur respect des saisons et des circuits courts diminuerait la production de CO2.<\/span><\/p>\n<p style=\"text-align: justify;\"><span style=\"font-family: times new roman, times, serif; font-size: 14pt;\">Que nenni !<\/span><\/p>\n<p style=\"text-align: justify;\"><span style=\"font-family: times new roman, times, serif; font-size: 14pt;\">Le G7, qui n\u2019existe que pour coordonner le libre \u00e9change en Occident, ne d\u00e9mord pas de sa doctrine (p. 10) :<\/span><\/p>\n<p>&nbsp;<\/p>\n<p style=\"text-align: justify; padding-left: 120px;\"><span style=\"font-family: times new roman, times, serif; font-size: 14pt;\"><em>Trade flows play an important role for the green and just transition and for the diffusion of environmental goods, services, technologies and innovations. Through a mix of binding and non-binding measures, we commit to advancing sustainable supply chains that are netzero aligned and climate resilient, decouple agricultural production from forest loss and land degradation, use resources sustainably, reduce environmental impact, foster<\/em> <em>circularity, and promote decent work.<\/em><\/span><\/p>\n<p style=\"text-align: justify; padding-left: 120px;\"><span style=\"font-family: times new roman, times, serif; font-size: 14pt;\">(Les flux commerciaux jouent un r\u00f4le important pour la transition verte et juste et pour la diffusion des biens, services, technologies et innovations environnementaux. Gr\u00e2ce \u00e0 un m\u00e9lange de contraintes et mesures non contraignantes, nous nous engageons \u00e0 faire progresser des cha\u00eenes d\u2019approvisionnement durables align\u00e9es sur z\u00e9ro net et r\u00e9silientes au climat, \u00e0 dissocier la production agricole de la perte de for\u00eats et d\u00e9gradation des terres, utiliser les ressources de mani\u00e8re durable, r\u00e9duire l\u2019impact environnemental, favoriser circularit\u00e9 et promouvoir le travail d\u00e9cent).<\/span><\/p>\n<p>&nbsp;<\/p>\n<p style=\"text-align: justify;\"><span style=\"font-family: times new roman, times, serif; font-size: 14pt;\">L\u00e0 encore, dans un monde normal, il se trouverait quelqu\u2019un pour s\u2019esclaffer de l\u2019affirmation selon laquelle \u00ab\u00a0les flux commerciaux jouent un r\u00f4le important pour une transition verte et juste\u00a0\u00bb. Dans la France de 2022, personne n\u2019y trouve rien \u00e0 redire.<\/span><\/p>\n<p style=\"text-align: justify;\"><span style=\"font-family: times new roman, times, serif; font-size: 14pt;\">L\u00e0 encore, la strat\u00e9gie \u00ab\u00a0\u00e9cologique\u00a0\u00bb est claire : il s\u2019agit d\u2019une arme pour domestiquer les peuples et pour surtout continuer le <em>business as usual<\/em>, c\u2019est-\u00e0-dire\u00a0<a href=\"https:\/\/lecourrierdesstrateges.fr\/2021\/12\/27\/payant-2022-lannee-des-premieres-penuries-alimentaires-mais-lesquelles\/\"><strong>un libre \u00e9change o\u00f9 la Commission Europ\u00e9enne d\u00e9courage la production de tomates sur le sol europ\u00e9en et encourage leur importation depuis le Maroc<\/strong><\/a>.<\/span><\/p>\n<p style=\"text-align: justify;\"><span style=\"font-family: times new roman, times, serif; font-size: 14pt;\">Simplement, le libre \u00e9change s\u2019est longtemps justifi\u00e9 comme v\u00e9hicule pour r\u00e9pandre la d\u00e9mocratie partout. Il est d\u00e9sormais synonyme de dictature.<\/span><\/p>\n<p>&nbsp;<\/p>\n<p>&nbsp;<\/p>\n<p style=\"text-align: justify;\"><span style=\"font-family: times new roman, times, serif; font-size: 18pt;\"><strong>Le G7 salue Gates et son vaccin en 100 jours<\/strong><\/span><\/p>\n<p style=\"text-align: justify;\"><span style=\"font-family: times new roman, times, serif; font-size: 14pt;\">Comme il se doit, le G7 a redit tout le bien qu\u2019il pense du vaccin, et a commis cette phrase qui en dit long sur l\u2019influence de Bill Gates et de ses projets industriels sur les relations internationales, au moins en Occident (page 13) :<\/span><\/p>\n<p>&nbsp;<\/p>\n<p style=\"text-align: justify; padding-left: 120px;\"><span style=\"font-family: times new roman, times, serif; font-size: 14pt;\"><em>In this context, we welcome the progress made on the 100 Days Mission to support science to develop safe and effective vaccines, therapeutics, and diagnostics. We will step up, align, and track our efforts on pandemic preparedness in close cooperation with WHO.<\/em><\/span><\/p>\n<p style=\"text-align: justify; padding-left: 120px;\"><span style=\"font-family: times new roman, times, serif; font-size: 14pt;\">(Dans ce contexte, nous saluons les progr\u00e8s r\u00e9alis\u00e9s sur la Mission des 100 jours pour aider la science \u00e0 d\u00e9velopper des vaccins s\u00fbrs et efficaces, th\u00e9rapeutique et diagnostique. Nous allons intensifier, aligner et suivre nos efforts sur la pr\u00e9paration de la pand\u00e9mie en \u00e9troite collaboration avec l\u2019OMS.)<\/span><\/p>\n<p>&nbsp;<\/p>\n<p style=\"text-align: justify;\"><span style=\"font-family: times new roman, times, serif; font-size: 14pt;\">L\u00e0 encore, le G7 r\u00e9affirme sa strat\u00e9gie du chaos en mati\u00e8re sanitaire, consistant \u00e0 mettre en sc\u00e8ne des pand\u00e9mies dramatiques pour justifier des mesures d\u2019exception.<\/span><\/p>\n<p style=\"text-align: justify;\"><span style=\"font-family: times new roman, times, serif; font-size: 14pt;\">Au passage, le G7 redit tout le bien qu\u2019il pense du futur trait\u00e9 sur l\u2019OMS.<\/span><\/p>\n<p>&nbsp;<\/p>\n<p>&nbsp;<\/p>\n<p style=\"text-align: justify;\"><span style=\"font-family: times new roman, times, serif; font-size: 18pt;\"><strong>L\u2019ordre am\u00e9ricain r\u00e9affirm\u00e9 dans tout son <em>wokisme<\/em><\/strong><\/span><\/p>\n<p style=\"text-align: justify;\"><span style=\"font-family: times new roman, times, serif; font-size: 14pt;\">Les petits curieux liront avec attention la r\u00e9affirmation du credo occidental dans sa politique sottement manich\u00e9enne anti-russe et pro-LGBTQ et autres. Si vous vous demandiez d\u2019o\u00f9 venait le <em>wokisme<\/em>, lisez la d\u00e9claration du G7 et vous comprendrez qu\u2019elle est une arme utilis\u00e9e par la diplomatie U.S. pour neutraliser les identit\u00e9s traditionnelles de l\u2019Occident et mettre celui-ci au service du Deep State am\u00e9ricain et de ses int\u00e9r\u00eats financiers.<\/span><\/p>\n<p style=\"text-align: justify;\"><span style=\"font-family: times new roman, times, serif; font-size: 14pt;\">De la fa\u00e7on la plus grossi\u00e8re et la plus grotesque qui soit.<\/span><\/p>\n<p>&nbsp;<\/p>\n<p>&nbsp;<\/p>\n<p style=\"text-align: justify;\"><span style=\"font-family: times new roman, times, serif; font-size: 18pt;\"><strong>La propagande de la CIA g\u00e9n\u00e9ralis\u00e9e \u00e0 tout l\u2019Occident<\/strong><\/span><\/p>\n<p style=\"text-align: justify;\"><span style=\"font-family: times new roman, times, serif; font-size: 14pt;\">Mais ce qui nous para\u00eet le plus explosif et le plus choquant dans ce dossier, c\u2019est le r\u00f4le essentiel que la CIA s\u2019est vu confier par le G7 pour maintenir l\u2019ordre dans les consciences occidentales, notamment sur l\u2019affaire ukrainienne (mais si l\u2019on admet qu\u2019il y a un \u00ab\u00a0narratif\u00a0\u00bb unique en Occident depuis le COVID, on mesure spontan\u00e9ment le r\u00f4le imparti \u00e0 l\u2019agence U.S.).<\/span><\/p>\n<p style=\"text-align: justify;\"><span style=\"font-family: times new roman, times, serif; font-size: 14pt;\">Voici ce que dit la d\u00e9claration du G7 (page 25) :<\/span><\/p>\n<p>&nbsp;<\/p>\n<p style=\"text-align: justify; padding-left: 120px;\"><span style=\"font-family: times new roman, times, serif; font-size: 14pt;\"><em>\u00c0 la lumi\u00e8re de la guerre d\u2019agression de la Russie contre l\u2019Ukraine, nous restons engag\u00e9s et renfor\u00e7ons notre coop\u00e9ration par le biais du m\u00e9canisme de r\u00e9ponse rapide (RRM) du G7 afin de prot\u00e9ger nos syst\u00e8mes d\u00e9mocratiques et les soci\u00e9t\u00e9s ouvertes des menaces \u00e9trang\u00e8res, telles que l\u2019information, la manipulation et l\u2019ing\u00e9rence, y compris la d\u00e9sinformation. Nous saluons l\u2019imm\u00e9diate r\u00e9ponse du G7 RRM, y compris sa collaboration avec le Carnegie Endowment for International Peace, en \u00e9tablissant un r\u00e9seau de crise multipartite compos\u00e9 du G7, des gouvernements, des plateformes de m\u00e9dias sociaux et la soci\u00e9t\u00e9 civile pour soutenir l\u2019int\u00e9grit\u00e9 de l\u2019environnement informatique ukrainien face \u00e0 la guerre de l\u2019information sans pr\u00e9c\u00e9dent men\u00e9e par la Russie.<\/em> (\u2026)<\/span><\/p>\n<p>&nbsp;<\/p>\n<p style=\"text-align: justify;\"><span style=\"font-family: times new roman, times, serif; font-size: 14pt;\">Le RRM (m\u00e9canisme de r\u00e9ponse rapide) fut cr\u00e9\u00e9 au sommet de Charlevoix, au Canada, en 2018, et coordonn\u00e9 depuis par le Canada. Il s\u2019agit d\u2019une task force charg\u00e9e de r\u00e9pandre un narratif unique dans les m\u00e9dias occidentaux.<\/span><\/p>\n<p style=\"text-align: justify;\"><span style=\"font-family: times new roman, times, serif; font-size: 14pt;\">Nous nous int\u00e9resserons prochainement \u00e0 ce m\u00e9canisme dont personne ne parle jamais, mais qui s\u2019occupe de beaucoup de sujets, \u00e9tonnamment,\u00a0<a href=\"https:\/\/www.international.gc.ca\/gac-amc\/publications\/rrm-mrr\/european-elections-europeennes.aspx?lang=eng\">par exemple des programmes pr\u00e9sent\u00e9s aux \u00e9lections europ\u00e9ennes de 2019<\/a>. On comprend ici que le G7 pilote de discr\u00e8tes agences d\u2019information charg\u00e9es de diffuser la bonne parole dans nos medias.<\/span><\/p>\n<p style=\"text-align: justify;\"><span style=\"font-family: times new roman, times, serif; font-size: 14pt;\">Tiens ! tiens !<\/span><\/p>\n<p style=\"text-align: justify;\"><span style=\"font-family: times new roman, times, serif; font-size: 14pt;\">Quant \u00e0 la Fondation Carnegie, ses liens avec la CIA et le NED sont assez bien d\u00e9crits un peu partout,\u00a0<a href=\"https:\/\/visegradpost.com\/fr\/2017\/09\/11\/la-fondation-carnegie-attaque-budapest-et-varsovie\/\">notamment ici<\/a>.<\/span><\/p>\n<p style=\"text-align: justify;\"><span style=\"font-family: times new roman, times, serif; font-size: 14pt;\">Bref, Macron n\u2019a visiblement pas eu de peine \u00e0 valider l\u2019intrusion quotidienne de la CIA dans les salles de presse subventionn\u00e9es. Et cela ne pose de probl\u00e8me \u00e0 personne, semble-t-il.<\/span><\/p>\n<p>&nbsp;<\/p>\n<p style=\"text-align: justify;\"><span style=\"font-family: times new roman, times, serif; font-size: 14pt;\">Source : <a href=\"https:\/\/lecourrierdesstrateges.fr\/2022\/06\/30\/au-g7-macron-a-officiellement-accepte-que-la-cia-organise-la-propagande-occidentale-en-europe\/\">LeCourrierdesStrat\u00e8ges <\/a><\/span><\/p>\n<p style=\"text-align: left;\"><span style=\"font-family: times new roman, times, serif; font-size: 14pt;\"><strong>URL de cet article : <\/strong><a href=\"http:\/\/blog.lesgrossesorchadeslesamplesthalameges.fr\/index.php\/au-g7-macron-a-officiellement-accepte-que-la-cia-organise-la-propagande-occidentale-en-europe\/\">http:\/\/blog.lesgrossesorchadeslesamplesthalameges.fr\/index.php\/au-g7-macron-a-officiellement-accepte-que-la-cia-organise-la-propagande-occidentale-en-europe\/<\/a><br \/>\n<\/span><\/p>\n<p style=\"text-align: justify;\"><span style=\"font-family: times new roman, times, serif; font-size: 14pt;\"><em>\u00a0<\/em><\/span><\/p>\n<p><span style=\"font-family: times new roman, times, serif; font-size: 18pt; color: #c00000;\"><strong><em>Cela dit\u2026 la propagande aux mains de la CIA, on ne peut pas dire que ce soit nouveau.<\/em><\/strong><\/span><\/p>\n<p>&nbsp;<\/p>\n<p>&nbsp;<\/p>\n<p style=\"text-align: center;\"><a href=\"http:\/\/blog.lesgrossesorchadeslesamplesthalameges.fr\/index.php\/2022\/07\/06\/au-son-soyeux-du-boomerang\/000-boomerang-gif-3\/\" rel=\"attachment wp-att-19599\"><img loading=\"lazy\" class=\"alignnone size-full wp-image-19599\" src=\"http:\/\/blog.lesgrossesorchadeslesamplesthalameges.fr\/wp-content\/uploads\/2022\/07\/000.-Boomerang-GIF.gif\" alt=\"\" width=\"150\" height=\"100\" \/><\/a><\/p>\n<p>&nbsp;<\/p>\n<p>&nbsp;<\/p>\n<p style=\"text-align: right;\"><span style=\"font-family: comic sans ms, sans-serif; font-size: 14pt;\">Juillet 2022<\/span><\/p>\n<p>&nbsp;<\/p>\n<p>&nbsp;<\/p>\n","protected":false},"excerpt":{"rendered":"<p>&nbsp; &nbsp; &nbsp; &nbsp; &nbsp; &nbsp; &nbsp; &nbsp; Au G7, Macron a officiellement accept\u00e9 que la CIA organise la propagande occidentale en Europe \u00a0 \u00a0 Le courrier des strat\u00e8ges \u2013 30.6.2022 \u00a0 &nbsp; &nbsp; \u00a0 Les 7 qui sont 8 en Bavi\u00e8re \u00a0 \u00a0 \u00a0 Le dernier G7 (tenu en Bavi\u00e8re en d\u00e9but de semaine)&#8230;<\/p>\n","protected":false},"author":1,"featured_media":0,"parent":0,"menu_order":0,"comment_status":"open","ping_status":"open","template":"","meta":[],"_links":{"self":[{"href":"https:\/\/blog.lesgrossesorchadeslesamplesthalameges.fr\/index.php\/wp-json\/wp\/v2\/pages\/19647"}],"collection":[{"href":"https:\/\/blog.lesgrossesorchadeslesamplesthalameges.fr\/index.php\/wp-json\/wp\/v2\/pages"}],"about":[{"href":"https:\/\/blog.lesgrossesorchadeslesamplesthalameges.fr\/index.php\/wp-json\/wp\/v2\/types\/page"}],"author":[{"embeddable":true,"href":"https:\/\/blog.lesgrossesorchadeslesamplesthalameges.fr\/index.php\/wp-json\/wp\/v2\/users\/1"}],"replies":[{"embeddable":true,"href":"https:\/\/blog.lesgrossesorchadeslesamplesthalameges.fr\/index.php\/wp-json\/wp\/v2\/comments?post=19647"}],"version-history":[{"count":6,"href":"https:\/\/blog.lesgrossesorchadeslesamplesthalameges.fr\/index.php\/wp-json\/wp\/v2\/pages\/19647\/revisions"}],"predecessor-version":[{"id":19653,"href":"https:\/\/blog.lesgrossesorchadeslesamplesthalameges.fr\/index.php\/wp-json\/wp\/v2\/pages\/19647\/revisions\/19653"}],"wp:attachment":[{"href":"https:\/\/blog.lesgrossesorchadeslesamplesthalameges.fr\/index.php\/wp-json\/wp\/v2\/media?parent=19647"}],"curies":[{"name":"wp","href":"https:\/\/api.w.org\/{rel}","templated":true}]}}