{"id":19655,"date":"2022-07-06T18:05:27","date_gmt":"2022-07-06T16:05:27","guid":{"rendered":"http:\/\/blog.lesgrossesorchadeslesamplesthalameges.fr\/?page_id=19655"},"modified":"2022-07-06T18:06:20","modified_gmt":"2022-07-06T16:06:20","slug":"macron-le-keke-president","status":"publish","type":"page","link":"https:\/\/blog.lesgrossesorchadeslesamplesthalameges.fr\/index.php\/macron-le-keke-president\/","title":{"rendered":"Macron, le k\u00e9k\u00e9 pr\u00e9sident"},"content":{"rendered":"<p>&nbsp;<\/p>\n<p>&nbsp;<\/p>\n<p>&nbsp;<\/p>\n<p>&nbsp;<\/p>\n<p>&nbsp;<\/p>\n<p>&nbsp;<\/p>\n<p>&nbsp;<\/p>\n<p>&nbsp;<\/p>\n<p>&nbsp;<\/p>\n<p style=\"text-align: center;\"><strong><span style=\"font-family: times new roman, times, serif; font-size: 40pt;\">Macron, le k\u00e9k\u00e9 pr\u00e9sident<\/span><\/strong><\/p>\n<p>&nbsp;<\/p>\n<p>&nbsp;<\/p>\n<p style=\"text-align: center;\"><strong><span style=\"font-family: times new roman, times, serif; font-size: 18pt;\">R\u00e9gis de Castelnau \u2013 <em>Vu du droit<\/em> \u2013\u00a0 5.7.2022<\/span><\/strong><\/p>\n<p>&nbsp;<\/p>\n<p>&nbsp;<\/p>\n<p>&nbsp;<\/p>\n<p style=\"text-align: center;\"><a href=\"http:\/\/blog.lesgrossesorchadeslesamplesthalameges.fr\/index.php\/2022\/07\/06\/au-son-soyeux-du-boomerang\/15-keke-president\/\" rel=\"attachment wp-att-19611\"><img loading=\"lazy\" class=\"alignnone wp-image-19611\" src=\"http:\/\/blog.lesgrossesorchadeslesamplesthalameges.fr\/wp-content\/uploads\/2022\/07\/15.-Keke-president-300x170.jpg\" alt=\"\" width=\"500\" height=\"283\" srcset=\"https:\/\/blog.lesgrossesorchadeslesamplesthalameges.fr\/wp-content\/uploads\/2022\/07\/15.-Keke-president-300x170.jpg 300w, https:\/\/blog.lesgrossesorchadeslesamplesthalameges.fr\/wp-content\/uploads\/2022\/07\/15.-Keke-president.jpg 600w\" sizes=\"(max-width: 500px) 100vw, 500px\" \/><\/a><\/p>\n<p>&nbsp;<\/p>\n<p>&nbsp;<\/p>\n<p>&nbsp;<\/p>\n<p style=\"text-align: justify;\"><span style=\"font-family: tahoma, arial, helvetica, sans-serif; font-size: 14pt;\"><strong>On raconte que lorsque le 19 juin au soir, il a appris les r\u00e9sultats des \u00e9lections l\u00e9gislatives qui le privaient d\u2019une majorit\u00e9 parlementaire, Emmanuel Macron aurait dit : \u00ab on rentre dans le bizarre \u00bb. Si cette anecdote est vraie, elle en dit long sur qui est aujourd\u2019hui \u00e0 la t\u00eate de l\u2019\u00c9tat fran\u00e7ais. Dont nous avons eu confirmation avec la nomination du nouveau gouvernement d\u2019\u00c9lisabeth Borne, lequel t\u00e9moigne de la v\u00e9ritable infirmit\u00e9 politique de Macron. Il est compl\u00e8tement \u00e9tranger dans sa pratique \u00e0 ce que pr\u00e9conisait Richelieu, <em>\u00ab la politique c\u2019est de rendre possible ce qui est n\u00e9cessaire \u00bb.<\/em><\/strong><\/span><\/p>\n<p>&nbsp;<\/p>\n<p>&nbsp;<\/p>\n<p>&nbsp;<\/p>\n<p style=\"text-align: center;\"><a href=\"http:\/\/blog.lesgrossesorchadeslesamplesthalameges.fr\/index.php\/2022\/07\/06\/au-son-soyeux-du-boomerang\/16-cardinal-richelieu-on-the-sea-wall-at-la-rochelle-1881-henri-paul-motte\/\" rel=\"attachment wp-att-19612\"><img loading=\"lazy\" class=\"alignnone wp-image-19612 size-full\" src=\"http:\/\/blog.lesgrossesorchadeslesamplesthalameges.fr\/wp-content\/uploads\/2022\/07\/16.-cardinal-richelieu-on-the-sea-wall-at-la-rochelle-1881-henri-paul-motte.jpg\" alt=\"\" width=\"500\" height=\"719\" srcset=\"https:\/\/blog.lesgrossesorchadeslesamplesthalameges.fr\/wp-content\/uploads\/2022\/07\/16.-cardinal-richelieu-on-the-sea-wall-at-la-rochelle-1881-henri-paul-motte.jpg 500w, https:\/\/blog.lesgrossesorchadeslesamplesthalameges.fr\/wp-content\/uploads\/2022\/07\/16.-cardinal-richelieu-on-the-sea-wall-at-la-rochelle-1881-henri-paul-motte-209x300.jpg 209w\" sizes=\"(max-width: 500px) 100vw, 500px\" \/><\/a><\/p>\n<p style=\"text-align: center;\"><span style=\"font-family: times new roman, times, serif; font-size: 12pt;\"><strong><em>Richelieu au si\u00e8ge de La Rochelle<\/em><\/strong><\/span><\/p>\n<p style=\"text-align: justify;\"><span style=\"font-family: times new roman, times, serif; font-size: 14pt;\"><strong><em>\u00a0<\/em><\/strong><\/span><\/p>\n<p>&nbsp;<\/p>\n<p style=\"text-align: justify;\"><span style=\"font-family: times new roman, times, serif; font-size: 14pt;\"><strong><em>\u00a0<\/em><\/strong><\/span><\/p>\n<p style=\"text-align: justify;\"><span style=\"font-family: times new roman, times, serif; font-size: 14pt;\">Cela implique de conna\u00eetre son pays, de b\u00e9n\u00e9ficier d\u2019une certaine exp\u00e9rience sociale, de savoir g\u00e9rer les hommes autrement que par la schlague, d\u2019appr\u00e9hender les conflictualit\u00e9s inh\u00e9rentes \u00e0 la chose publique, en particulier dans une r\u00e9publique parlementaire, toutes qualit\u00e9s dont Emmanuel Macron est parfaitement d\u00e9pourvu. Ce nouveau gouvernement n\u2019est pas une provocation, contrairement \u00e0 ce que l\u2019on entend beaucoup, mais la cons\u00e9quence du fait que le Pr\u00e9sident de la R\u00e9publique n\u2019est pas capable d\u2019en composer un autre. Car bien s\u00fbr le r\u00e9sultat du 19 juin dernier n\u2019a rien de \u00ab bizarre \u00bb, c\u2019est au contraire celui du 24 avril qui l\u2019est. En lui accordant 58 % des suffrages, apr\u00e8s son refus arrogant et m\u00e9prisant de mener une campagne \u00e9lectorale consid\u00e9r\u00e9e comme indigne de lui, et gr\u00e2ce \u00e0 la trahison de Jean-Luc M\u00e9lenchon, ce scrutin a masqu\u00e9 la r\u00e9alit\u00e9 des divisions de notre pays, et l\u2019importance, quoi qu\u2019on en dise du rejet politique dont il est l\u2019objet.<\/span><\/p>\n<p>&nbsp;<\/p>\n<p style=\"text-align: justify;\"><span style=\"font-family: times new roman, times, serif; font-size: 14pt;\">L\u2019arriv\u00e9e au pouvoir en 2017 gr\u00e2ce \u00e0 une op\u00e9ration digne d\u2019un coup d\u2019\u00c9tat d\u2019un parfait inconnu totalement d\u00e9pourvu de la moindre exp\u00e9rience politique, et b\u00e9n\u00e9ficiant ensuite d\u2019une Assembl\u00e9e nationale croupion, a masqu\u00e9 ce qui constitue pourtant aujourd\u2019hui une \u00e9vidence, depuis le printemps 2017 la France n\u2019a pas \u00e0 sa t\u00eate ce que l\u2019on peut appeler un homme d\u2019\u00c9tat.<\/span><\/p>\n<p>&nbsp;<\/p>\n<p style=\"text-align: justify;\"><span style=\"font-family: times new roman, times, serif; font-size: 14pt;\">J\u2019avais dit dans ces colonnes que face \u00e0 la nouvelle composition de l\u2019Assembl\u00e9e nationale, Emmanuel Macron \u00e9tait comme une poule qui aurait trouv\u00e9 un couteau. Malheureusement je pense que les choses sont beaucoup plus graves.<\/span><\/p>\n<p>&nbsp;<\/p>\n<p style=\"text-align: justify;\"><span style=\"font-family: times new roman, times, serif; font-size: 14pt;\">On va quand m\u00eame rappeler que depuis le 24 f\u00e9vrier, avec l\u2019invasion de l\u2019Ukraine par la Russie et les cons\u00e9quences g\u00e9ostrat\u00e9giques, \u00e9conomiques et politiques qui s\u2019en sont suivies, l\u2019Occident en g\u00e9n\u00e9ral et l\u2019Union europ\u00e9enne \u00e0 laquelle nous appartenons, se trouvent dans une situation extr\u00eamement d\u00e9licate. D\u00e8s avant le d\u00e9clenchement de la guerre, Emmanuel Macron nous a fait la d\u00e9monstration que pour lui, diriger un pays, c\u2019est se mettre en sc\u00e8ne se faire filmer et photographier pour ensuite contempler son image boursoufl\u00e9e et parfaitement ridicule.<\/span><\/p>\n<p>&nbsp;<\/p>\n<p style=\"text-align: justify;\"><span style=\"font-family: times new roman, times, serif; font-size: 14pt;\">On se rappelle les reportages photographiques \u00e0 l\u2019\u00c9lys\u00e9e o\u00f9 on le voyait prendre la pose d\u2019un air p\u00e9n\u00e9tr\u00e9, ce que la presse syst\u00e8me chez nous se gardait bien de moquer, au contraire de la presse internationale, m\u00eame occidentale, qui le tient pour un pitre. Les choses se sont depuis malheureusement aggrav\u00e9es, comme par exemple le voyage assez ridicule en train \u00e0 Kiev, o\u00f9 il a trouv\u00e9 le moyen de nous rappeler aussi qu\u2019il \u00e9tait le roi de la papouille, en se jetant sur Zelensky pour le couvrir de baisers. Lequel Pr\u00e9sident ukrainien tout \u00e0 fait conscient du caract\u00e8re grotesque des emportements de son homologue fran\u00e7ais se d\u00e9brouillait par ses mimiques pour montrer ce qu\u2019il en pensait. N\u2019importe quel citoyen fran\u00e7ais ne pouvait qu\u2019\u00eatre humili\u00e9 par cet exhibitionnisme. Il y a eu ensuite la calamiteuse s\u00e9quence du sommet du G7 o\u00f9 on l\u2019a vu tout agit\u00e9, pitoyable mouche du coche, passer de l\u2019un \u00e0 l\u2019autre des chefs d\u2019\u00c9tat afin d\u2019\u00eatre s\u00fbr d\u2019\u00eatre dans l\u2019objectif. Le pire c\u2019est quand on a vu grossi\u00e8rement interrompre une conversation entre Biden et ses collaborateurs, parlant fort pour \u00eatre s\u00fbr d\u2019\u00eatre enregistr\u00e9 et faire croire que lui aussi avait la moindre importance dans la conduite des affaires du monde. Indiff\u00e9rence ou s\u00e9nilit\u00e9, le pr\u00e9sident am\u00e9ricain l\u2019a regard\u00e9 d\u2019un \u0153il torve sans rien r\u00e9pondre et l\u2019a plant\u00e9 l\u00e0.<\/span><\/p>\n<p>&nbsp;<\/p>\n<p style=\"text-align: justify;\"><span style=\"font-family: times new roman, times, serif; font-size: 14pt;\">Macron a quand m\u00eame fait r\u00e9aliser et diffuser une vid\u00e9o sonoris\u00e9e du sommet, histoire une fois de plus de se contempler et d\u2019assouvir ainsi son narcissisme pathologique. En nous collant la honte.<\/span><\/p>\n<p>&nbsp;<\/p>\n<p style=\"text-align: justify;\"><span style=\"font-family: times new roman, times, serif; font-size: 14pt;\">L\u2019\u00e9pisode qui vient de le voir rendre publics des \u00e9changes diplomatiques entre chefs d\u2019\u00c9tat proc\u00e8de des m\u00eames motivations : se mettre en sc\u00e8ne en mode petit coq qui se rengorge. En m\u00e9connaissance totale des devoirs de sa charge, en violation de tous les usages diplomatiques, Emmanuel Macron a rendu public unilat\u00e9ralement ses \u00e9changes avec le chef d\u2019\u00c9tat russe \u00e0 propos de l\u2019Ukraine. Il s\u2019agit l\u00e0 d\u2019un pr\u00e9c\u00e9dent invraisemblable qui an\u00e9antit, et pas seulement vis-\u00e0-vis des Russes, la confiance que l\u2019on peut faire au pr\u00e9sident fran\u00e7ais dans les n\u00e9gociations internationales ! Et plus grave encore, avant de publier, il a s\u00e9lectionn\u00e9 les interventions dont il pensait qu\u2019elles le mettaient en avant et montraient qu\u2019il avait mouch\u00e9 Vladimir Poutine. Au-del\u00e0 de la grossi\u00e8ret\u00e9 du proc\u00e9d\u00e9, le pauvre Macron n\u2019a fait que se ridiculiser. D\u00fbment chapitr\u00e9e, la presse syst\u00e8me a d\u2019abord soulign\u00e9 le tutoiement inconvenant utilis\u00e9, pour ensuite reproduire avec gourmandise la fameuse phrase : \u00ab\u00a0<em>je ne sais pas o\u00f9 ton juriste a appris \u00e0 faire du droit\u00a0<\/em>\u00bb. La vid\u00e9o nous restituant l\u2019image des deux collaboratrices ricanant de la saillie de k\u00e9k\u00e9 de cour d\u2019\u00e9cole qui leur sert de patron. On l\u2019imagine aupr\u00e8s de ses collaborateurs disant : \u00ab vous avez vu, je ne lui ai pas envoy\u00e9 dire au Poutine \u00bb. Prononc\u00e9e alors que le pr\u00e9sident russe consid\u00e9rait que pour modifier les accords de Minsk, il fallait prendre l\u2019avis des r\u00e9publiques autoproclam\u00e9es du Donbass, cette r\u00e9plique macronienne est une double et scandaleuse insolence. Tout d\u2019abord Emmanuel Macron n\u2019a jamais fait de droit dans sa vie. Contrairement \u00e0 ce que l\u2019on imagine, on ne fait pas de droit \u00e0 l\u2019ENA, et Macron nous fait une nouvelle fois la d\u00e9monstration de sa nullit\u00e9. les r\u00e9publiques s\u00e9paratistes sont signataires des accords de Minsk et tout ce qui concerne leur application impose de solliciter leur avis. Le chef de l\u2019\u00c9tat fran\u00e7ais prof\u00e8re une \u00e9normit\u00e9 juridique, fait publiquement ricaner ses collaborateurs et tient absolument \u00e0 s\u2019en vanter aux yeux des Fran\u00e7ais. Ensuite, il dit implicitement que des accords internationaux sign\u00e9s garantis par la France sont des chiffons de papier et que lui, peut unilat\u00e9ralement les remettre en cause. Mais ensuite et c\u2019est bien pire, on a appris que Porochenko, l\u2019oligarque mis en place par le coup d\u2019\u00c9tat du Ma\u00efdan et signataire des accords de Minsk explicitement reconnu n\u2019avait jamais \u00e9t\u00e9 dans leurs intentions de les appliquer et de les respecter ! Qu\u2019il s\u2019agissait de gagner du temps afin d\u2019\u00e9quiper leur arm\u00e9e en coop\u00e9ration avec l\u2019OTAN et rendre in\u00e9vitable l\u2019int\u00e9gration \u00e0 l\u2019alliance Atlantique. Cette information a \u00e9t\u00e9 confirm\u00e9e par Stoltenberg le secr\u00e9taire g\u00e9n\u00e9ral de l\u2019OTAN. Qui a confirm\u00e9 que les huit ans avaient \u00e9t\u00e9 mis \u00e0 profit pour atteindre cet objectif. Il n\u2019y a qu\u2019une seule question \u00e0 se poser et si notre pays disposait de journalistes dignes de ce nom, ils devraient interroger \u00e0 la fois Emmanuel Macron et Fran\u00e7ois Hollande pour savoir si la France avait couvert cette escroquerie diplomatique internationale.<\/span><\/p>\n<p>&nbsp;<\/p>\n<p style=\"text-align: justify;\"><span style=\"font-family: times new roman, times, serif; font-size: 14pt;\">Cette s\u00e9quence lamentable exprime dans sa totalit\u00e9 la personnalit\u00e9 de ce pr\u00e9sident simulacre. Narcissisme pathologique, incomp\u00e9tence politique, et absence de principes.<\/span><\/p>\n<p>&nbsp;<\/p>\n<p style=\"text-align: justify;\"><span style=\"font-family: times new roman, times, serif; font-size: 14pt;\">La composition du nouveau gouvernement, reconduite caricaturale du pire de la p\u00e9riode pr\u00e9c\u00e9dente, t\u00e9moigne de l\u2019impuissance politique d\u2019Emmanuel Macron qui confine \u00e0 l\u2019infirmit\u00e9. Il ne faut pas se tromper, s\u2019il n\u2019y a aucune personnalit\u00e9 nouvelle, aucune tentative d\u2019\u00e9largissement, ce n\u2019est pas parce que le Pr\u00e9sident aurait essuy\u00e9 des refus, c\u2019est parce qu\u2019il n\u2019a m\u00eame pas essay\u00e9.<\/span><\/p>\n<p>&nbsp;<\/p>\n<p style=\"text-align: justify;\"><span style=\"font-family: times new roman, times, serif; font-size: 14pt;\">Le ciel au-dessus de l\u2019Union europ\u00e9enne est lourd de nuages d\u2019orage. Notre pays ne va pas y \u00e9chapper, le boomerang des sanctions anti-russes, l\u2019inflation galopante, la r\u00e9cession \u00e9conomique, la crise \u00e9nerg\u00e9tique, la crise sociale, la crise administrative et maintenant la crise politique promettent des lendemains tr\u00e8s difficiles.<\/span><\/p>\n<p>&nbsp;<\/p>\n<p style=\"text-align: justify;\"><span style=\"font-family: times new roman, times, serif; font-size: 14pt;\">Avoir un bateleur \u00e0 la t\u00eate de l\u2019\u00c9tat n\u2019est pas le meilleur moyen de les affronter.<\/span><\/p>\n<p>&nbsp;<\/p>\n<p style=\"text-align: justify;\"><span style=\"font-family: times new roman, times, serif; font-size: 14pt;\">Source\u00a0: <a href=\"https:\/\/www.vududroit.com\/2022\/07\/macron-le-keke-president\/\">Macron, le k\u00e9k\u00e9 pr\u00e9sident &#8211; Vu du Droit<\/a><\/span><\/p>\n<p style=\"text-align: left;\"><span style=\"font-family: times new roman, times, serif; font-size: 14pt;\"><strong>URL de cet article : <\/strong><a href=\"http:\/\/blog.lesgrossesorchadeslesamplesthalameges.fr\/index.php\/macron-le-keke-president\/\">http:\/\/blog.lesgrossesorchadeslesamplesthalameges.fr\/index.php\/macron-le-keke-president\/<\/a><strong><br \/>\n<\/strong><\/span><\/p>\n<p style=\"text-align: justify;\"><span style=\"font-family: times new roman, times, serif; font-size: 14pt;\"><strong><em>\u00a0<\/em><\/strong><\/span><\/p>\n<p>&nbsp;<\/p>\n<p style=\"text-align: justify;\"><span style=\"font-family: times new roman, times, serif; font-size: 14pt;\"><strong>\u00a0<\/strong><\/span><\/p>\n<p style=\"text-align: center;\"><span style=\"font-family: times new roman, times, serif; font-size: 14pt;\"><strong>\u00a0<a href=\"http:\/\/blog.lesgrossesorchadeslesamplesthalameges.fr\/index.php\/macron-le-keke-president\/1%c2%b39-france\/\" rel=\"attachment wp-att-19656\"><img loading=\"lazy\" class=\"alignnone wp-image-19656\" src=\"http:\/\/blog.lesgrossesorchadeslesamplesthalameges.fr\/wp-content\/uploads\/2022\/07\/1\u00b39.-France-300x182.jpg\" alt=\"\" width=\"600\" height=\"364\" srcset=\"https:\/\/blog.lesgrossesorchadeslesamplesthalameges.fr\/wp-content\/uploads\/2022\/07\/1\u00b39.-France-300x182.jpg 300w, https:\/\/blog.lesgrossesorchadeslesamplesthalameges.fr\/wp-content\/uploads\/2022\/07\/1\u00b39.-France.jpg 768w\" sizes=\"(max-width: 600px) 100vw, 600px\" \/><\/a><\/strong><\/span><\/p>\n<p style=\"text-align: center;\"><span style=\"font-family: times new roman, times, serif; font-size: 12pt;\"><strong><em>Comme si les Le Pen \u00e9taient ce qu\u2019il y a de pire en France.<\/em><\/strong><\/span><\/p>\n<p style=\"text-align: justify;\"><span style=\"font-family: times new roman, times, serif; font-size: 14pt;\"><strong><em>\u00a0<\/em><\/strong><\/span><\/p>\n<p style=\"text-align: justify;\"><span style=\"font-family: times new roman, times, serif; font-size: 14pt;\"><strong>\u00a0<\/strong><\/span><\/p>\n<p>&nbsp;<\/p>\n<p style=\"text-align: justify;\"><span style=\"font-family: times new roman, times, serif; font-size: 14pt;\"><strong>\u00a0<\/strong><\/span><\/p>\n<p>&nbsp;<\/p>\n<p>&nbsp;<\/p>\n<p style=\"text-align: center;\"><a href=\"http:\/\/blog.lesgrossesorchadeslesamplesthalameges.fr\/index.php\/2022\/07\/06\/au-son-soyeux-du-boomerang\/000-boomerang-gif-3\/\" rel=\"attachment wp-att-19599\"><img loading=\"lazy\" class=\"alignnone size-full wp-image-19599\" src=\"http:\/\/blog.lesgrossesorchadeslesamplesthalameges.fr\/wp-content\/uploads\/2022\/07\/000.-Boomerang-GIF.gif\" alt=\"\" width=\"150\" height=\"100\" \/><\/a><\/p>\n<p>&nbsp;<\/p>\n<p style=\"text-align: justify;\"><span style=\"font-family: times new roman, times, serif; font-size: 14pt;\"><strong>\u00a0<\/strong><\/span><\/p>\n<p style=\"text-align: right;\"><span style=\"font-family: comic sans ms, sans-serif; font-size: 14pt;\">Juillet 2022<\/span><\/p>\n<p>&nbsp;<\/p>\n<p>&nbsp;<\/p>\n","protected":false},"excerpt":{"rendered":"<p>&nbsp; &nbsp; &nbsp; &nbsp; &nbsp; &nbsp; &nbsp; &nbsp; &nbsp; Macron, le k\u00e9k\u00e9 pr\u00e9sident &nbsp; &nbsp; R\u00e9gis de Castelnau \u2013 Vu du droit \u2013\u00a0 5.7.2022 &nbsp; &nbsp; &nbsp; &nbsp; &nbsp; &nbsp; On raconte que lorsque le 19 juin au soir, il a appris les r\u00e9sultats des \u00e9lections l\u00e9gislatives qui le privaient d\u2019une majorit\u00e9 parlementaire, Emmanuel Macron&#8230;<\/p>\n","protected":false},"author":1,"featured_media":0,"parent":0,"menu_order":0,"comment_status":"open","ping_status":"open","template":"","meta":[],"_links":{"self":[{"href":"https:\/\/blog.lesgrossesorchadeslesamplesthalameges.fr\/index.php\/wp-json\/wp\/v2\/pages\/19655"}],"collection":[{"href":"https:\/\/blog.lesgrossesorchadeslesamplesthalameges.fr\/index.php\/wp-json\/wp\/v2\/pages"}],"about":[{"href":"https:\/\/blog.lesgrossesorchadeslesamplesthalameges.fr\/index.php\/wp-json\/wp\/v2\/types\/page"}],"author":[{"embeddable":true,"href":"https:\/\/blog.lesgrossesorchadeslesamplesthalameges.fr\/index.php\/wp-json\/wp\/v2\/users\/1"}],"replies":[{"embeddable":true,"href":"https:\/\/blog.lesgrossesorchadeslesamplesthalameges.fr\/index.php\/wp-json\/wp\/v2\/comments?post=19655"}],"version-history":[{"count":7,"href":"https:\/\/blog.lesgrossesorchadeslesamplesthalameges.fr\/index.php\/wp-json\/wp\/v2\/pages\/19655\/revisions"}],"predecessor-version":[{"id":19663,"href":"https:\/\/blog.lesgrossesorchadeslesamplesthalameges.fr\/index.php\/wp-json\/wp\/v2\/pages\/19655\/revisions\/19663"}],"wp:attachment":[{"href":"https:\/\/blog.lesgrossesorchadeslesamplesthalameges.fr\/index.php\/wp-json\/wp\/v2\/media?parent=19655"}],"curies":[{"name":"wp","href":"https:\/\/api.w.org\/{rel}","templated":true}]}}