{"id":19703,"date":"2022-07-06T19:44:13","date_gmt":"2022-07-06T17:44:13","guid":{"rendered":"http:\/\/blog.lesgrossesorchadeslesamplesthalameges.fr\/?page_id=19703"},"modified":"2022-07-06T19:48:29","modified_gmt":"2022-07-06T17:48:29","slug":"19703-2","status":"publish","type":"page","link":"https:\/\/blog.lesgrossesorchadeslesamplesthalameges.fr\/index.php\/19703-2\/","title":{"rendered":"COUR SUPR\u00caME DES \u00c9TATS-UNIS : LA GUERRE CIVILE CULTURELLE"},"content":{"rendered":"<p>&nbsp;<\/p>\n<p>&nbsp;<\/p>\n<p>&nbsp;<\/p>\n<p>&nbsp;<\/p>\n<p>&nbsp;<\/p>\n<p>&nbsp;<\/p>\n<p>&nbsp;<\/p>\n<p>&nbsp;<\/p>\n<p>&nbsp;<\/p>\n<p>&nbsp;<\/p>\n<p style=\"text-align: center;\"><span style=\"font-family: times new roman, times, serif; font-size: 36pt;\"><strong>COUR SUPR\u00caME DES \u00c9TATS-UNIS : LA GUERRE CIVILE CULTURELLE<\/strong><\/span><\/p>\n<p style=\"text-align: center;\"><span style=\"font-family: times new roman, times, serif; font-size: 14pt;\"><strong>\u00a0<\/strong><\/span><\/p>\n<p>&nbsp;<\/p>\n<p style=\"text-align: center;\"><span style=\"font-family: times new roman, times, serif; font-size: 18pt;\"><strong>R\u00e9gis de Castelnau \u2013 <em>Vu du droit<\/em> \u2013 25.6.2022<\/strong><\/span><\/p>\n<p style=\"text-align: center;\"><span style=\"font-family: times new roman, times, serif; font-size: 14pt;\"><strong>\u00a0<\/strong><\/span><\/p>\n<p style=\"text-align: center;\"><span style=\"font-family: times new roman, times, serif; font-size: 14pt;\"><strong>\u00a0<\/strong><\/span><\/p>\n<p style=\"text-align: justify;\"><span style=\"font-family: times new roman, times, serif; font-size: 14pt;\"><strong>\u00a0<\/strong><\/span><\/p>\n<p style=\"text-align: center;\"><a href=\"http:\/\/blog.lesgrossesorchadeslesamplesthalameges.fr\/index.php\/19703-2\/7-manif-2\/\" rel=\"attachment wp-att-19704\"><img loading=\"lazy\" class=\"alignnone wp-image-19704 size-full\" src=\"http:\/\/blog.lesgrossesorchadeslesamplesthalameges.fr\/wp-content\/uploads\/2022\/07\/7.-manif-1.jpg\" alt=\"\" width=\"600\" height=\"399\" srcset=\"https:\/\/blog.lesgrossesorchadeslesamplesthalameges.fr\/wp-content\/uploads\/2022\/07\/7.-manif-1.jpg 600w, https:\/\/blog.lesgrossesorchadeslesamplesthalameges.fr\/wp-content\/uploads\/2022\/07\/7.-manif-1-300x200.jpg 300w\" sizes=\"(max-width: 600px) 100vw, 600px\" \/><\/a><\/p>\n<p style=\"text-align: justify;\"><span style=\"font-family: times new roman, times, serif; font-size: 14pt;\"><strong>\u00a0<\/strong><\/span><\/p>\n<p>&nbsp;<\/p>\n<p>&nbsp;<\/p>\n<p style=\"text-align: justify;\"><span style=\"font-family: tahoma, arial, helvetica, sans-serif; font-size: 14pt;\"><strong>Les r\u00e9actions au revirement de la jurisprudence de la Cour supr\u00eame des \u00c9tats-Unis concernant l\u2019avortement t\u00e9moignent une fois de plus d\u2019une ignorance, d\u2019un provincialisme et au final d\u2019une arrogance fran\u00e7aise classique, le tout donnant un triste brouet qui n\u2019est pas \u00e0 notre honneur.<\/strong><\/span><\/p>\n<p style=\"text-align: justify;\"><span style=\"font-family: tahoma, arial, helvetica, sans-serif; font-size: 14pt;\"><strong>Tout d\u2019abord la pr\u00e9caution d\u2019usage : je suis personnellement favorable au principe de l\u2019IVG qui est une possibilit\u00e9 d\u2019utiliser l\u2019avortement comme un moyen de r\u00e9gulation des naissances. Je n\u2019ai aucun probl\u00e8me moral ou religieux concernant cette possibilit\u00e9, m\u00eame si je sais que c\u2019est toujours une \u00e9preuve pour la femme qui doit y recourir.<\/strong><\/span><\/p>\n<p>&nbsp;<\/p>\n<p style=\"text-align: justify;\"><span style=\"font-family: times new roman, times, serif; font-size: 14pt;\">La fascination de nos \u00e9lites pour les USA, y compris celles qui se disent d\u2019extr\u00eame gauche est quelque chose de quand m\u00eame impressionnant.<\/span><\/p>\n<p>&nbsp;<\/p>\n<p style=\"text-align: justify;\"><span style=\"font-family: times new roman, times, serif; font-size: 14pt;\">Surtout que cela s\u2019enracine dans l\u2019ignorance d\u2019une r\u00e9alit\u00e9 : les \u00c9tats-Unis sont un \u00c9tat f\u00e9d\u00e9ral. Contrairement \u00e0 ce qu\u2019on pense, le pouvoir de Washington et en particulier celui du pr\u00e9sident n\u2019est pas tr\u00e8s \u00e9tendu par rapport \u00e0 celui des \u00c9tats f\u00e9d\u00e9r\u00e9s. Et la d\u00e9cision qui vient d\u2019\u00eatre rendue par la Cour supr\u00eame rel\u00e8ve de cette articulation. Revenant sur sa jurisprudence ant\u00e9rieure, elle a consid\u00e9r\u00e9 que la question de l\u2019IVG \u00e9tait de la comp\u00e9tence des \u00c9tats et qu\u2019il ne lui appartenait pas de dresser sur cette question, un cadre contraignant sup\u00e9rieur \u00e0 celui de ses l\u00e9gislations locales. Raisonnement identique \u00e0 celui fait par la Cour de Justice de la Communaut\u00e9 europ\u00e9enne qui a dit que cette question \u00e9tait de la comp\u00e9tence des l\u00e9gislations internes des \u00e9tats membres de l\u2019UE. Et d\u2019ailleurs, \u00e0 l\u2019aide des m\u00eames motivations que celles adopt\u00e9es par la cour supr\u00eame am\u00e9ricaine. C\u2019est donc d\u00e9sormais l\u2019affaire des Am\u00e9ricains, chacun dans leurs \u00c9tats respectifs.<\/span><\/p>\n<p>&nbsp;<\/p>\n<p style=\"text-align: justify;\"><span style=\"font-family: times new roman, times, serif; font-size: 14pt;\">\u00a0Paradoxalement, je m\u2019en r\u00e9jouis de cette jurisprudence en Europe, lorsque je vois ce qui se passe par exemple en Europe centrale et notamment en Pologne. Je me trompe peut-\u00eatre, mais je pense que notre pays est \u00e0 l\u2019abri d\u2019une r\u00e9gression identique.<\/span><\/p>\n<p>&nbsp;<\/p>\n<p style=\"text-align: justify;\"><span style=\"font-family: times new roman, times, serif; font-size: 14pt;\">Mais finalement, comment \u00eatre surpris de ce qui se produit aujourd\u2019hui aux \u00c9tats-Unis et qui consterne les \u00e9lites europ\u00e9ennes ? Les m\u00eames \u00e9lites qui r\u00e9clament l\u2019inscription du \u00ab droit \u00bb \u00e0 l\u2019IVG dans la constitution alors qu\u2019ils traitent imm\u00e9diatement de raciste islamophobe quiconque se permet de critiquer la religion musulmane, pourtant gu\u00e8re laxiste sur ces questions. Comment s\u2019imaginer que les d\u00e9lires que l\u2019on va qualifier par commodit\u00e9 de \u00ab\u00a0<em>wokistes<\/em>\u00a0\u00bb, qui font des revendications LGBTQI etc,etc\u2026souvent ineptes un id\u00e9al humain que l\u2019on voudrait, bard\u00e9 de son arrogance occidentaliste, imposer \u00e0 la plan\u00e8te, ne vont provoquer aucune r\u00e9action ni contradiction. Les \u00c9tats-Unis ont \u00e9lu un pr\u00e9sident quasiment en \u00e9tat de d\u00e9mence s\u00e9nile, qui pr\u00e9sente triomphalement son bilan : \u00ab\u00a0<em>il y a plus de personnes LGBT dans mon administration que dans toutes les administrations pr\u00e9c\u00e9dentes r\u00e9unies !<\/em>\u00a0\u00bb Disparue la comp\u00e9tence comme crit\u00e8re d\u2019embauche au service de sa mission, non non, l\u2019id\u00e9al c\u2019est l\u2019obsession de la race, et de la sexualit\u00e9 pour classer les gens. \u00ab\u00a0<em>Mon administration est bonne puisqu\u2019il y a tant d\u2019homosexuels, tant de lesbiennes, tant de transgenres, tant de noirs le faisons, tant de latinos etc. etc\u00a0<\/em>\u00bb. Et comment ne pas \u00eatre effar\u00e9 lorsque l\u2019on apprend que George Soros finance grassement des candidats au poste de procureur (qui sont \u00e9lus aux \u00c9tats-Unis), d\u00e8s lors qu\u2019ils pr\u00e9sentent un CV qui garantira que les poursuites p\u00e9nales seront fonctions de la couleur de la peau et de l\u2019orientation sexuelle.<\/span><\/p>\n<p>&nbsp;<\/p>\n<p style=\"text-align: justify;\"><span style=\"font-family: times new roman, times, serif; font-size: 14pt;\">La bourgeoisie n\u00e9olib\u00e9rale fran\u00e7aise comme les Britanniques, les canadiennes et am\u00e9ricaines, raffolent de l\u2019intersectionnalit\u00e9, et la petite bourgeoisie intellectuelle d\u00e9class\u00e9e ou pas, partage cette passion. Qui a pour premier m\u00e9rite de st\u00e9riliser la lutte des classes.<\/span><\/p>\n<p>&nbsp;<\/p>\n<p style=\"text-align: justify;\"><span style=\"font-family: times new roman, times, serif; font-size: 14pt;\">Quand on refuse d\u2019utiliser le mot de \u00ab<em>\u00a0femme<\/em>\u00a0\u00bb au profit de celui de \u00ab\u00a0<em>personne portant un ut\u00e9rus<\/em>\u00a0\u00bb comment s\u2019\u00e9tonner que cela provoque en retour une r\u00e9action dont la d\u00e9cision de la cour supr\u00eame des \u00c9tats-Unis n\u2019est qu\u2019une des expressions. Ce pays est d\u00e9sormais marqu\u00e9 lourdement par ce que l\u2019on peut qualifier de \u00ab\u00a0<em>guerre civile culturelle<\/em>\u00a0\u00bb qui est en train de gangrener son syst\u00e8me d\u00e9mocratique. Et nos \u00e9lites stupides, fascin\u00e9es par les pires c\u00f4t\u00e9s am\u00e9ricains, font tout pour importer ce conflit chez nous.<\/span><\/p>\n<p>&nbsp;<\/p>\n<p style=\"text-align: justify;\"><span style=\"font-family: times new roman, times, serif; font-size: 14pt;\">La tentative d\u2019inscrire l\u2019IVG dans la Constitution pour la sanctuariser en la mettant l\u2019abri de la d\u00e9lib\u00e9ration d\u00e9mocratique illustre une nouvelle fois la fameuse citation de Bossuet sur ceux qui se plaignent des cons\u00e9quences de leurs actes. Parce que cette proposition strictement d\u00e9fensive, vou\u00e9e \u00e0 l\u2019\u00e9chec, est d\u00e9j\u00e0 une d\u00e9faite. Le risque de mise en cause de l\u2019IVG se nourrit compl\u00e8tement de la r\u00e9action \u00e0 la mise en \u0153uvre furieuse d\u2019une id\u00e9ologie absurde.<\/span><\/p>\n<p>&nbsp;<\/p>\n<p style=\"text-align: justify;\"><span style=\"font-family: times new roman, times, serif; font-size: 14pt;\">Apr\u00e8s l\u2019explosion BLM de 2019 avec l\u2019affaire George Floyd, les d\u00e9mocrates voulant battre Trump \u00e0 tout prix ont enfourch\u00e9 la cause Woke. Essayant d\u2019en faire une id\u00e9ologie d\u2019\u00c9tat.<\/span><\/p>\n<p>&nbsp;<\/p>\n<p style=\"text-align: justify;\"><span style=\"font-family: times new roman, times, serif; font-size: 14pt;\">Qu\u2019on le veuille ou non, l\u2019Arr\u00eat de la cour supr\u00eame des \u00c9tats-Unis est le fruit politique de cette folie. Dont le droit des femmes \u00e0 choisir leur maternit\u00e9 sera la victime.<\/span><\/p>\n<p>&nbsp;<\/p>\n<p style=\"text-align: justify;\"><span style=\"font-family: times new roman, times, serif; font-size: 14pt;\">Source\u00a0: <a href=\"https:\/\/www.vududroit.com\/2022\/06\/cour-supreme-des-etats-unis-la-guerre-civile-culturelle\/\">Cour supr\u00eame des \u00c9tats-Unis : la guerre civile culturelle &#8211; Vu du Droit<\/a><\/span><\/p>\n<p style=\"text-align: left;\"><span style=\"font-family: times new roman, times, serif; font-size: 14pt;\"><strong>URL de cet article : <\/strong><a href=\"http:\/\/blog.lesgrossesorchadeslesamplesthalameges.fr\/index.php\/19703-2\/\">http:\/\/blog.lesgrossesorchadeslesamplesthalameges.fr\/index.php\/19703-2\/<\/a><strong><br \/>\n<\/strong><\/span><\/p>\n<p><span style=\"font-size: 14pt;\"><strong>\u00a0<\/strong><\/span><\/p>\n<p><strong>\u00a0<\/strong><\/p>\n<p>&nbsp;<\/p>\n<p style=\"text-align: center;\"><strong>\u00a0<a href=\"http:\/\/blog.lesgrossesorchadeslesamplesthalameges.fr\/index.php\/2022\/07\/06\/de-dieux-de-tabous-et-dempires-qui-seffondrent\/000-abortion-gif\/\" rel=\"attachment wp-att-19670\"><img loading=\"lazy\" class=\"alignnone wp-image-19670\" src=\"http:\/\/blog.lesgrossesorchadeslesamplesthalameges.fr\/wp-content\/uploads\/2022\/07\/000.-Abortion-GIF.gif\" alt=\"\" width=\"120\" height=\"140\" \/><\/a><\/strong><\/p>\n<p><strong>\u00a0<\/strong><\/p>\n<p><strong>\u00a0<\/strong><\/p>\n<p>&nbsp;<\/p>\n<p style=\"text-align: right;\"><span style=\"font-family: comic sans ms, sans-serif; font-size: 14pt;\">Juillet 2022<\/span><\/p>\n<p>&nbsp;<\/p>\n<p>&nbsp;<\/p>\n","protected":false},"excerpt":{"rendered":"<p>&nbsp; &nbsp; &nbsp; &nbsp; &nbsp; &nbsp; &nbsp; &nbsp; &nbsp; &nbsp; COUR SUPR\u00caME DES \u00c9TATS-UNIS : LA GUERRE CIVILE CULTURELLE \u00a0 &nbsp; R\u00e9gis de Castelnau \u2013 Vu du droit \u2013 25.6.2022 \u00a0 \u00a0 \u00a0 \u00a0 &nbsp; &nbsp; Les r\u00e9actions au revirement de la jurisprudence de la Cour supr\u00eame des \u00c9tats-Unis concernant l\u2019avortement t\u00e9moignent une fois de&#8230;<\/p>\n","protected":false},"author":1,"featured_media":0,"parent":0,"menu_order":0,"comment_status":"open","ping_status":"open","template":"","meta":[],"_links":{"self":[{"href":"https:\/\/blog.lesgrossesorchadeslesamplesthalameges.fr\/index.php\/wp-json\/wp\/v2\/pages\/19703"}],"collection":[{"href":"https:\/\/blog.lesgrossesorchadeslesamplesthalameges.fr\/index.php\/wp-json\/wp\/v2\/pages"}],"about":[{"href":"https:\/\/blog.lesgrossesorchadeslesamplesthalameges.fr\/index.php\/wp-json\/wp\/v2\/types\/page"}],"author":[{"embeddable":true,"href":"https:\/\/blog.lesgrossesorchadeslesamplesthalameges.fr\/index.php\/wp-json\/wp\/v2\/users\/1"}],"replies":[{"embeddable":true,"href":"https:\/\/blog.lesgrossesorchadeslesamplesthalameges.fr\/index.php\/wp-json\/wp\/v2\/comments?post=19703"}],"version-history":[{"count":9,"href":"https:\/\/blog.lesgrossesorchadeslesamplesthalameges.fr\/index.php\/wp-json\/wp\/v2\/pages\/19703\/revisions"}],"predecessor-version":[{"id":19713,"href":"https:\/\/blog.lesgrossesorchadeslesamplesthalameges.fr\/index.php\/wp-json\/wp\/v2\/pages\/19703\/revisions\/19713"}],"wp:attachment":[{"href":"https:\/\/blog.lesgrossesorchadeslesamplesthalameges.fr\/index.php\/wp-json\/wp\/v2\/media?parent=19703"}],"curies":[{"name":"wp","href":"https:\/\/api.w.org\/{rel}","templated":true}]}}