{"id":19716,"date":"2022-07-06T20:16:51","date_gmt":"2022-07-06T18:16:51","guid":{"rendered":"http:\/\/blog.lesgrossesorchadeslesamplesthalameges.fr\/?page_id=19716"},"modified":"2022-07-06T20:17:45","modified_gmt":"2022-07-06T18:17:45","slug":"les-femmes-derangees-et-debiles-devraient-elles-vraiment-procreer","status":"publish","type":"page","link":"https:\/\/blog.lesgrossesorchadeslesamplesthalameges.fr\/index.php\/les-femmes-derangees-et-debiles-devraient-elles-vraiment-procreer\/","title":{"rendered":"Les femmes d\u00e9rang\u00e9es et d\u00e9biles devraient-elles vraiment procr\u00e9er ?"},"content":{"rendered":"<p>&nbsp;<\/p>\n<p>&nbsp;<\/p>\n<p>&nbsp;<\/p>\n<p>&nbsp;<\/p>\n<p>&nbsp;<\/p>\n<p>&nbsp;<\/p>\n<p>&nbsp;<\/p>\n<p>&nbsp;<\/p>\n<p>&nbsp;<\/p>\n<p style=\"text-align: center;\"><span style=\"font-family: times new roman, times, serif; font-size: 40pt;\"><strong>Les femmes d\u00e9rang\u00e9es et d\u00e9biles devraient-elles vraiment procr\u00e9er ?<\/strong><\/span><\/p>\n<p style=\"text-align: center;\"><span style=\"font-family: times new roman, times, serif; font-size: 14pt;\"><strong>\u00a0<\/strong><\/span><\/p>\n<p>&nbsp;<\/p>\n<p style=\"text-align: center;\"><span style=\"font-family: times new roman, times, serif; font-size: 14pt;\"><a href=\"https:\/\/www.unz.com\/author\/ilana-mercer\/\"><strong><span style=\"font-size: 18pt;\">Ilana<\/span><\/strong><\/a><span style=\"font-size: 18pt;\"><strong> Mercer \u2013 <em>The UNZ Review<\/em> \u2013 30.6.2022<\/strong><\/span><\/span><\/p>\n<p>&nbsp;<\/p>\n<p style=\"text-align: center;\"><span style=\"font-family: times new roman, times, serif; font-size: 14pt;\"><strong>\u00a0<\/strong><\/span><\/p>\n<p style=\"text-align: center;\"><span style=\"font-family: times new roman, times, serif; font-size: 18pt;\">Traduction :<strong> c.l. <\/strong>pour<strong> <em>L.G.O.<\/em><\/strong><\/span><\/p>\n<p><span style=\"font-family: times new roman, times, serif; font-size: 14pt;\"><strong>\u00a0<\/strong><\/span><\/p>\n<p><span style=\"font-family: times new roman, times, serif; font-size: 14pt;\"><strong>\u00a0<\/strong><\/span><\/p>\n<p>&nbsp;<\/p>\n<p style=\"text-align: center;\"><a href=\"http:\/\/blog.lesgrossesorchadeslesamplesthalameges.fr\/index.php\/2022\/07\/06\/de-dieux-de-tabous-et-dempires-qui-seffondrent\/10-femmes-derangees\/\" rel=\"attachment wp-att-19678\"><img loading=\"lazy\" class=\"alignnone wp-image-19678\" src=\"http:\/\/blog.lesgrossesorchadeslesamplesthalameges.fr\/wp-content\/uploads\/2022\/07\/10.-Femmes-derangees.jpg\" alt=\"\" width=\"600\" height=\"357\" srcset=\"https:\/\/blog.lesgrossesorchadeslesamplesthalameges.fr\/wp-content\/uploads\/2022\/07\/10.-Femmes-derangees.jpg 502w, https:\/\/blog.lesgrossesorchadeslesamplesthalameges.fr\/wp-content\/uploads\/2022\/07\/10.-Femmes-derangees-300x179.jpg 300w\" sizes=\"(max-width: 600px) 100vw, 600px\" \/><\/a><\/p>\n<p>&nbsp;<\/p>\n<p>&nbsp;<\/p>\n<p>&nbsp;<\/p>\n<p style=\"text-align: justify;\"><span style=\"font-family: times new roman, times, serif; font-size: 14pt;\">Le fait que la Cour supr\u00eame des \u00c9tats-Unis (SCOTUS) ait finalement rendu une d\u00e9cision restituant le pouvoir aux \u00c9tats sur cette question de l&rsquo;avortement est tout \u00e0 fait normal. Si son \u00c9tat interdit l&rsquo;avortement, une femme peut toujours monter dans un bus Greyhound pour aller se faire op\u00e9rer ailleurs.<\/span><\/p>\n<p>&nbsp;<\/p>\n<p style=\"text-align: justify;\"><span style=\"font-family: times new roman, times, serif; font-size: 14pt;\">L&rsquo;\u00e9l\u00e9gance \u00e9thique de l&rsquo;argument libertaire a d\u00e9j\u00e0 \u00e9t\u00e9 exprim\u00e9e dans cet espace :<\/span><\/p>\n<p>&nbsp;<\/p>\n<p style=\"text-align: justify;\"><span style=\"font-family: times new roman, times, serif; font-size: 14pt;\">M\u00eame si on d\u00e9daigne l&rsquo;avortement, on ne peut pas \u00e9chapper \u00e0 la question de la propri\u00e9t\u00e9 de soi. Vous n&rsquo;avez tout simplement pas le droit de prendre possession du corps d&rsquo;un adulte. Une femme adulte, aussi r\u00e9pugnante soit-elle, est propri\u00e9taire d&rsquo;elle-m\u00eame et de tout ce qu&rsquo;elle porte en elle, ou elle ne l&rsquo;est pas. Vous ne pouvez pas vous \u00ab\u00a0poss\u00e9der\u00a0\u00bb \u00e0 l&rsquo;exception de votre ut\u00e9rus ou en conjonction avec d&rsquo;autres corps occup\u00e9s.<\/span><\/p>\n<p>&nbsp;<\/p>\n<p style=\"text-align: justify;\"><span style=\"font-family: times new roman, times, serif; font-size: 14pt;\">Ainsi, th\u00e9oriquement, \u00ab\u00a0les femmes ont le droit de baiser et de racler leurs entrailles \u00e0 leur guise\u00a0\u00bb. Avec une condition : Les Am\u00e9ricains qui s&rsquo;opposent \u00e0 l&rsquo;avortement doivent \u00eatre respect\u00e9s de la m\u00eame mani\u00e8re dans leur droit \u00e0 la propri\u00e9t\u00e9. Les contribuables qui s&rsquo;opposent \u00e0 la proc\u00e9dure doivent avoir le m\u00eame droit de disposer de ce qui leur appartient &#8211; leur propri\u00e9t\u00e9 &#8211; conform\u00e9ment aux exigences de leur conscience.<\/span><\/p>\n<p>&nbsp;<\/p>\n<p style=\"text-align: justify;\"><span style=\"font-family: times new roman, times, serif; font-size: 14pt;\"><em>Trojans<\/em>, <em>Trivora<\/em> ou interruption : Une femme am\u00e9ricaine a le droit d&rsquo;acheter des contraceptifs, des abortifs et de se faire avorter, \u00e0 condition &#8230; de les payer de sa poche. Car, comme elle, l&rsquo;Am\u00e9rique regorge de nombreux autres individus souverains, dont certains n&rsquo;approuvent pas ces produits et op\u00e9rations.<\/span><\/p>\n<p>&nbsp;<\/p>\n<p style=\"text-align: justify;\"><span style=\"font-family: times new roman, times, serif; font-size: 14pt;\">Ainsi, si les femmes adultes doivent pouvoir mettre fin \u00e0 leur grossesse &#8211; toujours \u00e0 l&rsquo;exclusion de l&rsquo;infanticide tardif &#8211; ce que le sexe manifestement stupide de l&rsquo;Am\u00e9rique n&rsquo;a pas le droit de faire, c&rsquo;est d&rsquo;obliger les objecteurs de conscience \u00e0 leur fournir ou \u00e0 payer leurs choix en mati\u00e8re de reproduction. Les droits de propri\u00e9t\u00e9 personnelle et la libert\u00e9 de conscience devraient s&rsquo;appliquer aux deux c\u00f4t\u00e9s du d\u00e9bat sur l&rsquo;avortement.<\/span><\/p>\n<p>&nbsp;<\/p>\n<p style=\"text-align: justify;\"><span style=\"font-family: times new roman, times, serif; font-size: 14pt;\">L&rsquo;avortement tardif, en g\u00e9n\u00e9ral, doit toujours \u00eatre interdit. (Je r\u00e9alise, cher lecteur, que je vous dois des arguments, et non des affirmations, ce que j&rsquo;ai h\u00e9las fourni). On pourrait soutenir que dans l&rsquo;arr\u00eat <a href=\"https:\/\/www.npr.org\/2022\/06\/24\/1107440547\/the-abortion-case-is-named-after-thomas-dobbs-who-says-he-has-nothing-to-do-with?t=1657109869621\">Dobbs v. Jackson Women&rsquo;s Health Organization<\/a>, l&rsquo;affaire d\u00e9cisive qui avait \u00e9t\u00e9 port\u00e9e devant la SCOTUS concernait bien l&rsquo;avortement tardif, l&rsquo;\u00c9tat du Mississippi interdisant l&rsquo;avortement apr\u00e8s 15 semaines, en vertu de quoi \u00ab la clinique de Jackson et l&rsquo;un de ses m\u00e9decins ont poursuivi les autorit\u00e9s du Mississippi devant une cour f\u00e9d\u00e9rale, affirmant que la loi de l&rsquo;\u00c9tat \u00e9tait inconstitutionnelle. Un tribunal f\u00e9d\u00e9ral de district et la Cour d&rsquo;appel du cinqui\u00e8me circuit ont statu\u00e9 en faveur de la clinique, bloquant la loi du Mississippi. Mais l&rsquo;\u00c9tat a fait appel devant la Cour supr\u00eame, qui a inscrit l&rsquo;affaire \u00e0 son r\u00f4le \u00bb.<\/span><\/p>\n<p>&nbsp;<\/p>\n<p style=\"text-align: justify;\"><span style=\"font-family: times new roman, times, serif; font-size: 14pt;\">Il en est r\u00e9sult\u00e9 un f\u00e9d\u00e9ralisme v\u00e9ritable sur cette question \u00e9pineuse, m\u00eame si les contribuables, qui s&rsquo;opposent\u00a0 \u00e0 l&rsquo;avortement pour ob\u00e9ir \u00e0 leur conscience, devront quand m\u00eame payer ces services si leur \u00c9tat les autorise. Le f\u00e9d\u00e9ralisme ne respecte pas le choix individuel. Et le f\u00e9d\u00e9ralisme n&rsquo;a gu\u00e8re \u00e9t\u00e9 ranim\u00e9. Les pouvoirs n&rsquo;ont jamais \u00e9t\u00e9 aussi concentr\u00e9s, dans le Frankenstein f\u00e9d\u00e9ral qui n&rsquo;a jamais \u00e9t\u00e9 aussi intraitable et tyrannique.<\/span><\/p>\n<p>&nbsp;<\/p>\n<p style=\"text-align: justify;\"><span style=\"font-family: times new roman, times, serif; font-size: 14pt;\">Ne venons-nous pas de vivre trois ann\u00e9es au cours desquelles <a href=\"https:\/\/www.ilanamercer.com\/2021\/10\/self-ownership-right-reject-pharma-states-hemlock\/\">l&rsquo;\u00c9tat Pharmaceutique a consolid\u00e9 son pouvoir<\/a> comme jamais auparavant ? \u00c0 moins qu\u2019il se soit laiss\u00e9 vacciner contre le Covid, l&rsquo;\u00c9tat s\u2019est <em>de facto <\/em>accord\u00e9 la licence de fermer l&rsquo;entreprise d&rsquo;un citoyen, de lui refuser toute libert\u00e9 de mouvement, de le mettre en quarantaine, de le licencier et de le s\u00e9parer de ses proches. <a href=\"https:\/\/video.foxnews.com\/v\/6308744782112\">Les arrestations d&rsquo;opposants politiques<\/a> sans proc\u00e9dure r\u00e9guli\u00e8re sont devenues plus courantes dans l&rsquo;Am\u00e9rique de l&rsquo;\u00c9tat policier que dans l&rsquo;Afrique du Sud de l&rsquo;\u00e9poque de l&rsquo;apartheid (qui, comme le relate <a href=\"https:\/\/www.ilanamercer.com\/cannibals-pot\/\"><em>Into the Cannibal&rsquo;s Pot<\/em><\/a>, \u00e9tait \u00e9tonnamment l\u00e9galiste et conforme aux r\u00e8gles). Dans l&rsquo;\u00e9chelle des priorit\u00e9s d&rsquo;un pays s\u00e9rieux, l&rsquo;avortement ne serait pas mentionn\u00e9.<\/span><\/p>\n<p>&nbsp;<\/p>\n<p style=\"text-align: justify;\"><span style=\"font-family: times new roman, times, serif; font-size: 14pt;\">La loi, en outre, est une force. Criminaliser l&rsquo;avortement (au milieu d&rsquo;une v\u00e9ritable vague de crimes et d&rsquo;un effondrement syst\u00e9mique de la libert\u00e9 au sein de l\u2019ordre) implique la cr\u00e9ation d&rsquo;une nouvelle cat\u00e9gorie de criminels \u00e0 punir pour cause d\u2019avortement : la femme qui veut avorter et le personnel soignant qui pratique la dilatation et le curetage.<\/span><\/p>\n<p>&nbsp;<\/p>\n<p style=\"text-align: justify;\"><span style=\"font-family: times new roman, times, serif; font-size: 14pt;\">La pi\u00e8tre qualit\u00e9 de la jurisprudence Roe V. Wade, aujourd&rsquo;hui renvers\u00e9e, n&rsquo;a jamais \u00e9t\u00e9 remise en question. Comme l\u2019a \u00e9crit un lecteur\u00a0: \u00a0\u00ab\u00a0Il y avait 50 lois d&rsquo;\u00c9tat sur l&rsquo;avortement jusqu&rsquo;\u00e0 ce que <a href=\"https:\/\/www.britannica.com\/event\/Roe-v-Wade\">Harry Blackmun<\/a>, nomm\u00e9 par les R\u00e9publicains, d\u00e9cide de fusionner les divagations de ses amis m\u00e9decins de la clinique Mayo et le <a href=\"https:\/\/www.ilanamercer.com\/2003\/08\/judge-moore-and-the-godless-14th-amendment\/\">14e amendement<\/a> fut r\u00e9dig\u00e9 cahin-caha dans une d\u00e9cision <a href=\"https:\/\/www.collinsdictionary.com\/us\/dictionary\/english\/halacha\">halachique<\/a> de la SCOTUS, connue sous le nom de Roe v. Wade. Depuis lors, 55% des femmes noires enceintes se font avorter, contre un tiers d\u2019hispaniques et 11% de blanches\u00a0\u00bb.<\/span><\/p>\n<p>&nbsp;<\/p>\n<p style=\"text-align: justify;\"><span style=\"font-family: times new roman, times, serif; font-size: 14pt;\">Ces statistiques sont significatives dans le contexte de la criminalit\u00e9. John J. Donohue et Steven D. Levitt (2001) <a href=\"Ces%20statistiques%20sont%20significatives%20dans%20le%20contexte%20de%20la%20criminalit\u00e9.%20John%20J.%20Donohue%20et%20Steven%20D.%20Levitt%20(2001)%20avaient%20\u00e9tabli%20que%20%22la%20l\u00e9galisation%20de%20l'avortement,%20au%20d\u00e9but%20des%20ann\u00e9es%201970,%20a%20jou\u00e9%20un%20r\u00f4le%20important%20dans%20la%20baisse%20de%20la%20criminalit\u00e9%20des%20ann\u00e9es%201990%22.%20Ceteris%20paribus,%20%22la%20l\u00e9galisation%20de%20l'avortement%20expliquera%20la%20baisse%20persistante%20de%201%25%20par%20an%20de%20la%20criminalit\u00e9%20au%20cours%20des%20deux%20prochaines%20d\u00e9cennies.%22\">avaient \u00e9tabli que<\/a> \u00ab\u00a0la l\u00e9galisation de l&rsquo;avortement, au d\u00e9but des ann\u00e9es 1970, a jou\u00e9 un r\u00f4le important dans la baisse de la criminalit\u00e9 des ann\u00e9es 1990\u00a0\u00bb. <em>Ceteris paribus [toutes choses \u00e9tant par ailleurs \u00e9gales]<\/em>, \u00ab\u00a0la l\u00e9galisation de l&rsquo;avortement expliquera la baisse persistante de 1% par an de la criminalit\u00e9 au cours des deux prochaines d\u00e9cennies\u00a0\u00bb.<\/span><\/p>\n<p>&nbsp;<\/p>\n<p style=\"text-align: justify;\"><span style=\"font-family: times new roman, times, serif; font-size: 14pt;\">Le renversement de la tendance est in\u00e9vitable.<\/span><\/p>\n<p>&nbsp;<\/p>\n<p style=\"text-align: justify;\"><span style=\"font-family: times new roman, times, serif; font-size: 14pt;\">Je n\u2019ai pas, pour ma part, les doigts collants, et je n&rsquo;ai aucun d\u00e9sir de contr\u00f4ler le ventre des femmes. Que les femmes <em>progressistes<\/em> \u2013 en particulier les furies qui se d\u00e9cha\u00eenent dans tout le pays \u2013 se fassent aspirer l&rsquo;ut\u00e9rus, m&rsquo;est \u00e9gal. Comme l&rsquo;a sugg\u00e9r\u00e9 le psychologue \u00e9volutionniste Ed Dutton\u00a0: \u00ab\u00a0Que certaines personnes d\u00e9missionnent volontairement du pool g\u00e9n\u00e9tique n\u2019est peut-\u00eatre pas une mauvaise chose\u00a0\u00bb.<\/span><\/p>\n<p>&nbsp;<\/p>\n<p style=\"text-align: justify;\"><span style=\"font-family: times new roman, times, serif; font-size: 14pt;\">Les cons\u00e9quences d&rsquo;un \u00e9lan similaire contre le planning familial dans le monde sous-d\u00e9velopp\u00e9 ont \u00e9t\u00e9 d\u00e9crites moins d\u00e9licatement par Kevin Myers, ancien chroniqueur de l&rsquo;<em>Irish Times<\/em>, banni des cercles ossifiants pour avoir dit la v\u00e9rit\u00e9 :<\/span><\/p>\n<p>&nbsp;<\/p>\n<p style=\"text-align: justify; padding-left: 80px;\"><span style=\"font-family: times new roman, times, serif; font-size: 14pt;\">\u00ab\u00a0Le petit gar\u00e7on aux grands yeux que nous avons sauv\u00e9, il y a une vingtaine d&rsquo;ann\u00e9es, est aujourd&rsquo;hui un cr\u00e9tin au faible QI trimballeur d&rsquo;<a href=\"https:\/\/fr.wikipedia.org\/wiki\/AK-47\">AK 47<\/a>, qui engendre des enfants chaque fois que l&rsquo;envie lui en prend et qui bl\u00e2me le monde parce qu&rsquo;il n&rsquo;est pas \u00e9duqu\u00e9, qu\u2019il est pauvre et laiss\u00e9 pour compte. &#8230; La Somalie [est] un autre beau pays de fain\u00e9ants violents, trimballeurs d&rsquo;AK 47, m\u00e2cheurs de khat, circonciseurs de filles, tumescents en permanence, et pote des pirates de l&rsquo;oc\u00e9an auxquels il offre un abri. En effet, [en Afrique], nous avons maintenant presque un continent entier d&rsquo;indigents sexuellement hyperactifs et analphab\u00e8tes, avec des dizaines de millions de personnes qui ne survivent que gr\u00e2ce \u00e0 l&rsquo;aide du monde ext\u00e9rieur &#8230; \u00bb.<\/span><\/p>\n<p>&nbsp;<\/p>\n<p style=\"text-align: justify;\"><span style=\"font-family: times new roman, times, serif; font-size: 14pt;\">Les Am\u00e9ricaines qui protestent contre l&rsquo;arr\u00eat <a href=\"https:\/\/www.britannica.com\/topic\/Dobbs-v-Jackson-Womens-Health-Organization\">Dobbs contre Jackson<\/a> se comportent \u00e9galement comme des primates en \u0153strus. Elles s\u2019affichent en vilaines gorgones qui en veulent \u00e0 dieux et \u00e0 diables de n\u2019\u00eatre pas d\u00e9sirables. Et les conservateurs veulent que toutes les femmes d\u00e9rang\u00e9es deviennent m\u00e8res ?<\/span><\/p>\n<p>&nbsp;<\/p>\n<p style=\"text-align: justify;\"><span style=\"font-family: times new roman, times, serif; font-size: 14pt;\">Faites bien attention : les b\u00e9b\u00e9s n\u00e9s de \u00ab\u00a0<a href=\"https:\/\/www.amazon.com\/Spiteful-Mutants-Evolution-Sexuality-Religion\/dp\/159368083X\">mutants malveillants\u00a0<\/a>\u00bb ont beaucoup de chances de ressembler \u00e0 leurs m\u00e8res qui ne sont <em>pas<\/em> \u00e0 l&rsquo;image de Dieu. Une m\u00e9daille \u00e0 l&rsquo;homme qui montera sur ce genre de chair putride pour se d\u00e9lasser les boules.<\/span><\/p>\n<p>&nbsp;<\/p>\n<p><a href=\"http:\/\/blog.lesgrossesorchadeslesamplesthalameges.fr\/index.php\/les-femmes-derangees-et-debiles-devraient-elles-vraiment-procreer\/11-ilana-mercer\/\" rel=\"attachment wp-att-19718\"><img loading=\"lazy\" class=\"alignnone size-medium wp-image-19718\" src=\"http:\/\/blog.lesgrossesorchadeslesamplesthalameges.fr\/wp-content\/uploads\/2022\/07\/11.-Ilana-Mercer-183x300.jpg\" alt=\"\" width=\"183\" height=\"300\" srcset=\"https:\/\/blog.lesgrossesorchadeslesamplesthalameges.fr\/wp-content\/uploads\/2022\/07\/11.-Ilana-Mercer-183x300.jpg 183w, https:\/\/blog.lesgrossesorchadeslesamplesthalameges.fr\/wp-content\/uploads\/2022\/07\/11.-Ilana-Mercer.jpg 200w\" sizes=\"(max-width: 183px) 100vw, 183px\" \/><\/a><\/p>\n<p>&nbsp;<\/p>\n<p><span style=\"font-family: times new roman, times, serif; font-size: 14pt;\"><strong>Ilana Mercer<\/strong> \u00e9crit un article hebdomadaire de <strong>r\u00e9flexion<\/strong> pal\u00e9olibertaire depuis 1999. Elle est l&rsquo;auteur de <strong><em>Into the Cannibal&rsquo;s Pot<\/em> <em>: Lessons for America From Post-Apartheid South Africa<\/em><\/strong> (2011) &amp; <strong><em>The Trump Revolution : The Donald&rsquo;s Creative Destruction Deconstructed<\/em><\/strong> (juin 2016).<\/span><\/p>\n<p><span style=\"font-family: times new roman, times, serif; font-size: 14pt;\">On la trouve sur son blog\u00a0: <a href=\"https:\/\/barelyablog.com\/\"><strong><em>BarelyABlog | by ilana mercer<\/em><\/strong><\/a><strong><em>, <\/em><\/strong>sur Twitter, Gab, Gettr YouTube et LinkedIn ; elle est bannie par Facebook, et elle a un <strong>nouveau vid\u00e9o-podcast<\/strong> .<\/span><\/p>\n<p>&nbsp;<\/p>\n<p><span style=\"font-family: times new roman, times, serif; font-size: 14pt;\">Source : <a href=\"https:\/\/www.unz.com\/imercer\/should-deranged-moronic-females-really-be-procreating\/\">Should Deranged, Moronic Females Really Be Procreating?, by Ilana Mercer &#8211; The Unz Review<\/a><\/span><\/p>\n<p><span style=\"font-family: times new roman, times, serif; font-size: 14pt;\"><strong>\u00a0<\/strong><\/span><\/p>\n<p><span style=\"font-family: times new roman, times, serif; font-size: 14pt;\"><strong>\u00a0<\/strong><\/span><\/p>\n<p>&nbsp;<\/p>\n<p style=\"text-align: center;\"><a href=\"http:\/\/blog.lesgrossesorchadeslesamplesthalameges.fr\/index.php\/2022\/07\/06\/de-dieux-de-tabous-et-dempires-qui-seffondrent\/000-abortion-gif\/\" rel=\"attachment wp-att-19670\"><img loading=\"lazy\" class=\"alignnone wp-image-19670\" src=\"http:\/\/blog.lesgrossesorchadeslesamplesthalameges.fr\/wp-content\/uploads\/2022\/07\/000.-Abortion-GIF.gif\" alt=\"\" width=\"120\" height=\"140\" \/><\/a><\/p>\n<p>&nbsp;<\/p>\n<p>&nbsp;<\/p>\n<p>&nbsp;<\/p>\n<p><span style=\"font-family: times new roman, times, serif; font-size: 18pt;\"><strong><em>Pour les anglophones<\/em><\/strong><\/span><\/p>\n<p>&nbsp;<\/p>\n<p style=\"text-align: center;\"><span style=\"font-family: times new roman, times, serif; font-size: 18pt;\"><strong>WATCH<\/strong> \u201cHard Truth,\u201d \u201c<a href=\"https:\/\/rumble.com\/v1agnv9-roe-v-wade-overturned-should-we-care-if-us-medusas-abort.html\">Roe V. Wade Overturned: Should We Care If US Medusas Abort?<\/a>\u201d, with David Vance and myself, wherein David worries that Moloch worship is alive and well in America.<\/span><\/p>\n<p style=\"text-align: center;\"><a href=\"http:\/\/blog.lesgrossesorchadeslesamplesthalameges.fr\/index.php\/2022\/06\/28\/et-la-chine-dans-tout-ca\/000-vers-le-bas-fleche-rouge-gif-copie-20\/\" rel=\"attachment wp-att-19448\"><img loading=\"lazy\" class=\"alignnone size-full wp-image-19448\" src=\"http:\/\/blog.lesgrossesorchadeslesamplesthalameges.fr\/wp-content\/uploads\/2022\/06\/000.-vers-le-bas-fleche-rouge-GIF-Copie-1.gif\" alt=\"\" width=\"100\" height=\"100\" \/><\/a><\/p>\n<p style=\"text-align: center;\"><span style=\"font-family: times new roman, times, serif; font-size: 14pt;\"><a href=\"https:\/\/rumble.com\/embed\/v17uhxr\/\"><span style=\"font-size: 18pt;\"><strong>https:\/\/rumble.com\/embed\/v17uhxr\/<\/strong><\/span><\/a><\/span><\/p>\n<p>&nbsp;<\/p>\n<p>&nbsp;<\/p>\n<p><span style=\"font-family: comic sans ms, sans-serif; font-size: 14pt;\">Un des 223 commentaires (on n\u2019a pas lu les autres)\u00a0:<\/span><\/p>\n<p><span style=\"font-family: times new roman, times, serif; font-size: 14pt;\">\u00a0\u00a0\u00a0\u00a0\u00a0\u00a0\u00a0\u00a0\u00a0\u00a0\u00a0\u00a0\u00a0\u00a0\u00a0\u00a0\u00a0\u00a0\u00a0\u00a0\u00a0\u00a0\u00a0\u00a0\u00a0\u00a0\u00a0\u00a0\u00a0<\/span><\/p>\n<p style=\"padding-left: 80px;\"><span style=\"font-family: times new roman, times, serif; font-size: 14pt;\"><a href=\"https:\/\/www.unz.com\/comments\/all\/?commenterfilter=Haxo+Angmark\">Haxo Angmark<\/a> says:<\/span><\/p>\n<p style=\"padding-left: 80px;\"><span style=\"font-family: times new roman, times, serif; font-size: 14pt;\">June 30, 2022<\/span><\/p>\n<p style=\"padding-left: 80px;\"><span style=\"font-family: times new roman, times, serif; font-size: 14pt;\">no, Ilana: someone else\u2019s body is involved:<\/span><\/p>\n<p style=\"padding-left: 80px;\"><span style=\"font-family: times new roman, times, serif; font-size: 14pt;\">the baby being murdered. OTOH, I understand<\/span><\/p>\n<p style=\"padding-left: 80px;\"><span style=\"font-family: times new roman, times, serif; font-size: 14pt;\">why Jews like yourself want to keep abortion \u201cavailable\u201d:<\/span><\/p>\n<p style=\"padding-left: 80px;\"><span style=\"font-family: times new roman, times, serif; font-size: 14pt;\">it helps keep the Black population under Jew-control,<\/span><\/p>\n<p style=\"padding-left: 80px;\"><span style=\"font-family: times new roman, times, serif; font-size: 14pt;\">and easily disposible against the Whites. If it grows too fast,<\/span><\/p>\n<p style=\"padding-left: 80px;\"><span style=\"font-family: times new roman, times, serif; font-size: 14pt;\">it might get out-of-control,<\/span><\/p>\n<p style=\"padding-left: 80px;\"><span style=\"font-family: times new roman, times, serif; font-size: 14pt;\">and turn massively against the Jews as well.<\/span><\/p>\n<p><span style=\"font-family: times new roman, times, serif; font-size: 14pt;\"><strong><em>\u00a0<\/em><\/strong><\/span><\/p>\n<p><span style=\"font-family: times new roman, times, serif; font-size: 18pt;\"><strong><em>Ils ne sont pas sortis de l\u2019auberge, les Zuniens\u00a0!<\/em><\/strong><\/span><\/p>\n<p><span style=\"font-family: times new roman, times, serif; font-size: 14pt;\"><strong><em>\u00a0<\/em><\/strong><\/span><\/p>\n<p style=\"text-align: left;\"><strong><span style=\"font-family: times new roman, times, serif; font-size: 14pt;\">URL de cet article :<\/span><\/strong> <a href=\"http:\/\/blog.lesgrossesorchadeslesamplesthalameges.fr\/index.php\/les-femmes-derangees-et-debiles-devraient-elles-vraiment-procreer\/\"><span style=\"font-family: times new roman, times, serif; font-size: 14pt;\">http:\/\/blog.lesgrossesorchadeslesamplesthalameges.fr\/index.php\/les-femmes-derangees-et-debiles-devraient-elles-vraiment-procreer\/<\/span><\/a><em><br \/>\n<\/em><\/p>\n<p>&nbsp;<\/p>\n<p>&nbsp;<\/p>\n<p>&nbsp;<\/p>\n<p style=\"text-align: center;\"><a href=\"http:\/\/blog.lesgrossesorchadeslesamplesthalameges.fr\/index.php\/2022\/07\/06\/de-dieux-de-tabous-et-dempires-qui-seffondrent\/000-abortion-gif\/\" rel=\"attachment wp-att-19670\"><img loading=\"lazy\" class=\"alignnone wp-image-19670\" src=\"http:\/\/blog.lesgrossesorchadeslesamplesthalameges.fr\/wp-content\/uploads\/2022\/07\/000.-Abortion-GIF.gif\" alt=\"\" width=\"120\" height=\"140\" \/><\/a><\/p>\n<p>&nbsp;<\/p>\n<p>&nbsp;<\/p>\n<p>&nbsp;<\/p>\n<p style=\"text-align: right;\"><span style=\"font-family: comic sans ms, sans-serif; font-size: 14pt;\">Juillet 2022<\/span><\/p>\n<p>&nbsp;<\/p>\n<p>&nbsp;<\/p>\n","protected":false},"excerpt":{"rendered":"<p>&nbsp; &nbsp; &nbsp; &nbsp; &nbsp; &nbsp; &nbsp; &nbsp; &nbsp; Les femmes d\u00e9rang\u00e9es et d\u00e9biles devraient-elles vraiment procr\u00e9er ? \u00a0 &nbsp; Ilana Mercer \u2013 The UNZ Review \u2013 30.6.2022 &nbsp; \u00a0 Traduction : c.l. pour L.G.O. \u00a0 \u00a0 &nbsp; &nbsp; &nbsp; &nbsp; Le fait que la Cour supr\u00eame des \u00c9tats-Unis (SCOTUS) ait finalement rendu une d\u00e9cision&#8230;<\/p>\n","protected":false},"author":1,"featured_media":0,"parent":0,"menu_order":0,"comment_status":"open","ping_status":"open","template":"","meta":[],"_links":{"self":[{"href":"https:\/\/blog.lesgrossesorchadeslesamplesthalameges.fr\/index.php\/wp-json\/wp\/v2\/pages\/19716"}],"collection":[{"href":"https:\/\/blog.lesgrossesorchadeslesamplesthalameges.fr\/index.php\/wp-json\/wp\/v2\/pages"}],"about":[{"href":"https:\/\/blog.lesgrossesorchadeslesamplesthalameges.fr\/index.php\/wp-json\/wp\/v2\/types\/page"}],"author":[{"embeddable":true,"href":"https:\/\/blog.lesgrossesorchadeslesamplesthalameges.fr\/index.php\/wp-json\/wp\/v2\/users\/1"}],"replies":[{"embeddable":true,"href":"https:\/\/blog.lesgrossesorchadeslesamplesthalameges.fr\/index.php\/wp-json\/wp\/v2\/comments?post=19716"}],"version-history":[{"count":10,"href":"https:\/\/blog.lesgrossesorchadeslesamplesthalameges.fr\/index.php\/wp-json\/wp\/v2\/pages\/19716\/revisions"}],"predecessor-version":[{"id":19727,"href":"https:\/\/blog.lesgrossesorchadeslesamplesthalameges.fr\/index.php\/wp-json\/wp\/v2\/pages\/19716\/revisions\/19727"}],"wp:attachment":[{"href":"https:\/\/blog.lesgrossesorchadeslesamplesthalameges.fr\/index.php\/wp-json\/wp\/v2\/media?parent=19716"}],"curies":[{"name":"wp","href":"https:\/\/api.w.org\/{rel}","templated":true}]}}