{"id":19750,"date":"2022-07-09T18:27:28","date_gmt":"2022-07-09T16:27:28","guid":{"rendered":"http:\/\/blog.lesgrossesorchadeslesamplesthalameges.fr\/?page_id=19750"},"modified":"2022-07-09T18:28:59","modified_gmt":"2022-07-09T16:28:59","slug":"19750-2","status":"publish","type":"page","link":"https:\/\/blog.lesgrossesorchadeslesamplesthalameges.fr\/index.php\/19750-2\/","title":{"rendered":"Manifestations aux Pays-Bas et d\u00e9sinformation du quotidien \u00ab\u00a0La Libre\u00a0\u00bb"},"content":{"rendered":"<p>&nbsp;<\/p>\n<p>&nbsp;<\/p>\n<p>&nbsp;<\/p>\n<p>&nbsp;<\/p>\n<p>&nbsp;<\/p>\n<p>&nbsp;<\/p>\n<p>&nbsp;<\/p>\n<p>&nbsp;<\/p>\n<p><span style=\"font-family: times new roman, times, serif; font-size: 14pt;\"><strong>\u00a0<\/strong><\/span><\/p>\n<p style=\"text-align: center;\"><span style=\"font-family: times new roman, times, serif; font-size: 36pt;\"><strong>Manifestations aux Pays-Bas et d\u00e9sinformation du quotidien \u00ab\u00a0La Libre\u00a0\u00bb<\/strong><\/span><\/p>\n<p><span style=\"font-family: times new roman, times, serif; font-size: 14pt;\"><strong>\u00a0<\/strong><\/span><\/p>\n<p><span style=\"font-family: times new roman, times, serif; font-size: 14pt;\"><strong>\u00a0<\/strong><\/span><\/p>\n<p style=\"text-align: center;\"><span style=\"font-family: times new roman, times, serif; font-size: 18pt;\"><strong>Philippe Huysmans \u2013 <em>Le vilain petit canard<\/em> \u2013 7.7.2022<\/strong><\/span><\/p>\n<p>&nbsp;<\/p>\n<p>&nbsp;<\/p>\n<p>&nbsp;<\/p>\n<p style=\"text-align: center;\"><a href=\"http:\/\/blog.lesgrossesorchadeslesamplesthalameges.fr\/?attachment_id=19734\" rel=\"attachment wp-att-19734\"><img loading=\"lazy\" class=\"alignnone wp-image-19734 size-full\" src=\"http:\/\/blog.lesgrossesorchadeslesamplesthalameges.fr\/wp-content\/uploads\/2022\/07\/6.-Embouteillage-Hollande.jpg\" alt=\"\" width=\"600\" height=\"400\" srcset=\"https:\/\/blog.lesgrossesorchadeslesamplesthalameges.fr\/wp-content\/uploads\/2022\/07\/6.-Embouteillage-Hollande.jpg 600w, https:\/\/blog.lesgrossesorchadeslesamplesthalameges.fr\/wp-content\/uploads\/2022\/07\/6.-Embouteillage-Hollande-300x200.jpg 300w\" sizes=\"(max-width: 600px) 100vw, 600px\" \/><\/a><\/p>\n<p style=\"text-align: center;\"><span style=\"font-family: times new roman, times, serif; font-size: 18pt;\">Source : Twitter<\/span><\/p>\n<p>&nbsp;<\/p>\n<p>&nbsp;<\/p>\n<p>&nbsp;<\/p>\n<p style=\"text-align: justify;\"><strong><span style=\"font-family: tahoma, arial, helvetica, sans-serif; font-size: 14pt;\">La Libre, jamais en reste s\u2019agissant de d\u00e9sinformer m\u00e9ticuleusement la population, s\u2019est fendue d\u2019un article qui pourrait figurer dans les \u00e9coles de journalisme comme un mod\u00e8le du genre.\u00a0 Malheureusement pour eux, la sc\u00e8ne avait \u00e9t\u00e9 film\u00e9e par des passants, \u00e0 l\u2019aide d\u2019un t\u00e9l\u00e9phone portable.<\/span><\/strong><\/p>\n<p>&nbsp;<\/p>\n<p>&nbsp;<\/p>\n<p style=\"padding-left: 120px; text-align: left;\"><span style=\"font-family: times new roman, times, serif; font-size: 18pt;\"><strong>La police n\u00e9erlandaise ouvre le feu dans une manifestation d\u2019agriculteurs<\/strong><\/span><\/p>\n<p style=\"padding-left: 120px; text-align: justify;\"><span style=\"font-family: times new roman, times, serif; font-size: 14pt;\">Depuis plusieurs jours, le monde agricole manifeste sa col\u00e8re aux Pays-Bas.<\/span><\/p>\n<p style=\"padding-left: 120px; text-align: justify;\"><span style=\"font-family: times new roman, times, serif; font-size: 14pt;\">La police n\u00e9erlandaise a d\u00e9clar\u00e9 avoir tir\u00e9 mardi soir des coups de semonce, sans faire de bless\u00e9 mais touchant un tracteur, en marge d\u2019actions d\u2019agriculteurs contre un plan du gouvernement destin\u00e9 \u00e0 r\u00e9duire les \u00e9missions d\u2019azote.<\/span><\/p>\n<p style=\"padding-left: 120px; text-align: justify;\"><span style=\"font-family: times new roman, times, serif; font-size: 14pt;\">\u00ab\u00a0Vers 22H40 (2040 GMT), des conducteurs de tracteurs ont tent\u00e9 d\u2019entrer en collision avec des agents et des v\u00e9hicules de police\u00a0\u00bb, \u00e0 Heerenveen (Nord), a expliqu\u00e9 la police sur Twitter.<\/span><\/p>\n<p style=\"padding-left: 120px; text-align: justify;\"><span style=\"font-family: times new roman, times, serif; font-size: 14pt;\">\u00ab\u00a0Une situation mena\u00e7ante se pr\u00e9senta. Des coups de semonce ont \u00e9t\u00e9 tir\u00e9s et des coups cibl\u00e9s ont \u00e9t\u00e9 tir\u00e9s\u00a0\u00bb, a-t-elle ajout\u00e9.<\/span><\/p>\n<p style=\"padding-left: 120px; text-align: justify;\"><span style=\"font-family: times new roman, times, serif; font-size: 14pt;\">\u00ab\u00a0Un tracteur a \u00e9t\u00e9 touch\u00e9\u00a0\u00bb et trois personnes ont \u00e9t\u00e9 arr\u00eat\u00e9es, a-t-elle pr\u00e9cis\u00e9, ajoutant qu\u2019une enqu\u00eate ind\u00e9pendante avait \u00e9t\u00e9 ouverte sur les tirs de la police. <a href=\"https:\/\/archive.ph\/33NON#selection-1665.0-1681.163\">[Lire la suite]<\/a><\/span><\/p>\n<p>&nbsp;<\/p>\n<p>&nbsp;<\/p>\n<p><span style=\"font-family: times new roman, times, serif; font-size: 18pt;\"><strong>Alors nous commencerons par vous livrer la vid\u00e9o de cet \u00e9v\u00e9nement :<\/strong><\/span><\/p>\n<p>&nbsp;<\/p>\n<div style=\"width: 320px;\" class=\"wp-video\"><!--[if lt IE 9]><script>document.createElement('video');<\/script><![endif]-->\n<video class=\"wp-video-shortcode\" id=\"video-19750-1\" width=\"320\" height=\"586\" preload=\"metadata\" controls=\"controls\"><source type=\"video\/mp4\" src=\"http:\/\/blog.lesgrossesorchadeslesamplesthalameges.fr\/wp-content\/uploads\/2022\/07\/000.-PoliceTireABallesReelles.mp4?_=1\" \/><a href=\"http:\/\/blog.lesgrossesorchadeslesamplesthalameges.fr\/wp-content\/uploads\/2022\/07\/000.-PoliceTireABallesReelles.mp4\">http:\/\/blog.lesgrossesorchadeslesamplesthalameges.fr\/wp-content\/uploads\/2022\/07\/000.-PoliceTireABallesReelles.mp4<\/a><\/video><\/div>\n<p>&nbsp;<\/p>\n<p>&nbsp;<\/p>\n<p>&nbsp;<\/p>\n<p style=\"text-align: justify;\"><span style=\"font-family: times new roman, times, serif; font-size: 14pt;\">Donc comme \u00e7a, la police aurait <em>\u00ab\u00a0tir\u00e9 mardi soir des coups de semonce, sans faire de bless\u00e9 mais touchant un tracteur\u00a0\u00bb<\/em>.\u00a0Sauf qu\u2019il n\u2019y a aucun tir de semonce, seulement des tirs visant le tracteur.<\/span><\/p>\n<p style=\"text-align: justify;\"><span style=\"font-family: times new roman, times, serif; font-size: 14pt;\">Et \u00ab\u00a0<em>des conducteurs de tracteurs auraient tent\u00e9 d\u2019entrer en collision avec des agents et des v\u00e9hicules de police, \u00e0 Heerenveen (Nord), a expliqu\u00e9 la police sur Twitter<\/em>\u00a0<em>\u00bb<\/em>.\u00a0\u00a0Les images ne laissent la place \u00e0 aucun doute, les agents n\u2019ont \u00e9t\u00e9 menac\u00e9s \u00e0 aucun moment, le tracteur cherchait seulement \u00e0 leur \u00e9chapper.<\/span><\/p>\n<p style=\"text-align: justify;\"><span style=\"font-family: times new roman, times, serif; font-size: 14pt;\">Cette vid\u00e9o, largement diffus\u00e9e sur Twitter \u00e9tait bien entendu accessible aux petits propagandistes de la r\u00e9daction du quotidien qui ont pr\u00e9f\u00e9r\u00e9 (on les comprend) ne pas les diffuser, et nous servir une bonne grosse fake news dont ils ont le secret.<\/span><\/p>\n<p>&nbsp;<\/p>\n<p><span style=\"font-family: times new roman, times, serif; font-size: 18pt;\"><strong>En quoi ces images sont inqui\u00e9tantes<\/strong><\/span><\/p>\n<p style=\"text-align: justify;\"><span style=\"font-family: times new roman, times, serif; font-size: 14pt;\">C\u2019est d\u00e9j\u00e0 la troisi\u00e8me fois en quelques mois que la police n\u00e9erlandaise tire \u00e0 balles r\u00e9elles sur des manifestants pacifiques. Difficile de croire que ces flics ont agi dans la panique, et on commence \u00e0 r\u00e9aliser qu\u2019ils ont re\u00e7u des instructions en ce sens (faire \u00e9talage de violence). C\u2019est \u00e9videmment la recette d\u2019une catastrophe qui n\u2019attend que la date pour arriver, et il y aura des morts.\u00a0 Ce qui se passera ensuite risque d\u2019\u00eatre une escalade sanglante, les Hollandais \u00e9tant un peuple fier et visc\u00e9ralement attach\u00e9 \u00e0 un lib\u00e9ralisme pur et dur. Pas question de les priver de leur gagne-pain au titre de pseudo-r\u00e8gles \u00e9cologiques morticoles, et pas question de se laisser imposer la tyrannie. Ceux qui ont eu cette mauvaise id\u00e9e (et qui cr\u00e8chent probablement au Delaware) n\u2019ont apparemment aucune id\u00e9e de ce que sont les N\u00e9erlandais.<\/span><\/p>\n<p>&nbsp;<\/p>\n<p><span style=\"font-family: times new roman, times, serif; font-size: 14pt;\"><strong>Philippe Huysmans<\/strong><\/span><\/p>\n<p><a href=\"http:\/\/blog.lesgrossesorchadeslesamplesthalameges.fr\/index.php\/19750-2\/000-canard-gif\/\" rel=\"attachment wp-att-19752\"><img loading=\"lazy\" class=\"alignnone size-full wp-image-19752\" src=\"http:\/\/blog.lesgrossesorchadeslesamplesthalameges.fr\/wp-content\/uploads\/2022\/07\/000.-Canard.-GIF.gif\" alt=\"\" width=\"100\" height=\"100\" \/><\/a><\/p>\n<p><span style=\"font-family: times new roman, times, serif; font-size: 14pt;\">Webmaster du Vilain Petit Canard, citoyen de nationalit\u00e9 belge, mari\u00e9 et p\u00e8re de deux enfants. Je vis en Belgique et j\u2019exerce la profession d\u2019informaticien \u00e0 Bruxelles.<\/span><\/p>\n<p>&nbsp;<\/p>\n<p><span style=\"font-family: times new roman, times, serif; font-size: 14pt;\">Source : <a href=\"https:\/\/www.levilainpetitcanard.be\/manifestations-au-pays-bas-et-desinformation\/\">Manifestations au Pays-Bas et d\u00e9sinformation du quotidien \u00ab\u00a0La Libre\u00a0\u00bb \u2013 Le Vilain Petit Canard<\/a><\/span><\/p>\n<p>&nbsp;<\/p>\n<p style=\"text-align: left;\"><span style=\"font-family: times new roman, times, serif; font-size: 14pt;\"><strong>URL de cet article : <\/strong><a href=\"http:\/\/blog.lesgrossesorchadeslesamplesthalameges.fr\/index.php\/19750-2\/\">http:\/\/blog.lesgrossesorchadeslesamplesthalameges.fr\/index.php\/19750-2\/<\/a><strong><br \/>\n<\/strong><\/span><\/p>\n<p>&nbsp;<\/p>\n<p>&nbsp;<\/p>\n<p>&nbsp;<\/p>\n<p style=\"text-align: center;\"><a href=\"http:\/\/blog.lesgrossesorchadeslesamplesthalameges.fr\/?attachment_id=19733\" rel=\"attachment wp-att-19733\"><img loading=\"lazy\" class=\"alignnone size-full wp-image-19733\" src=\"http:\/\/blog.lesgrossesorchadeslesamplesthalameges.fr\/wp-content\/uploads\/2022\/07\/000.-dangerous-times.gif\" alt=\"\" width=\"70\" height=\"63\" \/><\/a><\/p>\n<p>&nbsp;<\/p>\n<p>&nbsp;<\/p>\n<p style=\"text-align: right;\"><span style=\"font-family: comic sans ms, sans-serif;\">Juillet 2022<\/span><\/p>\n<p>&nbsp;<\/p>\n<p>&nbsp;<\/p>\n","protected":false},"excerpt":{"rendered":"<p>&nbsp; &nbsp; &nbsp; &nbsp; &nbsp; &nbsp; &nbsp; &nbsp; \u00a0 Manifestations aux Pays-Bas et d\u00e9sinformation du quotidien \u00ab\u00a0La Libre\u00a0\u00bb \u00a0 \u00a0 Philippe Huysmans \u2013 Le vilain petit canard \u2013 7.7.2022 &nbsp; &nbsp; &nbsp; Source : Twitter &nbsp; &nbsp; &nbsp; La Libre, jamais en reste s\u2019agissant de d\u00e9sinformer m\u00e9ticuleusement la population, s\u2019est fendue d\u2019un article qui pourrait&#8230;<\/p>\n","protected":false},"author":1,"featured_media":0,"parent":0,"menu_order":0,"comment_status":"open","ping_status":"open","template":"","meta":[],"_links":{"self":[{"href":"https:\/\/blog.lesgrossesorchadeslesamplesthalameges.fr\/index.php\/wp-json\/wp\/v2\/pages\/19750"}],"collection":[{"href":"https:\/\/blog.lesgrossesorchadeslesamplesthalameges.fr\/index.php\/wp-json\/wp\/v2\/pages"}],"about":[{"href":"https:\/\/blog.lesgrossesorchadeslesamplesthalameges.fr\/index.php\/wp-json\/wp\/v2\/types\/page"}],"author":[{"embeddable":true,"href":"https:\/\/blog.lesgrossesorchadeslesamplesthalameges.fr\/index.php\/wp-json\/wp\/v2\/users\/1"}],"replies":[{"embeddable":true,"href":"https:\/\/blog.lesgrossesorchadeslesamplesthalameges.fr\/index.php\/wp-json\/wp\/v2\/comments?post=19750"}],"version-history":[{"count":6,"href":"https:\/\/blog.lesgrossesorchadeslesamplesthalameges.fr\/index.php\/wp-json\/wp\/v2\/pages\/19750\/revisions"}],"predecessor-version":[{"id":19758,"href":"https:\/\/blog.lesgrossesorchadeslesamplesthalameges.fr\/index.php\/wp-json\/wp\/v2\/pages\/19750\/revisions\/19758"}],"wp:attachment":[{"href":"https:\/\/blog.lesgrossesorchadeslesamplesthalameges.fr\/index.php\/wp-json\/wp\/v2\/media?parent=19750"}],"curies":[{"name":"wp","href":"https:\/\/api.w.org\/{rel}","templated":true}]}}