{"id":19797,"date":"2022-07-09T19:31:56","date_gmt":"2022-07-09T17:31:56","guid":{"rendered":"http:\/\/blog.lesgrossesorchadeslesamplesthalameges.fr\/?page_id=19797"},"modified":"2022-07-09T20:48:13","modified_gmt":"2022-07-09T18:48:13","slug":"craig-murray-boris-johnson-et-le-declin-du-royaume-uni","status":"publish","type":"page","link":"https:\/\/blog.lesgrossesorchadeslesamplesthalameges.fr\/index.php\/craig-murray-boris-johnson-et-le-declin-du-royaume-uni\/","title":{"rendered":"Craig Murray : Boris Johnson et le d\u00e9clin du Royaume-Uni"},"content":{"rendered":"<p>&nbsp;<\/p>\n<p>&nbsp;<\/p>\n<p>&nbsp;<\/p>\n<p>&nbsp;<\/p>\n<p>&nbsp;<\/p>\n<p>&nbsp;<\/p>\n<p>&nbsp;<\/p>\n<p>&nbsp;<\/p>\n<p>&nbsp;<\/p>\n<p style=\"text-align: center;\"><span style=\"font-family: times new roman, times, serif; font-size: 36pt;\"><strong>Craig Murray : Boris Johnson et le d\u00e9clin du Royaume-Uni<\/strong><\/span><\/p>\n<p style=\"text-align: center;\"><span style=\"font-family: times new roman, times, serif; font-size: 18pt;\"><strong>\u00a0<\/strong><\/span><\/p>\n<p>&nbsp;<\/p>\n<p style=\"text-align: center;\"><span style=\"font-family: times new roman, times, serif; font-size: 18pt;\"><strong>Craig Murray\u00a0 \u2013\u00a0 <\/strong><a href=\"http:\/\/www.informationclearinghouse.info\/\"><strong><em>I.C.H<\/em><\/strong><\/a><strong><em>.<\/em><\/strong><strong> \u2013 8.7.2022<\/strong><\/span><\/p>\n<p>&nbsp;<\/p>\n<p style=\"text-align: center;\"><span style=\"font-family: times new roman, times, serif; font-size: 18pt;\">Traduction :<strong> c.l. <\/strong>pour<strong> <em>L.G.O.<\/em><\/strong><\/span><\/p>\n<p style=\"text-align: center;\"><span style=\"font-family: times new roman, times, serif; font-size: 18pt;\"><strong>\u00a0<\/strong><\/span><\/p>\n<p>&nbsp;<\/p>\n<p style=\"text-align: justify;\"><span style=\"font-family: times new roman, times, serif; font-size: 14pt;\"><strong>\u00a0<\/strong><\/span><\/p>\n<p style=\"text-align: center;\"><span style=\"font-family: times new roman, times, serif; font-size: 14pt;\"><strong>\u00a0<a href=\"http:\/\/blog.lesgrossesorchadeslesamplesthalameges.fr\/index.php\/2022\/07\/09\/quand-les-trous-noirs-et-les-fake-volent-bas\/19-uk-decline\/\" rel=\"attachment wp-att-19743\"><img loading=\"lazy\" class=\"alignnone wp-image-19743 size-full\" src=\"http:\/\/blog.lesgrossesorchadeslesamplesthalameges.fr\/wp-content\/uploads\/2022\/07\/19.-UK-DECLINE.jpg\" alt=\"\" width=\"600\" height=\"381\" srcset=\"https:\/\/blog.lesgrossesorchadeslesamplesthalameges.fr\/wp-content\/uploads\/2022\/07\/19.-UK-DECLINE.jpg 600w, https:\/\/blog.lesgrossesorchadeslesamplesthalameges.fr\/wp-content\/uploads\/2022\/07\/19.-UK-DECLINE-300x191.jpg 300w\" sizes=\"(max-width: 600px) 100vw, 600px\" \/><\/a><\/strong><\/span><\/p>\n<p>&nbsp;<\/p>\n<p>&nbsp;<\/p>\n<p>&nbsp;<\/p>\n<p style=\"text-align: justify;\"><strong><span style=\"font-family: tahoma, arial, helvetica, sans-serif; font-size: 14pt;\">Tous les empires finissent dans l&rsquo;ignominie. Celui du Royaume-Uni touche \u00e0 sa fin.<\/span><\/strong><\/p>\n<p style=\"text-align: justify;\"><strong><span style=\"font-family: tahoma, arial, helvetica, sans-serif; font-size: 14pt;\">Dans un si\u00e8cle, le r\u00e9cit historique dominant sera chinois et les historiens chinois s&rsquo;interrogeront sur la fa\u00e7on dont un premier ministre, Boris Johnson, a \u00e9t\u00e9 d\u00e9mis de ses fonctions pour avoir menti sur ce qu&rsquo;il savait d\u2019un harc\u00e8lement sexuel commis par un membre tr\u00e8s subalterne de son gouvernement.<\/span><\/strong><\/p>\n<p>&nbsp;<\/p>\n<p style=\"text-align: justify;\"><span style=\"font-family: times new roman, times, serif; font-size: 14pt;\">De savants articles seront \u00e9crits pour tenter de d\u00e9terminer si cela en a \u00e9t\u00e9 la vraie cause ou si la crise socio-\u00e9conomique sous-jacente, provoqu\u00e9e par l&rsquo;inflation et le Brexit, en a \u00e9t\u00e9 le facteur v\u00e9ritablement d\u00e9terminant.<\/span><\/p>\n<p>&nbsp;<\/p>\n<p style=\"text-align: justify;\"><span style=\"font-family: times new roman, times, serif; font-size: 14pt;\">Des livres chinois (ou leur \u00e9quivalent technologique) seront \u00e9crits sur la crise du n\u00e9olib\u00e9ralisme et sur la mani\u00e8re dont la soci\u00e9t\u00e9 occidentale a atteint des niveaux insoutenables de concentration du capital et d&rsquo;in\u00e9galit\u00e9 des richesses.<\/span><\/p>\n<p>&nbsp;<\/p>\n<p style=\"text-align: justify;\"><span style=\"font-family: times new roman, times, serif; font-size: 14pt;\">Des milliers de pages ont \u00e9t\u00e9 noircies par les m\u00e9dias mainstream sur les mensonges et l\u2019immoralit\u00e9 personnelle de Johnson, mais tr\u00e8s peu d\u2019efforts s\u00e9rieux sont faits pour essayer de comprendre pourquoi, dans notre soci\u00e9t\u00e9, tant de gens tol\u00e8rent habituellement ce genre de choses. La r\u00e9ponse est que le n\u00e9olib\u00e9ralisme a r\u00e9ussi \u00e0 d\u00e9truire les valeurs soci\u00e9tales \u00e0 un point tel qu&rsquo;un comportement antisocial, voire sociopathe, ne d\u00e9range plus personne.<\/span><\/p>\n<p>&nbsp;<\/p>\n<p style=\"text-align: justify;\"><span style=\"font-family: times new roman, times, serif; font-size: 14pt;\">Dans une soci\u00e9t\u00e9 o\u00f9 l&rsquo;autorit\u00e9 tol\u00e8re, et m\u00eame construit un syst\u00e8me permettant des fortunes personnelles de 200 milliards de dollars ou plus, pendant que des millions d&rsquo;enfants, dans le m\u00eame pays, souffrent \u00a0v\u00e9ritablement de la faim et sont mal log\u00e9s, quelles valeurs la structure sociopolitique veut-elle qu\u2019aient les gens ? Quelle valeur accorde-t-on \u00e0 l&#8217;empathie ? L&rsquo;ambition impitoyable et l&rsquo;accaparement sans frein des ressources sont applaudis, encourag\u00e9s et tenus pour le mod\u00e8le \u00e0 suivre.<\/span><\/p>\n<p>&nbsp;<\/p>\n<p style=\"text-align: justify;\"><span style=\"font-family: times new roman, times, serif; font-size: 14pt;\">De plus en plus, soit vous faites partie de l&rsquo;\u00e9lite, soit vous avez du mal \u00e0 vous en sortir.<\/span><\/p>\n<p>&nbsp;<\/p>\n<p style=\"text-align: justify;\"><span style=\"font-family: times new roman, times, serif; font-size: 14pt;\">Au Royaume-Uni, le r\u00eave thatch\u00e9rien de la propri\u00e9t\u00e9 de masse est tout \u00e0 coup annul\u00e9. La mobilit\u00e9 sociale et la m\u00e9ritocratie, qui \u00e9taient des possibilit\u00e9s de promotion sociale \u00e0 grande \u00e9chelle pour beaucoup de monde, se transforment en <a href=\"https:\/\/fr.wikipedia.org\/wiki\/Hunger_Games_(film)\"><em>Hunger Games<\/em><\/a>. Quand un grand nombre de jeunes consid\u00e8rent que leur meilleure chance d&rsquo;acc\u00e9der au confort financier est de participer \u00e0 \u00ab\u00a0Love Island\u00a0\u00bb, pourquoi voudriez-vous qu&rsquo;ils soient \u00e9coeur\u00e9s par le fait que Johnson avait des liaisons multiples alors que sa femme luttait contre le cancer ?<\/span><\/p>\n<p>&nbsp;<\/p>\n<p style=\"text-align: justify;\"><span style=\"font-family: times new roman, times, serif; font-size: 14pt;\">Johnson est explicitement un adepte de la th\u00e9orie du grand homme de l&rsquo;histoire.<span style=\"font-size: 18pt;\">*<\/span> Mais en r\u00e9alit\u00e9, sa surprenante carri\u00e8re politique n&rsquo;est en soi qu&rsquo;un sympt\u00f4me du d\u00e9clin du Royaume-Un : de grande puissance imp\u00e9riale \u00e0 l\u2019\u00e9clatement de la m\u00e9tropole (ce dernier avatar a bien s\u00fbr commenc\u00e9 \u00e0 prendre formellement effet en 1921).<\/span><\/p>\n<p>&nbsp;<\/p>\n<p style=\"text-align: justify;\"><span style=\"font-family: times new roman, times, serif; font-size: 14pt;\">Le Brexit n&rsquo;a \u00e9t\u00e9 qu&rsquo;une convulsion, le Royaume-Uni traversant le traumatisme psychologique de l&rsquo;acceptation de son changement de statut de grande puissance \u00e0 celui d&rsquo;\u00c9tat europ\u00e9en raisonnablement senior. Il y aurait un grand trait\u00e9 \u00e0 \u00e9crire l\u00e0-dessus et sur la vague de nationalisme anglais populiste qui en a r\u00e9sult\u00e9.<\/span><\/p>\n<p>&nbsp;<\/p>\n<p style=\"text-align: justify;\"><span style=\"font-family: times new roman, times, serif; font-size: 14pt;\">Qui n&rsquo;a remarqu\u00e9 l&rsquo;utilisation constante que font les <em>Tories<\/em> de l&rsquo;expression \u00ab leader mondial \u00bb dans des circonstances risibles ; le fait qu&rsquo;hier encore, Keir Starmer, chef de l&rsquo;opposition, se soit senti oblig\u00e9 de commenter la chute du gouvernement entre trois Union Jacks ; le militarisme constant et la f\u00e9tichisation des forces arm\u00e9es \u00e0 la t\u00e9l\u00e9vision, et le d\u00e9sir de la gloire obtenue par procuration en \u00ab participant \u00bb \u00e0 une grande guerre jusqu&rsquo;\u00e0 la derni\u00e8re goutte \u00a0de sang ukrainien.<\/span><\/p>\n<p>&nbsp;<\/p>\n<p style=\"text-align: justify;\"><span style=\"font-family: times new roman, times, serif; font-size: 14pt;\">La\u00a0<a href=\"https:\/\/boris-johnson-lies.com\/\">compilation<\/a> m\u00e9ticuleuse des mensonges de Johnson, par Peter Oborne, montre \u00e0 quel point il est \u00e9trange que la crise survienne \u00e0 propos d&rsquo;un mensonge relativement mineur sur la connaissance d&rsquo;un comportement sexuel r\u00e9pr\u00e9hensible dans lequel Johnson n&rsquo;\u00e9tait pour une fois pas personnellement impliqu\u00e9. Mais il est tout \u00e0 fait faux de penser que Johnson soit un cas unique. Le merveilleux livre d&rsquo;Oborne, <a href=\"https:\/\/www.hive.co.uk\/Product\/Peter-Oborne\/The-Rise-of-Political-Lying\/16407869\"><em>The Rise of Political Lying<\/em><\/a>, ne laisse rien ignorer de l&rsquo;attaque massive perp\u00e9tr\u00e9e contre les normes gouvernementales par le charlatan Tony Blair, ancien premier ministre.<\/span><\/p>\n<p>&nbsp;<\/p>\n<p style=\"text-align: justify;\"><span style=\"font-family: times new roman, times, serif; font-size: 14pt;\">Johnson n\u2019est qu\u2019une partie d&rsquo;un processus g\u00e9n\u00e9ral. Au fur et \u00e0 mesure que la puissance d&rsquo;un Empire se d\u00e9sint\u00e8gre, ses m\u0153urs se d\u00e9sint\u00e8grent aussi. Depuis la deuxi\u00e8me guerre mondiale, plus de 60 \u00e9tats sont devenus ind\u00e9pendants du pouvoir britannique. Les parties roses de la carte (\u00ab cette colonie est l&rsquo;origine de votre tapioca \u00bb) qu&rsquo;ils me montraient si fi\u00e8rement \u00e0 l&rsquo;\u00e9cole primaire ont r\u00e9tr\u00e9ci, r\u00e9tr\u00e9ci et r\u00e9tr\u00e9ci encore. Dieu merci, on n&rsquo;apprend plus aux enfants \u00e0 chanter \u00ab De l&rsquo;autre c\u00f4t\u00e9 de la mer, il y a des petits enfants bruns \u00bb qui doivent \u00eatre convertis (on m&rsquo;a vraiment appris \u00e7a, je n&rsquo;invente rien).<\/span><\/p>\n<p>&nbsp;<\/p>\n<p style=\"text-align: justify;\"><span style=\"font-family: times new roman, times, serif; font-size: 14pt;\">\u00c0 mesure que la puissance militaire, \u00e9conomique et politique du Royaume-Uni s&rsquo;effondrait, ses m\u0153urs politiques l\u2019ont fait aussi, que ce soit pour le meilleur ou pour le pire. Johnson n&rsquo;est qu&rsquo;un \u00e9tron d\u00e9f\u00e9qu\u00e9 au sommet de l&rsquo;\u00e9gout d\u00e9bordant du d\u00e9clin britannique.<\/span><\/p>\n<p>&nbsp;<\/p>\n<p style=\"text-align: justify;\"><span style=\"font-family: times new roman, times, serif; font-size: 14pt;\">Chacun des 60 \u00e9tats qui se sont soustraits \u00e0 la domination britannique a \u00e9t\u00e9 averti qu&rsquo;il aurait du mal \u00e0 s\u2019en sortir sans le Royaume-Uni. Aucun n&rsquo;a jamais voulu revenir au Dominion. \u00c9cossais mes compatriotes, souvenez-vous en.<\/span><\/p>\n<p>&nbsp;<\/p>\n<p style=\"text-align: justify;\"><span style=\"font-family: times new roman, times, serif; font-size: 14pt;\">Je tiens \u00e9galement \u00e0 pr\u00e9ciser \u00e0 mes lecteurs anglais &#8211; et n&rsquo;oubliez pas que je suis \u00e0 moiti\u00e9 anglais moi-m\u00eame &#8211; que je crois sinc\u00e8rement que l&rsquo;\u00e9clatement de l&rsquo;union britannique hautement artificielle sera tr\u00e8s b\u00e9n\u00e9fique pour l&rsquo;Angleterre. L&rsquo;ind\u00e9pendance de l&rsquo;\u00c9cosse et la r\u00e9unification de l&rsquo;Irlande sont pour bient\u00f4t. L&rsquo;ind\u00e9pendance du Pays de Galles acquiert de plus en plus d&rsquo;adeptes.<\/span><\/p>\n<p>&nbsp;<\/p>\n<p style=\"text-align: justify;\"><span style=\"font-family: times new roman, times, serif; font-size: 14pt;\">Il faudra l&rsquo;\u00e9clatement du Royaume-Uni pour \u00e9branler la nostalgie de puissance et le patriotisme imb\u00e9cile qui sont pour une si grande part \u00e0 la base du soutien aux Tories \u2013 et \u00e0 d&rsquo;autres f\u00e9tichistes de droite de l&rsquo;Union Jack comme Starmer.<\/span><\/p>\n<p>&nbsp;<\/p>\n<p style=\"text-align: justify;\"><span style=\"font-family: times new roman, times, serif; font-size: 14pt;\">Seul le choc de la fin formelle de l&rsquo;\u00c9tat britannique pr\u00e9cipitera le changement psychologique n\u00e9cessaire pour que l&rsquo;Angleterre devienne un \u00e9tat europ\u00e9en moderne, tourn\u00e9 vers l&rsquo;avenir, de rang interm\u00e9diaire et soucieux de l&rsquo;\u00e9quit\u00e9 int\u00e9rieure et internationale.<\/span><\/p>\n<p>&nbsp;<\/p>\n<p style=\"text-align: justify;\"><span style=\"font-family: times new roman, times, serif; font-size: 14pt;\">Le Royaume-Uni est en remous sociopolitiques depuis 2016 et il entre \u00e0 pr\u00e9sent dans une profonde crise \u00e9conomique. Ces jours-ci sont \u00ab la fin des temps \u00bb du Royaume-Uni. R\u00e9jouissez-vous-en !<\/span><\/p>\n<p>&nbsp;<\/p>\n<p style=\"text-align: justify;\"><span style=\"font-family: times new roman, times, serif; font-size: 14pt;\">Je laisserai le dernier mot \u00e0 ce grand radical de Percy Bysshe Shelley :<\/span><\/p>\n<p>&nbsp;<\/p>\n<p>&nbsp;<\/p>\n<p>&nbsp;<\/p>\n<p style=\"text-align: center;\"><a href=\"http:\/\/blog.lesgrossesorchadeslesamplesthalameges.fr\/index.php\/craig-murray-boris-johnson-et-le-declin-du-royaume-uni\/20-shelley\/\" rel=\"attachment wp-att-19803\"><img loading=\"lazy\" class=\"alignnone wp-image-19803 size-full\" src=\"http:\/\/blog.lesgrossesorchadeslesamplesthalameges.fr\/wp-content\/uploads\/2022\/07\/20.-Shelley.png\" alt=\"\" width=\"574\" height=\"668\" srcset=\"https:\/\/blog.lesgrossesorchadeslesamplesthalameges.fr\/wp-content\/uploads\/2022\/07\/20.-Shelley.png 574w, https:\/\/blog.lesgrossesorchadeslesamplesthalameges.fr\/wp-content\/uploads\/2022\/07\/20.-Shelley-258x300.png 258w\" sizes=\"(max-width: 574px) 100vw, 574px\" \/><\/a><\/p>\n<p>&nbsp;<\/p>\n<p>&nbsp;<\/p>\n<p style=\"text-align: justify; padding-left: 280px;\"><span style=\"font-family: times new roman, times, serif; font-size: 14pt;\"><strong><em>\u00ab<\/em><\/strong><a href=\"https:\/\/fr.wikipedia.org\/wiki\/Ozymandias_(Percy_Bysshe_Shelley)\"><strong><em>\u00a0Ozymandias<\/em><\/strong><\/a><\/span><\/p>\n<p style=\"text-align: justify; padding-left: 280px;\"><span style=\"font-family: times new roman, times, serif; font-size: 14pt;\">J\u2019ai rencontr\u00e9 un voyageur de retour d\u2019une terre antique<\/span><br \/>\n<span style=\"font-family: times new roman, times, serif; font-size: 14pt;\">Qui m&rsquo;a dit\u00a0: \u00ab\u202fDeux jambes de pierre immenses et d\u00e9pourvues de buste<\/span><br \/>\n<span style=\"font-family: times new roman, times, serif; font-size: 14pt;\">Se dressent dans le d\u00e9sert. Pr\u00e8s d\u2019elles, sur le sable,<\/span><br \/>\n<span style=\"font-family: times new roman, times, serif; font-size: 14pt;\">\u00c0 moiti\u00e9 enfoui, g\u00eet un visage bris\u00e9 dont le sourcil fronc\u00e9,<\/span><\/p>\n<p style=\"padding-left: 280px;\"><span style=\"font-family: times new roman, times, serif; font-size: 14pt;\">La l\u00e8vre pliss\u00e9e et le rictus de froide autorit\u00e9<\/span><br \/>\n<span style=\"font-family: times new roman, times, serif; font-size: 14pt;\">Disent que son sculpteur sut lire les passions<\/span><br \/>\n<span style=\"font-family: times new roman, times, serif; font-size: 14pt;\">Qui survivent encore dans ces objets sans vie<\/span><br \/>\n<span style=\"font-family: times new roman, times, serif; font-size: 14pt;\">\u00c0 la main qui les imita et au c\u0153ur qui les nourrit.<\/span><\/p>\n<p style=\"padding-left: 280px;\"><span style=\"font-family: times new roman, times, serif; font-size: 14pt;\">Et sur le pi\u00e9destal apparaissent ces mots\u00a0:<\/span><br \/>\n<span style=\"font-family: times new roman, times, serif; font-size: 14pt;\">\u00ab\u202fMon nom est Ozymandias, Roi des Rois.<\/span><br \/>\n<span style=\"font-family: times new roman, times, serif; font-size: 14pt;\">Voyez mon \u0153uvre, \u00f4 puissants, et d\u00e9sesp\u00e9rez\u202f!\u202f\u00bb<\/span><\/p>\n<p style=\"padding-left: 280px;\"><span style=\"font-family: times new roman, times, serif; font-size: 14pt;\">Aupr\u00e8s, rien ne demeure. Autour des ruines<\/span><br \/>\n<span style=\"font-family: times new roman, times, serif; font-size: 14pt;\">De cette colossale \u00e9pave, infinis et nus,<\/span><br \/>\n<span style=\"font-family: times new roman, times, serif; font-size: 14pt;\">Les sables monotones et solitaires s\u2019\u00e9tendent au loin.\u202f\u00bb<\/span><\/p>\n<p>&nbsp;<\/p>\n<p style=\"text-align: justify;\"><span style=\"font-family: times new roman, times, serif; font-size: 14pt;\">\u00ad\u00ad\u00ad\u00ad<strong>______________\u00a0\u00a0 <\/strong><\/span><\/p>\n<p style=\"text-align: justify;\"><span style=\"font-family: times new roman, times, serif; font-size: 14pt;\"><span style=\"font-size: 18pt;\">*<\/span>\u00ab\u00a0Johnson est explicitement un adepte de la th\u00e9orie du grand homme de l&rsquo;histoire\u00a0\u00bb\u2026 <\/span><\/p>\n<p style=\"text-align: justify;\"><span style=\"font-family: times new roman, times, serif; font-size: 14pt;\"><span style=\"font-family: comic sans ms, sans-serif;\">Churchill\u00a0? Dans l\u2019esprit de Johnson, s\u00fbrement.<\/span><\/span><\/p>\n<p style=\"text-align: justify;\"><span style=\"font-family: comic sans ms, sans-serif; font-size: 14pt;\">Faux grand homme\u00a0? Assur\u00e9ment.<\/span><\/p>\n<p style=\"text-align: justify;\"><span style=\"font-family: comic sans ms, sans-serif; font-size: 14pt;\">Mais ce n\u2019est pas, h\u00e9las, le dernier article de Nicolas Bonnal qui aidera quiconque \u00e0 comprendre pourquoi. [NdT]<\/span><\/p>\n<p style=\"text-align: justify;\"><span style=\"font-family: times new roman, times, serif; font-size: 14pt;\"><em>\u00a0<\/em><\/span><\/p>\n<p>&nbsp;<\/p>\n<p>&nbsp;<\/p>\n<p><a href=\"http:\/\/blog.lesgrossesorchadeslesamplesthalameges.fr\/index.php\/craig-murray-boris-johnson-et-le-declin-du-royaume-uni\/21-craig-murray\/\" rel=\"attachment wp-att-19802\"><img loading=\"lazy\" class=\"alignnone size-full wp-image-19802\" src=\"http:\/\/blog.lesgrossesorchadeslesamplesthalameges.fr\/wp-content\/uploads\/2022\/07\/21.-craig-murray.jpg\" alt=\"\" width=\"200\" height=\"300\" \/><\/a><\/p>\n<p style=\"text-align: justify;\"><span style=\"font-family: times new roman, times, serif; font-size: 14pt;\">Craig Murray est un auteur, un homme de m\u00e9dias et un militant des droits de l&rsquo;homme. Il a \u00e9t\u00e9 ambassadeur britannique en Ouzb\u00e9kistan d&rsquo;ao\u00fbt 2002 \u00e0 octobre 2004 et recteur de l&rsquo;universit\u00e9 de Dundee de 2007 \u00e0 2010. Son site est enti\u00e8rement d\u00e9pendant du soutien de ses lecteurs. Les abonnements permettant de maintenir ce blog en activit\u00e9 <a href=\"https:\/\/www.craigmurray.org.uk\/support-this-website\/\"><strong>sont les bienvenus.<\/strong><\/a><\/span><\/p>\n<p style=\"text-align: justify;\"><span style=\"font-family: times new roman, times, serif; font-size: 14pt;\"><strong>\u00a0<\/strong><\/span><\/p>\n<p style=\"text-align: justify;\"><span style=\"font-family: times new roman, times, serif; font-size: 18pt; color: #c00000;\"><strong>Pri\u00e8re de noter ceci\u00a0svp\u00a0:<\/strong><\/span><\/p>\n<p style=\"text-align: justify;\"><span style=\"font-family: times new roman, times, serif; font-size: 14pt;\">Changement de politique sur ce blog.<\/span><\/p>\n<p style=\"text-align: justify;\"><span style=\"font-family: times new roman, times, serif; font-size: 14pt;\">Depuis plus de treize ans maintenant, il a fonctionn\u00e9 sans accepter de dons, \u00e0 l&rsquo;exception de fonds juridiques occasionnels. Il a maintenant atteint une taille et un co\u00fbt, notamment en raison des attaques continuelles, qui rendent les revenus essentiels. La n\u00e9cessit\u00e9 de gagner ma vie a entra\u00een\u00e9 la fermeture du blog pendant pr\u00e8s de cinq mois l&rsquo;ann\u00e9e derni\u00e8re, et ces six derni\u00e8res semaines, ce journalisme m&rsquo;a emp\u00each\u00e9 de faire autre chose pour payer le loyer. Donc, avec une certaine fiert\u00e9 raval\u00e9e, voici votre chance de vous abonner :<\/span><\/p>\n<p>&nbsp;<\/p>\n<p style=\"text-align: center;\"><a href=\"http:\/\/blog.lesgrossesorchadeslesamplesthalameges.fr\/index.php\/craig-murray-boris-johnson-et-le-declin-du-royaume-uni\/000-freccia-nera-piccola-xx-43\/\" rel=\"attachment wp-att-19804\"><img loading=\"lazy\" class=\"alignnone size-full wp-image-19804\" src=\"http:\/\/blog.lesgrossesorchadeslesamplesthalameges.fr\/wp-content\/uploads\/2022\/07\/000.-freccia-nera-piccola-xx.gif\" alt=\"\" width=\"46\" height=\"46\" \/><\/a><\/p>\n<p style=\"text-align: center;\"><span style=\"font-family: times new roman, times, serif; font-size: 14pt;\"><a href=\"https:\/\/www.craigmurray.org.uk\/support-this-website\/\"><strong>https:\/\/www.craigmurray.org.uk\/support-this-website\/<\/strong><\/a><\/span><\/p>\n<p style=\"text-align: justify;\"><span style=\"font-family: times new roman, times, serif; font-size: 14pt;\"><strong>\u00a0<\/strong><\/span><\/p>\n<p style=\"text-align: justify;\"><span style=\"font-family: times new roman, times, serif; font-size: 14pt;\"><strong>\u00a0<\/strong><\/span><\/p>\n<p style=\"text-align: left;\"><span style=\"font-family: times new roman, times, serif; font-size: 14pt;\"><strong>URL de cet article :\u00a0 <\/strong><a href=\"http:\/\/blog.lesgrossesorchadeslesamplesthalameges.fr\/index.php\/craig-murray-boris-johnson-et-le-declin-du-royaume-uni\/\">http:\/\/blog.lesgrossesorchadeslesamplesthalameges.fr\/index.php\/craig-murray-boris-johnson-et-le-declin-du-royaume-uni\/<\/a><strong><br \/>\n<\/strong><\/span><\/p>\n<p style=\"text-align: justify;\"><span style=\"font-family: times new roman, times, serif; font-size: 14pt;\"><strong>\u00a0<\/strong><\/span><\/p>\n<p>&nbsp;<\/p>\n<p style=\"text-align: center;\"><strong>\u00a0<a href=\"http:\/\/blog.lesgrossesorchadeslesamplesthalameges.fr\/index.php\/2022\/07\/09\/quand-les-trous-noirs-et-les-fake-volent-bas\/000-dangerous-times-17\/\" rel=\"attachment wp-att-19733\"><img loading=\"lazy\" class=\"alignnone size-full wp-image-19733\" src=\"http:\/\/blog.lesgrossesorchadeslesamplesthalameges.fr\/wp-content\/uploads\/2022\/07\/000.-dangerous-times.gif\" alt=\"\" width=\"70\" height=\"63\" \/><\/a><\/strong><\/p>\n<p><strong>\u00a0<\/strong><\/p>\n<p><strong>\u00a0<\/strong><\/p>\n<p style=\"text-align: right;\"><span style=\"font-family: comic sans ms, sans-serif; font-size: 14pt;\">Juillet 2022<\/span><\/p>\n<p>&nbsp;<\/p>\n<p>&nbsp;<\/p>\n","protected":false},"excerpt":{"rendered":"<p>&nbsp; &nbsp; &nbsp; &nbsp; &nbsp; &nbsp; &nbsp; &nbsp; &nbsp; Craig Murray : Boris Johnson et le d\u00e9clin du Royaume-Uni \u00a0 &nbsp; Craig Murray\u00a0 \u2013\u00a0 I.C.H. \u2013 8.7.2022 &nbsp; Traduction : c.l. pour L.G.O. \u00a0 &nbsp; \u00a0 \u00a0 &nbsp; &nbsp; &nbsp; Tous les empires finissent dans l&rsquo;ignominie. Celui du Royaume-Uni touche \u00e0 sa fin. Dans un&#8230;<\/p>\n","protected":false},"author":1,"featured_media":0,"parent":0,"menu_order":0,"comment_status":"open","ping_status":"open","template":"","meta":[],"_links":{"self":[{"href":"https:\/\/blog.lesgrossesorchadeslesamplesthalameges.fr\/index.php\/wp-json\/wp\/v2\/pages\/19797"}],"collection":[{"href":"https:\/\/blog.lesgrossesorchadeslesamplesthalameges.fr\/index.php\/wp-json\/wp\/v2\/pages"}],"about":[{"href":"https:\/\/blog.lesgrossesorchadeslesamplesthalameges.fr\/index.php\/wp-json\/wp\/v2\/types\/page"}],"author":[{"embeddable":true,"href":"https:\/\/blog.lesgrossesorchadeslesamplesthalameges.fr\/index.php\/wp-json\/wp\/v2\/users\/1"}],"replies":[{"embeddable":true,"href":"https:\/\/blog.lesgrossesorchadeslesamplesthalameges.fr\/index.php\/wp-json\/wp\/v2\/comments?post=19797"}],"version-history":[{"count":16,"href":"https:\/\/blog.lesgrossesorchadeslesamplesthalameges.fr\/index.php\/wp-json\/wp\/v2\/pages\/19797\/revisions"}],"predecessor-version":[{"id":19819,"href":"https:\/\/blog.lesgrossesorchadeslesamplesthalameges.fr\/index.php\/wp-json\/wp\/v2\/pages\/19797\/revisions\/19819"}],"wp:attachment":[{"href":"https:\/\/blog.lesgrossesorchadeslesamplesthalameges.fr\/index.php\/wp-json\/wp\/v2\/media?parent=19797"}],"curies":[{"name":"wp","href":"https:\/\/api.w.org\/{rel}","templated":true}]}}