{"id":19897,"date":"2022-07-20T16:47:01","date_gmt":"2022-07-20T14:47:01","guid":{"rendered":"http:\/\/blog.lesgrossesorchadeslesamplesthalameges.fr\/?page_id=19897"},"modified":"2022-07-20T16:48:38","modified_gmt":"2022-07-20T14:48:38","slug":"shinzo-abe-un-visionnaire-controverse","status":"publish","type":"page","link":"https:\/\/blog.lesgrossesorchadeslesamplesthalameges.fr\/index.php\/shinzo-abe-un-visionnaire-controverse\/","title":{"rendered":"Shinzo Abe : Un visionnaire controvers\u00e9"},"content":{"rendered":"<p>&nbsp;<\/p>\n<p>&nbsp;<\/p>\n<p>&nbsp;<\/p>\n<p>&nbsp;<\/p>\n<p>&nbsp;<\/p>\n<p>&nbsp;<\/p>\n<p>&nbsp;<\/p>\n<p>&nbsp;<\/p>\n<p>&nbsp;<\/p>\n<p style=\"text-align: center;\"><span style=\"font-family: times new roman, times, serif; font-size: 36pt;\"><strong>Shinzo Abe : Un visionnaire controvers\u00e9<\/strong><\/span><\/p>\n<p>&nbsp;<\/p>\n<p>&nbsp;<\/p>\n<p style=\"text-align: center;\"><span style=\"font-family: times new roman, times, serif; font-size: 14pt;\"><span style=\"font-size: 18pt;\"><a href=\"https:\/\/www.investigaction.net\/fr\/author\/m-k-bhadrakumar\/\"><strong> M. <\/strong><\/a><strong><a href=\"https:\/\/www.investigaction.net\/fr\/author\/m-k-bhadrakumar\/\">K.<\/a> Bhadrakumar<\/strong><strong> \u2013 <em>Investig\u2019action<\/em> \u2013 11.7.2022<\/strong><\/span><\/span><\/p>\n<p>&nbsp;<\/p>\n<p>&nbsp;<\/p>\n<p>&nbsp;<\/p>\n<p style=\"text-align: center;\"><a href=\"http:\/\/blog.lesgrossesorchadeslesamplesthalameges.fr\/?attachment_id=19879\" rel=\"attachment wp-att-19879\"><img loading=\"lazy\" class=\"alignnone wp-image-19879\" src=\"http:\/\/blog.lesgrossesorchadeslesamplesthalameges.fr\/wp-content\/uploads\/2022\/07\/7.-Shinzo-Abe-300x200.jpg\" alt=\"\" width=\"600\" height=\"400\" srcset=\"https:\/\/blog.lesgrossesorchadeslesamplesthalameges.fr\/wp-content\/uploads\/2022\/07\/7.-Shinzo-Abe-300x200.jpg 300w, https:\/\/blog.lesgrossesorchadeslesamplesthalameges.fr\/wp-content\/uploads\/2022\/07\/7.-Shinzo-Abe.jpg 500w\" sizes=\"(max-width: 600px) 100vw, 600px\" \/><\/a><\/p>\n<p>&nbsp;<\/p>\n<p>&nbsp;<\/p>\n<p>&nbsp;<\/p>\n<p style=\"text-align: justify;\"><span style=\"font-family: tahoma, arial, helvetica, sans-serif; font-size: 14pt;\"><strong>Les circonstances tragiques de la mort de Shinzo Abe ne doivent pas transformer les n\u00e9crologies en \u00e9loges fun\u00e8bres, explique M.K. Bhadrakumar. Il rappelle en effet que l\u2019ancien Premier ministre japonais avait modifi\u00e9 la Constitution sans consultation populaire pour rompre avec la tradition pacifiste qui pr\u00e9valait depuis la Seconde Guerre mondiale. Abe \u00e9tait \u00e9galement un fervent partisan de l\u2019expansion de l\u2019OTAN en Asie. Le tout dans un contexte de tensions croissantes avec la Chine. Ce qui ne l\u2019emp\u00eachait pas de jouer sur plusieurs tableaux\u2026\u00a0 (IGA)<\/strong><\/span><\/p>\n<p>&nbsp;<\/p>\n<p style=\"text-align: justify;\"><span style=\"font-family: times new roman, times, serif; font-size: 14pt;\">Lorsque des hommes politiques meurent, surtout s\u2019il s\u2019agit d\u2019une mort pr\u00e9matur\u00e9e dans des circonstances tragiques, les n\u00e9crologies ont tendance \u00e0 en faire trop. Le sens des perspectives se perd lorsque les n\u00e9crologies deviennent des \u00e9loges fun\u00e8bres. Mais on ne peut pas falsifier l\u2019Histoire. Et en derni\u00e8re analyse, ce sont bien les forces de l\u2019Histoire qui \u00e9crivent le cours de la politique plut\u00f4t que les individus. C\u2019est un fait, le Japon a un pass\u00e9 macabre, un pass\u00e9 imp\u00e9rial sanglant et brutal.<\/span><\/p>\n<p>&nbsp;<\/p>\n<p style=\"text-align: justify;\"><span style=\"font-family: times new roman, times, serif; font-size: 14pt;\">Presque tous les voisins du Japon ont pay\u00e9 le prix fort pour ses ambitions h\u00e9g\u00e9monistes et sa soif de conqu\u00eates territoriales. Le grand-p\u00e8re de Shinzo Abe, qui a fond\u00e9 le parti au pouvoir au Japon, \u00e9tait lui-m\u00eame un criminel de guerre.<\/span><\/p>\n<p>&nbsp;<\/p>\n<p style=\"text-align: justify;\"><span style=\"font-family: times new roman, times, serif; font-size: 14pt;\">\u00c0 l\u2019encontre des peuples conquis, notamment les peuples cor\u00e9en et chinois, le Japon a commis des crimes innommables, m\u00eame selon les normes du colonialisme. Par cons\u00e9quent, lorsque l\u2019h\u00e9ritage d\u2019Abe sera \u00e9valu\u00e9 de mani\u00e8re impartiale \u2013 \u00e7a finira par arriver un jour \u2013 ce qui pourrait bien ressortir comme sa contribution la plus remarquable, c\u2019est qu\u2019il a sommairement retourn\u00e9 le Japon \u00ab\u00a0pacifiste\u00a0\u00bb et l\u2019a ramen\u00e9 malgr\u00e9 lui \u00e0 son pass\u00e9 \u00ab\u00a0militariste\u00a0\u00bb. Cela ne fait aucun doute.<\/span><\/p>\n<p>&nbsp;<\/p>\n<p style=\"text-align: justify;\"><span style=\"font-family: times new roman, times, serif; font-size: 14pt;\">Quelles seront les r\u00e9percussions politiques en Asie et sur l\u2019\u00e9conomie du Japon \u00e0 moyen et long terme? Pour l\u2019heure, la question reste en suspens de mani\u00e8re troublante. De fait, Abe n\u2019a pas cherch\u00e9 \u00e0 avoir le soutien de ses concitoyens pour modifier la Constitution, il craignait que la nation n\u2019adh\u00e8re pas \u00e0 son programme.<\/span><\/p>\n<p>&nbsp;<\/p>\n<p style=\"text-align: justify;\"><span style=\"font-family: times new roman, times, serif; font-size: 14pt;\">Nous ne savons pas ce qui a pouss\u00e9 le jeune assassin \u00e0 commettre un crime aussi abominable, mais le fait qu\u2019il se soit rendu sugg\u00e8re qu\u2019il \u00e9tait un homme aux convictions fortes et que le meurtre \u00e9tait loin d\u2019\u00eatre un acte impulsif. Et cela nous rappelle qu\u2019Abe \u00e9tait une figure controvers\u00e9e au Japon.<\/span><\/p>\n<p>&nbsp;<\/p>\n<p style=\"text-align: justify;\"><span style=\"font-family: times new roman, times, serif; font-size: 14pt;\">Le programme de r\u00e9formes d\u2019Abe a creus\u00e9 le foss\u00e9 entre les riches et les pauvres et a aliment\u00e9 le m\u00e9contentement social. Par ailleurs, son abandon du \u00ab\u00a0pacifisme\u00a0\u00bb japonais n\u2019a pas fait l\u2019objet d\u2019un consensus national. Le populisme d\u2019Abe a masqu\u00e9 son v\u00e9ritable programme. Son recours aux instincts les plus bas, tels que les pr\u00e9jug\u00e9s raciaux et ethniques, ainsi que sa manipulation des m\u00e9dias et la suppression de la libert\u00e9 de la presse, ont port\u00e9 atteinte aux fondements d\u00e9mocratiques du Japon.<\/span><\/p>\n<p>&nbsp;<\/p>\n<p style=\"text-align: justify;\"><span style=\"font-family: times new roman, times, serif; font-size: 14pt;\">Il convient donc de remettre en question sa \u00ab\u00a0vision\u00a0\u00bb, comme ses admirateurs ont tendance \u00e0 l\u2019appeler. Franchement, Abe est devenu un polariseur de l\u2019opinion mondiale. Pour dire les choses simplement, les sinophobes monolithiques commencent \u00e0 l\u2019idol\u00e2trer et, dans la foul\u00e9e, oublient son h\u00e9ritage boiteux sous un d\u00e9luge d\u2019\u00e9motions.<\/span><\/p>\n<p>&nbsp;<\/p>\n<p style=\"text-align: justify;\"><span style=\"font-family: times new roman, times, serif; font-size: 14pt;\">La tro\u00efka de la Quadrilat\u00e9rale a elle-m\u00eame utilis\u00e9 une expression accrocheuse dans son \u00e9trange n\u00e9crologie. Elle a fait l\u2019\u00e9loge d\u2019Abe en le pr\u00e9sentant comme un \u00ab\u00a0<em>leader transformateur pour le Japon<\/em>\u00a0\u00bb et s\u2019est discr\u00e8tement arr\u00eat\u00e9e l\u00e0. La tro\u00efka de la Quadrilat\u00e9rale a raison d\u2019estimer qu\u2019Abe \u00ab\u00a0<em>a jou\u00e9 un r\u00f4le formateur dans la fondation du partenariat quadrilat\u00e9ral et [qu\u2019il] a travaill\u00e9 sans rel\u00e2che pour faire avancer une vision partag\u00e9e d\u2019un Indo-Pacifique libre et ouvert<\/em>\u00ab\u00a0. Il \u00e9tait en effet un ardent d\u00e9fenseur de la strat\u00e9gie d\u2019endiguement de la Chine.<\/span><\/p>\n<p>&nbsp;<\/p>\n<p style=\"text-align: justify;\"><span style=\"font-family: times new roman, times, serif; font-size: 14pt;\">Mais Abe \u00e9tait aussi un ma\u00eetre de la langue de bois. Il a non seulement contribu\u00e9 de mani\u00e8re significative \u00e0 am\u00e9liorer les relations du Japon avec la Chine, mais il a m\u00eame exprim\u00e9 publiquement sa volont\u00e9 de coop\u00e9rer avec le projet des \u00ab\u00a0Nouvelles routes de la Soie\u00a0\u00bb ! Pourtant, le Quad a \u00e9t\u00e9 presque enti\u00e8rement construit sur la base de la relation qu\u2019Abe a \u00e9tablie avec le Premier ministre Modi, avec lequel il partageait une profonde d\u00e9fiance \u00e0 l\u2019\u00e9gard de la Chine.<\/span><\/p>\n<p>&nbsp;<\/p>\n<p style=\"text-align: justify;\"><span style=\"font-family: times new roman, times, serif; font-size: 14pt;\">Quoi qu\u2019il en soit, la politique indopacifique du Japon s\u2019est depuis transform\u00e9e en une vigoureuse volont\u00e9 d\u2019acc\u00e9l\u00e9rer l\u2019entr\u00e9e de l\u2019OTAN en Asie. Il n\u2019en reste pas moins que, tout au long de son histoire, le Japon a toujours cherch\u00e9 avec t\u00e9nacit\u00e9 \u00e0 maintenir son autonomie dans le syst\u00e8me international. Reste\u00a0 donc \u00e0 voir comment cette contradiction sera r\u00e9solue. Il est clair que le Japon a du mal \u00e0 s\u2019habituer \u00e0 son statut, derri\u00e8re la Chine, dans la dynamique du pouvoir en Asie. Il a besoin du soutien de l\u2019OTAN pour faire jeu \u00e9gal avec P\u00e9kin.\u00a0<\/span><\/p>\n<p>&nbsp;<\/p>\n<p style=\"text-align: justify;\"><span style=\"font-family: times new roman, times, serif; font-size: 14pt;\">Abe, sans aucun doute, \u00e9tait un ami proche de l\u2019Inde. Sa sympathie remonte au gouvernement de Manmohan Singh. Mais il est difficile de savoir dans quelle mesure l\u2019Inde adh\u00e8re \u00e0 cette nouvelle dimension de la strat\u00e9gie indopacifique du Japon qui vise \u00e0 cr\u00e9er une \u00ab\u00a0OTAN asiatique\u00a0\u00bb. Traditionnellement, l\u2019Inde n\u2019a jamais eu une mentalit\u00e9 de bloc. En outre, la strat\u00e9gie quadripartite ou indopacifique ne doit pas non plus \u00eatre assimil\u00e9e \u00e0 la strat\u00e9gie indienne de l\u2019Act East Policy.<a name=\"_ftnref1\"><\/a><a href=\"https:\/\/www.investigaction.net\/fr\/shinzo-abe-un-visionnaire-controverse\/#_ftn1\">[1]<\/a>\u00a0\u00a0<\/span><\/p>\n<p>&nbsp;<\/p>\n<p style=\"text-align: justify;\"><span style=\"font-family: times new roman, times, serif; font-size: 14pt;\">Avec ses neuf ann\u00e9es en poste, Abe tient le titre du Premier ministre japonais ayant servi le plus longtemps. C\u2019est largement d\u00fb \u00e0 son charisme, \u00e0 la force de sa personnalit\u00e9 et \u00e0 son formidable talent politique. Mais que ce soit avec son ambitieux programme de r\u00e9formes internes \u00ab\u00a0Abenomics\u00a0\u00bb ou l\u2019augmentation des d\u00e9penses publiques et la politique mon\u00e9taire tr\u00e8s souple visant \u00e0 relancer l\u2019\u00e9conomie stagnante du Japon, Abe laisse un h\u00e9ritage plut\u00f4t in\u00e9gal pour l\u2019avenir du pays. La dette du Japon a augment\u00e9 de fa\u00e7on spectaculaire et les r\u00e9formes d\u2019Abe ont effectivement affaibli le yen.<\/span><\/p>\n<p>&nbsp;<\/p>\n<p style=\"text-align: justify;\"><span style=\"font-family: times new roman, times, serif; font-size: 14pt;\">Avec une \u00e9conomie entrav\u00e9e par une faible productivit\u00e9, une population vieillissant rapidement et un march\u00e9 du travail rigide, la promesse de remodeler l\u2019\u00e9conomie s\u2019est av\u00e9r\u00e9e intenable. En outre, la COVID-19 a ruin\u00e9 les b\u00e9n\u00e9fices \u00e0 court terme qu\u2019avaient apport\u00e9s les Abenomics, tels que le boom du tourisme, la relance de la croissance et l\u2019augmentation de la disponibilit\u00e9 des emplois. \u00c0 l\u2019avenir, la mort d\u2019Abe pourrait inciter l\u2019extr\u00eame droite japonaise \u00e0 promouvoir des objectifs politiques populistes, x\u00e9nophobes, voire extr\u00e9mistes.<\/span><\/p>\n<p>&nbsp;<\/p>\n<p style=\"text-align: justify;\"><span style=\"font-family: times new roman, times, serif; font-size: 14pt;\">Les deux g\u00e9ants voisins du Japon, \u00e0 savoir la Chine et la Russie, coordonnent de plus en plus leur pr\u00e9sence s\u00e9curitaire en Extr\u00eame-Orient. Ces deux grandes puissances s\u2019opposeront au partenariat du Japon avec l\u2019OTAN, quoi qu\u2019il en co\u00fbte, et cela pourrait devenir le point saillant de la g\u00e9opolitique de l\u2019Asie-Pacifique dans la p\u00e9riode \u00e0 venir. Moscou a ouvertement accus\u00e9 le Japon de tendances revanchardes \u00e0 l\u2019\u00e9gard des \u00eeles Kouriles, tendances qui constituent une menace pour la s\u00e9curit\u00e9 et la stabilit\u00e9 r\u00e9gionales.<\/span><\/p>\n<p>&nbsp;<\/p>\n<p style=\"text-align: justify;\"><span style=\"font-family: times new roman, times, serif; font-size: 14pt;\">Si le prestige des \u00c9tats-Unis et de l\u2019OTAN subit un coup fatal en Ukraine, ce qui semble probable, les objectifs politiques et strat\u00e9giques du Japon perdront de leur force. En attendant, le Premier ministre Kishida fait feu de tout bois pour donner de l\u2019\u00e9lan aux liens du Japon avec les grandes puissances europ\u00e9ennes \u2013 en particulier avec l\u2019Allemagne, avec laquelle le Japon avait autrefois une alliance connue sous le nom de Pacte anti-Comintern (1936) et fond\u00e9e sur les pr\u00e9occupations communes de l\u2019Allemagne nazie et du Japon imp\u00e9rial confront\u00e9s \u00e0 l\u2019ascension de la puissance sovi\u00e9tique sous Joseph Staline.<\/span><\/p>\n<p>&nbsp;<\/p>\n<p style=\"text-align: justify;\"><span style=\"font-family: times new roman, times, serif; font-size: 14pt;\">Le chancelier Olaf Scholz et Kishida se sont r\u00e9cemment rendus l\u2019un apr\u00e8s l\u2019autre dans leurs capitales respectives pour renouveler ce lien historique dans les circonstances actuelles. De toute \u00e9vidence, le d\u00e9part d\u2019Abe intervient \u00e0 un moment o\u00f9 le Japon pourrait se trouver au carrefour de la politique asiatique et de l\u2019ordre mondial.\u00a0<\/span><\/p>\n<p>&nbsp;<\/p>\n<p style=\"text-align: justify;\"><span style=\"font-family: times new roman, times, serif; font-size: 14pt;\">Source\u00a0: \u00a0<a href=\"https:\/\/www.investigaction.net\/fr\/shinzo-abe-un-visionnaire-controverse\/\">https:\/\/www.investigaction.net\/fr\/shinzo-abe-un-visionnaire-controverse\/<\/a><\/span><\/p>\n<p style=\"text-align: justify;\"><span style=\"font-family: times new roman, times, serif; font-size: 14pt;\">Source originale: <a href=\"https:\/\/www.indianpunchline.com\/shinzo-abe-a-controversial-visionary\/\">Indian Punchline<\/a><\/span><\/p>\n<p style=\"text-align: justify;\"><span style=\"font-family: times new roman, times, serif; font-size: 14pt;\">Traduit de l\u2019anglais par GL pour <a href=\"https:\/\/www.investigaction.net\/fr\/shinzo-abe-un-visionnaire-controverse\/\">Investig\u2019Action<\/a><\/span><\/p>\n<p style=\"text-align: justify;\"><span style=\"font-family: times new roman, times, serif; font-size: 14pt;\">Photo: CJCS \u2013 CC 2.0<\/span><\/p>\n<p style=\"text-align: justify;\">_______________________<\/p>\n<p style=\"text-align: justify;\"><span style=\"font-family: times new roman, times, serif; font-size: 18pt;\">Note :<\/span><\/p>\n<p style=\"text-align: justify;\"><span style=\"font-family: times new roman, times, serif; font-size: 14pt;\"><a name=\"_ftn1\"><\/a><a href=\"https:\/\/www.investigaction.net\/fr\/shinzo-abe-un-visionnaire-controverse\/#_ftnref1\">[1]<\/a> Projet diplomatique de l\u2019Inde visant \u00e0 promouvoir les relations \u00e9conomiques, strat\u00e9giques et culturelles dans la r\u00e9gion de l\u2019Asie-Pacifique. [NDT]<\/span><\/p>\n<p>&nbsp;<\/p>\n<p style=\"text-align: left;\"><span style=\"font-family: times new roman, times, serif;\"><strong><span style=\"font-size: 14pt;\">URL de cet article :<\/span> <\/strong><a href=\"http:\/\/blog.lesgrossesorchadeslesamplesthalameges.fr\/index.php\/shinzo-abe-un-visionnaire-controverse\/\"><span style=\"font-size: 14pt;\">http:\/\/blog.lesgrossesorchadeslesamplesthalameges.fr\/index.php\/shinzo-abe-un-visionnaire-controverse\/<\/span><\/a><\/span><\/p>\n<p>&nbsp;<\/p>\n<p>&nbsp;<\/p>\n<p style=\"text-align: center;\"><a href=\"http:\/\/blog.lesgrossesorchadeslesamplesthalameges.fr\/?attachment_id=19870\" rel=\"attachment wp-att-19870\"><img loading=\"lazy\" class=\"wp-image-19870 aligncenter\" src=\"http:\/\/blog.lesgrossesorchadeslesamplesthalameges.fr\/wp-content\/uploads\/2022\/07\/000.-Capture-decran-z-300x239.jpg\" alt=\"\" width=\"150\" height=\"119\" srcset=\"https:\/\/blog.lesgrossesorchadeslesamplesthalameges.fr\/wp-content\/uploads\/2022\/07\/000.-Capture-decran-z-300x239.jpg 300w, https:\/\/blog.lesgrossesorchadeslesamplesthalameges.fr\/wp-content\/uploads\/2022\/07\/000.-Capture-decran-z.jpg 417w\" sizes=\"(max-width: 150px) 100vw, 150px\" \/><\/a><\/p>\n<p>&nbsp;<\/p>\n<p>&nbsp;<\/p>\n<p style=\"text-align: right;\"><span style=\"font-family: comic sans ms, sans-serif; font-size: 14pt;\">Juillet 2022<\/span><\/p>\n<p>&nbsp;<\/p>\n<p>&nbsp;<\/p>\n","protected":false},"excerpt":{"rendered":"<p>&nbsp; &nbsp; &nbsp; &nbsp; &nbsp; &nbsp; &nbsp; &nbsp; &nbsp; Shinzo Abe : Un visionnaire controvers\u00e9 &nbsp; &nbsp; M. K. Bhadrakumar \u2013 Investig\u2019action \u2013 11.7.2022 &nbsp; &nbsp; &nbsp; &nbsp; &nbsp; &nbsp; Les circonstances tragiques de la mort de Shinzo Abe ne doivent pas transformer les n\u00e9crologies en \u00e9loges fun\u00e8bres, explique M.K. Bhadrakumar. Il rappelle en effet&#8230;<\/p>\n","protected":false},"author":1,"featured_media":0,"parent":0,"menu_order":0,"comment_status":"open","ping_status":"open","template":"","meta":[],"_links":{"self":[{"href":"https:\/\/blog.lesgrossesorchadeslesamplesthalameges.fr\/index.php\/wp-json\/wp\/v2\/pages\/19897"}],"collection":[{"href":"https:\/\/blog.lesgrossesorchadeslesamplesthalameges.fr\/index.php\/wp-json\/wp\/v2\/pages"}],"about":[{"href":"https:\/\/blog.lesgrossesorchadeslesamplesthalameges.fr\/index.php\/wp-json\/wp\/v2\/types\/page"}],"author":[{"embeddable":true,"href":"https:\/\/blog.lesgrossesorchadeslesamplesthalameges.fr\/index.php\/wp-json\/wp\/v2\/users\/1"}],"replies":[{"embeddable":true,"href":"https:\/\/blog.lesgrossesorchadeslesamplesthalameges.fr\/index.php\/wp-json\/wp\/v2\/comments?post=19897"}],"version-history":[{"count":4,"href":"https:\/\/blog.lesgrossesorchadeslesamplesthalameges.fr\/index.php\/wp-json\/wp\/v2\/pages\/19897\/revisions"}],"predecessor-version":[{"id":19901,"href":"https:\/\/blog.lesgrossesorchadeslesamplesthalameges.fr\/index.php\/wp-json\/wp\/v2\/pages\/19897\/revisions\/19901"}],"wp:attachment":[{"href":"https:\/\/blog.lesgrossesorchadeslesamplesthalameges.fr\/index.php\/wp-json\/wp\/v2\/media?parent=19897"}],"curies":[{"name":"wp","href":"https:\/\/api.w.org\/{rel}","templated":true}]}}