{"id":19903,"date":"2022-07-20T17:05:04","date_gmt":"2022-07-20T15:05:04","guid":{"rendered":"http:\/\/blog.lesgrossesorchadeslesamplesthalameges.fr\/?page_id=19903"},"modified":"2022-07-20T17:07:01","modified_gmt":"2022-07-20T15:07:01","slug":"tucker-carlson-vient-de-prononcer-un-discours-politique-dans-liowa-comme-sil-se-presentait-a-la-presidence","status":"publish","type":"page","link":"https:\/\/blog.lesgrossesorchadeslesamplesthalameges.fr\/index.php\/tucker-carlson-vient-de-prononcer-un-discours-politique-dans-liowa-comme-sil-se-presentait-a-la-presidence\/","title":{"rendered":"Tucker Carlson vient de prononcer un discours politique dans l&rsquo;Iowa, comme s&rsquo;il se pr\u00e9sentait \u00e0 la pr\u00e9sidence."},"content":{"rendered":"<p>&nbsp;<\/p>\n<p>&nbsp;<\/p>\n<p>&nbsp;<\/p>\n<p>&nbsp;<\/p>\n<p>&nbsp;<\/p>\n<p>&nbsp;<\/p>\n<p>&nbsp;<\/p>\n<p>&nbsp;<\/p>\n<p style=\"text-align: center;\"><span style=\"font-family: times new roman, times, serif; font-size: 36pt;\"><strong>Tucker Carlson vient de prononcer un discours politique dans l&rsquo;Iowa, comme s&rsquo;il se pr\u00e9sentait \u00e0 la pr\u00e9sidence.<\/strong><\/span><\/p>\n<p>&nbsp;<\/p>\n<p>&nbsp;<\/p>\n<p style=\"text-align: center;\"><span style=\"font-family: times new roman, times, serif; font-size: 18pt;\"><strong>Andrew Anglin \u2013 <em>The Unz Review<\/em> \u2013 18.7.2022<\/strong><\/span><\/p>\n<p>&nbsp;<\/p>\n<p style=\"text-align: center;\"><span style=\"font-size: 18pt; font-family: times new roman, times, serif;\">Traduction : <strong>c.l.<\/strong> pour <strong><em>L.G.O.<\/em><\/strong><\/span><\/p>\n<p>&nbsp;<\/p>\n<p>&nbsp;<\/p>\n<p>&nbsp;<\/p>\n<p style=\"text-align: center;\"><a href=\"http:\/\/blog.lesgrossesorchadeslesamplesthalameges.fr\/?attachment_id=19884\" rel=\"attachment wp-att-19884\"><img loading=\"lazy\" class=\"alignnone wp-image-19884 size-full\" src=\"http:\/\/blog.lesgrossesorchadeslesamplesthalameges.fr\/wp-content\/uploads\/2022\/07\/12.-Screen-Shot-2022-07-18-at-3.37.29-PM.png\" alt=\"\" width=\"600\" height=\"335\" srcset=\"https:\/\/blog.lesgrossesorchadeslesamplesthalameges.fr\/wp-content\/uploads\/2022\/07\/12.-Screen-Shot-2022-07-18-at-3.37.29-PM.png 600w, https:\/\/blog.lesgrossesorchadeslesamplesthalameges.fr\/wp-content\/uploads\/2022\/07\/12.-Screen-Shot-2022-07-18-at-3.37.29-PM-300x168.png 300w\" sizes=\"(max-width: 600px) 100vw, 600px\" \/><\/a><\/p>\n<p>&nbsp;<\/p>\n<p>&nbsp;<\/p>\n<p>&nbsp;<\/p>\n<p style=\"text-align: left;\"><span style=\"font-family: times new roman, times, serif; font-size: 14pt;\"><a href=\"https:\/\/www.bitchute.com\/embed\/zfVyL0SQUUrp\/\"><strong>Video Link<\/strong><\/a>\u00a0: <a href=\"https:\/\/www.bitchute.com\/embed\/zfVyL0SQUUrp\/\">https:\/\/www.bitchute.com\/embed\/zfVyL0SQUUrp\/<\/a><\/span><\/p>\n<p style=\"text-align: left;\"><span style=\"font-family: times new roman, times, serif; font-size: 14pt;\"><a href=\"https:\/\/www.bitchute.com\/embed\/yJDTbqGMc9Ji\/\"><strong>Video Link<\/strong><\/a>\u00a0: <a href=\"https:\/\/www.bitchute.com\/embed\/yJDTbqGMc9Ji\/\">https:\/\/www.bitchute.com\/embed\/yJDTbqGMc9Ji\/<\/a><\/span><\/p>\n<p>&nbsp;<\/p>\n<p style=\"text-align: justify;\"><span style=\"font-family: times new roman, times, serif; font-size: 14pt;\">Je vais \u00eatre franc avec vous, Jim : je n&rsquo;ai pas encore regard\u00e9 ce discours. Bien s\u00fbr que je vais le faire. J&rsquo;ai eu un week-end charg\u00e9 et d\u00e9lirant. Mais c&rsquo;est un sujet assez important, alors je veux diffuser la nouvelle pendant qu&rsquo;elle est chaude, et la commenter plus tard : vendredi, Tucker Carlson s&rsquo;est rendu \u00e0 Des Moines, dans l&rsquo;Iowa, et a prononc\u00e9 un discours qui s&rsquo;apparentait peut-\u00eatre \u00e0 un discours de campagne.<\/span><\/p>\n<p>&nbsp;<\/p>\n<p style=\"text-align: justify;\"><span style=\"font-family: times new roman, times, serif; font-size: 14pt;\">D&rsquo;une mani\u00e8re ou d&rsquo;une autre, cet \u00e9v\u00e9nement m&rsquo;a \u00e9chapp\u00e9. Je l&rsquo;ai entendu dire qu&rsquo;il \u00e9tait impliqu\u00e9 dans un discours, et j&rsquo;ai suppos\u00e9 que c&rsquo;\u00e9tait comme n&rsquo;importe lequel de ses discours pr\u00e9c\u00e9dents, qu&rsquo;il fait une ou deux fois par semaine \u00e0 diverses conventions politiques. Mais ensuite, je me suis dit : \u00ab\u00a0H\u00e9, attendez\u2026vous avez dit Iowa ?\u00a0\u00bb.<\/span><\/p>\n<p>&nbsp;<\/p>\n<p style=\"text-align: justify;\"><span style=\"font-family: times new roman, times, serif; font-size: 14pt;\">Parce que plus de la moiti\u00e9 de nos lecteurs ne sont pas am\u00e9ricains et que la moiti\u00e9 des Am\u00e9ricains ont 12 ans, je dois expliquer : l&rsquo;Iowa est le lieu o\u00f9 se d\u00e9roule la premi\u00e8re primaire de la saison pr\u00e9sidentielle (ce n&rsquo;est pas vraiment une primaire, mais un caucus, qui n&rsquo;est pas la m\u00eame chose qu&rsquo;une primaire, mais qui joue le m\u00eame r\u00f4le de s\u00e9lection d&rsquo;un candidat pour chaque parti). Cela se passe en janvier ou une ann\u00e9e d&rsquo;\u00e9lection pr\u00e9sidentielle.<\/span><\/p>\n<p>&nbsp;<\/p>\n<p style=\"text-align: justify;\"><span style=\"font-family: times new roman, times, serif; font-size: 14pt;\">Parce que la premi\u00e8re (non) primaire donne naturellement le ton de la saison des primaires, les personnes qui envisagent de se pr\u00e9senter \u00e0 la pr\u00e9sidence se rendent souvent (peut-\u00eatre m\u00eame toujours) dans l&rsquo;Iowa et y prononcent des discours, juste pour voir ce qui se passe.<\/span><\/p>\n<p>&nbsp;<\/p>\n<p style=\"text-align: justify;\"><span style=\"font-family: times new roman, times, serif; font-size: 14pt;\">Encore une fois, je poste ceci \u00e0 froid, sans avoir regard\u00e9 le discours, mais les m\u00e9dias r\u00e9agissent comme si cela signifiait que Tucker Carlson envisageait de se pr\u00e9senter en 2024, et cela semble effectivement indiquer que c&rsquo;est ce que cela signifie. Bien s\u00fbr, il pourrait s&rsquo;agir d&rsquo;un discours similaire aux autres \u00e9v\u00e9nements politiques auxquels Tucker a particip\u00e9, et le fait que ce soit en Iowa pourrait n&rsquo;\u00eatre qu&rsquo;une \u00e9trange co\u00efncidence. Ce ne serait pas une si \u00e9trange co\u00efncidence, car les \u00e9v\u00e9nements sont plus susceptibles de se tenir dans l&rsquo;Iowa, en raison du statut de donneur de ton mentionn\u00e9 plus haut. Il se pourrait simplement qu&rsquo;on lui ait demand\u00e9 de venir et qu&rsquo;il se soit dit \u00ab\u00a0h\u00e9, ok\u00a0\u00bb.<\/span><\/p>\n<p>&nbsp;<\/p>\n<p style=\"text-align: justify;\"><span style=\"font-family: times new roman, times, serif; font-size: 14pt;\">Il faudra que je regarde le discours ce soir pour me faire une meilleure id\u00e9e de ce que je pense de ses implications, mais les m\u00e9dias disent qu&rsquo;il envisage de se pr\u00e9senter. Par exemple, <a href=\"https:\/\/www.yahoo.com\/news\/fox-news-star-tucker-carlson-flirts-with-presidential-run-in-iowa-speech-005605397.html?guccounter=1&amp;guce_referrer=aHR0cHM6Ly9zdG9ybWVyLWRhaWx5LnJ3Lw&amp;guce_referrer_sig=AQAAAD3Xr-DS4Coa3f8Kkv6WQCi_SiqOy8OBU99o4w_5yeP1dQMqaLKHcQcLKPUOOU8OX5D0Bq49XqX4DPrc3E8T4EAo-N8S2Z8Vpl2Ge3Lqudq9R0ePCa7AvvEBDG9UY7dduP08AWYjKiLmNW8U2_nFMhWZh9fhgwZp0mt-BbNAcZmL\"><strong><em>Yahoo News<\/em><\/strong><\/a> a publi\u00e9 un article citant plusieurs analystes disant qu&rsquo;il l&rsquo;envisageait ce week-end, tandis qu&rsquo;avant m\u00eame l&rsquo;\u00e9v\u00e9nement (mais apr\u00e8s son annonce), une idiote de <a href=\"https:\/\/www.politico.com\/news\/magazine\/2022\/07\/08\/jon-stewart-2024-democrats-00044146\"><strong><em>Politico<\/em><\/strong><\/a> a exig\u00e9 que l&rsquo;ancien animateur juif du <em>Daily Show<\/em>, Jon Stewart, le d\u00e9fie en 2024.<\/span><\/p>\n<p>&nbsp;<\/p>\n<p style=\"text-align: justify;\"><span style=\"font-family: times new roman, times, serif; font-size: 14pt;\">De son c\u00f4t\u00e9, <a href=\"https:\/\/www.independent.co.uk\/news\/world\/americas\/us-politics\/tucker-carlson-2024-president-interview-b2118302.html\"><strong>Tucker l\u2019a ni\u00e9<\/strong><\/a><strong>,<\/strong> comme il l&rsquo;a toujours fait.<\/span><\/p>\n<p>&nbsp;<\/p>\n<p style=\"text-align: justify;\"><span style=\"font-family: times new roman, times, serif; font-size: 14pt;\">Les lecteurs de longue date savent que mon Golden Path pr\u00e9voyait que Carlson se pr\u00e9sente en 2028, apr\u00e8s un second mandat de Trump. Puis l&rsquo;\u00e9lection a \u00e9t\u00e9 vol\u00e9e \u00e0 Trump, \u00e0 cause du canular du virus. L&rsquo;\u00e9mission de Tucker est impliqu\u00e9e dans (et est essentiellement maintenue \u00e0 l&rsquo;antenne par) diverses forces du monde de Peter Thiel, ce qui explique pourquoi il joue un r\u00f4le si agressif dans la promotion de personnes comme JD Vance et Blake Masters (tous deux que non seulement je d\u00e9savoue, mais dont j&rsquo;esp\u00e8re qu&rsquo;ils mourront dans des accidents de voiture ou de cancers \u00e0 d\u00e9clenchement rapide). Tucker a \u00e9galement fait la promotion de Joe Kent (que je n&rsquo;aime pas du tout), et il semble que sa promotion ait amen\u00e9 Thiel \u00e0 donner de l&rsquo;argent \u00e0 Kent (ce qui pourrait inciter Kent \u00e0 mieux se comporter, nous ne l&rsquo;avons pas encore vu).<\/span><\/p>\n<p>&nbsp;<\/p>\n<p style=\"text-align: justify;\"><span style=\"font-family: times new roman, times, serif; font-size: 14pt;\">Tucker Carlson est le seul joueur dans le jeu en tant que vrai candidat pour un vrai r\u00f4le de leader en Am\u00e9rique. Trump survole tout maintenant, mais apparemment, Ron DeSantis &#8211; qui est le m\u00e9chant de cette histoire &#8211; re\u00e7oit beaucoup plus d&rsquo;argent pour sa campagne que n\u2019en re\u00e7oit Trump, et on ne voit pas tr\u00e8s bien comment Trump pourrait se pr\u00e9senter avec succ\u00e8s sans l&rsquo;autorisation des m\u00e9dias, \u00e9tant donn\u00e9 qu&rsquo;ils ont d\u00e9j\u00e0 \u00e9tabli qu&rsquo;il n&rsquo;est pas autoris\u00e9 \u00e0 para\u00eetre dans les m\u00e9dias, et que l&rsquo;Am\u00e9rique, \u00e0 ce stade, a \u00e0 peu pr\u00e8s autant de libert\u00e9 m\u00e9diatique que la Cor\u00e9e du Nord. Les m\u00e9dias pourraient d\u00e9cider qu&rsquo;ils veulent que Trump soit dans la course, parce qu&rsquo;il chasserait leurs cr\u00e9atures, et ils pourraient d\u00e9cider que cela n&rsquo;a pas d&rsquo;importance de toute fa\u00e7on, parce qu&rsquo;ils ont institutionnalis\u00e9 tous les trucs de courrier coronavirus qui leur ont permis de commettre cette fraude massive en 2020.<\/span><\/p>\n<p>&nbsp;<\/p>\n<p style=\"text-align: justify;\"><span style=\"font-family: times new roman, times, serif; font-size: 14pt;\">Le \u00ab\u00a0et si\u00a0?\u00a0\u00bb le plus int\u00e9ressant est qu&rsquo;en 2024, les actions de ce gouvernement sur la sc\u00e8ne g\u00e9opolitique pourraient avoir provoqu\u00e9 un total d\u00e9sastre \u00e9conomique assorti d\u2019une hyperinflation qui rendraient la course pr\u00e9sidentielle beaucoup plus r\u00e9elle (le parti d\u00e9mocrate n&rsquo;aurait pas l&rsquo;organisation n\u00e9cessaire pour commettre une fraude \u00e0 l&rsquo;\u00e9chelle de 2020, et 80+% des gens voteraient contre le parti qui a d\u00e9truit l&rsquo;\u00e9conomie, ce qui pourrait rendre impossible la r\u00e9ussite d\u2019une fraude, quand bien m\u00eame ils seraient capables de l&rsquo;organiser).<\/span><\/p>\n<p>&nbsp;<\/p>\n<p style=\"text-align: justify;\"><span style=\"font-family: times new roman, times, serif; font-size: 14pt;\">Si on me donnait le choix, je soutiendrais absolument Tucker plut\u00f4t que Trump. Dans tout autre sc\u00e9nario, je soutiens Trump. Je suppose que la position de Tucker serait que si Trump avait une chance claire, il attendrait 2028, mais si Trump s&rsquo;effondrait et br\u00fblait et que la campagne devienne non viable, il se pr\u00e9senterait contre DeSantis.<\/span><\/p>\n<p>&nbsp;<\/p>\n<p style=\"text-align: justify;\"><span style=\"font-family: times new roman, times, serif; font-size: 14pt;\">Bien s\u00fbr, je n&rsquo;ai litt\u00e9ralement aucune id\u00e9e l\u00e0-dessus. Vous savez que je ne parle \u00e0 aucun de ces gens. Je ne parle m\u00eame pas \u00e0 ceux qui leur parlent. Mais j&rsquo;ai pas mal d\u2019instinct.<\/span><\/p>\n<p>&nbsp;<\/p>\n<p style=\"text-align: justify;\"><span style=\"font-family: times new roman, times, serif; font-size: 14pt;\">Tucker est difficile \u00e0 cerner. Apr\u00e8s le licenciement de Blake Neff en tant que sc\u00e9nariste en chef en juillet 2020 \u00e0 la suite d&rsquo;un stupide scandale aux \u00ab\u00a0messages internet racistes\u00a0\u00bb, la s\u00e9rie a pris un virage brutal pour le pire. Elle s&rsquo;est progressivement am\u00e9lior\u00e9e, bien que je ne pense pas qu&rsquo;elle soit revenue au point o\u00f9 elle en \u00e9tait avant. Tucker a du flair, et je suis s\u00fbr qu&rsquo;il a de bonnes intentions, mais il est tr\u00e8s clair qu&rsquo;il compte beaucoup sur son personnel pour formuler ses arguments \u00e0 sa place, et parfois il enveloppe de tr\u00e8s bons points dans un charabia total d&rsquo;une mani\u00e8re qui me d\u00e9pla\u00eet. Mais globalement, m\u00eame avec tout le contenu alternatif sur Internet, son \u00e9mission vaut toujours 40 minutes de ma journ\u00e9e.<\/span><\/p>\n<p>&nbsp;<\/p>\n<p style=\"text-align: justify;\"><span style=\"font-family: times new roman, times, serif; font-size: 14pt;\">Apr\u00e8s 2020, j&rsquo;\u00e9tais compl\u00e8tement d\u00e9prim\u00e9, et je pensais que notre sort \u00e9tait jet\u00e9. Puis cette administration Biden a commenc\u00e9 \u00e0 faire ce qu&rsquo;elle a fait, et ses actions g\u00e9opolitiques, mena\u00e7ant toute la base de la position des \u00c9tats-Unis en tant que superpuissance (qui est toute la base de notre \u00e9conomie), m&rsquo;ont rendu beaucoup plus optimiste \u2013 provisoirement optimiste.<\/span><\/p>\n<p>&nbsp;<\/p>\n<p style=\"text-align: justify;\"><span style=\"font-family: times new roman, times, serif; font-size: 14pt;\">En soi, le discours politique de Tucker ne signifie rien (encore une fois, j&rsquo;\u00e9cris ceci sans l&rsquo;avoir \u00e9cout\u00e9, et je ferai un suivi demain, mais je suis presque s\u00fbr qu\u2019il ne signifie rien, ind\u00e9pendamment du contenu et de la pr\u00e9sentation). Mais c&rsquo;est certainement quelque chose que nous devons garder \u00e0 l&rsquo;\u0153il. (Et je promets de regarder le discours et les questions-r\u00e9ponses post\u00e9es ci-dessus dans les prochaines 24 heures et de donner ensuite une analyse du contenu).<\/span><\/p>\n<p>&nbsp;<\/p>\n<p style=\"text-align: left;\"><span style=\"font-family: times new roman, times, serif; font-size: 14pt;\">Source\u00a0: <a href=\"https:\/\/www.unz.com\/aanglin\/tucker-carlson-just-gave-a-political-speech-in-iowa-like-hes-running-for-president\/\">Tucker Carlson Just Gave a Political Speech in Iowa, Like He\u2019s Running for President, by Andrew Anglin &#8211; The Unz Review<\/a><\/span><\/p>\n<p style=\"text-align: justify;\"><span style=\"font-family: times new roman, times, serif; font-size: 14pt;\">Source d\u2019origine\u00a0: <a href=\"https:\/\/stormer-daily.rw\/tucker-carlson-just-gave-a-political-speech-in-iowa-like-hes-running-for-president\/\"><strong><em>The Daily Stormer<\/em><\/strong><\/a><\/span><\/p>\n<p>&nbsp;<\/p>\n<p style=\"text-align: left;\"><span style=\"font-family: times new roman, times, serif; font-size: 14pt;\"><strong>URL de cet article\u00a0: <\/strong><a href=\"http:\/\/blog.lesgrossesorchadeslesamplesthalameges.fr\/index.php\/tucker-carlson-vient-de-prononcer-un-discours-politique-dans-liowa-comme-sil-se-presentait-a-la-presidence\/\">http:\/\/blog.lesgrossesorchadeslesamplesthalameges.fr\/index.php\/tucker-carlson-vient-de-prononcer-un-discours-politique-dans-liowa-comme-sil-se-presentait-a-la-presidence\/<\/a><\/span><\/p>\n<p style=\"text-align: justify;\"><span style=\"font-family: times new roman, times, serif; font-size: 14pt;\">\u00a0<\/span><\/p>\n<p>&nbsp;<\/p>\n<p>&nbsp;<\/p>\n<p style=\"text-align: center;\"><span style=\"font-family: times new roman, times, serif; font-size: 14pt;\"><strong>\u00a0<a href=\"http:\/\/blog.lesgrossesorchadeslesamplesthalameges.fr\/?attachment_id=19870\" rel=\"attachment wp-att-19870\"><img loading=\"lazy\" class=\"alignnone wp-image-19870\" src=\"http:\/\/blog.lesgrossesorchadeslesamplesthalameges.fr\/wp-content\/uploads\/2022\/07\/000.-Capture-decran-z-300x239.jpg\" alt=\"\" width=\"150\" height=\"119\" srcset=\"https:\/\/blog.lesgrossesorchadeslesamplesthalameges.fr\/wp-content\/uploads\/2022\/07\/000.-Capture-decran-z-300x239.jpg 300w, https:\/\/blog.lesgrossesorchadeslesamplesthalameges.fr\/wp-content\/uploads\/2022\/07\/000.-Capture-decran-z.jpg 417w\" sizes=\"(max-width: 150px) 100vw, 150px\" \/><\/a><\/strong><\/span><\/p>\n<p style=\"text-align: justify;\"><span style=\"font-family: times new roman, times, serif; font-size: 14pt;\"><strong>\u00a0<\/strong><\/span><\/p>\n<p style=\"text-align: justify;\"><span style=\"font-family: times new roman, times, serif; font-size: 14pt;\"><strong>\u00a0<\/strong><\/span><\/p>\n<p style=\"text-align: right;\"><span style=\"font-family: comic sans ms, sans-serif; font-size: 14pt;\"><strong>Juillet 2022<\/strong><\/span><\/p>\n<p>&nbsp;<\/p>\n<p>&nbsp;<\/p>\n","protected":false},"excerpt":{"rendered":"<p>&nbsp; &nbsp; &nbsp; &nbsp; &nbsp; &nbsp; &nbsp; &nbsp; Tucker Carlson vient de prononcer un discours politique dans l&rsquo;Iowa, comme s&rsquo;il se pr\u00e9sentait \u00e0 la pr\u00e9sidence. &nbsp; &nbsp; Andrew Anglin \u2013 The Unz Review \u2013 18.7.2022 &nbsp; Traduction : c.l. pour L.G.O. &nbsp; &nbsp; &nbsp; &nbsp; &nbsp; &nbsp; Video Link\u00a0: https:\/\/www.bitchute.com\/embed\/zfVyL0SQUUrp\/ Video Link\u00a0: https:\/\/www.bitchute.com\/embed\/yJDTbqGMc9Ji\/ &nbsp; Je&#8230;<\/p>\n","protected":false},"author":1,"featured_media":0,"parent":0,"menu_order":0,"comment_status":"open","ping_status":"open","template":"","meta":[],"_links":{"self":[{"href":"https:\/\/blog.lesgrossesorchadeslesamplesthalameges.fr\/index.php\/wp-json\/wp\/v2\/pages\/19903"}],"collection":[{"href":"https:\/\/blog.lesgrossesorchadeslesamplesthalameges.fr\/index.php\/wp-json\/wp\/v2\/pages"}],"about":[{"href":"https:\/\/blog.lesgrossesorchadeslesamplesthalameges.fr\/index.php\/wp-json\/wp\/v2\/types\/page"}],"author":[{"embeddable":true,"href":"https:\/\/blog.lesgrossesorchadeslesamplesthalameges.fr\/index.php\/wp-json\/wp\/v2\/users\/1"}],"replies":[{"embeddable":true,"href":"https:\/\/blog.lesgrossesorchadeslesamplesthalameges.fr\/index.php\/wp-json\/wp\/v2\/comments?post=19903"}],"version-history":[{"count":6,"href":"https:\/\/blog.lesgrossesorchadeslesamplesthalameges.fr\/index.php\/wp-json\/wp\/v2\/pages\/19903\/revisions"}],"predecessor-version":[{"id":19909,"href":"https:\/\/blog.lesgrossesorchadeslesamplesthalameges.fr\/index.php\/wp-json\/wp\/v2\/pages\/19903\/revisions\/19909"}],"wp:attachment":[{"href":"https:\/\/blog.lesgrossesorchadeslesamplesthalameges.fr\/index.php\/wp-json\/wp\/v2\/media?parent=19903"}],"curies":[{"name":"wp","href":"https:\/\/api.w.org\/{rel}","templated":true}]}}