{"id":20044,"date":"2022-08-03T17:07:41","date_gmt":"2022-08-03T15:07:41","guid":{"rendered":"http:\/\/blog.lesgrossesorchadeslesamplesthalameges.fr\/?page_id=20044"},"modified":"2022-08-03T17:10:50","modified_gmt":"2022-08-03T15:10:50","slug":"lavion-de-nancy-pelosi-a-brusquement-vire-vers-taiwan","status":"publish","type":"page","link":"https:\/\/blog.lesgrossesorchadeslesamplesthalameges.fr\/index.php\/lavion-de-nancy-pelosi-a-brusquement-vire-vers-taiwan\/","title":{"rendered":"L&rsquo;avion de Nancy Pelosi a brusquement vir\u00e9 vers Ta\u00efwan"},"content":{"rendered":"<p>&nbsp;<\/p>\n<p>&nbsp;<\/p>\n<p>&nbsp;<\/p>\n<p>&nbsp;<\/p>\n<p>&nbsp;<\/p>\n<p>&nbsp;<\/p>\n<p>&nbsp;<\/p>\n<p>&nbsp;<\/p>\n<p style=\"text-align: center;\"><span style=\"font-size: 36pt;\"><strong>L<span style=\"font-family: times new roman, times, serif;\">&lsquo;avion de Nancy Pelosi a brusquement vir\u00e9 vers Ta\u00efwan<\/span><\/strong><\/span><\/p>\n<p style=\"text-align: center;\"><span style=\"font-family: times new roman, times, serif; font-size: 14pt;\"><strong>\u00a0<\/strong><\/span><\/p>\n<p>&nbsp;<\/p>\n<p style=\"text-align: center;\"><span style=\"font-family: times new roman, times, serif; font-size: 18pt;\"><strong><em>Avia-Pro<\/em><\/strong><strong> \u2013 2.8.2022<\/strong><\/span><\/p>\n<p style=\"text-align: justify;\"><span style=\"font-family: times new roman, times, serif; font-size: 14pt;\"><strong>\u00a0<\/strong><\/span><\/p>\n<p>&nbsp;<\/p>\n<p style=\"text-align: justify;\"><span style=\"font-family: times new roman, times, serif; font-size: 14pt;\"><strong>\u00a0<\/strong><\/span><\/p>\n<p style=\"text-align: center;\"><a href=\"http:\/\/blog.lesgrossesorchadeslesamplesthalameges.fr\/?attachment_id=20032\" rel=\"attachment wp-att-20032\"><img loading=\"lazy\" class=\"alignnone wp-image-20032 size-full\" src=\"http:\/\/blog.lesgrossesorchadeslesamplesthalameges.fr\/wp-content\/uploads\/2022\/08\/6.-Lavion-de-N.P.-1.jpg\" alt=\"\" width=\"600\" height=\"400\" srcset=\"https:\/\/blog.lesgrossesorchadeslesamplesthalameges.fr\/wp-content\/uploads\/2022\/08\/6.-Lavion-de-N.P.-1.jpg 600w, https:\/\/blog.lesgrossesorchadeslesamplesthalameges.fr\/wp-content\/uploads\/2022\/08\/6.-Lavion-de-N.P.-1-300x200.jpg 300w\" sizes=\"(max-width: 600px) 100vw, 600px\" \/><\/a><\/p>\n<p>&nbsp;<\/p>\n<p>&nbsp;<\/p>\n<p>&nbsp;<\/p>\n<p style=\"text-align: justify;\"><span style=\"font-family: times new roman, times, serif; font-size: 14pt;\">L&rsquo;avion de Nancy Pelosi a brusquement chang\u00e9 de cap vers Ta\u00efwan.<\/span><\/p>\n<p style=\"text-align: justify;\"><span style=\"font-family: times new roman, times, serif; font-size: 14pt;\">Il y a quelques heures, on a appris que l&rsquo;avion de la pr\u00e9sidente de la Chambre des repr\u00e9sentants am\u00e9ricaine Nancy Pelosi, volant en direction de la Malaisie, a brusquement chang\u00e9 de cap et a commenc\u00e9 \u00e0 se diriger vers Ta\u00efwan. \u00c0 l&rsquo;heure actuelle, l&rsquo;avion se trouve \u00e0 environ une heure et demie de l&rsquo;espace a\u00e9rien de l&rsquo;\u00eele de Ta\u00efwan, ce qui a consid\u00e9rablement accru la menace d&rsquo;une collision directe entre la Chine, les \u00c9tats-Unis et Ta\u00efwan.<\/span><\/p>\n<p>&nbsp;<\/p>\n<p>&nbsp;<\/p>\n<p>&nbsp;<\/p>\n<p style=\"text-align: center;\"><a href=\"http:\/\/blog.lesgrossesorchadeslesamplesthalameges.fr\/index.php\/lavion-de-nancy-pelosi-a-brusquement-vire-vers-taiwan\/7-lavion-de-n-p-2\/\" rel=\"attachment wp-att-20045\"><img loading=\"lazy\" class=\"alignnone wp-image-20045 size-full\" src=\"http:\/\/blog.lesgrossesorchadeslesamplesthalameges.fr\/wp-content\/uploads\/2022\/08\/7.-Lavion-de-N.P.-2.jpg\" alt=\"\" width=\"600\" height=\"337\" srcset=\"https:\/\/blog.lesgrossesorchadeslesamplesthalameges.fr\/wp-content\/uploads\/2022\/08\/7.-Lavion-de-N.P.-2.jpg 600w, https:\/\/blog.lesgrossesorchadeslesamplesthalameges.fr\/wp-content\/uploads\/2022\/08\/7.-Lavion-de-N.P.-2-300x169.jpg 300w\" sizes=\"(max-width: 600px) 100vw, 600px\" \/><\/a><\/p>\n<p>&nbsp;<\/p>\n<p>&nbsp;<\/p>\n<p>&nbsp;<\/p>\n<p style=\"text-align: justify;\"><span style=\"font-family: times new roman, times, serif; font-size: 14pt;\">Dans l&rsquo;image ci-dessus, vous pouvez voir l&rsquo;itin\u00e9raire de vol de l&rsquo;avion du gouvernement am\u00e9ricain en direction de l&rsquo;\u00eele de Taiwan. En raison du manque d&rsquo;intentions de la part des \u00c9tats-Unis de refuser la visite de Pelosi \u00e0 Ta\u00efwan, la Chine a ferm\u00e9 l&rsquo;espace a\u00e9rien du sud du pays, d\u00e9ploy\u00e9 des armes tactiques et strat\u00e9giques et lev\u00e9 un groupe d&rsquo;un grand nombre d&rsquo;avions de combat dans le ciel. dans la r\u00e9gion de Ta\u00efwan, qui volent activement le long des fronti\u00e8res de l&rsquo;espace a\u00e9rien.<\/span><\/p>\n<p style=\"text-align: justify;\"><span style=\"font-family: times new roman, times, serif; font-size: 14pt;\">Les experts parient que si Pelosi n&rsquo;annule pas sa visite \u00e0 Ta\u00efwan dans les derniers instants, alors l&rsquo;avion du pr\u00e9sident de la Chambre des repr\u00e9sentants des \u00c9tats-Unis sera abattu en entrant dans l&rsquo;espace a\u00e9rien de Ta\u00efwan, sinon la r\u00e9putation de P\u00e9kin sera s\u00e9rieusement \u00e9branl\u00e9e.<\/span><\/p>\n<p>&nbsp;<\/p>\n<p style=\"text-align: left;\"><span style=\"font-family: times new roman, times, serif; font-size: 14pt;\">Source\u00a0: \u041f\u043e\u0434\u0440\u043e\u0431\u043d\u0435\u0435 \u043d\u0430:\u00a0<a href=\"https:\/\/avia-pro.fr\/news\/samolyot-nensi-pelosi-rezko-svernul-v-storonu-tayvanya\">https:\/\/avia-pro.fr\/news\/samolyot-nensi-pelosi-rezko-svernul-v-storonu-tayvanya<\/a><\/span><\/p>\n<p>&nbsp;<\/p>\n<p>&nbsp;<\/p>\n<p style=\"text-align: center;\"><a href=\"http:\/\/blog.lesgrossesorchadeslesamplesthalameges.fr\/index.php\/2022\/07\/31\/sombre-dimanche-pour-nancy-pelosi-c\/000-russep-x-34\/\" rel=\"attachment wp-att-20009\"><img loading=\"lazy\" class=\"alignnone size-full wp-image-20009\" src=\"http:\/\/blog.lesgrossesorchadeslesamplesthalameges.fr\/wp-content\/uploads\/2022\/07\/000.-russep-x.gif\" alt=\"\" width=\"50\" height=\"50\" \/><\/a><\/p>\n<p>&nbsp;<\/p>\n<p>&nbsp;<\/p>\n<p style=\"text-align: left;\"><span style=\"font-family: times new roman, times, serif; font-size: 14pt;\"><strong>URL de cet article : <\/strong><a href=\"http:\/\/blog.lesgrossesorchadeslesamplesthalameges.fr\/index.php\/lavion-de-nancy-pelosi-a-brusquement-vire-vers-taiwan\/\">http:\/\/blog.lesgrossesorchadeslesamplesthalameges.fr\/index.php\/lavion-de-nancy-pelosi-a-brusquement-vire-vers-taiwan\/<\/a><\/span><\/p>\n<p style=\"text-align: justify;\"><span style=\"font-family: times new roman, times, serif; font-size: 14pt;\"><strong>\u00a0<\/strong><\/span><\/p>\n<p>&nbsp;<\/p>\n<p>&nbsp;<\/p>\n<p style=\"text-align: right;\"><span style=\"font-family: comic sans ms, sans-serif; font-size: 14pt;\">Ao\u00fbt 2022<\/span><\/p>\n<p>&nbsp;<\/p>\n<p>&nbsp;<\/p>\n","protected":false},"excerpt":{"rendered":"<p>&nbsp; &nbsp; &nbsp; &nbsp; &nbsp; &nbsp; &nbsp; &nbsp; L&lsquo;avion de Nancy Pelosi a brusquement vir\u00e9 vers Ta\u00efwan \u00a0 &nbsp; Avia-Pro \u2013 2.8.2022 \u00a0 &nbsp; \u00a0 &nbsp; &nbsp; &nbsp; L&rsquo;avion de Nancy Pelosi a brusquement chang\u00e9 de cap vers Ta\u00efwan. Il y a quelques heures, on a appris que l&rsquo;avion de la pr\u00e9sidente de la Chambre&#8230;<\/p>\n","protected":false},"author":1,"featured_media":0,"parent":0,"menu_order":0,"comment_status":"open","ping_status":"open","template":"","meta":[],"_links":{"self":[{"href":"https:\/\/blog.lesgrossesorchadeslesamplesthalameges.fr\/index.php\/wp-json\/wp\/v2\/pages\/20044"}],"collection":[{"href":"https:\/\/blog.lesgrossesorchadeslesamplesthalameges.fr\/index.php\/wp-json\/wp\/v2\/pages"}],"about":[{"href":"https:\/\/blog.lesgrossesorchadeslesamplesthalameges.fr\/index.php\/wp-json\/wp\/v2\/types\/page"}],"author":[{"embeddable":true,"href":"https:\/\/blog.lesgrossesorchadeslesamplesthalameges.fr\/index.php\/wp-json\/wp\/v2\/users\/1"}],"replies":[{"embeddable":true,"href":"https:\/\/blog.lesgrossesorchadeslesamplesthalameges.fr\/index.php\/wp-json\/wp\/v2\/comments?post=20044"}],"version-history":[{"count":8,"href":"https:\/\/blog.lesgrossesorchadeslesamplesthalameges.fr\/index.php\/wp-json\/wp\/v2\/pages\/20044\/revisions"}],"predecessor-version":[{"id":20053,"href":"https:\/\/blog.lesgrossesorchadeslesamplesthalameges.fr\/index.php\/wp-json\/wp\/v2\/pages\/20044\/revisions\/20053"}],"wp:attachment":[{"href":"https:\/\/blog.lesgrossesorchadeslesamplesthalameges.fr\/index.php\/wp-json\/wp\/v2\/media?parent=20044"}],"curies":[{"name":"wp","href":"https:\/\/api.w.org\/{rel}","templated":true}]}}