{"id":20054,"date":"2022-08-03T17:24:49","date_gmt":"2022-08-03T15:24:49","guid":{"rendered":"http:\/\/blog.lesgrossesorchadeslesamplesthalameges.fr\/?page_id=20054"},"modified":"2022-08-03T17:26:03","modified_gmt":"2022-08-03T15:26:03","slug":"nancy-brave-le-dragon-chinois-et-gagne","status":"publish","type":"page","link":"https:\/\/blog.lesgrossesorchadeslesamplesthalameges.fr\/index.php\/nancy-brave-le-dragon-chinois-et-gagne\/","title":{"rendered":"Nancy brave le dragon chinois et gagne ?"},"content":{"rendered":"<p>&nbsp;<\/p>\n<p>&nbsp;<\/p>\n<p>&nbsp;<\/p>\n<p>&nbsp;<\/p>\n<p>&nbsp;<\/p>\n<p>&nbsp;<\/p>\n<p>&nbsp;<\/p>\n<p>&nbsp;<\/p>\n<p style=\"text-align: center;\"><strong><span style=\"font-family: times new roman, times, serif; font-size: 36pt;\">Nancy brave le dragon chinois et gagne ?<\/span><\/strong><\/p>\n<p>&nbsp;<\/p>\n<p>&nbsp;<\/p>\n<p style=\"text-align: center;\"><span style=\"font-family: times new roman, times, serif; font-size: 18pt;\"><strong><em>The Saker.is<\/em><\/strong><strong> \u2013 2.8.2022<\/strong><\/span><\/p>\n<p>&nbsp;<\/p>\n<p style=\"text-align: center;\"><span style=\"font-family: times new roman, times, serif; font-size: 18pt;\">Traduction :<strong> c.l. <\/strong><\/span><span style=\"font-family: times new roman, times, serif; font-size: 18pt;\">pour<strong> <em>L.G.O<\/em>.<\/strong><\/span><\/p>\n<p style=\"text-align: justify;\"><span style=\"font-family: times new roman, times, serif; font-size: 18pt;\"><strong>\u00a0<\/strong><\/span><\/p>\n<p style=\"text-align: justify;\"><span style=\"font-family: times new roman, times, serif; font-size: 14pt;\"><strong>\u00a0<\/strong><\/span><\/p>\n<p style=\"text-align: center;\"><a href=\"http:\/\/blog.lesgrossesorchadeslesamplesthalameges.fr\/?attachment_id=20034\" rel=\"attachment wp-att-20034\"><img loading=\"lazy\" class=\"alignnone wp-image-20034 size-full\" src=\"http:\/\/blog.lesgrossesorchadeslesamplesthalameges.fr\/wp-content\/uploads\/2022\/08\/9.-Pelosi-Biden.jpg\" alt=\"\" width=\"600\" height=\"503\" srcset=\"https:\/\/blog.lesgrossesorchadeslesamplesthalameges.fr\/wp-content\/uploads\/2022\/08\/9.-Pelosi-Biden.jpg 600w, https:\/\/blog.lesgrossesorchadeslesamplesthalameges.fr\/wp-content\/uploads\/2022\/08\/9.-Pelosi-Biden-300x252.jpg 300w\" sizes=\"(max-width: 600px) 100vw, 600px\" \/><\/a><\/p>\n<p>&nbsp;<\/p>\n<p>&nbsp;<\/p>\n<p>&nbsp;<\/p>\n<p style=\"text-align: justify;\"><span style=\"font-family: times new roman, times, serif; font-size: 14pt;\">Il semble donc que Pelosi ait atterri \u00e0 Ta\u00efwan. C\u2019est une \u00c9NORME victoire pour les \u00c9tats-Unis invincibles, et la Chine, avec toutes ses menaces creuses, a maintenant perdu la face. C\u2019est ainsi qu\u2019ils sont ces foutus cocos \u2013 ils ne comprennent que le langage de la force, et face aux forces unies de la d\u00e9mocratie, ils c\u00e8dent.<\/span><\/p>\n<p style=\"text-align: justify;\"><span style=\"font-family: times new roman, times, serif; font-size: 14pt;\">Oui ?<\/span><\/p>\n<p style=\"text-align: justify;\"><span style=\"font-family: times new roman, times, serif; font-size: 14pt;\">Euh&#8230;&#8230;<\/span><\/p>\n<p style=\"text-align: justify;\"><span style=\"font-family: times new roman, times, serif; font-size: 14pt;\">Oui, si votre expertise en mati\u00e8re de relations internationales, de questions militaires et de la Chine (ou de la Russie) vient de\u00a0 ce que vous avez lu dans les livres de Tom Clancy, alors oui.<\/span><\/p>\n<p style=\"text-align: justify;\"><span style=\"font-family: times new roman, times, serif; font-size: 14pt;\">Mais il y a une autre fa\u00e7on de voir les choses\u00a0:<\/span><\/p>\n<p style=\"text-align: justify;\"><span style=\"font-family: times new roman, times, serif; font-size: 14pt;\">Pour commencer, en termes objectifs, cette visite est une pure provocation sans aucun r\u00e9sultat pratique. Pelosi n\u2019est pas moins une veille bique \u00e2nonneuse de prompteurs que le pr\u00e9sident Brandon. Quelles que soient les transactions r\u00e9elles dont les \u00c9tats-Unis et Ta\u00efwan peuvent avoir \u00e0 discuter, ils auraient pu le faire soit \u00e0 distance, soit en organisant une rencontre entre des gens capables de penser.<\/span><\/p>\n<p style=\"text-align: justify;\"><span style=\"font-family: times new roman, times, serif; font-size: 14pt;\">Deuxi\u00e8mement, tout comme la Russie l\u2019a fait \u00e0 plusieurs reprises dans le pass\u00e9, les Chinois ont trac\u00e9 une ligne rouge et ont ensuite laiss\u00e9 les \u00c9tats-Unis la franchir. \u00c9tant l\u2019agglom\u00e9rat narcissique qu\u2019il est, l\u2019Occident ne peut y voir que qu\u2019un signe de \u00ab faiblesse \u00bb, d&rsquo;\u00ab ind\u00e9cision \u00bb voire m\u00eame de \u00ab\u00a0na\u00efvet\u00e9 \u00bb.<\/span><\/p>\n<p style=\"text-align: justify;\"><span style=\"font-family: times new roman, times, serif; font-size: 14pt;\">Ce \u00e0 quoi ces gens ne pensent m\u00eame pas, c\u2019est \u00e0 ceci\u00a0: comment croyez-vous que la plupart des Chinois vont r\u00e9agir, \u00e0 la fois \u00e0 la visite et \u00e0 l\u2019absence (jusqu\u2019\u00e0 pr\u00e9sent!) de r\u00e9action chinoise\u00a0? Oui, bien s\u00fbr, ils vont \u00eatre furieux et exprimer leur frustration. Vous y \u00eates\u00a0? Maintenant, regardez la chose du point de vue du gouvernement chinois\u00a0: plut\u00f4t que de d\u00e9penser des milliards en propagande anti-am\u00e9ricaine, ils ont plut\u00f4t laiss\u00e9 les \u00c9tats-Unis humilier la Chine et ainsi resserr\u00e9 les rangs de la population chinoise en un poing bien solide, pour le jour o\u00f9 la v\u00e9ritable confrontation aura lieu.<\/span><\/p>\n<p>&nbsp;<\/p>\n<p style=\"text-align: justify; padding-left: 120px;\"><span style=\"font-family: times new roman, times, serif; font-size: 14pt;\">[<strong>Parenth\u00e8se<\/strong>\u00a0: il y a un lien direct entre des ann\u00e9es de protestations plut\u00f4t faibles et surtout verbales du Kremlin et l\u2019apparition \u00ab\u00a0soudaine \u00bb de l\u2019ultimatum russe \u00e0 l\u2019Occident suivi par le SMO : le Kremlin a litt\u00e9ralement \u00ab port\u00e9 \u00e0 \u00e9bullition \u00bb sa propre opinion publique au point o\u00f9 c\u2019est ELLE qui a *exig\u00e9* une action forte. Loin de lui ali\u00e9ner ou d\u2019effaroucher la plupart des Russes, le SMO a \u00e9t\u00e9 pour eux un \u00e9norme soulagement: \u00ab ah,\u00a0ENFIN, on met nos bottes sur le terrain et on prend des mesures concr\u00e8tes\u00a0! \u00bb. Cela n\u2019aurait pas \u00e9t\u00e9 possible avant 2018. Ceux qui, en Occident, ont d\u00e9plor\u00e9 Poutine \u00ab\u00a0ind\u00e9cis \u00bb ne comprennent tout simplement pas l\u2019\u00e9tat d\u2019esprit russe plus qu\u2019ils ne comprennent l\u2019\u00e9tat d\u2019esprit chinois. En termes simples\u00a0: vous ne pouvez pas vous pr\u00e9parer \u00e0 livrer une guerre sans y pr\u00e9parer votre propre population ! Voil\u00e0 ce que Tom Clancy fait au cerveau de ceux qui le lisent.]<\/span><\/p>\n<p>&nbsp;<\/p>\n<p style=\"text-align: justify;\"><span style=\"font-family: times new roman, times, serif; font-size: 14pt;\">Troisi\u00e8mement, permettez-moi de vous poser une question simple : qui a d\u00e9cid\u00e9 du moment de la visite de Pelosi \u00e0 Ta\u00efwan ? La r\u00e9ponse est \u00e9vidente\u00a0: les dirigeants des \u00c9tats-Unis. Et vous pouvez parier qu\u2019ils avaient tout soigneusement align\u00e9 pour que cette visite se produise dans les meilleures circonstances possibles. Maintenant, un principe de base de la guerre est que vous ne laissez PAS votre ennemi choisir l\u2019heure et le lieu de la bataille. Oui, oui, oui, dans la culture occidentale, tout \u00ab affront \u00bb (r\u00e9el ou per\u00e7u) exige une r\u00e9action imm\u00e9diate. Mais les Chinois sont rompus \u00e0 ces choses depuis non pas 200 ans mais de nombreux mill\u00e9naires, et vous pouvez \u00eatre s\u00fbrs que ce seront EUX, et non pas les \u00c9tats-Unis, qui choisiront le moment, le lieu et le mode des repr\u00e9sailles.<\/span><\/p>\n<p style=\"text-align: justify;\"><span style=\"font-family: times new roman, times, serif; font-size: 14pt;\">En r\u00e9sum\u00e9, les narcissiques \u00ab\u00a0\u00e9veill\u00e9s\u00a0\u00bb qui dirigent les \u00c9tats-Unis peuvent se f\u00e9liciter de la fa\u00e7on dont ils ont montr\u00e9 \u00ab\u00a0\u00e0 ces sales cocos chinois\u00a0\u00bb qui est le <em>boss<\/em>. Tout comme ils l\u2019ont fait avec la Russie entre 1991 et 2021. Et\u2026 quand les Russes ont d\u00e9cid\u00e9 de bouger, l\u2019oncle Shmuel a \u00e9t\u00e9 pris si totalement au d\u00e9pourvu qu\u2019il n\u2019a pas su comment faire face \u00e0 une menace \u00e0 la fois soudaine et directe.<\/span><\/p>\n<p style=\"text-align: justify;\"><span style=\"font-family: times new roman, times, serif; font-size: 14pt;\">Enfin et surtout. Ce genre d\u2019arrogance imp\u00e9riale est quelque chose qui n\u2019exasp\u00e8re pas que la population chinoise (d\u00e9j\u00e0 pas mal en col\u00e8re), mais qui n\u2019exasp\u00e8re pas moins toute la \u00ab\u00a0zone B\u00a0\u00bb, cr\u00e9ant ainsi les conditions de davantage encore de d\u00e9faites pour les \u00c9tats-Unis en Asie, en Afrique, dans le sous-continent indien, en Asie centrale et en Am\u00e9rique latine.<\/span><\/p>\n<p style=\"text-align: justify;\"><span style=\"font-family: times new roman, times, serif; font-size: 14pt;\">La plupart des Am\u00e9ricains n\u2019ont absolument aucune id\u00e9e d\u2019\u00e0 quel point leur arrogance condescendante, leur sempiternelle agitation de petits drapeaux, leur mission messianique envers l\u2019humanit\u00e9 et leur narcissisme g\u00e9n\u00e9ral sont offensants pour le reste de la plan\u00e8te. Mais quand vous regardez objectivement la liste interminable des \u00e9checs am\u00e9ricains \u00e0 peu pr\u00e8s n\u2019importe o\u00f9, vous pouvez vous dire que quelque chose de s\u00e9rieux est \u00e0 l\u2019oeuvre ici. Pour une raison ou une autre, les \u00ab\u00a0<em>Yankees go home<\/em>\u00a0\u00bb ont l\u2019air de devenir de plus en plus contagieux.<\/span><\/p>\n<p style=\"text-align: justify;\"><span style=\"font-family: times new roman, times, serif; font-size: 14pt;\">Et moi, je pense que Nancy Pelosi m\u00e9rite notre profonde gratitude. Elle devrait obtenir au moins deux m\u00e9dailles :<\/span><\/p>\n<p>&nbsp;<\/p>\n<ul style=\"text-align: justify;\">\n<li><span style=\"font-family: times new roman, times, serif; font-size: 14pt;\">Une du PC de Chine, en remerciement de ses efforts infinis pour rallier le peuple chinois autour de son gouvernement et<\/span><\/li>\n<li><span style=\"font-family: times new roman, times, serif; font-size: 14pt;\">Une de la Russie, en remerciement de ses efforts infinis pour b\u00e9tonner l\u2019alliance russo-chinoise.<\/span><\/li>\n<\/ul>\n<p>&nbsp;<\/p>\n<p style=\"text-align: justify;\"><span style=\"font-family: times new roman, times, serif; font-size: 14pt;\">\u00c0 vrai dire, entre Blinken et Pelosi, les int\u00e9r\u00eats de s\u00e9curit\u00e9 nationale de la Chine et de la Russie sont en de tr\u00e8s bonnes mains.<\/span><\/p>\n<p>&nbsp;<\/p>\n<p style=\"text-align: justify;\"><span style=\"font-family: times new roman, times, serif; font-size: 14pt;\">Andrei<\/span><\/p>\n<p>&nbsp;<\/p>\n<p>&nbsp;<\/p>\n<p style=\"text-align: justify;\"><span style=\"font-family: times new roman, times, serif; font-size: 14pt;\">Source\u00a0: <a href=\"https:\/\/thesaker.is\/nancy-braves-the-chinese-dragon-and-wins\/\">Nancy braves the Chinese dragon and wins? | The Vineyard of the Saker<\/a><\/span><\/p>\n<p>&nbsp;<\/p>\n<p style=\"text-align: left;\"><span style=\"font-family: times new roman, times, serif; font-size: 14pt;\"><strong>URL de cet article :<\/strong> <a href=\"http:\/\/blog.lesgrossesorchadeslesamplesthalameges.fr\/index.php\/nancy-brave-le-dragon-chinois-et-gagne\/\">http:\/\/blog.lesgrossesorchadeslesamplesthalameges.fr\/index.php\/nancy-brave-le-dragon-chinois-et-gagne\/<\/a><strong><br \/>\n<\/strong><\/span><\/p>\n<p style=\"text-align: justify;\"><span style=\"font-family: times new roman, times, serif; font-size: 14pt;\"><strong>\u00a0<\/strong><\/span><\/p>\n<p><strong>\u00a0<\/strong><\/p>\n<p style=\"text-align: center;\"><strong>\u00a0<a href=\"http:\/\/blog.lesgrossesorchadeslesamplesthalameges.fr\/index.php\/2022\/07\/31\/sombre-dimanche-pour-nancy-pelosi-c\/000-russep-x-34\/\" rel=\"attachment wp-att-20009\"><img loading=\"lazy\" class=\"alignnone size-full wp-image-20009\" src=\"http:\/\/blog.lesgrossesorchadeslesamplesthalameges.fr\/wp-content\/uploads\/2022\/07\/000.-russep-x.gif\" alt=\"\" width=\"50\" height=\"50\" \/><\/a><\/strong><\/p>\n<p><strong>\u00a0<\/strong><\/p>\n<p style=\"text-align: right;\"><span style=\"font-family: comic sans ms, sans-serif; font-size: 14pt;\">Ao\u00fbt 2022<\/span><\/p>\n<p>&nbsp;<\/p>\n<p>&nbsp;<\/p>\n","protected":false},"excerpt":{"rendered":"<p>&nbsp; &nbsp; &nbsp; &nbsp; &nbsp; &nbsp; &nbsp; &nbsp; Nancy brave le dragon chinois et gagne ? &nbsp; &nbsp; The Saker.is \u2013 2.8.2022 &nbsp; Traduction : c.l. pour L.G.O. \u00a0 \u00a0 &nbsp; &nbsp; &nbsp; Il semble donc que Pelosi ait atterri \u00e0 Ta\u00efwan. C\u2019est une \u00c9NORME victoire pour les \u00c9tats-Unis invincibles, et la Chine, avec toutes&#8230;<\/p>\n","protected":false},"author":1,"featured_media":0,"parent":0,"menu_order":0,"comment_status":"open","ping_status":"open","template":"","meta":[],"_links":{"self":[{"href":"https:\/\/blog.lesgrossesorchadeslesamplesthalameges.fr\/index.php\/wp-json\/wp\/v2\/pages\/20054"}],"collection":[{"href":"https:\/\/blog.lesgrossesorchadeslesamplesthalameges.fr\/index.php\/wp-json\/wp\/v2\/pages"}],"about":[{"href":"https:\/\/blog.lesgrossesorchadeslesamplesthalameges.fr\/index.php\/wp-json\/wp\/v2\/types\/page"}],"author":[{"embeddable":true,"href":"https:\/\/blog.lesgrossesorchadeslesamplesthalameges.fr\/index.php\/wp-json\/wp\/v2\/users\/1"}],"replies":[{"embeddable":true,"href":"https:\/\/blog.lesgrossesorchadeslesamplesthalameges.fr\/index.php\/wp-json\/wp\/v2\/comments?post=20054"}],"version-history":[{"count":6,"href":"https:\/\/blog.lesgrossesorchadeslesamplesthalameges.fr\/index.php\/wp-json\/wp\/v2\/pages\/20054\/revisions"}],"predecessor-version":[{"id":20060,"href":"https:\/\/blog.lesgrossesorchadeslesamplesthalameges.fr\/index.php\/wp-json\/wp\/v2\/pages\/20054\/revisions\/20060"}],"wp:attachment":[{"href":"https:\/\/blog.lesgrossesorchadeslesamplesthalameges.fr\/index.php\/wp-json\/wp\/v2\/media?parent=20054"}],"curies":[{"name":"wp","href":"https:\/\/api.w.org\/{rel}","templated":true}]}}