{"id":20076,"date":"2022-08-03T18:02:45","date_gmt":"2022-08-03T16:02:45","guid":{"rendered":"http:\/\/blog.lesgrossesorchadeslesamplesthalameges.fr\/?page_id=20076"},"modified":"2022-08-03T18:04:13","modified_gmt":"2022-08-03T16:04:13","slug":"comment-cnn-ment-sur-taiwan","status":"publish","type":"page","link":"https:\/\/blog.lesgrossesorchadeslesamplesthalameges.fr\/index.php\/comment-cnn-ment-sur-taiwan\/","title":{"rendered":"Comment CNN ment sur Ta\u00efwan"},"content":{"rendered":"<p>&nbsp;<\/p>\n<p>&nbsp;<\/p>\n<p>&nbsp;<\/p>\n<p>&nbsp;<\/p>\n<p>&nbsp;<\/p>\n<p>&nbsp;<\/p>\n<p>&nbsp;<\/p>\n<p>&nbsp;<\/p>\n<p style=\"text-align: center;\"><span style=\"font-family: times new roman, times, serif; font-size: 36pt;\"><strong>Comment CNN ment sur Ta\u00efwan<\/strong><\/span><\/p>\n<p>&nbsp;<\/p>\n<p>&nbsp;<\/p>\n<p style=\"text-align: center;\"><strong><span style=\"font-family: times new roman, times, serif; font-size: 14pt;\"><a href=\"https:\/\/theduran.com\/author\/eric-zuesse\/\"><span style=\"font-size: 18pt;\">Eric Zuesse<\/span> <\/a><span style=\"font-size: 18pt;\">\u00a0\u2013 <em>TheDuran<\/em> \u2013 1.8. 2022<\/span><\/span><\/strong><\/p>\n<p>&nbsp;<\/p>\n<p style=\"text-align: center;\"><span style=\"font-family: times new roman, times, serif; font-size: 18pt;\">Traduction :<strong> c.l. <\/strong>pour <strong><em>L.G.O.<\/em><\/strong><\/span><\/p>\n<p><span style=\"font-family: times new roman, times, serif; font-size: 14pt;\"><strong><em>\u00a0<\/em><\/strong><\/span><\/p>\n<p>&nbsp;<\/p>\n<p>&nbsp;<\/p>\n<p style=\"text-align: center;\"><a href=\"http:\/\/blog.lesgrossesorchadeslesamplesthalameges.fr\/index.php\/2022\/08\/03\/est-ce-que-les-pochardes-octogenaires-nont-rien-de-mieux-a-faire-que-deternellement-retenter-le-coup-du-4-aout-1964\/12-pelosi-china\/\" rel=\"attachment wp-att-20037\"><img loading=\"lazy\" class=\"alignnone wp-image-20037 size-full\" src=\"http:\/\/blog.lesgrossesorchadeslesamplesthalameges.fr\/wp-content\/uploads\/2022\/08\/12.-Pelosi-China.jpg\" alt=\"\" width=\"600\" height=\"408\" srcset=\"https:\/\/blog.lesgrossesorchadeslesamplesthalameges.fr\/wp-content\/uploads\/2022\/08\/12.-Pelosi-China.jpg 600w, https:\/\/blog.lesgrossesorchadeslesamplesthalameges.fr\/wp-content\/uploads\/2022\/08\/12.-Pelosi-China-300x204.jpg 300w\" sizes=\"(max-width: 600px) 100vw, 600px\" \/><\/a><\/p>\n<p>&nbsp;<\/p>\n<p>&nbsp;<\/p>\n<p>&nbsp;<\/p>\n<p style=\"text-align: justify;\"><span style=\"font-family: times new roman, times, serif; font-size: 14pt;\">CNN pr\u00e9sente Ta\u00efwan comme n&rsquo;ayant jamais fait partie de la Chine, et c&rsquo;est un mensonge. De plus, CNN pr\u00e9sente les \u00c9tats-Unis (se r\u00e9f\u00e9rant ici \u00e0 la position officielle de l&rsquo;Am\u00e9rique sur cette question depuis 1972, date \u00e0 laquelle elle est devenue explicite) comme ayant toujours pr\u00e9tendu que Ta\u00efwan ne faisait pas partie de la Chine. Ce sont deux tr\u00e8s gros mensonges.<\/span><\/p>\n<p>&nbsp;<\/p>\n<p style=\"text-align: justify;\"><span style=\"font-family: times new roman, times, serif; font-size: 14pt;\">Le matin du 1er ao\u00fbt 2022, alors que la pr\u00e9sidente de la Chambre des repr\u00e9sentants des \u00c9tats-Unis, Nancy Pelosi \u2013 troisi\u00e8me en ligne pour la pr\u00e9sidence des \u00c9tats-Unis apr\u00e8s la vice-pr\u00e9sidente Kamala Harris \u2013 commen\u00e7ait son voyage en Asie dans le but de d\u00e9clencher une guerre entre la Chine et l&rsquo;Am\u00e9rique au sujet de Ta\u00efwan et d&rsquo;autres questions, CNN a titr\u00e9 sur <a href=\"https:\/\/web.archive.org\/web\/20220801123657\/https:\/www.cnn.com\/\">sa page d&rsquo;accueil<\/a> \u00ab\u00a0<a href=\"https:\/\/web.archive.org\/web\/20220731202441mp_\/https:\/www.cnn.com\/2022\/07\/29\/china\/pelosi-visit-what-taiwan-thinks-intl-hnk\/index.html\">Que pense Ta\u00efwan de la possibilit\u00e9 d&rsquo;une visite de Nancy Pelosi\u00a0<\/a>?\u00a0\u00bb, et cet article s&rsquo;est ouvert sur :<\/span><\/p>\n<p>&nbsp;<\/p>\n<p style=\"text-align: justify;\"><span style=\"font-family: times new roman, times, serif; font-size: 14pt;\"><em>Les informations selon lesquelles la pr\u00e9sidente de la Chambre des repr\u00e9sentants des \u00c9tats-Unis, Nancy Pelosi, envisage de se rendre \u00e0 Ta\u00efwan ont suscit\u00e9 des \u00e9changes tendus entre les \u00c9tats-Unis et la Chine et des sp\u00e9culations croissantes sur la r\u00e9action de P\u00e9kin.<\/em><\/span><\/p>\n<p style=\"text-align: justify;\"><span style=\"font-family: times new roman, times, serif; font-size: 14pt;\"><em>Bien que Mme Pelosi, qui critique ouvertement P\u00e9kin, ait jusqu&rsquo;\u00e0 pr\u00e9sent refus\u00e9 de confirmer ces informations, elle a d\u00e9clar\u00e9 qu&rsquo;il \u00e9tait important pour les \u00c9tats-Unis de montrer leur soutien \u00e0 Ta\u00efwan, et des l\u00e9gislateurs des deux c\u00f4t\u00e9s du clivage politique de Washington l&rsquo;ont exhort\u00e9e \u00e0 s&rsquo;y rendre. La Chine, quant \u00e0 elle, s&rsquo;est insurg\u00e9e contre cette id\u00e9e, jurant de prendre des \u00ab\u00a0mesures \u00e9nergiques et r\u00e9solues\u00a0\u00bb en cas de voyage.<\/em><\/span><\/p>\n<p style=\"text-align: justify;\"><span style=\"font-family: times new roman, times, serif; font-size: 14pt;\"><em>L&rsquo;\u00eele qui se trouve au centre de la controverse est pour sa part beaucoup moins loquace.<\/em><\/span><\/p>\n<p style=\"text-align: justify;\"><span style=\"font-family: times new roman, times, serif; font-size: 14pt;\"><em>Aucune d\u00e9claration pour ou contre le voyage potentiel de Mme Pelosi n&rsquo;a \u00e9t\u00e9 faite par la pr\u00e9sidente ta\u00efwanaise Tsai Ing-wen ou par son bureau, bien que le premier ministre Su Tseng-chang ait d\u00e9clar\u00e9 mercredi que Taipei \u00e9tait \u00ab\u00a0tr\u00e8s reconnaissant envers la pr\u00e9sidente Pelosi pour son soutien et sa gentillesse envers Ta\u00efwan au fil des ans\u00a0\u00bb et que l&rsquo;\u00eele accueillait tout invit\u00e9 amical venant de l&rsquo;\u00e9tranger.<\/em><\/span><\/p>\n<p style=\"text-align: justify;\"><span style=\"font-family: times new roman, times, serif; font-size: 14pt;\"><em>Selon les analystes, ce silence relatif s&rsquo;explique par le fait que Ta\u00efwan, \u00eele d\u00e9mocratique autonome de 24 millions d&rsquo;habitants que le parti communiste chinois au pouvoir revendique comme faisant partie de son territoire, bien qu&rsquo;il ne l&rsquo;ait jamais contr\u00f4l\u00e9e, se trouve dans une situation d\u00e9licate.<\/em><\/span><\/p>\n<p style=\"text-align: justify;\"><span style=\"font-family: times new roman, times, serif; font-size: 14pt;\"><em>Ta\u00efwan, soulignent-ils, d\u00e9pend des armes am\u00e9ricaines pour se d\u00e9fendre contre l&rsquo;\u00e9ventualit\u00e9 d&rsquo;une invasion et d&rsquo;une prise de contr\u00f4le par la force de la part de la Chine \u2013 elle ne veut donc pas donner l&rsquo;impression de d\u00e9courager le soutien de l&rsquo;un des hommes politiques les plus puissants des \u00c9tats-Unis.<\/em><\/span><\/p>\n<p>&nbsp;<\/p>\n<p style=\"text-align: justify;\"><span style=\"font-family: times new roman, times, serif; font-size: 14pt;\">Comme l&rsquo;indique mon article du 31 juillet 2022, \u00ab\u00a0<a href=\"https:\/\/theduran.com\/how-likely-is-a-nuclear-ww-iii-u-s-v-china\/\">Quelle probabilit\u00e9 y a-t-il de voir une 3<sup>e<\/sup> Guerre mondiale nucl\u00e9aire USA-Chine\u00a0?\u00a0<\/a>\u00bb, la position officielle du gouvernement am\u00e9ricain, telle qu&rsquo;elle a \u00e9t\u00e9 \u00e9nonc\u00e9e le 28 f\u00e9vrier 1972, a \u00e9t\u00e9 et demeure :<\/span><\/p>\n<p>&nbsp;<\/p>\n<p style=\"text-align: justify; padding-left: 80px;\"><span style=\"font-family: times new roman, times, serif; font-size: 14pt;\"><strong><em>Les \u00c9tats-Unis reconnaissent que tous les Chinois, de part et d&rsquo;autre du d\u00e9troit de Ta\u00efwan, soutiennent qu&rsquo;il n&rsquo;existe qu&rsquo;une seule Chine et que Ta\u00efwan fait partie de la Chine. Le gouvernement des \u00c9tats-Unis ne conteste pas cette position. Il r\u00e9affirme son int\u00e9r\u00eat pour un r\u00e8glement pacifique de la question de Ta\u00efwan par les Chinois eux-m\u00eames.<\/em><\/strong><\/span><\/p>\n<p style=\"text-align: justify;\"><span style=\"font-family: times new roman, times, serif; font-size: 14pt;\"><strong><em>\u00a0<\/em><\/strong><\/span><\/p>\n<p style=\"text-align: justify;\"><span style=\"font-family: times new roman, times, serif; font-size: 14pt;\">D&rsquo;ailleurs, mon article se terminait par une \u00e9vocation de la v\u00e9ritable histoire de cette situation :<\/span><\/p>\n<p>&nbsp;<\/p>\n<p style=\"text-align: justify;\"><span style=\"font-family: times new roman, times, serif; font-size: 14pt;\"><em>En ce qui concerne l&rsquo;histoire de l&rsquo;\u00eele et la question historique cl\u00e9, qui est de savoir si l&rsquo;all\u00e9gation selon laquelle \u00ab\u00a0Ta\u00efwan fait partie de la Chine\u00a0\u00bb est vraie, voici un r\u00e9sum\u00e9 de cette histoire : <\/em><\/span><\/p>\n<p style=\"text-align: justify;\"><span style=\"font-family: times new roman, times, serif; font-size: 14pt;\"><em>Ta\u00efwan (Formose) a vu le jour lorsque l&#8217;empire japonais a \u00e9t\u00e9 contraint d&rsquo;abandonner le contr\u00f4le de l&rsquo;\u00eele chinoise de Formose. Truman a soutenu les forces fascistes du Guomindang (GMD) ou du Kuomintang (KMT) qui avaient fui les forces antijaponaises victorieuses de Mao en Chine continentale, sur l&rsquo;\u00eele chinoise de Formose et y a form\u00e9 la \u00ab\u00a0R\u00e9publique de Chine\u00a0\u00bb, en tant que protectorat am\u00e9ricain. L\u2019\u00eele s&rsquo;est ensuite appel\u00e9e \u00ab\u00a0Ta\u00efwan\u00a0\u00bb (que <\/em><a href=\"https:\/\/archive.ph\/dtTRg\"><em>m\u00eame les historiens japonais reconnaissent comme \u00e9tant un nom chinois pour l&rsquo;\u00eele<\/em><\/a><em>) mais s&rsquo;est appel\u00e9e officiellement \u00ab\u00a0R\u00e9publique de Chine\u00a0\u00bb et NON \u00ab\u00a0R\u00e9publique de Ta\u00efwan\u00a0\u00bb. Ainsi, m\u00eame sous l&rsquo;appellation officielle et choisie de \u00ab\u00a0R\u00e9publique de Chine\u00a0\u00bb, quiconque nie qu&rsquo;il s&rsquo;agisse bien d&rsquo;une partie de la Chine et qu&rsquo;elle soit \u00ab\u00a0chinoise\u00a0\u00bb, ment purement, simplement et audacieusement, car m\u00eame le KMT (ou GMD) l&rsquo;a dit. Le camp am\u00e9ricain (qui remplace d\u00e9sormais le camp japonais en tant que ma\u00eetres fascistes de Ta\u00efwan apr\u00e8s la Deuxi\u00e8me Guerre mondiale) a perdu la guerre civile en Chine, mais depuis lors, le gouvernement am\u00e9ricain prot\u00e8ge le camp perdant de la guerre civile chinoise, qui s&rsquo;est retranch\u00e9 dans ce qui est en fait la province chinoise de Formose ou Ta\u00efwan. Si et quand la Chine en reprendra finalement le contr\u00f4le, le nom de l&rsquo;endroit pourrait redevenir \u00ab\u00a0Formose\u00a0\u00bb ou \u00ab\u00a0la province de Formose\u00a0\u00bb, afin de signifier que c&rsquo;est la Chine, et non le Japon, qui a gagn\u00e9 la Deuxi\u00e8me Guerre mondiale. Aucun de ces fascismes dans l&rsquo;Asie d&rsquo;apr\u00e8s-guerre n&rsquo;aurait eu lieu, du tout, si FDR [Franklin D. Roosevelt, NdT], au lieu de Truman, avait \u00e9t\u00e9 le pr\u00e9sident des \u00c9tats-Unis apr\u00e8s la Deuxi\u00e8me Guerre mondiale. <\/em><a href=\"https:\/\/theduran.com\/the-future-for-china\/\"><em>Truman \u00e9tait un fasciste-imp\u00e9rialiste, mais FDR \u00e9tait intens\u00e9ment CONTRE le fascisme et l&rsquo;imp\u00e9rialisme<\/em><\/a><em>. L&rsquo;anticommunisme n&rsquo;est que l&rsquo;excuse que les imp\u00e9rialistes fascistes de l&rsquo;apr\u00e8s-Deuxi\u00e8me Guerre mondiale ont donn\u00e9 \u00e0 leur imp\u00e9rialisme fasciste (les coups d&rsquo;\u00c9tat, les invasions, les subversions, etc. de l&rsquo;Am\u00e9rique pour conqu\u00e9rir le monde), afin de tromper leurs populations en leur faisant croire qu&rsquo;elles vivaient dans une \u00ab\u00a0d\u00e9mocratie\u00a0\u00bb.<\/em><\/span><\/p>\n<p style=\"text-align: justify;\"><span style=\"font-family: times new roman, times, serif; font-size: 14pt;\"><em>S&rsquo;il y a une troisi\u00e8me guerre mondiale, ce sera en raison de l&rsquo;inversion par Truman de la politique \u00e9trang\u00e8re de Roosevelt, et NON parce qu&rsquo;il a poursuivi cette politique (ce qu&rsquo;il n&rsquo;a pas fait &#8211; bien que de nombreux \u00ab\u00a0historiens\u00a0\u00bb pr\u00e9tendent qu&rsquo;il l&rsquo;a fait). C\u2019est le 25 juillet 1945 que le tournant s&rsquo;est op\u00e9r\u00e9 par rapport \u00e0 la politique \u00e9trang\u00e8re de FDR. C&rsquo;est ce qui a permis \u00e0 cette boule de neige r\u00e9actionaire de d\u00e9valer le versant fasciste-imp\u00e9rialiste de l&rsquo;histoire du monde depuis lors. C&rsquo;est ce qui a pouss\u00e9 Truman \u00e0 remplacer rapidement toute l&rsquo;\u00e9quipe de politique \u00e9trang\u00e8re de Roosevelt. Truman a \u00e9t\u00e9 la catastrophe, PAS la continuation. Et cependant, le Congr\u00e8s am\u00e9ricain, \u00e0 cette \u00e9poque, a \u00e9t\u00e9 encore pire que lui. Et il l&rsquo;est toujours. En somme, c\u2019est FDR qui a constitu\u00e9 une anomalie. Tout comme Lincoln en son temps. Tout comme la majorit\u00e9 de la Convention constitutionnelle am\u00e9ricaine, celle qui a r\u00e9dig\u00e9 collectivement la Constitution am\u00e9ricaine anti-imp\u00e9rialiste, qui n\u2019est plus aujourd\u2019hui qu\u2019un chiffon de papier. Le d\u00e9ferlement aristocratique qui a suivi pourrait bien emporter maintenant tout ce qu&rsquo;ils ont accompli, et ne laisser apr\u00e8s lui qu&rsquo;un oc\u00e9an de sang.<\/em><\/span><\/p>\n<p>&nbsp;<\/p>\n<p style=\"text-align: justify;\"><span style=\"font-family: times new roman, times, serif; font-size: 14pt;\">Cet article rappelle encore d\u2019autres pans d\u2019histoire, y compris comment les fascistes chinois (le KMT ou Kuomintang) qui s\u2019\u00e9taient \u00e9chapp\u00e9s de la Chine continentale pour remplacer les Japonais comme nouveaux seigneurs et ma\u00eetres de l\u2019\u00eele de Ta\u00efwan, ont envoy\u00e9 une arm\u00e9e en Tha\u00eflande (alors appel\u00e9e Siam), pour permettre \u00e0 la CIA nouvellement cr\u00e9\u00e9e de Truman d\u2019y perp\u00e9trer son tout premier coup d\u2019\u00c9tat, qui devait lui permettre de s\u2019emparer du centre mondial du trafic d\u2019opium (lequel se trouvait l\u00e0), afin que les futurs coups d\u2019\u00c9tat U.S. (et les pots-de-vin qu\u2019ils impliquaient) puissent \u00eatre financ\u00e9s clandestinement, comme ce fut le cas en Syrie (1949), en Iran (1953) et au Guatemala (1954).<\/span><\/p>\n<p>&nbsp;<\/p>\n<p style=\"text-align: justify;\"><span style=\"font-family: times new roman, times, serif; font-size: 14pt;\">L&rsquo;article montre aussi comment \u2013 et explique pourquoi \u2013 l&rsquo;opinion publique de cette \u00eele chinoise n&rsquo;a commenc\u00e9 qu&rsquo;en 1994 \u00e0 faire l&rsquo;objet d&rsquo;un sondage annuel et syst\u00e9matique sur la question de savoir ce que les r\u00e9sidents pensent de la possibilit\u00e9 que Ta\u00efwan se d\u00e9clare officiellement comme une nation distincte de la Chine.<\/span><\/p>\n<p>&nbsp;<\/p>\n<p style=\"text-align: justify;\"><span style=\"font-family: times new roman, times, serif; font-size: 14pt;\">L&rsquo;actualit\u00e9 d&rsquo;aujourd&rsquo;hui ne peut \u00eatre comprise de mani\u00e8re v\u00e9ridique sur la base de mensonges historiques.<\/span><\/p>\n<p>&nbsp;<\/p>\n<p>&nbsp;<\/p>\n<p style=\"text-align: justify;\"><span style=\"font-family: times new roman, times, serif; font-size: 14pt;\"><a href=\"http:\/\/blog.lesgrossesorchadeslesamplesthalameges.fr\/index.php\/comment-cnn-ment-sur-taiwan\/14-zuesse\/\" rel=\"attachment wp-att-20078\"><img loading=\"lazy\" class=\"alignnone wp-image-20078 size-full\" src=\"http:\/\/blog.lesgrossesorchadeslesamplesthalameges.fr\/wp-content\/uploads\/2022\/08\/14.-Zuesse.jpg\" alt=\"\" width=\"200\" height=\"258\" \/><\/a><\/span><\/p>\n<p style=\"text-align: justify;\"><span style=\"font-family: times new roman, times, serif; font-size: 12pt;\">Le prochain livre de l&rsquo;historien Eric Zuesse (\u00e0 para\u00eetre prochainement) s&rsquo;intitule <em>L\u2019empire du mal de l\u2019Am\u00e9rique<\/em>\u00a0: <em>la<\/em> <em>victoire posthume de Hitler et pourquoi les Sciences sociales doivent changer<\/em>. Ce livre explique comment l&rsquo;Am\u00e9rique a pris le contr\u00f4le du monde apr\u00e8s la Deuxi\u00e8me Guerre mondiale, pour l&rsquo;asservir aux milliardaires am\u00e9ricains et alli\u00e9s. Leurs cartels s\u2019emparent des richesses du monde en contr\u00f4lant non seulement les m\u00e9dias d&rsquo;information mais aussi les \u00ab\u00a0sciences\u00a0\u00bb sociales &#8211; et dupent le public.<\/span><\/p>\n<p>&nbsp;<\/p>\n<p><span style=\"font-family: times new roman, times, serif; font-size: 14pt;\">Source : <a href=\"https:\/\/theduran.com\/how-cnn-lies-about-taiwan\/?ml_subscriber=2007570149439181901&amp;ml_subscriber_hash=w9s8\">https:\/\/theduran.com\/how-cnn-lies-about-taiwan\/?ml_subscriber=2007570149439181901&amp;ml_subscriber_hash=w9s8<\/a><\/span><\/p>\n<p>&nbsp;<\/p>\n<p style=\"text-align: left;\"><span style=\"font-family: times new roman, times, serif; font-size: 14pt;\"><strong>URL de cet article : <\/strong><a href=\"http:\/\/blog.lesgrossesorchadeslesamplesthalameges.fr\/index.php\/comment-cnn-ment-sur-taiwan\/\">http:\/\/blog.lesgrossesorchadeslesamplesthalameges.fr\/index.php\/comment-cnn-ment-sur-taiwan\/<\/a><strong><br \/>\n<\/strong><\/span><\/p>\n<p><span style=\"font-family: times new roman, times, serif; font-size: 14pt;\"><strong>\u00a0<\/strong><\/span><\/p>\n<p>&nbsp;<\/p>\n<p style=\"text-align: center;\"><a href=\"http:\/\/blog.lesgrossesorchadeslesamplesthalameges.fr\/index.php\/2022\/07\/31\/sombre-dimanche-pour-nancy-pelosi-c\/000-russep-x-34\/\" rel=\"attachment wp-att-20009\"><img loading=\"lazy\" class=\"alignnone size-full wp-image-20009\" src=\"http:\/\/blog.lesgrossesorchadeslesamplesthalameges.fr\/wp-content\/uploads\/2022\/07\/000.-russep-x.gif\" alt=\"\" width=\"50\" height=\"50\" \/><\/a><\/p>\n<p>&nbsp;<\/p>\n<p>&nbsp;<\/p>\n<p style=\"text-align: right;\"><span style=\"font-family: comic sans ms, sans-serif; font-size: 14pt;\">Ao\u00fbt 2022<\/span><\/p>\n<p>&nbsp;<\/p>\n<p>&nbsp;<\/p>\n","protected":false},"excerpt":{"rendered":"<p>&nbsp; &nbsp; &nbsp; &nbsp; &nbsp; &nbsp; &nbsp; &nbsp; Comment CNN ment sur Ta\u00efwan &nbsp; &nbsp; Eric Zuesse \u00a0\u2013 TheDuran \u2013 1.8. 2022 &nbsp; Traduction : c.l. pour L.G.O. \u00a0 &nbsp; &nbsp; &nbsp; &nbsp; &nbsp; CNN pr\u00e9sente Ta\u00efwan comme n&rsquo;ayant jamais fait partie de la Chine, et c&rsquo;est un mensonge. De plus, CNN pr\u00e9sente les \u00c9tats-Unis&#8230;<\/p>\n","protected":false},"author":1,"featured_media":0,"parent":0,"menu_order":0,"comment_status":"open","ping_status":"open","template":"","meta":[],"_links":{"self":[{"href":"https:\/\/blog.lesgrossesorchadeslesamplesthalameges.fr\/index.php\/wp-json\/wp\/v2\/pages\/20076"}],"collection":[{"href":"https:\/\/blog.lesgrossesorchadeslesamplesthalameges.fr\/index.php\/wp-json\/wp\/v2\/pages"}],"about":[{"href":"https:\/\/blog.lesgrossesorchadeslesamplesthalameges.fr\/index.php\/wp-json\/wp\/v2\/types\/page"}],"author":[{"embeddable":true,"href":"https:\/\/blog.lesgrossesorchadeslesamplesthalameges.fr\/index.php\/wp-json\/wp\/v2\/users\/1"}],"replies":[{"embeddable":true,"href":"https:\/\/blog.lesgrossesorchadeslesamplesthalameges.fr\/index.php\/wp-json\/wp\/v2\/comments?post=20076"}],"version-history":[{"count":7,"href":"https:\/\/blog.lesgrossesorchadeslesamplesthalameges.fr\/index.php\/wp-json\/wp\/v2\/pages\/20076\/revisions"}],"predecessor-version":[{"id":20084,"href":"https:\/\/blog.lesgrossesorchadeslesamplesthalameges.fr\/index.php\/wp-json\/wp\/v2\/pages\/20076\/revisions\/20084"}],"wp:attachment":[{"href":"https:\/\/blog.lesgrossesorchadeslesamplesthalameges.fr\/index.php\/wp-json\/wp\/v2\/media?parent=20076"}],"curies":[{"name":"wp","href":"https:\/\/api.w.org\/{rel}","templated":true}]}}