{"id":2008,"date":"2019-01-25T23:25:35","date_gmt":"2019-01-25T22:25:35","guid":{"rendered":"http:\/\/blog.lesgrossesorchadeslesamplesthalameges.fr\/?page_id=2008"},"modified":"2019-01-26T00:28:29","modified_gmt":"2019-01-25T23:28:29","slug":"syrie-le-retouir","status":"publish","type":"page","link":"https:\/\/blog.lesgrossesorchadeslesamplesthalameges.fr\/index.php\/syrie-le-retouir\/","title":{"rendered":"Syrie le Retour"},"content":{"rendered":"<p><span style=\"font-family: times new roman, times, serif; font-size: 14pt;\"><strong>\u00a0<\/strong><\/span><\/p>\n<p>&nbsp;<\/p>\n<p>&nbsp;<\/p>\n<p>&nbsp;<\/p>\n<p style=\"text-align: center;\"><span style=\"font-family: times new roman, times, serif; font-size: 36pt;\"><strong>\u00ab\u00a0Syrie le Retour\u00a0\u00bb <\/strong><\/span><\/p>\n<p style=\"text-align: center;\"><span style=\"font-family: times new roman, times, serif; font-size: 36pt;\"><strong>\u2026 \u00e0 Caracas, o\u00f9 l\u2019hypocrisie am\u00e9ricaine clignote sur tous les panneaux d\u2019affichage<\/strong><\/span><\/p>\n<p>&nbsp;<\/p>\n<p style=\"text-align: center;\"><span style=\"font-family: times new roman, times, serif; font-size: 14pt;\"><a href=\"https:\/\/syrianperspective.com\/author\/ziad-fadel\"><strong><span style=\"font-size: 18pt;\">Ziad Fadel<\/span><\/strong><\/a><span style=\"font-size: 18pt;\"> <strong>\u00a0\u2013 <\/strong><a href=\"https:\/\/syrianperspective.com\/2019\/01\/syria-redux-in-caracas-with-american-hypocrisy-lit-up-on-the-billboards.html\"><strong>\u00a0<\/strong><\/a><a href=\"https:\/\/syrianperspective.com\/\"><strong><em>Syrian Perspective<\/em><\/strong><\/a><strong>\u00a0 <\/strong><\/span>\u2013<strong>\u00a0 <\/strong>24.1.2019<\/span><\/p>\n<p>&nbsp;<\/p>\n<p>&nbsp;<\/p>\n<p style=\"text-align: center;\"><img loading=\"lazy\" class=\"alignnone wp-image-1978\" src=\"http:\/\/blog.lesgrossesorchadeslesamplesthalameges.fr\/wp-content\/uploads\/2019\/01\/ZIAD-1-300x200.jpg\" alt=\"\" width=\"650\" height=\"433\" srcset=\"https:\/\/blog.lesgrossesorchadeslesamplesthalameges.fr\/wp-content\/uploads\/2019\/01\/ZIAD-1-300x200.jpg 300w, https:\/\/blog.lesgrossesorchadeslesamplesthalameges.fr\/wp-content\/uploads\/2019\/01\/ZIAD-1.jpg 480w\" sizes=\"(max-width: 650px) 100vw, 650px\" \/><\/p>\n<p style=\"text-align: center;\"><span style=\"font-family: times new roman, times, serif; font-size: 12pt;\"><strong><em>Ceci vous rappelle quelque chose\u00a0? La seule diff\u00e9rence est que ce terroriste-l\u00e0 op\u00e8re \u00a0\u00e0 Caracas, Venezuela, alors que les autres rats avaient commenc\u00e9 leurs exploits \u00e0 Deraa, Syrie. Tout \u00e7a provoqu\u00e9 par les m\u00eames motifs US<\/em><\/strong><\/span><\/p>\n<p>&nbsp;<\/p>\n<p>&nbsp;<\/p>\n<p style=\"text-align: justify;\"><span style=\"font-family: times new roman, times, serif; font-size: 14pt;\">Est-ce que vous n\u2019adorez pas\u00a0 les platitudes des sirupeux refrains qui viennent d\u00e9j\u00e0 vous engluer \u00e0 coups de \u00ab\u00a0peuple\u00a0\u00bb, de \u00ab\u00a0d\u00e9mocratie\u00a0\u00bb, de \u00ab\u00a0lib\u00e9ration\u00a0\u00bb, de \u00ab\u00a0justice\u00a0\u00bb, de \u00ab\u00a0transparence\u00a0\u00bb et de l\u2019habituel charabia que d\u00e9goisent les gueules de ces faux-derches et menteurs professionnels\u00a0? M&#8230;. ! Je pensais que les Am\u00e9ricains se seraient finalement rendu compte de l\u2019\u00e9tendue de leur d\u00e9faite en Syrie. M\u00eame la Grande Bretagne, cette nation la plus pleine \u00e0 ras-bords de sc\u00e9l\u00e9rats, aurait d\u00fb finir par admettre que sa politique en Syrie s\u2019est plant\u00e9e, et que, si elle s\u2019est plant\u00e9e en Syrie, pourquoi marcherait-elle au Venezuela\u00a0?<\/span><\/p>\n<p style=\"text-align: justify;\"><span style=\"font-family: times new roman, times, serif; font-size: 14pt;\">Elle ne le fera pas. <em>Point.<\/em><\/span><\/p>\n<p style=\"text-align: justify;\"><span style=\"font-family: times new roman, times, serif; font-size: 14pt;\">Et le Vice-Pr\u00e9sident Mike Pence, si \u00e9moustill\u00e9 qu\u2019il soit par l\u2019\u00e9lection de <a href=\"https:\/\/www.la-croix.com\/Religion\/Protestantisme\/Doit-dire-evangelique-evangeliste-2018-10-29-1200979420\">son comp\u00e8re en \u00c9vang\u00e9lisme<\/a>, le bouffon br\u00e9silien Ja\u00efr Bolsonaro, n\u2019est-il pas piteusement inintelligible quand il tente de racoler le plus de soutiens possible \u00e0 la \u00ab\u00a0r\u00e9volte\u00a0\u00bb de Caracas\u00a0? \u00a0En fin de compte, il n\u2019a pas r\u00e9ussi \u00e0 racoler grand-chose pour \u00e9pauler son mini-coup au Venezuela. Le gouvernement mexicain s\u2019en est tenu aux principes et a refus\u00e9 de d\u00e9noncer le pr\u00e9sident Maduro. M\u00eame l\u2019Union Europ\u00e9enne n\u2019a pas pris clairement position, se bornant \u00e0 demander de nouvelles \u00e9lections plus conformes aux souhaits de Washington. La Russie et la Chine, et m\u00eame la Turquie, ont choisi de soutenir le seul gouvernement l\u00e9gitime du Venezuela, celui qui a un ambassadeur aux Nations Unies.<\/span><\/p>\n<p style=\"text-align: justify;\"><span style=\"font-family: times new roman, times, serif; font-size: 14pt;\">Je m\u2019en vais donner un bon conseil \u00e0 M. Maduro\u00a0: arr\u00eatez Juan Guaido pour s\u00e9dition et trahison. Il sera reconnu coupable, parce que ses m\u00e9faits sont film\u00e9s au grand jour. Il devra alors \u00eatre ex\u00e9cut\u00e9, incin\u00e9r\u00e9 et ses cendres dispers\u00e9es \u00e0 la surface de l\u2019Or\u00e9noque. C\u2019est le salaire de la trahison et de la collaboration avec un gouvernement ennemi. Je ne recommande pas qu\u2019on l\u2019assassine, uniquement parce que je pense que cette mani\u00e8re de faire est erron\u00e9e et pourrait valoir l\u2019aur\u00e9ole du martyre et de la saintet\u00e9 \u00e0 ce pourri poignardeur des gens dans le dos. Non, mieux vaut laisser les institutions l\u00e9gales prendre soin de M. Guaido.<\/span><\/p>\n<p style=\"text-align: justify;\"><span style=\"font-family: times new roman, times, serif; font-size: 14pt;\">Le parall\u00e8le entre les efforts qui ont \u00e9t\u00e9 d\u00e9ploy\u00e9s pour se d\u00e9barrasser du Dr Assad en Syrie et ce qui survient au Venezuela est hallucinant. Une fois de plus, nous revoil\u00e0 avec les merdias occidentaux \u00e0 la man\u0153uvre, couinant en ch\u0153ur qu\u2019il faut d\u00e9noncer le pr\u00e9sident \u00ab\u00a0autocrate\u00a0\u00bb du Venezuela. Ils ne reculent m\u00eame pas \u2013 pourquoi se g\u00eaner\u00a0!\u00a0\u2013 devant les all\u00e9gations de fraude \u00e9lectorale, de corruption\u00a0 de la Cour Supr\u00eame, et les mirobolantes analyses de la ruine \u00e9conomique du pays par une bande d&rsquo;incapables qui ne s&rsquo;est jamais souci\u00e9e de tenir compte de la connivence am\u00e9ricaine dans la destruction de l\u2019infrastructure v\u00e9n\u00e9zu\u00e9lienne. Vous n\u2019allez pas tarder \u00e0 lire et \u00e0 entendre des expressions comme \u00ab\u00a0assi\u00e9g\u00e9\u00a0\u00bb, \u00ab\u00a0en difficult\u00e9\u00a0\u00bb, \u00ab\u00a0d\u00e9test\u00e9\u00a0\u00bb \u00e0 propos de M. Maduro, tandis que vos oreilles bourdonneront des mots \u00ab\u00a0combattants de la libert\u00e9\u00a0\u00bb, \u00ab\u00a0rebelles\u00a0\u00bb et autres couillonnades \u00e0 la mode, pour camoufler le fait que, dans sa quasi totalit\u00e9, l\u2019opposition est un ramassis de terroristes ob\u00e9issant aux ordres de Washington.<\/span><\/p>\n<p style=\"text-align: justify;\"><span style=\"font-family: times new roman, times, serif; font-size: 14pt;\">Maduro doit parler avec le Dr Assad, qui l\u2019\u00e9clairera d\u2019apr\u00e8s sa propre exp\u00e9rience \u00e0 Damas. Maduro doit \u00e9couter attentivement les avis que le Dr Assad lui donnera. Et en m\u00eame temps il doit renforcer ses liens avec la Russie, avec l\u2019Iran, la Turquie et la Chine. Le Br\u00e9sil est maintenant un partenaire hors-jeu, avec ce crachoir sioniste \u00ab\u00a0des-derniers-jours\u00a0\u00bb \u00e0 la t\u00eate du pays. Il doit enhardir ses commandants militaires et maintenir un ordre strict de conformit\u00e9 id\u00e9ologique, pour pr\u00e9venir toute d\u00e9fection de tra\u00eetres \u00e9ventuels, s&rsquo;il s&rsquo;en trouve \u00e0 des postes critiques pour la s\u00e9curit\u00e9 du pays. Le Venezuela n&rsquo;est pas une \u00ab\u00a0mosa\u00efque\u00a0\u00bb comme la Syrie, o\u00f9 on trouve une telle multiplicit\u00e9 de religions et de groupes ethniques rivalisant pour la survie ou la domination. Le Venezuela est uniform\u00e9ment catholique, mais il est d\u00e9chir\u00e9 par les rivalit\u00e9s des factions appartenant au marxisme \u00e9conomique le plus classique, et celles-l\u00e0 pourraient th\u00e9oriquement cr\u00e9er le genre de bordel suscit\u00e9 en Syrie par une large minorit\u00e9 de bigots anti-minoritaires, je veux parler des <em>refuseniks<\/em> sunnites.<\/span><\/p>\n<p style=\"text-align: justify;\"><span style=\"font-family: times new roman, times, serif; font-size: 14pt;\">Mais, encore une fois, les parall\u00e8les sont alarmants. Mettez la Colombie, le P\u00e9rou et le Br\u00e9sil \u00e0 la place de l\u2019Arabie Saoudite, du Qatar et des EA, avec les \u00c9tats-Unis eux-m\u00eames gambadant tout autour en compagnie de leur caniche pr\u00e9f\u00e9r\u00e9 le Royaume Uni. M\u00eame la France vient de remettre dans le jeu son inutilit\u00e9 brevet\u00e9e, alors que Macron est si fort contest\u00e9 par ses propres opposants les \u00ab\u00a0Gilets Jaunes\u00a0\u00bb. Le monde occidental a \u00e9t\u00e9 ch\u00e2ti\u00e9 par son exp\u00e9rience en Syrie. Je n\u2019arrive pas \u00e0 croire qu\u2019il rep\u00eeque au truc.<\/span><\/p>\n<p>&nbsp;<\/p>\n<p>&nbsp;<\/p>\n<p><img loading=\"lazy\" class=\"aligncenter wp-image-2009\" src=\"http:\/\/blog.lesgrossesorchadeslesamplesthalameges.fr\/wp-content\/uploads\/2019\/01\/ZIAD-2-300x225.jpg\" alt=\"\" width=\"650\" height=\"488\" srcset=\"https:\/\/blog.lesgrossesorchadeslesamplesthalameges.fr\/wp-content\/uploads\/2019\/01\/ZIAD-2-300x225.jpg 300w, https:\/\/blog.lesgrossesorchadeslesamplesthalameges.fr\/wp-content\/uploads\/2019\/01\/ZIAD-2.jpg 492w\" sizes=\"(max-width: 650px) 100vw, 650px\" \/><\/p>\n<p style=\"text-align: center;\"><span style=\"font-family: times new roman, times, serif; font-size: 12pt;\"><strong><em>Nicolas Maduro, en grand appareil pr\u00e9sidentiel, nous adressant un Nixon. Ce n\u2019est pas le plus grand leader du Venezuela. L\u2019honneur en revient \u00e0 son pr\u00e9d\u00e9cesseur Hugo Chavez. Mais il va falloir qu\u2019il fasse quelque chose de radical pour inverser la descente de son pays dans l\u2019anarchie.<\/em><\/strong><\/span><\/p>\n<p>&nbsp;<\/p>\n<p style=\"text-align: center;\"><span style=\"font-family: times new roman, times, serif; font-size: 14pt;\"><strong>\u00a0<\/strong><\/span><\/p>\n<p style=\"text-align: justify;\"><span style=\"font-family: times new roman, times, serif; font-size: 14pt;\">L\u2019arm\u00e9e s\u2019est d\u00e9clar\u00e9e aujourd\u2019hui loyale envers le gouvernement et la Constitution. Mais, l\u00e0, faisons bien attention. Car \u00e7a, c\u2019est l\u2019arm\u00e9e connue. Elle peut toutefois contenir des \u00e9l\u00e9ments qui se sont compromis avec la CIA, \u00e0 la Saddam Hussein. On peut aussi penser \u00e0 la Syrie, qui, dans les d\u00e9buts, a \u00e9t\u00e9 mise en p\u00e9ril par les br\u00e8ves d\u00e9fections d\u2019officiers comme Hussein Harmouche et Abdul Jabbar al-Oqaidi. Les USA ont s\u00fbrement attendu d\u2019avoir tous leurs pions bien en main avant d\u2019inciter \u00e0 la violence. Le truc a rat\u00e9 en Syrie, d\u2019accord, mais les n\u00e9o-cons peuvent \u00eatre en train d\u2019essayer de se racheter dans cet h\u00e9misph\u00e8re-ci.<\/span><\/p>\n<p style=\"text-align: justify;\"><span style=\"font-family: times new roman, times, serif; font-size: 14pt;\">Vous savez, je suis tr\u00e8s proche du Venezuela. Mon oncle de Palestine a \u00e9pous\u00e9 une V\u00e9n\u00e9zu\u00e9lienne il y a environ 50 ans, quand ils \u00e9tudiaient tous les deux \u00e0 l\u2019Universit\u00e9 d\u2019\u00c9tat de Floride. Mon oncle, un Arabe roux avec un million de taches de rousseur, connu sous le nom de Fred <em>El-Tigre <\/em>(il a \u00e9t\u00e9 champion de tennis \u00e0 l\u2019Altamira Tennis Club de Caracas), s\u2019est mari\u00e9 avec tante Yolanda, qui avait obtenu son doctorat en sociologie et qui a travaill\u00e9 pour le gouvernement dans le quartier de Silencio, \u00e0 Caracas. Je leur ai rendu visite plus de cinq fois et je me suis fait une assez bonne id\u00e9e de la direction que prenait le pays.<\/span><\/p>\n<p style=\"text-align: justify;\"><span style=\"font-family: times new roman, times, serif; font-size: 14pt;\">Comme beaucoup d\u2019entre vous le savent. Caracas est une capitale sud-am\u00e9ricaine-type. Elle est s\u00e9par\u00e9e de l\u2019oc\u00e9an par un mur de montagnes qui abritent son a\u00e9roport principal \u00e0 <em>Macatia<\/em>, du c\u00f4t\u00e9 carib\u00e9en. Elle est entour\u00e9e de pics dont le plus haut est <em>Avila<\/em>, o\u00f9 on peut se rendre par le fabuleux <em>Teleferico<\/em>. Mais, au fur et \u00e0 mesure qu\u2019on se rapproche du sommet, on constate que le foss\u00e9 entre riches et pauvres est de plus en plus large et profond. Les <em>rancheros<\/em> vivent sur les versants des montagnes dans une pauvret\u00e9 abjecte, tandis que les riches s\u2019agglom\u00e8rent \u00e0 l\u2019int\u00e9rieur de la ville ou aux pieds bien gard\u00e9s des collines. Cette disparit\u00e9 est ce qui a amen\u00e9 Hugo Chavez au pouvoir. C\u2019est une \u00e9tude classique en lutte des classes digne d\u2019une nation \u00e0 pr\u00e9sent dirig\u00e9e par des marxistes.<\/span><\/p>\n<p><span style=\"font-family: times new roman, times, serif; font-size: 14pt;\">Si Maduro veut prot\u00e9ger son pays et se maintenir au pouvoir, voici ce qu\u2019il doit faire :<\/span><\/p>\n<p>&nbsp;<\/p>\n<p style=\"padding-left: 60px; text-align: justify;\"><span style=\"font-family: times new roman, times, serif; font-size: 14pt;\">1\/ Expulser tous les journalistes et propagandistes \u00e9trangers. Tous les reporters \u00ab\u00a0<em>freelance<\/em>\u00a0\u00bb doivent \u00eatre consid\u00e9r\u00e9s comme des espions ou des facilitateurs du terrorisme\u00a0;<\/span><\/p>\n<p style=\"padding-left: 60px; text-align: justify;\"><span style=\"font-family: times new roman, times, serif; font-size: 14pt;\">2\/ Il doit donner \u00e0 la Chine le statut de nation favoris\u00e9e et faire du commerce avec ce pays, afin de soutenir la monnaie du Venezuela, le Bolivar. Avoir une raffinerie sur la c\u00f4te du Pacifique serait tr\u00e8s int\u00e9ressant pour les Chinois\u00a0;<\/span><\/p>\n<p style=\"padding-left: 60px; text-align: justify;\"><span style=\"font-family: times new roman, times, serif; font-size: 14pt;\">3\/ Il doit essayer de persuader les Russes d\u2019entrer avec lui dans un pacte de d\u00e9fense mutuelle, extr\u00e9mit\u00e9 devant laquelle h\u00e9site probablement la Russie, peu encline \u00e0 une confrontation avec les USA.<\/span><\/p>\n<p style=\"padding-left: 60px; text-align: justify;\"><span style=\"font-family: times new roman, times, serif; font-size: 14pt;\">4\/ Il doit refuser \u00e0 l\u2019opposition tout acc\u00e8s aux m\u00e9dias nationaux\u00a0;<\/span><\/p>\n<p style=\"padding-left: 60px; text-align: justify;\"><span style=\"font-family: times new roman, times, serif; font-size: 14pt;\">5\/ Il doit organiser sa s\u00e9curit\u00e9 personnelle en coordination avec la Russie\u00a0;<\/span><\/p>\n<p style=\"padding-left: 60px; text-align: justify;\"><span style=\"font-family: times new roman, times, serif; font-size: 14pt;\">6\/ Il doit \u00e9tudier le mod\u00e8le syrien\u00a0;<\/span><\/p>\n<p style=\"padding-left: 60px; text-align: justify;\"><span style=\"font-family: times new roman, times, serif; font-size: 14pt;\">7\/ Il doit virer et remplacer les individus qu\u2019il avait nomm\u00e9s \u00e0 la direction du secteur p\u00e9trolier, qui n\u2019ont \u00e9t\u00e9 que des planches pourriess. Il pourrait m\u00eame en amener certains devant les tribunaux pour corruption ou n\u00e9gligence\u00a0;<\/span><\/p>\n<p style=\"padding-left: 60px; text-align: justify;\"><span style=\"font-family: times new roman, times, serif; font-size: 14pt;\">8\/ Il doit changer d\u2019attitude envers les riches\u00a0: alors que, depuis l\u2019ind\u00e9pendance, ils n\u2019ont jamais eu qu\u2019indiff\u00e9rence \u00e0 l\u2019\u00e9gard des pauvres et qu\u2019ils ont planqu\u00e9 leur argent en Floride, ils voudraient maintenant revenir au pays, pour y vivre dans le luxe absolu qu\u2019ils ont connu avant la R\u00e9volution Bolivarienne.<\/span><\/p>\n<p style=\"text-align: justify; padding-left: 90px;\"><span style=\"font-family: times new roman, times, serif; font-size: 14pt;\">\u00a0<\/span><\/p>\n<p style=\"text-align: left;\"><span style=\"font-family: times new roman, times, serif; font-size: 14pt;\">Source : <a href=\"https:\/\/syrianperspective.com\/2019\/01\/syria-redux-in-caracas-with-american-hypocrisy-lit-up-on-the-billboards.html\">https:\/\/syrianperspective.com\/2019\/01\/syria-redux-in-caracas-with-american-hypocrisy-lit-up-on-the-billboards.html<\/a><\/span><\/p>\n<p>&nbsp;<\/p>\n<p style=\"text-align: right;\"><span style=\"font-family: times new roman, times, serif; font-size: 14pt;\">Traduction : c.l. pour Les Grosses Orchades<\/span><\/p>\n<p>&nbsp;<\/p>\n<p>&nbsp;<\/p>\n<p>&nbsp;<\/p>\n<p style=\"text-align: center;\"><img loading=\"lazy\" class=\"alignnone size-full wp-image-1979\" src=\"http:\/\/blog.lesgrossesorchadeslesamplesthalameges.fr\/wp-content\/uploads\/2019\/01\/000.-russep-x-5.gif\" alt=\"\" width=\"50\" height=\"50\" \/><\/p>\n<p>&nbsp;<\/p>\n<p style=\"text-align: right;\"><span style=\"font-family: comic sans ms, sans-serif; font-size: 14pt;\">25 janvier 201<\/span><\/p>\n<p>&nbsp;<\/p>\n<p style=\"text-align: right;\"><span style=\"font-family: comic sans ms, sans-serif; font-size: 14pt;\">9<\/span><\/p>\n","protected":false},"excerpt":{"rendered":"<p>\u00a0 &nbsp; &nbsp; &nbsp; \u00ab\u00a0Syrie le Retour\u00a0\u00bb \u2026 \u00e0 Caracas, o\u00f9 l\u2019hypocrisie am\u00e9ricaine clignote sur tous les panneaux d\u2019affichage &nbsp; Ziad Fadel \u00a0\u2013 \u00a0Syrian Perspective\u00a0 \u2013\u00a0 24.1.2019 &nbsp; &nbsp; Ceci vous rappelle quelque chose\u00a0? La seule diff\u00e9rence est que ce terroriste-l\u00e0 op\u00e8re \u00a0\u00e0 Caracas, Venezuela, alors que les autres rats avaient commenc\u00e9 leurs exploits \u00e0&#8230;<\/p>\n","protected":false},"author":1,"featured_media":0,"parent":0,"menu_order":0,"comment_status":"open","ping_status":"open","template":"","meta":[],"_links":{"self":[{"href":"https:\/\/blog.lesgrossesorchadeslesamplesthalameges.fr\/index.php\/wp-json\/wp\/v2\/pages\/2008"}],"collection":[{"href":"https:\/\/blog.lesgrossesorchadeslesamplesthalameges.fr\/index.php\/wp-json\/wp\/v2\/pages"}],"about":[{"href":"https:\/\/blog.lesgrossesorchadeslesamplesthalameges.fr\/index.php\/wp-json\/wp\/v2\/types\/page"}],"author":[{"embeddable":true,"href":"https:\/\/blog.lesgrossesorchadeslesamplesthalameges.fr\/index.php\/wp-json\/wp\/v2\/users\/1"}],"replies":[{"embeddable":true,"href":"https:\/\/blog.lesgrossesorchadeslesamplesthalameges.fr\/index.php\/wp-json\/wp\/v2\/comments?post=2008"}],"version-history":[{"count":0,"href":"https:\/\/blog.lesgrossesorchadeslesamplesthalameges.fr\/index.php\/wp-json\/wp\/v2\/pages\/2008\/revisions"}],"wp:attachment":[{"href":"https:\/\/blog.lesgrossesorchadeslesamplesthalameges.fr\/index.php\/wp-json\/wp\/v2\/media?parent=2008"}],"curies":[{"name":"wp","href":"https:\/\/api.w.org\/{rel}","templated":true}]}}