{"id":20135,"date":"2022-08-05T22:36:49","date_gmt":"2022-08-05T20:36:49","guid":{"rendered":"http:\/\/blog.lesgrossesorchadeslesamplesthalameges.fr\/?page_id=20135"},"modified":"2022-08-05T22:37:50","modified_gmt":"2022-08-05T20:37:50","slug":"escalade-de-la-reaction-chinoise","status":"publish","type":"page","link":"https:\/\/blog.lesgrossesorchadeslesamplesthalameges.fr\/index.php\/escalade-de-la-reaction-chinoise\/","title":{"rendered":"Escalade de la r\u00e9action chinoise"},"content":{"rendered":"<p>&nbsp;<\/p>\n<p>&nbsp;<\/p>\n<p>&nbsp;<\/p>\n<p>&nbsp;<\/p>\n<p>&nbsp;<\/p>\n<p>&nbsp;<\/p>\n<p>&nbsp;<\/p>\n<p>&nbsp;<\/p>\n<p style=\"text-align: center;\"><strong><span style=\"font-family: times new roman, times, serif; font-size: 36pt;\">Escalade de la r\u00e9action chinoise<\/span><\/strong><\/p>\n<p style=\"text-align: justify;\"><span style=\"font-family: times new roman, times, serif; font-size: 14pt;\"><strong>\u00a0<\/strong><\/span><\/p>\n<p style=\"text-align: justify;\"><span style=\"font-family: times new roman, times, serif; font-size: 14pt;\"><strong>\u00a0<\/strong><\/span><\/p>\n<p style=\"text-align: center;\"><span style=\"font-family: times new roman, times, serif; font-size: 14pt;\"><a href=\"https:\/\/strategika51.org\/author\/strategika51\/\"><strong><em><span style=\"font-size: 18pt;\">Strategika51<\/span><\/em><\/strong> <\/a><span style=\"font-size: 18pt;\"><strong>\u00a0\u2013 5.8.2022<\/strong><\/span><\/span><\/p>\n<p>&nbsp;<\/p>\n<p>&nbsp;<\/p>\n<p>&nbsp;<\/p>\n<p style=\"text-align: center;\"><a href=\"http:\/\/blog.lesgrossesorchadeslesamplesthalameges.fr\/index.php\/escalade-de-la-reaction-chinoise\/6-escaklade-chinoise-2\/\" rel=\"attachment wp-att-20136\"><img loading=\"lazy\" class=\"alignnone wp-image-20136\" src=\"http:\/\/blog.lesgrossesorchadeslesamplesthalameges.fr\/wp-content\/uploads\/2022\/08\/6.-Escaklade-chinoise-1-300x161.jpg\" alt=\"\" width=\"600\" height=\"323\" srcset=\"https:\/\/blog.lesgrossesorchadeslesamplesthalameges.fr\/wp-content\/uploads\/2022\/08\/6.-Escaklade-chinoise-1-300x161.jpg 300w, https:\/\/blog.lesgrossesorchadeslesamplesthalameges.fr\/wp-content\/uploads\/2022\/08\/6.-Escaklade-chinoise-1-768x413.jpg 768w, https:\/\/blog.lesgrossesorchadeslesamplesthalameges.fr\/wp-content\/uploads\/2022\/08\/6.-Escaklade-chinoise-1.jpg 1023w\" sizes=\"(max-width: 600px) 100vw, 600px\" \/><\/a><\/p>\n<p style=\"text-align: justify;\"><span style=\"font-family: times new roman, times, serif; font-size: 14pt;\"><strong>\u00a0<\/strong><\/span><\/p>\n<p>&nbsp;<\/p>\n<p style=\"text-align: justify;\"><span style=\"font-family: times new roman, times, serif; font-size: 14pt;\"><strong>\u00a0<\/strong><\/span><\/p>\n<p style=\"text-align: justify;\"><span style=\"font-family: tahoma, arial, helvetica, sans-serif; font-size: 14pt;\"><strong>La petite tourn\u00e9e asiatique de Nancy Pelosi et notamment son passage \u00e0 Ta\u00efwan, est consid\u00e9r\u00e9 par la Chine comme un point en rupture justifiant un r\u00e9ajustement de la politique \u00e9trang\u00e8re chinoise et une r\u00e9vision en profondeur des relations bilat\u00e9rales avec Washington.<\/strong><\/span><\/p>\n<p>&nbsp;<\/p>\n<p style=\"text-align: justify;\"><span style=\"font-family: times new roman, times, serif; font-size: 14pt;\">Outre une s\u00e9rie de man\u0153uvres militaires simulant \u00e0 munitions r\u00e9elles un blocus total de l\u2019\u00eele s\u00e9cessionniste ainsi que la disparition de ce qui \u00e9tait appel\u00e9 la ligne m\u00e9diane du d\u00e9troit de Formose avec le passage de missiles chinois au-dessus de l\u2019\u00eele (y compris \u00e0 Taipe\u00ef), P\u00e9kin a annonc\u00e9 le 05 ao\u00fbt 2022 une s\u00e9rie de mesures en repr\u00e9sailles aux provocations de Washington\u00a0:<\/span><\/p>\n<p>&nbsp;<\/p>\n<p>&nbsp;<\/p>\n<p>&nbsp;<\/p>\n<p style=\"text-align: center;\"><a href=\"http:\/\/blog.lesgrossesorchadeslesamplesthalameges.fr\/index.php\/escalade-de-la-reaction-chinoise\/12-escalade-2\/\" rel=\"attachment wp-att-20137\"><img loading=\"lazy\" class=\"alignnone wp-image-20137\" src=\"http:\/\/blog.lesgrossesorchadeslesamplesthalameges.fr\/wp-content\/uploads\/2022\/08\/12.-Escalade-2.-300x214.jpg\" alt=\"\" width=\"600\" height=\"428\" srcset=\"https:\/\/blog.lesgrossesorchadeslesamplesthalameges.fr\/wp-content\/uploads\/2022\/08\/12.-Escalade-2.-300x214.jpg 300w, https:\/\/blog.lesgrossesorchadeslesamplesthalameges.fr\/wp-content\/uploads\/2022\/08\/12.-Escalade-2..jpg 640w\" sizes=\"(max-width: 600px) 100vw, 600px\" \/><\/a><\/p>\n<p>&nbsp;<\/p>\n<p>&nbsp;<\/p>\n<p>&nbsp;<\/p>\n<p style=\"text-align: justify; padding-left: 80px;\"><span style=\"font-family: times new roman, times, serif; font-size: 14pt;\">1\/ Sanctions \u00e0 l\u2019\u00e9gard de la g\u00e9rontocrate Nancy Pelosi n\u00e9e d\u2019Alessandro, 82 ans, pr\u00e9sidente de la Chambre des repr\u00e9sentants des \u00c9tats-Unis, membre du Parti D\u00e9mocrate. Ces sanctions s\u2019\u00e9tendent aux membres de sa famille. Ce d\u00e9tail est tr\u00e8s important dans la mesure o\u00f9 les liens solides de sa famille avec le Milieu et les mafias italo-am\u00e9ricaines de la C\u00f4te Est des \u00c9tats-Unis font l\u2019objet d\u2019un int\u00e9r\u00eat particulier en Chine;<\/span><\/p>\n<p style=\"text-align: justify; padding-left: 80px;\"><span style=\"font-family: times new roman, times, serif; font-size: 14pt;\">2\/ Suspension du dialogue avec les \u00c9tats-Unis au niveau des commandements militaires r\u00e9gionaux;<\/span><\/p>\n<p style=\"text-align: justify; padding-left: 80px;\"><span style=\"font-family: times new roman, times, serif; font-size: 14pt;\">3\/ Annulation de toutes les rencontres avec les repr\u00e9sentants du D\u00e9partement am\u00e9ricain de la D\u00e9fense (Pentagone);<\/span><\/p>\n<p style=\"text-align: justify; padding-left: 80px;\"><span style=\"font-family: times new roman, times, serif; font-size: 14pt;\">4\/ Suspension temporaire de la coop\u00e9ration avec les \u00c9tats-Unis dans le domaine de la lutte contre l\u2019immigration ill\u00e9gale;<\/span><\/p>\n<p style=\"text-align: justify; padding-left: 80px;\"><span style=\"font-family: times new roman, times, serif; font-size: 14pt;\">5\/ Suspension de la coop\u00e9ration bilat\u00e9rale dans le domaine de la lutte contre les narcotiques;<\/span><\/p>\n<p style=\"text-align: justify; padding-left: 80px;\"><span style=\"font-family: times new roman, times, serif; font-size: 14pt;\">6\/ Suspension des n\u00e9gociations bilat\u00e9rales sur le Changement Climatique;<\/span><\/p>\n<p style=\"text-align: justify; padding-left: 80px;\"><span style=\"font-family: times new roman, times, serif; font-size: 14pt;\">7\/ Suspension de la coop\u00e9ration bilat\u00e9rale dans le domaine judiciaire;<\/span><\/p>\n<p style=\"text-align: justify; padding-left: 80px;\"><span style=\"font-family: times new roman, times, serif; font-size: 14pt;\">8\/ Suspension de la coop\u00e9ration bilat\u00e9rale en mati\u00e8re de lutte contre la criminalit\u00e9 transfrontali\u00e8re organis\u00e9e.<\/span><\/p>\n<p>&nbsp;<\/p>\n<p>&nbsp;<\/p>\n<p style=\"text-align: justify;\"><span style=\"font-family: times new roman, times, serif; font-size: 14pt;\">Les choses ne vont pas en rester \u00e0 ce stade.<\/span><\/p>\n<p style=\"text-align: justify;\"><span style=\"font-family: times new roman, times, serif; font-size: 14pt;\">La Chine a arr\u00eat\u00e9 les exportations de sable vers Ta\u00efwan. Le sable est un \u00e9l\u00e9ment essentiel dans la fabrication de microprocesseurs. La partie chinoise a \u00e9galement suspendu les importations de poissons congel\u00e9s de Ta\u00efwan et sanctionn\u00e9 une centaine de compagnies insulaires. Le volume des \u00e9changes entre la Chine et Ta\u00efwan s\u2019\u00e9levait en 2021 \u00e0 plus de 328 milliards de dollars US (0.32 trillion de dollars US).<\/span><\/p>\n<p style=\"text-align: justify;\"><span style=\"font-family: times new roman, times, serif; font-size: 14pt;\">Cette agitation pourrait influer tr\u00e8s n\u00e9gativement sur la p\u00e9ninsule cor\u00e9enne o\u00f9 Pyongyang pourrait \u00eatre fort tent\u00e9 par un nouvel essai nucl\u00e9aire. La Cor\u00e9e du Nord a clairement affirm\u00e9 qu\u2019elle usera de son arme de dissuasion nucl\u00e9aire \u00e0 la premi\u00e8re provocation et nombre d\u2019analystes pensent qu\u2019un essai nucl\u00e9aire nord-cor\u00e9en serait imminent.<\/span><\/p>\n<p style=\"text-align: justify;\"><span style=\"font-family: times new roman, times, serif; font-size: 14pt;\">Cette situation aura \u00e9galement un impact au Moyen-Orient, en Eurasie et en Afrique.<\/span><\/p>\n<p style=\"text-align: justify;\"><span style=\"font-family: times new roman, times, serif; font-size: 14pt;\">Un rapprochement plus affirm\u00e9 de la Chine avec l\u2019Iran n\u2019est plus \u00e0 exclure tandis que la perspective d\u2019une alliance militaire formelle avec la Russie se pr\u00e9cise. Enfin, la Chine pourrait se montrer plus agressive dans les zones d\u2019influence occidentale en Afrique.<\/span><\/p>\n<p style=\"text-align: justify;\"><span style=\"font-family: times new roman, times, serif; font-size: 14pt;\">Aucun pays d\u2019Asie de l\u2019Est, \u00e0 l\u2019exception du Japon, n\u2019a condamn\u00e9 les manoeuvres militaires chinoises autour de Ta\u00efwan. Signe alarmant pour Washington.<\/span><\/p>\n<p style=\"text-align: justify;\"><span style=\"font-family: times new roman, times, serif; font-size: 14pt;\">Ce n\u2019est que le d\u00e9but. Le monde de demain risque davantage de ressembler \u00e0 un enfer inflationniste, o\u00f9 les p\u00e9nuries organis\u00e9es et la manipulation serviront \u00e0 asservir les populations.<\/span><\/p>\n<p style=\"text-align: justify;\"><span style=\"font-family: times new roman, times, serif; font-size: 14pt;\">Ce qui est s\u00fbr, c\u2019est que les g\u00e9n\u00e9rations montantes payeront beaucoup plus cher des art\u00e9facts et des marchandises jusque-l\u00e0 tr\u00e8s bon march\u00e9.<\/span><\/p>\n<p>&nbsp;<\/p>\n<p style=\"text-align: justify;\"><span style=\"font-family: times new roman, times, serif; font-size: 14pt;\">Source\u00a0: <a href=\"https:\/\/strategika51.org\/2022\/08\/05\/escalade-de-la-reaction-chinoise\/\">https:\/\/strategika51.org\/2022\/08\/05\/escalade-de-la-reaction-chinoise\/<\/a><\/span><\/p>\n<p>&nbsp;<\/p>\n<p style=\"text-align: left;\"><span style=\"font-family: times new roman, times, serif; font-size: 14pt;\"><strong>URL de cet article : <\/strong><a href=\"http:\/\/blog.lesgrossesorchadeslesamplesthalameges.fr\/index.php\/escalade-de-la-reaction-chinoise\/\">http:\/\/blog.lesgrossesorchadeslesamplesthalameges.fr\/index.php\/escalade-de-la-reaction-chinoise\/<\/a><strong><br \/>\n<\/strong><\/span><\/p>\n<p>&nbsp;<\/p>\n<p>&nbsp;<\/p>\n<p style=\"text-align: center;\"><a href=\"http:\/\/blog.lesgrossesorchadeslesamplesthalameges.fr\/index.php\/2022\/07\/31\/sombre-dimanche-pour-nancy-pelosi-c\/000-russep-x-34\/\" rel=\"attachment wp-att-20009\"><img loading=\"lazy\" class=\"alignnone size-full wp-image-20009\" src=\"http:\/\/blog.lesgrossesorchadeslesamplesthalameges.fr\/wp-content\/uploads\/2022\/07\/000.-russep-x.gif\" alt=\"\" width=\"50\" height=\"50\" \/><\/a><\/p>\n<p>&nbsp;<\/p>\n<p>&nbsp;<\/p>\n<p style=\"text-align: right;\"><span style=\"font-family: comic sans ms, sans-serif; font-size: 14pt;\">Ao\u00fbt 2022<\/span><\/p>\n<p>&nbsp;<\/p>\n<p>&nbsp;<\/p>\n","protected":false},"excerpt":{"rendered":"<p>&nbsp; &nbsp; &nbsp; &nbsp; &nbsp; &nbsp; &nbsp; &nbsp; Escalade de la r\u00e9action chinoise \u00a0 \u00a0 Strategika51 \u00a0\u2013 5.8.2022 &nbsp; &nbsp; &nbsp; \u00a0 &nbsp; \u00a0 La petite tourn\u00e9e asiatique de Nancy Pelosi et notamment son passage \u00e0 Ta\u00efwan, est consid\u00e9r\u00e9 par la Chine comme un point en rupture justifiant un r\u00e9ajustement de la politique \u00e9trang\u00e8re chinoise&#8230;<\/p>\n","protected":false},"author":1,"featured_media":0,"parent":0,"menu_order":0,"comment_status":"open","ping_status":"open","template":"","meta":[],"_links":{"self":[{"href":"https:\/\/blog.lesgrossesorchadeslesamplesthalameges.fr\/index.php\/wp-json\/wp\/v2\/pages\/20135"}],"collection":[{"href":"https:\/\/blog.lesgrossesorchadeslesamplesthalameges.fr\/index.php\/wp-json\/wp\/v2\/pages"}],"about":[{"href":"https:\/\/blog.lesgrossesorchadeslesamplesthalameges.fr\/index.php\/wp-json\/wp\/v2\/types\/page"}],"author":[{"embeddable":true,"href":"https:\/\/blog.lesgrossesorchadeslesamplesthalameges.fr\/index.php\/wp-json\/wp\/v2\/users\/1"}],"replies":[{"embeddable":true,"href":"https:\/\/blog.lesgrossesorchadeslesamplesthalameges.fr\/index.php\/wp-json\/wp\/v2\/comments?post=20135"}],"version-history":[{"count":7,"href":"https:\/\/blog.lesgrossesorchadeslesamplesthalameges.fr\/index.php\/wp-json\/wp\/v2\/pages\/20135\/revisions"}],"predecessor-version":[{"id":20144,"href":"https:\/\/blog.lesgrossesorchadeslesamplesthalameges.fr\/index.php\/wp-json\/wp\/v2\/pages\/20135\/revisions\/20144"}],"wp:attachment":[{"href":"https:\/\/blog.lesgrossesorchadeslesamplesthalameges.fr\/index.php\/wp-json\/wp\/v2\/media?parent=20135"}],"curies":[{"name":"wp","href":"https:\/\/api.w.org\/{rel}","templated":true}]}}