{"id":20182,"date":"2022-08-17T19:49:31","date_gmt":"2022-08-17T17:49:31","guid":{"rendered":"http:\/\/blog.lesgrossesorchadeslesamplesthalameges.fr\/?page_id=20182"},"modified":"2022-08-17T20:20:56","modified_gmt":"2022-08-17T18:20:56","slug":"les-larmes-de-roger-waters","status":"publish","type":"page","link":"https:\/\/blog.lesgrossesorchadeslesamplesthalameges.fr\/index.php\/les-larmes-de-roger-waters\/","title":{"rendered":"Les larmes de Roger Waters"},"content":{"rendered":"<p>&nbsp;<\/p>\n<p>&nbsp;<\/p>\n<p>&nbsp;<\/p>\n<p>&nbsp;<\/p>\n<p>&nbsp;<\/p>\n<p>&nbsp;<\/p>\n<p>&nbsp;<\/p>\n<p>&nbsp;<\/p>\n<p>&nbsp;<\/p>\n<p style=\"text-align: center;\"><span style=\"font-family: times new roman, times, serif; font-size: 36pt;\"><strong>Les larmes de Roger Waters<\/strong><\/span><\/p>\n<p>&nbsp;<\/p>\n<p>&nbsp;<\/p>\n<p>&nbsp;<\/p>\n<p style=\"text-align: center;\"><span style=\"font-family: times new roman, times, serif; font-size: 18pt;\"><strong>Gideon Levy \u2013 <em>I.C.H.<\/em> \u2013 16.8.2022<\/strong><\/span><\/p>\n<p>&nbsp;<\/p>\n<p style=\"text-align: center;\"><span style=\"font-family: times new roman, times, serif; font-size: 18pt;\">Traduction : <strong>c.l.<\/strong> pour <strong><em>L.G.O.<\/em><\/strong> <strong>\u2013<\/strong> 17.8.2022<\/span><\/p>\n<p style=\"text-align: justify;\"><span style=\"font-family: times new roman, times, serif; font-size: 18pt;\"><strong>\u00a0<\/strong><\/span><\/p>\n<p>&nbsp;<\/p>\n<p>&nbsp;<\/p>\n<p style=\"text-align: center;\"><a href=\"http:\/\/blog.lesgrossesorchadeslesamplesthalameges.fr\/index.php\/les-larmes-de-roger-waters\/4-roger-waters\/\" rel=\"attachment wp-att-20183\"><img loading=\"lazy\" class=\"alignnone wp-image-20183 size-full\" src=\"http:\/\/blog.lesgrossesorchadeslesamplesthalameges.fr\/wp-content\/uploads\/2022\/08\/4.-Roger-Waters.jpg\" alt=\"\" width=\"400\" height=\"268\" srcset=\"https:\/\/blog.lesgrossesorchadeslesamplesthalameges.fr\/wp-content\/uploads\/2022\/08\/4.-Roger-Waters.jpg 400w, https:\/\/blog.lesgrossesorchadeslesamplesthalameges.fr\/wp-content\/uploads\/2022\/08\/4.-Roger-Waters-300x201.jpg 300w\" sizes=\"(max-width: 400px) 100vw, 400px\" \/><\/a><\/p>\n<p>&nbsp;<\/p>\n<p>&nbsp;<\/p>\n<p>&nbsp;<\/p>\n<p style=\"text-align: justify;\"><span style=\"font-family: times new roman, times, serif; font-size: 14pt;\">Roger Waters a pleur\u00e9 mercredi. C&rsquo;\u00e9tait sur sa page Twitter, alors qu&rsquo;il lisait, devant la cam\u00e9ra, un essai qu&rsquo;il avait trouv\u00e9 sur le site d&rsquo;information <em>Mondoweiss<\/em> la nuit pr\u00e9c\u00e9dente. Il y \u00e9tait question d&rsquo;un gamin de la bande de Gaza.<\/span><\/p>\n<p>&nbsp;<\/p>\n<p style=\"text-align: justify;\"><span style=\"font-family: times new roman, times, serif; font-size: 14pt;\">\u00ab\u00a0J&rsquo;aimerais vraiment pouvoir me reposer, ou qu&rsquo;un psychologue m&rsquo;aide comme d&rsquo;autres personnes dans le monde qui souffrent des guerres\u00a0\u00bb, avait d\u00e9clar\u00e9 Mohammed. \u00ab\u00a0Personne, pendant ou apr\u00e8s la guerre, n\u2019a demand\u00e9, \u00e0 moi ou \u00e0 ma famille, \u201ccomment \u00e7a va\u00a0?\u201d\u00a0\u00bb.<\/span><\/p>\n<p>&nbsp;<\/p>\n<p style=\"text-align: justify;\"><span style=\"font-family: times new roman, times, serif; font-size: 14pt;\">Mohammed est soutien de famille, \u00e0 13 ans. Et seuls ses pleurs, <a href=\"https:\/\/mondoweiss.net\/2022\/08\/the-aftermath-in-gaza\/\">\u00e9crit Tareq Hajjaj<\/a>, \u00ab\u00a0arrivent \u00e0 faire fondre le bouclier de virilit\u00e9\u00a0\u00bb qu&rsquo;il est oblig\u00e9 de porter. \u00ab\u00a0Je ne veux pas que ma m\u00e8re souffre comme les m\u00e8res des enfants qui ont \u00e9t\u00e9 tu\u00e9s\u00a0\u00bb, sanglote-t-il.<\/span><\/p>\n<p>&nbsp;<\/p>\n<p style=\"text-align: justify;\"><span style=\"font-family: times new roman, times, serif; font-size: 14pt;\">Il aurait souhait\u00e9 grandir ailleurs, l\u00e0 o\u00f9 il ne mourrait que \u00ab\u00a0lorsque son corps serait compl\u00e8tement d\u00e9velopp\u00e9\u00a0\u00bb, \u00e9crit Hajjaj. Et c&rsquo;est l\u00e0 que Waters a lui-m\u00eame fondu en larmes. Aucun \u00eatre normalement constitu\u00e9 ne pourrait rester indiff\u00e9rent aux larmes du musicien. Waters, grand homme de la conscience.<\/span><\/p>\n<p>&nbsp;<\/p>\n<p>&nbsp;<\/p>\n<p>&nbsp;<\/p>\n<p style=\"text-align: center;\"><span style=\"font-family: times new roman, times, serif; font-size: 14pt;\"><strong><span style=\"font-size: 24pt;\">Page Twitter de Waters<\/span> <\/strong><\/span><\/p>\n<p style=\"text-align: center;\"><a href=\"http:\/\/blog.lesgrossesorchadeslesamplesthalameges.fr\/index.php\/2022\/07\/31\/sombre-dimanche-pour-nancy-pelosi-c\/000-vers-le-bas-fleche-rouge-gif-copie-22\/\" rel=\"attachment wp-att-20016\"><img loading=\"lazy\" class=\"alignnone size-full wp-image-20016\" src=\"http:\/\/blog.lesgrossesorchadeslesamplesthalameges.fr\/wp-content\/uploads\/2022\/07\/000.-vers-le-bas-fleche-rouge-GIF-Copie-1.gif\" alt=\"\" width=\"100\" height=\"100\" \/><\/a><\/p>\n<p style=\"text-align: center;\"><strong><span style=\"font-family: times new roman, times, serif; font-size: 14pt;\"><a href=\"https:\/\/twitter.com\/i\/status\/1557109596917039106\">https:\/\/twitter.com\/i\/status\/1557109596917039106<\/a><\/span><\/strong><\/p>\n<p>&nbsp;<\/p>\n<p>&nbsp;<\/p>\n<p>&nbsp;<\/p>\n<p style=\"text-align: justify;\"><span style=\"font-family: times new roman, times, serif; font-size: 14pt;\">Mais pour les Isra\u00e9liens, ce n\u2019est jamais qu\u2019un show venu d\u2019une autre plan\u00e8te. Ils ont mille m\u00e9canismes de d\u00e9fense contre les larmes de Waters. Supposons m\u00eame que Waters soit vraiment, comme ils le disent, \u00ab\u00a0un antis\u00e9mite\u00a0\u00bb et \u00ab\u00a0quelqu&rsquo;un qui d\u00e9teste Isra\u00ebl\u00a0\u00bb \u2013 ce qu&rsquo;il n&rsquo;est pas \u2013 mais\u2026 pleurer pour un gamin de Gaza\u00a0! Et <a href=\"https:\/\/www.haaretz.com\/israel-news\/2019-05-06\/ty-article\/.premium\/the-psychological-price-of-israeli-kids-growing-up-near-gaza\/0000017f-dfb6-d3ff-a7ff-ffb65e650000\">les enfants de Sderot<\/a> alors ?<\/span><\/p>\n<p>&nbsp;<\/p>\n<p style=\"text-align: justify;\"><span style=\"font-family: times new roman, times, serif; font-size: 14pt;\">Un Isra\u00e9lien a-t-il jamais vers\u00e9 des larmes sur un gamin de Gaza ? Y a-t-il m\u00eame beaucoup d&rsquo;Isra\u00e9liens qui aient la moindre conscience de ce qui est arriv\u00e9 aux enfants de Gaza pendant ces trois jours de \u00ab\u00a0succ\u00e8s colossal\u00a0\u00bb, qui ont submerg\u00e9 Isra\u00ebl de vagues de fiert\u00e9 et d&rsquo;autosatisfaction telles qu\u2019on n&rsquo;en avait pas connu depuis longtemps ? C\u2019est bien simple, on n\u2019avait plus vu un tel succ\u00e8s depuis la victoire d&rsquo;Isra\u00ebl dans la guerre des Six Jours en 1967. Encore quelques journ\u00e9es comme celles-l\u00e0 et on aurait vu sortir des albums.<\/span><\/p>\n<p>&nbsp;<\/p>\n<p style=\"text-align: justify;\"><span style=\"font-family: times new roman, times, serif; font-size: 14pt;\">Seule la mort de Zili, un chien de la police des fronti\u00e8res, \u00e0 Naplouse \u2013 qui a fait la une du quotidien <em>Yedioth Ahronoth<\/em>, ses fun\u00e9railles, les larmes, la tombe, les \u00e9loges fun\u00e8bres et la d\u00e9claration officielle de deuil par le Premier ministre \u2013 a pu peser un peu sur l&rsquo;ivresse de la victoire. Qui n&rsquo;a pas \u00e9t\u00e9 troubl\u00e9e une seule seconde par les sc\u00e8nes de Gaza, parce que les sc\u00e8nes de Gaza n&rsquo;ont jamais \u00e9t\u00e9 montr\u00e9es. Jamais auparavant une tuerie n\u2019a \u00e9t\u00e9 aussi st\u00e9rile. Mais les m\u00e9dias isra\u00e9liens n&rsquo;en ont rien montr\u00e9, absolument rien.<\/span><\/p>\n<p>&nbsp;<\/p>\n<p style=\"text-align: justify;\"><span style=\"font-family: times new roman, times, serif; font-size: 14pt;\">Cette op\u00e9ration a \u00e9t\u00e9 une des plus corruptrices de l&rsquo;histoire d&rsquo;Isra\u00ebl. Au lieu d\u2019\u00eatre minimis\u00e9e, comme l\u2019ont \u00e9t\u00e9 les autres frappes sur Gaza, celle-ci a \u00e9t\u00e9 <a href=\"https:\/\/archive.ph\/wAJ8e\">totalement exhib\u00e9e<\/a>. Pas une goutte de sang isra\u00e9lien, pas une seule maison d\u00e9truite et pas une seule condamnation du monde ext\u00e9rieur, m\u00eame prudente. Avec un co\u00fbt aussi bas que celui-ci, l&rsquo;app\u00e9tit pour d&rsquo;autres op\u00e9rations du m\u00eame genre ne va pas manquer d\u2019enfler. Mardi, \u00e0 Naplouse, on aurait d\u00fb pouvoir discuter au moins les r\u00e9sultats.<\/span><\/p>\n<p>&nbsp;<\/p>\n<p style=\"text-align: justify;\"><span style=\"font-family: times new roman, times, serif; font-size: 14pt;\">L&rsquo;arrogance habituelle s&rsquo;est accompagn\u00e9e cette fois du sentiment enivrant d&rsquo;une victoire douce et facile. Apportez-nous encore plein de guerres \u00e0 prix r\u00e9duits. Apr\u00e8s tout, personne n&rsquo;a \u00e9t\u00e9 tu\u00e9 et presque aucune maison n&rsquo;a \u00e9t\u00e9 endommag\u00e9e par l&rsquo;op\u00e9ration <em>Breaking Dawn<\/em> du week-end dernier.<\/span><\/p>\n<p>&nbsp;<\/p>\n<p style=\"text-align: justify;\"><span style=\"font-family: times new roman, times, serif; font-size: 14pt;\">Mais il est impossible d&rsquo;ignorer un autre des facteurs qui ont aliment\u00e9 ce sentiment de victoire\u00a0: c\u2019est que, cette fois, l&rsquo;op\u00e9ration a \u00e9t\u00e9 lanc\u00e9e <a href=\"https:\/\/archive.ph\/dsVs3\">par les bons Isra\u00e9liens<\/a>. Ce sont eux qui sont au pouvoir maintenant. Vous avez vu avec quel brio ils ont vaincu\u00a0?<\/span><\/p>\n<p>&nbsp;<\/p>\n<p style=\"text-align: justify;\"><span style=\"font-family: times new roman, times, serif; font-size: 14pt;\">Il s&rsquo;agit \u00e0 vrai dire de la guerre la plus politique qu&rsquo;Isra\u00ebl ait jamais men\u00e9e. La droite \u00e9tait unie et soyez s\u00fbrs qu\u2019elle ne va jamais prononcera un seul mot de critique sur le fait de tuer des Arabes. Le centre-gauche ruisselait de fiert\u00e9\u00a0: quel succ\u00e8s\u00a0! quelle gestion\u00a0! quelle audace\u00a0! La flatterie \u00e0 l&rsquo;\u00e9gard des commandants de l&rsquo;op\u00e9ration \u2013 le Premier ministre Yair Lapid et le ministre de la D\u00e9fense Benny Gantz, qui sont deux \u00ab\u00a0des n\u00f4tres\u00a0\u00bb \u2013 a fait des heures suppl\u00e9mentaires.<\/span><\/p>\n<p>&nbsp;<\/p>\n<p style=\"text-align: justify;\"><span style=\"font-family: times new roman, times, serif; font-size: 14pt;\">Yossi Verter, pour sa part, <a href=\"https:\/\/archive.ph\/Ptuiw\">a d\u00e9crit<\/a> comment la garde-robe de Lapid a chang\u00e9 gr\u00e2ce \u00e0 ce pharamineux succ\u00e8s. Son \u00ab\u00a0costume vide a \u00e9t\u00e9 rempli\u00a0\u00bb, a-t-il \u00e9crit en guise de litote. Et d\u2019ajouter le lendemain : \u00ab\u00a0Sans aucun doute, c&rsquo;est une plume au chapeau de Lapid\u00a0\u00bb (<em>Haaretz<\/em>, le 8 ao\u00fbt). Le costume qui a \u00e9t\u00e9 rempli (de sang) et la plume au chapeau sont les vrais butins de cette guerre, qui s&rsquo;est termin\u00e9e sur \u00ab\u00a0un r\u00eave pour Isra\u00ebl\u00a0\u00bb. Un r\u00eave de guerre.<\/span><\/p>\n<p>&nbsp;<\/p>\n<p style=\"text-align: justify;\"><span style=\"font-family: times new roman, times, serif; font-size: 14pt;\">Verter a \u00e9t\u00e9 rapidement suivi par un Uri Misgav d\u00e9barrass\u00e9 de tous ses faux-semblants\u00a0: la v\u00e9ritable image de victoire de cette guerre, \u00e9crit-il, est celle de Lapid \u00ab\u00a0briefant\u00a0\u00bb le leader de l&rsquo;opposition Benjamin Netanyahu (<em>Haaretz <\/em>en h\u00e9breu, du 7 ao\u00fbt). Cela valait la peine d&rsquo;aller en guerre pour cette image de victoire. Pour Misgav et ses pareils, il n\u2019y a rien de plus doux.<\/span><\/p>\n<p>&nbsp;<\/p>\n<p style=\"text-align: justify;\"><span style=\"font-family: times new roman, times, serif; font-size: 14pt;\">Roger Waters s\u2019est \u00e9cri\u00e9. \u00ab\u00a0Mais qu&rsquo;est-ce qu\u2019ils ont ces crevards d\u2019Isra\u00e9liens ? Qu\u2019est-ce qu\u2019ils ont dans le corps, qui ne va pas ?\u00a0\u00bb J&rsquo;aimerais tellement savoir quoi r\u00e9pondre \u00e0 sa col\u00e8re et \u00e0 son d\u00e9sespoir.<\/span><\/p>\n<p>&nbsp;<\/p>\n<p><span style=\"font-family: times new roman, times, serif; font-size: 14pt;\">Source :<a href=\"http:\/\/www.informationclearinghouse.info\/57186.htm\"> http:\/\/www.informationclearinghouse.info\/57186.htm<\/a><\/span><\/p>\n<p>&nbsp;<\/p>\n<p><strong><span style=\"font-family: times new roman, times, serif; font-size: 14pt;\">URL de cet article : <\/span><\/strong><a href=\"http:\/\/blog.lesgrossesorchadeslesamplesthalameges.fr\/index.php\/les-larmes-de-roger-waters\/\"><span style=\"font-family: times new roman, times, serif; font-size: 14pt;\">http:\/\/blog.lesgrossesorchadeslesamplesthalameges.fr\/index.php\/les-larmes-de-roger-waters\/<\/span><\/a><strong><span style=\"font-family: times new roman, times, serif; font-size: 14pt;\"><br \/>\n<\/span><\/strong><\/p>\n<p>&nbsp;<\/p>\n<p>&nbsp;<\/p>\n<p>&nbsp;<\/p>\n<p style=\"text-align: center;\"><a href=\"http:\/\/blog.lesgrossesorchadeslesamplesthalameges.fr\/index.php\/2022\/08\/16\/a-propos-de-deux-articles-de-pepe-escobar\/000-samarcande-2-copie\/\" rel=\"attachment wp-att-20152\"><img loading=\"lazy\" class=\"alignnone size-full wp-image-20152\" src=\"http:\/\/blog.lesgrossesorchadeslesamplesthalameges.fr\/wp-content\/uploads\/2022\/08\/000.-Samarcande-2-Copie.jpg\" alt=\"\" width=\"120\" height=\"79\" \/><\/a><\/p>\n<p>&nbsp;<\/p>\n<p>&nbsp;<\/p>\n<p>&nbsp;<\/p>\n<p style=\"text-align: right;\"><span style=\"font-family: comic sans ms, sans-serif;\">Ao\u00fbt 2022<\/span><\/p>\n<p>&nbsp;<\/p>\n<p>&nbsp;<\/p>\n","protected":false},"excerpt":{"rendered":"<p>&nbsp; &nbsp; &nbsp; &nbsp; &nbsp; &nbsp; &nbsp; &nbsp; &nbsp; Les larmes de Roger Waters &nbsp; &nbsp; &nbsp; Gideon Levy \u2013 I.C.H. \u2013 16.8.2022 &nbsp; Traduction : c.l. pour L.G.O. \u2013 17.8.2022 \u00a0 &nbsp; &nbsp; &nbsp; &nbsp; &nbsp; Roger Waters a pleur\u00e9 mercredi. C&rsquo;\u00e9tait sur sa page Twitter, alors qu&rsquo;il lisait, devant la cam\u00e9ra, un essai&#8230;<\/p>\n","protected":false},"author":1,"featured_media":0,"parent":0,"menu_order":0,"comment_status":"open","ping_status":"open","template":"","meta":[],"_links":{"self":[{"href":"https:\/\/blog.lesgrossesorchadeslesamplesthalameges.fr\/index.php\/wp-json\/wp\/v2\/pages\/20182"}],"collection":[{"href":"https:\/\/blog.lesgrossesorchadeslesamplesthalameges.fr\/index.php\/wp-json\/wp\/v2\/pages"}],"about":[{"href":"https:\/\/blog.lesgrossesorchadeslesamplesthalameges.fr\/index.php\/wp-json\/wp\/v2\/types\/page"}],"author":[{"embeddable":true,"href":"https:\/\/blog.lesgrossesorchadeslesamplesthalameges.fr\/index.php\/wp-json\/wp\/v2\/users\/1"}],"replies":[{"embeddable":true,"href":"https:\/\/blog.lesgrossesorchadeslesamplesthalameges.fr\/index.php\/wp-json\/wp\/v2\/comments?post=20182"}],"version-history":[{"count":8,"href":"https:\/\/blog.lesgrossesorchadeslesamplesthalameges.fr\/index.php\/wp-json\/wp\/v2\/pages\/20182\/revisions"}],"predecessor-version":[{"id":20191,"href":"https:\/\/blog.lesgrossesorchadeslesamplesthalameges.fr\/index.php\/wp-json\/wp\/v2\/pages\/20182\/revisions\/20191"}],"wp:attachment":[{"href":"https:\/\/blog.lesgrossesorchadeslesamplesthalameges.fr\/index.php\/wp-json\/wp\/v2\/media?parent=20182"}],"curies":[{"name":"wp","href":"https:\/\/api.w.org\/{rel}","templated":true}]}}