{"id":2019,"date":"2019-01-25T23:54:52","date_gmt":"2019-01-25T22:54:52","guid":{"rendered":"http:\/\/blog.lesgrossesorchadeslesamplesthalameges.fr\/?page_id=2019"},"modified":"2019-01-26T01:02:48","modified_gmt":"2019-01-26T00:02:48","slug":"de-louis-capet-a-macron-ier","status":"publish","type":"page","link":"https:\/\/blog.lesgrossesorchadeslesamplesthalameges.fr\/index.php\/de-louis-capet-a-macron-ier\/","title":{"rendered":"De Louis Capet \u00e0 Macron Ier"},"content":{"rendered":"<div class=\"article-corps\">\n<div id=\"font-variable\" class=\"article-texte print-only\">\n<div>\n<div id=\"font-variable-chapo\" class=\"article-chapo print-only\">\n<p>&nbsp;<\/p>\n<p>&nbsp;<\/p>\n<p>&nbsp;<\/p>\n<p>&nbsp;<\/p>\n<p>&nbsp;<\/p>\n<p><strong><span style=\"font-family: comic sans ms, sans-serif; font-size: 18pt;\">R\u00e9flexion pour lendemain d\u2019anniversaire :<\/span><\/strong><\/p>\n<p>&nbsp;<\/p>\n<p style=\"text-align: center;\"><span style=\"font-family: times new roman, times, serif; font-size: 18pt; color: #c00000;\"><strong><em>\u00ab\u00a0la monarchie n\u2019est le meilleur syst\u00e8me politique qu\u2019\u00e0 condition d\u2019\u00eatre mod\u00e9r\u00e9 par la guillotine\u00a0\u00bb<\/em><\/strong><\/span><\/p>\n<p>&nbsp;<\/p>\n<p style=\"text-align: center;\"><img loading=\"lazy\" class=\"alignnone wp-image-1990\" src=\"http:\/\/blog.lesgrossesorchadeslesamplesthalameges.fr\/wp-content\/uploads\/2019\/01\/La-guillotine-selon-Franquin-GIF-300x95.png\" alt=\"\" width=\"750\" height=\"236\" srcset=\"https:\/\/blog.lesgrossesorchadeslesamplesthalameges.fr\/wp-content\/uploads\/2019\/01\/La-guillotine-selon-Franquin-GIF-300x95.png 300w, https:\/\/blog.lesgrossesorchadeslesamplesthalameges.fr\/wp-content\/uploads\/2019\/01\/La-guillotine-selon-Franquin-GIF-768x242.png 768w, https:\/\/blog.lesgrossesorchadeslesamplesthalameges.fr\/wp-content\/uploads\/2019\/01\/La-guillotine-selon-Franquin-GIF-1024x323.png 1024w, https:\/\/blog.lesgrossesorchadeslesamplesthalameges.fr\/wp-content\/uploads\/2019\/01\/La-guillotine-selon-Franquin-GIF.png 1133w\" sizes=\"(max-width: 750px) 100vw, 750px\" \/><\/p>\n<\/div>\n<\/div>\n<\/div>\n<\/div>\n<p>&nbsp;<\/p>\n<p>&nbsp;<\/p>\n<p style=\"text-align: center;\"><img loading=\"lazy\" class=\"alignnone size-full wp-image-1979\" src=\"http:\/\/blog.lesgrossesorchadeslesamplesthalameges.fr\/wp-content\/uploads\/2019\/01\/000.-russep-x-5.gif\" alt=\"\" width=\"50\" height=\"50\" \/><\/p>\n<p>&nbsp;<\/p>\n<p>&nbsp;<\/p>\n<div class=\"article-corps\">\n<div id=\"font-variable\" class=\"article-texte print-only\">\n<div>\n<div id=\"font-variable-chapo\" class=\"article-chapo print-only\">\n<p style=\"text-align: center;\"><span style=\"font-family: times new roman, times, serif; font-size: 18pt; color: #c00000;\"><strong>Louis Croix V B\u00e2ton, c\u2019est fait. <\/strong><\/span><\/p>\n<p style=\"text-align: center;\"><span style=\"font-family: times new roman, times, serif; font-size: 18pt; color: #c00000;\"><strong>Macron, \u00e7a va se faire. <\/strong><\/span><\/p>\n<p style=\"text-align: center;\"><span style=\"font-family: times new roman, times, serif; font-size: 18pt; color: #c00000;\"><strong>Voici pourquoi et comment<\/strong><\/span><\/p>\n<p>&nbsp;<\/p>\n<h1 style=\"text-align: center;\"><strong><span style=\"font-family: times new roman, times, serif; font-size: 36pt;\">De Louis Capet \u00e0 Macron 1er, violences royales et vengeance du peuple<\/span><\/strong><\/h1>\n<p>&nbsp;<\/p>\n<p style=\"text-align: center;\"><span style=\"font-family: times new roman, times, serif; font-size: 14pt;\"><span style=\"font-size: 18pt;\"><strong>Maxime VIVAS \u2013 <em>LGS<\/em> \u2013<\/strong><\/span> 22.1.2019<\/span><\/p>\n<p>&nbsp;<\/p>\n<p>&nbsp;<\/p>\n<\/div>\n<\/div>\n<\/div>\n<\/div>\n<div class=\"article-corps\">\n<div id=\"font-variable\" class=\"article-texte print-only\">\n<div>\n<div id=\"font-variable-chapo\" class=\"article-chapo print-only\">\n<p style=\"text-align: center;\"><span style=\"font-family: times new roman, times, serif; font-size: 14pt;\"><strong><em><img loading=\"lazy\" class=\"alignnone wp-image-1991\" src=\"http:\/\/blog.lesgrossesorchadeslesamplesthalameges.fr\/wp-content\/uploads\/2019\/01\/Tale-2e-version-GIF-300x189.gif\" alt=\"\" width=\"400\" height=\"251\" srcset=\"https:\/\/blog.lesgrossesorchadeslesamplesthalameges.fr\/wp-content\/uploads\/2019\/01\/Tale-2e-version-GIF-300x189.gif 300w, https:\/\/blog.lesgrossesorchadeslesamplesthalameges.fr\/wp-content\/uploads\/2019\/01\/Tale-2e-version-GIF-768x483.gif 768w, https:\/\/blog.lesgrossesorchadeslesamplesthalameges.fr\/wp-content\/uploads\/2019\/01\/Tale-2e-version-GIF-1024x643.gif 1024w\" sizes=\"(max-width: 400px) 100vw, 400px\" \/><\/em><\/strong><\/span><\/p>\n<p>&nbsp;<\/p>\n<p>&nbsp;<\/p>\n<p style=\"text-align: justify;\"><span style=\"font-family: times new roman, times, serif; font-size: 14pt;\">Tous les lundis, \u00a0j\u2019anime une \u00e9mission culturelle d\u2019une heure sur Radio Mon Pa\u00efs \u00e0 Toulouse. Je l\u2019ouvre par un \u00e9ditorial. Celui du 21 (trop saignant, dites-vous\u00a0?) avait la forme d\u2019un double carcan qui emprisonnait le dernier roi de France et le premier pr\u00e9sident qui insultait assid\u00fbment son peuple\u00a0:<\/span><\/p>\n<p style=\"text-align: justify;\"><span style=\"font-family: times new roman, times, serif; font-size: 14pt;\"><em>\u00ab\u00a0Excusez-moi de vous interrompre\u00a0\u00bb,<\/em> le magazine de la culture et de vos loisirs, une \u00e9mission de Michel Lafarge, feuillet\u00e9e par votre serviteur, r\u00e9publicain, gilet jaune et admirateur des r\u00e9gicides\u00a0: Maxime Vivas.<\/span><\/p>\n<p style=\"text-align: justify;\"><span style=\"font-family: times new roman, times, serif; font-size: 14pt;\">Bonjour et merci d\u2019\u00eatre \u00e0 l\u2019\u00e9coute de Radio Mon Pa\u00efs en ce 21 janvier, date qui devrait \u00eatre un jour de f\u00eate nationale et un jour ch\u00f4m\u00e9 puisqu\u2019il y a 226 ans jour pour jour, la France proclama aux yeux du monde \u00e9bahi, et d\u2019une mani\u00e8re <em>tranchante<\/em>, qu\u2019un autre syst\u00e8me politique pouvait remplacer la royaut\u00e9. La t\u00eate de Louis Capet, \u00e9galement connu sous le sobriquet de Louis Croix V B\u00e2ton roula dans la sciure en un endroit aujourd\u2019hui appel\u00e9 place de la Concorde, \u00e0 10h 22, le 21 janvier 1793.<\/span><\/p>\n<\/div>\n<p style=\"text-align: justify;\"><span style=\"font-family: times new roman, times, serif; font-size: 14pt;\">Entre la prise de la Bastille en 1789 et sa d\u00e9capitation, le monarque employa son temps \u00e0 essayer de tromper le peuple pour sauver la royaut\u00e9 et ses privil\u00e8ges et \u00e0 r\u00e9primer la r\u00e9volte. Plus de 3 ans \u00e0 finasser, \u00e0 ruser, \u00e0 frapper, pour que le monde ancien de privil\u00e8ges des uns et de mis\u00e8re des autres perdure. La m\u00e9thode sera admirablement d\u00e9crite en une phrase dans un roman paru en 1958 et dont l\u2019action se passe en 1860 en Sicile. Dans Le Gu\u00e9pard, de Giuseppe Tomasi di Lampedusa, un jeune noble, Tancredi, d\u00e9clare, <i>\u00ab\u00a0Pour que tout reste comme avant, il faut que tout change\u00a0\u00bb.<\/i><\/span><\/p>\n<p style=\"text-align: justify;\"><span style=\"font-family: times new roman, times, serif; font-size: 14pt;\">Pourquoi fais-je un rapprochement avec les man\u0153uvres du roi de Macronie, avec son vaste d\u00e9bat pour recueillir les dol\u00e9ances de ses sujets\u00a0? \u00ab\u00a0<i> Allez-y, parlez, \u00e9crivez vos dol\u00e9ances\u00a0\u00bb<\/i>, dit-il. Apr\u00e8s les avoir lues, je garderai mon cap comme devant, car telle est ma volont\u00e9, m\u00eame si le peuple me crie sa mis\u00e8re et son exasp\u00e9ration. Pour que ma politique reste celle d\u2019avant, je change le mode de recueil de vos requ\u00eates et de vos plaintes. Mais n\u2019oubliez jamais que j\u2019ai assez de grenades lacrymog\u00e8nes pour gazer toutes les rues de France et assez de balles de flash ball pour \u00e9borgner tous les manifestants.<\/span><\/p>\n<p style=\"text-align: justify;\"><span style=\"font-family: times new roman, times, serif; font-size: 14pt;\">Les pr\u00e9sidents Georges Pompidou, Val\u00e9ry Giscard d\u2019Estaing, Fran\u00e7ois Mitterrand, Jacques Chirac, Nicolas Sarkozy, Fran\u00e7ois Hollande, ont eu \u00e0 faire face \u00e0 des manifestations. Mais aucun, durant toute sa mandature, n\u2019a aussi f\u00e9rocement r\u00e9prim\u00e9 la rue qu\u2019Emmanuel Macron en quelques semaines. Il faut remonter \u00e0 l\u2019\u00e9poque trouble de la guerre d\u2019Alg\u00e9rie et de l\u2019OAS pour trouver un gouvernement pour qui la violence \u00e9tait la seule bonne r\u00e9ponse aux manifestants.<\/span><\/p>\n<p style=\"text-align: justify;\"><span style=\"font-family: times new roman, times, serif; font-size: 14pt;\"><strong>Voici un r\u00e9cent bilan<\/strong> (qui ne doit plus \u00eatre \u00e0 jour) du r\u00e9sultat du dialogue de Macron avec le peuple de France\u00a0 :<\/span><\/p>\n<p style=\"text-align: justify;\"><strong><span style=\"font-family: times new roman, times, serif; font-size: 14pt;\">12 morts, dont une octog\u00e9naire touch\u00e9e \u00e0 la t\u00eate par une grenade alors qu\u2019elle fermait ses volets au 4\u00e8me \u00e9tage de son immeuble, d\u2019autres par accident ou par des chauffards, 3000 bless\u00e9s dont 400 gri\u00e8vement, 10 yeux crev\u00e9s, 5 mains arrach\u00e9es, 5.600 arrestations, 1.700 gardes \u00e0 vue, 292 incarc\u00e9rations, 20.000 suites p\u00e9nales.<\/span><\/strong> <em><span style=\"font-family: times new roman, times, serif; font-size: 14pt;\">[C&rsquo;est nous qui soulignons, ndGO]<br \/>\n<\/span><\/em><\/p>\n<p style=\"text-align: justify;\"><span style=\"font-family: times new roman, times, serif; font-size: 14pt;\">Mes amis, mes camarades, citoyens qui m\u2019\u00e9coutez, si le mouvement des gilets jaunes persiste et progresse, si de plus en plus de Fran\u00e7ais le rejoignent, si une r\u00e9volution se produit, il faudra que les coupables r\u00e9pondent de la r\u00e9pression devant la justice.<\/span><\/p>\n<p style=\"text-align: justify;\"><span style=\"font-family: times new roman, times, serif; font-size: 14pt;\"><strong>Et dans les coupables je mets\u00a0:<\/strong><\/span><\/p>\n<p style=\"text-align: justify; padding-left: 90px;\"><span style=\"font-family: times new roman, times, serif; font-size: 14pt;\">&#8211;\u00a0Le pr\u00e9sident de la R\u00e9publique et le gouvernement,<\/span><br \/>\n<span style=\"font-family: times new roman, times, serif; font-size: 14pt;\">&#8211;\u00a0Les pr\u00e9fets et responsables de la police qui ont ob\u00e9i aux ordres antir\u00e9publicains du gouvernement,<\/span><br \/>\n<span style=\"font-family: times new roman, times, serif; font-size: 14pt;\">&#8211;\u00a0les policiers qui ont ob\u00e9i aux ordres des pr\u00e9fets et des responsables de la police et qui ont estropi\u00e9s les manifestants,<\/span><br \/>\n<span style=\"font-family: times new roman, times, serif; font-size: 14pt;\">&#8211;\u00a0les policiers qui ont ob\u00e9i \u00e0 leur penchant facho\u00efde en massacrant avec jubilation n\u2019importe qui,<\/span><br \/>\n<span style=\"font-family: times new roman, times, serif; font-size: 14pt;\">&#8211;\u00a0les policiers chasseurs de prime qui ont vis\u00e9 avec leurs flash- ball les t\u00eates et les yeux des manifestants,<\/span><br \/>\n<span style=\"font-family: times new roman, times, serif; font-size: 14pt;\">&#8211;\u00a0les juges qui ont rendu une justice politique exp\u00e9ditive anti-gilets jaunes,<\/span><br \/>\n<span style=\"font-family: times new roman, times, serif; font-size: 14pt;\">&#8211;\u00a0les grands m\u00e9dias des milliardaires qui ont essay\u00e9 en vain de jeter le discr\u00e9dit sur le mouvement des gilets jaunes,<\/span><br \/>\n<span style=\"font-family: times new roman, times, serif; font-size: 14pt;\">&#8211;\u00a0les journalistes de terrain qui ont menti, enfum\u00e9, pour jeter le discr\u00e9dit sur le mouvement des gilets jaunes et pour complaire aux milliardaires, leurs patrons.<\/span><\/p>\n<p style=\"text-align: justify;\"><span style=\"font-family: times new roman, times, serif; font-size: 14pt;\">Mes amis, la haine de tous ces enfoir\u00e9s est <i>juste et saine<\/i>, mais nous ne devons pas la traiter par des actions violentes ou par l\u2019auto-justice. Il faut rester non-violents, toujours plus nombreux, toujours plus d\u00e9termin\u00e9s sur des objectifs pr\u00e9cis. Et les lois fran\u00e7aises sont assez nombreuses pour que Macron et toute sa bande finissent par payer.<\/span><\/p>\n<p style=\"text-align: justify;\"><span style=\"font-family: times new roman, times, serif; font-size: 14pt;\">En attendant, gloire aux citoyens en jaune dans les rue de France\u00a0!<\/span><\/p>\n<p style=\"text-align: justify;\"><span style=\"font-family: times new roman, times, serif; font-size: 14pt;\">Mais n\u2019oublions pas que Macron le Petit a dit ceci en juillet 2015 en parlant de la France\u00a0:<\/span><\/p>\n<p style=\"text-align: justify; padding-left: 90px;\"><span style=\"font-family: times new roman, times, serif; font-size: 14pt;\"><i>\u00ab\u00a0Il y a dans le processus d\u00e9mocratique et dans son fonctionnement un absent. Dans la politique fran\u00e7aise, cet absent est la figure du roi, dont je pense fondamentalement que le peuple fran\u00e7ais n\u2019a pas voulu la mort. La Terreur a creus\u00e9 un vide \u00e9motionnel, imaginaire, collectif\u00a0: le roi n\u2019est plus l\u00e0\u00a0!\u00a0\u00bb<\/i><\/span><\/p>\n<p style=\"text-align: justify;\"><span style=\"font-family: times new roman, times, serif; font-size: 14pt;\">Hol\u00e0\u00a0! Poupounet 1er, il y a encore beaucoup trop de royaut\u00e9s dans le monde. <\/span><br class=\"autobr\" \/><span style=\"font-family: times new roman, times, serif; font-size: 14pt;\">En Europe, dans l\u2019Union europ\u00e9enne, nous avons les royaumes suivants (et \u00e7a me d\u00e9go\u00fbte)\u00a0: Grande-Bretagne et Irlande du Nord, Pays-Bas, Belgique, Espagne (et mon c\u0153ur se brise \u00e0 voir le pays de mes anc\u00eatres, ce pays qui fut si grand, ainsi rabaiss\u00e9), Danemark, Su\u00e8de, Norv\u00e8ge. Ajoutons la principaut\u00e9 de Monaco et le Grand Duch\u00e9 du Luxembourg. <\/span><br class=\"autobr\" \/><span style=\"font-family: times new roman, times, serif; font-size: 14pt;\">Le Pr\u00e9sident de la R\u00e9publique fran\u00e7aise est co-prince d\u2019Andorre. Mais nous avons aussi, dans les \u00eeles de Wallis et Futuna, trois rois dont le pouvoir, m\u00eame s\u2019il est limit\u00e9, est une injure \u00e0 la R\u00e9publique.<\/span><\/p>\n<p style=\"text-align: justify;\"><span style=\"font-family: times new roman, times, serif; font-size: 14pt;\">Je rappelle que, de mon point de vue de citoyen pourtant hostile \u00e0 la peine de mort, la monarchie n\u2019est le meilleur syst\u00e8me politique qu\u2019\u00e0 condition d\u2019\u00eatre mod\u00e9r\u00e9 par la guillotine.<\/span><\/p>\n<p style=\"text-align: justify;\"><span style=\"font-family: times new roman, times, serif; font-size: 14pt;\">Allez, vive 14 juillet 1789, vive le 21 janvier 1793, et toute autre forme de message \u00e0 envoyer au MEDEF, au CAC 40, \u00e0 LREM, au Palais de l\u2019Elys\u00e9e et \u00e0 toutes les salles de r\u00e9daction ou fourmillent des petits marquis poudr\u00e9s et sans foi ni loi, sans \u00e9thique, sans honneur, sans parole\u00a0! Et sans miroir o\u00f9 d\u00e9couvrir des tronches de faux-jeton.<\/span><\/p>\n<p><span style=\"font-family: times new roman, times, serif; font-size: 14pt;\"><strong>Maxime VIVAS<\/strong><\/span><br class=\"autobr\" \/><span style=\"font-family: times new roman, times, serif; font-size: 14pt;\"><a class=\"spip_out\" href=\"https:\/\/www.youtube.com\/watch?reload=9&amp;v=bzu01gO3pi4\" rel=\"external\">Musique adapt\u00e9<\/a>e.<\/span><\/p>\n<p>&nbsp;<\/p>\n<p style=\"text-align: center;\"><iframe loading=\"lazy\" src=\"\/\/www.youtube.com\/embed\/bzu01gO3pi4\" width=\"560\" height=\"315\" frameborder=\"0\" allowfullscreen=\"allowfullscreen\"><\/iframe><\/p>\n<p>&nbsp;<\/p>\n<\/div>\n<\/div>\n<\/div>\n<div class=\"url-article\"><a href=\"https:\/\/www.legrandsoir.info\/de-louis-capet-a-macron-1er-violences-royales-et-vengeance-du-peuple.html\"><span style=\"font-family: times new roman, times, serif; font-size: 14pt;\">Source : https:\/\/www.legrandsoir.info\/de-louis-capet-a-macron-1er-violences-royales-et-vengeance-du-peuple.html<\/span><\/a><\/div>\n<div><\/div>\n<div><\/div>\n<div><\/div>\n<div><\/div>\n<div><\/div>\n<div style=\"text-align: center;\"><img loading=\"lazy\" class=\"alignnone size-full wp-image-1979\" src=\"http:\/\/blog.lesgrossesorchadeslesamplesthalameges.fr\/wp-content\/uploads\/2019\/01\/000.-russep-x-5.gif\" alt=\"\" width=\"50\" height=\"50\" \/><\/div>\n<div><\/div>\n<div><\/div>\n<div><\/div>\n<div><\/div>\n<div style=\"text-align: right;\"><span style=\"font-family: comic sans ms, sans-serif; font-size: 14pt;\">25 janvier 2019<\/span><\/div>\n<div><\/div>\n<div><\/div>\n","protected":false},"excerpt":{"rendered":"<p>&nbsp; &nbsp; &nbsp; &nbsp; &nbsp; R\u00e9flexion pour lendemain d\u2019anniversaire : &nbsp; \u00ab\u00a0la monarchie n\u2019est le meilleur syst\u00e8me politique qu\u2019\u00e0 condition d\u2019\u00eatre mod\u00e9r\u00e9 par la guillotine\u00a0\u00bb &nbsp; &nbsp; &nbsp; &nbsp; &nbsp; Louis Croix V B\u00e2ton, c\u2019est fait. Macron, \u00e7a va se faire. Voici pourquoi et comment &nbsp; De Louis Capet \u00e0 Macron 1er, violences royales et&#8230;<\/p>\n","protected":false},"author":1,"featured_media":0,"parent":0,"menu_order":0,"comment_status":"open","ping_status":"open","template":"","meta":[],"_links":{"self":[{"href":"https:\/\/blog.lesgrossesorchadeslesamplesthalameges.fr\/index.php\/wp-json\/wp\/v2\/pages\/2019"}],"collection":[{"href":"https:\/\/blog.lesgrossesorchadeslesamplesthalameges.fr\/index.php\/wp-json\/wp\/v2\/pages"}],"about":[{"href":"https:\/\/blog.lesgrossesorchadeslesamplesthalameges.fr\/index.php\/wp-json\/wp\/v2\/types\/page"}],"author":[{"embeddable":true,"href":"https:\/\/blog.lesgrossesorchadeslesamplesthalameges.fr\/index.php\/wp-json\/wp\/v2\/users\/1"}],"replies":[{"embeddable":true,"href":"https:\/\/blog.lesgrossesorchadeslesamplesthalameges.fr\/index.php\/wp-json\/wp\/v2\/comments?post=2019"}],"version-history":[{"count":0,"href":"https:\/\/blog.lesgrossesorchadeslesamplesthalameges.fr\/index.php\/wp-json\/wp\/v2\/pages\/2019\/revisions"}],"wp:attachment":[{"href":"https:\/\/blog.lesgrossesorchadeslesamplesthalameges.fr\/index.php\/wp-json\/wp\/v2\/media?parent=2019"}],"curies":[{"name":"wp","href":"https:\/\/api.w.org\/{rel}","templated":true}]}}