{"id":20220,"date":"2022-08-21T23:28:48","date_gmt":"2022-08-21T21:28:48","guid":{"rendered":"http:\/\/blog.lesgrossesorchadeslesamplesthalameges.fr\/?page_id=20220"},"modified":"2022-08-21T23:30:12","modified_gmt":"2022-08-21T21:30:12","slug":"un-petrolier-grec-pille-deux-millions-de-barils-de-petrole-brut-du-yemen","status":"publish","type":"page","link":"https:\/\/blog.lesgrossesorchadeslesamplesthalameges.fr\/index.php\/un-petrolier-grec-pille-deux-millions-de-barils-de-petrole-brut-du-yemen\/","title":{"rendered":"Un p\u00e9trolier grec pille deux millions de barils de p\u00e9trole brut du Y\u00e9men"},"content":{"rendered":"<p>&nbsp;<\/p>\n<p>&nbsp;<\/p>\n<p>&nbsp;<\/p>\n<p>&nbsp;<\/p>\n<p>&nbsp;<\/p>\n<p>&nbsp;<\/p>\n<p>&nbsp;<\/p>\n<p>&nbsp;<\/p>\n<p style=\"text-align: center;\"><span style=\"font-family: times new roman, times, serif; font-size: 36pt;\"><strong>Un p\u00e9trolier grec pille deux millions de barils de p\u00e9trole brut du Y\u00e9men<\/strong><\/span><\/p>\n<p>&nbsp;<\/p>\n<p style=\"text-align: center;\"><span style=\"font-family: times new roman, times, serif; font-size: 14pt;\"><strong><em>\u00a0<\/em><\/strong><\/span><\/p>\n<p style=\"text-align: center;\"><span style=\"font-family: times new roman, times, serif; font-size: 18pt;\"><strong><em>The Cradle\u00a0 \u2013 <\/em><\/strong><strong>20.8.2022<\/strong><\/span><\/p>\n<p style=\"text-align: center;\"><span style=\"font-family: times new roman, times, serif; font-size: 18pt;\"><strong>\u00a0<\/strong><\/span><\/p>\n<p style=\"text-align: center;\"><span style=\"font-family: times new roman, times, serif; font-size: 18pt;\">Traduction :<strong> c.l. <\/strong>pour <strong><em>L.G.O.<\/em><\/strong><\/span><\/p>\n<p style=\"text-align: justify;\"><span style=\"font-family: times new roman, times, serif; font-size: 14pt;\"><strong><em>\u00a0<\/em><\/strong><\/span><\/p>\n<p style=\"text-align: justify;\"><span style=\"font-family: times new roman, times, serif; font-size: 14pt;\"><strong><em>\u00a0<\/em><\/strong><\/span><\/p>\n<p style=\"text-align: justify;\"><span style=\"font-family: times new roman, times, serif; font-size: 14pt;\"><strong><em>\u00a0<\/em><\/strong><\/span><\/p>\n<p style=\"text-align: center;\"><span style=\"font-family: times new roman, times, serif; font-size: 14pt;\"><strong><em>\u00a0<a href=\"http:\/\/blog.lesgrossesorchadeslesamplesthalameges.fr\/index.php\/2022\/08\/21\/en-attendant-le-g-20\/6-maran-canopus_9330563_1324643_large\/\" rel=\"attachment wp-att-20207\"><img loading=\"lazy\" class=\"alignnone wp-image-20207 size-full\" src=\"http:\/\/blog.lesgrossesorchadeslesamplesthalameges.fr\/wp-content\/uploads\/2022\/08\/6.-maran-canopus_9330563_1324643_Large.jpg\" alt=\"\" width=\"600\" height=\"368\" srcset=\"https:\/\/blog.lesgrossesorchadeslesamplesthalameges.fr\/wp-content\/uploads\/2022\/08\/6.-maran-canopus_9330563_1324643_Large.jpg 600w, https:\/\/blog.lesgrossesorchadeslesamplesthalameges.fr\/wp-content\/uploads\/2022\/08\/6.-maran-canopus_9330563_1324643_Large-300x184.jpg 300w\" sizes=\"(max-width: 600px) 100vw, 600px\" \/><\/a><\/em><\/strong><\/span><\/p>\n<p style=\"text-align: justify;\"><span style=\"font-family: times new roman, times, serif; font-size: 14pt;\"><strong><em>\u00a0<\/em><\/strong><\/span><\/p>\n<p>&nbsp;<\/p>\n<p style=\"text-align: justify;\"><span style=\"font-family: times new roman, times, serif; font-size: 14pt;\"><strong><em>\u00a0<\/em><\/strong><\/span><\/p>\n<p style=\"text-align: justify;\"><span style=\"font-family: times new roman, times, serif; font-size: 14pt;\">Le 19 ao\u00fbt, le navire battant pavillon grec <em>Maran Canopus<\/em> a quitt\u00e9 le port y\u00e9m\u00e9nite d&rsquo;Al-Dhaba, dans la province d&rsquo;Hadhramout, avec \u00e0 son bord pr\u00e8s de 2 millions de barils de p\u00e9trole brut vol\u00e9s.<\/span><\/p>\n<p>&nbsp;<\/p>\n<p style=\"text-align: justify;\"><span style=\"font-family: times new roman, times, serif; font-size: 14pt;\">Citant une source officielle, l&rsquo;agence de presse Saba a indiqu\u00e9 que le navire grec avait accost\u00e9 au port d&rsquo;exportation d&rsquo;Al-Dhaba et charg\u00e9 deux millions de barils de p\u00e9trole brut au d\u00e9but du mois.<\/span><\/p>\n<p>&nbsp;<\/p>\n<p style=\"text-align: justify;\"><span style=\"font-family: times new roman, times, serif; font-size: 14pt;\">La valeur du p\u00e9trole vol\u00e9 est estim\u00e9e \u00e0 200 millions de dollars, selon les prix pratiqu\u00e9s sur les march\u00e9s internationaux de l&rsquo;\u00e9nergie.<\/span><\/p>\n<p>&nbsp;<\/p>\n<p style=\"text-align: justify;\"><span style=\"font-family: times new roman, times, serif; font-size: 14pt;\">Le navire se dirigerait vers le port chinois de Rizhao pour d\u00e9charger sa cargaison.<\/span><\/p>\n<p>&nbsp;<\/p>\n<p style=\"text-align: justify; padding-left: 120px;\"><span style=\"font-family: times new roman, times, serif; font-size: 14pt;\">\u00ab\u00a0Le pillage du p\u00e9trole brut y\u00e9m\u00e9nite n&rsquo;est qu&rsquo;une partie d&rsquo;une s\u00e9rie de vols organis\u00e9s par l&rsquo;agression dirig\u00e9e par l&rsquo;Arabie saoudite et ses mercenaires sur les revenus du pays, alors que les salaires des employ\u00e9s de l&rsquo;\u00c9tat sont toujours suspendus depuis plus de six ans\u00a0\u00bb,<\/span><\/p>\n<p>&nbsp;<\/p>\n<p style=\"text-align: justify;\"><span style=\"font-family: times new roman, times, serif; font-size: 14pt;\">a d\u00e9clar\u00e9 \u00e0 Saba un responsable y\u00e9m\u00e9nite.<\/span><\/p>\n<p>&nbsp;<\/p>\n<p style=\"text-align: justify;\"><span style=\"font-family: times new roman, times, serif; font-size: 14pt;\">Deux jours plus t\u00f4t, le navire diesel <em>Golden Eagleii<\/em> a \u00e9t\u00e9 confisqu\u00e9 par les forces de la coalition dirig\u00e9e par l&rsquo;Arabie saoudite, alors qu&rsquo;il se dirigeait vers le port de Hodeidah, bien qu&rsquo;il ait re\u00e7u l&rsquo;autorisation des Nations unies d&rsquo;entrer dans le port.<\/span><\/p>\n<p>&nbsp;<\/p>\n<p style=\"text-align: justify;\"><span style=\"font-family: times new roman, times, serif; font-size: 14pt;\">Le Y\u00e9men souffre d&rsquo;une grave p\u00e9nurie de ressources \u00e9nerg\u00e9tiques en raison du blocus criminel impos\u00e9 par la coalition dirig\u00e9e par l&rsquo;Arabie saoudite, qui profite de la faiblesse de la position internationale \u00e0 prendre toute d\u00e9cision s\u00e9rieuse dans l&rsquo;int\u00e9r\u00eat du peuple y\u00e9m\u00e9nite.<\/span><\/p>\n<p>&nbsp;<\/p>\n<p style=\"text-align: justify;\"><span style=\"font-family: times new roman, times, serif; font-size: 14pt;\">L&rsquo;ONU a annonc\u00e9 une tr\u00eave entre les parties bellig\u00e9rantes au Y\u00e9men en avril dernier, tr\u00eave qui a \u00e9t\u00e9 prolong\u00e9e au d\u00e9but de ce mois pour deux mois suppl\u00e9mentaires.<\/span><\/p>\n<p>&nbsp;<\/p>\n<p style=\"text-align: justify;\"><span style=\"font-family: times new roman, times, serif; font-size: 14pt;\">Depuis le d\u00e9but de l&rsquo;armistice, la coalition dirig\u00e9e par l&rsquo;Arabie saoudite est accus\u00e9e d&rsquo;avoir pill\u00e9 les revenus du p\u00e9trole brut et du gaz naturel du Y\u00e9men pour un montant de 919,6 millions de dollars.<\/span><\/p>\n<p>&nbsp;<\/p>\n<p style=\"text-align: justify;\"><span style=\"font-family: times new roman, times, serif; font-size: 14pt;\">D&rsquo;autre part, le chef du Conseil Politique Supr\u00eame du Y\u00e9men, Mahdi Al-Mashat, a averti le 15 ao\u00fbt que <a href=\"https:\/\/thecradle.co\/Article\/News\/14335\">les missiles y\u00e9m\u00e9nites<\/a> et des attaques par drones \u00e9taient capables de d\u00e9truire n&rsquo;importe quelle cible \u00e0 l&rsquo;int\u00e9rieur des territoires saoudien et \u00e9mirati.<\/span><\/p>\n<p style=\"text-align: justify;\"><span style=\"font-family: times new roman, times, serif; font-size: 14pt;\"><strong>\u00a0<\/strong><\/span><\/p>\n<p>&nbsp;<\/p>\n<p style=\"text-align: justify;\"><span style=\"font-family: comic sans ms, sans-serif; font-size: 14pt;\">Qu\u2019est-ce qu\u2019ils attendent pour le faire\u00a0?<\/span><\/p>\n<p style=\"text-align: justify;\"><span style=\"font-family: times new roman, times, serif; font-size: 14pt;\"><strong>\u00a0<\/strong><\/span><\/p>\n<p style=\"text-align: justify;\"><span style=\"font-family: times new roman, times, serif; font-size: 14pt;\"><strong>\u00a0<\/strong><\/span><\/p>\n<p style=\"text-align: justify;\"><span style=\"font-family: times new roman, times, serif; font-size: 14pt;\">Source : <a href=\"https:\/\/thecradle.co\/Article\/News\/14584\">Greek tanker loots two million barrels of Yemen\u2019s crude oil (thecradle.co)<\/a><\/span><\/p>\n<p style=\"text-align: justify;\"><span style=\"font-family: times new roman, times, serif; font-size: 14pt;\">Source d\u2019origine : Fleetmon<\/span><\/p>\n<p style=\"text-align: justify;\"><span style=\"font-family: times new roman, times, serif; font-size: 14pt;\"><a href=\"https:\/\/www.fleetmon.com\/vessels\/maran-canopus_9330563_6321\/?language=id\">https:\/\/www.fleetmon.com\/vessels\/maran-canopus_9330563_6321\/?language=id<\/a><\/span><\/p>\n<p>&nbsp;<\/p>\n<p style=\"text-align: left;\"><span style=\"font-family: times new roman, times, serif; font-size: 14pt;\"><strong>URL de cet article : <\/strong><a href=\"http:\/\/blog.lesgrossesorchadeslesamplesthalameges.fr\/index.php\/un-petrolier-grec-pille-deux-millions-de-barils-de-petrole-brut-du-yemen\/\">http:\/\/blog.lesgrossesorchadeslesamplesthalameges.fr\/index.php\/un-petrolier-grec-pille-deux-millions-de-barils-de-petrole-brut-du-yemen\/<\/a><strong><br \/>\n<\/strong><\/span><\/p>\n<p>&nbsp;<\/p>\n<p>&nbsp;<\/p>\n<p>&nbsp;<\/p>\n<p style=\"text-align: center;\"><a href=\"http:\/\/blog.lesgrossesorchadeslesamplesthalameges.fr\/index.php\/un-petrolier-grec-pille-deux-millions-de-barils-de-petrole-brut-du-yemen\/000-sanctions-petit-copie-2\/\" rel=\"attachment wp-att-20221\"><img loading=\"lazy\" class=\"alignnone size-full wp-image-20221\" src=\"http:\/\/blog.lesgrossesorchadeslesamplesthalameges.fr\/wp-content\/uploads\/2022\/08\/000.-sanctions-PETIT-Copie-1.jpeg\" alt=\"\" width=\"100\" height=\"98\" \/><\/a><\/p>\n<p>&nbsp;<\/p>\n<p>&nbsp;<\/p>\n<p>&nbsp;<\/p>\n<p style=\"text-align: right;\"><span style=\"font-family: comic sans ms, sans-serif; font-size: 14pt;\">Ao\u00fbt 2022<\/span><\/p>\n<p>&nbsp;<\/p>\n<p>&nbsp;<\/p>\n","protected":false},"excerpt":{"rendered":"<p>&nbsp; &nbsp; &nbsp; &nbsp; &nbsp; &nbsp; &nbsp; &nbsp; Un p\u00e9trolier grec pille deux millions de barils de p\u00e9trole brut du Y\u00e9men &nbsp; \u00a0 The Cradle\u00a0 \u2013 20.8.2022 \u00a0 Traduction : c.l. pour L.G.O. \u00a0 \u00a0 \u00a0 \u00a0 \u00a0 &nbsp; \u00a0 Le 19 ao\u00fbt, le navire battant pavillon grec Maran Canopus a quitt\u00e9 le port y\u00e9m\u00e9nite&#8230;<\/p>\n","protected":false},"author":1,"featured_media":0,"parent":0,"menu_order":0,"comment_status":"open","ping_status":"open","template":"","meta":[],"_links":{"self":[{"href":"https:\/\/blog.lesgrossesorchadeslesamplesthalameges.fr\/index.php\/wp-json\/wp\/v2\/pages\/20220"}],"collection":[{"href":"https:\/\/blog.lesgrossesorchadeslesamplesthalameges.fr\/index.php\/wp-json\/wp\/v2\/pages"}],"about":[{"href":"https:\/\/blog.lesgrossesorchadeslesamplesthalameges.fr\/index.php\/wp-json\/wp\/v2\/types\/page"}],"author":[{"embeddable":true,"href":"https:\/\/blog.lesgrossesorchadeslesamplesthalameges.fr\/index.php\/wp-json\/wp\/v2\/users\/1"}],"replies":[{"embeddable":true,"href":"https:\/\/blog.lesgrossesorchadeslesamplesthalameges.fr\/index.php\/wp-json\/wp\/v2\/comments?post=20220"}],"version-history":[{"count":8,"href":"https:\/\/blog.lesgrossesorchadeslesamplesthalameges.fr\/index.php\/wp-json\/wp\/v2\/pages\/20220\/revisions"}],"predecessor-version":[{"id":20229,"href":"https:\/\/blog.lesgrossesorchadeslesamplesthalameges.fr\/index.php\/wp-json\/wp\/v2\/pages\/20220\/revisions\/20229"}],"wp:attachment":[{"href":"https:\/\/blog.lesgrossesorchadeslesamplesthalameges.fr\/index.php\/wp-json\/wp\/v2\/media?parent=20220"}],"curies":[{"name":"wp","href":"https:\/\/api.w.org\/{rel}","templated":true}]}}