{"id":20269,"date":"2022-08-23T20:28:22","date_gmt":"2022-08-23T18:28:22","guid":{"rendered":"http:\/\/blog.lesgrossesorchadeslesamplesthalameges.fr\/?page_id=20269"},"modified":"2022-08-23T21:02:01","modified_gmt":"2022-08-23T19:02:01","slug":"le-fsb-russe-identifie-lassassin-presume-de-douguina","status":"publish","type":"page","link":"https:\/\/blog.lesgrossesorchadeslesamplesthalameges.fr\/index.php\/le-fsb-russe-identifie-lassassin-presume-de-douguina\/","title":{"rendered":"Le FSB russe identifie l&rsquo;assassin pr\u00e9sum\u00e9 de Douguina"},"content":{"rendered":"<p>&nbsp;<\/p>\n<p>&nbsp;<\/p>\n<p>&nbsp;<\/p>\n<p>&nbsp;<\/p>\n<p>&nbsp;<\/p>\n<p>&nbsp;<\/p>\n<p>&nbsp;<\/p>\n<p>&nbsp;<\/p>\n<p style=\"text-align: center;\"><span style=\"font-family: times new roman, times, serif; font-size: 36pt;\"><strong>Le FSB russe identifie l&rsquo;assassin pr\u00e9sum\u00e9 de Douguina<\/strong><\/span><\/p>\n<p style=\"text-align: center;\"><span style=\"font-family: times new roman, times, serif; font-size: 14pt;\"><strong>\u00a0<\/strong><\/span><\/p>\n<p>&nbsp;<\/p>\n<p>&nbsp;<\/p>\n<p style=\"text-align: center;\"><span style=\"font-family: times new roman, times, serif; font-size: 18pt;\"><strong>Tyler Durden \u2013 <em>Zero Hedge<\/em> \u2013\u00a0 23.8.2022<\/strong><\/span><\/p>\n<p style=\"text-align: center;\"><span style=\"font-family: times new roman, times, serif; font-size: 18pt;\"><strong>\u00e0 9h45 a.m.<\/strong><\/span><\/p>\n<p style=\"text-align: center;\"><span style=\"font-family: times new roman, times, serif; font-size: 18pt;\"><strong>\u00a0<\/strong><\/span><\/p>\n<p style=\"text-align: center;\"><span style=\"font-family: times new roman, times, serif; font-size: 18pt;\">Traduction\u00a0:<strong> c.l. <\/strong>pour<strong> <em>L.G.O.<\/em><\/strong><\/span><\/p>\n<p><span style=\"font-size: 18pt;\"><strong>\u00a0<\/strong><\/span><\/p>\n<p><span style=\"font-family: arial, helvetica, sans-serif; font-size: 12pt;\"><strong>\u00a0<\/strong><\/span><\/p>\n<p><span style=\"font-family: arial, helvetica, sans-serif; font-size: 12pt;\"><strong>\u00a0<\/strong><\/span><\/p>\n<p style=\"text-align: center;\"><a href=\"http:\/\/blog.lesgrossesorchadeslesamplesthalameges.fr\/index.php\/2022\/08\/23\/a-propos-dun-nieme-assassinat-cible-partie-1\/1-le-fsb-identifie\/\" rel=\"attachment wp-att-20263\"><img loading=\"lazy\" class=\"alignnone wp-image-20263 size-full\" src=\"http:\/\/blog.lesgrossesorchadeslesamplesthalameges.fr\/wp-content\/uploads\/2022\/08\/1.-Le-FSB-identifie.jpg\" alt=\"\" width=\"500\" height=\"281\" srcset=\"https:\/\/blog.lesgrossesorchadeslesamplesthalameges.fr\/wp-content\/uploads\/2022\/08\/1.-Le-FSB-identifie.jpg 500w, https:\/\/blog.lesgrossesorchadeslesamplesthalameges.fr\/wp-content\/uploads\/2022\/08\/1.-Le-FSB-identifie-300x169.jpg 300w\" sizes=\"(max-width: 500px) 100vw, 500px\" \/><\/a><\/p>\n<p>&nbsp;<\/p>\n<p style=\"text-align: center;\"><span style=\"font-family: arial, helvetica, sans-serif; font-size: 12pt;\"><strong><em>Le Service F\u00e9d\u00e9ral de S\u00e9curit\u00e9 russe affirme<\/em><\/strong><em> que l&rsquo;assassinat de Dougina a \u00e9t\u00e9 commis par un agent secret de l&rsquo;Ukraine&#8230;<\/em><\/span><\/p>\n<p>&nbsp;<\/p>\n<p>&nbsp;<\/p>\n<p>&nbsp;<\/p>\n<p style=\"text-align: justify;\"><span style=\"font-family: arial, helvetica, sans-serif; font-size: 14pt;\">Au d\u00e9but du XXe si\u00e8cle, le d\u00e9licat tissu de l&rsquo;ordre social en Europe reposait sur le fil d\u2019un rasoir. \u00c0lors que les puissances imp\u00e9riales \u00e9tendaient leurs empires, ce n&rsquo;\u00e9tait qu&rsquo;une question de temps avant qu&rsquo;un conflit entre elles ne fasse voler en \u00e9clats la paix en Europe. \u00c0 cette \u00e9poque, la Russie se retrouva face aux empires les plus puissants d&rsquo;Europe, \u00e0 savoir l&rsquo;Autriche-Hongrie et l&rsquo;Allemagne.<\/span><\/p>\n<p>&nbsp;<\/p>\n<p style=\"text-align: justify;\"><span style=\"font-family: arial, helvetica, sans-serif; font-size: 14pt;\">La fissure entre ces empires fut rendue irr\u00e9parable par la crise bosniaque de 1908, qui vit l&rsquo;Autriche-Hongrie annexer la Bosnie-Herz\u00e9govine en utilisant comme catalyseur politique avantageux, la d\u00e9claration d&rsquo;ind\u00e9pendance de la Bulgarie vis-\u00e0-vis de l&rsquo;Empire ottoman qui avait d\u00e9stabilis\u00e9 la r\u00e9gion des Balkans. Les actions de l&rsquo;Autriche-Hongrie allaient pousser la Russie \u00e0 prendre la d\u00e9fense de ses fr\u00e8res slaves de Serbie et du Mont\u00e9n\u00e9gro, r\u00e9action qui modifierait \u00e0 jamais la fa\u00e7on dont la Russie se pla\u00e7ait vis-\u00e0-vis des autres puissances europ\u00e9ennes. Bien qu&rsquo;un conflit g\u00e9n\u00e9ralis\u00e9 p\u00fbt \u00eatre \u00e9vit\u00e9 gr\u00e2ce \u00e0 la modification du trait\u00e9 de Berlin, le climat politique cr\u00e9\u00e9 par la crise bosniaque a bel et bien allum\u00e9 la m\u00e8che de l&rsquo;in\u00e9vitable d\u00e9clenchement de la Premi\u00e8re Guerre mondiale, qui allait exploser avec l&rsquo;assassinat de l&rsquo;archiduc Fran\u00e7ois-Ferdinand par le nationaliste bosno-serbe Gavrilo Princip.<\/span><\/p>\n<p>&nbsp;<\/p>\n<p style=\"text-align: justify;\"><span style=\"font-family: arial, helvetica, sans-serif; font-size: 14pt;\">Alors que la guerre en Ukraine place une nouvelle fois la Russie en d\u00e9saccord avec les puissances europ\u00e9ennes, la situation pr\u00e9caire d&rsquo;une paix apparemment intenable sur le continent fait encore \u00e9cho au bout de plus d\u2019un si\u00e8cele \u00e0 la Premi\u00e8re Guerre mondiale. La tension confirme l&rsquo;axiome bien connu\u00a0: rien de nouveau sous le soleil, la volatilit\u00e9 de l&rsquo;Europe de 2022 refl\u00e9tant parfaitement celle de 1908. La position de la Russie contre l&rsquo;h\u00e9g\u00e9monie europ\u00e9enne de l&rsquo;OTAN est identique \u00e0 sa position en faveur du royaume slave d\u2019il y a plus d&rsquo;un si\u00e8cle. Aujourd&rsquo;hui, avec l&rsquo;assassinat de Darya Douguina, ce si\u00e8cle vient peut-\u00eatre de trouver son propre Franz Ferdinand.<\/span><\/p>\n<p>&nbsp;<\/p>\n<p style=\"text-align: justify;\"><span style=\"font-family: arial, helvetica, sans-serif; font-size: 14pt;\">Le Service F\u00e9d\u00e9ral de S\u00e9curit\u00e9 russe (\u00ab\u00a0FSB\u00a0\u00bb) a affirm\u00e9 que l&rsquo;assassinat de Douguina a \u00e9t\u00e9 commis par un agent secret de l&rsquo;Ukraine. Et il a identifi\u00e9 Natalia Vovk comme l&rsquo;assassin pr\u00e9sum\u00e9. \u00ab\u00a0Gr\u00e2ce \u00e0 un ensemble de mesures de recherche op\u00e9rationnelle en urgence, le Service F\u00e9d\u00e9ral de S\u00e9curit\u00e9 a r\u00e9solu le meurtre de la journaliste russe Darya Douguina, n\u00e9e en 1992\u00a0\u00bb, a annonc\u00e9 le FSB, qui a soulign\u00e9 la culpabilit\u00e9 du gouvernement ukrainien en d\u00e9clarant que \u00ab\u00a0le crime a \u00e9t\u00e9 pr\u00e9par\u00e9 et commis par les services sp\u00e9ciaux ukrainiens [&#8230;]\u00a0\u00bb.<\/span><\/p>\n<p style=\"text-align: justify;\"><span style=\"font-family: arial, helvetica, sans-serif; font-size: 14pt;\"><a href=\"https:\/\/www.zerohedge.com\/s3\/files\/inline-images\/natalia-shaban-vovk-03.jpg?itok=Ig78qSFP\"><br \/>\n<\/a><a href=\"https:\/\/tass.ru\/proisshestviya\/15531419?\">Selon l&rsquo;enqu\u00eate du FSB<\/a>, Vovk est entr\u00e9e en Russie en juillet et s\u2019est install\u00e9e dans l\u2019immeuble o\u00f9 r\u00e9sidait Douguina. Vovk aurait ensuite suivi Douguina jusqu&rsquo;au festival o\u00f9 a \u00e9t\u00e9 plac\u00e9 l&rsquo;engin explosif qui a conduit \u00e0 sa mort. Selon les services de renseignement russes, Vovk, qui \u00e9tait accompagn\u00e9e de sa fille de 12 ans, a fui en Estonie aussit\u00f4t apr\u00e8s l&rsquo;assassinat. \u00c0 la suite de son identification, les services r\u00e9pressifs russes ont d\u00e9clar\u00e9 leur intention de r\u00e9clamer son extradition.<\/span><\/p>\n<p>&nbsp;<\/p>\n<p style=\"text-align: justify;\"><span style=\"font-family: arial, helvetica, sans-serif; font-size: 14pt;\">D\u00e8s apr\u00e8s l&rsquo;assassinat de Mme Douguina, l&rsquo;Ukraine a naturellement \u00e9t\u00e9 mise en cause, \u00e9tant donn\u00e9 la r\u00e9putation importante, bien qu&rsquo;\u00e9nigmatique, de son p\u00e8re comme l&rsquo;un des id\u00e9ologues les plus influents de l\u2019entourage de Vladimir Poutine. Kiev s&rsquo;est empress\u00e9 de se laver les mains de toute implication, le conseiller Mykhailo Podolyak d\u00e9clarant : \u00ab\u00a0L&rsquo;Ukraine, bien s\u00fbr, n&rsquo;a rien \u00e0 voir avec l&rsquo;explosion d&rsquo;hier [&#8230;]\u00a0\u00bb <em>[Entre les crochets, il y a \u00ab\u00a0c\u2019est la Russie qui est un \u00e9tat terroriste\u00a0\u00bb. NdT].<\/em> Bien que les responsables ukrainiens aient formellement ni\u00e9 toute implication dans l&rsquo;attentat, le pr\u00e9sident Volodymir Zelensky a fait savoir qu&rsquo;il s&rsquo;attendait \u00e0 ce que le meurtre de Douguina entra\u00eene inexorablement l&rsquo;intensification de la campagne militaire russe.<\/span><\/p>\n<p>&nbsp;<\/p>\n<p style=\"text-align: justify;\"><span style=\"font-family: arial, helvetica, sans-serif; font-size: 14pt;\">Compte tenu des rapports sur la fuite de Vovk en Estonie, la localisation de l&rsquo;assassin pr\u00e9sum\u00e9 place la Russie en conflit avec un \u00c9tat membre de l&rsquo;OTAN encore plus directement que la guerre par procuration que lui fait l\u2019Ukraine. En 2016, la Cour Europ\u00e9enne de Justice a \u00e9tabli un pr\u00e9c\u00e9dent qui justifierait toute demande d&rsquo;extradition de Vovk par la Russie. <strong>La jurisprudence qui a \u00e9tabli cette norme s&rsquo;est produite lorsque la Cour a estim\u00e9 que tout \u00c9tat membre de l&rsquo;Union Europ\u00e9enne est oblig\u00e9 d&rsquo;acc\u00e9der \u00e0 une demande d&rsquo;extradition de tout \u00c9tat tiers non membre, m\u00eame si le sujet de la demande n&rsquo;est pas lui-m\u00eame citoyen de l&rsquo;UE.<\/strong> Cette d\u00e9cision a fait suite \u00e0 une affaire dans laquelle la Russie a demand\u00e9 l&rsquo;extradition du ressortissant estonien Aleksei Petruhhin de Lettonie pour des d\u00e9lits de trafic de drogue.<\/span><\/p>\n<p>&nbsp;<\/p>\n<p style=\"text-align: justify;\"><span style=\"font-family: arial, helvetica, sans-serif; font-size: 14pt;\">Le cadre juridique d\u00e9fini par la Cour Europ\u00e9enne de Justice placera l&rsquo;Estonie en plein milieu du jeu de billes si Vovk a effectivement trouv\u00e9 refuge dans l&rsquo;\u00c9tat balte. Car, outre son adh\u00e9sion \u00e0 l&rsquo;UE en 2004, l&rsquo;Estonie a rejoint l&rsquo;OTAN la m\u00eame ann\u00e9e. Le conflit potentiel entre l&rsquo;Estonie et la F\u00e9d\u00e9ration de Russie pourrait d\u00e9clencher l&rsquo;article 5 de la Charte de l&rsquo;OTAN, qui pr\u00e9voit une clause de d\u00e9fense collective, ce qui signifie que tout affrontement militaire avec un \u00c9tat membre de l&rsquo;OTAN constitue une action agressive contre l&rsquo;ensemble du corps transatlantique, qu&rsquo;il se produise aussi loin \u00e0 l&rsquo;est queTallinn ou aussi loin \u00e0 l\u2019ouest\u00a0 que Hawa\u00ef.<\/span><\/p>\n<p>&nbsp;<\/p>\n<p style=\"text-align: justify;\"><span style=\"font-family: arial, helvetica, sans-serif; font-size: 14pt;\">L&rsquo;article 5 a \u00e9t\u00e9 brandi constamment devant la Russie comme une sorte d&rsquo;\u00e9p\u00e9e de Damocl\u00e8s destin\u00e9e \u00e0 dissuader toute escalade du conflit ukrainien. La menace voil\u00e9e a encore \u00e9t\u00e9 tout r\u00e9cemment invoqu\u00e9e en r\u00e9ponse \u00e0 \u00ab\u00a0l&rsquo;attaque russe\u00a0\u00bb contre <a href=\"https:\/\/www.zerohedge.com\/geopolitical\/russia-says-ukraine-prepping-false-flag-provocation-zaporizhzhia-nuclear-plant-iaea\">la centrale nucl\u00e9aire de Zaporizhzhia<\/a> et aux incursions militaires accrues des forces ukrainiennes <a href=\"https:\/\/www.zerohedge.com\/geopolitical\/russia-says-it-shot-down-drone-over-sevastopol-crimea-attacks-heat\">en Crim\u00e9e<\/a>. \u00ab Tout dommage d\u00e9lib\u00e9r\u00e9 entra\u00eenant une fuite potentielle de radiations dans un r\u00e9acteur nucl\u00e9aire ukrainien constituerait une violation de l&rsquo;article 5 de l&rsquo;OTAN \u00bb, a d\u00e9clar\u00e9 le d\u00e9put\u00e9 britannique Tobias Ellwood. Son point de vue a \u00e9t\u00e9 repris par le membre du Congr\u00e8s am\u00e9ricain Adam Kinzinger (R &#8211; IL) qui a invoqu\u00e9 la d\u00e9claration d&rsquo;Ellwood en d\u00e9clarant : \u00ab Ce n&rsquo;est m\u00eame pas \u00e0 d\u00e9battre ; toute fuite tuera des gens dans les pays de l&rsquo;OTAN, c&rsquo;est un article 5 automatique [&#8230;] \u00bb quelques heures seulement avant l&rsquo;assassinat de Douguina.<\/span><\/p>\n<p>&nbsp;<\/p>\n<p style=\"text-align: justify;\"><span style=\"font-family: arial, helvetica, sans-serif; font-size: 14pt;\">Si l&rsquo;article 5 de la Charte de l&rsquo;OTAN a \u00e9t\u00e9 utilis\u00e9 pour menacer la Russie en cas d&rsquo;\u00ab intensification d\u2019agression \u00bb, ceux qui n\u2019ont cess\u00e9 d\u2019invoquer la politique de d\u00e9fense collective l&rsquo;ont fait au pr\u00e9texte de pr\u00e9venir \u00ab toute nouvelle agression \u00bb. L&rsquo;assassinat de Darya Douguina est une circonstance radicalement diff\u00e9rente, parce que la Russie percevra certainement toute action visant \u00e0 faire extrader Vovk d&rsquo;Estonie comme enti\u00e8rement justifi\u00e9e et comme une r\u00e9ponse au meurtre, non comme une attaque contre un \u00c9tat membre de l&rsquo;OTAN. Alors que la chasse \u00e0 Vovk se poursuit, l&rsquo;Europe se retrouve \u00e0 nouveau dans le creuset politique o\u00f9 s\u2019est trouv\u00e9 le continent apr\u00e8s l&rsquo;assassinat de l&rsquo;archiduc Franz Ferdinand par Gravrilo Princip. Toutefois, dans cette it\u00e9ration historique, ce sont les puissances centrales europ\u00e9ennes qui se retrouvent dans la position de l&rsquo;agresseur susceptible de provoquer un conflit catastrophique avec la Russie.<\/span><\/p>\n<p>&nbsp;<\/p>\n<p><span style=\"font-family: times new roman, times, serif; font-size: 14pt;\"><strong>Source\u00a0<\/strong>: <a href=\"https:\/\/www.zerohedge.com\/geopolitical\/russian-fsb-identifies-alleged-dugina-assassin\">Russian FSB Identifies Alleged Dugina Assassin | ZeroHedge<\/a><\/span><\/p>\n<p>&nbsp;<\/p>\n<p style=\"text-align: left;\"><span style=\"font-family: times new roman, times, serif; font-size: 14pt;\"><strong>URL de cet article : <\/strong><a href=\"http:\/\/blog.lesgrossesorchadeslesamplesthalameges.fr\/index.php\/le-fsb-russe-identifie-lassassin-presume-de-douguina\/\">http:\/\/blog.lesgrossesorchadeslesamplesthalameges.fr\/index.php\/le-fsb-russe-identifie-lassassin-presume-de-douguina\/<\/a><strong><br \/>\n<\/strong><\/span><\/p>\n<p><strong>\u00a0<\/strong><\/p>\n<p><strong>\u00a0<\/strong><\/p>\n<p>&nbsp;<\/p>\n<p style=\"text-align: center;\"><strong>\u00a0<a href=\"http:\/\/blog.lesgrossesorchadeslesamplesthalameges.fr\/index.php\/2022\/08\/23\/a-propos-dun-nieme-assassinat-cible-partie-1\/000-donbass-militia-flag-petit-10\/\" rel=\"attachment wp-att-20260\"><img loading=\"lazy\" class=\"alignnone size-full wp-image-20260\" src=\"http:\/\/blog.lesgrossesorchadeslesamplesthalameges.fr\/wp-content\/uploads\/2022\/08\/000.-DONBASS-MILITIA-FLAG-PETIT.gif\" alt=\"\" width=\"170\" height=\"122\" \/><\/a><\/strong><\/p>\n<p><strong>\u00a0<\/strong><\/p>\n<p><strong>\u00a0<\/strong><\/p>\n<p style=\"text-align: right;\"><span style=\"font-family: comic sans ms, sans-serif; font-size: 14pt;\">Ao\u00fbt 2022<\/span><\/p>\n<p>&nbsp;<\/p>\n<p>&nbsp;<\/p>\n<p>&nbsp;<\/p>\n","protected":false},"excerpt":{"rendered":"<p>&nbsp; &nbsp; &nbsp; &nbsp; &nbsp; &nbsp; &nbsp; &nbsp; Le FSB russe identifie l&rsquo;assassin pr\u00e9sum\u00e9 de Douguina \u00a0 &nbsp; &nbsp; Tyler Durden \u2013 Zero Hedge \u2013\u00a0 23.8.2022 \u00e0 9h45 a.m. \u00a0 Traduction\u00a0: c.l. pour L.G.O. \u00a0 \u00a0 \u00a0 &nbsp; Le Service F\u00e9d\u00e9ral de S\u00e9curit\u00e9 russe affirme que l&rsquo;assassinat de Dougina a \u00e9t\u00e9 commis par un agent&#8230;<\/p>\n","protected":false},"author":1,"featured_media":0,"parent":0,"menu_order":0,"comment_status":"open","ping_status":"open","template":"","meta":[],"_links":{"self":[{"href":"https:\/\/blog.lesgrossesorchadeslesamplesthalameges.fr\/index.php\/wp-json\/wp\/v2\/pages\/20269"}],"collection":[{"href":"https:\/\/blog.lesgrossesorchadeslesamplesthalameges.fr\/index.php\/wp-json\/wp\/v2\/pages"}],"about":[{"href":"https:\/\/blog.lesgrossesorchadeslesamplesthalameges.fr\/index.php\/wp-json\/wp\/v2\/types\/page"}],"author":[{"embeddable":true,"href":"https:\/\/blog.lesgrossesorchadeslesamplesthalameges.fr\/index.php\/wp-json\/wp\/v2\/users\/1"}],"replies":[{"embeddable":true,"href":"https:\/\/blog.lesgrossesorchadeslesamplesthalameges.fr\/index.php\/wp-json\/wp\/v2\/comments?post=20269"}],"version-history":[{"count":8,"href":"https:\/\/blog.lesgrossesorchadeslesamplesthalameges.fr\/index.php\/wp-json\/wp\/v2\/pages\/20269\/revisions"}],"predecessor-version":[{"id":20279,"href":"https:\/\/blog.lesgrossesorchadeslesamplesthalameges.fr\/index.php\/wp-json\/wp\/v2\/pages\/20269\/revisions\/20279"}],"wp:attachment":[{"href":"https:\/\/blog.lesgrossesorchadeslesamplesthalameges.fr\/index.php\/wp-json\/wp\/v2\/media?parent=20269"}],"curies":[{"name":"wp","href":"https:\/\/api.w.org\/{rel}","templated":true}]}}