{"id":20304,"date":"2022-08-24T19:04:00","date_gmt":"2022-08-24T17:04:00","guid":{"rendered":"http:\/\/blog.lesgrossesorchadeslesamplesthalameges.fr\/?page_id=20304"},"modified":"2022-08-24T19:05:13","modified_gmt":"2022-08-24T17:05:13","slug":"sur-le-site-de-mai-68-alexandre-douguine","status":"publish","type":"page","link":"https:\/\/blog.lesgrossesorchadeslesamplesthalameges.fr\/index.php\/sur-le-site-de-mai-68-alexandre-douguine\/","title":{"rendered":"Sur le site de Mai 68 : Alexandre Douguine"},"content":{"rendered":"<p>&nbsp;<\/p>\n<p>&nbsp;<\/p>\n<p>&nbsp;<\/p>\n<p>&nbsp;<\/p>\n<p>&nbsp;<\/p>\n<p>&nbsp;<\/p>\n<p>&nbsp;<\/p>\n<p>&nbsp;<\/p>\n<p style=\"text-align: justify;\"><span style=\"font-family: times new roman, times, serif; font-size: 18pt; color: #c00000;\"><strong><em>Sur le site de <\/em><\/strong><strong>Mai 68<em>\u00a0:<\/em><\/strong><\/span><\/p>\n<p style=\"text-align: justify;\"><span style=\"font-family: times new roman, times, serif; font-size: 14pt;\"><strong>\u00a0<\/strong><\/span><\/p>\n<p>&nbsp;<\/p>\n<p style=\"text-align: center;\"><span style=\"font-family: times new roman, times, serif; font-size: 18pt;\"><strong>Alexandre Douguine<\/strong><\/span><\/p>\n<p>&nbsp;<\/p>\n<p style=\"text-align: center;\"><span style=\"font-family: times new roman, times, serif; font-size: 14pt;\"><strong><span style=\"font-size: 24pt;\">Contre le Grand Reset, le Manifeste du Grand R\u00e9veil<\/span> <\/strong><\/span><\/p>\n<p>&nbsp;<\/p>\n<p style=\"text-align: center;\"><span style=\"font-family: times new roman, times, serif; font-size: 18pt;\"><strong>PDF, vid\u00e9o<\/strong><\/span><\/p>\n<p style=\"text-align: center;\"><a href=\"http:\/\/blog.lesgrossesorchadeslesamplesthalameges.fr\/index.php\/2022\/08\/16\/comment-on-celebre-lassomption-chez-les-tares\/000-vers-le-bas-fleche-rouge-gif-copie-23\/\" rel=\"attachment wp-att-20169\"><img loading=\"lazy\" class=\"alignnone size-full wp-image-20169\" src=\"http:\/\/blog.lesgrossesorchadeslesamplesthalameges.fr\/wp-content\/uploads\/2022\/08\/000.-vers-le-bas-fleche-rouge-GIF-Copie.gif\" alt=\"\" width=\"100\" height=\"100\" \/><\/a><\/p>\n<p style=\"text-align: center;\"><span style=\"font-family: times new roman, times, serif; font-size: 14pt;\"><a href=\"https:\/\/02rkn.mjt.lu\/lnk\/AVEAAF6ou64AAAAAAAAAAAfueJsAAAAAI7kAAAAAABv09wBjA2f_wfhooloaSVCOAdHqo_R6IgAaxtk\/1\/w8oQV8Ty0h6DuOOUvWwclQ\/aHR0cDovL21haTY4Lm9yZy9zcGlwMi9zcGlwLnBocD9hcnRpY2xlMTI0Mjc\"><strong>http:\/\/mai68.org\/spip2\/spip.php?article12427<\/strong><\/a><\/span><\/p>\n<p>&nbsp;<\/p>\n<p>&nbsp;<\/p>\n<p>&nbsp;<\/p>\n<p style=\"text-align: center;\"><a href=\"http:\/\/blog.lesgrossesorchadeslesamplesthalameges.fr\/index.php\/sur-le-site-de-mai-68-alexandre-douguine\/8-douguin-do-2\/\" rel=\"attachment wp-att-20305\"><img loading=\"lazy\" class=\"alignnone wp-image-20305\" src=\"http:\/\/blog.lesgrossesorchadeslesamplesthalameges.fr\/wp-content\/uploads\/2022\/08\/8.-Douguin-Do-1-300x169.jpg\" alt=\"\" width=\"600\" height=\"337\" srcset=\"https:\/\/blog.lesgrossesorchadeslesamplesthalameges.fr\/wp-content\/uploads\/2022\/08\/8.-Douguin-Do-1-300x169.jpg 300w, https:\/\/blog.lesgrossesorchadeslesamplesthalameges.fr\/wp-content\/uploads\/2022\/08\/8.-Douguin-Do-1.jpg 500w\" sizes=\"(max-width: 600px) 100vw, 600px\" \/><\/a><\/p>\n<p>&nbsp;<\/p>\n<p>&nbsp;<\/p>\n<p>&nbsp;<\/p>\n<p style=\"text-align: justify;\"><span style=\"font-family: times new roman, times, serif; font-size: 14pt;\">Bonjour \u00e0 toutes et \u00e0 tous,<\/span><\/p>\n<p style=\"text-align: justify;\"><span style=\"font-family: times new roman, times, serif; font-size: 14pt;\">Je ne dis pas que je partage les id\u00e9es d&rsquo;Alexandre Douguine\u00a0; mais, qu&rsquo;il peut \u00eatre int\u00e9ressant de connaitre les id\u00e9es de celui que l&rsquo;Occident a tent\u00e9 d&rsquo;assassiner le 20 ao\u00fbt 2022.<\/span><\/p>\n<p style=\"text-align: justify;\"><span style=\"font-family: times new roman, times, serif; font-size: 14pt;\">L&rsquo;article contient entre autres son livre <em>Contre le Great Reset, le Manifeste du Grand R\u00e9veil.<\/em><\/span><\/p>\n<p style=\"text-align: justify;\"><span style=\"font-family: times new roman, times, serif; font-size: 14pt;\">Bien \u00e0 vous,<\/span><br \/>\n<span style=\"font-family: times new roman, times, serif; font-size: 14pt;\">do<\/span><br \/>\n<span style=\"font-family: times new roman, times, serif; font-size: 14pt;\"><a href=\"https:\/\/02rkn.mjt.lu\/lnk\/AVEAAF6ou64AAAAAAAAAAAfueJsAAAAAI7kAAAAAABv09wBjA2f_wfhooloaSVCOAdHqo_R6IgAaxtk\/3\/X09PEALAV9g2T7RWPP3Ayw\/aHR0cDovL21haTY4Lm9yZy9zcGlwMg\">http:\/\/mai68.org\/spip2<\/a><\/span><\/p>\n<p>&nbsp;<\/p>\n<p style=\"text-align: justify;\"><span style=\"font-family: times new roman, times, serif; font-size: 14pt;\"><strong>Vid\u00e9o de sa fille Daria Douguine\u00a0:<\/strong> <a href=\"https:\/\/02rkn.mjt.lu\/lnk\/AVEAAF6ou64AAAAAAAAAAAfueJsAAAAAI7kAAAAAABv09wBjA2f_wfhooloaSVCOAdHqo_R6IgAaxtk\/4\/Ov4gaxh75voYg-BKXJJrTQ\/aHR0cDovL21haTY4Lm9yZy9zcGlwMi9zcGlwLnBocD9hcnRpY2xlMTI0MjY\"><strong>http:\/\/mai68.org\/spip2\/spip.php?article12426<\/strong><\/a><\/span><\/p>\n<p style=\"text-align: justify;\"><span style=\"font-family: times new roman, times, serif; font-size: 14pt;\"><strong>Un entretien avec Daria Douguine : <\/strong><a href=\"https:\/\/02rkn.mjt.lu\/lnk\/AVEAAF6ou64AAAAAAAAAAAfueJsAAAAAI7kAAAAAABv09wBjA2f_wfhooloaSVCOAdHqo_R6IgAaxtk\/5\/2H4t0A21Xar-KF_kIQ6EcA\/aHR0cDovL21haTY4Lm9yZy9zcGlwMi9zcGlwLnBocD9hcnRpY2xlMTI0MTk\"><strong>http:\/\/mai68.org\/spip2\/spip.php?article12419<\/strong><\/a><\/span><\/p>\n<p style=\"text-align: left;\"><span style=\"font-family: times new roman, times, serif; font-size: 14pt;\"><strong>Asselineau : La propagande scolaire en France : <\/strong><a href=\"https:\/\/02rkn.mjt.lu\/lnk\/AVEAAF6ou64AAAAAAAAAAAfueJsAAAAAI7kAAAAAABv09wBjA2f_wfhooloaSVCOAdHqo_R6IgAaxtk\/6\/lvZS_32TDHPCJaGxBNaL5A\/aHR0cDovL21haTY4Lm9yZy9zcGlwMi9zcGlwLnBocD9hcnRpY2xlMTI0MTg\"><strong>http:\/\/mai68.org\/spip2\/spip.php?article12418<\/strong><\/a><\/span><\/p>\n<p>&nbsp;<\/p>\n<p style=\"text-align: justify;\"><span style=\"font-family: times new roman, times, serif; font-size: 14pt;\"><span style=\"text-decoration: underline;\">Note de do<\/span>\u00a0: <strong>Propagande dans l&rsquo;anti-propagande<\/strong><\/span><\/p>\n<p style=\"text-align: justify;\"><span style=\"font-family: times new roman, times, serif; font-size: 14pt;\">La premi\u00e8re partie sur la propagande europ\u00e9iste faite \u00e0 l&rsquo;\u00e9cole par Asselineau\u00a0est parfaitement bien analys\u00e9e\u00a0; mais, ensuite, dans la seconde partie, l&rsquo;anticommunisme primaire d&rsquo;Asselineau est particuli\u00e8rement criant. C&rsquo;est normal qu&rsquo;il ne soit pas communiste, me direz-vous, puisqu&rsquo;il est gaulliste. Mais, tout de m\u00eame, je pense que De Gaulle \u00e9tait beaucoup moins anticommuniste que lui.<\/span><\/p>\n<p style=\"text-align: justify;\"><span style=\"font-family: times new roman, times, serif; font-size: 14pt;\">Cela commence avec Tchernobyl en 1986 qui serait le premier marqueur de la fin de l&rsquo;URSS d&rsquo;apr\u00e8s Asselineau. Mais, dans ce cas, pourquoi l&rsquo;accident de la centrale nucl\u00e9aire am\u00e9ricaine de Three Miles Island en 1979, qui fut cach\u00e9e en Occident, mais qui eut les m\u00eames r\u00e9percussions que Tchernobyl, n&rsquo;a-t-elle pas marqu\u00e9 la fin des USA\u00a0?<\/span><\/p>\n<p style=\"text-align: justify;\"><span style=\"font-family: times new roman, times, serif; font-size: 14pt;\">La fin de L&rsquo;URSS est beaucoup plus li\u00e9e \u00e0 la guerre d&rsquo;Afghanistan, o\u00f9 les USA ont r\u00e9ussi l&rsquo;entrainer, qu&rsquo;\u00e0 Tchernobyl.<\/span><\/p>\n<p style=\"text-align: justify;\"><span style=\"font-family: times new roman, times, serif; font-size: 14pt;\">En fait, la fin de l&rsquo;URSS n&rsquo;est pas essentiellement due \u00e0 un \u00e9chec interne. Elle est dialectiquement li\u00e9e au fait que tout l&rsquo;Occident s&rsquo;est acharn\u00e9 contre elle, et au fait que Gorbatchev est un tra\u00eetre pay\u00e9 par la CIA.<\/span><\/p>\n<p style=\"text-align: justify;\"><span style=\"font-family: times new roman, times, serif; font-size: 14pt;\"><span style=\"text-decoration: underline;\">Conclusion<\/span>\u00a0: les r\u00e9volutionnaires ne doivent donc pas idol\u00e2trer Asselineau. Celui-ci a l&rsquo;avantage d&rsquo;analyser correctement quelques v\u00e9rit\u00e9s qu&rsquo;on voudrait nous cacher. Mais, il ne va pas plus loin que son gaullisme ne le lui permet.<\/span><\/p>\n<p style=\"text-align: justify;\"><span style=\"font-family: times new roman, times, serif; font-size: 14pt;\">L&rsquo;article contient une d\u00e9monstration avec une tr\u00e8s courte\u00a0vid\u00e9o indispensable sur le premier satellite\u00a0spoutnik, les causes de l&rsquo;explosion de Tchernobyl, et une analyse tr\u00e8s d\u00e9taill\u00e9e et r\u00e9f\u00e9renc\u00e9e\u00a0sur le\u00a0tra\u00eetre Gorbatchev\u00a0:<\/span><\/p>\n<p style=\"text-align: justify;\"><span style=\"font-family: times new roman, times, serif; font-size: 14pt;\">Le 8 d\u00e9cembre 1991, les pr\u00e9sidents de la Russie, de la Bi\u00e9lorussie et de l&rsquo;Ukraine ont sign\u00e9 le trait\u00e9 de Minsk sur la dissolution de l&rsquo;URSS et la formation de la CEI. Dans les jours qui ont suivi, huit autres r\u00e9publiques ont rejoint ce trait\u00e9. Le 25 d\u00e9cembre, Mikha\u00efl Gorbatchev a d\u00e9missionn\u00e9 du poste pr\u00e9sidentiel. Tout cela s&rsquo;est produit alors qu&rsquo;au r\u00e9f\u00e9rendum de mars 1991, 77,85% des citoyens sovi\u00e9tiques s&rsquo;\u00e9taient prononc\u00e9s en faveur du maintien de l&rsquo;Union sovi\u00e9tique.<\/span><\/p>\n<p style=\"text-align: justify;\"><span style=\"font-family: times new roman, times, serif; font-size: 14pt;\">Combien y avait-il sur le \u00ab\u00a0compte en suisse\u00a0\u00bb donn\u00e9 par la CIA \u00e0 Gorbatchev pour d\u00e9truire l&rsquo;URSS\u00a0?<\/span><\/p>\n<p style=\"text-align: justify;\"><span style=\"font-family: times new roman, times, serif; font-size: 14pt;\"><strong>Article complet\u00a0:<\/strong> <a href=\"https:\/\/02rkn.mjt.lu\/lnk\/AVEAAF6ou64AAAAAAAAAAAfueJsAAAAAI7kAAAAAABv09wBjA2f_wfhooloaSVCOAdHqo_R6IgAaxtk\/7\/WFtw7K6yDHs8RNvZbL0ufQ\/aHR0cDovL21haTY4Lm9yZy9zcGlwMi9zcGlwLnBocD9hcnRpY2xlMTI0MTg\">http:\/\/mai68.org\/spip2\/spip.php?article12418<\/a><\/span><\/p>\n<p>&nbsp;<\/p>\n<p>&nbsp;<\/p>\n<p style=\"text-align: left;\"><span style=\"font-family: times new roman, times, serif; font-size: 14pt;\"><strong>Url de cet article : <\/strong><a href=\"http:\/\/blog.lesgrossesorchadeslesamplesthalameges.fr\/index.php\/sur-le-site-de-mai-68-alexandre-douguine\/\">http:\/\/blog.lesgrossesorchadeslesamplesthalameges.fr\/index.php\/sur-le-site-de-mai-68-alexandre-douguine\/<\/a><strong><br \/>\n<\/strong><\/span><\/p>\n<p>&nbsp;<\/p>\n<p>&nbsp;<\/p>\n<p style=\"text-align: center;\"><a href=\"http:\/\/blog.lesgrossesorchadeslesamplesthalameges.fr\/?attachment_id=20285\" rel=\"attachment wp-att-20285\"><img loading=\"lazy\" class=\"alignnone wp-image-20285\" src=\"http:\/\/blog.lesgrossesorchadeslesamplesthalameges.fr\/wp-content\/uploads\/2022\/08\/000.-Douguin-Do-Copie.p-GIF.gif\" alt=\"\" width=\"80\" height=\"108\" \/><\/a><\/p>\n<p>&nbsp;<\/p>\n<p style=\"text-align: right;\"><span style=\"font-family: comic sans ms, sans-serif; font-size: 14pt;\">Aout 2022<\/span><\/p>\n<p>&nbsp;<\/p>\n<p>&nbsp;<\/p>\n","protected":false},"excerpt":{"rendered":"<p>&nbsp; &nbsp; &nbsp; &nbsp; &nbsp; &nbsp; &nbsp; &nbsp; Sur le site de Mai 68\u00a0: \u00a0 &nbsp; Alexandre Douguine &nbsp; Contre le Grand Reset, le Manifeste du Grand R\u00e9veil &nbsp; PDF, vid\u00e9o http:\/\/mai68.org\/spip2\/spip.php?article12427 &nbsp; &nbsp; &nbsp; &nbsp; &nbsp; &nbsp; Bonjour \u00e0 toutes et \u00e0 tous, Je ne dis pas que je partage les id\u00e9es d&rsquo;Alexandre Douguine\u00a0;&#8230;<\/p>\n","protected":false},"author":1,"featured_media":0,"parent":0,"menu_order":0,"comment_status":"open","ping_status":"open","template":"","meta":[],"_links":{"self":[{"href":"https:\/\/blog.lesgrossesorchadeslesamplesthalameges.fr\/index.php\/wp-json\/wp\/v2\/pages\/20304"}],"collection":[{"href":"https:\/\/blog.lesgrossesorchadeslesamplesthalameges.fr\/index.php\/wp-json\/wp\/v2\/pages"}],"about":[{"href":"https:\/\/blog.lesgrossesorchadeslesamplesthalameges.fr\/index.php\/wp-json\/wp\/v2\/types\/page"}],"author":[{"embeddable":true,"href":"https:\/\/blog.lesgrossesorchadeslesamplesthalameges.fr\/index.php\/wp-json\/wp\/v2\/users\/1"}],"replies":[{"embeddable":true,"href":"https:\/\/blog.lesgrossesorchadeslesamplesthalameges.fr\/index.php\/wp-json\/wp\/v2\/comments?post=20304"}],"version-history":[{"count":6,"href":"https:\/\/blog.lesgrossesorchadeslesamplesthalameges.fr\/index.php\/wp-json\/wp\/v2\/pages\/20304\/revisions"}],"predecessor-version":[{"id":20311,"href":"https:\/\/blog.lesgrossesorchadeslesamplesthalameges.fr\/index.php\/wp-json\/wp\/v2\/pages\/20304\/revisions\/20311"}],"wp:attachment":[{"href":"https:\/\/blog.lesgrossesorchadeslesamplesthalameges.fr\/index.php\/wp-json\/wp\/v2\/media?parent=20304"}],"curies":[{"name":"wp","href":"https:\/\/api.w.org\/{rel}","templated":true}]}}